{"id":1638,"date":"2021-05-15T00:02:40","date_gmt":"2021-05-15T00:02:40","guid":{"rendered":"https:\/\/www.ramedigitalstore.com\/?post_type=product&#038;p=1638"},"modified":"2021-12-11T00:44:31","modified_gmt":"2021-12-11T00:44:31","slug":"xbox-game-pass-ultimate-16-months-global","status":"publish","type":"product","link":"https:\/\/www.ramedigitalstore.com\/de\/prodotto\/xbox-game-pass-ultimate-16-months-global\/","title":{"rendered":"Xbox Game Pass Ultimate 16 Monate - GLOBAL"},"content":{"rendered":"<h3 style=\"text-align: center;\"><strong><span style=\"color: #8f00ff;\"><span style=\"vertical-align: inherit;\">Verl\u00e4ngern Sie Ihr Abonnement, ohne Ihr Profil zu \u00e4ndern!<\/span><\/span><\/strong><\/h3>\n<h3 class=\"c-heading-1 f-lean\" style=\"text-align: center;\">Sie erhalten 16 Monate Game Pass Ultimate.<\/h3>\n<h4 class=\"c-heading-1 f-lean\" style=\"text-align: center;\">Um das Abonnement in Ihrem pers\u00f6nlichen Profil zu verl\u00e4ngern, f\u00fcgen Sie einfach die Anmeldedaten auf Ihrer Konsole oder Ihrem PC hinzu.<\/h4>\n<h3 style=\"text-align: center;\"><strong><span style=\"color: #ff0000;\">Sie werden kein gemeinsames Konto erhalten.<\/span><\/strong><\/h3>\n<p style=\"text-align: center;\"><strong>Sie erhalten Anmeldedaten, die nur f\u00fcr Sie erstellt werden. Wir werden Ihre Nummer als Kontakt-\/Wiederherstellungsmethode festlegen, so dass nur Sie sie jederzeit \u00e4ndern k\u00f6nnen, um maximale Sicherheit zu gew\u00e4hrleisten.<\/strong><\/p>\n<p style=\"text-align: center;\"><strong>Nach dem Hinzuf\u00fcgen auf eurer Konsole werdet ihr feststellen, dass euer pers\u00f6nliches Profil wieder \u00fcber Xbox Game Pass Ultimate-Berechtigungen verf\u00fcgt und ihr online spielen und Spiele aus den verschiedenen Game Pass-, Live Gold- und EA Play-Katalogen herunterladen k\u00f6nnt.<\/strong><\/p>\n<p style=\"text-align: center;\"><strong>Es funktioniert auf 2 Konsolen gleichzeitig, Sie k\u00f6nnen einfach wechseln und dann das Abonnement mit einem Freund \/ Familie teilen.<\/strong><\/p>\n<p style=\"text-align: center;\"><strong>F\u00fcr weitere Informationen kontaktieren Sie uns bitte unter <\/strong><a href=\"https:\/\/api.whatsapp.com\/send?phone=393888680074&amp;text=Hi!%20Can%20i%20have%20information%20about%20Game%20Pass%20Ultimate%20Alternative%20Key?\"><strong>+39 388 868 0074.<\/strong><\/a><\/p>\n<p style=\"text-align: center;\"><strong>Die Zugangsdaten werden 100% Ihnen geh\u00f6ren, sobald sie geliefert wurden, haben wir keinen Zugriff mehr darauf und Sie k\u00f6nnen tun, was Sie wollen.<\/strong><\/p>\n<p style=\"text-align: center;\">Wenn Sie ausschlie\u00dflich nach einem Schl\u00fcssel und nicht nach einer alternativen Methode zum Speichern suchen, besuchen Sie<\/p>\n<h3 style=\"text-align: center;\"><a href=\"https:\/\/www.ramedigitalstore.com\/de\/it\/prodotto\/xbox-game-pass-ultimate-1-year-key\/\"> <strong><span style=\"color: #8f00ff;\"><span style=\"vertical-align: inherit;\">Xbox Game Pass Ultimate 12 Monate Key<\/span><\/span><\/strong><\/a><\/h3>\n<p>&nbsp;<\/p>\n<h3 style=\"text-align: center;\"><strong><span style=\"vertical-align: inherit;\">Xbox Game Pass Ultimate kaufen: G\u00fcnstig und sicher mit Rame Digital <\/span><\/strong><\/h3>\n<p style=\"text-align: center;\"><span style=\"vertical-align: inherit;\">Wenn Sie sich f\u00fcr Game Pass Ultimate entschieden haben, k\u00f6nnen Sie das gesamte Abonnement bei Rame Digital zu vorteilhaften Konditionen erwerben. K\u00e4ufer profitieren von der gepr\u00fcften Servicequalit\u00e4t und genie\u00dfen eine \u00e4u\u00dferst einfache und unkomplizierte Kaufabwicklung. Das gew\u00fcnschte Abonnement wird dem Kunden nicht in sperriger Form als CD\/DVD zugesandt, sondern lediglich als Account per Post. Daher erh\u00e4lt der Kunde seine Ware sofort nach dem Kauf und Eingang des Geldes. Um mehr zu erfahren, lesen Sie: Allgemeine Gesch\u00e4ftsbedingungen und Datenschutzbestimmungen oder FAQ<\/span><\/p>\n<p style=\"text-align: center;\"><span style=\"vertical-align: inherit;\">Bei Rame Digital hingegen ist die Unterst\u00fctzung immer kostenlos.<\/span><\/p>\n<h3 class=\"text-center\" style=\"text-align: center;\"><span style=\"vertical-align: inherit;\">Egal, welches Ger\u00e4t ihr benutzt, mit Xbox Game Pass Ultimate.<\/span><\/h3>\n<ul class=\"list list-withIcons\" style=\"text-align: center;\">\n<li><img decoding=\"async\" src=\"https:\/\/static3.avast.com\/20001227\/web\/i\/v2\/components\/win.svg\" alt=\"\" \/>Windows 10 (PROFIL NICHT \u00c4NDERN)<br \/>\nFunktioniert auf allen Xboxen (PROFIL NICHT \u00c4NDERN)<\/li>\n<\/ul>\n<h2 class=\"text-center\" style=\"text-align: center;\"><\/h2>\n<h3 class=\"text-center\" style=\"text-align: center;\"><strong><span style=\"vertical-align: inherit;\">Schnelle Lieferung, maximal 6 Stunden per E-Mail.<\/span><\/strong><\/h3>\n<p style=\"text-align: center;\"><strong>Es wird ein Konto zur Verf\u00fcgung gestellt, das die gleiche Funktion wie der Schl\u00fcssel hat. Das Aktivierungsverfahren wird Ihnen per E-Mail mitgeteilt.<\/strong><\/p>\n<p style=\"text-align: center;\"><span style=\"vertical-align: inherit;\">Folgen Sie uns auf <\/span><a href=\"https:\/\/www.facebook.com\/RameDigitalOfficial\/\"><span style=\"vertical-align: inherit;\">Facebook<\/span><\/a><\/p>","protected":false},"excerpt":{"rendered":"<h5 style=\"text-align: center;\"><span style=\"color: #ff0000;\"><em><span style=\"vertical-align: inherit;\">Verpassen Sie dieses Angebot nicht! Es wird nicht ewig g\u00fcltig sein!<\/span><\/em><\/span><\/h5>\n<div class=\"hd-listinghead\" style=\"font-size: 19pt; font-family: Arial; text-align: center;\"><strong><span style=\"color: #8f00ff;\"><span style=\"vertical-align: inherit;\">Verl\u00e4ngern Sie Ihr Abonnement noch heute!<\/span><\/span><\/strong><\/div>\n<p style=\"text-align: center;\"><img decoding=\"async\" class=\"alignnone size-full wp-image-1126\" src=\"https:\/\/www.ramecorporation.com\/wp-content\/uploads\/2021\/03\/21982.png\" alt=\"\" width=\"16\" height=\"25\" \/> <strong><span style=\"vertical-align: inherit;\">SIE BRAUCHEN IHR KONTO NICHT ZU \u00c4NDERN!<\/span><\/strong><br \/>\n<img decoding=\"async\" class=\"alignnone size-full wp-image-1126\" src=\"https:\/\/www.ramecorporation.com\/wp-content\/uploads\/2021\/03\/21982.png\" alt=\"\" width=\"16\" height=\"16\" \/> <span style=\"vertical-align: inherit;\">Garantierte Unterst\u00fctzung 7\/7<\/span>.<br \/>\n<img decoding=\"async\" class=\"alignnone size-full wp-image-1126\" src=\"https:\/\/www.ramecorporation.com\/wp-content\/uploads\/2021\/03\/21982.png\" alt=\"\" width=\"16\" height=\"16\" \/><span style=\"vertical-align: inherit;\">Lieferung per E-Mail in maximal 6 Stunden<\/span>.<br \/>\n<span style=\"vertical-align: inherit;\">\u00a0<img decoding=\"async\" class=\"alignnone size-full wp-image-1126\" src=\"https:\/\/www.ramecorporation.com\/wp-content\/uploads\/2021\/03\/21982.png\" alt=\"\" width=\"16\" height=\"16\" \/>Sie k\u00f6nnen Ihre Nummer als Wiederherstellungsmethode verwenden.<\/span><br \/>\n<img decoding=\"async\" class=\"alignnone size-full wp-image-1126\" src=\"https:\/\/www.ramecorporation.com\/wp-content\/uploads\/2021\/03\/21982.png\" alt=\"\" width=\"16\" height=\"16\" \/> <span style=\"vertical-align: inherit;\">Kann mit dem Abonnement Ultimate verwendet werden, das abl\u00e4uft\/abgelaufen ist<\/span><\/p>\n<p><a href=\"https:\/\/t.me\/GamePassUltimateRD\"><img fetchpriority=\"high\" decoding=\"async\" class=\"alignnone wp-image-1806 size-mailpoet_newsletter_max\" src=\"https:\/\/www.ramedigitalstore.com\/it\/wp-content\/uploads\/2021\/04\/Per-testimonial-e1622161275783-1320x171.png\" alt=\"\" width=\"1220\" height=\"158\" \/><\/a><\/p>\n<p><img loading=\"lazy\" decoding=\"async\" class=\"alignnone wp-image-1771 size-full\" src=\"https:\/\/www.ramedigitalstore.com\/it\/wp-content\/uploads\/2021\/05\/payment.png\" alt=\"\" width=\"783\" height=\"172\" \/><\/p>","protected":false},"featured_media":2140,"template":"","meta":[],"product_brand":[],"product_cat":[18,14,19],"product_tag":[20,5,21,22],"class_list":{"0":"post-1638","1":"product","2":"type-product","3":"status-publish","4":"has-post-thumbnail","6":"product_cat-game","7":"product_cat-microsoft","8":"product_cat-xbox-pc","9":"product_tag-account","10":"product_tag-key-global","11":"product_tag-xbox","12":"product_tag-xbox-game-pass-ultimate","14":"first","15":"outofstock","16":"sale","17":"virtual","18":"sold-individually","19":"purchasable","20":"product-type-simple"},"yoast_head":"<!-- This site is optimized with the Yoast SEO Premium plugin v21.9 (Yoast SEO v27.5) - https:\/\/yoast.com\/product\/yoast-seo-premium-wordpress\/ -->\n<title>Xbox Game Pass Ultimate - 3 Months - CD-KEY - Global - Rame Digital<\/title>\n<meta name=\"description\" content=\"Xbox Game Pass Ultimate the best gaming service at almost Free. It has never been so reliable! Almost free. Only on Rame Digital.\" \/>\n<meta name=\"robots\" content=\"index, follow, max-snippet:-1, max-image-preview:large, max-video-preview:-1\" \/>\n<link rel=\"canonical\" href=\"https:\/\/www.ramedigitalstore.com\/de\/prodotto\/xbox-game-pass-ultimate-16-months-global\/\" \/>\n<meta property=\"og:locale\" content=\"de_DE\" \/>\n<meta property=\"og:type\" content=\"article\" \/>\n<meta property=\"og:title\" content=\"Xbox Game Pass Ultimate 16 Months - GLOBAL\" \/>\n<meta property=\"og:description\" content=\"Xbox Game Pass Ultimate the best gaming service at almost Free. It has never been so reliable! Almost free. Only on Rame Digital.\" \/>\n<meta property=\"og:url\" content=\"https:\/\/www.ramedigitalstore.com\/de\/prodotto\/xbox-game-pass-ultimate-16-months-global\/\" \/>\n<meta property=\"og:site_name\" content=\"Rame Digital\" \/>\n<meta property=\"article:publisher\" content=\"https:\/\/www.facebook.com\/RameDigitalOfficial\" \/>\n<meta property=\"article:modified_time\" content=\"2021-12-11T00:44:31+00:00\" \/>\n<meta property=\"og:image\" content=\"https:\/\/www.ramedigitalstore.com\/wp-content\/uploads\/2021\/05\/Alternative-key-16-mesi.jpg\" \/>\n\t<meta property=\"og:image:width\" content=\"1600\" \/>\n\t<meta property=\"og:image:height\" content=\"1600\" \/>\n\t<meta property=\"og:image:type\" content=\"image\/jpeg\" \/>\n<meta name=\"twitter:card\" content=\"summary_large_image\" \/>\n<meta name=\"twitter:label1\" content=\"Gesch\u00e4tzte Lesezeit\" \/>\n\t<meta name=\"twitter:data1\" content=\"2\u00a0Minuten\" \/>\n<script type=\"application\/ld+json\" class=\"yoast-schema-graph\">{\"@context\":\"https:\\\/\\\/schema.org\",\"@graph\":[{\"@type\":\"WebPage\",\"@id\":\"https:\\\/\\\/www.ramedigitalstore.com\\\/prodotto\\\/xbox-game-pass-ultimate-16-months-global\\\/\",\"url\":\"https:\\\/\\\/www.ramedigitalstore.com\\\/prodotto\\\/xbox-game-pass-ultimate-16-months-global\\\/\",\"name\":\"Xbox Game Pass Ultimate - 3 Months - CD-KEY - Global - Rame Digital\",\"isPartOf\":{\"@id\":\"https:\\\/\\\/www.ramedigitalstore.com\\\/#website\"},\"primaryImageOfPage\":{\"@id\":\"https:\\\/\\\/www.ramedigitalstore.com\\\/prodotto\\\/xbox-game-pass-ultimate-16-months-global\\\/#primaryimage\"},\"image\":{\"@id\":\"https:\\\/\\\/www.ramedigitalstore.com\\\/prodotto\\\/xbox-game-pass-ultimate-16-months-global\\\/#primaryimage\"},\"thumbnailUrl\":\"https:\\\/\\\/www.ramedigitalstore.com\\\/wp-content\\\/uploads\\\/2021\\\/05\\\/Alternative-key-16-mesi.jpg\",\"datePublished\":\"2021-05-15T00:02:40+00:00\",\"dateModified\":\"2021-12-11T00:44:31+00:00\",\"description\":\"Xbox Game Pass Ultimate the best gaming service at almost Free. It has never been so reliable! Almost free. Only on Rame Digital.\",\"breadcrumb\":{\"@id\":\"https:\\\/\\\/www.ramedigitalstore.com\\\/prodotto\\\/xbox-game-pass-ultimate-16-months-global\\\/#breadcrumb\"},\"inLanguage\":\"de\",\"potentialAction\":[{\"@type\":\"ReadAction\",\"target\":[\"https:\\\/\\\/www.ramedigitalstore.com\\\/prodotto\\\/xbox-game-pass-ultimate-16-months-global\\\/\"]}]},{\"@type\":\"ImageObject\",\"inLanguage\":\"de\",\"@id\":\"https:\\\/\\\/www.ramedigitalstore.com\\\/prodotto\\\/xbox-game-pass-ultimate-16-months-global\\\/#primaryimage\",\"url\":\"https:\\\/\\\/www.ramedigitalstore.com\\\/wp-content\\\/uploads\\\/2021\\\/05\\\/Alternative-key-16-mesi.jpg\",\"contentUrl\":\"https:\\\/\\\/www.ramedigitalstore.com\\\/wp-content\\\/uploads\\\/2021\\\/05\\\/Alternative-key-16-mesi.jpg\",\"width\":1600,\"height\":1600,\"caption\":\"Xbox Game Pass Ultimate - Alternative Key - Rame Digital\"},{\"@type\":\"BreadcrumbList\",\"@id\":\"https:\\\/\\\/www.ramedigitalstore.com\\\/prodotto\\\/xbox-game-pass-ultimate-16-months-global\\\/#breadcrumb\",\"itemListElement\":[{\"@type\":\"ListItem\",\"position\":1,\"name\":\"Home\",\"item\":\"https:\\\/\\\/www.ramedigitalstore.com\\\/\"},{\"@type\":\"ListItem\",\"position\":2,\"name\":\"Shop\",\"item\":\"https:\\\/\\\/www.ramedigitalstore.com\\\/shop\\\/\"},{\"@type\":\"ListItem\",\"position\":3,\"name\":\"Xbox Game Pass Ultimate 16 Months &#8211; GLOBAL\"}]},{\"@type\":\"WebSite\",\"@id\":\"https:\\\/\\\/www.ramedigitalstore.com\\\/#website\",\"url\":\"https:\\\/\\\/www.ramedigitalstore.com\\\/\",\"name\":\"Rame Digital\",\"description\":\"Digital store par excellence\",\"publisher\":{\"@id\":\"https:\\\/\\\/www.ramedigitalstore.com\\\/#organization\"},\"potentialAction\":[{\"@type\":\"SearchAction\",\"target\":{\"@type\":\"EntryPoint\",\"urlTemplate\":\"https:\\\/\\\/www.ramedigitalstore.com\\\/?s={search_term_string}\"},\"query-input\":{\"@type\":\"PropertyValueSpecification\",\"valueRequired\":true,\"valueName\":\"search_term_string\"}}],\"inLanguage\":\"de\"},{\"@type\":\"Organization\",\"@id\":\"https:\\\/\\\/www.ramedigitalstore.com\\\/#organization\",\"name\":\"Rame Digital\",\"url\":\"https:\\\/\\\/www.ramedigitalstore.com\\\/\",\"logo\":{\"@type\":\"ImageObject\",\"inLanguage\":\"de\",\"@id\":\"https:\\\/\\\/www.ramedigitalstore.com\\\/#\\\/schema\\\/logo\\\/image\\\/\",\"url\":\"https:\\\/\\\/www.ramedigitalstore.com\\\/wp-content\\\/uploads\\\/2021\\\/04\\\/Logo-new-quadrato-1-e1619205976915.png\",\"contentUrl\":\"https:\\\/\\\/www.ramedigitalstore.com\\\/wp-content\\\/uploads\\\/2021\\\/04\\\/Logo-new-quadrato-1-e1619205976915.png\",\"width\":256,\"height\":256,\"caption\":\"Rame Digital\"},\"image\":{\"@id\":\"https:\\\/\\\/www.ramedigitalstore.com\\\/#\\\/schema\\\/logo\\\/image\\\/\"},\"sameAs\":[\"https:\\\/\\\/www.facebook.com\\\/RameDigitalOfficial\",\"https:\\\/\\\/www.instagram.com\\\/rame_digital_official\\\/\"]}]}<\/script>\n<!-- \/ Yoast SEO Premium plugin. -->","yoast_head_json":{"title":"Xbox Game Pass Ultimate - 3 Monate - CD-KEY - Global - Rame Digital","description":"Xbox Game Pass Ultimate der beste Spieleservice zum fast kostenlosen Preis. Noch nie war er so zuverl\u00e4ssig! Fast kostenlos. Nur bei Rame Digital.","robots":{"index":"index","follow":"follow","max-snippet":"max-snippet:-1","max-image-preview":"max-image-preview:large","max-video-preview":"max-video-preview:-1"},"canonical":"https:\/\/www.ramedigitalstore.com\/de\/prodotto\/xbox-game-pass-ultimate-16-months-global\/","og_locale":"de_DE","og_type":"article","og_title":"Xbox Game Pass Ultimate 16 Months - GLOBAL","og_description":"Xbox Game Pass Ultimate the best gaming service at almost Free. It has never been so reliable! Almost free. Only on Rame Digital.","og_url":"https:\/\/www.ramedigitalstore.com\/de\/prodotto\/xbox-game-pass-ultimate-16-months-global\/","og_site_name":"Rame Digital","article_publisher":"https:\/\/www.facebook.com\/RameDigitalOfficial","article_modified_time":"2021-12-11T00:44:31+00:00","og_image":[{"width":1600,"height":1600,"url":"https:\/\/www.ramedigitalstore.com\/wp-content\/uploads\/2021\/05\/Alternative-key-16-mesi.jpg","type":"image\/jpeg"}],"twitter_card":"summary_large_image","twitter_misc":{"Gesch\u00e4tzte Lesezeit":"2\u00a0Minuten"},"schema":{"@context":"https:\/\/schema.org","@graph":[{"@type":"WebPage","@id":"https:\/\/www.ramedigitalstore.com\/prodotto\/xbox-game-pass-ultimate-16-months-global\/","url":"https:\/\/www.ramedigitalstore.com\/prodotto\/xbox-game-pass-ultimate-16-months-global\/","name":"Xbox Game Pass Ultimate - 3 Monate - CD-KEY - Global - Rame Digital","isPartOf":{"@id":"https:\/\/www.ramedigitalstore.com\/#website"},"primaryImageOfPage":{"@id":"https:\/\/www.ramedigitalstore.com\/prodotto\/xbox-game-pass-ultimate-16-months-global\/#primaryimage"},"image":{"@id":"https:\/\/www.ramedigitalstore.com\/prodotto\/xbox-game-pass-ultimate-16-months-global\/#primaryimage"},"thumbnailUrl":"https:\/\/www.ramedigitalstore.com\/wp-content\/uploads\/2021\/05\/Alternative-key-16-mesi.jpg","datePublished":"2021-05-15T00:02:40+00:00","dateModified":"2021-12-11T00:44:31+00:00","description":"Xbox Game Pass Ultimate der beste Spieleservice zum fast kostenlosen Preis. Noch nie war er so zuverl\u00e4ssig! Fast kostenlos. Nur bei Rame Digital.","breadcrumb":{"@id":"https:\/\/www.ramedigitalstore.com\/prodotto\/xbox-game-pass-ultimate-16-months-global\/#breadcrumb"},"inLanguage":"de","potentialAction":[{"@type":"ReadAction","target":["https:\/\/www.ramedigitalstore.com\/prodotto\/xbox-game-pass-ultimate-16-months-global\/"]}]},{"@type":"ImageObject","inLanguage":"de","@id":"https:\/\/www.ramedigitalstore.com\/prodotto\/xbox-game-pass-ultimate-16-months-global\/#primaryimage","url":"https:\/\/www.ramedigitalstore.com\/wp-content\/uploads\/2021\/05\/Alternative-key-16-mesi.jpg","contentUrl":"https:\/\/www.ramedigitalstore.com\/wp-content\/uploads\/2021\/05\/Alternative-key-16-mesi.jpg","width":1600,"height":1600,"caption":"Xbox Game Pass Ultimate - Alternative Key - Rame Digital"},{"@type":"BreadcrumbList","@id":"https:\/\/www.ramedigitalstore.com\/prodotto\/xbox-game-pass-ultimate-16-months-global\/#breadcrumb","itemListElement":[{"@type":"ListItem","position":1,"name":"Home","item":"https:\/\/www.ramedigitalstore.com\/"},{"@type":"ListItem","position":2,"name":"Shop","item":"https:\/\/www.ramedigitalstore.com\/shop\/"},{"@type":"ListItem","position":3,"name":"Xbox Game Pass Ultimate 16 Months &#8211; GLOBAL"}]},{"@type":"WebSite","@id":"https:\/\/www.ramedigitalstore.com\/#website","url":"https:\/\/www.ramedigitalstore.com\/","name":"Rame Digital","description":"Digitaler Laden par excellence","publisher":{"@id":"https:\/\/www.ramedigitalstore.com\/#organization"},"potentialAction":[{"@type":"SearchAction","target":{"@type":"EntryPoint","urlTemplate":"https:\/\/www.ramedigitalstore.com\/?s={search_term_string}"},"query-input":{"@type":"PropertyValueSpecification","valueRequired":true,"valueName":"search_term_string"}}],"inLanguage":"de"},{"@type":"Organization","@id":"https:\/\/www.ramedigitalstore.com\/#organization","name":"Rame Digital","url":"https:\/\/www.ramedigitalstore.com\/","logo":{"@type":"ImageObject","inLanguage":"de","@id":"https:\/\/www.ramedigitalstore.com\/#\/schema\/logo\/image\/","url":"https:\/\/www.ramedigitalstore.com\/wp-content\/uploads\/2021\/04\/Logo-new-quadrato-1-e1619205976915.png","contentUrl":"https:\/\/www.ramedigitalstore.com\/wp-content\/uploads\/2021\/04\/Logo-new-quadrato-1-e1619205976915.png","width":256,"height":256,"caption":"Rame Digital"},"image":{"@id":"https:\/\/www.ramedigitalstore.com\/#\/schema\/logo\/image\/"},"sameAs":["https:\/\/www.facebook.com\/RameDigitalOfficial","https:\/\/www.instagram.com\/rame_digital_official\/"]}]}},"jetpack_sharing_enabled":true,"_links":{"self":[{"href":"https:\/\/www.ramedigitalstore.com\/de\/wp-json\/wp\/v2\/product\/1638","targetHints":{"allow":["GET"]}}],"collection":[{"href":"https:\/\/www.ramedigitalstore.com\/de\/wp-json\/wp\/v2\/product"}],"about":[{"href":"https:\/\/www.ramedigitalstore.com\/de\/wp-json\/wp\/v2\/types\/product"}],"version-history":[{"count":0,"href":"https:\/\/www.ramedigitalstore.com\/de\/wp-json\/wp\/v2\/product\/1638\/revisions"}],"wp:featuredmedia":[{"embeddable":true,"href":"https:\/\/www.ramedigitalstore.com\/de\/wp-json\/wp\/v2\/media\/2140"}],"wp:attachment":[{"href":"https:\/\/www.ramedigitalstore.com\/de\/wp-json\/wp\/v2\/media?parent=1638"}],"wp:term":[{"taxonomy":"product_brand","embeddable":true,"href":"https:\/\/www.ramedigitalstore.com\/de\/wp-json\/wp\/v2\/product_brand?post=1638"},{"taxonomy":"product_cat","embeddable":true,"href":"https:\/\/www.ramedigitalstore.com\/de\/wp-json\/wp\/v2\/product_cat?post=1638"},{"taxonomy":"product_tag","embeddable":true,"href":"https:\/\/www.ramedigitalstore.com\/de\/wp-json\/wp\/v2\/product_tag?post=1638"}],"curies":[{"name":"wp","href":"https:\/\/api.w.org\/{rel}","templated":true}]}}