{"id":2713,"date":"2022-03-19T21:05:31","date_gmt":"2022-03-19T21:05:31","guid":{"rendered":"https:\/\/www.ramedigitalstore.com\/?post_type=product&#038;p=2713"},"modified":"2023-10-29T20:24:59","modified_gmt":"2023-10-29T20:24:59","slug":"avast-ultimate-10-devices-2-years-avast-key-global","status":"publish","type":"product","link":"https:\/\/www.ramedigitalstore.com\/de\/prodotto\/avast-letzte-10-gerate-2-jahre-avast-key-global\/","title":{"rendered":"Avast Ultimate 10 Ger\u00e4te 2 Jahre Avast - Key GLOBAL"},"content":{"rendered":"<h3 style=\"text-align: center;\"><strong><span style=\"color: #8f00ff;\"><span style=\"vertical-align: inherit;\">Sch\u00fctzen Sie jetzt alle Ihre Ger\u00e4te mit Avast Ultimate!<\/span><\/span><\/strong><\/h3>\n<p style=\"text-align: center;\">Avast Ultimate 2022 ist eine Sammlung von Tools zum Reinigen, Optimieren und Sch\u00fctzen all Ihrer PCs, Android-Ger\u00e4te und Macs.<\/p>\n<p style=\"text-align: center;\">Avast Premium Security deckt alle Ihre PC-Anforderungen ab. Eine leistungsstarke Antiviren-Engine, die selbst die neueste Malware erkennt und blockiert, ein Browsing-Schutz verhindert den Zugriff auf gef\u00e4hrliche Websites, w\u00e4hrend eine Firewall Netzwerkangriffe blockiert. Sie erhalten au\u00dferdem Avast Cleanup 2020, ein komplettes Toolkit zur Systemwartung. Es enth\u00e4lt Module, um Ihr System zu beschleunigen, Junk-Dateien zu entfernen, Ihre Startprogramme zu kontrollieren, die Registry zu bereinigen und zu reparieren, die Akkulaufzeit zu verl\u00e4ngern, installierte Software zu aktualisieren und vieles mehr, und so gut wie alles kann zur Verwaltung Ihres PCs ganz allein gelassen werden.<\/p>\n<p style=\"text-align: center;\">Mit der Markteinf\u00fchrung 2020 wurde Avast SecureLine VPN integriert, das Ihnen einen sicheren Tunnel zum Internet bietet, Ihren Standort \u00e4ndert, Ihre IP-Adresse verbirgt und eine zus\u00e4tzliche Schutzebene hinzuf\u00fcgt. Dies ist auch keine abgespeckte Version von Avast SecureLine VPN, so dass Sie nicht durch Traffic- oder Ger\u00e4tebeschr\u00e4nkungen eingeschr\u00e4nkt sind.<\/p>\n<p>Mit dieser Ausgabe 2022 erhalten Sie jetzt AntiTrack, das Tracker beim Surfen im Internet blockiert, Ihren pers\u00f6nlichen Online-Fingerabdruck verhindert und Ihr Surferlebnis privater macht.<\/p>\n<p style=\"text-align: center;\">F\u00fcr Android- und iOS-Nutzer ist Avast Security Ultimate \u00e4hnlich leistungsstark. Neben dem grundlegenden Viren- und Browsing-Schutz gibt es eine Reihe von Diebstahlschutzfunktionen, mit denen Sie Ihr Ger\u00e4t aus der Ferne orten, sperren oder l\u00f6schen k\u00f6nnen, die Kamera verwenden, um den Dieb zu fotografieren, oder das Ger\u00e4t automatisch sperren lassen, wenn die SIM-Karte ausgetauscht wird. Avast Security h\u00e4lt Ihr Android-Ger\u00e4t in einem einwandfreien Zustand, w\u00e4hrend Avast SecureLine VPN ebenfalls enthalten ist, so dass Sie ein VPN auf Ihrem mobilen Ger\u00e4t installieren k\u00f6nnen.<\/p>\n<p style=\"text-align: center;\">F\u00fcr Mac-Benutzer sind Avast Premium Security und Avast Cleanup Premium leistungsf\u00e4hige Desktop-Tools mit Echtzeit-Virenschutz, Festplattenbereinigungstools, einem Finder f\u00fcr doppelte Dateien und mehr. Avast SecureLine VPN stattet Ihren Mac mit einem VPN aus, mit dem Sie einen sicheren Tunnel zum Internet aufbauen k\u00f6nnen.<\/p>\n<p style=\"text-align: center;\">Sie sind nicht darauf beschr\u00e4nkt, nur eines davon oder eines pro Ger\u00e4t zu verwenden: Die Ultimate-Lizenz von Avast deckt 10 Ger\u00e4te ab, so dass Sie Ihre gesamte PC-, Mac- und Android-Hardware sch\u00fctzen k\u00f6nnen.<\/p>\n<p style=\"text-align: center;\">Beinhaltet ein 2-Jahres-Abonnement, f\u00fcr 10<b>\u00a0<\/b>Ger\u00e4te<b>\u00a0<\/b>Sie besitzen.<\/p>\n<p>&nbsp;<\/p>\n<h3 style=\"text-align: center;\"><strong><span style=\"vertical-align: inherit;\">Avast Ultimate kaufen: G\u00fcnstig und sicher mit Rame Digital <\/span><\/strong><\/h3>\n<p style=\"text-align: center;\"><span style=\"vertical-align: inherit;\">Wenn Sie sich f\u00fcr Avast Ultimate entschieden haben, k\u00f6nnen Sie das gesamte Abonnement bei Rame Digital zu vorteilhaften Konditionen erwerben. K\u00e4ufer profitieren von der gepr\u00fcften Servicequalit\u00e4t und genie\u00dfen eine \u00e4u\u00dferst einfache und unkomplizierte Kaufabwicklung. Das gew\u00fcnschte Abonnement wird dem Kunden nicht in sperriger Form als CD\/DVD, sondern lediglich als Key Digital Code per Post zugestellt. Daher erh\u00e4lt der Kunde seine Ware sofort nach dem Kauf und Eingang des Geldes. Um mehr zu erfahren, lesen Sie: Allgemeine Gesch\u00e4ftsbedingungen und Datenschutzbestimmungen oder FAQ<\/span><\/p>\n<p style=\"text-align: center;\"><span style=\"vertical-align: inherit;\">Bei Rame Digital hingegen ist die Unterst\u00fctzung immer kostenlos.<\/span><\/p>\n<h3 class=\"text-center\" style=\"text-align: center;\"><span style=\"vertical-align: inherit;\">Egal, welches Ger\u00e4t Sie verwenden, mit Avast Ultimate sind Sie sicher.<\/span><\/h3>\n<ul class=\"list list-withIcons\" style=\"text-align: center;\">\n<li>Windows, Mac, iOS und Android<\/li>\n<\/ul>\n<h2 class=\"text-center\" style=\"text-align: center;\"><\/h2>\n<h3 class=\"text-center\" style=\"text-align: center;\"><strong><span style=\"vertical-align: inherit;\">Schnelle Lieferung, maximal 6 Stunden per E-Mail.<\/span><\/strong><\/h3>\n<p style=\"text-align: center;\"><strong>Es wird ein Konto zur Verf\u00fcgung gestellt, das die gleiche Funktion wie der Schl\u00fcssel hat. Das Aktivierungsverfahren wird Ihnen per E-Mail mitgeteilt.<\/strong><\/p>\n<p>&nbsp;<\/p>\n<h2 style=\"text-align: center;\">Das Produkt kann heruntergeladen werden\u00a0<a href=\"https:\/\/help.avast.com\/en\/install\/?utm_medium=link&amp;utm_source=reseller\" target=\"_blank\" rel=\"nofollow noopener\"><span data-mce-type=\"bookmark\" style=\"display: inline-block; width: 0px; overflow: hidden; line-height: 0;\" class=\"mce_SELRES_start\"><\/span>hier<span data-mce-type=\"bookmark\" style=\"display: inline-block; width: 0px; overflow: hidden; line-height: 0;\" class=\"mce_SELRES_end\"><\/span><\/a><\/h2>\n<p style=\"text-align: center;\">\nWARNUNG: Der mitgelieferte Lizenzschl\u00fcssel funktioniert unter Windows. F\u00fcr Mac, iOS und Android m\u00fcssen Sie stattdessen den Aktivierungscode in Ihrem Avast-Konto verwenden unter\u00a0<a href=\"https:\/\/id.avast.com\/#login\" target=\"_blank\" rel=\"nofollow noopener\">https:\/\/id.avast.com<\/a> die erstellt wird, sobald der Lizenzschl\u00fcssel in Windows aktiviert ist. Wenn Sie keinen Windows-Computer haben, kontaktieren Sie bitte den Verk\u00e4ufer \u00fcber Rame Digital Conversations, der in der Lage ist, diesen Lizenzschl\u00fcssel f\u00fcr Sie zu registrieren und Ihnen den Aktivierungscode zur Verf\u00fcgung zu stellen, der f\u00fcr die Aktivierung auf Mac, iOS und Android ben\u00f6tigt wird.<\/p>\n<p>&nbsp;<\/p>\n<p style=\"text-align: center;\"><span style=\"vertical-align: inherit;\">Folgen Sie uns auf <\/span><a href=\"https:\/\/www.facebook.com\/RameDigitalOfficial\/\"><span style=\"vertical-align: inherit;\">Facebook<\/span><\/a><\/p>","protected":false},"excerpt":{"rendered":"<h5 style=\"text-align: center;\"><span style=\"color: #ff0000;\"><em><span style=\"vertical-align: inherit;\">Verpassen Sie dieses Angebot nicht! Es wird nicht ewig g\u00fcltig sein!<\/span><\/em><\/span><\/h5>\n<div class=\"hd-listinghead\" style=\"font-size: 19pt; font-family: Arial; text-align: center;\"><strong><span style=\"color: #8f00ff;\"><span style=\"vertical-align: inherit;\">Sch\u00fctzen Sie Ihre Ger\u00e4te noch heute!<\/span><\/span><\/strong><\/div>\n<div><\/div>\n<\/p>\n<p style=\"text-align: center;\"><strong>\u2713 CD-KEY<\/strong><br \/>\n\u2713<span style=\"vertical-align: inherit;\">Avast AntiTrack<\/span><br \/>\n\u2713 Avast SecureLine VPN<br \/>\n<span style=\"vertical-align: inherit;\"> \u2713 Avast Premium Security<\/span><br \/>\n<span style=\"vertical-align: inherit;\">\u2713<\/span> <span style=\"vertical-align: inherit;\"> Avast Cleanup Premium <\/span><br \/>\n<span style=\"vertical-align: inherit;\"><strong>\u2713 Lieferung per E-Mail in bis zu 6 Stunden<\/strong><\/span><\/p>\n<p>&nbsp;<\/p>\n<p><img decoding=\"async\" class=\"aligncenter wp-image-2400\" src=\"https:\/\/www.ramedigitalstore.com\/wp-content\/uploads\/2022\/03\/trustpilot-stars-1024x140.png\" alt=\"\" width=\"600\" height=\"82\" srcset=\"https:\/\/www.ramedigitalstore.com\/wp-content\/uploads\/2022\/03\/trustpilot-stars-1024x140.png 1024w, https:\/\/www.ramedigitalstore.com\/wp-content\/uploads\/2022\/03\/trustpilot-stars-500x68.png 500w, https:\/\/www.ramedigitalstore.com\/wp-content\/uploads\/2022\/03\/trustpilot-stars-700x96.png 700w, https:\/\/www.ramedigitalstore.com\/wp-content\/uploads\/2022\/03\/trustpilot-stars-300x41.png 300w, https:\/\/www.ramedigitalstore.com\/wp-content\/uploads\/2022\/03\/trustpilot-stars-768x105.png 768w, https:\/\/www.ramedigitalstore.com\/wp-content\/uploads\/2022\/03\/trustpilot-stars-1536x210.png 1536w, https:\/\/www.ramedigitalstore.com\/wp-content\/uploads\/2022\/03\/trustpilot-stars-260x35.png 260w, https:\/\/www.ramedigitalstore.com\/wp-content\/uploads\/2022\/03\/trustpilot-stars-50x7.png 50w, https:\/\/www.ramedigitalstore.com\/wp-content\/uploads\/2022\/03\/trustpilot-stars-150x20.png 150w, https:\/\/www.ramedigitalstore.com\/wp-content\/uploads\/2022\/03\/trustpilot-stars-1320x180.png 1320w, https:\/\/www.ramedigitalstore.com\/wp-content\/uploads\/2022\/03\/trustpilot-stars-800x109.png 800w, https:\/\/www.ramedigitalstore.com\/wp-content\/uploads\/2022\/03\/trustpilot-stars.png 2000w\" sizes=\"(max-width: 600px) 100vw, 600px\" \/><\/p>\n<p><img fetchpriority=\"high\" decoding=\"async\" class=\"wp-image-2401 size-full aligncenter\" src=\"https:\/\/www.ramedigitalstore.com\/wp-content\/uploads\/2022\/03\/payment2.jpg\" alt=\"\" width=\"1020\" height=\"267\" srcset=\"https:\/\/www.ramedigitalstore.com\/wp-content\/uploads\/2022\/03\/payment2.jpg 1020w, https:\/\/www.ramedigitalstore.com\/wp-content\/uploads\/2022\/03\/payment2-500x131.jpg 500w, https:\/\/www.ramedigitalstore.com\/wp-content\/uploads\/2022\/03\/payment2-700x183.jpg 700w, https:\/\/www.ramedigitalstore.com\/wp-content\/uploads\/2022\/03\/payment2-300x79.jpg 300w, https:\/\/www.ramedigitalstore.com\/wp-content\/uploads\/2022\/03\/payment2-768x201.jpg 768w, https:\/\/www.ramedigitalstore.com\/wp-content\/uploads\/2022\/03\/payment2-260x68.jpg 260w, https:\/\/www.ramedigitalstore.com\/wp-content\/uploads\/2022\/03\/payment2-50x13.jpg 50w, https:\/\/www.ramedigitalstore.com\/wp-content\/uploads\/2022\/03\/payment2-150x39.jpg 150w, https:\/\/www.ramedigitalstore.com\/wp-content\/uploads\/2022\/03\/payment2-800x209.jpg 800w\" sizes=\"(max-width: 1020px) 100vw, 1020px\" \/><\/p>","protected":false},"featured_media":2714,"template":"","meta":[],"product_brand":[],"product_cat":[2,28],"product_tag":[22],"class_list":{"0":"post-2713","1":"product","2":"type-product","3":"status-publish","4":"has-post-thumbnail","6":"product_cat-antivirus","7":"product_cat-avast","8":"product_tag-xbox-game-pass-ultimate","10":"first","11":"outofstock","12":"sale","13":"virtual","14":"sold-individually","15":"purchasable","16":"product-type-simple"},"yoast_head":"<!-- This site is optimized with the Yoast SEO Premium plugin v21.9 (Yoast SEO v27.4) - https:\/\/yoast.com\/product\/yoast-seo-premium-wordpress\/ -->\n<title>Avast Ultimate 10 Devices 2 Years Avast - Key GLOBAL - Rame Digital<\/title>\n<meta name=\"robots\" content=\"index, follow, max-snippet:-1, max-image-preview:large, max-video-preview:-1\" \/>\n<link rel=\"canonical\" href=\"https:\/\/www.ramedigitalstore.com\/de\/prodotto\/avast-letzte-10-gerate-2-jahre-avast-key-global\/\" \/>\n<meta property=\"og:locale\" content=\"de_DE\" \/>\n<meta property=\"og:type\" content=\"article\" \/>\n<meta property=\"og:title\" content=\"Avast Ultimate 10 Devices 2 Years Avast - Key GLOBAL\" \/>\n<meta property=\"og:description\" content=\"Don&#039;t miss this offer! It won&#039;t be around forever! Protect your devices today!  \u2713 CD-KEY \u2713Avast AntiTrack \u2713 Avast SecureLine VPN  \u2713 Avast Premium Security \u2713 Avast Cleanup Premium  \u2713 Delivery by email in up to 6 hours &nbsp;\" \/>\n<meta property=\"og:url\" content=\"https:\/\/www.ramedigitalstore.com\/de\/prodotto\/avast-letzte-10-gerate-2-jahre-avast-key-global\/\" \/>\n<meta property=\"og:site_name\" content=\"Rame Digital\" \/>\n<meta property=\"article:publisher\" content=\"https:\/\/www.facebook.com\/RameDigitalOfficial\" \/>\n<meta property=\"article:modified_time\" content=\"2023-10-29T20:24:59+00:00\" \/>\n<meta property=\"og:image\" content=\"https:\/\/www.ramedigitalstore.com\/wp-content\/uploads\/2022\/03\/Avast-Ultimate-10-Device-2-Years.jpg\" \/>\n\t<meta property=\"og:image:width\" content=\"720\" \/>\n\t<meta property=\"og:image:height\" content=\"720\" \/>\n\t<meta property=\"og:image:type\" content=\"image\/jpeg\" \/>\n<meta name=\"twitter:card\" content=\"summary_large_image\" \/>\n<meta name=\"twitter:label1\" content=\"Gesch\u00e4tzte Lesezeit\" \/>\n\t<meta name=\"twitter:data1\" content=\"3\u00a0Minuten\" \/>\n<script type=\"application\/ld+json\" class=\"yoast-schema-graph\">{\"@context\":\"https:\\\/\\\/schema.org\",\"@graph\":[{\"@type\":\"WebPage\",\"@id\":\"https:\\\/\\\/www.ramedigitalstore.com\\\/prodotto\\\/avast-ultimate-10-devices-2-years-avast-key-global\\\/\",\"url\":\"https:\\\/\\\/www.ramedigitalstore.com\\\/prodotto\\\/avast-ultimate-10-devices-2-years-avast-key-global\\\/\",\"name\":\"Avast Ultimate 10 Devices 2 Years Avast - Key GLOBAL - Rame Digital\",\"isPartOf\":{\"@id\":\"https:\\\/\\\/www.ramedigitalstore.com\\\/#website\"},\"primaryImageOfPage\":{\"@id\":\"https:\\\/\\\/www.ramedigitalstore.com\\\/prodotto\\\/avast-ultimate-10-devices-2-years-avast-key-global\\\/#primaryimage\"},\"image\":{\"@id\":\"https:\\\/\\\/www.ramedigitalstore.com\\\/prodotto\\\/avast-ultimate-10-devices-2-years-avast-key-global\\\/#primaryimage\"},\"thumbnailUrl\":\"https:\\\/\\\/www.ramedigitalstore.com\\\/wp-content\\\/uploads\\\/2022\\\/03\\\/Avast-Ultimate-10-Device-2-Years.jpg\",\"datePublished\":\"2022-03-19T21:05:31+00:00\",\"dateModified\":\"2023-10-29T20:24:59+00:00\",\"breadcrumb\":{\"@id\":\"https:\\\/\\\/www.ramedigitalstore.com\\\/prodotto\\\/avast-ultimate-10-devices-2-years-avast-key-global\\\/#breadcrumb\"},\"inLanguage\":\"de\",\"potentialAction\":[{\"@type\":\"ReadAction\",\"target\":[\"https:\\\/\\\/www.ramedigitalstore.com\\\/prodotto\\\/avast-ultimate-10-devices-2-years-avast-key-global\\\/\"]}]},{\"@type\":\"ImageObject\",\"inLanguage\":\"de\",\"@id\":\"https:\\\/\\\/www.ramedigitalstore.com\\\/prodotto\\\/avast-ultimate-10-devices-2-years-avast-key-global\\\/#primaryimage\",\"url\":\"https:\\\/\\\/www.ramedigitalstore.com\\\/wp-content\\\/uploads\\\/2022\\\/03\\\/Avast-Ultimate-10-Device-2-Years.jpg\",\"contentUrl\":\"https:\\\/\\\/www.ramedigitalstore.com\\\/wp-content\\\/uploads\\\/2022\\\/03\\\/Avast-Ultimate-10-Device-2-Years.jpg\",\"width\":720,\"height\":720},{\"@type\":\"BreadcrumbList\",\"@id\":\"https:\\\/\\\/www.ramedigitalstore.com\\\/prodotto\\\/avast-ultimate-10-devices-2-years-avast-key-global\\\/#breadcrumb\",\"itemListElement\":[{\"@type\":\"ListItem\",\"position\":1,\"name\":\"Home\",\"item\":\"https:\\\/\\\/www.ramedigitalstore.com\\\/\"},{\"@type\":\"ListItem\",\"position\":2,\"name\":\"Shop\",\"item\":\"https:\\\/\\\/www.ramedigitalstore.com\\\/shop\\\/\"},{\"@type\":\"ListItem\",\"position\":3,\"name\":\"Avast Ultimate 10 Devices 2 Years Avast &#8211; Key GLOBAL\"}]},{\"@type\":\"WebSite\",\"@id\":\"https:\\\/\\\/www.ramedigitalstore.com\\\/#website\",\"url\":\"https:\\\/\\\/www.ramedigitalstore.com\\\/\",\"name\":\"Rame Digital\",\"description\":\"Digital store par excellence\",\"publisher\":{\"@id\":\"https:\\\/\\\/www.ramedigitalstore.com\\\/#organization\"},\"potentialAction\":[{\"@type\":\"SearchAction\",\"target\":{\"@type\":\"EntryPoint\",\"urlTemplate\":\"https:\\\/\\\/www.ramedigitalstore.com\\\/?s={search_term_string}\"},\"query-input\":{\"@type\":\"PropertyValueSpecification\",\"valueRequired\":true,\"valueName\":\"search_term_string\"}}],\"inLanguage\":\"de\"},{\"@type\":\"Organization\",\"@id\":\"https:\\\/\\\/www.ramedigitalstore.com\\\/#organization\",\"name\":\"Rame Digital\",\"url\":\"https:\\\/\\\/www.ramedigitalstore.com\\\/\",\"logo\":{\"@type\":\"ImageObject\",\"inLanguage\":\"de\",\"@id\":\"https:\\\/\\\/www.ramedigitalstore.com\\\/#\\\/schema\\\/logo\\\/image\\\/\",\"url\":\"https:\\\/\\\/www.ramedigitalstore.com\\\/wp-content\\\/uploads\\\/2021\\\/04\\\/Logo-new-quadrato-1-e1619205976915.png\",\"contentUrl\":\"https:\\\/\\\/www.ramedigitalstore.com\\\/wp-content\\\/uploads\\\/2021\\\/04\\\/Logo-new-quadrato-1-e1619205976915.png\",\"width\":256,\"height\":256,\"caption\":\"Rame Digital\"},\"image\":{\"@id\":\"https:\\\/\\\/www.ramedigitalstore.com\\\/#\\\/schema\\\/logo\\\/image\\\/\"},\"sameAs\":[\"https:\\\/\\\/www.facebook.com\\\/RameDigitalOfficial\",\"https:\\\/\\\/www.instagram.com\\\/rame_digital_official\\\/\"]}]}<\/script>\n<!-- \/ Yoast SEO Premium plugin. -->","yoast_head_json":{"title":"Avast Ultimate 10 Ger\u00e4te 2 Jahre Avast - Key GLOBAL - Rame Digital","robots":{"index":"index","follow":"follow","max-snippet":"max-snippet:-1","max-image-preview":"max-image-preview:large","max-video-preview":"max-video-preview:-1"},"canonical":"https:\/\/www.ramedigitalstore.com\/de\/prodotto\/avast-letzte-10-gerate-2-jahre-avast-key-global\/","og_locale":"de_DE","og_type":"article","og_title":"Avast Ultimate 10 Devices 2 Years Avast - Key GLOBAL","og_description":"Don't miss this offer! It won't be around forever! Protect your devices today!  \u2713 CD-KEY \u2713Avast AntiTrack \u2713 Avast SecureLine VPN  \u2713 Avast Premium Security \u2713 Avast Cleanup Premium  \u2713 Delivery by email in up to 6 hours &nbsp;","og_url":"https:\/\/www.ramedigitalstore.com\/de\/prodotto\/avast-letzte-10-gerate-2-jahre-avast-key-global\/","og_site_name":"Rame Digital","article_publisher":"https:\/\/www.facebook.com\/RameDigitalOfficial","article_modified_time":"2023-10-29T20:24:59+00:00","og_image":[{"width":720,"height":720,"url":"https:\/\/www.ramedigitalstore.com\/wp-content\/uploads\/2022\/03\/Avast-Ultimate-10-Device-2-Years.jpg","type":"image\/jpeg"}],"twitter_card":"summary_large_image","twitter_misc":{"Gesch\u00e4tzte Lesezeit":"3\u00a0Minuten"},"schema":{"@context":"https:\/\/schema.org","@graph":[{"@type":"WebPage","@id":"https:\/\/www.ramedigitalstore.com\/prodotto\/avast-ultimate-10-devices-2-years-avast-key-global\/","url":"https:\/\/www.ramedigitalstore.com\/prodotto\/avast-ultimate-10-devices-2-years-avast-key-global\/","name":"Avast Ultimate 10 Ger\u00e4te 2 Jahre Avast - Key GLOBAL - Rame Digital","isPartOf":{"@id":"https:\/\/www.ramedigitalstore.com\/#website"},"primaryImageOfPage":{"@id":"https:\/\/www.ramedigitalstore.com\/prodotto\/avast-ultimate-10-devices-2-years-avast-key-global\/#primaryimage"},"image":{"@id":"https:\/\/www.ramedigitalstore.com\/prodotto\/avast-ultimate-10-devices-2-years-avast-key-global\/#primaryimage"},"thumbnailUrl":"https:\/\/www.ramedigitalstore.com\/wp-content\/uploads\/2022\/03\/Avast-Ultimate-10-Device-2-Years.jpg","datePublished":"2022-03-19T21:05:31+00:00","dateModified":"2023-10-29T20:24:59+00:00","breadcrumb":{"@id":"https:\/\/www.ramedigitalstore.com\/prodotto\/avast-ultimate-10-devices-2-years-avast-key-global\/#breadcrumb"},"inLanguage":"de","potentialAction":[{"@type":"ReadAction","target":["https:\/\/www.ramedigitalstore.com\/prodotto\/avast-ultimate-10-devices-2-years-avast-key-global\/"]}]},{"@type":"ImageObject","inLanguage":"de","@id":"https:\/\/www.ramedigitalstore.com\/prodotto\/avast-ultimate-10-devices-2-years-avast-key-global\/#primaryimage","url":"https:\/\/www.ramedigitalstore.com\/wp-content\/uploads\/2022\/03\/Avast-Ultimate-10-Device-2-Years.jpg","contentUrl":"https:\/\/www.ramedigitalstore.com\/wp-content\/uploads\/2022\/03\/Avast-Ultimate-10-Device-2-Years.jpg","width":720,"height":720},{"@type":"BreadcrumbList","@id":"https:\/\/www.ramedigitalstore.com\/prodotto\/avast-ultimate-10-devices-2-years-avast-key-global\/#breadcrumb","itemListElement":[{"@type":"ListItem","position":1,"name":"Home","item":"https:\/\/www.ramedigitalstore.com\/"},{"@type":"ListItem","position":2,"name":"Shop","item":"https:\/\/www.ramedigitalstore.com\/shop\/"},{"@type":"ListItem","position":3,"name":"Avast Ultimate 10 Devices 2 Years Avast &#8211; Key GLOBAL"}]},{"@type":"WebSite","@id":"https:\/\/www.ramedigitalstore.com\/#website","url":"https:\/\/www.ramedigitalstore.com\/","name":"Rame Digital","description":"Digitaler Laden par excellence","publisher":{"@id":"https:\/\/www.ramedigitalstore.com\/#organization"},"potentialAction":[{"@type":"SearchAction","target":{"@type":"EntryPoint","urlTemplate":"https:\/\/www.ramedigitalstore.com\/?s={search_term_string}"},"query-input":{"@type":"PropertyValueSpecification","valueRequired":true,"valueName":"search_term_string"}}],"inLanguage":"de"},{"@type":"Organization","@id":"https:\/\/www.ramedigitalstore.com\/#organization","name":"Rame Digital","url":"https:\/\/www.ramedigitalstore.com\/","logo":{"@type":"ImageObject","inLanguage":"de","@id":"https:\/\/www.ramedigitalstore.com\/#\/schema\/logo\/image\/","url":"https:\/\/www.ramedigitalstore.com\/wp-content\/uploads\/2021\/04\/Logo-new-quadrato-1-e1619205976915.png","contentUrl":"https:\/\/www.ramedigitalstore.com\/wp-content\/uploads\/2021\/04\/Logo-new-quadrato-1-e1619205976915.png","width":256,"height":256,"caption":"Rame Digital"},"image":{"@id":"https:\/\/www.ramedigitalstore.com\/#\/schema\/logo\/image\/"},"sameAs":["https:\/\/www.facebook.com\/RameDigitalOfficial","https:\/\/www.instagram.com\/rame_digital_official\/"]}]}},"jetpack_sharing_enabled":true,"_links":{"self":[{"href":"https:\/\/www.ramedigitalstore.com\/de\/wp-json\/wp\/v2\/product\/2713","targetHints":{"allow":["GET"]}}],"collection":[{"href":"https:\/\/www.ramedigitalstore.com\/de\/wp-json\/wp\/v2\/product"}],"about":[{"href":"https:\/\/www.ramedigitalstore.com\/de\/wp-json\/wp\/v2\/types\/product"}],"version-history":[{"count":1,"href":"https:\/\/www.ramedigitalstore.com\/de\/wp-json\/wp\/v2\/product\/2713\/revisions"}],"predecessor-version":[{"id":5025,"href":"https:\/\/www.ramedigitalstore.com\/de\/wp-json\/wp\/v2\/product\/2713\/revisions\/5025"}],"wp:featuredmedia":[{"embeddable":true,"href":"https:\/\/www.ramedigitalstore.com\/de\/wp-json\/wp\/v2\/media\/2714"}],"wp:attachment":[{"href":"https:\/\/www.ramedigitalstore.com\/de\/wp-json\/wp\/v2\/media?parent=2713"}],"wp:term":[{"taxonomy":"product_brand","embeddable":true,"href":"https:\/\/www.ramedigitalstore.com\/de\/wp-json\/wp\/v2\/product_brand?post=2713"},{"taxonomy":"product_cat","embeddable":true,"href":"https:\/\/www.ramedigitalstore.com\/de\/wp-json\/wp\/v2\/product_cat?post=2713"},{"taxonomy":"product_tag","embeddable":true,"href":"https:\/\/www.ramedigitalstore.com\/de\/wp-json\/wp\/v2\/product_tag?post=2713"}],"curies":[{"name":"wp","href":"https:\/\/api.w.org\/{rel}","templated":true}]}}