{"id":3267,"date":"2022-05-01T11:35:27","date_gmt":"2022-05-01T11:35:27","guid":{"rendered":"https:\/\/www.ramedigitalstore.com\/?post_type=product&#038;p=3267"},"modified":"2023-09-29T09:09:27","modified_gmt":"2023-09-29T09:09:27","slug":"xbox-game-pass-ultimate-6-months-key-vpn","status":"publish","type":"product","link":"https:\/\/www.ramedigitalstore.com\/de\/prodotto\/xbox-game-pass-ultimativ-6-monate-schlussel-vpn\/","title":{"rendered":"Xbox Game Pass Ultimate 6 Monate - KEY VPN"},"content":{"rendered":"<h3 style=\"text-align: center;\"><strong><span style=\"color: #8f00ff;\">Aktivieren\/Verl\u00e4ngern Sie Ihr Abonnement noch heute!<\/span><\/strong><\/h3>\n<h2 class=\"c-heading-1 f-lean\" style=\"text-align: center;\"><strong>Xbox Game Pass Ultimate 6 Monate KEY VPN<\/strong><\/h2>\n<p style=\"text-align: center;\"><strong>Sie k\u00f6nnen Ihr bestehendes Abonnement aktivieren oder verl\u00e4ngern.<\/strong><\/p>\n<h3 style=\"text-align: center;\"><strong><span style=\"color: #ff0000;\"><span style=\"vertical-align: inherit;\">Schl\u00fcssel erhalten, die nur \u00fcber ein vpn-Netz aktiviert werden k\u00f6nnen.<\/span><\/span><\/strong><\/h3>\n<p style=\"text-align: center;\"><strong><span style=\"vertical-align: inherit;\">Der einzige Unterschied zu einem klassischen Schl\u00fcssel besteht darin, dass Sie ein VPN-Netzwerk ben\u00f6tigen, um sie zu aktivieren.<\/span><\/strong><\/p>\n<p style=\"text-align: center;\"><strong><span style=\"vertical-align: inherit;\">Wenn Sie nicht wissen, wie es geht, oder Sie kein VPN-Netzwerk haben, k\u00f6nnen Sie einfach unseren Kundendienst um Unterst\u00fctzung bitten, der die einfachste L\u00f6sung f\u00fcr Sie finden wird.<\/span><\/strong><\/p>\n<h3 style=\"text-align: center;\">Xbox Game Pass Ultimate<\/h3>\n<h3 style=\"text-align: center;\">=<\/h3>\n<h2 style=\"text-align: center;\"><strong>Live Gold + Game Pass + EA Play<\/strong><\/h2>\n<p>&nbsp;<\/p>\n<p style=\"text-align: center;\">\u00a0Enth\u00e4lt alle Vorteile von Xbox Live Gold, \u00fcber 100 hochwertige Spiele f\u00fcr Konsole, PC und Android-Mobilger\u00e4te aus der Cloud (Beta) und eine EA Play-Mitgliedschaft - alles zu einem g\u00fcnstigen monatlichen Preis.<\/p>\n<h3 class=\"m-banner zpt jumpgcontainer\" style=\"text-align: center;\" data-grid=\"col-12\" data-bi-id=\"c1m2r6a3\" data-bi-name=\"c1m2r6a3\">MIT Xbox Game Pass Ultimate<\/h3>\n<div class=\"banner-background\" data-bi-id=\"c2m2r6a3\" data-bi-name=\"c2m2r6a3\">\n<div class=\"m-banner zpt\" data-grid=\"col-12\" data-bi-id=\"c1c2m2r6a3\" data-bi-name=\"c1c2m2r6a3\">\n<p class=\"c-paragraph-2 x-hidden-focus\" style=\"text-align: center;\">Geh\u00f6rt zu den Ersten, die die neuesten Titel von Xbox Game Studios und ID@Xbox spielen k\u00f6nnen, die f\u00fcr Xbox Game Pass-Mitglieder am Tag ihrer weltweiten Ver\u00f6ffentlichung verf\u00fcgbar sind.<\/p>\n<\/div>\n<\/div>\n<h3 class=\"c-heading-1 f-lean\" style=\"text-align: center;\">Xbox Game Pass Ultimate und EA Play<\/h3>\n<p style=\"text-align: center;\">Genie\u00dfen Sie mit EA Play die Top-Titel von EA und die Vorteile im Spiel. Die Mitglieder k\u00f6nnen jetzt auf der Konsole spielen. Ab 2021 erhalten Xbox Game Pass f\u00fcr PC und Mitglieder EA Play auf Windows 10 ohne zus\u00e4tzliche Kosten.<\/p>\n<h3 class=\"c-heading-2 f-lean\" style=\"text-align: center;\">Spielen Sie auf den Ger\u00e4ten, die Sie besitzen<\/h3>\n<p class=\"c-paragraph-2 x-hidden-focus\" style=\"text-align: center;\">Laden Sie Spiele herunter und spielen Sie sie direkt auf Ihrer Xbox-Konsole oder Ihrem Windows 10-PC, oder spielen Sie Spiele auf Ihrem Android-Mobiltelefon oder -Tablet aus der Cloud (Beta) mit der Game Pass Mobile App.<\/p>\n<p>&nbsp;<\/p>\n<h3 style=\"text-align: center;\">Xbox Game Pass Ultimate kaufen - g\u00fcnstig und sicher bei Rame Digital<\/h3>\n<p style=\"text-align: center;\">Wenn Sie sich f\u00fcr Game Pass Ultimate entschieden haben, k\u00f6nnen Sie das vollst\u00e4ndige Abonnement auf <a href=\"https:\/\/www.ramecorporation.com\/\">Rame Digital<\/a> zu g\u00fcnstigen Konditionen. K\u00e4ufer profitieren hier von der Qualit\u00e4t der gepr\u00fcften Dienstleistung und genie\u00dfen eine \u00e4u\u00dferst einfache und unkomplizierte Kaufabwicklung. Das gew\u00fcnschte Abonnement wird dem Kunden nicht umst\u00e4ndlich als CD\/DVD zugesandt, sondern lediglich als KEY per Post. Somit erh\u00e4lt der Kunde seine Ware sofort nach dem Kauf und Eingang des Geldes. Um mehr zu erfahren, lesen Sie bitte: <a href=\"https:\/\/www.ramecorporation.com\/terms-and-condictions\/\">Bedingungen und Konditionen<\/a> und <a href=\"https:\/\/www.ramecorporation.com\/privacy-policy\/\">Datenschutz <\/a>oder <a href=\"https:\/\/www.ramecorporation.com\/faqs\/\">FAQs <\/a><\/p>\n<p style=\"text-align: center;\">Bei Rame Digital ist die Unterst\u00fctzung jedoch immer kostenlos.<\/p>\n<h3 class=\"text-center\" style=\"text-align: center;\">Egal, welches Ger\u00e4t ihr benutzt, mit dem Xbox Game Pass Ultimate.<\/h3>\n<ul class=\"list list-withIcons\" style=\"text-align: center;\">\n<li><img decoding=\"async\" src=\"https:\/\/static3.avast.com\/20001227\/web\/i\/v2\/components\/win.svg\" alt=\"\" \/>Windows 10<\/li>\n<li>kostenlos alle Xbox<\/li>\n<\/ul>\n<h2 class=\"text-center\" style=\"text-align: center;\"><\/h2>\n<h3 class=\"text-center\" style=\"text-align: center;\"><strong>Schnelle Lieferung, maximal 6 Stunden per E-Mail.<\/strong><\/h3>\n<h4 style=\"text-align: center;\">F\u00fcr Personen, die die Beschreibung nicht lesen, wird keine R\u00fcckerstattung geleistet.<\/h4>\n<p style=\"text-align: center;\"><strong>ACHTUNG!<\/strong> Um ein Abonnement f\u00fcr Ihr Konto zu aktivieren, d\u00fcrfen Sie zu diesem Zeitpunkt keine aktiven Xbox Game Pass Ultimate-Abonnements haben.<\/p>\n<p style=\"text-align: center;\" data-spm-anchor-id=\"a2a0e.pdp.product_detail.i2.1a496495WHtRk8\">Wenn Sie ein aktives Xbox Game Pass Ultimate-Abonnement haben, deaktivieren Sie Ihr Xbox Game Pass Ultimate-Abonnement oder warten Sie, bis es abl\u00e4uft, und kaufen Sie dann den Code.<\/p>\n<p style=\"text-align: center;\"><strong>Es wird mehr als ein Schl\u00fcssel zur Verf\u00fcgung gestellt. Das Aktivierungsverfahren wird Ihnen per E-Mail mitgeteilt.<\/strong><\/p>\n<p style=\"text-align: center;\">Verbinden mit <a href=\"https:\/\/www.facebook.com\/RameDigitalOfficial\/\">Facebook<\/a><\/p>","protected":false},"excerpt":{"rendered":"<h5 style=\"text-align: center;\"><span style=\"color: #ff0000;\"><em><span style=\"vertical-align: inherit;\">Verpassen Sie dieses Angebot nicht! Es wird nicht ewig g\u00fcltig sein!<\/span><\/em><\/span><\/h5>\n<div class=\"hd-listinghead\" style=\"font-size: 19pt; font-family: Arial; text-align: center;\"><strong><strong><span style=\"color: #8f00ff;\"><span style=\"vertical-align: inherit;\">Erneuern\/E<\/span><\/span><\/strong><\/strong><strong style=\"font-size: 25px;\"><span style=\"color: #8f00ff;\">xtension <\/span><\/strong><strong><span style=\"color: #8f00ff;\"><span style=\"vertical-align: inherit;\">Ihr Abonnement heute!<\/span><\/span><\/strong><\/div>\n<div><\/div>\n<p style=\"text-align: center;\"><strong>\u2713 Erneuern\/Verl\u00e4ngern Sie Ihr Abonnement<span style=\"vertical-align: inherit;\">\u00a0!<\/span><\/strong><br \/>\n<strong>\u2713 <\/strong>Teilbar<br \/>\n<strong>\u2713 <\/strong>H\u00f6chste Sicherheit<br \/>\n<span style=\"vertical-align: inherit;\"> <strong>\u2713 <\/strong>Keine Konten<\/span><br \/>\n<span style=\"vertical-align: inherit;\"><strong>\u2713 <\/strong><\/span>Lieferung per E-Mail in bis zu 6 Stunden<br \/>\n<span style=\"vertical-align: inherit;\"><strong>\u2713 Aktivierungshilfe inklusive .<\/strong><\/span><\/p>\n<p>&nbsp;<\/p>\n<p><img decoding=\"async\" class=\"aligncenter wp-image-2400\" src=\"https:\/\/www.ramedigitalstore.com\/wp-content\/uploads\/2022\/03\/trustpilot-stars-1024x140.png\" alt=\"\" width=\"600\" height=\"82\" srcset=\"https:\/\/www.ramedigitalstore.com\/wp-content\/uploads\/2022\/03\/trustpilot-stars-1024x140.png 1024w, https:\/\/www.ramedigitalstore.com\/wp-content\/uploads\/2022\/03\/trustpilot-stars-500x68.png 500w, https:\/\/www.ramedigitalstore.com\/wp-content\/uploads\/2022\/03\/trustpilot-stars-700x96.png 700w, https:\/\/www.ramedigitalstore.com\/wp-content\/uploads\/2022\/03\/trustpilot-stars-300x41.png 300w, https:\/\/www.ramedigitalstore.com\/wp-content\/uploads\/2022\/03\/trustpilot-stars-768x105.png 768w, https:\/\/www.ramedigitalstore.com\/wp-content\/uploads\/2022\/03\/trustpilot-stars-1536x210.png 1536w, https:\/\/www.ramedigitalstore.com\/wp-content\/uploads\/2022\/03\/trustpilot-stars-260x35.png 260w, https:\/\/www.ramedigitalstore.com\/wp-content\/uploads\/2022\/03\/trustpilot-stars-50x7.png 50w, https:\/\/www.ramedigitalstore.com\/wp-content\/uploads\/2022\/03\/trustpilot-stars-150x20.png 150w, https:\/\/www.ramedigitalstore.com\/wp-content\/uploads\/2022\/03\/trustpilot-stars-1320x180.png 1320w, https:\/\/www.ramedigitalstore.com\/wp-content\/uploads\/2022\/03\/trustpilot-stars-800x109.png 800w, https:\/\/www.ramedigitalstore.com\/wp-content\/uploads\/2022\/03\/trustpilot-stars.png 2000w\" sizes=\"(max-width: 600px) 100vw, 600px\" \/><\/p>\n<p><img fetchpriority=\"high\" decoding=\"async\" class=\"wp-image-2401 size-full aligncenter\" src=\"https:\/\/www.ramedigitalstore.com\/wp-content\/uploads\/2022\/03\/payment2.jpg\" alt=\"\" width=\"1020\" height=\"267\" srcset=\"https:\/\/www.ramedigitalstore.com\/wp-content\/uploads\/2022\/03\/payment2.jpg 1020w, https:\/\/www.ramedigitalstore.com\/wp-content\/uploads\/2022\/03\/payment2-500x131.jpg 500w, https:\/\/www.ramedigitalstore.com\/wp-content\/uploads\/2022\/03\/payment2-700x183.jpg 700w, https:\/\/www.ramedigitalstore.com\/wp-content\/uploads\/2022\/03\/payment2-300x79.jpg 300w, https:\/\/www.ramedigitalstore.com\/wp-content\/uploads\/2022\/03\/payment2-768x201.jpg 768w, https:\/\/www.ramedigitalstore.com\/wp-content\/uploads\/2022\/03\/payment2-260x68.jpg 260w, https:\/\/www.ramedigitalstore.com\/wp-content\/uploads\/2022\/03\/payment2-50x13.jpg 50w, https:\/\/www.ramedigitalstore.com\/wp-content\/uploads\/2022\/03\/payment2-150x39.jpg 150w, https:\/\/www.ramedigitalstore.com\/wp-content\/uploads\/2022\/03\/payment2-800x209.jpg 800w\" sizes=\"(max-width: 1020px) 100vw, 1020px\" \/><\/p>","protected":false},"featured_media":3268,"template":"","meta":[],"product_brand":[],"product_cat":[18,114,19],"product_tag":[5,27,21,22],"class_list":{"0":"post-3267","1":"product","2":"type-product","3":"status-publish","4":"has-post-thumbnail","6":"product_cat-game","7":"product_cat-vpn-key","8":"product_cat-xbox-pc","9":"product_tag-key-global","10":"product_tag-xbod-game-pass-ultimate-3-mesi","11":"product_tag-xbox","12":"product_tag-xbox-game-pass-ultimate","14":"first","15":"outofstock","16":"sale","17":"virtual","18":"purchasable","19":"product-type-simple"},"yoast_head":"<!-- This site is optimized with the Yoast SEO Premium plugin v21.9 (Yoast SEO v27.3) - https:\/\/yoast.com\/product\/yoast-seo-premium-wordpress\/ -->\n<title>Xbox Game Pass Ultimate 6 Months - 45,99\u20ac - KEY VPN - Rame Digital<\/title>\n<meta name=\"description\" content=\"Xbox Game Pass Ultimate 6 Months Almost Free 45,99\u20ac the best gaming service at the best price. It has never been so reliable. Rame Digital\" \/>\n<meta name=\"robots\" content=\"index, follow, max-snippet:-1, max-image-preview:large, max-video-preview:-1\" \/>\n<link rel=\"canonical\" href=\"https:\/\/www.ramedigitalstore.com\/de\/prodotto\/xbox-game-pass-ultimativ-6-monate-schlussel-vpn\/\" \/>\n<meta property=\"og:locale\" content=\"de_DE\" \/>\n<meta property=\"og:type\" content=\"article\" \/>\n<meta property=\"og:title\" content=\"Xbox Game Pass Ultimate 6 Months - KEY VPN\" \/>\n<meta property=\"og:description\" content=\"Xbox Game Pass Ultimate 6 Months Almost Free 45,99\u20ac the best gaming service at the best price. It has never been so reliable. Rame Digital\" \/>\n<meta property=\"og:url\" content=\"https:\/\/www.ramedigitalstore.com\/de\/prodotto\/xbox-game-pass-ultimativ-6-monate-schlussel-vpn\/\" \/>\n<meta property=\"og:site_name\" content=\"Rame Digital\" \/>\n<meta property=\"article:publisher\" content=\"https:\/\/www.facebook.com\/RameDigitalOfficial\" \/>\n<meta property=\"article:modified_time\" content=\"2023-09-29T09:09:27+00:00\" \/>\n<meta property=\"og:image\" content=\"https:\/\/www.ramedigitalstore.com\/wp-content\/uploads\/2022\/05\/6-mesi-vpn-1.jpg\" \/>\n\t<meta property=\"og:image:width\" content=\"1600\" \/>\n\t<meta property=\"og:image:height\" content=\"1600\" \/>\n\t<meta property=\"og:image:type\" content=\"image\/jpeg\" \/>\n<meta name=\"twitter:card\" content=\"summary_large_image\" \/>\n<meta name=\"twitter:label1\" content=\"Gesch\u00e4tzte Lesezeit\" \/>\n\t<meta name=\"twitter:data1\" content=\"3\u00a0Minuten\" \/>\n<script type=\"application\/ld+json\" class=\"yoast-schema-graph\">{\"@context\":\"https:\\\/\\\/schema.org\",\"@graph\":[{\"@type\":\"WebPage\",\"@id\":\"https:\\\/\\\/www.ramedigitalstore.com\\\/prodotto\\\/xbox-game-pass-ultimate-6-months-key-vpn\\\/\",\"url\":\"https:\\\/\\\/www.ramedigitalstore.com\\\/prodotto\\\/xbox-game-pass-ultimate-6-months-key-vpn\\\/\",\"name\":\"Xbox Game Pass Ultimate 6 Months - 45,99\u20ac - KEY VPN - Rame Digital\",\"isPartOf\":{\"@id\":\"https:\\\/\\\/www.ramedigitalstore.com\\\/#website\"},\"primaryImageOfPage\":{\"@id\":\"https:\\\/\\\/www.ramedigitalstore.com\\\/prodotto\\\/xbox-game-pass-ultimate-6-months-key-vpn\\\/#primaryimage\"},\"image\":{\"@id\":\"https:\\\/\\\/www.ramedigitalstore.com\\\/prodotto\\\/xbox-game-pass-ultimate-6-months-key-vpn\\\/#primaryimage\"},\"thumbnailUrl\":\"https:\\\/\\\/www.ramedigitalstore.com\\\/wp-content\\\/uploads\\\/2022\\\/05\\\/6-mesi-vpn-1.jpg\",\"datePublished\":\"2022-05-01T11:35:27+00:00\",\"dateModified\":\"2023-09-29T09:09:27+00:00\",\"description\":\"Xbox Game Pass Ultimate 6 Months Almost Free 45,99\u20ac the best gaming service at the best price. It has never been so reliable. Rame Digital\",\"breadcrumb\":{\"@id\":\"https:\\\/\\\/www.ramedigitalstore.com\\\/prodotto\\\/xbox-game-pass-ultimate-6-months-key-vpn\\\/#breadcrumb\"},\"inLanguage\":\"de\",\"potentialAction\":[{\"@type\":\"ReadAction\",\"target\":[\"https:\\\/\\\/www.ramedigitalstore.com\\\/prodotto\\\/xbox-game-pass-ultimate-6-months-key-vpn\\\/\"]}]},{\"@type\":\"ImageObject\",\"inLanguage\":\"de\",\"@id\":\"https:\\\/\\\/www.ramedigitalstore.com\\\/prodotto\\\/xbox-game-pass-ultimate-6-months-key-vpn\\\/#primaryimage\",\"url\":\"https:\\\/\\\/www.ramedigitalstore.com\\\/wp-content\\\/uploads\\\/2022\\\/05\\\/6-mesi-vpn-1.jpg\",\"contentUrl\":\"https:\\\/\\\/www.ramedigitalstore.com\\\/wp-content\\\/uploads\\\/2022\\\/05\\\/6-mesi-vpn-1.jpg\",\"width\":1600,\"height\":1600,\"caption\":\"Xbox Game Pass Ultimate - Key Vpn - Rame Digital\"},{\"@type\":\"BreadcrumbList\",\"@id\":\"https:\\\/\\\/www.ramedigitalstore.com\\\/prodotto\\\/xbox-game-pass-ultimate-6-months-key-vpn\\\/#breadcrumb\",\"itemListElement\":[{\"@type\":\"ListItem\",\"position\":1,\"name\":\"Home\",\"item\":\"https:\\\/\\\/www.ramedigitalstore.com\\\/\"},{\"@type\":\"ListItem\",\"position\":2,\"name\":\"Shop\",\"item\":\"https:\\\/\\\/www.ramedigitalstore.com\\\/shop\\\/\"},{\"@type\":\"ListItem\",\"position\":3,\"name\":\"Xbox Game Pass Ultimate 6 Months &#8211; KEY VPN\"}]},{\"@type\":\"WebSite\",\"@id\":\"https:\\\/\\\/www.ramedigitalstore.com\\\/#website\",\"url\":\"https:\\\/\\\/www.ramedigitalstore.com\\\/\",\"name\":\"Rame Digital\",\"description\":\"Digital store par excellence\",\"publisher\":{\"@id\":\"https:\\\/\\\/www.ramedigitalstore.com\\\/#organization\"},\"potentialAction\":[{\"@type\":\"SearchAction\",\"target\":{\"@type\":\"EntryPoint\",\"urlTemplate\":\"https:\\\/\\\/www.ramedigitalstore.com\\\/?s={search_term_string}\"},\"query-input\":{\"@type\":\"PropertyValueSpecification\",\"valueRequired\":true,\"valueName\":\"search_term_string\"}}],\"inLanguage\":\"de\"},{\"@type\":\"Organization\",\"@id\":\"https:\\\/\\\/www.ramedigitalstore.com\\\/#organization\",\"name\":\"Rame Digital\",\"url\":\"https:\\\/\\\/www.ramedigitalstore.com\\\/\",\"logo\":{\"@type\":\"ImageObject\",\"inLanguage\":\"de\",\"@id\":\"https:\\\/\\\/www.ramedigitalstore.com\\\/#\\\/schema\\\/logo\\\/image\\\/\",\"url\":\"https:\\\/\\\/www.ramedigitalstore.com\\\/wp-content\\\/uploads\\\/2021\\\/04\\\/Logo-new-quadrato-1-e1619205976915.png\",\"contentUrl\":\"https:\\\/\\\/www.ramedigitalstore.com\\\/wp-content\\\/uploads\\\/2021\\\/04\\\/Logo-new-quadrato-1-e1619205976915.png\",\"width\":256,\"height\":256,\"caption\":\"Rame Digital\"},\"image\":{\"@id\":\"https:\\\/\\\/www.ramedigitalstore.com\\\/#\\\/schema\\\/logo\\\/image\\\/\"},\"sameAs\":[\"https:\\\/\\\/www.facebook.com\\\/RameDigitalOfficial\",\"https:\\\/\\\/www.instagram.com\\\/rame_digital_official\\\/\"]}]}<\/script>\n<!-- \/ Yoast SEO Premium plugin. -->","yoast_head_json":{"title":"Xbox Game Pass Ultimate 6 Monate - 45,99\u20ac - KEY VPN - Rame Digital","description":"Xbox Game Pass Ultimate 6 Monate fast kostenlos 45,99\u20ac der beste Gaming-Service zum besten Preis. Noch nie war er so zuverl\u00e4ssig. Rame Digital","robots":{"index":"index","follow":"follow","max-snippet":"max-snippet:-1","max-image-preview":"max-image-preview:large","max-video-preview":"max-video-preview:-1"},"canonical":"https:\/\/www.ramedigitalstore.com\/de\/prodotto\/xbox-game-pass-ultimativ-6-monate-schlussel-vpn\/","og_locale":"de_DE","og_type":"article","og_title":"Xbox Game Pass Ultimate 6 Months - KEY VPN","og_description":"Xbox Game Pass Ultimate 6 Months Almost Free 45,99\u20ac the best gaming service at the best price. It has never been so reliable. Rame Digital","og_url":"https:\/\/www.ramedigitalstore.com\/de\/prodotto\/xbox-game-pass-ultimativ-6-monate-schlussel-vpn\/","og_site_name":"Rame Digital","article_publisher":"https:\/\/www.facebook.com\/RameDigitalOfficial","article_modified_time":"2023-09-29T09:09:27+00:00","og_image":[{"width":1600,"height":1600,"url":"https:\/\/www.ramedigitalstore.com\/wp-content\/uploads\/2022\/05\/6-mesi-vpn-1.jpg","type":"image\/jpeg"}],"twitter_card":"summary_large_image","twitter_misc":{"Gesch\u00e4tzte Lesezeit":"3\u00a0Minuten"},"schema":{"@context":"https:\/\/schema.org","@graph":[{"@type":"WebPage","@id":"https:\/\/www.ramedigitalstore.com\/prodotto\/xbox-game-pass-ultimate-6-months-key-vpn\/","url":"https:\/\/www.ramedigitalstore.com\/prodotto\/xbox-game-pass-ultimate-6-months-key-vpn\/","name":"Xbox Game Pass Ultimate 6 Monate - 45,99\u20ac - KEY VPN - Rame Digital","isPartOf":{"@id":"https:\/\/www.ramedigitalstore.com\/#website"},"primaryImageOfPage":{"@id":"https:\/\/www.ramedigitalstore.com\/prodotto\/xbox-game-pass-ultimate-6-months-key-vpn\/#primaryimage"},"image":{"@id":"https:\/\/www.ramedigitalstore.com\/prodotto\/xbox-game-pass-ultimate-6-months-key-vpn\/#primaryimage"},"thumbnailUrl":"https:\/\/www.ramedigitalstore.com\/wp-content\/uploads\/2022\/05\/6-mesi-vpn-1.jpg","datePublished":"2022-05-01T11:35:27+00:00","dateModified":"2023-09-29T09:09:27+00:00","description":"Xbox Game Pass Ultimate 6 Monate fast kostenlos 45,99\u20ac der beste Gaming-Service zum besten Preis. Noch nie war er so zuverl\u00e4ssig. Rame Digital","breadcrumb":{"@id":"https:\/\/www.ramedigitalstore.com\/prodotto\/xbox-game-pass-ultimate-6-months-key-vpn\/#breadcrumb"},"inLanguage":"de","potentialAction":[{"@type":"ReadAction","target":["https:\/\/www.ramedigitalstore.com\/prodotto\/xbox-game-pass-ultimate-6-months-key-vpn\/"]}]},{"@type":"ImageObject","inLanguage":"de","@id":"https:\/\/www.ramedigitalstore.com\/prodotto\/xbox-game-pass-ultimate-6-months-key-vpn\/#primaryimage","url":"https:\/\/www.ramedigitalstore.com\/wp-content\/uploads\/2022\/05\/6-mesi-vpn-1.jpg","contentUrl":"https:\/\/www.ramedigitalstore.com\/wp-content\/uploads\/2022\/05\/6-mesi-vpn-1.jpg","width":1600,"height":1600,"caption":"Xbox Game Pass Ultimate - Key Vpn - Rame Digital"},{"@type":"BreadcrumbList","@id":"https:\/\/www.ramedigitalstore.com\/prodotto\/xbox-game-pass-ultimate-6-months-key-vpn\/#breadcrumb","itemListElement":[{"@type":"ListItem","position":1,"name":"Home","item":"https:\/\/www.ramedigitalstore.com\/"},{"@type":"ListItem","position":2,"name":"Shop","item":"https:\/\/www.ramedigitalstore.com\/shop\/"},{"@type":"ListItem","position":3,"name":"Xbox Game Pass Ultimate 6 Months &#8211; KEY VPN"}]},{"@type":"WebSite","@id":"https:\/\/www.ramedigitalstore.com\/#website","url":"https:\/\/www.ramedigitalstore.com\/","name":"Rame Digital","description":"Digitaler Laden par excellence","publisher":{"@id":"https:\/\/www.ramedigitalstore.com\/#organization"},"potentialAction":[{"@type":"SearchAction","target":{"@type":"EntryPoint","urlTemplate":"https:\/\/www.ramedigitalstore.com\/?s={search_term_string}"},"query-input":{"@type":"PropertyValueSpecification","valueRequired":true,"valueName":"search_term_string"}}],"inLanguage":"de"},{"@type":"Organization","@id":"https:\/\/www.ramedigitalstore.com\/#organization","name":"Rame Digital","url":"https:\/\/www.ramedigitalstore.com\/","logo":{"@type":"ImageObject","inLanguage":"de","@id":"https:\/\/www.ramedigitalstore.com\/#\/schema\/logo\/image\/","url":"https:\/\/www.ramedigitalstore.com\/wp-content\/uploads\/2021\/04\/Logo-new-quadrato-1-e1619205976915.png","contentUrl":"https:\/\/www.ramedigitalstore.com\/wp-content\/uploads\/2021\/04\/Logo-new-quadrato-1-e1619205976915.png","width":256,"height":256,"caption":"Rame Digital"},"image":{"@id":"https:\/\/www.ramedigitalstore.com\/#\/schema\/logo\/image\/"},"sameAs":["https:\/\/www.facebook.com\/RameDigitalOfficial","https:\/\/www.instagram.com\/rame_digital_official\/"]}]}},"jetpack_sharing_enabled":true,"_links":{"self":[{"href":"https:\/\/www.ramedigitalstore.com\/de\/wp-json\/wp\/v2\/product\/3267","targetHints":{"allow":["GET"]}}],"collection":[{"href":"https:\/\/www.ramedigitalstore.com\/de\/wp-json\/wp\/v2\/product"}],"about":[{"href":"https:\/\/www.ramedigitalstore.com\/de\/wp-json\/wp\/v2\/types\/product"}],"version-history":[{"count":1,"href":"https:\/\/www.ramedigitalstore.com\/de\/wp-json\/wp\/v2\/product\/3267\/revisions"}],"predecessor-version":[{"id":4996,"href":"https:\/\/www.ramedigitalstore.com\/de\/wp-json\/wp\/v2\/product\/3267\/revisions\/4996"}],"wp:featuredmedia":[{"embeddable":true,"href":"https:\/\/www.ramedigitalstore.com\/de\/wp-json\/wp\/v2\/media\/3268"}],"wp:attachment":[{"href":"https:\/\/www.ramedigitalstore.com\/de\/wp-json\/wp\/v2\/media?parent=3267"}],"wp:term":[{"taxonomy":"product_brand","embeddable":true,"href":"https:\/\/www.ramedigitalstore.com\/de\/wp-json\/wp\/v2\/product_brand?post=3267"},{"taxonomy":"product_cat","embeddable":true,"href":"https:\/\/www.ramedigitalstore.com\/de\/wp-json\/wp\/v2\/product_cat?post=3267"},{"taxonomy":"product_tag","embeddable":true,"href":"https:\/\/www.ramedigitalstore.com\/de\/wp-json\/wp\/v2\/product_tag?post=3267"}],"curies":[{"name":"wp","href":"https:\/\/api.w.org\/{rel}","templated":true}]}}