{"id":3489,"date":"2022-05-17T13:51:25","date_gmt":"2022-05-17T13:51:25","guid":{"rendered":"https:\/\/www.ramedigitalstore.com\/?post_type=product&#038;p=3489"},"modified":"2023-10-29T20:24:40","modified_gmt":"2023-10-29T20:24:40","slug":"microsoft-office-professional-plus-2021-pc-microsoft-key-global","status":"publish","type":"product","link":"https:\/\/www.ramedigitalstore.com\/de\/prodotto\/microsoft-office-professional-plus-2021-pc-microsoft-key-global\/","title":{"rendered":"Microsoft Office Professional Plus 2021 (PC) - Microsoft Key - GLOBAL"},"content":{"rendered":"<h1 style=\"text-align: center;\"><span style=\"color: #8f00ff;\"><span style=\"vertical-align: inherit;\">Microsoft Office Professional Plus 2021<\/span><\/span><\/h1>\n<p style=\"text-align: center;\">\u00a0Ist eine Reihe klassischer Office-Anwendungen, die speziell f\u00fcr PC-Benutzer von Microsoft entwickelt wurden. Es ist ein zuverl\u00e4ssiges Produkt f\u00fcr Gesch\u00e4ftskunden, Freiberufler, Familien und Heimanwender. Entdecken Sie den Inhalt und schaffen Sie einen komfortablen und produktiven Arbeitsplatz f\u00fcr sich und Ihre Lieben.<\/p>\n<h3 style=\"text-align: center;\">Was habe ich davon?<\/h3>\n<p style=\"text-align: center;\">Mit der Microsoft Office-Suite haben Sie alle wichtigen B\u00fcroanwendungen zur Hand. Ganz gleich, welche Aufgabe Sie angehen - diese bew\u00e4hrten Programme machen Ihre Arbeit einfacher und effektiver als je zuvor. Bearbeiten Sie Dokumente, erstellen Sie beeindruckende Tabellenkalkulationen und entwerfen Sie Projekte. Mit Microsoft Office 21 k\u00f6nnen Sie Ihrer Kreativit\u00e4t freien Lauf lassen und jede Idee in die Tat umsetzen.<\/p>\n<p style=\"text-align: center;\">Die Bedienung dieser klassischen Office-Apps ist intuitiv und die Benutzeroberfl\u00e4che ist \u00fcbersichtlich. Daher ist es ein hervorragendes Werkzeug f\u00fcr Benutzer aller Altersgruppen.\u00a0<strong>Microsoft Office Professional Plus 2021<\/strong>\u00a0ist nur mit Windows 10 und Windows 11 kompatibel. Es handelt sich um die bew\u00e4hrten, fortschrittlichen und beliebtesten Betriebssysteme von Microsoft - ausgestattet mit einer Vielzahl neuer Funktionen. Alles f\u00fcr Ihren Nutzungskomfort.<\/p>\n<p style=\"text-align: center;\"><img decoding=\"async\" src=\"https:\/\/img.g2a.com\/uiadminimages\/770x433\/1x1x1\/d0b303b1fb96\/a83b23ef7ed2494a93566d5a\" alt=\"Microsoft Office Professional Plus 2021\" \/><\/p>\n<h3 style=\"text-align: center;\">Office Plus 21 - ein zuverl\u00e4ssiger Partner<\/h3>\n<p style=\"text-align: center;\">Bei diesem Paket handelt es sich um das Flaggschiff von Microsoft - entwickelt f\u00fcr Ihre Produktivit\u00e4t. Erstellen und bearbeiten Sie Dokumente in Office Word, um Ihrer Kreativit\u00e4t freien Lauf zu lassen. Verwalten Sie Ihre Tabellenkalkulationen in Office Excel, und Sie werden bald feststellen, dass die anspruchsvollsten Berechnungen und Planungen Ihr Naturtalent sind. Haben Sie vor, eine beeindruckende Pr\u00e4sentation zu erstellen?<\/p>\n<p style=\"text-align: center;\">In diesem Fall ist Microsoft PowerPoint Ihr unersetzlicher Freund - perfekt f\u00fcr die Erstellung und Bearbeitung von Folien f\u00fcr jeden Anlass, mit einer gro\u00dfen Auswahl an Animationen, Schriftarten und Objekten zur Auswahl. Und wenn Sie auf der Suche nach einem Programm sind, das die Verwaltung von Datenressourcen unterst\u00fctzt, sollten Sie Office Access ausprobieren. Office 2021 bietet auch Microsoft Publisher f\u00fcr die m\u00fchelose Ver\u00f6ffentlichung von Inhalten. Und was, wenn Sie in Kontakt bleiben wollen? Die Antwort ist Office Outlook. Es hilft Ihnen bei der Verwaltung Ihrer E-Mails und informiert Sie \u00fcber alle geplanten Aufgaben f\u00fcr den Tag.<\/p>\n<h3 style=\"text-align: center;\">Kaufen Sie einmal und genie\u00dfen Sie Ihre Produktivit\u00e4t!<\/h3>\n<p style=\"text-align: center;\"><strong>Microsoft Office Professional Plus 2021<\/strong>\u00a0ist ein PC-Lizenzcode. Das bedeutet, dass Sie durch die Installation auf dem ausgew\u00e4hlten Ger\u00e4t Zugriff auf die besten Anwendungen von Microsoft haben - und zwar sofort. Au\u00dferdem ist es ein einmaliger Kauf! Keine zus\u00e4tzlichen Zahlungen oder unn\u00f6tigen Abonnements. Kaufen Sie Microsoft Office 2021 und genie\u00dfen Sie professionelle Inhalte von Microsoft, die nur f\u00fcr Sie gemacht sind.<\/p>\n<h3 style=\"text-align: center;\"><strong><span style=\"vertical-align: inherit;\">Office Professional Plus 2021 kaufen: G\u00fcnstig und sicher mit Rame Digital <\/span><\/strong><\/h3>\n<p style=\"text-align: center;\"><span style=\"vertical-align: inherit;\">Wenn Sie sich f\u00fcr Avast Ultimate entschieden haben, k\u00f6nnen Sie das gesamte Abonnement bei Rame Digital zu vorteilhaften Konditionen erwerben. K\u00e4ufer profitieren von der gepr\u00fcften Servicequalit\u00e4t und genie\u00dfen eine \u00e4u\u00dferst einfache und unkomplizierte Kaufabwicklung. Das gew\u00fcnschte Abonnement wird dem Kunden nicht in sperriger Form als CD\/DVD, sondern lediglich als Key Digital Code per Post zugestellt. Daher erh\u00e4lt der Kunde seine Ware sofort nach dem Kauf und Eingang des Geldes. Um mehr zu erfahren, lesen Sie: Allgemeine Gesch\u00e4ftsbedingungen und Datenschutzbestimmungen oder FAQ<\/span><\/p>\n<p style=\"text-align: center;\"><span style=\"vertical-align: inherit;\">Bei Rame Digital hingegen ist die Unterst\u00fctzung immer kostenlos.<\/span><\/p>\n<p>&nbsp;<\/p>\n<div id=\"collapsible-panel-system-requirements\" class=\"indexes__StyledDetails-sc-1ko3ckw-91 jiEnz\" aria-labelledby=\"collapsible-button-system-requirements\">\n<div>\n<h2 style=\"text-align: center;\"><strong>Systemanforderungen<\/strong><\/h2>\n<\/div>\n<div class=\"indexes__StyledContainer-sc-1ko3ckw-124 bHngeS\" style=\"text-align: center;\">\n<p><span class=\"indexes__Info-sc-1ko3ckw-126 eLMLuK\">Nachstehend finden Sie die minimalen und empfohlenen Systemanforderungen f\u00fcr Microsoft Office Professional Plus 2021 (PC) - Microsoft Key - GLOBAL. Aufgrund m\u00f6glicher Programm\u00e4nderungen k\u00f6nnen sich die Mindestsystemanforderungen f\u00fcr Microsoft Office Professional Plus 2021 (PC) - Microsoft Key - GLOBAL mit der Zeit \u00e4ndern.<\/span><\/p>\n<div class=\"indexes__TabsContainer-sc-1ko3ckw-123 eVYyUu\">\n<h3 style=\"text-align: center;\"><strong>Windows<\/strong><\/h3>\n<div class=\"indexes__TabContent1-sc-1ko3ckw-119 bZqcvL\" data-name=\"windows\">\n<div class=\"indexes__TabContent-sc-1ko3ckw-125 imgiIV\">\n<div class=\"indexes__AttributesTableContainer-sc-1ko3ckw-127 cnJfCD\">\n<div class=\"indexes__Attribute-sc-1ko3ckw-129 indexes__AttributeHeader-sc-1ko3ckw-130 fbtSAz gxcKsg\" style=\"text-align: center;\">\n<div class=\"indexes__AttributeWrapper-sc-1ko3ckw-128 cWFXgJ\">Minimale Anforderungen<\/div>\n<\/div>\n<div class=\"indexes__Attribute-sc-1ko3ckw-129 czeBwy\" style=\"text-align: center;\">\n<div class=\"indexes__AttributeWrapper-sc-1ko3ckw-128 cWFXgJ\">\n<p class=\"indexes__Name-sc-1ko3ckw-131 cMNZSl\"><strong>PROZESSOR<\/strong>: 1,6 GHz, Dual-Core-Prozessor<\/p>\n<\/div>\n<\/div>\n<div class=\"indexes__Attribute-sc-1ko3ckw-129 buUNLV\" style=\"text-align: center;\">\n<div class=\"indexes__AttributeWrapper-sc-1ko3ckw-128 cWFXgJ\">\n<p class=\"indexes__Name-sc-1ko3ckw-131 cMNZSl\"><strong>GRAFIKEN<\/strong>: DirectX 10-Grafikkarte f\u00fcr Grafik-Hardware-Beschleunigung<\/p>\n<\/div>\n<\/div>\n<div class=\"indexes__Attribute-sc-1ko3ckw-129 kibggQ\" style=\"text-align: center;\">\n<div class=\"indexes__AttributeWrapper-sc-1ko3ckw-128 cWFXgJ\">\n<p class=\"indexes__Name-sc-1ko3ckw-131 cMNZSl\"><strong>SPEICHER<\/strong>: 4 GB (64bit), 2 GB (32bit) RAM<\/p>\n<\/div>\n<\/div>\n<div class=\"indexes__Attribute-sc-1ko3ckw-129 jPkzxP\" style=\"text-align: center;\">\n<div class=\"indexes__AttributeWrapper-sc-1ko3ckw-128 cWFXgJ\">\n<p class=\"indexes__Name-sc-1ko3ckw-131 cMNZSl\"><strong>FESTPLATZ<\/strong>: 4 GB verf\u00fcgbarer Festplattenplatz<\/p>\n<\/div>\n<\/div>\n<div class=\"indexes__Attribute-sc-1ko3ckw-129 hmVitO\">\n<div class=\"indexes__AttributeWrapper-sc-1ko3ckw-128 cWFXgJ\">\n<p class=\"indexes__Name-sc-1ko3ckw-131 cMNZSl\" style=\"text-align: center;\"><strong>SYSTEM<\/strong>: Windows 11 oder Windows 10<\/p>\n<p>&nbsp;<\/p>\n<\/div>\n<\/div>\n<\/div>\n<\/div>\n<\/div>\n<\/div>\n<\/div>\n<\/div>\n<h3 class=\"text-center\" style=\"text-align: center;\"><strong><span style=\"vertical-align: inherit;\">Schnelle Lieferung, maximal 6 Stunden per E-Mail.<\/span><\/strong><\/h3>\n<p style=\"text-align: center;\"><strong>Es wird ein Konto zur Verf\u00fcgung gestellt, das die gleiche Funktion wie der Schl\u00fcssel hat. Das Aktivierungsverfahren wird Ihnen per E-Mail mitgeteilt.<\/strong><\/p>\n<p>&nbsp;<\/p>\n<h2 style=\"text-align: center;\">Das Produkt kann heruntergeladen werden <a href=\"https:\/\/www.office.com\/setup\" target=\"_blank\" rel=\"nofollow noopener\">hier<\/a><\/h2>\n<p style=\"text-align: center;\">WARNUNG: Der mitgelieferte Lizenzschl\u00fcssel funktioniert unter Windows.<\/p>\n<p>&nbsp;<\/p>\n<p style=\"text-align: center;\"><span style=\"vertical-align: inherit;\">Folgen Sie uns auf <\/span><a href=\"https:\/\/www.facebook.com\/RameDigitalOfficial\/\"><span style=\"vertical-align: inherit;\">Facebook<\/span><\/a><\/p>","protected":false},"excerpt":{"rendered":"<h5 style=\"text-align: center;\"><span style=\"color: #ff0000;\"><em><span style=\"vertical-align: inherit;\">Verpassen Sie dieses Angebot nicht! Es wird nicht ewig g\u00fcltig sein!<\/span><\/em><\/span><\/h5>\n<div class=\"hd-listinghead\" style=\"font-size: 13pt; font-family: Arial; text-align: center;\">\n<h2 style=\"text-align: center;\"><span style=\"color: #8f00ff;\"><span style=\"vertical-align: inherit;\">Microsoft Office Professional Plus 2021!<\/span><\/span><\/h2>\n<\/div>\n<p style=\"text-align: center;\"><strong>\u2713 CD-KEY<\/strong><br \/>\n\u2713<strong>8 App. <\/strong>: Access, Excel, OneNote, Outlook, PowerPoint, Publisher, Word und Skype for Business<br \/>\n<span style=\"vertical-align: inherit;\">\u2713<\/span> Engagierte Unterst\u00fctzung<br \/>\n<span style=\"vertical-align: inherit;\"><strong>\u2713 Lieferung per E-Mail in bis zu 6 Stunden<\/strong><\/span><\/p>\n<p><img decoding=\"async\" class=\"aligncenter wp-image-2400\" src=\"https:\/\/www.ramedigitalstore.com\/wp-content\/uploads\/2022\/03\/trustpilot-stars-1024x140.png\" alt=\"\" width=\"600\" height=\"82\" srcset=\"https:\/\/www.ramedigitalstore.com\/wp-content\/uploads\/2022\/03\/trustpilot-stars-1024x140.png 1024w, https:\/\/www.ramedigitalstore.com\/wp-content\/uploads\/2022\/03\/trustpilot-stars-500x68.png 500w, https:\/\/www.ramedigitalstore.com\/wp-content\/uploads\/2022\/03\/trustpilot-stars-700x96.png 700w, https:\/\/www.ramedigitalstore.com\/wp-content\/uploads\/2022\/03\/trustpilot-stars-300x41.png 300w, https:\/\/www.ramedigitalstore.com\/wp-content\/uploads\/2022\/03\/trustpilot-stars-768x105.png 768w, https:\/\/www.ramedigitalstore.com\/wp-content\/uploads\/2022\/03\/trustpilot-stars-1536x210.png 1536w, https:\/\/www.ramedigitalstore.com\/wp-content\/uploads\/2022\/03\/trustpilot-stars-260x35.png 260w, https:\/\/www.ramedigitalstore.com\/wp-content\/uploads\/2022\/03\/trustpilot-stars-50x7.png 50w, https:\/\/www.ramedigitalstore.com\/wp-content\/uploads\/2022\/03\/trustpilot-stars-150x20.png 150w, https:\/\/www.ramedigitalstore.com\/wp-content\/uploads\/2022\/03\/trustpilot-stars-1320x180.png 1320w, https:\/\/www.ramedigitalstore.com\/wp-content\/uploads\/2022\/03\/trustpilot-stars-800x109.png 800w, https:\/\/www.ramedigitalstore.com\/wp-content\/uploads\/2022\/03\/trustpilot-stars.png 2000w\" sizes=\"(max-width: 600px) 100vw, 600px\" \/><\/p>\n<p><img fetchpriority=\"high\" decoding=\"async\" class=\"wp-image-2401 size-full aligncenter\" src=\"https:\/\/www.ramedigitalstore.com\/wp-content\/uploads\/2022\/03\/payment2.jpg\" alt=\"\" width=\"1020\" height=\"267\" srcset=\"https:\/\/www.ramedigitalstore.com\/wp-content\/uploads\/2022\/03\/payment2.jpg 1020w, https:\/\/www.ramedigitalstore.com\/wp-content\/uploads\/2022\/03\/payment2-500x131.jpg 500w, https:\/\/www.ramedigitalstore.com\/wp-content\/uploads\/2022\/03\/payment2-700x183.jpg 700w, https:\/\/www.ramedigitalstore.com\/wp-content\/uploads\/2022\/03\/payment2-300x79.jpg 300w, https:\/\/www.ramedigitalstore.com\/wp-content\/uploads\/2022\/03\/payment2-768x201.jpg 768w, https:\/\/www.ramedigitalstore.com\/wp-content\/uploads\/2022\/03\/payment2-260x68.jpg 260w, https:\/\/www.ramedigitalstore.com\/wp-content\/uploads\/2022\/03\/payment2-50x13.jpg 50w, https:\/\/www.ramedigitalstore.com\/wp-content\/uploads\/2022\/03\/payment2-150x39.jpg 150w, https:\/\/www.ramedigitalstore.com\/wp-content\/uploads\/2022\/03\/payment2-800x209.jpg 800w\" sizes=\"(max-width: 1020px) 100vw, 1020px\" \/><\/p>","protected":false},"featured_media":3491,"template":"","meta":[],"product_brand":[],"product_cat":[2,28],"product_tag":[22],"class_list":{"0":"post-3489","1":"product","2":"type-product","3":"status-publish","4":"has-post-thumbnail","6":"product_cat-antivirus","7":"product_cat-avast","8":"product_tag-xbox-game-pass-ultimate","10":"first","11":"outofstock","12":"sale","13":"virtual","14":"sold-individually","15":"purchasable","16":"product-type-simple"},"yoast_head":"<!-- This site is optimized with the Yoast SEO Premium plugin v21.9 (Yoast SEO v27.5) - https:\/\/yoast.com\/product\/yoast-seo-premium-wordpress\/ -->\n<title>Microsoft Office Professional Plus 2021 (PC) - Microsoft Key - GLOBAL - Rame Digital<\/title>\n<meta name=\"robots\" content=\"index, follow, max-snippet:-1, max-image-preview:large, max-video-preview:-1\" \/>\n<link rel=\"canonical\" href=\"https:\/\/www.ramedigitalstore.com\/de\/prodotto\/microsoft-office-professional-plus-2021-pc-microsoft-key-global\/\" \/>\n<meta property=\"og:locale\" content=\"de_DE\" \/>\n<meta property=\"og:type\" content=\"article\" \/>\n<meta property=\"og:title\" content=\"Microsoft Office Professional Plus 2021 (PC) - Microsoft Key - GLOBAL\" \/>\n<meta property=\"og:description\" content=\"Don&#039;t miss this offer! It won&#039;t be around forever!  Microsoft Office Professional Plus 2021!  \u2713 CD-KEY \u27138 App. : Access, Excel, OneNote, Outlook, PowerPoint, Publisher, Word e Skype for Business \u2713 Dedicated support \u2713 Delivery by email in up to 6 hours\" \/>\n<meta property=\"og:url\" content=\"https:\/\/www.ramedigitalstore.com\/de\/prodotto\/microsoft-office-professional-plus-2021-pc-microsoft-key-global\/\" \/>\n<meta property=\"og:site_name\" content=\"Rame Digital\" \/>\n<meta property=\"article:publisher\" content=\"https:\/\/www.facebook.com\/RameDigitalOfficial\" \/>\n<meta property=\"article:modified_time\" content=\"2023-10-29T20:24:40+00:00\" \/>\n<meta property=\"og:image\" content=\"https:\/\/www.ramedigitalstore.com\/wp-content\/uploads\/2022\/05\/Software_Box_Mockup_officie-bianco.jpg\" \/>\n\t<meta property=\"og:image:width\" content=\"1750\" \/>\n\t<meta property=\"og:image:height\" content=\"1750\" \/>\n\t<meta property=\"og:image:type\" content=\"image\/jpeg\" \/>\n<meta name=\"twitter:card\" content=\"summary_large_image\" \/>\n<meta name=\"twitter:label1\" content=\"Gesch\u00e4tzte Lesezeit\" \/>\n\t<meta name=\"twitter:data1\" content=\"3\u00a0Minuten\" \/>\n<script type=\"application\/ld+json\" class=\"yoast-schema-graph\">{\"@context\":\"https:\\\/\\\/schema.org\",\"@graph\":[{\"@type\":\"WebPage\",\"@id\":\"https:\\\/\\\/www.ramedigitalstore.com\\\/prodotto\\\/microsoft-office-professional-plus-2021-pc-microsoft-key-global\\\/\",\"url\":\"https:\\\/\\\/www.ramedigitalstore.com\\\/prodotto\\\/microsoft-office-professional-plus-2021-pc-microsoft-key-global\\\/\",\"name\":\"Microsoft Office Professional Plus 2021 (PC) - Microsoft Key - GLOBAL - Rame Digital\",\"isPartOf\":{\"@id\":\"https:\\\/\\\/www.ramedigitalstore.com\\\/#website\"},\"primaryImageOfPage\":{\"@id\":\"https:\\\/\\\/www.ramedigitalstore.com\\\/prodotto\\\/microsoft-office-professional-plus-2021-pc-microsoft-key-global\\\/#primaryimage\"},\"image\":{\"@id\":\"https:\\\/\\\/www.ramedigitalstore.com\\\/prodotto\\\/microsoft-office-professional-plus-2021-pc-microsoft-key-global\\\/#primaryimage\"},\"thumbnailUrl\":\"https:\\\/\\\/www.ramedigitalstore.com\\\/wp-content\\\/uploads\\\/2022\\\/05\\\/Software_Box_Mockup_officie-bianco.jpg\",\"datePublished\":\"2022-05-17T13:51:25+00:00\",\"dateModified\":\"2023-10-29T20:24:40+00:00\",\"breadcrumb\":{\"@id\":\"https:\\\/\\\/www.ramedigitalstore.com\\\/prodotto\\\/microsoft-office-professional-plus-2021-pc-microsoft-key-global\\\/#breadcrumb\"},\"inLanguage\":\"de\",\"potentialAction\":[{\"@type\":\"ReadAction\",\"target\":[\"https:\\\/\\\/www.ramedigitalstore.com\\\/prodotto\\\/microsoft-office-professional-plus-2021-pc-microsoft-key-global\\\/\"]}]},{\"@type\":\"ImageObject\",\"inLanguage\":\"de\",\"@id\":\"https:\\\/\\\/www.ramedigitalstore.com\\\/prodotto\\\/microsoft-office-professional-plus-2021-pc-microsoft-key-global\\\/#primaryimage\",\"url\":\"https:\\\/\\\/www.ramedigitalstore.com\\\/wp-content\\\/uploads\\\/2022\\\/05\\\/Software_Box_Mockup_officie-bianco.jpg\",\"contentUrl\":\"https:\\\/\\\/www.ramedigitalstore.com\\\/wp-content\\\/uploads\\\/2022\\\/05\\\/Software_Box_Mockup_officie-bianco.jpg\",\"width\":1750,\"height\":1750},{\"@type\":\"BreadcrumbList\",\"@id\":\"https:\\\/\\\/www.ramedigitalstore.com\\\/prodotto\\\/microsoft-office-professional-plus-2021-pc-microsoft-key-global\\\/#breadcrumb\",\"itemListElement\":[{\"@type\":\"ListItem\",\"position\":1,\"name\":\"Home\",\"item\":\"https:\\\/\\\/www.ramedigitalstore.com\\\/\"},{\"@type\":\"ListItem\",\"position\":2,\"name\":\"Shop\",\"item\":\"https:\\\/\\\/www.ramedigitalstore.com\\\/shop\\\/\"},{\"@type\":\"ListItem\",\"position\":3,\"name\":\"Microsoft Office Professional Plus 2021 (PC) &#8211; Microsoft Key &#8211; GLOBAL\"}]},{\"@type\":\"WebSite\",\"@id\":\"https:\\\/\\\/www.ramedigitalstore.com\\\/#website\",\"url\":\"https:\\\/\\\/www.ramedigitalstore.com\\\/\",\"name\":\"Rame Digital\",\"description\":\"Digital store par excellence\",\"publisher\":{\"@id\":\"https:\\\/\\\/www.ramedigitalstore.com\\\/#organization\"},\"potentialAction\":[{\"@type\":\"SearchAction\",\"target\":{\"@type\":\"EntryPoint\",\"urlTemplate\":\"https:\\\/\\\/www.ramedigitalstore.com\\\/?s={search_term_string}\"},\"query-input\":{\"@type\":\"PropertyValueSpecification\",\"valueRequired\":true,\"valueName\":\"search_term_string\"}}],\"inLanguage\":\"de\"},{\"@type\":\"Organization\",\"@id\":\"https:\\\/\\\/www.ramedigitalstore.com\\\/#organization\",\"name\":\"Rame Digital\",\"url\":\"https:\\\/\\\/www.ramedigitalstore.com\\\/\",\"logo\":{\"@type\":\"ImageObject\",\"inLanguage\":\"de\",\"@id\":\"https:\\\/\\\/www.ramedigitalstore.com\\\/#\\\/schema\\\/logo\\\/image\\\/\",\"url\":\"https:\\\/\\\/www.ramedigitalstore.com\\\/wp-content\\\/uploads\\\/2021\\\/04\\\/Logo-new-quadrato-1-e1619205976915.png\",\"contentUrl\":\"https:\\\/\\\/www.ramedigitalstore.com\\\/wp-content\\\/uploads\\\/2021\\\/04\\\/Logo-new-quadrato-1-e1619205976915.png\",\"width\":256,\"height\":256,\"caption\":\"Rame Digital\"},\"image\":{\"@id\":\"https:\\\/\\\/www.ramedigitalstore.com\\\/#\\\/schema\\\/logo\\\/image\\\/\"},\"sameAs\":[\"https:\\\/\\\/www.facebook.com\\\/RameDigitalOfficial\",\"https:\\\/\\\/www.instagram.com\\\/rame_digital_official\\\/\"]}]}<\/script>\n<!-- \/ Yoast SEO Premium plugin. -->","yoast_head_json":{"title":"Microsoft Office Professional Plus 2021 (PC) - Microsoft Key - GLOBAL - Rame Digital","robots":{"index":"index","follow":"follow","max-snippet":"max-snippet:-1","max-image-preview":"max-image-preview:large","max-video-preview":"max-video-preview:-1"},"canonical":"https:\/\/www.ramedigitalstore.com\/de\/prodotto\/microsoft-office-professional-plus-2021-pc-microsoft-key-global\/","og_locale":"de_DE","og_type":"article","og_title":"Microsoft Office Professional Plus 2021 (PC) - Microsoft Key - GLOBAL","og_description":"Don't miss this offer! It won't be around forever!  Microsoft Office Professional Plus 2021!  \u2713 CD-KEY \u27138 App. : Access, Excel, OneNote, Outlook, PowerPoint, Publisher, Word e Skype for Business \u2713 Dedicated support \u2713 Delivery by email in up to 6 hours","og_url":"https:\/\/www.ramedigitalstore.com\/de\/prodotto\/microsoft-office-professional-plus-2021-pc-microsoft-key-global\/","og_site_name":"Rame Digital","article_publisher":"https:\/\/www.facebook.com\/RameDigitalOfficial","article_modified_time":"2023-10-29T20:24:40+00:00","og_image":[{"width":1750,"height":1750,"url":"https:\/\/www.ramedigitalstore.com\/wp-content\/uploads\/2022\/05\/Software_Box_Mockup_officie-bianco.jpg","type":"image\/jpeg"}],"twitter_card":"summary_large_image","twitter_misc":{"Gesch\u00e4tzte Lesezeit":"3\u00a0Minuten"},"schema":{"@context":"https:\/\/schema.org","@graph":[{"@type":"WebPage","@id":"https:\/\/www.ramedigitalstore.com\/prodotto\/microsoft-office-professional-plus-2021-pc-microsoft-key-global\/","url":"https:\/\/www.ramedigitalstore.com\/prodotto\/microsoft-office-professional-plus-2021-pc-microsoft-key-global\/","name":"Microsoft Office Professional Plus 2021 (PC) - Microsoft Key - GLOBAL - Rame Digital","isPartOf":{"@id":"https:\/\/www.ramedigitalstore.com\/#website"},"primaryImageOfPage":{"@id":"https:\/\/www.ramedigitalstore.com\/prodotto\/microsoft-office-professional-plus-2021-pc-microsoft-key-global\/#primaryimage"},"image":{"@id":"https:\/\/www.ramedigitalstore.com\/prodotto\/microsoft-office-professional-plus-2021-pc-microsoft-key-global\/#primaryimage"},"thumbnailUrl":"https:\/\/www.ramedigitalstore.com\/wp-content\/uploads\/2022\/05\/Software_Box_Mockup_officie-bianco.jpg","datePublished":"2022-05-17T13:51:25+00:00","dateModified":"2023-10-29T20:24:40+00:00","breadcrumb":{"@id":"https:\/\/www.ramedigitalstore.com\/prodotto\/microsoft-office-professional-plus-2021-pc-microsoft-key-global\/#breadcrumb"},"inLanguage":"de","potentialAction":[{"@type":"ReadAction","target":["https:\/\/www.ramedigitalstore.com\/prodotto\/microsoft-office-professional-plus-2021-pc-microsoft-key-global\/"]}]},{"@type":"ImageObject","inLanguage":"de","@id":"https:\/\/www.ramedigitalstore.com\/prodotto\/microsoft-office-professional-plus-2021-pc-microsoft-key-global\/#primaryimage","url":"https:\/\/www.ramedigitalstore.com\/wp-content\/uploads\/2022\/05\/Software_Box_Mockup_officie-bianco.jpg","contentUrl":"https:\/\/www.ramedigitalstore.com\/wp-content\/uploads\/2022\/05\/Software_Box_Mockup_officie-bianco.jpg","width":1750,"height":1750},{"@type":"BreadcrumbList","@id":"https:\/\/www.ramedigitalstore.com\/prodotto\/microsoft-office-professional-plus-2021-pc-microsoft-key-global\/#breadcrumb","itemListElement":[{"@type":"ListItem","position":1,"name":"Home","item":"https:\/\/www.ramedigitalstore.com\/"},{"@type":"ListItem","position":2,"name":"Shop","item":"https:\/\/www.ramedigitalstore.com\/shop\/"},{"@type":"ListItem","position":3,"name":"Microsoft Office Professional Plus 2021 (PC) &#8211; Microsoft Key &#8211; GLOBAL"}]},{"@type":"WebSite","@id":"https:\/\/www.ramedigitalstore.com\/#website","url":"https:\/\/www.ramedigitalstore.com\/","name":"Rame Digital","description":"Digitaler Laden par excellence","publisher":{"@id":"https:\/\/www.ramedigitalstore.com\/#organization"},"potentialAction":[{"@type":"SearchAction","target":{"@type":"EntryPoint","urlTemplate":"https:\/\/www.ramedigitalstore.com\/?s={search_term_string}"},"query-input":{"@type":"PropertyValueSpecification","valueRequired":true,"valueName":"search_term_string"}}],"inLanguage":"de"},{"@type":"Organization","@id":"https:\/\/www.ramedigitalstore.com\/#organization","name":"Rame Digital","url":"https:\/\/www.ramedigitalstore.com\/","logo":{"@type":"ImageObject","inLanguage":"de","@id":"https:\/\/www.ramedigitalstore.com\/#\/schema\/logo\/image\/","url":"https:\/\/www.ramedigitalstore.com\/wp-content\/uploads\/2021\/04\/Logo-new-quadrato-1-e1619205976915.png","contentUrl":"https:\/\/www.ramedigitalstore.com\/wp-content\/uploads\/2021\/04\/Logo-new-quadrato-1-e1619205976915.png","width":256,"height":256,"caption":"Rame Digital"},"image":{"@id":"https:\/\/www.ramedigitalstore.com\/#\/schema\/logo\/image\/"},"sameAs":["https:\/\/www.facebook.com\/RameDigitalOfficial","https:\/\/www.instagram.com\/rame_digital_official\/"]}]}},"jetpack_sharing_enabled":true,"_links":{"self":[{"href":"https:\/\/www.ramedigitalstore.com\/de\/wp-json\/wp\/v2\/product\/3489","targetHints":{"allow":["GET"]}}],"collection":[{"href":"https:\/\/www.ramedigitalstore.com\/de\/wp-json\/wp\/v2\/product"}],"about":[{"href":"https:\/\/www.ramedigitalstore.com\/de\/wp-json\/wp\/v2\/types\/product"}],"version-history":[{"count":1,"href":"https:\/\/www.ramedigitalstore.com\/de\/wp-json\/wp\/v2\/product\/3489\/revisions"}],"predecessor-version":[{"id":5024,"href":"https:\/\/www.ramedigitalstore.com\/de\/wp-json\/wp\/v2\/product\/3489\/revisions\/5024"}],"wp:featuredmedia":[{"embeddable":true,"href":"https:\/\/www.ramedigitalstore.com\/de\/wp-json\/wp\/v2\/media\/3491"}],"wp:attachment":[{"href":"https:\/\/www.ramedigitalstore.com\/de\/wp-json\/wp\/v2\/media?parent=3489"}],"wp:term":[{"taxonomy":"product_brand","embeddable":true,"href":"https:\/\/www.ramedigitalstore.com\/de\/wp-json\/wp\/v2\/product_brand?post=3489"},{"taxonomy":"product_cat","embeddable":true,"href":"https:\/\/www.ramedigitalstore.com\/de\/wp-json\/wp\/v2\/product_cat?post=3489"},{"taxonomy":"product_tag","embeddable":true,"href":"https:\/\/www.ramedigitalstore.com\/de\/wp-json\/wp\/v2\/product_tag?post=3489"}],"curies":[{"name":"wp","href":"https:\/\/api.w.org\/{rel}","templated":true}]}}