{"id":377,"date":"2021-09-10T18:31:24","date_gmt":"2021-09-10T18:31:24","guid":{"rendered":"https:\/\/themes.muffingroup.com\/betheme-store_el\/?page_id=377"},"modified":"2021-09-10T18:31:24","modified_gmt":"2021-09-10T18:31:24","slug":"terms-of-use","status":"publish","type":"page","link":"https:\/\/www.ramedigitalstore.com\/es\/condiciones-de-uso\/","title":{"rendered":"Condiciones de uso"},"content":{"rendered":"<div data-elementor-type=\"wp-page\" data-elementor-id=\"377\" class=\"elementor elementor-377\" data-elementor-post-type=\"page\">\n\t\t\t\t\t\t<section data-particle_enable=\"false\" data-particle-mobile-disabled=\"false\" class=\"elementor-section elementor-top-section elementor-element elementor-element-2dd5c49 elementor-section-stretched elementor-section-boxed elementor-section-height-default elementor-section-height-default\" data-id=\"2dd5c49\" data-element_type=\"section\" data-e-type=\"section\" data-settings=\"{&quot;stretch_section&quot;:&quot;section-stretched&quot;}\">\n\t\t\t\t\t\t<div class=\"elementor-container elementor-column-gap-wider\">\n\t\t\t\t\t<div class=\"elementor-column elementor-col-100 elementor-top-column elementor-element elementor-element-a91f7c3\" data-id=\"a91f7c3\" data-element_type=\"column\" data-e-type=\"column\">\n\t\t\t<div class=\"elementor-widget-wrap elementor-element-populated\">\n\t\t\t\t\t\t<section data-particle_enable=\"false\" data-particle-mobile-disabled=\"false\" class=\"elementor-section elementor-inner-section elementor-element elementor-element-0266407 elementor-section-boxed elementor-section-height-default elementor-section-height-default\" data-id=\"0266407\" data-element_type=\"section\" data-e-type=\"section\">\n\t\t\t\t\t\t<div class=\"elementor-container elementor-column-gap-default\">\n\t\t\t\t\t<div class=\"elementor-column elementor-col-33 elementor-inner-column elementor-element elementor-element-55e1faa\" data-id=\"55e1faa\" data-element_type=\"column\" data-e-type=\"column\">\n\t\t\t<div class=\"elementor-widget-wrap elementor-element-populated\">\n\t\t\t\t\t\t<div class=\"elementor-element elementor-element-192fa24 elementor-widget elementor-widget-text-editor\" data-id=\"192fa24\" data-element_type=\"widget\" data-e-type=\"widget\" data-widget_type=\"text-editor.default\">\n\t\t\t\t<div class=\"elementor-widget-container\">\n\t\t\t\t\t\t\t\t\t<h4>Contenido<\/h4>\n<ul>\n \t<li><a class=\"scroll\" href=\"#terms1\">T\u00e9rminos y condiciones<\/a><\/li>\n \t<li><a class=\"scroll\" href=\"#terms2\">Galletas<\/a><\/li>\n \t<li><a class=\"scroll\" href=\"#terms3\">Licencia<\/a><\/li>\n \t<li><a class=\"scroll\" href=\"#terms4\">Hiperv\u00ednculos a nuestro contenido<\/a><\/li>\n \t<li><a class=\"scroll\" href=\"#terms5\">iFrames<\/a><\/li>\n \t<li><a class=\"scroll\" href=\"#terms6\">Responsabilidad por el contenido<\/a><\/li>\n \t<li><a class=\"scroll\" href=\"#terms7\">Su privacidad<\/a><\/li>\n \t<li><a class=\"scroll\" href=\"#terms8\">Reserva de derechos<\/a><\/li>\n \t<li><a class=\"scroll\" href=\"#terms9\">Descargo de responsabilidad<\/a><\/li>\n<\/ul>\t\t\t\t\t\t\t\t<\/div>\n\t\t\t\t<\/div>\n\t\t\t\t\t<\/div>\n\t\t<\/div>\n\t\t\t\t<div class=\"elementor-column elementor-col-66 elementor-inner-column elementor-element elementor-element-159f88e\" data-id=\"159f88e\" data-element_type=\"column\" data-e-type=\"column\">\n\t\t\t<div class=\"elementor-widget-wrap elementor-element-populated\">\n\t\t\t\t\t\t<div class=\"elementor-element elementor-element-04b6d72 elementor-widget elementor-widget-text-editor\" data-id=\"04b6d72\" data-element_type=\"widget\" data-e-type=\"widget\" id=\"terms1\" data-widget_type=\"text-editor.default\">\n\t\t\t\t<div class=\"elementor-widget-container\">\n\t\t\t\t\t\t\t\t\t<h4>T\u00e9rminos y condiciones<\/h4>\n<h6>\u00a1Bienvenido a Bethemestore!<\/h6>\nLas presentes condiciones describen las normas de uso de <b>Bethemestore<\/b>El sitio web de la empresa, situado en Australia.\n\nAl acceder a este sitio web, asumimos que acepta estos t\u00e9rminos y condiciones. No contin\u00fae utilizando BeShop si no est\u00e1 de acuerdo en aceptar todos los t\u00e9rminos y condiciones establecidos en esta p\u00e1gina.\n\nLa siguiente terminolog\u00eda se aplica a estas condiciones, a la declaraci\u00f3n de privacidad y al aviso de exenci\u00f3n de responsabilidad, as\u00ed como a todos los acuerdos: \"Cliente\", \"Usted\" y \"Su\" se refiere a usted, la persona que se registra en este sitio web y que cumple con los t\u00e9rminos y condiciones de la Compa\u00f1\u00eda. \"La Compa\u00f1\u00eda\", \"Nosotros\", \"Nuestro\" y \"Nosotros\", se refiere a nuestra Compa\u00f1\u00eda. \"Parte\", \"Partes\" o \"Nosotros\", se refiere tanto al Cliente como a nosotros. Todos los t\u00e9rminos se refieren a la oferta, la aceptaci\u00f3n y la contraprestaci\u00f3n necesaria para llevar a cabo el proceso de nuestra asistencia al Cliente de la manera m\u00e1s adecuada con el prop\u00f3sito expreso de satisfacer las necesidades del Cliente con respecto a la prestaci\u00f3n de los servicios indicados de la Compa\u00f1\u00eda, de acuerdo con y con sujeci\u00f3n a la legislaci\u00f3n vigente de los Pa\u00edses Bajos. Cualquier uso de la terminolog\u00eda anterior u otras palabras en singular, plural, may\u00fasculas y\/o \u00e9l\/ella o ellos, se consideran intercambiables y por lo tanto se refieren a lo mismo.\t\t\t\t\t\t\t\t<\/div>\n\t\t\t\t<\/div>\n\t\t\t\t<div class=\"elementor-element elementor-element-a9cc29e elementor-widget elementor-widget-text-editor\" data-id=\"a9cc29e\" data-element_type=\"widget\" data-e-type=\"widget\" id=\"terms2\" data-widget_type=\"text-editor.default\">\n\t\t\t\t<div class=\"elementor-widget-container\">\n\t\t\t\t\t\t\t\t\t<h4>Galletas<\/h4>\nEmpleamos el uso de cookies. Al acceder a <b>Bethemestore<\/b>, usted acept\u00f3 el uso de cookies de acuerdo con la <b>Bethemestore<\/b>Pol\u00edtica de privacidad.\n\nLa mayor\u00eda de los sitios web interactivos utilizan cookies para permitirnos recuperar los datos del usuario en cada visita. Nuestro sitio web utiliza cookies para permitir la funcionalidad de ciertas \u00e1reas y facilitar la visita a nuestro sitio web. Algunos de nuestros socios afiliados\/publicitarios tambi\u00e9n pueden utilizar cookies.\t\t\t\t\t\t\t\t<\/div>\n\t\t\t\t<\/div>\n\t\t\t\t<div class=\"elementor-element elementor-element-95db78e elementor-widget elementor-widget-text-editor\" data-id=\"95db78e\" data-element_type=\"widget\" data-e-type=\"widget\" id=\"terms3\" data-widget_type=\"text-editor.default\">\n\t\t\t\t<div class=\"elementor-widget-container\">\n\t\t\t\t\t\t\t\t\t<h4>Licencia<\/h4>\n<p>A menos que se indique lo contrario, Bethemestore y\/o sus licenciatarios poseen los derechos de propiedad intelectual de todo el material de BethemeStore. Todos los derechos de propiedad intelectual est\u00e1n reservados. Usted puede acceder a esto desde Bethemestore para su uso personal sujeto a las restricciones establecidas en estos t\u00e9rminos y condiciones.<\/p>\n<b>No debes:<\/b>\n<ul>\n\t<li>Volver a publicar material de BethemeStore<\/li>\n\t<li>Vender, alquilar o sublicenciar material de BethemeStore<\/li>\n\t<li>Reproducir, duplicar o copiar material de BethemeStore<\/li>\n\t<li>Redistribuir el contenido de BethemeStore<\/li>\n<\/ul>\n<p>El presente Acuerdo comenzar\u00e1 en la fecha del mismo. Nuestros T\u00e9rminos y Condiciones fueron creados con la ayuda del Generador de T\u00e9rminos y Condiciones.<\/p>\n<p>Algunas partes de este sitio web ofrecen a los usuarios la oportunidad de publicar e intercambiar opiniones e informaci\u00f3n en ciertas \u00e1reas del sitio web. Bethemestore no filtra, edita, publica o revisa los Comentarios antes de su presencia en el sitio web. Los comentarios no reflejan los puntos de vista y opiniones de BethemeStore, sus agentes y\/o afiliados. Los comentarios reflejan los puntos de vista y las opiniones de la persona que publica sus puntos de vista y opiniones. En la medida permitida por las leyes aplicables, Bethemestore no ser\u00e1 responsable de los Comentarios o de cualquier responsabilidad, da\u00f1o o gasto causado y\/o sufrido como resultado de cualquier uso y\/o publicaci\u00f3n y\/o aparici\u00f3n de los Comentarios en este sitio web.<\/p>\n<p>Bethemestore se reserva el derecho de supervisar todos los comentarios y de eliminar aquellos que puedan considerarse inapropiados, ofensivos o que supongan un incumplimiento de estos T\u00e9rminos y Condiciones.<\/p>\n<b>Usted garantiza y declara que:<\/b>\n<ul>\n\t<li>Usted tiene derecho a publicar los Comentarios en nuestro sitio web y tiene todas las licencias y consentimientos necesarios para hacerlo;<\/li>\n\t<li>Los comentarios no invaden ning\u00fan derecho de propiedad intelectual, incluidos, sin limitaci\u00f3n, los derechos de autor, las patentes o las marcas comerciales de terceros;<\/li>\n\t<li>Los Comentarios no contienen ning\u00fan material difamatorio, calumnioso, ofensivo, indecente o que suponga una invasi\u00f3n de la privacidad;<\/li>\n\t<li>Los comentarios no se utilizar\u00e1n para solicitar o promover negocios o costumbres o presentar actividades comerciales o il\u00edcitas;<\/li>\n<\/ul>\n<p>Usted concede a Bethemestore una licencia no exclusiva para utilizar, reproducir, editar y autorizar a otros a utilizar, reproducir y editar cualquiera de sus Comentarios en cualquier forma, formato o medio.<\/p>\t\t\t\t\t\t\t\t<\/div>\n\t\t\t\t<\/div>\n\t\t\t\t<div class=\"elementor-element elementor-element-673ad03 elementor-widget elementor-widget-text-editor\" data-id=\"673ad03\" data-element_type=\"widget\" data-e-type=\"widget\" id=\"terms4\" data-widget_type=\"text-editor.default\">\n\t\t\t\t<div class=\"elementor-widget-container\">\n\t\t\t\t\t\t\t\t\t<h4>Hiperv\u00ednculos a nuestro contenido<\/h4>\n<p>Las siguientes organizaciones pueden enlazar con nuestro sitio web sin necesidad de aprobaci\u00f3n previa por escrito:\n<\/p>\n    <ul>\n\t<li>Agencias gubernamentales;<\/li>\n\t<li>Motores de b\u00fasqueda;<\/li>\n\t<li>Organizaciones de noticias;<\/li>\n\t<li>Los distribuidores de directorios en l\u00ednea pueden enlazar con nuestro sitio web de la misma manera que lo hacen con los sitios web de otras empresas incluidas;<\/li>\n\t<li>Empresas acreditadas en todo el sistema, excepto las organizaciones sin \u00e1nimo de lucro, los centros comerciales ben\u00e9ficos y los grupos de recaudaci\u00f3n de fondos ben\u00e9ficos, que no pueden establecer un hiperv\u00ednculo con nuestro sitio web.<\/li>\n<\/ul>\n<p>Estas organizaciones pueden enlazar con nuestra p\u00e1gina de inicio, con publicaciones o con otra informaci\u00f3n del sitio web siempre que el enlace (a) no sea de ninguna manera enga\u00f1oso; (b) no implique falsamente el patrocinio, el respaldo o la aprobaci\u00f3n de la parte que enlaza y de sus productos y\/o servicios; y (c) se ajuste al contexto del sitio de la parte que enlaza.<\/p>\n<p>Podemos considerar y aprobar otras solicitudes de enlaces de los siguientes tipos de organizaciones:<\/p>\n<ul>\n\t<li>fuentes de informaci\u00f3n com\u00fanmente conocidas por los consumidores y\/o las empresas;<\/li>\n\t<li>sitios de la comunidad punto.com;<\/li>\n\t<li>asociaciones u otros grupos que representen a las organizaciones ben\u00e9ficas;<\/li>\n\t<li>distribuidores de directorios en l\u00ednea;<\/li>\n\t<li>portales de Internet;<\/li>\n\t<li>empresas de contabilidad, derecho y consultor\u00eda;<\/li>\n\t<li>instituciones educativas y asociaciones comerciales.<\/li>\n<\/ul>\n<p>Aprobaremos las solicitudes de enlace de estas organizaciones si decidimos que (a) el enlace no nos hace quedar mal a nosotros o a nuestras empresas acreditadas; (b) la organizaci\u00f3n no tiene antecedentes negativos con nosotros; (c) el beneficio para nosotros de la visibilidad del hiperv\u00ednculo compensa la ausencia de Bethemestore; y (d) el enlace est\u00e1 en el contexto de la informaci\u00f3n de recursos generales.<\/p>\n<p>Estas organizaciones pueden enlazar con nuestra p\u00e1gina de inicio siempre que el enlace (a) no sea de ninguna manera enga\u00f1oso; (b) no implique falsamente el patrocinio, el respaldo o la aprobaci\u00f3n de la parte que enlaza y de sus productos o servicios; y (c) se ajuste al contexto del sitio de la parte que enlaza.<\/p>\n<p>Si usted es una de las organizaciones enumeradas en el apartado 2 anterior y est\u00e1 interesado en establecer un enlace con nuestro sitio web, debe informarnos enviando un correo electr\u00f3nico a Bethemestore . Por favor, incluya su nombre, el nombre de su organizaci\u00f3n, la informaci\u00f3n de contacto, as\u00ed como la URL de su sitio, una lista de las URL desde las que pretende enlazar con nuestro sitio web, y una lista de las URL de nuestro sitio a las que le gustar\u00eda enlazar. Espere 2-3 semanas para recibir una respuesta.<\/p>\n<p>Las organizaciones autorizadas pueden establecer hiperv\u00ednculos con nuestro sitio web de la siguiente manera:<\/p>\n<ul>\n\t<li> Mediante el uso de nuestro nombre corporativo; o<\/li>\n\t<li>Mediante el uso del localizador uniforme de recursos al que se enlaza; o<\/li>\n\t<li> Mediante el uso de cualquier otra descripci\u00f3n de nuestro sitio web al que se enlaza que tenga sentido dentro del contexto y el formato del contenido del sitio de la parte que enlaza.<\/li>\n<\/ul>\n<p>No se permitir\u00e1 el uso del logotipo de Bethemestore ni de otras ilustraciones para los enlaces sin un acuerdo de licencia de marca.<\/p>\t\t\t\t\t\t\t\t<\/div>\n\t\t\t\t<\/div>\n\t\t\t\t<div class=\"elementor-element elementor-element-ad3d099 elementor-widget elementor-widget-text-editor\" data-id=\"ad3d099\" data-element_type=\"widget\" data-e-type=\"widget\" id=\"terms5\" data-widget_type=\"text-editor.default\">\n\t\t\t\t<div class=\"elementor-widget-container\">\n\t\t\t\t\t\t\t\t\t<h4>iFrames<\/h4>\nSin la aprobaci\u00f3n previa y el permiso por escrito, usted no puede crear marcos alrededor de nuestras p\u00e1ginas web que alteren de alguna manera la presentaci\u00f3n visual o la apariencia de nuestro sitio web.\t\t\t\t\t\t\t\t<\/div>\n\t\t\t\t<\/div>\n\t\t\t\t<div class=\"elementor-element elementor-element-bd2b8ad elementor-widget elementor-widget-text-editor\" data-id=\"bd2b8ad\" data-element_type=\"widget\" data-e-type=\"widget\" id=\"terms6\" data-widget_type=\"text-editor.default\">\n\t\t\t\t<div class=\"elementor-widget-container\">\n\t\t\t\t\t\t\t\t\t<h4>Responsabilidad por el contenido<\/h4>\nNo seremos responsables de ning\u00fan contenido que aparezca en su sitio web. Usted se compromete a protegernos y defendernos de todas las reclamaciones que surjan en su Sitio Web. No debe aparecer ning\u00fan enlace en ning\u00fan sitio web que pueda interpretarse como difamatorio, obsceno o delictivo, o que infrinja, viole o propugne la infracci\u00f3n u otra violaci\u00f3n de derechos de terceros.\t\t\t\t\t\t\t\t<\/div>\n\t\t\t\t<\/div>\n\t\t\t\t<div class=\"elementor-element elementor-element-82bb338 elementor-widget elementor-widget-text-editor\" data-id=\"82bb338\" data-element_type=\"widget\" data-e-type=\"widget\" id=\"terms7\" data-widget_type=\"text-editor.default\">\n\t\t\t\t<div class=\"elementor-widget-container\">\n\t\t\t\t\t\t\t\t\t<h4>Su privacidad<\/h4>\n<a href=\"https:\/\/www.ramedigitalstore.com\/es\/privacy-policy\/\">Lea la pol\u00edtica de privacidad<\/a>\t\t\t\t\t\t\t\t<\/div>\n\t\t\t\t<\/div>\n\t\t\t\t<div class=\"elementor-element elementor-element-460197e elementor-widget elementor-widget-text-editor\" data-id=\"460197e\" data-element_type=\"widget\" data-e-type=\"widget\" id=\"terms8\" data-widget_type=\"text-editor.default\">\n\t\t\t\t<div class=\"elementor-widget-container\">\n\t\t\t\t\t\t\t\t\t<h4>Reserva de derechos<\/h4>\nNos reservamos el derecho de solicitarle que elimine todos los enlaces o cualquier enlace particular a nuestro Sitio Web. Usted se compromete a eliminar inmediatamente todos los enlaces a nuestro sitio web cuando se le solicite. Tambi\u00e9n nos reservamos el derecho de modificar estos t\u00e9rminos y condiciones y su pol\u00edtica de enlaces en cualquier momento. Al enlazar continuamente con nuestro sitio web, usted acepta someterse y seguir estos t\u00e9rminos y condiciones de enlace.\nEliminaci\u00f3n de enlaces de nuestro sitio web\n\nSi encuentra alg\u00fan enlace en nuestro sitio web que sea ofensivo por cualquier motivo, puede ponerse en contacto con nosotros e informarnos en cualquier momento. Tendremos en cuenta las solicitudes de eliminaci\u00f3n de enlaces, pero no estamos obligados a hacerlo ni a responderle directamente.\n\nNo aseguramos que la informaci\u00f3n contenida en este sitio web sea correcta, no garantizamos su integridad o exactitud; tampoco nos comprometemos a asegurar que el sitio web siga estando disponible o que el material del sitio web se mantenga actualizado.\t\t\t\t\t\t\t\t<\/div>\n\t\t\t\t<\/div>\n\t\t\t\t<div class=\"elementor-element elementor-element-bda9337 elementor-widget elementor-widget-text-editor\" data-id=\"bda9337\" data-element_type=\"widget\" data-e-type=\"widget\" id=\"terms9\" data-widget_type=\"text-editor.default\">\n\t\t\t\t<div class=\"elementor-widget-container\">\n\t\t\t\t\t\t\t\t\t<h4>Descargo de responsabilidad<\/h4>\nEn la medida m\u00e1xima permitida por la ley aplicable, excluimos todas las representaciones, garant\u00edas y condiciones relacionadas con nuestro sitio web y el uso de este sitio web. Nada de lo dispuesto en esta cl\u00e1usula de exenci\u00f3n de responsabilidad:\n<ul>\n \t<li>limitar o excluir nuestra responsabilidad o la suya en caso de muerte o da\u00f1os personales;<\/li>\n \t<li>limitar o excluir nuestra responsabilidad o la suya en caso de fraude o tergiversaci\u00f3n fraudulenta;<\/li>\n \t<li>limitar cualquiera de nuestras responsabilidades o las suyas de cualquier manera que no est\u00e9 permitida por la legislaci\u00f3n aplicable; o<\/li>\n \t<li>excluir cualquiera de nuestras responsabilidades o de las suyas que no puedan ser excluidas en virtud de la legislaci\u00f3n aplicable.<\/li>\n<\/ul>\nLas limitaciones y prohibiciones de responsabilidad establecidas en esta secci\u00f3n y en otras partes de este descargo de responsabilidad: (a) est\u00e1n sujetas al p\u00e1rrafo anterior; y (b) rigen todas las responsabilidades que surjan en virtud del descargo de responsabilidad, incluidas las responsabilidades contractuales, extracontractuales y por incumplimiento de obligaciones legales.\n\n<p>Mientras el sitio web y la informaci\u00f3n y los servicios del mismo se proporcionen de forma gratuita, no seremos responsables de ninguna p\u00e9rdida o da\u00f1o de cualquier naturaleza.<\/p>\t\t\t\t\t\t\t\t<\/div>\n\t\t\t\t<\/div>\n\t\t\t\t\t<\/div>\n\t\t<\/div>\n\t\t\t\t\t<\/div>\n\t\t<\/section>\n\t\t\t\t\t<\/div>\n\t\t<\/div>\n\t\t\t\t\t<\/div>\n\t\t<\/section>\n\t\t\t\t<\/div>","protected":false},"excerpt":{"rendered":"<p>Content Terms and Conditions Cookies License Hyperlinking to our Content iFrames Content Liability Your Privacy Reservation of Rights Disclaimer Terms and Conditions Welcome to Bethemestore! These terms and conditions outline the rules and regulations for the use of Bethemestore&#8216;s Website, located at Australia. By accessing this website we assume you accept these terms and conditions. [&hellip;]<\/p>\n","protected":false},"author":1,"featured_media":0,"parent":0,"menu_order":0,"comment_status":"closed","ping_status":"closed","template":"","meta":{"footnotes":""},"class_list":["post-377","page","type-page","status-publish","hentry"],"yoast_head":"<!-- This site is optimized with the Yoast SEO Premium plugin v21.9 (Yoast SEO v27.5) - https:\/\/yoast.com\/product\/yoast-seo-premium-wordpress\/ -->\n<title>Terms of use - Rame Digital<\/title>\n<meta name=\"robots\" content=\"index, follow, max-snippet:-1, max-image-preview:large, max-video-preview:-1\" \/>\n<link rel=\"canonical\" href=\"https:\/\/www.ramedigitalstore.com\/es\/conditions-dutilisation\/\" \/>\n<meta property=\"og:locale\" content=\"es_ES\" \/>\n<meta property=\"og:type\" content=\"article\" \/>\n<meta property=\"og:title\" content=\"Terms of use\" \/>\n<meta property=\"og:description\" content=\"Content Terms and Conditions Cookies License Hyperlinking to our Content iFrames Content Liability Your Privacy Reservation of Rights Disclaimer Terms and Conditions Welcome to Bethemestore! These terms and conditions outline the rules and regulations for the use of Bethemestore&#8216;s Website, located at Australia. By accessing this website we assume you accept these terms and conditions. [&hellip;]\" \/>\n<meta property=\"og:url\" content=\"https:\/\/www.ramedigitalstore.com\/es\/conditions-dutilisation\/\" \/>\n<meta property=\"og:site_name\" content=\"Rame Digital\" \/>\n<meta property=\"article:publisher\" content=\"https:\/\/www.facebook.com\/RameDigitalOfficial\" \/>\n<meta name=\"twitter:card\" content=\"summary_large_image\" \/>\n<meta name=\"twitter:label1\" content=\"Tiempo de lectura\" \/>\n\t<meta name=\"twitter:data1\" content=\"8 minutos\" \/>\n<script type=\"application\/ld+json\" class=\"yoast-schema-graph\">{\"@context\":\"https:\\\/\\\/schema.org\",\"@graph\":[{\"@type\":\"WebPage\",\"@id\":\"https:\\\/\\\/www.ramedigitalstore.com\\\/fr\\\/conditions-dutilisation\\\/\",\"url\":\"https:\\\/\\\/www.ramedigitalstore.com\\\/fr\\\/conditions-dutilisation\\\/\",\"name\":\"Terms of use - Rame Digital\",\"isPartOf\":{\"@id\":\"https:\\\/\\\/www.ramedigitalstore.com\\\/#website\"},\"datePublished\":\"2021-09-10T18:31:24+00:00\",\"breadcrumb\":{\"@id\":\"https:\\\/\\\/www.ramedigitalstore.com\\\/fr\\\/conditions-dutilisation\\\/#breadcrumb\"},\"inLanguage\":\"es\",\"potentialAction\":[{\"@type\":\"ReadAction\",\"target\":[\"https:\\\/\\\/www.ramedigitalstore.com\\\/fr\\\/conditions-dutilisation\\\/\"]}]},{\"@type\":\"BreadcrumbList\",\"@id\":\"https:\\\/\\\/www.ramedigitalstore.com\\\/fr\\\/conditions-dutilisation\\\/#breadcrumb\",\"itemListElement\":[{\"@type\":\"ListItem\",\"position\":1,\"name\":\"Home\",\"item\":\"https:\\\/\\\/www.ramedigitalstore.com\\\/\"},{\"@type\":\"ListItem\",\"position\":2,\"name\":\"Terms of use\"}]},{\"@type\":\"WebSite\",\"@id\":\"https:\\\/\\\/www.ramedigitalstore.com\\\/#website\",\"url\":\"https:\\\/\\\/www.ramedigitalstore.com\\\/\",\"name\":\"Rame Digital\",\"description\":\"Digital store par excellence\",\"publisher\":{\"@id\":\"https:\\\/\\\/www.ramedigitalstore.com\\\/#organization\"},\"potentialAction\":[{\"@type\":\"SearchAction\",\"target\":{\"@type\":\"EntryPoint\",\"urlTemplate\":\"https:\\\/\\\/www.ramedigitalstore.com\\\/?s={search_term_string}\"},\"query-input\":{\"@type\":\"PropertyValueSpecification\",\"valueRequired\":true,\"valueName\":\"search_term_string\"}}],\"inLanguage\":\"es\"},{\"@type\":\"Organization\",\"@id\":\"https:\\\/\\\/www.ramedigitalstore.com\\\/#organization\",\"name\":\"Rame Digital\",\"url\":\"https:\\\/\\\/www.ramedigitalstore.com\\\/\",\"logo\":{\"@type\":\"ImageObject\",\"inLanguage\":\"es\",\"@id\":\"https:\\\/\\\/www.ramedigitalstore.com\\\/#\\\/schema\\\/logo\\\/image\\\/\",\"url\":\"https:\\\/\\\/www.ramedigitalstore.com\\\/wp-content\\\/uploads\\\/2021\\\/04\\\/Logo-new-quadrato-1-e1619205976915.png\",\"contentUrl\":\"https:\\\/\\\/www.ramedigitalstore.com\\\/wp-content\\\/uploads\\\/2021\\\/04\\\/Logo-new-quadrato-1-e1619205976915.png\",\"width\":256,\"height\":256,\"caption\":\"Rame Digital\"},\"image\":{\"@id\":\"https:\\\/\\\/www.ramedigitalstore.com\\\/#\\\/schema\\\/logo\\\/image\\\/\"},\"sameAs\":[\"https:\\\/\\\/www.facebook.com\\\/RameDigitalOfficial\",\"https:\\\/\\\/www.instagram.com\\\/rame_digital_official\\\/\"]}]}<\/script>\n<!-- \/ Yoast SEO Premium plugin. -->","yoast_head_json":{"title":"Condiciones de uso - Rame Digital","robots":{"index":"index","follow":"follow","max-snippet":"max-snippet:-1","max-image-preview":"max-image-preview:large","max-video-preview":"max-video-preview:-1"},"canonical":"https:\/\/www.ramedigitalstore.com\/es\/conditions-dutilisation\/","og_locale":"es_ES","og_type":"article","og_title":"Terms of use","og_description":"Content Terms and Conditions Cookies License Hyperlinking to our Content iFrames Content Liability Your Privacy Reservation of Rights Disclaimer Terms and Conditions Welcome to Bethemestore! These terms and conditions outline the rules and regulations for the use of Bethemestore&#8216;s Website, located at Australia. By accessing this website we assume you accept these terms and conditions. [&hellip;]","og_url":"https:\/\/www.ramedigitalstore.com\/es\/conditions-dutilisation\/","og_site_name":"Rame Digital","article_publisher":"https:\/\/www.facebook.com\/RameDigitalOfficial","twitter_card":"summary_large_image","twitter_misc":{"Tiempo de lectura":"8 minutos"},"schema":{"@context":"https:\/\/schema.org","@graph":[{"@type":"WebPage","@id":"https:\/\/www.ramedigitalstore.com\/fr\/conditions-dutilisation\/","url":"https:\/\/www.ramedigitalstore.com\/fr\/conditions-dutilisation\/","name":"Condiciones de uso - Rame Digital","isPartOf":{"@id":"https:\/\/www.ramedigitalstore.com\/#website"},"datePublished":"2021-09-10T18:31:24+00:00","breadcrumb":{"@id":"https:\/\/www.ramedigitalstore.com\/fr\/conditions-dutilisation\/#breadcrumb"},"inLanguage":"es","potentialAction":[{"@type":"ReadAction","target":["https:\/\/www.ramedigitalstore.com\/fr\/conditions-dutilisation\/"]}]},{"@type":"BreadcrumbList","@id":"https:\/\/www.ramedigitalstore.com\/fr\/conditions-dutilisation\/#breadcrumb","itemListElement":[{"@type":"ListItem","position":1,"name":"Home","item":"https:\/\/www.ramedigitalstore.com\/"},{"@type":"ListItem","position":2,"name":"Terms of use"}]},{"@type":"WebSite","@id":"https:\/\/www.ramedigitalstore.com\/#website","url":"https:\/\/www.ramedigitalstore.com\/","name":"Rame Digital","description":"Tienda digital por excelencia","publisher":{"@id":"https:\/\/www.ramedigitalstore.com\/#organization"},"potentialAction":[{"@type":"SearchAction","target":{"@type":"EntryPoint","urlTemplate":"https:\/\/www.ramedigitalstore.com\/?s={search_term_string}"},"query-input":{"@type":"PropertyValueSpecification","valueRequired":true,"valueName":"search_term_string"}}],"inLanguage":"es"},{"@type":"Organization","@id":"https:\/\/www.ramedigitalstore.com\/#organization","name":"Rame Digital","url":"https:\/\/www.ramedigitalstore.com\/","logo":{"@type":"ImageObject","inLanguage":"es","@id":"https:\/\/www.ramedigitalstore.com\/#\/schema\/logo\/image\/","url":"https:\/\/www.ramedigitalstore.com\/wp-content\/uploads\/2021\/04\/Logo-new-quadrato-1-e1619205976915.png","contentUrl":"https:\/\/www.ramedigitalstore.com\/wp-content\/uploads\/2021\/04\/Logo-new-quadrato-1-e1619205976915.png","width":256,"height":256,"caption":"Rame Digital"},"image":{"@id":"https:\/\/www.ramedigitalstore.com\/#\/schema\/logo\/image\/"},"sameAs":["https:\/\/www.facebook.com\/RameDigitalOfficial","https:\/\/www.instagram.com\/rame_digital_official\/"]}]}},"jetpack_sharing_enabled":true,"_links":{"self":[{"href":"https:\/\/www.ramedigitalstore.com\/es\/wp-json\/wp\/v2\/pages\/377","targetHints":{"allow":["GET"]}}],"collection":[{"href":"https:\/\/www.ramedigitalstore.com\/es\/wp-json\/wp\/v2\/pages"}],"about":[{"href":"https:\/\/www.ramedigitalstore.com\/es\/wp-json\/wp\/v2\/types\/page"}],"author":[{"embeddable":true,"href":"https:\/\/www.ramedigitalstore.com\/es\/wp-json\/wp\/v2\/users\/1"}],"replies":[{"embeddable":true,"href":"https:\/\/www.ramedigitalstore.com\/es\/wp-json\/wp\/v2\/comments?post=377"}],"version-history":[{"count":0,"href":"https:\/\/www.ramedigitalstore.com\/es\/wp-json\/wp\/v2\/pages\/377\/revisions"}],"wp:attachment":[{"href":"https:\/\/www.ramedigitalstore.com\/es\/wp-json\/wp\/v2\/media?parent=377"}],"curies":[{"name":"wp","href":"https:\/\/api.w.org\/{rel}","templated":true}]}}