{"id":1255,"date":"2021-04-21T12:28:57","date_gmt":"2021-04-21T12:28:57","guid":{"rendered":"https:\/\/www.ramedigitalstore.com\/?post_type=product&#038;p=1255"},"modified":"2025-01-06T18:03:15","modified_gmt":"2025-01-06T18:03:15","slug":"xbox-game-pass-ultimate-6-months-key","status":"publish","type":"product","link":"https:\/\/www.ramedigitalstore.com\/es\/prodotto\/llave-xbox-game-pass-ultimate-6-months\/","title":{"rendered":"Xbox Game Pass Ultimate 6 meses - KEY"},"content":{"rendered":"<h3 style=\"text-align: center;\"><strong><span style=\"color: #8f00ff;\">Active su suscripci\u00f3n hoy mismo.<\/span><\/strong><\/h3>\n<h2 class=\"c-heading-1 f-lean\" style=\"text-align: center;\"><strong>Xbox Game Pass Ultimate 6 meses CLAVE<\/strong><\/h2>\n<h3 style=\"text-align: center;\">=<\/h3>\n<h2 style=\"text-align: center;\"><strong>Live Gold + Game Pass + EA Play<\/strong><\/h2>\n<p>&nbsp;<\/p>\n<p style=\"text-align: center;\">\u00a0Incluye todas las ventajas de Xbox Live Gold, m\u00e1s de 100 juegos de alta calidad gratuitos para consola, PC y dispositivos m\u00f3viles Android desde la nube (Beta), y una suscripci\u00f3n a EA Play, todo por un bajo precio mensual.<\/p>\n<h3 class=\"m-banner zpt jumpgcontainer\" style=\"text-align: center;\" data-grid=\"col-12\" data-bi-id=\"c1m2r6a3\" data-bi-name=\"c1m2r6a3\">CON Xbox Game Pass Ultimate<\/h3>\n<div class=\"banner-background\" data-bi-id=\"c2m2r6a3\" data-bi-name=\"c2m2r6a3\">\n<div class=\"m-banner zpt\" data-grid=\"col-12\" data-bi-id=\"c1c2m2r6a3\" data-bi-name=\"c1c2m2r6a3\">\n<p class=\"c-paragraph-2 x-hidden-focus\" style=\"text-align: center;\">S\u00e9 de los primeros en jugar a los \u00faltimos t\u00edtulos de Xbox Game Studios e ID@Xbox, disponibles para los miembros de Xbox Game Pass el mismo d\u00eda de su lanzamiento mundial.<\/p>\n<\/div>\n<\/div>\n<h3 class=\"c-heading-1 f-lean\" style=\"text-align: center;\">Xbox Game Pass Ultimate y EA Play<\/h3>\n<p style=\"text-align: center;\">Disfruta de los mejores t\u00edtulos de EA y de las ventajas del juego con EA Play. Los miembros ya pueden jugar en consola. En 2021, Xbox Game Pass para PC y los miembros recibir\u00e1n EA Play en Windows 10 sin coste adicional.<\/p>\n<h3 class=\"c-heading-2 f-lean\" style=\"text-align: center;\">Juega en los dispositivos que tienes<\/h3>\n<p class=\"c-paragraph-2 x-hidden-focus\" style=\"text-align: center;\">Descargue y juegue directamente en su consola Xbox o PC con Windows 10, o juegue en su tel\u00e9fono m\u00f3vil o tableta Android desde la nube (Beta) con la aplicaci\u00f3n m\u00f3vil Game Pass sin embargo .<\/p>\n<p>&nbsp;<\/p>\n<h3 style=\"text-align: center;\">Comprar Xbox Game Pass Ultimate - barato y seguro con Rame Digital<\/h3>\n<p style=\"text-align: center;\">Si has decidido comprar Game Pass Ultimate, puedes adquirir la suscripci\u00f3n completa en <a href=\"https:\/\/www.ramecorporation.com\/\">Rame Digital<\/a> en condiciones favorables. Los compradores se benefician aqu\u00ed de la calidad del servicio probado y disfrutan de un proceso de compra extremadamente sencillo y sin complicaciones. La suscripci\u00f3n deseada no se env\u00eda al cliente de forma engorrosa como un CD \/ DVD, en consecuencia, sino s\u00f3lo como una CLAVE por correo. As\u00ed, el cliente recibe su mercanc\u00eda inmediatamente despu\u00e9s de la compra y la recepci\u00f3n del dinero. Para saber m\u00e1s, por favor, lea: <a href=\"https:\/\/www.ramecorporation.com\/terms-and-condictions\/\">t\u00e9rminos y condiciones<\/a> y <a href=\"https:\/\/www.ramecorporation.com\/privacy-policy\/\">privacidad <\/a>o <a href=\"https:\/\/www.ramecorporation.com\/faqs\/\">Preguntas frecuentes <\/a><\/p>\n<p style=\"text-align: center;\">Sin embargo, con Rame Digital la asistencia es siempre gratuita.<\/p>\n<h3 class=\"text-center\" style=\"text-align: center;\">Sea cual sea el dispositivo que utilices, con Xbox game pass ultimate.<\/h3>\n<ul class=\"list list-withIcons\" style=\"text-align: center;\">\n<li><img decoding=\"async\" src=\"https:\/\/static3.avast.com\/20001227\/web\/i\/v2\/components\/win.svg\" alt=\"\" \/>Windows 10<\/li>\n<li>gratis todos los Xbox<\/li>\n<\/ul>\n<h2 class=\"text-center\" style=\"text-align: center;\"><\/h2>\n<h3 class=\"text-center\" style=\"text-align: center;\"><strong>Entrega r\u00e1pida, m\u00e1ximo 6H por correo electr\u00f3nico.<\/strong><\/h3>\n<h4 style=\"text-align: center;\">No se realizan reembolsos a quien no lea la descripci\u00f3n.<\/h4>\n<p style=\"text-align: center;\"><strong>\u00a1ATENCI\u00d3N!<\/strong> Para activar una suscripci\u00f3n en tu cuenta, no debes tener suscripciones activas a Xbox Game Pass Ultimate en este momento.<\/p>\n<p style=\"text-align: center;\" data-spm-anchor-id=\"a2a0e.pdp.product_detail.i2.1a496495WHtRk8\">Si tienes una suscripci\u00f3n activa a Xbox Game Pass Ultimate, desactiva tu suscripci\u00f3n a Xbox Game Pass Ultimate o espera a que caduque y luego compra el c\u00f3digo.<\/p>\n<p style=\"text-align: center;\"><strong>Se proporcionar\u00e1 m\u00e1s de una clave. El procedimiento de activaci\u00f3n se proporcionar\u00e1 por correo electr\u00f3nico.<\/strong><\/p>\n<p style=\"text-align: center;\">\u00danase a <a href=\"https:\/\/www.facebook.com\/RameDigitalOfficial\/\">Facebook<\/a><\/p>","protected":false},"excerpt":{"rendered":"<h5 style=\"text-align: center;\"><span style=\"color: #ff0000;\"><em>\u00a1No te pierdas esta oferta! \u00a1No se quedar\u00e1 para siempre!<\/em><\/span><\/h5>\n<div class=\"hd-listinghead\" style=\"font-size: 19pt; font-family: Arial; text-align: center;\">\n<div class=\"hd-listinghead\" style=\"font-size: 19pt; font-family: Arial; text-align: center;\">\n<h3 style=\"text-align: center;\"><strong><span style=\"color: #8f00ff;\">Activar<\/span><\/strong><strong><span style=\"color: #8f00ff;\"> \u00a1su suscripci\u00f3n hoy mismo!<\/span><\/strong><\/h3>\n<\/div>\n<div class=\"hd-listinghead\" style=\"font-size: 15pt; font-family: Arial; text-align: center;\">\n<p style=\"text-align: center;\"><strong>\u2713<\/strong>\u00a0<strong>CLAVE<\/strong>!<br \/>\n<strong>\u2713<\/strong>\u00a0R\u00e1pido y seguro.<br \/>\n<strong>\u2713<\/strong>\u00a0Atenci\u00f3n al cliente 7\/7.<br \/>\n<strong>\u2713<\/strong>\u00a0Entrega en 6 horas por correo electr\u00f3nico<br \/>\n<strong>\u2713<\/strong> PUEDE ACTIVARSE EN: ITALIA Y EN TODO EL MUNDO<\/p>\n<\/div>\n<p><img fetchpriority=\"high\" decoding=\"async\" class=\"alignnone wp-image-2400 size-large\" src=\"https:\/\/www.ramedigitalstore.com\/wp-content\/uploads\/2022\/03\/trustpilot-stars-1024x140.png\" alt=\"\" width=\"800\" height=\"109\" srcset=\"https:\/\/www.ramedigitalstore.com\/wp-content\/uploads\/2022\/03\/trustpilot-stars-1024x140.png 1024w, https:\/\/www.ramedigitalstore.com\/wp-content\/uploads\/2022\/03\/trustpilot-stars-500x68.png 500w, https:\/\/www.ramedigitalstore.com\/wp-content\/uploads\/2022\/03\/trustpilot-stars-700x96.png 700w, https:\/\/www.ramedigitalstore.com\/wp-content\/uploads\/2022\/03\/trustpilot-stars-300x41.png 300w, https:\/\/www.ramedigitalstore.com\/wp-content\/uploads\/2022\/03\/trustpilot-stars-768x105.png 768w, https:\/\/www.ramedigitalstore.com\/wp-content\/uploads\/2022\/03\/trustpilot-stars-1536x210.png 1536w, https:\/\/www.ramedigitalstore.com\/wp-content\/uploads\/2022\/03\/trustpilot-stars-260x35.png 260w, https:\/\/www.ramedigitalstore.com\/wp-content\/uploads\/2022\/03\/trustpilot-stars-50x7.png 50w, https:\/\/www.ramedigitalstore.com\/wp-content\/uploads\/2022\/03\/trustpilot-stars-150x20.png 150w, https:\/\/www.ramedigitalstore.com\/wp-content\/uploads\/2022\/03\/trustpilot-stars-1320x180.png 1320w, https:\/\/www.ramedigitalstore.com\/wp-content\/uploads\/2022\/03\/trustpilot-stars-800x109.png 800w, https:\/\/www.ramedigitalstore.com\/wp-content\/uploads\/2022\/03\/trustpilot-stars.png 2000w\" sizes=\"(max-width: 800px) 100vw, 800px\" \/><\/p>\n<p><img decoding=\"async\" class=\"alignnone wp-image-2804 size-full\" src=\"https:\/\/www.ramedigitalstore.com\/wp-content\/uploads\/2021\/10\/Payment-accepted.png\" alt=\"\" width=\"1584\" height=\"92\" srcset=\"https:\/\/www.ramedigitalstore.com\/wp-content\/uploads\/2021\/10\/Payment-accepted.png 1584w, https:\/\/www.ramedigitalstore.com\/wp-content\/uploads\/2021\/10\/Payment-accepted-500x29.png 500w, https:\/\/www.ramedigitalstore.com\/wp-content\/uploads\/2021\/10\/Payment-accepted-700x41.png 700w, https:\/\/www.ramedigitalstore.com\/wp-content\/uploads\/2021\/10\/Payment-accepted-300x17.png 300w, https:\/\/www.ramedigitalstore.com\/wp-content\/uploads\/2021\/10\/Payment-accepted-1024x59.png 1024w, https:\/\/www.ramedigitalstore.com\/wp-content\/uploads\/2021\/10\/Payment-accepted-768x45.png 768w, https:\/\/www.ramedigitalstore.com\/wp-content\/uploads\/2021\/10\/Payment-accepted-1536x89.png 1536w, https:\/\/www.ramedigitalstore.com\/wp-content\/uploads\/2021\/10\/Payment-accepted-18x1.png 18w, https:\/\/www.ramedigitalstore.com\/wp-content\/uploads\/2021\/10\/Payment-accepted-260x15.png 260w, https:\/\/www.ramedigitalstore.com\/wp-content\/uploads\/2021\/10\/Payment-accepted-50x3.png 50w, https:\/\/www.ramedigitalstore.com\/wp-content\/uploads\/2021\/10\/Payment-accepted-150x9.png 150w, https:\/\/www.ramedigitalstore.com\/wp-content\/uploads\/2021\/10\/Payment-accepted-1320x77.png 1320w, https:\/\/www.ramedigitalstore.com\/wp-content\/uploads\/2021\/10\/Payment-accepted-800x46.png 800w\" sizes=\"(max-width: 1584px) 100vw, 1584px\" \/><\/p>\n<\/div>\n<div class=\"hd-listinghead\" style=\"font-size: 19pt; font-family: Arial; text-align: center;\">\n<p>&nbsp;<\/p>\n<\/div>\n<h3 class=\"c-heading-1 f-lean\" style=\"text-align: center;\"><strong class=\"x-hidden-focus\"><a href=\"https:\/\/www.ramedigitalstore.com\/es\/prodotto\/xbox-game-pass-ultimate-1-month-key-copy\/\"><span style=\"color: #8f00ff;\">1 mes<\/span><\/a>\u00a0<\/strong>\/ <strong class=\"x-hidden-focus\"><a href=\"https:\/\/www.ramedigitalstore.com\/es\/prodotto\/llave-xbox-game-pass-ultimate-3-months\/\"><span style=\"color: #8f00ff;\">3 meses<\/span><\/a>\u00a0<\/strong>\/ <a href=\"https:\/\/www.ramedigitalstore.com\/es\/prodotto\/xbox-game-pass-ultimate-1-year-key\/\"><strong><span style=\"color: #8f00ff;\">12 meses<\/span><\/strong><\/a><\/h3>","protected":false},"featured_media":1290,"template":"","meta":[],"product_brand":[],"product_cat":[111,18,19],"product_tag":[5,27,21,22],"class_list":{"0":"post-1255","1":"product","2":"type-product","3":"status-publish","4":"has-post-thumbnail","6":"product_cat-classic-key","7":"product_cat-game","8":"product_cat-xbox-pc","9":"product_tag-key-global","10":"product_tag-xbod-game-pass-ultimate-3-mesi","11":"product_tag-xbox","12":"product_tag-xbox-game-pass-ultimate","14":"first","15":"outofstock","16":"sale","17":"virtual","18":"sold-individually","19":"purchasable","20":"product-type-simple"},"yoast_head":"<!-- This site is optimized with the Yoast SEO Premium plugin v21.9 (Yoast SEO v27.5) - https:\/\/yoast.com\/product\/yoast-seo-premium-wordpress\/ -->\n<title>Xbox Game Pass Ultimate 6 Months - 59,99\u20ac - CD-KEY - Rame Digital<\/title>\n<meta name=\"description\" content=\"Xbox Game Pass Ultimate 6 Months Almost Free 59,99\u20ac the best gaming service at the best price. It has never been so reliable. Rame Digital\" \/>\n<meta name=\"robots\" content=\"index, follow, max-snippet:-1, max-image-preview:large, max-video-preview:-1\" \/>\n<link rel=\"canonical\" href=\"https:\/\/www.ramedigitalstore.com\/es\/prodotto\/llave-xbox-game-pass-ultimate-6-months\/\" \/>\n<meta property=\"og:locale\" content=\"es_ES\" \/>\n<meta property=\"og:type\" content=\"article\" \/>\n<meta property=\"og:title\" content=\"Xbox Game Pass Ultimate 6 Months - KEY\" \/>\n<meta property=\"og:description\" content=\"Xbox Game Pass Ultimate 6 Months Almost Free 59,99\u20ac the best gaming service at the best price. It has never been so reliable. Rame Digital\" \/>\n<meta property=\"og:url\" content=\"https:\/\/www.ramedigitalstore.com\/es\/prodotto\/llave-xbox-game-pass-ultimate-6-months\/\" \/>\n<meta property=\"og:site_name\" content=\"Rame Digital\" \/>\n<meta property=\"article:publisher\" content=\"https:\/\/www.facebook.com\/RameDigitalOfficial\" \/>\n<meta property=\"article:modified_time\" content=\"2025-01-06T18:03:15+00:00\" \/>\n<meta property=\"og:image\" content=\"https:\/\/www.ramedigitalstore.com\/wp-content\/uploads\/2021\/04\/6-mesi-quadrato-top-new-off-new-1-1.jpg\" \/>\n\t<meta property=\"og:image:width\" content=\"1600\" \/>\n\t<meta property=\"og:image:height\" content=\"1600\" \/>\n\t<meta property=\"og:image:type\" content=\"image\/jpeg\" \/>\n<meta name=\"twitter:card\" content=\"summary_large_image\" \/>\n<meta name=\"twitter:label1\" content=\"Tiempo de lectura\" \/>\n\t<meta name=\"twitter:data1\" content=\"3 minutos\" \/>\n<script type=\"application\/ld+json\" class=\"yoast-schema-graph\">{\"@context\":\"https:\\\/\\\/schema.org\",\"@graph\":[{\"@type\":\"WebPage\",\"@id\":\"https:\\\/\\\/www.ramedigitalstore.com\\\/prodotto\\\/xbox-game-pass-ultimate-6-months-key\\\/\",\"url\":\"https:\\\/\\\/www.ramedigitalstore.com\\\/prodotto\\\/xbox-game-pass-ultimate-6-months-key\\\/\",\"name\":\"Xbox Game Pass Ultimate 6 Months - 59,99\u20ac - CD-KEY - Rame Digital\",\"isPartOf\":{\"@id\":\"https:\\\/\\\/www.ramedigitalstore.com\\\/#website\"},\"primaryImageOfPage\":{\"@id\":\"https:\\\/\\\/www.ramedigitalstore.com\\\/prodotto\\\/xbox-game-pass-ultimate-6-months-key\\\/#primaryimage\"},\"image\":{\"@id\":\"https:\\\/\\\/www.ramedigitalstore.com\\\/prodotto\\\/xbox-game-pass-ultimate-6-months-key\\\/#primaryimage\"},\"thumbnailUrl\":\"https:\\\/\\\/www.ramedigitalstore.com\\\/wp-content\\\/uploads\\\/2021\\\/04\\\/6-mesi-quadrato-top-new-off-new-1-1.jpg\",\"datePublished\":\"2021-04-21T12:28:57+00:00\",\"dateModified\":\"2025-01-06T18:03:15+00:00\",\"description\":\"Xbox Game Pass Ultimate 6 Months Almost Free 59,99\u20ac the best gaming service at the best price. It has never been so reliable. Rame Digital\",\"breadcrumb\":{\"@id\":\"https:\\\/\\\/www.ramedigitalstore.com\\\/prodotto\\\/xbox-game-pass-ultimate-6-months-key\\\/#breadcrumb\"},\"inLanguage\":\"es\",\"potentialAction\":[{\"@type\":\"ReadAction\",\"target\":[\"https:\\\/\\\/www.ramedigitalstore.com\\\/prodotto\\\/xbox-game-pass-ultimate-6-months-key\\\/\"]}]},{\"@type\":\"ImageObject\",\"inLanguage\":\"es\",\"@id\":\"https:\\\/\\\/www.ramedigitalstore.com\\\/prodotto\\\/xbox-game-pass-ultimate-6-months-key\\\/#primaryimage\",\"url\":\"https:\\\/\\\/www.ramedigitalstore.com\\\/wp-content\\\/uploads\\\/2021\\\/04\\\/6-mesi-quadrato-top-new-off-new-1-1.jpg\",\"contentUrl\":\"https:\\\/\\\/www.ramedigitalstore.com\\\/wp-content\\\/uploads\\\/2021\\\/04\\\/6-mesi-quadrato-top-new-off-new-1-1.jpg\",\"width\":1600,\"height\":1600},{\"@type\":\"BreadcrumbList\",\"@id\":\"https:\\\/\\\/www.ramedigitalstore.com\\\/prodotto\\\/xbox-game-pass-ultimate-6-months-key\\\/#breadcrumb\",\"itemListElement\":[{\"@type\":\"ListItem\",\"position\":1,\"name\":\"Home\",\"item\":\"https:\\\/\\\/www.ramedigitalstore.com\\\/\"},{\"@type\":\"ListItem\",\"position\":2,\"name\":\"Shop\",\"item\":\"https:\\\/\\\/www.ramedigitalstore.com\\\/shop\\\/\"},{\"@type\":\"ListItem\",\"position\":3,\"name\":\"Xbox Game Pass Ultimate 6 Months &#8211; KEY\"}]},{\"@type\":\"WebSite\",\"@id\":\"https:\\\/\\\/www.ramedigitalstore.com\\\/#website\",\"url\":\"https:\\\/\\\/www.ramedigitalstore.com\\\/\",\"name\":\"Rame Digital\",\"description\":\"Digital store par excellence\",\"publisher\":{\"@id\":\"https:\\\/\\\/www.ramedigitalstore.com\\\/#organization\"},\"potentialAction\":[{\"@type\":\"SearchAction\",\"target\":{\"@type\":\"EntryPoint\",\"urlTemplate\":\"https:\\\/\\\/www.ramedigitalstore.com\\\/?s={search_term_string}\"},\"query-input\":{\"@type\":\"PropertyValueSpecification\",\"valueRequired\":true,\"valueName\":\"search_term_string\"}}],\"inLanguage\":\"es\"},{\"@type\":\"Organization\",\"@id\":\"https:\\\/\\\/www.ramedigitalstore.com\\\/#organization\",\"name\":\"Rame Digital\",\"url\":\"https:\\\/\\\/www.ramedigitalstore.com\\\/\",\"logo\":{\"@type\":\"ImageObject\",\"inLanguage\":\"es\",\"@id\":\"https:\\\/\\\/www.ramedigitalstore.com\\\/#\\\/schema\\\/logo\\\/image\\\/\",\"url\":\"https:\\\/\\\/www.ramedigitalstore.com\\\/wp-content\\\/uploads\\\/2021\\\/04\\\/Logo-new-quadrato-1-e1619205976915.png\",\"contentUrl\":\"https:\\\/\\\/www.ramedigitalstore.com\\\/wp-content\\\/uploads\\\/2021\\\/04\\\/Logo-new-quadrato-1-e1619205976915.png\",\"width\":256,\"height\":256,\"caption\":\"Rame Digital\"},\"image\":{\"@id\":\"https:\\\/\\\/www.ramedigitalstore.com\\\/#\\\/schema\\\/logo\\\/image\\\/\"},\"sameAs\":[\"https:\\\/\\\/www.facebook.com\\\/RameDigitalOfficial\",\"https:\\\/\\\/www.instagram.com\\\/rame_digital_official\\\/\"]}]}<\/script>\n<!-- \/ Yoast SEO Premium plugin. -->","yoast_head_json":{"title":"Xbox Game Pass Ultimate 6 Meses - 59,99\u20ac - CD-KEY - Rame Digital","description":"Xbox Game Pass Ultimate 6 meses casi gratis 59,99\u20ac el mejor servicio de juegos al mejor precio. Nunca ha sido tan fiable. Rame Digital","robots":{"index":"index","follow":"follow","max-snippet":"max-snippet:-1","max-image-preview":"max-image-preview:large","max-video-preview":"max-video-preview:-1"},"canonical":"https:\/\/www.ramedigitalstore.com\/es\/prodotto\/llave-xbox-game-pass-ultimate-6-months\/","og_locale":"es_ES","og_type":"article","og_title":"Xbox Game Pass Ultimate 6 Months - KEY","og_description":"Xbox Game Pass Ultimate 6 Months Almost Free 59,99\u20ac the best gaming service at the best price. It has never been so reliable. Rame Digital","og_url":"https:\/\/www.ramedigitalstore.com\/es\/prodotto\/llave-xbox-game-pass-ultimate-6-months\/","og_site_name":"Rame Digital","article_publisher":"https:\/\/www.facebook.com\/RameDigitalOfficial","article_modified_time":"2025-01-06T18:03:15+00:00","og_image":[{"width":1600,"height":1600,"url":"https:\/\/www.ramedigitalstore.com\/wp-content\/uploads\/2021\/04\/6-mesi-quadrato-top-new-off-new-1-1.jpg","type":"image\/jpeg"}],"twitter_card":"summary_large_image","twitter_misc":{"Tiempo de lectura":"3 minutos"},"schema":{"@context":"https:\/\/schema.org","@graph":[{"@type":"WebPage","@id":"https:\/\/www.ramedigitalstore.com\/prodotto\/xbox-game-pass-ultimate-6-months-key\/","url":"https:\/\/www.ramedigitalstore.com\/prodotto\/xbox-game-pass-ultimate-6-months-key\/","name":"Xbox Game Pass Ultimate 6 Meses - 59,99\u20ac - CD-KEY - Rame Digital","isPartOf":{"@id":"https:\/\/www.ramedigitalstore.com\/#website"},"primaryImageOfPage":{"@id":"https:\/\/www.ramedigitalstore.com\/prodotto\/xbox-game-pass-ultimate-6-months-key\/#primaryimage"},"image":{"@id":"https:\/\/www.ramedigitalstore.com\/prodotto\/xbox-game-pass-ultimate-6-months-key\/#primaryimage"},"thumbnailUrl":"https:\/\/www.ramedigitalstore.com\/wp-content\/uploads\/2021\/04\/6-mesi-quadrato-top-new-off-new-1-1.jpg","datePublished":"2021-04-21T12:28:57+00:00","dateModified":"2025-01-06T18:03:15+00:00","description":"Xbox Game Pass Ultimate 6 meses casi gratis 59,99\u20ac el mejor servicio de juegos al mejor precio. Nunca ha sido tan fiable. Rame Digital","breadcrumb":{"@id":"https:\/\/www.ramedigitalstore.com\/prodotto\/xbox-game-pass-ultimate-6-months-key\/#breadcrumb"},"inLanguage":"es","potentialAction":[{"@type":"ReadAction","target":["https:\/\/www.ramedigitalstore.com\/prodotto\/xbox-game-pass-ultimate-6-months-key\/"]}]},{"@type":"ImageObject","inLanguage":"es","@id":"https:\/\/www.ramedigitalstore.com\/prodotto\/xbox-game-pass-ultimate-6-months-key\/#primaryimage","url":"https:\/\/www.ramedigitalstore.com\/wp-content\/uploads\/2021\/04\/6-mesi-quadrato-top-new-off-new-1-1.jpg","contentUrl":"https:\/\/www.ramedigitalstore.com\/wp-content\/uploads\/2021\/04\/6-mesi-quadrato-top-new-off-new-1-1.jpg","width":1600,"height":1600},{"@type":"BreadcrumbList","@id":"https:\/\/www.ramedigitalstore.com\/prodotto\/xbox-game-pass-ultimate-6-months-key\/#breadcrumb","itemListElement":[{"@type":"ListItem","position":1,"name":"Home","item":"https:\/\/www.ramedigitalstore.com\/"},{"@type":"ListItem","position":2,"name":"Shop","item":"https:\/\/www.ramedigitalstore.com\/shop\/"},{"@type":"ListItem","position":3,"name":"Xbox Game Pass Ultimate 6 Months &#8211; KEY"}]},{"@type":"WebSite","@id":"https:\/\/www.ramedigitalstore.com\/#website","url":"https:\/\/www.ramedigitalstore.com\/","name":"Rame Digital","description":"Tienda digital por excelencia","publisher":{"@id":"https:\/\/www.ramedigitalstore.com\/#organization"},"potentialAction":[{"@type":"SearchAction","target":{"@type":"EntryPoint","urlTemplate":"https:\/\/www.ramedigitalstore.com\/?s={search_term_string}"},"query-input":{"@type":"PropertyValueSpecification","valueRequired":true,"valueName":"search_term_string"}}],"inLanguage":"es"},{"@type":"Organization","@id":"https:\/\/www.ramedigitalstore.com\/#organization","name":"Rame Digital","url":"https:\/\/www.ramedigitalstore.com\/","logo":{"@type":"ImageObject","inLanguage":"es","@id":"https:\/\/www.ramedigitalstore.com\/#\/schema\/logo\/image\/","url":"https:\/\/www.ramedigitalstore.com\/wp-content\/uploads\/2021\/04\/Logo-new-quadrato-1-e1619205976915.png","contentUrl":"https:\/\/www.ramedigitalstore.com\/wp-content\/uploads\/2021\/04\/Logo-new-quadrato-1-e1619205976915.png","width":256,"height":256,"caption":"Rame Digital"},"image":{"@id":"https:\/\/www.ramedigitalstore.com\/#\/schema\/logo\/image\/"},"sameAs":["https:\/\/www.facebook.com\/RameDigitalOfficial","https:\/\/www.instagram.com\/rame_digital_official\/"]}]}},"jetpack_sharing_enabled":true,"_links":{"self":[{"href":"https:\/\/www.ramedigitalstore.com\/es\/wp-json\/wp\/v2\/product\/1255","targetHints":{"allow":["GET"]}}],"collection":[{"href":"https:\/\/www.ramedigitalstore.com\/es\/wp-json\/wp\/v2\/product"}],"about":[{"href":"https:\/\/www.ramedigitalstore.com\/es\/wp-json\/wp\/v2\/types\/product"}],"version-history":[{"count":2,"href":"https:\/\/www.ramedigitalstore.com\/es\/wp-json\/wp\/v2\/product\/1255\/revisions"}],"predecessor-version":[{"id":6857,"href":"https:\/\/www.ramedigitalstore.com\/es\/wp-json\/wp\/v2\/product\/1255\/revisions\/6857"}],"wp:featuredmedia":[{"embeddable":true,"href":"https:\/\/www.ramedigitalstore.com\/es\/wp-json\/wp\/v2\/media\/1290"}],"wp:attachment":[{"href":"https:\/\/www.ramedigitalstore.com\/es\/wp-json\/wp\/v2\/media?parent=1255"}],"wp:term":[{"taxonomy":"product_brand","embeddable":true,"href":"https:\/\/www.ramedigitalstore.com\/es\/wp-json\/wp\/v2\/product_brand?post=1255"},{"taxonomy":"product_cat","embeddable":true,"href":"https:\/\/www.ramedigitalstore.com\/es\/wp-json\/wp\/v2\/product_cat?post=1255"},{"taxonomy":"product_tag","embeddable":true,"href":"https:\/\/www.ramedigitalstore.com\/es\/wp-json\/wp\/v2\/product_tag?post=1255"}],"curies":[{"name":"wp","href":"https:\/\/api.w.org\/{rel}","templated":true}]}}