{"id":1279,"date":"2021-04-21T12:28:59","date_gmt":"2021-04-21T12:28:59","guid":{"rendered":"https:\/\/www.ramedigitalstore.com\/?post_type=product&#038;p=1279"},"modified":"2021-04-21T12:31:39","modified_gmt":"2021-04-21T12:31:39","slug":"just-dance-2021-xbox-series-x-s-xbox-live-key-europe","status":"publish","type":"product","link":"https:\/\/www.ramedigitalstore.com\/es\/prodotto\/just-dance-2021-xbox-series-x-s-xbox-live-key-europe\/","title":{"rendered":"Just Dance 2021 (Xbox Series X\/S) - Xbox Live Key - EUROPA"},"content":{"rendered":"<p><strong>Just Dance\u00ae 2021<\/strong> es el juego de baile definitivo, con 40 temas nuevos de \u00e9xitos de las listas de \u00e9xitos como \"Rain On Me\" de Lady Gaga y Ariana Grande, \"Kick It\" de NCT 127 y \"Ice Cream\" de BLACKPINK x Selena Gomez. Comienza una fiesta de baile que tus amigos y familiares podr\u00e1n disfrutar. Baila con m\u00e1s de 600 canciones con el servicio de streaming por suscripci\u00f3n Just Dance\u00ae Unlimited. \u00a1Un mes GRATIS incluido con el juego!<\/p>\n<ul>\n<li>Juega con tus amigos y comparte la diversi\u00f3n con el modo cooperativo.<\/li>\n<li>Baila como quieras creando tus propias listas de reproducci\u00f3n personalizadas.<\/li>\n<li>Disfruta de ocho nuevas canciones y coreograf\u00edas aptas para ni\u00f1os para una experiencia de diversi\u00f3n familiar.<\/li>\n<li>Utiliza tu smartphone para seguir los movimientos con la aplicaci\u00f3n Just Dance Controller, \u00a1sin necesidad de accesorios adicionales! \u00a1Hasta seis jugadores pueden unirse!<\/li>\n<\/ul>\n<p>Este bundle contiene la versi\u00f3n de Xbox One y la de Xbox Series X por separado cuando est\u00e9 disponible el 24 de noviembre de 2020.<\/p>\n<p>&nbsp;<\/p>","protected":false},"excerpt":{"rendered":"<h5 style=\"text-align: center;\"><span style=\"color: #ff0000;\"><em>\u00a1No te pierdas esta oferta! \u00a1No se quedar\u00e1 para siempre!<\/em><\/span><\/h5>\n<h3 class=\"c-heading-1 f-lean\" style=\"text-align: center;\"><strong class=\"x-hidden-focus\">Simplemente baila 2021<\/strong><\/h3>\n<p style=\"text-align: center;\"><img decoding=\"async\" class=\"alignnone size-full wp-image-1126\" src=\"https:\/\/www.ramecorporation.com\/wp-content\/uploads\/2021\/03\/21982.png\" alt=\"\" width=\"16\" height=\"16\" \/> Sin costes ocultos.<br \/>\n<img decoding=\"async\" class=\"alignnone size-full wp-image-1126\" src=\"https:\/\/www.ramecorporation.com\/wp-content\/uploads\/2021\/03\/21982.png\" alt=\"\" width=\"16\" height=\"16\" \/> 100% \u00a1Garant\u00eda de producto!<br \/>\n<img decoding=\"async\" class=\"alignnone size-full wp-image-1126\" src=\"https:\/\/www.ramecorporation.com\/wp-content\/uploads\/2021\/03\/21982.png\" alt=\"\" width=\"16\" height=\"16\" \/> Asistencia al cliente en directo 24 horas al d\u00eda, 7 d\u00edas a la semana.<br \/>\n<img decoding=\"async\" class=\"alignnone size-full wp-image-1126\" src=\"https:\/\/www.ramecorporation.com\/wp-content\/uploads\/2021\/03\/21982.png\" alt=\"\" width=\"16\" height=\"16\" \/> PUEDE ACTIVARSE EN: ITALIA Y EN TODO EL MUNDO<\/p>\n<p><img decoding=\"async\" class=\"size-full wp-image-1026 aligncenter\" src=\"https:\/\/www.ramecorporation.com\/wp-content\/uploads\/2021\/03\/paypal-stripe-300x120-1-e1616168752371.png\" alt=\"\" width=\"300\" height=\"108\" \/><\/p>\n<p>&nbsp;<\/p>","protected":false},"featured_media":1317,"template":"","meta":[],"product_brand":[],"product_cat":[18],"product_tag":[],"class_list":{"0":"post-1279","1":"product","2":"type-product","3":"status-publish","4":"has-post-thumbnail","6":"product_cat-game","8":"first","9":"instock","10":"sale","11":"virtual","12":"purchasable","13":"product-type-simple"},"yoast_head":"<!-- This site is optimized with the Yoast SEO Premium plugin v21.9 (Yoast SEO v27.4) - https:\/\/yoast.com\/product\/yoast-seo-premium-wordpress\/ -->\n<title>Just Dance 2021 (Xbox Series X\/S) - Xbox Live Key - EUROPE - Rame Digital<\/title>\n<meta name=\"robots\" content=\"index, follow, max-snippet:-1, max-image-preview:large, max-video-preview:-1\" \/>\n<link rel=\"canonical\" href=\"https:\/\/www.ramedigitalstore.com\/es\/prodotto\/just-dance-2021-xbox-series-x-s-xbox-live-key-europe\/\" \/>\n<meta property=\"og:locale\" content=\"es_ES\" \/>\n<meta property=\"og:type\" content=\"article\" \/>\n<meta property=\"og:title\" content=\"Just Dance 2021 (Xbox Series X\/S) - Xbox Live Key - EUROPE\" \/>\n<meta property=\"og:description\" content=\"Don&#039;t miss this offer! Will not remain forever! Just dance 2021  No hidden costs!  100% Product guarantee!  24\/7 Customer Live Support!  CAN ACTIVATE IN: ITALY AND WORLDWIDE   &nbsp;\" \/>\n<meta property=\"og:url\" content=\"https:\/\/www.ramedigitalstore.com\/es\/prodotto\/just-dance-2021-xbox-series-x-s-xbox-live-key-europe\/\" \/>\n<meta property=\"og:site_name\" content=\"Rame Digital\" \/>\n<meta property=\"article:publisher\" content=\"https:\/\/www.facebook.com\/RameDigitalOfficial\" \/>\n<meta property=\"article:modified_time\" content=\"2021-04-21T12:31:39+00:00\" \/>\n<meta property=\"og:image\" content=\"https:\/\/www.ramedigitalstore.com\/wp-content\/uploads\/2021\/04\/justdance2021-1.jpg\" \/>\n\t<meta property=\"og:image:width\" content=\"1155\" \/>\n\t<meta property=\"og:image:height\" content=\"770\" \/>\n\t<meta property=\"og:image:type\" content=\"image\/jpeg\" \/>\n<meta name=\"twitter:card\" content=\"summary_large_image\" \/>\n<meta name=\"twitter:label1\" content=\"Tiempo de lectura\" \/>\n\t<meta name=\"twitter:data1\" content=\"1 minuto\" \/>\n<script type=\"application\/ld+json\" class=\"yoast-schema-graph\">{\"@context\":\"https:\\\/\\\/schema.org\",\"@graph\":[{\"@type\":\"WebPage\",\"@id\":\"https:\\\/\\\/www.ramedigitalstore.com\\\/prodotto\\\/just-dance-2021-xbox-series-x-s-xbox-live-key-europe\\\/\",\"url\":\"https:\\\/\\\/www.ramedigitalstore.com\\\/prodotto\\\/just-dance-2021-xbox-series-x-s-xbox-live-key-europe\\\/\",\"name\":\"Just Dance 2021 (Xbox Series X\\\/S) - Xbox Live Key - EUROPE - Rame Digital\",\"isPartOf\":{\"@id\":\"https:\\\/\\\/www.ramedigitalstore.com\\\/#website\"},\"primaryImageOfPage\":{\"@id\":\"https:\\\/\\\/www.ramedigitalstore.com\\\/prodotto\\\/just-dance-2021-xbox-series-x-s-xbox-live-key-europe\\\/#primaryimage\"},\"image\":{\"@id\":\"https:\\\/\\\/www.ramedigitalstore.com\\\/prodotto\\\/just-dance-2021-xbox-series-x-s-xbox-live-key-europe\\\/#primaryimage\"},\"thumbnailUrl\":\"https:\\\/\\\/www.ramedigitalstore.com\\\/wp-content\\\/uploads\\\/2021\\\/04\\\/justdance2021-1.jpg\",\"datePublished\":\"2021-04-21T12:28:59+00:00\",\"dateModified\":\"2021-04-21T12:31:39+00:00\",\"breadcrumb\":{\"@id\":\"https:\\\/\\\/www.ramedigitalstore.com\\\/prodotto\\\/just-dance-2021-xbox-series-x-s-xbox-live-key-europe\\\/#breadcrumb\"},\"inLanguage\":\"es\",\"potentialAction\":[{\"@type\":\"ReadAction\",\"target\":[\"https:\\\/\\\/www.ramedigitalstore.com\\\/prodotto\\\/just-dance-2021-xbox-series-x-s-xbox-live-key-europe\\\/\"]}]},{\"@type\":\"ImageObject\",\"inLanguage\":\"es\",\"@id\":\"https:\\\/\\\/www.ramedigitalstore.com\\\/prodotto\\\/just-dance-2021-xbox-series-x-s-xbox-live-key-europe\\\/#primaryimage\",\"url\":\"https:\\\/\\\/www.ramedigitalstore.com\\\/wp-content\\\/uploads\\\/2021\\\/04\\\/justdance2021-1.jpg\",\"contentUrl\":\"https:\\\/\\\/www.ramedigitalstore.com\\\/wp-content\\\/uploads\\\/2021\\\/04\\\/justdance2021-1.jpg\",\"width\":1155,\"height\":770},{\"@type\":\"BreadcrumbList\",\"@id\":\"https:\\\/\\\/www.ramedigitalstore.com\\\/prodotto\\\/just-dance-2021-xbox-series-x-s-xbox-live-key-europe\\\/#breadcrumb\",\"itemListElement\":[{\"@type\":\"ListItem\",\"position\":1,\"name\":\"Home\",\"item\":\"https:\\\/\\\/www.ramedigitalstore.com\\\/\"},{\"@type\":\"ListItem\",\"position\":2,\"name\":\"Shop\",\"item\":\"https:\\\/\\\/www.ramedigitalstore.com\\\/shop\\\/\"},{\"@type\":\"ListItem\",\"position\":3,\"name\":\"Just Dance 2021 (Xbox Series X\\\/S) &#8211; Xbox Live Key &#8211; EUROPE\"}]},{\"@type\":\"WebSite\",\"@id\":\"https:\\\/\\\/www.ramedigitalstore.com\\\/#website\",\"url\":\"https:\\\/\\\/www.ramedigitalstore.com\\\/\",\"name\":\"Rame Digital\",\"description\":\"Digital store par excellence\",\"publisher\":{\"@id\":\"https:\\\/\\\/www.ramedigitalstore.com\\\/#organization\"},\"potentialAction\":[{\"@type\":\"SearchAction\",\"target\":{\"@type\":\"EntryPoint\",\"urlTemplate\":\"https:\\\/\\\/www.ramedigitalstore.com\\\/?s={search_term_string}\"},\"query-input\":{\"@type\":\"PropertyValueSpecification\",\"valueRequired\":true,\"valueName\":\"search_term_string\"}}],\"inLanguage\":\"es\"},{\"@type\":\"Organization\",\"@id\":\"https:\\\/\\\/www.ramedigitalstore.com\\\/#organization\",\"name\":\"Rame Digital\",\"url\":\"https:\\\/\\\/www.ramedigitalstore.com\\\/\",\"logo\":{\"@type\":\"ImageObject\",\"inLanguage\":\"es\",\"@id\":\"https:\\\/\\\/www.ramedigitalstore.com\\\/#\\\/schema\\\/logo\\\/image\\\/\",\"url\":\"https:\\\/\\\/www.ramedigitalstore.com\\\/wp-content\\\/uploads\\\/2021\\\/04\\\/Logo-new-quadrato-1-e1619205976915.png\",\"contentUrl\":\"https:\\\/\\\/www.ramedigitalstore.com\\\/wp-content\\\/uploads\\\/2021\\\/04\\\/Logo-new-quadrato-1-e1619205976915.png\",\"width\":256,\"height\":256,\"caption\":\"Rame Digital\"},\"image\":{\"@id\":\"https:\\\/\\\/www.ramedigitalstore.com\\\/#\\\/schema\\\/logo\\\/image\\\/\"},\"sameAs\":[\"https:\\\/\\\/www.facebook.com\\\/RameDigitalOfficial\",\"https:\\\/\\\/www.instagram.com\\\/rame_digital_official\\\/\"]}]}<\/script>\n<!-- \/ Yoast SEO Premium plugin. -->","yoast_head_json":{"title":"Just Dance 2021 (Xbox Series X\/S) - Xbox Live Key - EUROPA - Rame Digital","robots":{"index":"index","follow":"follow","max-snippet":"max-snippet:-1","max-image-preview":"max-image-preview:large","max-video-preview":"max-video-preview:-1"},"canonical":"https:\/\/www.ramedigitalstore.com\/es\/prodotto\/just-dance-2021-xbox-series-x-s-xbox-live-key-europe\/","og_locale":"es_ES","og_type":"article","og_title":"Just Dance 2021 (Xbox Series X\/S) - Xbox Live Key - EUROPE","og_description":"Don't miss this offer! Will not remain forever! Just dance 2021  No hidden costs!  100% Product guarantee!  24\/7 Customer Live Support!  CAN ACTIVATE IN: ITALY AND WORLDWIDE   &nbsp;","og_url":"https:\/\/www.ramedigitalstore.com\/es\/prodotto\/just-dance-2021-xbox-series-x-s-xbox-live-key-europe\/","og_site_name":"Rame Digital","article_publisher":"https:\/\/www.facebook.com\/RameDigitalOfficial","article_modified_time":"2021-04-21T12:31:39+00:00","og_image":[{"width":1155,"height":770,"url":"https:\/\/www.ramedigitalstore.com\/wp-content\/uploads\/2021\/04\/justdance2021-1.jpg","type":"image\/jpeg"}],"twitter_card":"summary_large_image","twitter_misc":{"Tiempo de lectura":"1 minuto"},"schema":{"@context":"https:\/\/schema.org","@graph":[{"@type":"WebPage","@id":"https:\/\/www.ramedigitalstore.com\/prodotto\/just-dance-2021-xbox-series-x-s-xbox-live-key-europe\/","url":"https:\/\/www.ramedigitalstore.com\/prodotto\/just-dance-2021-xbox-series-x-s-xbox-live-key-europe\/","name":"Just Dance 2021 (Xbox Series X\/S) - Xbox Live Key - EUROPA - Rame Digital","isPartOf":{"@id":"https:\/\/www.ramedigitalstore.com\/#website"},"primaryImageOfPage":{"@id":"https:\/\/www.ramedigitalstore.com\/prodotto\/just-dance-2021-xbox-series-x-s-xbox-live-key-europe\/#primaryimage"},"image":{"@id":"https:\/\/www.ramedigitalstore.com\/prodotto\/just-dance-2021-xbox-series-x-s-xbox-live-key-europe\/#primaryimage"},"thumbnailUrl":"https:\/\/www.ramedigitalstore.com\/wp-content\/uploads\/2021\/04\/justdance2021-1.jpg","datePublished":"2021-04-21T12:28:59+00:00","dateModified":"2021-04-21T12:31:39+00:00","breadcrumb":{"@id":"https:\/\/www.ramedigitalstore.com\/prodotto\/just-dance-2021-xbox-series-x-s-xbox-live-key-europe\/#breadcrumb"},"inLanguage":"es","potentialAction":[{"@type":"ReadAction","target":["https:\/\/www.ramedigitalstore.com\/prodotto\/just-dance-2021-xbox-series-x-s-xbox-live-key-europe\/"]}]},{"@type":"ImageObject","inLanguage":"es","@id":"https:\/\/www.ramedigitalstore.com\/prodotto\/just-dance-2021-xbox-series-x-s-xbox-live-key-europe\/#primaryimage","url":"https:\/\/www.ramedigitalstore.com\/wp-content\/uploads\/2021\/04\/justdance2021-1.jpg","contentUrl":"https:\/\/www.ramedigitalstore.com\/wp-content\/uploads\/2021\/04\/justdance2021-1.jpg","width":1155,"height":770},{"@type":"BreadcrumbList","@id":"https:\/\/www.ramedigitalstore.com\/prodotto\/just-dance-2021-xbox-series-x-s-xbox-live-key-europe\/#breadcrumb","itemListElement":[{"@type":"ListItem","position":1,"name":"Home","item":"https:\/\/www.ramedigitalstore.com\/"},{"@type":"ListItem","position":2,"name":"Shop","item":"https:\/\/www.ramedigitalstore.com\/shop\/"},{"@type":"ListItem","position":3,"name":"Just Dance 2021 (Xbox Series X\/S) &#8211; Xbox Live Key &#8211; EUROPE"}]},{"@type":"WebSite","@id":"https:\/\/www.ramedigitalstore.com\/#website","url":"https:\/\/www.ramedigitalstore.com\/","name":"Rame Digital","description":"Tienda digital por excelencia","publisher":{"@id":"https:\/\/www.ramedigitalstore.com\/#organization"},"potentialAction":[{"@type":"SearchAction","target":{"@type":"EntryPoint","urlTemplate":"https:\/\/www.ramedigitalstore.com\/?s={search_term_string}"},"query-input":{"@type":"PropertyValueSpecification","valueRequired":true,"valueName":"search_term_string"}}],"inLanguage":"es"},{"@type":"Organization","@id":"https:\/\/www.ramedigitalstore.com\/#organization","name":"Rame Digital","url":"https:\/\/www.ramedigitalstore.com\/","logo":{"@type":"ImageObject","inLanguage":"es","@id":"https:\/\/www.ramedigitalstore.com\/#\/schema\/logo\/image\/","url":"https:\/\/www.ramedigitalstore.com\/wp-content\/uploads\/2021\/04\/Logo-new-quadrato-1-e1619205976915.png","contentUrl":"https:\/\/www.ramedigitalstore.com\/wp-content\/uploads\/2021\/04\/Logo-new-quadrato-1-e1619205976915.png","width":256,"height":256,"caption":"Rame Digital"},"image":{"@id":"https:\/\/www.ramedigitalstore.com\/#\/schema\/logo\/image\/"},"sameAs":["https:\/\/www.facebook.com\/RameDigitalOfficial","https:\/\/www.instagram.com\/rame_digital_official\/"]}]}},"jetpack_sharing_enabled":true,"_links":{"self":[{"href":"https:\/\/www.ramedigitalstore.com\/es\/wp-json\/wp\/v2\/product\/1279","targetHints":{"allow":["GET"]}}],"collection":[{"href":"https:\/\/www.ramedigitalstore.com\/es\/wp-json\/wp\/v2\/product"}],"about":[{"href":"https:\/\/www.ramedigitalstore.com\/es\/wp-json\/wp\/v2\/types\/product"}],"version-history":[{"count":0,"href":"https:\/\/www.ramedigitalstore.com\/es\/wp-json\/wp\/v2\/product\/1279\/revisions"}],"wp:featuredmedia":[{"embeddable":true,"href":"https:\/\/www.ramedigitalstore.com\/es\/wp-json\/wp\/v2\/media\/1317"}],"wp:attachment":[{"href":"https:\/\/www.ramedigitalstore.com\/es\/wp-json\/wp\/v2\/media?parent=1279"}],"wp:term":[{"taxonomy":"product_brand","embeddable":true,"href":"https:\/\/www.ramedigitalstore.com\/es\/wp-json\/wp\/v2\/product_brand?post=1279"},{"taxonomy":"product_cat","embeddable":true,"href":"https:\/\/www.ramedigitalstore.com\/es\/wp-json\/wp\/v2\/product_cat?post=1279"},{"taxonomy":"product_tag","embeddable":true,"href":"https:\/\/www.ramedigitalstore.com\/es\/wp-json\/wp\/v2\/product_tag?post=1279"}],"curies":[{"name":"wp","href":"https:\/\/api.w.org\/{rel}","templated":true}]}}