{"id":1283,"date":"2021-04-21T12:29:31","date_gmt":"2021-04-21T12:29:31","guid":{"rendered":"https:\/\/www.ramedigitalstore.com\/?post_type=product&#038;p=1283"},"modified":"2021-04-23T19:48:41","modified_gmt":"2021-04-23T19:48:41","slug":"razer-viper-mini","status":"publish","type":"product","link":"https:\/\/www.ramedigitalstore.com\/es\/prodotto\/razer-viper-mini\/","title":{"rendered":"Razer Viper Mini"},"content":{"rendered":"<p style=\"text-align: center;\"><iframe title=\"Reproductor de v\u00eddeo de YouTube\" src=\"https:\/\/www.youtube.com\/embed\/rk5LTWHLQ7I\" width=\"560\" height=\"315\" frameborder=\"0\" allowfullscreen=\"allowfullscreen\"><\/iframe><\/p>\n<h2 style=\"text-align: center;\">Razer Viper Mini Gaming Mouse 61g Dise\u00f1o ultraligero CHROMA \u2122 RGB Light 8500 DPI Optail Sensor Mice<\/h2>\n<p style=\"text-align: center;\">100% PIES DE RAT\u00d3N DE PTFE<br \/>\nDisfrute de un movimiento fluido del rat\u00f3n sobre cualquier superficie con las patas de rat\u00f3n fabricadas con el m\u00e1s puro y alto grado de PTFE, un material utilizado para recubrir las sartenes antiadherentes.<\/p>\n<h4 style=\"text-align: center;\">SENSOR \u00d3PTICO DE 8500 PPP<br \/>\nCon un sensor que rastrea impecablemente tu movimiento con cero giros, puedes esperar nada m\u00e1s que una precisi\u00f3n de p\u00edxeles que es n\u00edtida y receptiva.<\/h4>\n<p style=\"text-align: center;\">6 BOTONES PROGRAMABLES<br \/>\nTotalmente configurable a trav\u00e9s de Razer Synapse 3, el rat\u00f3n cuenta con 2 botones laterales a su izquierda y uno junto a la rueda de desplazamiento, lo que permite acceder a macros y funciones secundarias para poder ejecutar cualquier acci\u00f3n con facilidad.<\/p>\n<p style=\"text-align: center;\">PERFIL DE LA MEMORIA DE A BORDO<br \/>\nAccede a tus ajustes DPI personalizados, a la configuraci\u00f3n de los botones y a mucho m\u00e1s sin necesidad de instalar ning\u00fan software una vez que tengas tu perfil favorito guardado a trav\u00e9s de Razer Synapse 3.<\/p>\n<p><img decoding=\"async\" class=\"aligncenter\" src=\"https:\/\/ae01.alicdn.com\/kf\/Hb30a9709a325482facea2a324b9e42e93.jpg?width=1000&amp;height=566&amp;hash=1566\" \/><\/p>\n<h1 class=\"tagline\" style=\"text-align: center;\">ULTRALIGERO. ULTRA-R\u00c1PIDO.<\/h1>\n<p class=\"regular-text-large\" style=\"text-align: center;\">Nacido para superar los l\u00edmites del juego ultraligero, el Razer Viper Mini adopta una forma m\u00e1s peque\u00f1a que sigue siendo igual de grande en rendimiento. Acortando su longitud y anchura de agarre, hemos trabajado con entusiastas y atletas de deportes electr\u00f3nicos para perfeccionar a\u00fan m\u00e1s su dise\u00f1o, asegurando que el control absoluto est\u00e9 ahora en manos de m\u00e1s jugadores, as\u00ed que hazte con nuestro rat\u00f3n para juegos m\u00e1s ligero y delgado.<\/p>\n<p style=\"text-align: center;\"><img decoding=\"async\" src=\"https:\/\/ae01.alicdn.com\/kf\/Hd7b1894a3abd430fa176301f7438f00fj.jpg?width=1000&amp;height=491&amp;hash=1491\" \/><\/p>\n<h2 style=\"text-align: center;\">61G ULTRA-<br class=\"hidden-xs\" \/>DISE\u00d1O LIGERO<\/h2>\n<p class=\"regular-text text-gray8\" style=\"text-align: center;\">El chasis ambidiestro ha reducido el peso, para que pueda disfrutar de deslizamientos a\u00fan m\u00e1s r\u00e1pidos, pero sigue siendo tan duradero y s\u00f3lido como siempre. Recomendado para jugadores con manos de tama\u00f1o peque\u00f1o o medio, este rat\u00f3n ultraligero para juegos es el m\u00e1s adecuado para quienes prefieren los estilos de agarre de garra o de dedo.<img decoding=\"async\" src=\"https:\/\/ae01.alicdn.com\/kf\/H47b734bd84ea4587ac7a2169d4f219816.jpg?width=1000&amp;height=433&amp;hash=1433\" \/><\/p>\n<h2 style=\"text-align: center;\">INTERRUPTOR DEL RAT\u00d3N \u00d3PTICO RAZER\u2122<\/h2>\n<p class=\"regular-text text-gray8\" style=\"text-align: center;\">Utilizando un haz de luz infrarroja para registrar cada clic, los interruptores de este rat\u00f3n ligero para juegos act\u00faan con un tiempo de respuesta l\u00edder en la industria de 0,2 milisegundos. Al no requerir el contacto f\u00edsico tradicional, esta forma de accionamiento elimina la necesidad de un retardo de rebote y nunca provoca clics involuntarios, lo que proporciona un control m\u00e1s estrecho y una ejecuci\u00f3n impecable.<\/p>\n<h2 style=\"text-align: center;\"><\/h2>\n<p style=\"text-align: center;\"><img decoding=\"async\" src=\"https:\/\/ae01.alicdn.com\/kf\/H94cf8647539f46369f6b213bece01b4cr.jpg?width=1000&amp;height=402&amp;hash=1402\" \/><\/p>\n<h2 style=\"text-align: center;\">RAZER CHROMA\u2122 RGB UNDERGLOW<\/h2>\n<p class=\"regular-text text-gray8\" style=\"text-align: center;\">Con 16,8 millones de colores y una gama de efectos de iluminaci\u00f3n din\u00e1micos que puedes programar o crear desde el principio a trav\u00e9s de Razer Synapse 3, el Razer Viper Mini no deja de tener car\u00e1cter y personalidad como parte de tu estaci\u00f3n de batalla.<img decoding=\"async\" src=\"https:\/\/ae01.alicdn.com\/kf\/Hf0525d6233794ee78b5e8bbfbcff6c8c6.jpg?width=1000&amp;height=411&amp;hash=1411\" \/><\/p>\n<h2 style=\"text-align: center;\">CABLE RAZER SPEEDFLEX<\/h2>\n<p class=\"regular-text text-gray8\" style=\"text-align: center;\">El cable del Razer Viper Mini tiene mayor flexibilidad y est\u00e1 dise\u00f1ado para producir un arrastre m\u00ednimo, de modo que puedas realizar deslizamientos m\u00e1s r\u00e1pidos y fluidos para un mayor grado de control.<img decoding=\"async\" src=\"https:\/\/ae01.alicdn.com\/kf\/Hf21d20e41f7c4b6b826c78418a1fea605.jpg?width=1000&amp;height=569&amp;hash=1569\" \/><img decoding=\"async\" src=\"https:\/\/ae01.alicdn.com\/kf\/Hddcb6e2dedd14f3d8d6d76aaab2d6680N.jpg?width=1000&amp;height=577&amp;hash=1577\" \/><img decoding=\"async\" src=\"https:\/\/ae01.alicdn.com\/kf\/H605446c04c964896b9579bcd02665057Z.jpg?width=1000&amp;height=666&amp;hash=1666\" \/><img decoding=\"async\" src=\"https:\/\/ae01.alicdn.com\/kf\/Hdac470e335c7443c9adcb899cee4d8d7K.jpg?width=1000&amp;height=666&amp;hash=1666\" \/><img decoding=\"async\" src=\"https:\/\/ae01.alicdn.com\/kf\/Hb8d0f81bbfe942ddabd42dc122790665B.jpg?width=1000&amp;height=666&amp;hash=1666\" \/><img decoding=\"async\" src=\"https:\/\/ae01.alicdn.com\/kf\/H8c8d69aea4a843a58b6d3e5ddf90e252O.jpg?width=1000&amp;height=666&amp;hash=1666\" \/><img decoding=\"async\" src=\"https:\/\/ae01.alicdn.com\/kf\/Ha2b19fbdc447444a91f2e1025e42bf6dM.jpg?width=1000&amp;height=666&amp;hash=1666\" \/><img decoding=\"async\" src=\"https:\/\/ae01.alicdn.com\/kf\/H74aafa1116d44a3e8170a8cd4d0cf31bd.jpg?width=1000&amp;height=666&amp;hash=1666\" \/><img decoding=\"async\" src=\"https:\/\/ae01.alicdn.com\/kf\/Hd0391144ec33465093c503e978aebd78P.jpg?width=1000&amp;height=666&amp;hash=1666\" \/><img decoding=\"async\" src=\"https:\/\/ae01.alicdn.com\/kf\/H327c6f92c36542029f60dd7a3d0449cbr.jpg?width=1000&amp;height=666&amp;hash=1666\" \/><\/p>","protected":false},"excerpt":{"rendered":"<h5 style=\"text-align: center;\"><span style=\"color: #ff0000;\"><em>\u00a1No te pierdas esta oferta! \u00a1No se quedar\u00e1 para siempre!<\/em><\/span><\/h5>\n<h3 class=\"body-text text-white\" style=\"text-align: center;\">Rat\u00f3n de juego ultraligero con Razer\u2122 Chroma RGB<\/h3>\n<p style=\"text-align: center;\"><img decoding=\"async\" class=\"alignnone size-full wp-image-1126\" src=\"https:\/\/www.ramecorporation.com\/wp-content\/uploads\/2021\/03\/21982.png\" alt=\"\" width=\"16\" height=\"16\" \/> R\u00e1pido y seguro.<br \/>\n<img decoding=\"async\" class=\"alignnone size-full wp-image-1126\" src=\"https:\/\/www.ramecorporation.com\/wp-content\/uploads\/2021\/03\/21982.png\" alt=\"\" width=\"16\" height=\"16\" \/> \u00a1Entregar en todo el mundo!<br \/>\n<img decoding=\"async\" class=\"alignnone size-full wp-image-1126\" src=\"https:\/\/www.ramecorporation.com\/wp-content\/uploads\/2021\/03\/21982.png\" alt=\"\" width=\"16\" height=\"16\" \/> Asistencia al cliente en directo 24 horas al d\u00eda, 7 d\u00edas a la semana.<br \/>\n<img decoding=\"async\" class=\"alignnone size-full wp-image-1126\" src=\"https:\/\/www.ramecorporation.com\/wp-content\/uploads\/2021\/03\/21982.png\" alt=\"\" width=\"16\" height=\"16\" \/> En Rame Digital la entrega es siempre gratuita.<\/p>\n<p><img decoding=\"async\" class=\"aligncenter wp-image-1546 size-medium\" src=\"https:\/\/www.ramecorporation.com\/wp-content\/uploads\/2021\/03\/Full_Online_Tray_RGB-300x76.png\" alt=\"\" width=\"300\" height=\"76\" \/><\/p>","protected":false},"featured_media":1319,"template":"","meta":[],"product_brand":[],"product_cat":[18,34],"product_tag":[],"class_list":{"0":"post-1283","1":"product","2":"type-product","3":"status-publish","4":"has-post-thumbnail","6":"product_cat-game","7":"product_cat-uncategorized","9":"first","10":"instock","11":"sale","12":"shipping-taxable","13":"purchasable","14":"product-type-simple"},"yoast_head":"<!-- This site is optimized with the Yoast SEO Premium plugin v21.9 (Yoast SEO v27.5) - https:\/\/yoast.com\/product\/yoast-seo-premium-wordpress\/ -->\n<title>Razer Viper Mini RZ01-03250100-R3U1 - Rame Digital<\/title>\n<meta name=\"description\" content=\"Razer Viper Mini Gaming Mouse 61g Ultra-lightweight Design CHROMA \u2122 RGB Light 8500 DPI Optail Sensor Mice. Rame Digital.\" \/>\n<meta name=\"robots\" content=\"index, follow, max-snippet:-1, max-image-preview:large, max-video-preview:-1\" \/>\n<link rel=\"canonical\" href=\"https:\/\/www.ramedigitalstore.com\/es\/prodotto\/razer-viper-mini\/\" \/>\n<meta property=\"og:locale\" content=\"es_ES\" \/>\n<meta property=\"og:type\" content=\"article\" \/>\n<meta property=\"og:title\" content=\"Razer Viper Mini\" \/>\n<meta property=\"og:description\" content=\"Razer Viper Mini Gaming Mouse 61g Ultra-lightweight Design CHROMA \u2122 RGB Light 8500 DPI Optail Sensor Mice. Rame Digital.\" \/>\n<meta property=\"og:url\" content=\"https:\/\/www.ramedigitalstore.com\/es\/prodotto\/razer-viper-mini\/\" \/>\n<meta property=\"og:site_name\" content=\"Rame Digital\" \/>\n<meta property=\"article:publisher\" content=\"https:\/\/www.facebook.com\/RameDigitalOfficial\" \/>\n<meta property=\"article:modified_time\" content=\"2021-04-23T19:48:41+00:00\" \/>\n<meta property=\"og:image\" content=\"https:\/\/www.ramedigitalstore.com\/wp-content\/uploads\/2021\/04\/Razer-Viper-Mini-Gaming-Mouse-61g-Ultra-lightweight-Design-CHROMA-RGB-Light-8500-DPI-Optail-Sensor-1-1.jpg\" \/>\n\t<meta property=\"og:image:width\" content=\"800\" \/>\n\t<meta property=\"og:image:height\" content=\"800\" \/>\n\t<meta property=\"og:image:type\" content=\"image\/jpeg\" \/>\n<meta name=\"twitter:card\" content=\"summary_large_image\" \/>\n<meta name=\"twitter:label1\" content=\"Tiempo de lectura\" \/>\n\t<meta name=\"twitter:data1\" content=\"5 minutos\" \/>\n<script type=\"application\/ld+json\" class=\"yoast-schema-graph\">{\"@context\":\"https:\\\/\\\/schema.org\",\"@graph\":[{\"@type\":\"WebPage\",\"@id\":\"https:\\\/\\\/www.ramedigitalstore.com\\\/prodotto\\\/razer-viper-mini\\\/\",\"url\":\"https:\\\/\\\/www.ramedigitalstore.com\\\/prodotto\\\/razer-viper-mini\\\/\",\"name\":\"Razer Viper Mini RZ01-03250100-R3U1 - Rame Digital\",\"isPartOf\":{\"@id\":\"https:\\\/\\\/www.ramedigitalstore.com\\\/#website\"},\"primaryImageOfPage\":{\"@id\":\"https:\\\/\\\/www.ramedigitalstore.com\\\/prodotto\\\/razer-viper-mini\\\/#primaryimage\"},\"image\":{\"@id\":\"https:\\\/\\\/www.ramedigitalstore.com\\\/prodotto\\\/razer-viper-mini\\\/#primaryimage\"},\"thumbnailUrl\":\"https:\\\/\\\/www.ramedigitalstore.com\\\/wp-content\\\/uploads\\\/2021\\\/04\\\/Razer-Viper-Mini-Gaming-Mouse-61g-Ultra-lightweight-Design-CHROMA-RGB-Light-8500-DPI-Optail-Sensor-1-1.jpg\",\"datePublished\":\"2021-04-21T12:29:31+00:00\",\"dateModified\":\"2021-04-23T19:48:41+00:00\",\"description\":\"Razer Viper Mini Gaming Mouse 61g Ultra-lightweight Design CHROMA \u2122 RGB Light 8500 DPI Optail Sensor Mice. Rame Digital.\",\"breadcrumb\":{\"@id\":\"https:\\\/\\\/www.ramedigitalstore.com\\\/prodotto\\\/razer-viper-mini\\\/#breadcrumb\"},\"inLanguage\":\"es\",\"potentialAction\":[{\"@type\":\"ReadAction\",\"target\":[\"https:\\\/\\\/www.ramedigitalstore.com\\\/prodotto\\\/razer-viper-mini\\\/\"]}]},{\"@type\":\"ImageObject\",\"inLanguage\":\"es\",\"@id\":\"https:\\\/\\\/www.ramedigitalstore.com\\\/prodotto\\\/razer-viper-mini\\\/#primaryimage\",\"url\":\"https:\\\/\\\/www.ramedigitalstore.com\\\/wp-content\\\/uploads\\\/2021\\\/04\\\/Razer-Viper-Mini-Gaming-Mouse-61g-Ultra-lightweight-Design-CHROMA-RGB-Light-8500-DPI-Optail-Sensor-1-1.jpg\",\"contentUrl\":\"https:\\\/\\\/www.ramedigitalstore.com\\\/wp-content\\\/uploads\\\/2021\\\/04\\\/Razer-Viper-Mini-Gaming-Mouse-61g-Ultra-lightweight-Design-CHROMA-RGB-Light-8500-DPI-Optail-Sensor-1-1.jpg\",\"width\":800,\"height\":800},{\"@type\":\"BreadcrumbList\",\"@id\":\"https:\\\/\\\/www.ramedigitalstore.com\\\/prodotto\\\/razer-viper-mini\\\/#breadcrumb\",\"itemListElement\":[{\"@type\":\"ListItem\",\"position\":1,\"name\":\"Home\",\"item\":\"https:\\\/\\\/www.ramedigitalstore.com\\\/\"},{\"@type\":\"ListItem\",\"position\":2,\"name\":\"Shop\",\"item\":\"https:\\\/\\\/www.ramedigitalstore.com\\\/shop\\\/\"},{\"@type\":\"ListItem\",\"position\":3,\"name\":\"Razer Viper Mini\"}]},{\"@type\":\"WebSite\",\"@id\":\"https:\\\/\\\/www.ramedigitalstore.com\\\/#website\",\"url\":\"https:\\\/\\\/www.ramedigitalstore.com\\\/\",\"name\":\"Rame Digital\",\"description\":\"Digital store par excellence\",\"publisher\":{\"@id\":\"https:\\\/\\\/www.ramedigitalstore.com\\\/#organization\"},\"potentialAction\":[{\"@type\":\"SearchAction\",\"target\":{\"@type\":\"EntryPoint\",\"urlTemplate\":\"https:\\\/\\\/www.ramedigitalstore.com\\\/?s={search_term_string}\"},\"query-input\":{\"@type\":\"PropertyValueSpecification\",\"valueRequired\":true,\"valueName\":\"search_term_string\"}}],\"inLanguage\":\"es\"},{\"@type\":\"Organization\",\"@id\":\"https:\\\/\\\/www.ramedigitalstore.com\\\/#organization\",\"name\":\"Rame Digital\",\"url\":\"https:\\\/\\\/www.ramedigitalstore.com\\\/\",\"logo\":{\"@type\":\"ImageObject\",\"inLanguage\":\"es\",\"@id\":\"https:\\\/\\\/www.ramedigitalstore.com\\\/#\\\/schema\\\/logo\\\/image\\\/\",\"url\":\"https:\\\/\\\/www.ramedigitalstore.com\\\/wp-content\\\/uploads\\\/2021\\\/04\\\/Logo-new-quadrato-1-e1619205976915.png\",\"contentUrl\":\"https:\\\/\\\/www.ramedigitalstore.com\\\/wp-content\\\/uploads\\\/2021\\\/04\\\/Logo-new-quadrato-1-e1619205976915.png\",\"width\":256,\"height\":256,\"caption\":\"Rame Digital\"},\"image\":{\"@id\":\"https:\\\/\\\/www.ramedigitalstore.com\\\/#\\\/schema\\\/logo\\\/image\\\/\"},\"sameAs\":[\"https:\\\/\\\/www.facebook.com\\\/RameDigitalOfficial\",\"https:\\\/\\\/www.instagram.com\\\/rame_digital_official\\\/\"]}]}<\/script>\n<!-- \/ Yoast SEO Premium plugin. -->","yoast_head_json":{"title":"Razer Viper Mini RZ01-03250100-R3U1 - Rame Digital","description":"Razer Viper Mini Gaming Mouse 61g Dise\u00f1o ultraligero CHROMA \u2122 RGB Light 8500 DPI Optail Sensor Mice. Rame Digital.","robots":{"index":"index","follow":"follow","max-snippet":"max-snippet:-1","max-image-preview":"max-image-preview:large","max-video-preview":"max-video-preview:-1"},"canonical":"https:\/\/www.ramedigitalstore.com\/es\/prodotto\/razer-viper-mini\/","og_locale":"es_ES","og_type":"article","og_title":"Razer Viper Mini","og_description":"Razer Viper Mini Gaming Mouse 61g Ultra-lightweight Design CHROMA \u2122 RGB Light 8500 DPI Optail Sensor Mice. Rame Digital.","og_url":"https:\/\/www.ramedigitalstore.com\/es\/prodotto\/razer-viper-mini\/","og_site_name":"Rame Digital","article_publisher":"https:\/\/www.facebook.com\/RameDigitalOfficial","article_modified_time":"2021-04-23T19:48:41+00:00","og_image":[{"width":800,"height":800,"url":"https:\/\/www.ramedigitalstore.com\/wp-content\/uploads\/2021\/04\/Razer-Viper-Mini-Gaming-Mouse-61g-Ultra-lightweight-Design-CHROMA-RGB-Light-8500-DPI-Optail-Sensor-1-1.jpg","type":"image\/jpeg"}],"twitter_card":"summary_large_image","twitter_misc":{"Tiempo de lectura":"5 minutos"},"schema":{"@context":"https:\/\/schema.org","@graph":[{"@type":"WebPage","@id":"https:\/\/www.ramedigitalstore.com\/prodotto\/razer-viper-mini\/","url":"https:\/\/www.ramedigitalstore.com\/prodotto\/razer-viper-mini\/","name":"Razer Viper Mini RZ01-03250100-R3U1 - Rame Digital","isPartOf":{"@id":"https:\/\/www.ramedigitalstore.com\/#website"},"primaryImageOfPage":{"@id":"https:\/\/www.ramedigitalstore.com\/prodotto\/razer-viper-mini\/#primaryimage"},"image":{"@id":"https:\/\/www.ramedigitalstore.com\/prodotto\/razer-viper-mini\/#primaryimage"},"thumbnailUrl":"https:\/\/www.ramedigitalstore.com\/wp-content\/uploads\/2021\/04\/Razer-Viper-Mini-Gaming-Mouse-61g-Ultra-lightweight-Design-CHROMA-RGB-Light-8500-DPI-Optail-Sensor-1-1.jpg","datePublished":"2021-04-21T12:29:31+00:00","dateModified":"2021-04-23T19:48:41+00:00","description":"Razer Viper Mini Gaming Mouse 61g Dise\u00f1o ultraligero CHROMA \u2122 RGB Light 8500 DPI Optail Sensor Mice. Rame Digital.","breadcrumb":{"@id":"https:\/\/www.ramedigitalstore.com\/prodotto\/razer-viper-mini\/#breadcrumb"},"inLanguage":"es","potentialAction":[{"@type":"ReadAction","target":["https:\/\/www.ramedigitalstore.com\/prodotto\/razer-viper-mini\/"]}]},{"@type":"ImageObject","inLanguage":"es","@id":"https:\/\/www.ramedigitalstore.com\/prodotto\/razer-viper-mini\/#primaryimage","url":"https:\/\/www.ramedigitalstore.com\/wp-content\/uploads\/2021\/04\/Razer-Viper-Mini-Gaming-Mouse-61g-Ultra-lightweight-Design-CHROMA-RGB-Light-8500-DPI-Optail-Sensor-1-1.jpg","contentUrl":"https:\/\/www.ramedigitalstore.com\/wp-content\/uploads\/2021\/04\/Razer-Viper-Mini-Gaming-Mouse-61g-Ultra-lightweight-Design-CHROMA-RGB-Light-8500-DPI-Optail-Sensor-1-1.jpg","width":800,"height":800},{"@type":"BreadcrumbList","@id":"https:\/\/www.ramedigitalstore.com\/prodotto\/razer-viper-mini\/#breadcrumb","itemListElement":[{"@type":"ListItem","position":1,"name":"Home","item":"https:\/\/www.ramedigitalstore.com\/"},{"@type":"ListItem","position":2,"name":"Shop","item":"https:\/\/www.ramedigitalstore.com\/shop\/"},{"@type":"ListItem","position":3,"name":"Razer Viper Mini"}]},{"@type":"WebSite","@id":"https:\/\/www.ramedigitalstore.com\/#website","url":"https:\/\/www.ramedigitalstore.com\/","name":"Rame Digital","description":"Tienda digital por excelencia","publisher":{"@id":"https:\/\/www.ramedigitalstore.com\/#organization"},"potentialAction":[{"@type":"SearchAction","target":{"@type":"EntryPoint","urlTemplate":"https:\/\/www.ramedigitalstore.com\/?s={search_term_string}"},"query-input":{"@type":"PropertyValueSpecification","valueRequired":true,"valueName":"search_term_string"}}],"inLanguage":"es"},{"@type":"Organization","@id":"https:\/\/www.ramedigitalstore.com\/#organization","name":"Rame Digital","url":"https:\/\/www.ramedigitalstore.com\/","logo":{"@type":"ImageObject","inLanguage":"es","@id":"https:\/\/www.ramedigitalstore.com\/#\/schema\/logo\/image\/","url":"https:\/\/www.ramedigitalstore.com\/wp-content\/uploads\/2021\/04\/Logo-new-quadrato-1-e1619205976915.png","contentUrl":"https:\/\/www.ramedigitalstore.com\/wp-content\/uploads\/2021\/04\/Logo-new-quadrato-1-e1619205976915.png","width":256,"height":256,"caption":"Rame Digital"},"image":{"@id":"https:\/\/www.ramedigitalstore.com\/#\/schema\/logo\/image\/"},"sameAs":["https:\/\/www.facebook.com\/RameDigitalOfficial","https:\/\/www.instagram.com\/rame_digital_official\/"]}]}},"jetpack_sharing_enabled":true,"_links":{"self":[{"href":"https:\/\/www.ramedigitalstore.com\/es\/wp-json\/wp\/v2\/product\/1283","targetHints":{"allow":["GET"]}}],"collection":[{"href":"https:\/\/www.ramedigitalstore.com\/es\/wp-json\/wp\/v2\/product"}],"about":[{"href":"https:\/\/www.ramedigitalstore.com\/es\/wp-json\/wp\/v2\/types\/product"}],"version-history":[{"count":0,"href":"https:\/\/www.ramedigitalstore.com\/es\/wp-json\/wp\/v2\/product\/1283\/revisions"}],"wp:featuredmedia":[{"embeddable":true,"href":"https:\/\/www.ramedigitalstore.com\/es\/wp-json\/wp\/v2\/media\/1319"}],"wp:attachment":[{"href":"https:\/\/www.ramedigitalstore.com\/es\/wp-json\/wp\/v2\/media?parent=1283"}],"wp:term":[{"taxonomy":"product_brand","embeddable":true,"href":"https:\/\/www.ramedigitalstore.com\/es\/wp-json\/wp\/v2\/product_brand?post=1283"},{"taxonomy":"product_cat","embeddable":true,"href":"https:\/\/www.ramedigitalstore.com\/es\/wp-json\/wp\/v2\/product_cat?post=1283"},{"taxonomy":"product_tag","embeddable":true,"href":"https:\/\/www.ramedigitalstore.com\/es\/wp-json\/wp\/v2\/product_tag?post=1283"}],"curies":[{"name":"wp","href":"https:\/\/api.w.org\/{rel}","templated":true}]}}