{"id":2409,"date":"2022-03-02T22:04:31","date_gmt":"2022-03-02T22:04:31","guid":{"rendered":"https:\/\/www.ramedigitalstore.com\/?post_type=product&#038;p=2409"},"modified":"2026-04-25T15:33:10","modified_gmt":"2026-04-25T15:33:10","slug":"xbox-game-pass-ultimate-5-months","status":"publish","type":"product","link":"https:\/\/www.ramedigitalstore.com\/es\/prodotto\/xbox-game-pass-ultimate-4-months-1-month-free-global\/","title":{"rendered":"Xbox Game Pass Ultimate 5 Months &#8211; GLOBAL"},"content":{"rendered":"<h3 style=\"text-align: center\"><strong><span style=\"color: #8f00ff\"><span style=\"vertical-align: inherit\">Renueve su suscripci\u00f3n sin cambiar su perfil<\/span><\/span><\/strong><\/h3>\n<h3 class=\"c-heading-1 f-lean\" style=\"text-align: center\">You will receive 5 Months Game Pass Ultimate.<\/h3>\n<h4 class=\"c-heading-1 f-lean\" style=\"text-align: center\">Para renovar la suscripci\u00f3n en tu perfil personal, s\u00f3lo tienes que a\u00f1adir las credenciales en tu consola o PC.<\/h4>\n<h3 style=\"text-align: center\"><strong><span style=\"color: #ff0000\">No recibir\u00e1 una cuenta compartida.<\/span><\/strong><\/h3>\n<p style=\"text-align: center\"><strong>Recibir\u00e1s unas credenciales creadas exclusivamente para ti. Estableceremos tu n\u00famero como m\u00e9todo de contacto\/recuperaci\u00f3n para que solo t\u00fa puedas cambiarlas en cualquier momento y as\u00ed garantizar la m\u00e1xima seguridad.<\/strong><\/p>\n<p style=\"text-align: center\"><strong>Una vez a\u00f1adido en tu consola notar\u00e1s que tu perfil personal volver\u00e1 a tener permisos de Xbox Game Pass Ultimate para poder jugar online y descargar juegos de los distintos cat\u00e1logos de Game Pass, Live Gold y EA Play.<\/strong><\/p>\n<p style=\"text-align: center\"><strong>Funciona en 2 consolas al mismo tiempo, puedes cambiar f\u00e1cilmente y luego compartir la suscripci\u00f3n con un amigo \/ familia.<\/strong><\/p>\n<p style=\"text-align: center\"><strong>Para m\u00e1s detalles, p\u00f3ngase en contacto con nosotros en <\/strong><a href=\"https:\/\/api.whatsapp.com\/send?phone=393888680074&amp;text=Hi!%20Can%20i%20have%20information%20about%20Game%20Pass%20Ultimate%20Alternative%20Key?\"><strong>+39 388 868 0074.<\/strong><\/a><\/p>\n<p style=\"text-align: center\"><strong>Las credenciales ser\u00e1n 100% tuyas una vez entregadas ya no tendremos acceso a ellas y podr\u00e1s hacer lo que quieras.<\/strong><\/p>\n<p style=\"text-align: center\">Si lo que busca es estrictamente una llave y no un m\u00e9todo alternativo para ahorrar visite<\/p>\n<h3 style=\"text-align: center\"><a href=\"https:\/\/www.ramedigitalstore.com\/es\/it\/prodotto\/xbox-game-pass-ultimate-1-year-key\/\"> <strong><span style=\"color: #8f00ff\"><span style=\"vertical-align: inherit\">Clave de 12 meses de Xbox Game Pass Ultimate<\/span><\/span><\/strong><\/a><\/h3>\n<p>&nbsp;<\/p>\n<h3 style=\"text-align: center\"><strong><span style=\"vertical-align: inherit\">Comprar Xbox Game Pass Ultimate: Barato y seguro con Rame Digital <\/span><\/strong><\/h3>\n<p style=\"text-align: center\"><span style=\"vertical-align: inherit\">Si ha decidido adquirir Game Pass Ultimate, puede comprar la suscripci\u00f3n completa en Rame Digital en condiciones ventajosas. Los compradores se benefician de la calidad del servicio probada y disfrutan de un proceso de compra extremadamente simple y sin complicaciones. La suscripci\u00f3n deseada no se env\u00eda al cliente en forma voluminosa como un CD \/ DVD, en consecuencia, pero s\u00f3lo como una cuenta por correo. Por lo tanto, el cliente recibe sus bienes inmediatamente despu\u00e9s de la compra y la recepci\u00f3n del dinero. Para saber m\u00e1s, lea: t\u00e9rminos y condiciones y pol\u00edtica de privacidad o FAQ<\/span><\/p>\n<p style=\"text-align: center\"><span style=\"vertical-align: inherit\">En cambio, con Rame Digital la asistencia es siempre gratuita.<\/span><\/p>\n<h3 class=\"text-center\" style=\"text-align: center\"><span style=\"vertical-align: inherit\">Sea cual sea el dispositivo que utilices, con Xbox Game Pass Ultimate.<\/span><\/h3>\n<ul class=\"list list-withIcons\" style=\"text-align: center\">\n<li><img decoding=\"async\" src=\"https:\/\/static3.avast.com\/20001227\/web\/i\/v2\/components\/win.svg\" alt=\"\" \/>Windows 10 (NO CAMBIAR PERFIL)<br \/>\nFunciona en todas las Xbox (NO CAMBIE EL PERFIL)<\/li>\n<\/ul>\n<h2 class=\"text-center\" style=\"text-align: center\"><\/h2>\n<h3 class=\"text-center\" style=\"text-align: center\"><strong><span style=\"vertical-align: inherit\">Entrega r\u00e1pida, m\u00e1ximo 6 horas por correo electr\u00f3nico.<\/span><\/strong><\/h3>\n<p style=\"text-align: center\"><strong>Se proporcionar\u00e1 una cuenta que tendr\u00e1 la misma funci\u00f3n que la clave. El procedimiento de activaci\u00f3n se facilitar\u00e1 por correo electr\u00f3nico.<\/strong><\/p>\n<p style=\"text-align: center\"><span style=\"vertical-align: inherit\">S\u00edganos en <\/span><a href=\"https:\/\/www.facebook.com\/RameDigitalOfficial\/\"><span style=\"vertical-align: inherit\">Facebook<\/span><\/a><\/p>","protected":false},"excerpt":{"rendered":"<h5 style=\"text-align: center\"><span style=\"color: #ff0000\"><em><span style=\"vertical-align: inherit\">No te pierdas esta oferta. No estar\u00e1 para siempre.<\/span><\/em><\/span><\/h5>\n<div class=\"hd-listinghead\" style=\"font-size: 19pt;font-family: Arial;text-align: center\"><strong><span style=\"color: #8f00ff\"><span style=\"vertical-align: inherit\">Renueve su suscripci\u00f3n hoy mismo.<\/span><\/span><\/strong><\/div>\n<div><\/div>\n<p style=\"text-align: center\"><strong>\u2713 Juega siempre con tu perfil<span style=\"vertical-align: inherit\">\u00a0!<\/span><\/strong><br \/>\n<strong>\u2713 <\/strong>Compartible<br \/>\n<strong>\u2713 <\/strong>M\u00e1xima seguridad<br \/>\n<span style=\"vertical-align: inherit\"> <strong>\u2713 <\/strong>No hay cuentas compartidas<\/span><br \/>\n<span style=\"vertical-align: inherit\"><strong>\u2713 <\/strong><\/span>Entrega por correo electr\u00f3nico en un m\u00e1ximo de 6 horas<br \/>\n<span style=\"vertical-align: inherit\"><strong>\u2713 S\u00f3lo se puede activar con la suscripci\u00f3n Utimate caducada\/vencida.<\/strong><\/span><\/p>\n<p>&nbsp;<\/p>\n<p><img decoding=\"async\" class=\"aligncenter wp-image-2400\" src=\"https:\/\/www.ramedigitalstore.com\/wp-content\/uploads\/2022\/03\/trustpilot-stars-1024x140.png\" alt=\"\" width=\"600\" height=\"82\" srcset=\"https:\/\/www.ramedigitalstore.com\/wp-content\/uploads\/2022\/03\/trustpilot-stars-1024x140.png 1024w, https:\/\/www.ramedigitalstore.com\/wp-content\/uploads\/2022\/03\/trustpilot-stars-500x68.png 500w, https:\/\/www.ramedigitalstore.com\/wp-content\/uploads\/2022\/03\/trustpilot-stars-700x96.png 700w, https:\/\/www.ramedigitalstore.com\/wp-content\/uploads\/2022\/03\/trustpilot-stars-300x41.png 300w, https:\/\/www.ramedigitalstore.com\/wp-content\/uploads\/2022\/03\/trustpilot-stars-768x105.png 768w, https:\/\/www.ramedigitalstore.com\/wp-content\/uploads\/2022\/03\/trustpilot-stars-1536x210.png 1536w, https:\/\/www.ramedigitalstore.com\/wp-content\/uploads\/2022\/03\/trustpilot-stars-260x35.png 260w, https:\/\/www.ramedigitalstore.com\/wp-content\/uploads\/2022\/03\/trustpilot-stars-50x7.png 50w, https:\/\/www.ramedigitalstore.com\/wp-content\/uploads\/2022\/03\/trustpilot-stars-150x20.png 150w, https:\/\/www.ramedigitalstore.com\/wp-content\/uploads\/2022\/03\/trustpilot-stars-1320x180.png 1320w, https:\/\/www.ramedigitalstore.com\/wp-content\/uploads\/2022\/03\/trustpilot-stars-800x109.png 800w, https:\/\/www.ramedigitalstore.com\/wp-content\/uploads\/2022\/03\/trustpilot-stars.png 2000w\" sizes=\"(max-width: 600px) 100vw, 600px\" \/><\/p>\n<p><img fetchpriority=\"high\" decoding=\"async\" class=\"wp-image-2401 size-full aligncenter\" src=\"https:\/\/www.ramedigitalstore.com\/wp-content\/uploads\/2022\/03\/payment2.jpg\" alt=\"\" width=\"1020\" height=\"267\" srcset=\"https:\/\/www.ramedigitalstore.com\/wp-content\/uploads\/2022\/03\/payment2.jpg 1020w, https:\/\/www.ramedigitalstore.com\/wp-content\/uploads\/2022\/03\/payment2-500x131.jpg 500w, https:\/\/www.ramedigitalstore.com\/wp-content\/uploads\/2022\/03\/payment2-700x183.jpg 700w, https:\/\/www.ramedigitalstore.com\/wp-content\/uploads\/2022\/03\/payment2-300x79.jpg 300w, https:\/\/www.ramedigitalstore.com\/wp-content\/uploads\/2022\/03\/payment2-768x201.jpg 768w, https:\/\/www.ramedigitalstore.com\/wp-content\/uploads\/2022\/03\/payment2-260x68.jpg 260w, https:\/\/www.ramedigitalstore.com\/wp-content\/uploads\/2022\/03\/payment2-50x13.jpg 50w, https:\/\/www.ramedigitalstore.com\/wp-content\/uploads\/2022\/03\/payment2-150x39.jpg 150w, https:\/\/www.ramedigitalstore.com\/wp-content\/uploads\/2022\/03\/payment2-800x209.jpg 800w\" sizes=\"(max-width: 1020px) 100vw, 1020px\" \/><\/p>","protected":false},"featured_media":7105,"template":"","meta":[],"product_brand":[],"product_cat":[110,107],"product_tag":[],"class_list":{"0":"post-2409","1":"product","2":"type-product","3":"status-publish","4":"has-post-thumbnail","6":"product_cat-software-video-game","7":"product_cat-xbox-game-pass-ultimate","9":"first","10":"outofstock","11":"sale","12":"virtual","13":"sold-individually","14":"purchasable","15":"product-type-simple"},"yoast_head":"<!-- This site is optimized with the Yoast SEO Premium plugin v21.9 (Yoast SEO v27.5) - https:\/\/yoast.com\/product\/yoast-seo-premium-wordpress\/ -->\n<title>Xbox Game Pass Ultimate 5 Months - GLOBAL -<\/title>\n<meta name=\"robots\" content=\"index, follow, max-snippet:-1, max-image-preview:large, max-video-preview:-1\" \/>\n<link rel=\"canonical\" href=\"https:\/\/www.ramedigitalstore.com\/es\/prodotto\/xbox-game-pass-ultimate-4-months-1-month-free-global\/\" \/>\n<meta property=\"og:locale\" content=\"es_ES\" \/>\n<meta property=\"og:type\" content=\"article\" \/>\n<meta property=\"og:title\" content=\"Xbox Game Pass Ultimate 5 Months - GLOBAL\" \/>\n<meta property=\"og:description\" content=\"Don&#8217;t miss this offer! It won&#8217;t be around forever! Renew your subscription today! \u2713 Always play with your profile\u00a0! \u2713 Shareable \u2713 Maximum security \u2713 No shared accounts \u2713 Delivery by email in up to 6hours \u2713 Can only be activated with expiring\/expired Utimate subscription. &nbsp;\" \/>\n<meta property=\"og:url\" content=\"https:\/\/www.ramedigitalstore.com\/es\/prodotto\/xbox-game-pass-ultimate-4-months-1-month-free-global\/\" \/>\n<meta property=\"og:site_name\" content=\"Rame Digital\" \/>\n<meta property=\"article:publisher\" content=\"https:\/\/www.facebook.com\/RameDigitalOfficial\" \/>\n<meta property=\"article:modified_time\" content=\"2026-04-25T15:33:10+00:00\" \/>\n<meta property=\"og:image\" content=\"https:\/\/www.ramedigitalstore.com\/wp-content\/uploads\/2021\/11\/Game-Pass-Ultimate.webp\" \/>\n\t<meta property=\"og:image:width\" content=\"720\" \/>\n\t<meta property=\"og:image:height\" content=\"720\" \/>\n\t<meta property=\"og:image:type\" content=\"image\/webp\" \/>\n<meta name=\"twitter:card\" content=\"summary_large_image\" \/>\n<meta name=\"twitter:label1\" content=\"Tiempo de lectura\" \/>\n\t<meta name=\"twitter:data1\" content=\"2 minutos\" \/>\n<script type=\"application\/ld+json\" class=\"yoast-schema-graph\">{\"@context\":\"https:\\\/\\\/schema.org\",\"@graph\":[{\"@type\":\"WebPage\",\"@id\":\"https:\\\/\\\/www.ramedigitalstore.com\\\/prodotto\\\/xbox-game-pass-ultimate-5-months\\\/\",\"url\":\"https:\\\/\\\/www.ramedigitalstore.com\\\/prodotto\\\/xbox-game-pass-ultimate-5-months\\\/\",\"name\":\"Xbox Game Pass Ultimate 5 Months - GLOBAL -\",\"isPartOf\":{\"@id\":\"https:\\\/\\\/www.ramedigitalstore.com\\\/#website\"},\"primaryImageOfPage\":{\"@id\":\"https:\\\/\\\/www.ramedigitalstore.com\\\/prodotto\\\/xbox-game-pass-ultimate-5-months\\\/#primaryimage\"},\"image\":{\"@id\":\"https:\\\/\\\/www.ramedigitalstore.com\\\/prodotto\\\/xbox-game-pass-ultimate-5-months\\\/#primaryimage\"},\"thumbnailUrl\":\"https:\\\/\\\/www.ramedigitalstore.com\\\/wp-content\\\/uploads\\\/2021\\\/11\\\/Game-Pass-Ultimate.webp\",\"datePublished\":\"2022-03-02T22:04:31+00:00\",\"dateModified\":\"2026-04-25T15:33:10+00:00\",\"breadcrumb\":{\"@id\":\"https:\\\/\\\/www.ramedigitalstore.com\\\/prodotto\\\/xbox-game-pass-ultimate-5-months\\\/#breadcrumb\"},\"inLanguage\":\"es\",\"potentialAction\":[{\"@type\":\"ReadAction\",\"target\":[\"https:\\\/\\\/www.ramedigitalstore.com\\\/prodotto\\\/xbox-game-pass-ultimate-5-months\\\/\"]}]},{\"@type\":\"ImageObject\",\"inLanguage\":\"es\",\"@id\":\"https:\\\/\\\/www.ramedigitalstore.com\\\/prodotto\\\/xbox-game-pass-ultimate-5-months\\\/#primaryimage\",\"url\":\"https:\\\/\\\/www.ramedigitalstore.com\\\/wp-content\\\/uploads\\\/2021\\\/11\\\/Game-Pass-Ultimate.webp\",\"contentUrl\":\"https:\\\/\\\/www.ramedigitalstore.com\\\/wp-content\\\/uploads\\\/2021\\\/11\\\/Game-Pass-Ultimate.webp\",\"width\":720,\"height\":720},{\"@type\":\"BreadcrumbList\",\"@id\":\"https:\\\/\\\/www.ramedigitalstore.com\\\/prodotto\\\/xbox-game-pass-ultimate-5-months\\\/#breadcrumb\",\"itemListElement\":[{\"@type\":\"ListItem\",\"position\":1,\"name\":\"Home\",\"item\":\"https:\\\/\\\/www.ramedigitalstore.com\\\/\"},{\"@type\":\"ListItem\",\"position\":2,\"name\":\"Shop\",\"item\":\"https:\\\/\\\/www.ramedigitalstore.com\\\/shop\\\/\"},{\"@type\":\"ListItem\",\"position\":3,\"name\":\"Xbox Game Pass Ultimate 5 Months &#8211; GLOBAL\"}]},{\"@type\":\"WebSite\",\"@id\":\"https:\\\/\\\/www.ramedigitalstore.com\\\/#website\",\"url\":\"https:\\\/\\\/www.ramedigitalstore.com\\\/\",\"name\":\"Rame Digital\",\"description\":\"Digital store par excellence\",\"publisher\":{\"@id\":\"https:\\\/\\\/www.ramedigitalstore.com\\\/#organization\"},\"potentialAction\":[{\"@type\":\"SearchAction\",\"target\":{\"@type\":\"EntryPoint\",\"urlTemplate\":\"https:\\\/\\\/www.ramedigitalstore.com\\\/?s={search_term_string}\"},\"query-input\":{\"@type\":\"PropertyValueSpecification\",\"valueRequired\":true,\"valueName\":\"search_term_string\"}}],\"inLanguage\":\"es\"},{\"@type\":\"Organization\",\"@id\":\"https:\\\/\\\/www.ramedigitalstore.com\\\/#organization\",\"name\":\"Rame Digital\",\"url\":\"https:\\\/\\\/www.ramedigitalstore.com\\\/\",\"logo\":{\"@type\":\"ImageObject\",\"inLanguage\":\"es\",\"@id\":\"https:\\\/\\\/www.ramedigitalstore.com\\\/#\\\/schema\\\/logo\\\/image\\\/\",\"url\":\"https:\\\/\\\/www.ramedigitalstore.com\\\/wp-content\\\/uploads\\\/2021\\\/04\\\/Logo-new-quadrato-1-e1619205976915.png\",\"contentUrl\":\"https:\\\/\\\/www.ramedigitalstore.com\\\/wp-content\\\/uploads\\\/2021\\\/04\\\/Logo-new-quadrato-1-e1619205976915.png\",\"width\":256,\"height\":256,\"caption\":\"Rame Digital\"},\"image\":{\"@id\":\"https:\\\/\\\/www.ramedigitalstore.com\\\/#\\\/schema\\\/logo\\\/image\\\/\"},\"sameAs\":[\"https:\\\/\\\/www.facebook.com\\\/RameDigitalOfficial\",\"https:\\\/\\\/www.instagram.com\\\/rame_digital_official\\\/\"]}]}<\/script>\n<!-- \/ Yoast SEO Premium plugin. -->","yoast_head_json":{"title":"Xbox Game Pass Ultimate 5 Months - GLOBAL -","robots":{"index":"index","follow":"follow","max-snippet":"max-snippet:-1","max-image-preview":"max-image-preview:large","max-video-preview":"max-video-preview:-1"},"canonical":"https:\/\/www.ramedigitalstore.com\/es\/prodotto\/xbox-game-pass-ultimate-4-months-1-month-free-global\/","og_locale":"es_ES","og_type":"article","og_title":"Xbox Game Pass Ultimate 5 Months - GLOBAL","og_description":"Don&#8217;t miss this offer! It won&#8217;t be around forever! Renew your subscription today! \u2713 Always play with your profile\u00a0! \u2713 Shareable \u2713 Maximum security \u2713 No shared accounts \u2713 Delivery by email in up to 6hours \u2713 Can only be activated with expiring\/expired Utimate subscription. &nbsp;","og_url":"https:\/\/www.ramedigitalstore.com\/es\/prodotto\/xbox-game-pass-ultimate-4-months-1-month-free-global\/","og_site_name":"Rame Digital","article_publisher":"https:\/\/www.facebook.com\/RameDigitalOfficial","article_modified_time":"2026-04-25T15:33:10+00:00","og_image":[{"width":720,"height":720,"url":"https:\/\/www.ramedigitalstore.com\/wp-content\/uploads\/2021\/11\/Game-Pass-Ultimate.webp","type":"image\/webp"}],"twitter_card":"summary_large_image","twitter_misc":{"Tiempo de lectura":"2 minutos"},"schema":{"@context":"https:\/\/schema.org","@graph":[{"@type":"WebPage","@id":"https:\/\/www.ramedigitalstore.com\/prodotto\/xbox-game-pass-ultimate-5-months\/","url":"https:\/\/www.ramedigitalstore.com\/prodotto\/xbox-game-pass-ultimate-5-months\/","name":"Xbox Game Pass Ultimate 5 Months - GLOBAL -","isPartOf":{"@id":"https:\/\/www.ramedigitalstore.com\/#website"},"primaryImageOfPage":{"@id":"https:\/\/www.ramedigitalstore.com\/prodotto\/xbox-game-pass-ultimate-5-months\/#primaryimage"},"image":{"@id":"https:\/\/www.ramedigitalstore.com\/prodotto\/xbox-game-pass-ultimate-5-months\/#primaryimage"},"thumbnailUrl":"https:\/\/www.ramedigitalstore.com\/wp-content\/uploads\/2021\/11\/Game-Pass-Ultimate.webp","datePublished":"2022-03-02T22:04:31+00:00","dateModified":"2026-04-25T15:33:10+00:00","breadcrumb":{"@id":"https:\/\/www.ramedigitalstore.com\/prodotto\/xbox-game-pass-ultimate-5-months\/#breadcrumb"},"inLanguage":"es","potentialAction":[{"@type":"ReadAction","target":["https:\/\/www.ramedigitalstore.com\/prodotto\/xbox-game-pass-ultimate-5-months\/"]}]},{"@type":"ImageObject","inLanguage":"es","@id":"https:\/\/www.ramedigitalstore.com\/prodotto\/xbox-game-pass-ultimate-5-months\/#primaryimage","url":"https:\/\/www.ramedigitalstore.com\/wp-content\/uploads\/2021\/11\/Game-Pass-Ultimate.webp","contentUrl":"https:\/\/www.ramedigitalstore.com\/wp-content\/uploads\/2021\/11\/Game-Pass-Ultimate.webp","width":720,"height":720},{"@type":"BreadcrumbList","@id":"https:\/\/www.ramedigitalstore.com\/prodotto\/xbox-game-pass-ultimate-5-months\/#breadcrumb","itemListElement":[{"@type":"ListItem","position":1,"name":"Home","item":"https:\/\/www.ramedigitalstore.com\/"},{"@type":"ListItem","position":2,"name":"Shop","item":"https:\/\/www.ramedigitalstore.com\/shop\/"},{"@type":"ListItem","position":3,"name":"Xbox Game Pass Ultimate 5 Months &#8211; GLOBAL"}]},{"@type":"WebSite","@id":"https:\/\/www.ramedigitalstore.com\/#website","url":"https:\/\/www.ramedigitalstore.com\/","name":"Rame Digital","description":"Tienda digital por excelencia","publisher":{"@id":"https:\/\/www.ramedigitalstore.com\/#organization"},"potentialAction":[{"@type":"SearchAction","target":{"@type":"EntryPoint","urlTemplate":"https:\/\/www.ramedigitalstore.com\/?s={search_term_string}"},"query-input":{"@type":"PropertyValueSpecification","valueRequired":true,"valueName":"search_term_string"}}],"inLanguage":"es"},{"@type":"Organization","@id":"https:\/\/www.ramedigitalstore.com\/#organization","name":"Rame Digital","url":"https:\/\/www.ramedigitalstore.com\/","logo":{"@type":"ImageObject","inLanguage":"es","@id":"https:\/\/www.ramedigitalstore.com\/#\/schema\/logo\/image\/","url":"https:\/\/www.ramedigitalstore.com\/wp-content\/uploads\/2021\/04\/Logo-new-quadrato-1-e1619205976915.png","contentUrl":"https:\/\/www.ramedigitalstore.com\/wp-content\/uploads\/2021\/04\/Logo-new-quadrato-1-e1619205976915.png","width":256,"height":256,"caption":"Rame Digital"},"image":{"@id":"https:\/\/www.ramedigitalstore.com\/#\/schema\/logo\/image\/"},"sameAs":["https:\/\/www.facebook.com\/RameDigitalOfficial","https:\/\/www.instagram.com\/rame_digital_official\/"]}]}},"jetpack_sharing_enabled":true,"_links":{"self":[{"href":"https:\/\/www.ramedigitalstore.com\/es\/wp-json\/wp\/v2\/product\/2409","targetHints":{"allow":["GET"]}}],"collection":[{"href":"https:\/\/www.ramedigitalstore.com\/es\/wp-json\/wp\/v2\/product"}],"about":[{"href":"https:\/\/www.ramedigitalstore.com\/es\/wp-json\/wp\/v2\/types\/product"}],"version-history":[{"count":3,"href":"https:\/\/www.ramedigitalstore.com\/es\/wp-json\/wp\/v2\/product\/2409\/revisions"}],"predecessor-version":[{"id":7122,"href":"https:\/\/www.ramedigitalstore.com\/es\/wp-json\/wp\/v2\/product\/2409\/revisions\/7122"}],"wp:featuredmedia":[{"embeddable":true,"href":"https:\/\/www.ramedigitalstore.com\/es\/wp-json\/wp\/v2\/media\/7105"}],"wp:attachment":[{"href":"https:\/\/www.ramedigitalstore.com\/es\/wp-json\/wp\/v2\/media?parent=2409"}],"wp:term":[{"taxonomy":"product_brand","embeddable":true,"href":"https:\/\/www.ramedigitalstore.com\/es\/wp-json\/wp\/v2\/product_brand?post=2409"},{"taxonomy":"product_cat","embeddable":true,"href":"https:\/\/www.ramedigitalstore.com\/es\/wp-json\/wp\/v2\/product_cat?post=2409"},{"taxonomy":"product_tag","embeddable":true,"href":"https:\/\/www.ramedigitalstore.com\/es\/wp-json\/wp\/v2\/product_tag?post=2409"}],"curies":[{"name":"wp","href":"https:\/\/api.w.org\/{rel}","templated":true}]}}