{"id":2713,"date":"2022-03-19T21:05:31","date_gmt":"2022-03-19T21:05:31","guid":{"rendered":"https:\/\/www.ramedigitalstore.com\/?post_type=product&#038;p=2713"},"modified":"2023-10-29T20:24:59","modified_gmt":"2023-10-29T20:24:59","slug":"avast-ultimate-10-devices-2-years-avast-key-global","status":"publish","type":"product","link":"https:\/\/www.ramedigitalstore.com\/es\/prodotto\/avast-ultimate-10-devices-2-years-avast-key-global\/","title":{"rendered":"Avast Ultimate 10 Dispositivos 2 A\u00f1os Avast - Clave GLOBAL"},"content":{"rendered":"<h3 style=\"text-align: center;\"><strong><span style=\"color: #8f00ff;\"><span style=\"vertical-align: inherit;\">\u00a1Comience a proteger todos sus dispositivos ahora con Avast Ultimate!<\/span><\/span><\/strong><\/h3>\n<p style=\"text-align: center;\">Avast Ultimate 2022 es una colecci\u00f3n \u00fanica de herramientas para limpiar, optimizar y proteger todos sus PCs, dispositivos Android y Macs.<\/p>\n<p style=\"text-align: center;\">Avast Premium Security satisface todas las necesidades de su PC. Un potente motor antivirus que detecta y bloquea incluso el malware m\u00e1s reciente, la protecci\u00f3n de navegaci\u00f3n impide el acceso a sitios peligrosos, mientras que un cortafuegos bloquea los ataques de red. Tambi\u00e9n recibir\u00e1 Avast Cleanup 2020, que es un completo kit de herramientas de mantenimiento del sistema. Incluye m\u00f3dulos para dar un impulso a su sistema, eliminar archivos basura, controlar los programas de inicio, limpiar y reparar el Registro, ampliar la duraci\u00f3n de la bater\u00eda, actualizar el software instalado y mucho m\u00e1s.<\/p>\n<p style=\"text-align: center;\">Con el lanzamiento de 2020 se incluy\u00f3 Avast SecureLine VPN, que te ofrecer\u00e1 un t\u00fanel seguro a Internet, cambiando tu ubicaci\u00f3n, ocultando tu direcci\u00f3n IP y a\u00f1adiendo una capa adicional de protecci\u00f3n. Tampoco se trata de una versi\u00f3n recortada de Avast SecureLine VPN, por lo que no tendr\u00e1s restricciones de tr\u00e1fico ni de dispositivos.<\/p>\n<p>Con esta edici\u00f3n de 2022, ahora obtendr\u00e1 AntiTrack, que bloquear\u00e1 los rastreadores mientras navega por la web, detendr\u00e1 su huella personal en l\u00ednea y har\u00e1 que su experiencia de navegaci\u00f3n sea m\u00e1s privada.<\/p>\n<p style=\"text-align: center;\">Para los usuarios de Android e iOS, Avast Security Ultimate es igualmente potente. Adem\u00e1s de la protecci\u00f3n antivirus y de navegaci\u00f3n b\u00e1sica, una pila de funciones antirrobo le permiten localizar, bloquear o borrar su dispositivo de forma remota, utilizar la c\u00e1mara para fotografiar al ladr\u00f3n o hacer que el dispositivo se bloquee autom\u00e1ticamente si se sustituye la SIM. Avast Security mantendr\u00e1 su dispositivo Android en perfecto estado de funcionamiento, mientras que Avast SecureLine VPN tambi\u00e9n se incluye para que pueda instalar una VPN en su dispositivo m\u00f3vil.<\/p>\n<p style=\"text-align: center;\">Para los usuarios de Mac, Avast Premium Security y Avast Cleanup Premium son herramientas de escritorio capaces de ofrecer protecci\u00f3n antivirus en tiempo real, herramientas de limpieza del disco duro, un buscador de archivos duplicados y mucho m\u00e1s. Avast SecureLine VPN dotar\u00e1 a su Mac de una VPN que podr\u00e1 utilizar para crear un t\u00fanel seguro a Internet.<\/p>\n<p style=\"text-align: center;\">No est\u00e1 restringido a usar s\u00f3lo uno de ellos, o uno por dispositivo: La licencia Ultimate de Avast cubre 10 dispositivos, por lo que puede proteger todo su hardware de PC, Mac y Android.<\/p>\n<p style=\"text-align: center;\">Incluye una suscripci\u00f3n de 2 a\u00f1os, por 10<b>\u00a0<\/b>dispositivos<b>\u00a0<\/b>que posees.<\/p>\n<p>&nbsp;<\/p>\n<h3 style=\"text-align: center;\"><strong><span style=\"vertical-align: inherit;\">Comprar Avast Ultimate: Barato y seguro con Rame Digital <\/span><\/strong><\/h3>\n<p style=\"text-align: center;\"><span style=\"vertical-align: inherit;\">Si ha decidido comprar Avast Ultimate, puede adquirir la suscripci\u00f3n completa en Rame Digital en condiciones ventajosas. Los compradores se benefician de la calidad del servicio probado y disfrutan de un proceso de compra extremadamente simple y sin complicaciones. La suscripci\u00f3n deseada no se env\u00eda al cliente en forma voluminosa como un CD \/ DVD, en consecuencia, pero s\u00f3lo como un c\u00f3digo digital clave por correo. Por lo tanto, el cliente recibe su mercanc\u00eda inmediatamente despu\u00e9s de la compra y la recepci\u00f3n del dinero. Para saber m\u00e1s, lea: t\u00e9rminos y condiciones y pol\u00edtica de privacidad o FAQ<\/span><\/p>\n<p style=\"text-align: center;\"><span style=\"vertical-align: inherit;\">En cambio, con Rame Digital la asistencia es siempre gratuita.<\/span><\/p>\n<h3 class=\"text-center\" style=\"text-align: center;\"><span style=\"vertical-align: inherit;\">Sea cual sea el dispositivo que utilice, estar\u00e1 seguro con Avast Ultimate.<\/span><\/h3>\n<ul class=\"list list-withIcons\" style=\"text-align: center;\">\n<li>Windows, Mac , iOS y Android<\/li>\n<\/ul>\n<h2 class=\"text-center\" style=\"text-align: center;\"><\/h2>\n<h3 class=\"text-center\" style=\"text-align: center;\"><strong><span style=\"vertical-align: inherit;\">Entrega r\u00e1pida, m\u00e1ximo 6 horas por correo electr\u00f3nico.<\/span><\/strong><\/h3>\n<p style=\"text-align: center;\"><strong>Se proporcionar\u00e1 una cuenta que tendr\u00e1 la misma funci\u00f3n que la clave. El procedimiento de activaci\u00f3n se facilitar\u00e1 por correo electr\u00f3nico.<\/strong><\/p>\n<p>&nbsp;<\/p>\n<h2 style=\"text-align: center;\">El producto puede descargarse\u00a0<a href=\"https:\/\/help.avast.com\/en\/install\/?utm_medium=link&amp;utm_source=reseller\" target=\"_blank\" rel=\"nofollow noopener\"><span data-mce-type=\"bookmark\" style=\"display: inline-block; width: 0px; overflow: hidden; line-height: 0;\" class=\"mce_SELRES_start\"><\/span>aqu\u00ed<span data-mce-type=\"bookmark\" style=\"display: inline-block; width: 0px; overflow: hidden; line-height: 0;\" class=\"mce_SELRES_end\"><\/span><\/a><\/h2>\n<p style=\"text-align: center;\">\nADVERTENCIA: La clave de licencia proporcionada funcionar\u00e1 en Windows. Para Mac, iOS y Android es necesario utilizar el c\u00f3digo de activaci\u00f3n en su cuenta de Avast en\u00a0<a href=\"https:\/\/id.avast.com\/#login\" target=\"_blank\" rel=\"nofollow noopener\">https:\/\/id.avast.com<\/a> que se crea una vez que la clave de licencia se activa en Windows. Si no tiene un ordenador con Windows, p\u00f3ngase en contacto con el vendedor a trav\u00e9s de Rame Digital Conversations, que podr\u00e1 registrar esta clave de licencia por usted y proporcionarle el c\u00f3digo de activaci\u00f3n necesario para la activaci\u00f3n en Mac, iOS y Android.<\/p>\n<p>&nbsp;<\/p>\n<p style=\"text-align: center;\"><span style=\"vertical-align: inherit;\">S\u00edganos en <\/span><a href=\"https:\/\/www.facebook.com\/RameDigitalOfficial\/\"><span style=\"vertical-align: inherit;\">Facebook<\/span><\/a><\/p>","protected":false},"excerpt":{"rendered":"<h5 style=\"text-align: center;\"><span style=\"color: #ff0000;\"><em><span style=\"vertical-align: inherit;\">No te pierdas esta oferta. No estar\u00e1 para siempre.<\/span><\/em><\/span><\/h5>\n<div class=\"hd-listinghead\" style=\"font-size: 19pt; font-family: Arial; text-align: center;\"><strong><span style=\"color: #8f00ff;\"><span style=\"vertical-align: inherit;\">Proteja sus dispositivos hoy mismo.<\/span><\/span><\/strong><\/div>\n<div><\/div>\n<\/p>\n<p style=\"text-align: center;\"><strong>\u2713 CD-KEY<\/strong><br \/>\n\u2713<span style=\"vertical-align: inherit;\">Avast AntiTrack<\/span><br \/>\n\u2713 Avast SecureLine VPN<br \/>\n<span style=\"vertical-align: inherit;\"> \u2713 Avast Premium Security<\/span><br \/>\n<span style=\"vertical-align: inherit;\">\u2713<\/span> <span style=\"vertical-align: inherit;\"> Avast Cleanup Premium <\/span><br \/>\n<span style=\"vertical-align: inherit;\"><strong>\u2713 Entrega por correo electr\u00f3nico en un m\u00e1ximo de 6 horas<\/strong><\/span><\/p>\n<p>&nbsp;<\/p>\n<p><img decoding=\"async\" class=\"aligncenter wp-image-2400\" src=\"https:\/\/www.ramedigitalstore.com\/wp-content\/uploads\/2022\/03\/trustpilot-stars-1024x140.png\" alt=\"\" width=\"600\" height=\"82\" srcset=\"https:\/\/www.ramedigitalstore.com\/wp-content\/uploads\/2022\/03\/trustpilot-stars-1024x140.png 1024w, https:\/\/www.ramedigitalstore.com\/wp-content\/uploads\/2022\/03\/trustpilot-stars-500x68.png 500w, https:\/\/www.ramedigitalstore.com\/wp-content\/uploads\/2022\/03\/trustpilot-stars-700x96.png 700w, https:\/\/www.ramedigitalstore.com\/wp-content\/uploads\/2022\/03\/trustpilot-stars-300x41.png 300w, https:\/\/www.ramedigitalstore.com\/wp-content\/uploads\/2022\/03\/trustpilot-stars-768x105.png 768w, https:\/\/www.ramedigitalstore.com\/wp-content\/uploads\/2022\/03\/trustpilot-stars-1536x210.png 1536w, https:\/\/www.ramedigitalstore.com\/wp-content\/uploads\/2022\/03\/trustpilot-stars-260x35.png 260w, https:\/\/www.ramedigitalstore.com\/wp-content\/uploads\/2022\/03\/trustpilot-stars-50x7.png 50w, https:\/\/www.ramedigitalstore.com\/wp-content\/uploads\/2022\/03\/trustpilot-stars-150x20.png 150w, https:\/\/www.ramedigitalstore.com\/wp-content\/uploads\/2022\/03\/trustpilot-stars-1320x180.png 1320w, https:\/\/www.ramedigitalstore.com\/wp-content\/uploads\/2022\/03\/trustpilot-stars-800x109.png 800w, https:\/\/www.ramedigitalstore.com\/wp-content\/uploads\/2022\/03\/trustpilot-stars.png 2000w\" sizes=\"(max-width: 600px) 100vw, 600px\" \/><\/p>\n<p><img fetchpriority=\"high\" decoding=\"async\" class=\"wp-image-2401 size-full aligncenter\" src=\"https:\/\/www.ramedigitalstore.com\/wp-content\/uploads\/2022\/03\/payment2.jpg\" alt=\"\" width=\"1020\" height=\"267\" srcset=\"https:\/\/www.ramedigitalstore.com\/wp-content\/uploads\/2022\/03\/payment2.jpg 1020w, https:\/\/www.ramedigitalstore.com\/wp-content\/uploads\/2022\/03\/payment2-500x131.jpg 500w, https:\/\/www.ramedigitalstore.com\/wp-content\/uploads\/2022\/03\/payment2-700x183.jpg 700w, https:\/\/www.ramedigitalstore.com\/wp-content\/uploads\/2022\/03\/payment2-300x79.jpg 300w, https:\/\/www.ramedigitalstore.com\/wp-content\/uploads\/2022\/03\/payment2-768x201.jpg 768w, https:\/\/www.ramedigitalstore.com\/wp-content\/uploads\/2022\/03\/payment2-260x68.jpg 260w, https:\/\/www.ramedigitalstore.com\/wp-content\/uploads\/2022\/03\/payment2-50x13.jpg 50w, https:\/\/www.ramedigitalstore.com\/wp-content\/uploads\/2022\/03\/payment2-150x39.jpg 150w, https:\/\/www.ramedigitalstore.com\/wp-content\/uploads\/2022\/03\/payment2-800x209.jpg 800w\" sizes=\"(max-width: 1020px) 100vw, 1020px\" \/><\/p>","protected":false},"featured_media":2714,"template":"","meta":[],"product_brand":[],"product_cat":[2,28],"product_tag":[22],"class_list":{"0":"post-2713","1":"product","2":"type-product","3":"status-publish","4":"has-post-thumbnail","6":"product_cat-antivirus","7":"product_cat-avast","8":"product_tag-xbox-game-pass-ultimate","10":"first","11":"outofstock","12":"sale","13":"virtual","14":"sold-individually","15":"purchasable","16":"product-type-simple"},"yoast_head":"<!-- This site is optimized with the Yoast SEO Premium plugin v21.9 (Yoast SEO v27.5) - https:\/\/yoast.com\/product\/yoast-seo-premium-wordpress\/ -->\n<title>Avast Ultimate 10 Devices 2 Years Avast - Key GLOBAL - Rame Digital<\/title>\n<meta name=\"robots\" content=\"index, follow, max-snippet:-1, max-image-preview:large, max-video-preview:-1\" \/>\n<link rel=\"canonical\" href=\"https:\/\/www.ramedigitalstore.com\/es\/prodotto\/avast-ultimate-10-devices-2-years-avast-key-global\/\" \/>\n<meta property=\"og:locale\" content=\"es_ES\" \/>\n<meta property=\"og:type\" content=\"article\" \/>\n<meta property=\"og:title\" content=\"Avast Ultimate 10 Devices 2 Years Avast - Key GLOBAL\" \/>\n<meta property=\"og:description\" content=\"Don&#039;t miss this offer! It won&#039;t be around forever! Protect your devices today!  \u2713 CD-KEY \u2713Avast AntiTrack \u2713 Avast SecureLine VPN  \u2713 Avast Premium Security \u2713 Avast Cleanup Premium  \u2713 Delivery by email in up to 6 hours &nbsp;\" \/>\n<meta property=\"og:url\" content=\"https:\/\/www.ramedigitalstore.com\/es\/prodotto\/avast-ultimate-10-devices-2-years-avast-key-global\/\" \/>\n<meta property=\"og:site_name\" content=\"Rame Digital\" \/>\n<meta property=\"article:publisher\" content=\"https:\/\/www.facebook.com\/RameDigitalOfficial\" \/>\n<meta property=\"article:modified_time\" content=\"2023-10-29T20:24:59+00:00\" \/>\n<meta property=\"og:image\" content=\"https:\/\/www.ramedigitalstore.com\/wp-content\/uploads\/2022\/03\/Avast-Ultimate-10-Device-2-Years.jpg\" \/>\n\t<meta property=\"og:image:width\" content=\"720\" \/>\n\t<meta property=\"og:image:height\" content=\"720\" \/>\n\t<meta property=\"og:image:type\" content=\"image\/jpeg\" \/>\n<meta name=\"twitter:card\" content=\"summary_large_image\" \/>\n<meta name=\"twitter:label1\" content=\"Tiempo de lectura\" \/>\n\t<meta name=\"twitter:data1\" content=\"3 minutos\" \/>\n<script type=\"application\/ld+json\" class=\"yoast-schema-graph\">{\"@context\":\"https:\\\/\\\/schema.org\",\"@graph\":[{\"@type\":\"WebPage\",\"@id\":\"https:\\\/\\\/www.ramedigitalstore.com\\\/prodotto\\\/avast-ultimate-10-devices-2-years-avast-key-global\\\/\",\"url\":\"https:\\\/\\\/www.ramedigitalstore.com\\\/prodotto\\\/avast-ultimate-10-devices-2-years-avast-key-global\\\/\",\"name\":\"Avast Ultimate 10 Devices 2 Years Avast - Key GLOBAL - Rame Digital\",\"isPartOf\":{\"@id\":\"https:\\\/\\\/www.ramedigitalstore.com\\\/#website\"},\"primaryImageOfPage\":{\"@id\":\"https:\\\/\\\/www.ramedigitalstore.com\\\/prodotto\\\/avast-ultimate-10-devices-2-years-avast-key-global\\\/#primaryimage\"},\"image\":{\"@id\":\"https:\\\/\\\/www.ramedigitalstore.com\\\/prodotto\\\/avast-ultimate-10-devices-2-years-avast-key-global\\\/#primaryimage\"},\"thumbnailUrl\":\"https:\\\/\\\/www.ramedigitalstore.com\\\/wp-content\\\/uploads\\\/2022\\\/03\\\/Avast-Ultimate-10-Device-2-Years.jpg\",\"datePublished\":\"2022-03-19T21:05:31+00:00\",\"dateModified\":\"2023-10-29T20:24:59+00:00\",\"breadcrumb\":{\"@id\":\"https:\\\/\\\/www.ramedigitalstore.com\\\/prodotto\\\/avast-ultimate-10-devices-2-years-avast-key-global\\\/#breadcrumb\"},\"inLanguage\":\"es\",\"potentialAction\":[{\"@type\":\"ReadAction\",\"target\":[\"https:\\\/\\\/www.ramedigitalstore.com\\\/prodotto\\\/avast-ultimate-10-devices-2-years-avast-key-global\\\/\"]}]},{\"@type\":\"ImageObject\",\"inLanguage\":\"es\",\"@id\":\"https:\\\/\\\/www.ramedigitalstore.com\\\/prodotto\\\/avast-ultimate-10-devices-2-years-avast-key-global\\\/#primaryimage\",\"url\":\"https:\\\/\\\/www.ramedigitalstore.com\\\/wp-content\\\/uploads\\\/2022\\\/03\\\/Avast-Ultimate-10-Device-2-Years.jpg\",\"contentUrl\":\"https:\\\/\\\/www.ramedigitalstore.com\\\/wp-content\\\/uploads\\\/2022\\\/03\\\/Avast-Ultimate-10-Device-2-Years.jpg\",\"width\":720,\"height\":720},{\"@type\":\"BreadcrumbList\",\"@id\":\"https:\\\/\\\/www.ramedigitalstore.com\\\/prodotto\\\/avast-ultimate-10-devices-2-years-avast-key-global\\\/#breadcrumb\",\"itemListElement\":[{\"@type\":\"ListItem\",\"position\":1,\"name\":\"Home\",\"item\":\"https:\\\/\\\/www.ramedigitalstore.com\\\/\"},{\"@type\":\"ListItem\",\"position\":2,\"name\":\"Shop\",\"item\":\"https:\\\/\\\/www.ramedigitalstore.com\\\/shop\\\/\"},{\"@type\":\"ListItem\",\"position\":3,\"name\":\"Avast Ultimate 10 Devices 2 Years Avast &#8211; Key GLOBAL\"}]},{\"@type\":\"WebSite\",\"@id\":\"https:\\\/\\\/www.ramedigitalstore.com\\\/#website\",\"url\":\"https:\\\/\\\/www.ramedigitalstore.com\\\/\",\"name\":\"Rame Digital\",\"description\":\"Digital store par excellence\",\"publisher\":{\"@id\":\"https:\\\/\\\/www.ramedigitalstore.com\\\/#organization\"},\"potentialAction\":[{\"@type\":\"SearchAction\",\"target\":{\"@type\":\"EntryPoint\",\"urlTemplate\":\"https:\\\/\\\/www.ramedigitalstore.com\\\/?s={search_term_string}\"},\"query-input\":{\"@type\":\"PropertyValueSpecification\",\"valueRequired\":true,\"valueName\":\"search_term_string\"}}],\"inLanguage\":\"es\"},{\"@type\":\"Organization\",\"@id\":\"https:\\\/\\\/www.ramedigitalstore.com\\\/#organization\",\"name\":\"Rame Digital\",\"url\":\"https:\\\/\\\/www.ramedigitalstore.com\\\/\",\"logo\":{\"@type\":\"ImageObject\",\"inLanguage\":\"es\",\"@id\":\"https:\\\/\\\/www.ramedigitalstore.com\\\/#\\\/schema\\\/logo\\\/image\\\/\",\"url\":\"https:\\\/\\\/www.ramedigitalstore.com\\\/wp-content\\\/uploads\\\/2021\\\/04\\\/Logo-new-quadrato-1-e1619205976915.png\",\"contentUrl\":\"https:\\\/\\\/www.ramedigitalstore.com\\\/wp-content\\\/uploads\\\/2021\\\/04\\\/Logo-new-quadrato-1-e1619205976915.png\",\"width\":256,\"height\":256,\"caption\":\"Rame Digital\"},\"image\":{\"@id\":\"https:\\\/\\\/www.ramedigitalstore.com\\\/#\\\/schema\\\/logo\\\/image\\\/\"},\"sameAs\":[\"https:\\\/\\\/www.facebook.com\\\/RameDigitalOfficial\",\"https:\\\/\\\/www.instagram.com\\\/rame_digital_official\\\/\"]}]}<\/script>\n<!-- \/ Yoast SEO Premium plugin. -->","yoast_head_json":{"title":"Avast Ultimate 10 Dispositivos 2 A\u00f1os Avast - Clave GLOBAL - Rame Digital","robots":{"index":"index","follow":"follow","max-snippet":"max-snippet:-1","max-image-preview":"max-image-preview:large","max-video-preview":"max-video-preview:-1"},"canonical":"https:\/\/www.ramedigitalstore.com\/es\/prodotto\/avast-ultimate-10-devices-2-years-avast-key-global\/","og_locale":"es_ES","og_type":"article","og_title":"Avast Ultimate 10 Devices 2 Years Avast - Key GLOBAL","og_description":"Don't miss this offer! It won't be around forever! Protect your devices today!  \u2713 CD-KEY \u2713Avast AntiTrack \u2713 Avast SecureLine VPN  \u2713 Avast Premium Security \u2713 Avast Cleanup Premium  \u2713 Delivery by email in up to 6 hours &nbsp;","og_url":"https:\/\/www.ramedigitalstore.com\/es\/prodotto\/avast-ultimate-10-devices-2-years-avast-key-global\/","og_site_name":"Rame Digital","article_publisher":"https:\/\/www.facebook.com\/RameDigitalOfficial","article_modified_time":"2023-10-29T20:24:59+00:00","og_image":[{"width":720,"height":720,"url":"https:\/\/www.ramedigitalstore.com\/wp-content\/uploads\/2022\/03\/Avast-Ultimate-10-Device-2-Years.jpg","type":"image\/jpeg"}],"twitter_card":"summary_large_image","twitter_misc":{"Tiempo de lectura":"3 minutos"},"schema":{"@context":"https:\/\/schema.org","@graph":[{"@type":"WebPage","@id":"https:\/\/www.ramedigitalstore.com\/prodotto\/avast-ultimate-10-devices-2-years-avast-key-global\/","url":"https:\/\/www.ramedigitalstore.com\/prodotto\/avast-ultimate-10-devices-2-years-avast-key-global\/","name":"Avast Ultimate 10 Dispositivos 2 A\u00f1os Avast - Clave GLOBAL - Rame Digital","isPartOf":{"@id":"https:\/\/www.ramedigitalstore.com\/#website"},"primaryImageOfPage":{"@id":"https:\/\/www.ramedigitalstore.com\/prodotto\/avast-ultimate-10-devices-2-years-avast-key-global\/#primaryimage"},"image":{"@id":"https:\/\/www.ramedigitalstore.com\/prodotto\/avast-ultimate-10-devices-2-years-avast-key-global\/#primaryimage"},"thumbnailUrl":"https:\/\/www.ramedigitalstore.com\/wp-content\/uploads\/2022\/03\/Avast-Ultimate-10-Device-2-Years.jpg","datePublished":"2022-03-19T21:05:31+00:00","dateModified":"2023-10-29T20:24:59+00:00","breadcrumb":{"@id":"https:\/\/www.ramedigitalstore.com\/prodotto\/avast-ultimate-10-devices-2-years-avast-key-global\/#breadcrumb"},"inLanguage":"es","potentialAction":[{"@type":"ReadAction","target":["https:\/\/www.ramedigitalstore.com\/prodotto\/avast-ultimate-10-devices-2-years-avast-key-global\/"]}]},{"@type":"ImageObject","inLanguage":"es","@id":"https:\/\/www.ramedigitalstore.com\/prodotto\/avast-ultimate-10-devices-2-years-avast-key-global\/#primaryimage","url":"https:\/\/www.ramedigitalstore.com\/wp-content\/uploads\/2022\/03\/Avast-Ultimate-10-Device-2-Years.jpg","contentUrl":"https:\/\/www.ramedigitalstore.com\/wp-content\/uploads\/2022\/03\/Avast-Ultimate-10-Device-2-Years.jpg","width":720,"height":720},{"@type":"BreadcrumbList","@id":"https:\/\/www.ramedigitalstore.com\/prodotto\/avast-ultimate-10-devices-2-years-avast-key-global\/#breadcrumb","itemListElement":[{"@type":"ListItem","position":1,"name":"Home","item":"https:\/\/www.ramedigitalstore.com\/"},{"@type":"ListItem","position":2,"name":"Shop","item":"https:\/\/www.ramedigitalstore.com\/shop\/"},{"@type":"ListItem","position":3,"name":"Avast Ultimate 10 Devices 2 Years Avast &#8211; Key GLOBAL"}]},{"@type":"WebSite","@id":"https:\/\/www.ramedigitalstore.com\/#website","url":"https:\/\/www.ramedigitalstore.com\/","name":"Rame Digital","description":"Tienda digital por excelencia","publisher":{"@id":"https:\/\/www.ramedigitalstore.com\/#organization"},"potentialAction":[{"@type":"SearchAction","target":{"@type":"EntryPoint","urlTemplate":"https:\/\/www.ramedigitalstore.com\/?s={search_term_string}"},"query-input":{"@type":"PropertyValueSpecification","valueRequired":true,"valueName":"search_term_string"}}],"inLanguage":"es"},{"@type":"Organization","@id":"https:\/\/www.ramedigitalstore.com\/#organization","name":"Rame Digital","url":"https:\/\/www.ramedigitalstore.com\/","logo":{"@type":"ImageObject","inLanguage":"es","@id":"https:\/\/www.ramedigitalstore.com\/#\/schema\/logo\/image\/","url":"https:\/\/www.ramedigitalstore.com\/wp-content\/uploads\/2021\/04\/Logo-new-quadrato-1-e1619205976915.png","contentUrl":"https:\/\/www.ramedigitalstore.com\/wp-content\/uploads\/2021\/04\/Logo-new-quadrato-1-e1619205976915.png","width":256,"height":256,"caption":"Rame Digital"},"image":{"@id":"https:\/\/www.ramedigitalstore.com\/#\/schema\/logo\/image\/"},"sameAs":["https:\/\/www.facebook.com\/RameDigitalOfficial","https:\/\/www.instagram.com\/rame_digital_official\/"]}]}},"jetpack_sharing_enabled":true,"_links":{"self":[{"href":"https:\/\/www.ramedigitalstore.com\/es\/wp-json\/wp\/v2\/product\/2713","targetHints":{"allow":["GET"]}}],"collection":[{"href":"https:\/\/www.ramedigitalstore.com\/es\/wp-json\/wp\/v2\/product"}],"about":[{"href":"https:\/\/www.ramedigitalstore.com\/es\/wp-json\/wp\/v2\/types\/product"}],"version-history":[{"count":1,"href":"https:\/\/www.ramedigitalstore.com\/es\/wp-json\/wp\/v2\/product\/2713\/revisions"}],"predecessor-version":[{"id":5025,"href":"https:\/\/www.ramedigitalstore.com\/es\/wp-json\/wp\/v2\/product\/2713\/revisions\/5025"}],"wp:featuredmedia":[{"embeddable":true,"href":"https:\/\/www.ramedigitalstore.com\/es\/wp-json\/wp\/v2\/media\/2714"}],"wp:attachment":[{"href":"https:\/\/www.ramedigitalstore.com\/es\/wp-json\/wp\/v2\/media?parent=2713"}],"wp:term":[{"taxonomy":"product_brand","embeddable":true,"href":"https:\/\/www.ramedigitalstore.com\/es\/wp-json\/wp\/v2\/product_brand?post=2713"},{"taxonomy":"product_cat","embeddable":true,"href":"https:\/\/www.ramedigitalstore.com\/es\/wp-json\/wp\/v2\/product_cat?post=2713"},{"taxonomy":"product_tag","embeddable":true,"href":"https:\/\/www.ramedigitalstore.com\/es\/wp-json\/wp\/v2\/product_tag?post=2713"}],"curies":[{"name":"wp","href":"https:\/\/api.w.org\/{rel}","templated":true}]}}