{"id":3489,"date":"2022-05-17T13:51:25","date_gmt":"2022-05-17T13:51:25","guid":{"rendered":"https:\/\/www.ramedigitalstore.com\/?post_type=product&#038;p=3489"},"modified":"2023-10-29T20:24:40","modified_gmt":"2023-10-29T20:24:40","slug":"microsoft-office-professional-plus-2021-pc-microsoft-key-global","status":"publish","type":"product","link":"https:\/\/www.ramedigitalstore.com\/es\/prodotto\/microsoft-office-professional-plus-2021-pc-microsoft-key-global\/","title":{"rendered":"Microsoft Office Professional Plus 2021 (PC) - Clave Microsoft - GLOBAL"},"content":{"rendered":"<h1 style=\"text-align: center;\"><span style=\"color: #8f00ff;\"><span style=\"vertical-align: inherit;\">Microsoft Office Professional Plus 2021<\/span><\/span><\/h1>\n<p style=\"text-align: center;\">\u00a0Es un conjunto de aplicaciones ofim\u00e1ticas cl\u00e1sicas dise\u00f1adas especialmente para los usuarios de PC de Microsoft. Es un producto fiable para clientes empresariales, aut\u00f3nomos, familias y usuarios dom\u00e9sticos. Descubre su contenido y crea un lugar de trabajo c\u00f3modo y productivo para ti y los tuyos.<\/p>\n<h3 style=\"text-align: center;\">\u00bfQu\u00e9 gano yo?<\/h3>\n<p style=\"text-align: center;\">Con el paquete de Microsoft Office, tienes todas las aplicaciones ofim\u00e1ticas m\u00e1s importantes al alcance de tu mano. No importa la tarea que emprendas: estos programas de eficacia probada har\u00e1n que tu trabajo sea m\u00e1s f\u00e1cil y eficaz que nunca. Edite documentos, cree impresionantes hojas de c\u00e1lculo y dise\u00f1e proyectos. Microsoft Office 21 le permitir\u00e1 dar rienda suelta a su creatividad y hacer realidad cualquier idea.<\/p>\n<p style=\"text-align: center;\">El funcionamiento de estas aplicaciones ofim\u00e1ticas cl\u00e1sicas es intuitivo y la interfaz es clara. Por lo tanto, es una herramienta excelente para usuarios de todas las edades.\u00a0<strong>Microsoft Office Professional Plus 2021<\/strong>\u00a0s\u00f3lo es compatible con Windows 10 y Windows 11. Son los sistemas operativos m\u00e1s probados, avanzados y populares de Microsoft, equipados con una amplia gama de nuevas caracter\u00edsticas. Todo para su comodidad de uso.<\/p>\n<p style=\"text-align: center;\"><img decoding=\"async\" src=\"https:\/\/img.g2a.com\/uiadminimages\/770x433\/1x1x1\/d0b303b1fb96\/a83b23ef7ed2494a93566d5a\" alt=\"Microsoft Office Professional Plus 2021\" \/><\/p>\n<h3 style=\"text-align: center;\">Office Plus 21: un socio de confianza<\/h3>\n<p style=\"text-align: center;\">Este paquete es una suite de software insignia de Microsoft, dise\u00f1ada para su productividad. Cree y edite documentos en Office Word para dar rienda suelta a su creatividad. Gestiona tus hojas de c\u00e1lculo en Office Excel, y pronto descubrir\u00e1s que los c\u00e1lculos y la planificaci\u00f3n m\u00e1s exigentes son tu talento natural. \u00bfPiensa crear una presentaci\u00f3n impresionante?<\/p>\n<p style=\"text-align: center;\">En este caso, tu amigo insustituible es Microsoft PowerPoint, perfecto para crear y editar diapositivas para cualquier ocasi\u00f3n, con una amplia gama de animaciones, fuentes y objetos para elegir. Y si buscas un programa que te permita gestionar recursos de datos, prueba con Office Access. Office 2021 tambi\u00e9n ofrece Microsoft Publisher para publicar contenidos sin esfuerzo. \u00bfY si quieres mantenerte en contacto? La respuesta es Office Outlook. Te ayudar\u00e1 a gestionar tus correos electr\u00f3nicos y te informar\u00e1 de las tareas programadas para el d\u00eda.<\/p>\n<h3 style=\"text-align: center;\">Compre una vez y disfrute de su productividad.<\/h3>\n<p style=\"text-align: center;\"><strong>Microsoft Office Professional Plus 2021<\/strong>\u00a0es un c\u00f3digo de licencia para PC. Significa que al instalarlo en el dispositivo seleccionado, tendr\u00e1 acceso a las mejores aplicaciones de Microsoft, al alcance de su mano. Adem\u00e1s, \u00a1es una compra \u00fanica! Sin pagos adicionales ni suscripciones innecesarias. Compre Microsoft Office 2021 y disfrute del contenido profesional de Microsoft hecho s\u00f3lo para usted.<\/p>\n<h3 style=\"text-align: center;\"><strong><span style=\"vertical-align: inherit;\">Comprar Office Professional Plus 2021 : barato y seguro con Rame Digital <\/span><\/strong><\/h3>\n<p style=\"text-align: center;\"><span style=\"vertical-align: inherit;\">Si ha decidido comprar Avast Ultimate, puede adquirir la suscripci\u00f3n completa en Rame Digital en condiciones ventajosas. Los compradores se benefician de la calidad del servicio probado y disfrutan de un proceso de compra extremadamente simple y sin complicaciones. La suscripci\u00f3n deseada no se env\u00eda al cliente en forma voluminosa como un CD \/ DVD, en consecuencia, pero s\u00f3lo como un c\u00f3digo digital clave por correo. Por lo tanto, el cliente recibe su mercanc\u00eda inmediatamente despu\u00e9s de la compra y la recepci\u00f3n del dinero. Para saber m\u00e1s, lea: t\u00e9rminos y condiciones y pol\u00edtica de privacidad o FAQ<\/span><\/p>\n<p style=\"text-align: center;\"><span style=\"vertical-align: inherit;\">En cambio, con Rame Digital la asistencia es siempre gratuita.<\/span><\/p>\n<p>&nbsp;<\/p>\n<div id=\"collapsible-panel-system-requirements\" class=\"indexes__StyledDetails-sc-1ko3ckw-91 jiEnz\" aria-labelledby=\"collapsible-button-system-requirements\">\n<div>\n<h2 style=\"text-align: center;\"><strong>Requisitos del sistema<\/strong><\/h2>\n<\/div>\n<div class=\"indexes__StyledContainer-sc-1ko3ckw-124 bHngeS\" style=\"text-align: center;\">\n<p><span class=\"indexes__Info-sc-1ko3ckw-126 eLMLuK\">A continuaci\u00f3n se presentan las especificaciones m\u00ednimas y recomendadas del sistema para Microsoft Office Professional Plus 2021 (PC) - Microsoft Key - GLOBAL. Debido a posibles cambios de programaci\u00f3n, los requisitos m\u00ednimos del sistema para Microsoft Office Professional Plus 2021 (PC) - Microsoft Key - GLOBAL pueden cambiar con el tiempo.<\/span><\/p>\n<div class=\"indexes__TabsContainer-sc-1ko3ckw-123 eVYyUu\">\n<h3 style=\"text-align: center;\"><strong>Windows<\/strong><\/h3>\n<div class=\"indexes__TabContent1-sc-1ko3ckw-119 bZqcvL\" data-name=\"windows\">\n<div class=\"indexes__TabContent-sc-1ko3ckw-125 imgiIV\">\n<div class=\"indexes__AttributesTableContainer-sc-1ko3ckw-127 cnJfCD\">\n<div class=\"indexes__Attribute-sc-1ko3ckw-129 indexes__AttributeHeader-sc-1ko3ckw-130 fbtSAz gxcKsg\" style=\"text-align: center;\">\n<div class=\"indexes__AttributeWrapper-sc-1ko3ckw-128 cWFXgJ\">Requisitos m\u00ednimos<\/div>\n<\/div>\n<div class=\"indexes__Attribute-sc-1ko3ckw-129 czeBwy\" style=\"text-align: center;\">\n<div class=\"indexes__AttributeWrapper-sc-1ko3ckw-128 cWFXgJ\">\n<p class=\"indexes__Name-sc-1ko3ckw-131 cMNZSl\"><strong>PROCESADOR<\/strong>: Procesador de doble n\u00facleo a 1,6 GHz<\/p>\n<\/div>\n<\/div>\n<div class=\"indexes__Attribute-sc-1ko3ckw-129 buUNLV\" style=\"text-align: center;\">\n<div class=\"indexes__AttributeWrapper-sc-1ko3ckw-128 cWFXgJ\">\n<p class=\"indexes__Name-sc-1ko3ckw-131 cMNZSl\"><strong>GR\u00c1FICOS<\/strong>: Tarjeta gr\u00e1fica DirectX 10 para la aceleraci\u00f3n del hardware gr\u00e1fico<\/p>\n<\/div>\n<\/div>\n<div class=\"indexes__Attribute-sc-1ko3ckw-129 kibggQ\" style=\"text-align: center;\">\n<div class=\"indexes__AttributeWrapper-sc-1ko3ckw-128 cWFXgJ\">\n<p class=\"indexes__Name-sc-1ko3ckw-131 cMNZSl\"><strong>MEMORIA<\/strong>: 4 GB (64 bits), 2 GB (32 bits) de RAM<\/p>\n<\/div>\n<\/div>\n<div class=\"indexes__Attribute-sc-1ko3ckw-129 jPkzxP\" style=\"text-align: center;\">\n<div class=\"indexes__AttributeWrapper-sc-1ko3ckw-128 cWFXgJ\">\n<p class=\"indexes__Name-sc-1ko3ckw-131 cMNZSl\"><strong>ESPACIO EN DISCO<\/strong>: 4 GB de espacio disponible en el disco<\/p>\n<\/div>\n<\/div>\n<div class=\"indexes__Attribute-sc-1ko3ckw-129 hmVitO\">\n<div class=\"indexes__AttributeWrapper-sc-1ko3ckw-128 cWFXgJ\">\n<p class=\"indexes__Name-sc-1ko3ckw-131 cMNZSl\" style=\"text-align: center;\"><strong>SISTEMA<\/strong>: Windows 11 o Windows 10<\/p>\n<p>&nbsp;<\/p>\n<\/div>\n<\/div>\n<\/div>\n<\/div>\n<\/div>\n<\/div>\n<\/div>\n<\/div>\n<h3 class=\"text-center\" style=\"text-align: center;\"><strong><span style=\"vertical-align: inherit;\">Entrega r\u00e1pida, m\u00e1ximo 6 horas por correo electr\u00f3nico.<\/span><\/strong><\/h3>\n<p style=\"text-align: center;\"><strong>Se proporcionar\u00e1 una cuenta que tendr\u00e1 la misma funci\u00f3n que la clave. El procedimiento de activaci\u00f3n se facilitar\u00e1 por correo electr\u00f3nico.<\/strong><\/p>\n<p>&nbsp;<\/p>\n<h2 style=\"text-align: center;\">El producto puede descargarse <a href=\"https:\/\/www.office.com\/setup\" target=\"_blank\" rel=\"nofollow noopener\">aqu\u00ed<\/a><\/h2>\n<p style=\"text-align: center;\">ADVERTENCIA: La clave de licencia proporcionada funcionar\u00e1 en Windows.<\/p>\n<p>&nbsp;<\/p>\n<p style=\"text-align: center;\"><span style=\"vertical-align: inherit;\">S\u00edganos en <\/span><a href=\"https:\/\/www.facebook.com\/RameDigitalOfficial\/\"><span style=\"vertical-align: inherit;\">Facebook<\/span><\/a><\/p>","protected":false},"excerpt":{"rendered":"<h5 style=\"text-align: center;\"><span style=\"color: #ff0000;\"><em><span style=\"vertical-align: inherit;\">No te pierdas esta oferta. No estar\u00e1 para siempre.<\/span><\/em><\/span><\/h5>\n<div class=\"hd-listinghead\" style=\"font-size: 13pt; font-family: Arial; text-align: center;\">\n<h2 style=\"text-align: center;\"><span style=\"color: #8f00ff;\"><span style=\"vertical-align: inherit;\">\u00a1Microsoft Office Professional Plus 2021!<\/span><\/span><\/h2>\n<\/div>\n<p style=\"text-align: center;\"><strong>\u2713 CD-KEY<\/strong><br \/>\n\u2713<strong>8 Ap. <\/strong>: Access, Excel, OneNote, Outlook, PowerPoint, Publisher, Word e Skype for Business<br \/>\n<span style=\"vertical-align: inherit;\">\u2713<\/span> Apoyo espec\u00edfico<br \/>\n<span style=\"vertical-align: inherit;\"><strong>\u2713 Entrega por correo electr\u00f3nico en un m\u00e1ximo de 6 horas<\/strong><\/span><\/p>\n<p><img decoding=\"async\" class=\"aligncenter wp-image-2400\" src=\"https:\/\/www.ramedigitalstore.com\/wp-content\/uploads\/2022\/03\/trustpilot-stars-1024x140.png\" alt=\"\" width=\"600\" height=\"82\" srcset=\"https:\/\/www.ramedigitalstore.com\/wp-content\/uploads\/2022\/03\/trustpilot-stars-1024x140.png 1024w, https:\/\/www.ramedigitalstore.com\/wp-content\/uploads\/2022\/03\/trustpilot-stars-500x68.png 500w, https:\/\/www.ramedigitalstore.com\/wp-content\/uploads\/2022\/03\/trustpilot-stars-700x96.png 700w, https:\/\/www.ramedigitalstore.com\/wp-content\/uploads\/2022\/03\/trustpilot-stars-300x41.png 300w, https:\/\/www.ramedigitalstore.com\/wp-content\/uploads\/2022\/03\/trustpilot-stars-768x105.png 768w, https:\/\/www.ramedigitalstore.com\/wp-content\/uploads\/2022\/03\/trustpilot-stars-1536x210.png 1536w, https:\/\/www.ramedigitalstore.com\/wp-content\/uploads\/2022\/03\/trustpilot-stars-260x35.png 260w, https:\/\/www.ramedigitalstore.com\/wp-content\/uploads\/2022\/03\/trustpilot-stars-50x7.png 50w, https:\/\/www.ramedigitalstore.com\/wp-content\/uploads\/2022\/03\/trustpilot-stars-150x20.png 150w, https:\/\/www.ramedigitalstore.com\/wp-content\/uploads\/2022\/03\/trustpilot-stars-1320x180.png 1320w, https:\/\/www.ramedigitalstore.com\/wp-content\/uploads\/2022\/03\/trustpilot-stars-800x109.png 800w, https:\/\/www.ramedigitalstore.com\/wp-content\/uploads\/2022\/03\/trustpilot-stars.png 2000w\" sizes=\"(max-width: 600px) 100vw, 600px\" \/><\/p>\n<p><img fetchpriority=\"high\" decoding=\"async\" class=\"wp-image-2401 size-full aligncenter\" src=\"https:\/\/www.ramedigitalstore.com\/wp-content\/uploads\/2022\/03\/payment2.jpg\" alt=\"\" width=\"1020\" height=\"267\" srcset=\"https:\/\/www.ramedigitalstore.com\/wp-content\/uploads\/2022\/03\/payment2.jpg 1020w, https:\/\/www.ramedigitalstore.com\/wp-content\/uploads\/2022\/03\/payment2-500x131.jpg 500w, https:\/\/www.ramedigitalstore.com\/wp-content\/uploads\/2022\/03\/payment2-700x183.jpg 700w, https:\/\/www.ramedigitalstore.com\/wp-content\/uploads\/2022\/03\/payment2-300x79.jpg 300w, https:\/\/www.ramedigitalstore.com\/wp-content\/uploads\/2022\/03\/payment2-768x201.jpg 768w, https:\/\/www.ramedigitalstore.com\/wp-content\/uploads\/2022\/03\/payment2-260x68.jpg 260w, https:\/\/www.ramedigitalstore.com\/wp-content\/uploads\/2022\/03\/payment2-50x13.jpg 50w, https:\/\/www.ramedigitalstore.com\/wp-content\/uploads\/2022\/03\/payment2-150x39.jpg 150w, https:\/\/www.ramedigitalstore.com\/wp-content\/uploads\/2022\/03\/payment2-800x209.jpg 800w\" sizes=\"(max-width: 1020px) 100vw, 1020px\" \/><\/p>","protected":false},"featured_media":3491,"template":"","meta":[],"product_brand":[],"product_cat":[2,28],"product_tag":[22],"class_list":{"0":"post-3489","1":"product","2":"type-product","3":"status-publish","4":"has-post-thumbnail","6":"product_cat-antivirus","7":"product_cat-avast","8":"product_tag-xbox-game-pass-ultimate","10":"first","11":"outofstock","12":"sale","13":"virtual","14":"sold-individually","15":"purchasable","16":"product-type-simple"},"yoast_head":"<!-- This site is optimized with the Yoast SEO Premium plugin v21.9 (Yoast SEO v27.5) - https:\/\/yoast.com\/product\/yoast-seo-premium-wordpress\/ -->\n<title>Microsoft Office Professional Plus 2021 (PC) - Microsoft Key - GLOBAL - Rame Digital<\/title>\n<meta name=\"robots\" content=\"index, follow, max-snippet:-1, max-image-preview:large, max-video-preview:-1\" \/>\n<link rel=\"canonical\" href=\"https:\/\/www.ramedigitalstore.com\/es\/prodotto\/microsoft-office-professional-plus-2021-pc-microsoft-key-global\/\" \/>\n<meta property=\"og:locale\" content=\"es_ES\" \/>\n<meta property=\"og:type\" content=\"article\" \/>\n<meta property=\"og:title\" content=\"Microsoft Office Professional Plus 2021 (PC) - Microsoft Key - GLOBAL\" \/>\n<meta property=\"og:description\" content=\"Don&#039;t miss this offer! It won&#039;t be around forever!  Microsoft Office Professional Plus 2021!  \u2713 CD-KEY \u27138 App. : Access, Excel, OneNote, Outlook, PowerPoint, Publisher, Word e Skype for Business \u2713 Dedicated support \u2713 Delivery by email in up to 6 hours\" \/>\n<meta property=\"og:url\" content=\"https:\/\/www.ramedigitalstore.com\/es\/prodotto\/microsoft-office-professional-plus-2021-pc-microsoft-key-global\/\" \/>\n<meta property=\"og:site_name\" content=\"Rame Digital\" \/>\n<meta property=\"article:publisher\" content=\"https:\/\/www.facebook.com\/RameDigitalOfficial\" \/>\n<meta property=\"article:modified_time\" content=\"2023-10-29T20:24:40+00:00\" \/>\n<meta property=\"og:image\" content=\"https:\/\/www.ramedigitalstore.com\/wp-content\/uploads\/2022\/05\/Software_Box_Mockup_officie-bianco.jpg\" \/>\n\t<meta property=\"og:image:width\" content=\"1750\" \/>\n\t<meta property=\"og:image:height\" content=\"1750\" \/>\n\t<meta property=\"og:image:type\" content=\"image\/jpeg\" \/>\n<meta name=\"twitter:card\" content=\"summary_large_image\" \/>\n<meta name=\"twitter:label1\" content=\"Tiempo de lectura\" \/>\n\t<meta name=\"twitter:data1\" content=\"3 minutos\" \/>\n<script type=\"application\/ld+json\" class=\"yoast-schema-graph\">{\"@context\":\"https:\\\/\\\/schema.org\",\"@graph\":[{\"@type\":\"WebPage\",\"@id\":\"https:\\\/\\\/www.ramedigitalstore.com\\\/prodotto\\\/microsoft-office-professional-plus-2021-pc-microsoft-key-global\\\/\",\"url\":\"https:\\\/\\\/www.ramedigitalstore.com\\\/prodotto\\\/microsoft-office-professional-plus-2021-pc-microsoft-key-global\\\/\",\"name\":\"Microsoft Office Professional Plus 2021 (PC) - Microsoft Key - GLOBAL - Rame Digital\",\"isPartOf\":{\"@id\":\"https:\\\/\\\/www.ramedigitalstore.com\\\/#website\"},\"primaryImageOfPage\":{\"@id\":\"https:\\\/\\\/www.ramedigitalstore.com\\\/prodotto\\\/microsoft-office-professional-plus-2021-pc-microsoft-key-global\\\/#primaryimage\"},\"image\":{\"@id\":\"https:\\\/\\\/www.ramedigitalstore.com\\\/prodotto\\\/microsoft-office-professional-plus-2021-pc-microsoft-key-global\\\/#primaryimage\"},\"thumbnailUrl\":\"https:\\\/\\\/www.ramedigitalstore.com\\\/wp-content\\\/uploads\\\/2022\\\/05\\\/Software_Box_Mockup_officie-bianco.jpg\",\"datePublished\":\"2022-05-17T13:51:25+00:00\",\"dateModified\":\"2023-10-29T20:24:40+00:00\",\"breadcrumb\":{\"@id\":\"https:\\\/\\\/www.ramedigitalstore.com\\\/prodotto\\\/microsoft-office-professional-plus-2021-pc-microsoft-key-global\\\/#breadcrumb\"},\"inLanguage\":\"es\",\"potentialAction\":[{\"@type\":\"ReadAction\",\"target\":[\"https:\\\/\\\/www.ramedigitalstore.com\\\/prodotto\\\/microsoft-office-professional-plus-2021-pc-microsoft-key-global\\\/\"]}]},{\"@type\":\"ImageObject\",\"inLanguage\":\"es\",\"@id\":\"https:\\\/\\\/www.ramedigitalstore.com\\\/prodotto\\\/microsoft-office-professional-plus-2021-pc-microsoft-key-global\\\/#primaryimage\",\"url\":\"https:\\\/\\\/www.ramedigitalstore.com\\\/wp-content\\\/uploads\\\/2022\\\/05\\\/Software_Box_Mockup_officie-bianco.jpg\",\"contentUrl\":\"https:\\\/\\\/www.ramedigitalstore.com\\\/wp-content\\\/uploads\\\/2022\\\/05\\\/Software_Box_Mockup_officie-bianco.jpg\",\"width\":1750,\"height\":1750},{\"@type\":\"BreadcrumbList\",\"@id\":\"https:\\\/\\\/www.ramedigitalstore.com\\\/prodotto\\\/microsoft-office-professional-plus-2021-pc-microsoft-key-global\\\/#breadcrumb\",\"itemListElement\":[{\"@type\":\"ListItem\",\"position\":1,\"name\":\"Home\",\"item\":\"https:\\\/\\\/www.ramedigitalstore.com\\\/\"},{\"@type\":\"ListItem\",\"position\":2,\"name\":\"Shop\",\"item\":\"https:\\\/\\\/www.ramedigitalstore.com\\\/shop\\\/\"},{\"@type\":\"ListItem\",\"position\":3,\"name\":\"Microsoft Office Professional Plus 2021 (PC) &#8211; Microsoft Key &#8211; GLOBAL\"}]},{\"@type\":\"WebSite\",\"@id\":\"https:\\\/\\\/www.ramedigitalstore.com\\\/#website\",\"url\":\"https:\\\/\\\/www.ramedigitalstore.com\\\/\",\"name\":\"Rame Digital\",\"description\":\"Digital store par excellence\",\"publisher\":{\"@id\":\"https:\\\/\\\/www.ramedigitalstore.com\\\/#organization\"},\"potentialAction\":[{\"@type\":\"SearchAction\",\"target\":{\"@type\":\"EntryPoint\",\"urlTemplate\":\"https:\\\/\\\/www.ramedigitalstore.com\\\/?s={search_term_string}\"},\"query-input\":{\"@type\":\"PropertyValueSpecification\",\"valueRequired\":true,\"valueName\":\"search_term_string\"}}],\"inLanguage\":\"es\"},{\"@type\":\"Organization\",\"@id\":\"https:\\\/\\\/www.ramedigitalstore.com\\\/#organization\",\"name\":\"Rame Digital\",\"url\":\"https:\\\/\\\/www.ramedigitalstore.com\\\/\",\"logo\":{\"@type\":\"ImageObject\",\"inLanguage\":\"es\",\"@id\":\"https:\\\/\\\/www.ramedigitalstore.com\\\/#\\\/schema\\\/logo\\\/image\\\/\",\"url\":\"https:\\\/\\\/www.ramedigitalstore.com\\\/wp-content\\\/uploads\\\/2021\\\/04\\\/Logo-new-quadrato-1-e1619205976915.png\",\"contentUrl\":\"https:\\\/\\\/www.ramedigitalstore.com\\\/wp-content\\\/uploads\\\/2021\\\/04\\\/Logo-new-quadrato-1-e1619205976915.png\",\"width\":256,\"height\":256,\"caption\":\"Rame Digital\"},\"image\":{\"@id\":\"https:\\\/\\\/www.ramedigitalstore.com\\\/#\\\/schema\\\/logo\\\/image\\\/\"},\"sameAs\":[\"https:\\\/\\\/www.facebook.com\\\/RameDigitalOfficial\",\"https:\\\/\\\/www.instagram.com\\\/rame_digital_official\\\/\"]}]}<\/script>\n<!-- \/ Yoast SEO Premium plugin. -->","yoast_head_json":{"title":"Microsoft Office Professional Plus 2021 (PC) - Clave Microsoft - GLOBAL - Rame Digital","robots":{"index":"index","follow":"follow","max-snippet":"max-snippet:-1","max-image-preview":"max-image-preview:large","max-video-preview":"max-video-preview:-1"},"canonical":"https:\/\/www.ramedigitalstore.com\/es\/prodotto\/microsoft-office-professional-plus-2021-pc-microsoft-key-global\/","og_locale":"es_ES","og_type":"article","og_title":"Microsoft Office Professional Plus 2021 (PC) - Microsoft Key - GLOBAL","og_description":"Don't miss this offer! It won't be around forever!  Microsoft Office Professional Plus 2021!  \u2713 CD-KEY \u27138 App. : Access, Excel, OneNote, Outlook, PowerPoint, Publisher, Word e Skype for Business \u2713 Dedicated support \u2713 Delivery by email in up to 6 hours","og_url":"https:\/\/www.ramedigitalstore.com\/es\/prodotto\/microsoft-office-professional-plus-2021-pc-microsoft-key-global\/","og_site_name":"Rame Digital","article_publisher":"https:\/\/www.facebook.com\/RameDigitalOfficial","article_modified_time":"2023-10-29T20:24:40+00:00","og_image":[{"width":1750,"height":1750,"url":"https:\/\/www.ramedigitalstore.com\/wp-content\/uploads\/2022\/05\/Software_Box_Mockup_officie-bianco.jpg","type":"image\/jpeg"}],"twitter_card":"summary_large_image","twitter_misc":{"Tiempo de lectura":"3 minutos"},"schema":{"@context":"https:\/\/schema.org","@graph":[{"@type":"WebPage","@id":"https:\/\/www.ramedigitalstore.com\/prodotto\/microsoft-office-professional-plus-2021-pc-microsoft-key-global\/","url":"https:\/\/www.ramedigitalstore.com\/prodotto\/microsoft-office-professional-plus-2021-pc-microsoft-key-global\/","name":"Microsoft Office Professional Plus 2021 (PC) - Clave Microsoft - GLOBAL - Rame Digital","isPartOf":{"@id":"https:\/\/www.ramedigitalstore.com\/#website"},"primaryImageOfPage":{"@id":"https:\/\/www.ramedigitalstore.com\/prodotto\/microsoft-office-professional-plus-2021-pc-microsoft-key-global\/#primaryimage"},"image":{"@id":"https:\/\/www.ramedigitalstore.com\/prodotto\/microsoft-office-professional-plus-2021-pc-microsoft-key-global\/#primaryimage"},"thumbnailUrl":"https:\/\/www.ramedigitalstore.com\/wp-content\/uploads\/2022\/05\/Software_Box_Mockup_officie-bianco.jpg","datePublished":"2022-05-17T13:51:25+00:00","dateModified":"2023-10-29T20:24:40+00:00","breadcrumb":{"@id":"https:\/\/www.ramedigitalstore.com\/prodotto\/microsoft-office-professional-plus-2021-pc-microsoft-key-global\/#breadcrumb"},"inLanguage":"es","potentialAction":[{"@type":"ReadAction","target":["https:\/\/www.ramedigitalstore.com\/prodotto\/microsoft-office-professional-plus-2021-pc-microsoft-key-global\/"]}]},{"@type":"ImageObject","inLanguage":"es","@id":"https:\/\/www.ramedigitalstore.com\/prodotto\/microsoft-office-professional-plus-2021-pc-microsoft-key-global\/#primaryimage","url":"https:\/\/www.ramedigitalstore.com\/wp-content\/uploads\/2022\/05\/Software_Box_Mockup_officie-bianco.jpg","contentUrl":"https:\/\/www.ramedigitalstore.com\/wp-content\/uploads\/2022\/05\/Software_Box_Mockup_officie-bianco.jpg","width":1750,"height":1750},{"@type":"BreadcrumbList","@id":"https:\/\/www.ramedigitalstore.com\/prodotto\/microsoft-office-professional-plus-2021-pc-microsoft-key-global\/#breadcrumb","itemListElement":[{"@type":"ListItem","position":1,"name":"Home","item":"https:\/\/www.ramedigitalstore.com\/"},{"@type":"ListItem","position":2,"name":"Shop","item":"https:\/\/www.ramedigitalstore.com\/shop\/"},{"@type":"ListItem","position":3,"name":"Microsoft Office Professional Plus 2021 (PC) &#8211; Microsoft Key &#8211; GLOBAL"}]},{"@type":"WebSite","@id":"https:\/\/www.ramedigitalstore.com\/#website","url":"https:\/\/www.ramedigitalstore.com\/","name":"Rame Digital","description":"Tienda digital por excelencia","publisher":{"@id":"https:\/\/www.ramedigitalstore.com\/#organization"},"potentialAction":[{"@type":"SearchAction","target":{"@type":"EntryPoint","urlTemplate":"https:\/\/www.ramedigitalstore.com\/?s={search_term_string}"},"query-input":{"@type":"PropertyValueSpecification","valueRequired":true,"valueName":"search_term_string"}}],"inLanguage":"es"},{"@type":"Organization","@id":"https:\/\/www.ramedigitalstore.com\/#organization","name":"Rame Digital","url":"https:\/\/www.ramedigitalstore.com\/","logo":{"@type":"ImageObject","inLanguage":"es","@id":"https:\/\/www.ramedigitalstore.com\/#\/schema\/logo\/image\/","url":"https:\/\/www.ramedigitalstore.com\/wp-content\/uploads\/2021\/04\/Logo-new-quadrato-1-e1619205976915.png","contentUrl":"https:\/\/www.ramedigitalstore.com\/wp-content\/uploads\/2021\/04\/Logo-new-quadrato-1-e1619205976915.png","width":256,"height":256,"caption":"Rame Digital"},"image":{"@id":"https:\/\/www.ramedigitalstore.com\/#\/schema\/logo\/image\/"},"sameAs":["https:\/\/www.facebook.com\/RameDigitalOfficial","https:\/\/www.instagram.com\/rame_digital_official\/"]}]}},"jetpack_sharing_enabled":true,"_links":{"self":[{"href":"https:\/\/www.ramedigitalstore.com\/es\/wp-json\/wp\/v2\/product\/3489","targetHints":{"allow":["GET"]}}],"collection":[{"href":"https:\/\/www.ramedigitalstore.com\/es\/wp-json\/wp\/v2\/product"}],"about":[{"href":"https:\/\/www.ramedigitalstore.com\/es\/wp-json\/wp\/v2\/types\/product"}],"version-history":[{"count":1,"href":"https:\/\/www.ramedigitalstore.com\/es\/wp-json\/wp\/v2\/product\/3489\/revisions"}],"predecessor-version":[{"id":5024,"href":"https:\/\/www.ramedigitalstore.com\/es\/wp-json\/wp\/v2\/product\/3489\/revisions\/5024"}],"wp:featuredmedia":[{"embeddable":true,"href":"https:\/\/www.ramedigitalstore.com\/es\/wp-json\/wp\/v2\/media\/3491"}],"wp:attachment":[{"href":"https:\/\/www.ramedigitalstore.com\/es\/wp-json\/wp\/v2\/media?parent=3489"}],"wp:term":[{"taxonomy":"product_brand","embeddable":true,"href":"https:\/\/www.ramedigitalstore.com\/es\/wp-json\/wp\/v2\/product_brand?post=3489"},{"taxonomy":"product_cat","embeddable":true,"href":"https:\/\/www.ramedigitalstore.com\/es\/wp-json\/wp\/v2\/product_cat?post=3489"},{"taxonomy":"product_tag","embeddable":true,"href":"https:\/\/www.ramedigitalstore.com\/es\/wp-json\/wp\/v2\/product_tag?post=3489"}],"curies":[{"name":"wp","href":"https:\/\/api.w.org\/{rel}","templated":true}]}}