{"id":1638,"date":"2021-05-15T00:02:40","date_gmt":"2021-05-15T00:02:40","guid":{"rendered":"https:\/\/www.ramedigitalstore.com\/?post_type=product&#038;p=1638"},"modified":"2021-12-11T00:44:31","modified_gmt":"2021-12-11T00:44:31","slug":"xbox-game-pass-ultimate-16-months-global","status":"publish","type":"product","link":"https:\/\/www.ramedigitalstore.com\/fr\/prodotto\/xbox-game-pass-ultimate-16-months-global\/","title":{"rendered":"Xbox Game Pass Ultimate 16 mois - GLOBAL"},"content":{"rendered":"<h3 style=\"text-align: center;\"><strong><span style=\"color: #8f00ff;\"><span style=\"vertical-align: inherit;\">Renouvelez votre abonnement sans modifier votre profil !<\/span><\/span><\/strong><\/h3>\n<h3 class=\"c-heading-1 f-lean\" style=\"text-align: center;\">Vous recevrez 16 mois de Game Pass Ultimate.<\/h3>\n<h4 class=\"c-heading-1 f-lean\" style=\"text-align: center;\">Pour renouveler l'abonnement sur votre profil personnel, il suffit d'ajouter des informations d'identification sur votre console ou votre PC.<\/h4>\n<h3 style=\"text-align: center;\"><strong><span style=\"color: #ff0000;\">Vous ne recevrez pas de compte partag\u00e9.<\/span><\/strong><\/h3>\n<p style=\"text-align: center;\"><strong>Vous recevrez des informations d'identification cr\u00e9\u00e9es uniquement pour vous. Nous d\u00e9finirons votre num\u00e9ro comme m\u00e9thode de contact\/r\u00e9cup\u00e9ration afin que vous soyez le seul \u00e0 pouvoir les modifier \u00e0 tout moment pour garantir une s\u00e9curit\u00e9 maximale.<\/strong><\/p>\n<p style=\"text-align: center;\"><strong>Une fois ajout\u00e9 sur votre console, vous remarquerez que votre profil personnel retrouvera les autorisations Xbox Game Pass Ultimate pour pouvoir jouer en ligne et t\u00e9l\u00e9charger des jeux \u00e0 partir des diff\u00e9rents catalogues Game Pass, Live Gold et EA Play.<\/strong><\/p>\n<p style=\"text-align: center;\"><strong>Il fonctionne sur 2 consoles en m\u00eame temps, vous pouvez facilement changer puis partager l'abonnement avec un ami \/ la famille.<\/strong><\/p>\n<p style=\"text-align: center;\"><strong>Pour plus de d\u00e9tails, veuillez nous contacter \u00e0 <\/strong><a href=\"https:\/\/api.whatsapp.com\/send?phone=393888680074&amp;text=Hi!%20Can%20i%20have%20information%20about%20Game%20Pass%20Ultimate%20Alternative%20Key?\"><strong>+39 388 868 0074.<\/strong><\/a><\/p>\n<p style=\"text-align: center;\"><strong>Les informations d'identification seront 100% les v\u00f4tres une fois livr\u00e9es, nous n'y aurons plus acc\u00e8s et vous pourrez faire ce que vous voulez.<\/strong><\/p>\n<p style=\"text-align: center;\">Si vous recherchez strictement une cl\u00e9 et non une m\u00e9thode alternative de sauvegarde, visitez le site<\/p>\n<h3 style=\"text-align: center;\"><a href=\"https:\/\/www.ramedigitalstore.com\/fr\/it\/prodotto\/xbox-game-pass-ultimate-1-year-key\/\"> <strong><span style=\"color: #8f00ff;\"><span style=\"vertical-align: inherit;\">Cl\u00e9 Xbox Game Pass Ultimate 12 mois<\/span><\/span><\/strong><\/a><\/h3>\n<p>&nbsp;<\/p>\n<h3 style=\"text-align: center;\"><strong><span style=\"vertical-align: inherit;\">Acheter Xbox Game Pass Ultimate : Bon march\u00e9 et s\u00e9curis\u00e9 avec Rame Digital <\/span><\/strong><\/h3>\n<p style=\"text-align: center;\"><span style=\"vertical-align: inherit;\">Si vous avez d\u00e9cid\u00e9 d'acheter Game Pass Ultimate, vous pouvez acqu\u00e9rir l'int\u00e9gralit\u00e9 de l'abonnement sur Rame Digital \u00e0 des conditions avantageuses. Les acheteurs b\u00e9n\u00e9ficient de la qualit\u00e9 de service test\u00e9e et profitent d'un processus d'achat extr\u00eamement simple et peu compliqu\u00e9. L'abonnement souhait\u00e9 n'est pas envoy\u00e9 au client en encombrant comme un CD\/DVD, par cons\u00e9quent mais uniquement comme un compte par courrier. Par cons\u00e9quent, le client re\u00e7oit ses biens imm\u00e9diatement apr\u00e8s l'achat et la r\u00e9ception de l'argent. Pour en savoir plus, lisez les conditions g\u00e9n\u00e9rales et la politique de confidentialit\u00e9 ou la FAQ.<\/span><\/p>\n<p style=\"text-align: center;\"><span style=\"vertical-align: inherit;\">Avec Rame Digital, en revanche, l'assistance est toujours gratuite.<\/span><\/p>\n<h3 class=\"text-center\" style=\"text-align: center;\"><span style=\"vertical-align: inherit;\">Quel que soit l'appareil que vous utilisez, avec Xbox Game Pass Ultimate.<\/span><\/h3>\n<ul class=\"list list-withIcons\" style=\"text-align: center;\">\n<li><img decoding=\"async\" src=\"https:\/\/static3.avast.com\/20001227\/web\/i\/v2\/components\/win.svg\" alt=\"\" \/>Windows 10 (NE PAS CHANGER DE PROFIL)<br \/>\nFonctionne sur toutes les Xbox (NE PAS CHANGER DE PROFIL)<\/li>\n<\/ul>\n<h2 class=\"text-center\" style=\"text-align: center;\"><\/h2>\n<h3 class=\"text-center\" style=\"text-align: center;\"><strong><span style=\"vertical-align: inherit;\">Livraison rapide, maximum 6 heures par e-mail.<\/span><\/strong><\/h3>\n<p style=\"text-align: center;\"><strong>Un compte sera fourni qui aura la m\u00eame fonction que la cl\u00e9. La proc\u00e9dure d'activation sera fournie par e-mail.<\/strong><\/p>\n<p style=\"text-align: center;\"><span style=\"vertical-align: inherit;\">Suivez-nous sur <\/span><a href=\"https:\/\/www.facebook.com\/RameDigitalOfficial\/\"><span style=\"vertical-align: inherit;\">Facebook<\/span><\/a><\/p>","protected":false},"excerpt":{"rendered":"<h5 style=\"text-align: center;\"><span style=\"color: #ff0000;\"><em><span style=\"vertical-align: inherit;\">Ne manquez pas cette offre ! Elle ne sera pas \u00e9ternelle !<\/span><\/em><\/span><\/h5>\n<div class=\"hd-listinghead\" style=\"font-size: 19pt; font-family: Arial; text-align: center;\"><strong><span style=\"color: #8f00ff;\"><span style=\"vertical-align: inherit;\">Renouvelez votre abonnement aujourd'hui !<\/span><\/span><\/strong><\/div>\n<p style=\"text-align: center;\"><img decoding=\"async\" class=\"alignnone size-full wp-image-1126\" src=\"https:\/\/www.ramecorporation.com\/wp-content\/uploads\/2021\/03\/21982.png\" alt=\"\" width=\"16\" height=\"25\" \/> <strong><span style=\"vertical-align: inherit;\">VOUS N'AVEZ PAS BESOIN DE CHANGER DE COMPTE !<\/span><\/strong><br \/>\n<img decoding=\"async\" class=\"alignnone size-full wp-image-1126\" src=\"https:\/\/www.ramecorporation.com\/wp-content\/uploads\/2021\/03\/21982.png\" alt=\"\" width=\"16\" height=\"16\" \/> <span style=\"vertical-align: inherit;\">Assistance garantie 7\/7<\/span>.<br \/>\n<img decoding=\"async\" class=\"alignnone size-full wp-image-1126\" src=\"https:\/\/www.ramecorporation.com\/wp-content\/uploads\/2021\/03\/21982.png\" alt=\"\" width=\"16\" height=\"16\" \/><span style=\"vertical-align: inherit;\">Livraison par e-mail en 6h maximum<\/span>.<br \/>\n<span style=\"vertical-align: inherit;\">\u00a0<img decoding=\"async\" class=\"alignnone size-full wp-image-1126\" src=\"https:\/\/www.ramecorporation.com\/wp-content\/uploads\/2021\/03\/21982.png\" alt=\"\" width=\"16\" height=\"16\" \/>Vous pouvez utiliser votre num\u00e9ro comme m\u00e9thode de r\u00e9cup\u00e9ration.<\/span><br \/>\n<img decoding=\"async\" class=\"alignnone size-full wp-image-1126\" src=\"https:\/\/www.ramecorporation.com\/wp-content\/uploads\/2021\/03\/21982.png\" alt=\"\" width=\"16\" height=\"16\" \/> <span style=\"vertical-align: inherit;\">Peut \u00eatre utilis\u00e9 avec l'abonnement Ultimate expirant\/expir\u00e9<\/span><\/p>\n<p><a href=\"https:\/\/t.me\/GamePassUltimateRD\"><img fetchpriority=\"high\" decoding=\"async\" class=\"alignnone wp-image-1806 size-mailpoet_newsletter_max\" src=\"https:\/\/www.ramedigitalstore.com\/it\/wp-content\/uploads\/2021\/04\/Per-testimonial-e1622161275783-1320x171.png\" alt=\"\" width=\"1220\" height=\"158\" \/><\/a><\/p>\n<p><img loading=\"lazy\" decoding=\"async\" class=\"alignnone wp-image-1771 size-full\" src=\"https:\/\/www.ramedigitalstore.com\/it\/wp-content\/uploads\/2021\/05\/payment.png\" alt=\"\" width=\"783\" height=\"172\" \/><\/p>","protected":false},"featured_media":2140,"template":"","meta":[],"product_brand":[],"product_cat":[18,14,19],"product_tag":[20,5,21,22],"class_list":{"0":"post-1638","1":"product","2":"type-product","3":"status-publish","4":"has-post-thumbnail","6":"product_cat-game","7":"product_cat-microsoft","8":"product_cat-xbox-pc","9":"product_tag-account","10":"product_tag-key-global","11":"product_tag-xbox","12":"product_tag-xbox-game-pass-ultimate","14":"first","15":"outofstock","16":"sale","17":"virtual","18":"sold-individually","19":"purchasable","20":"product-type-simple"},"yoast_head":"<!-- This site is optimized with the Yoast SEO Premium plugin v21.9 (Yoast SEO v27.3) - https:\/\/yoast.com\/product\/yoast-seo-premium-wordpress\/ -->\n<title>Xbox Game Pass Ultimate - 3 Months - CD-KEY - Global - Rame Digital<\/title>\n<meta name=\"description\" content=\"Xbox Game Pass Ultimate the best gaming service at almost Free. It has never been so reliable! Almost free. Only on Rame Digital.\" \/>\n<meta name=\"robots\" content=\"index, follow, max-snippet:-1, max-image-preview:large, max-video-preview:-1\" \/>\n<link rel=\"canonical\" href=\"https:\/\/www.ramedigitalstore.com\/fr\/prodotto\/xbox-game-pass-ultimate-16-months-global\/\" \/>\n<meta property=\"og:locale\" content=\"fr_FR\" \/>\n<meta property=\"og:type\" content=\"article\" \/>\n<meta property=\"og:title\" content=\"Xbox Game Pass Ultimate 16 Months - GLOBAL\" \/>\n<meta property=\"og:description\" content=\"Xbox Game Pass Ultimate the best gaming service at almost Free. It has never been so reliable! Almost free. Only on Rame Digital.\" \/>\n<meta property=\"og:url\" content=\"https:\/\/www.ramedigitalstore.com\/fr\/prodotto\/xbox-game-pass-ultimate-16-months-global\/\" \/>\n<meta property=\"og:site_name\" content=\"Rame Digital\" \/>\n<meta property=\"article:publisher\" content=\"https:\/\/www.facebook.com\/RameDigitalOfficial\" \/>\n<meta property=\"article:modified_time\" content=\"2021-12-11T00:44:31+00:00\" \/>\n<meta property=\"og:image\" content=\"https:\/\/www.ramedigitalstore.com\/wp-content\/uploads\/2021\/05\/Alternative-key-16-mesi.jpg\" \/>\n\t<meta property=\"og:image:width\" content=\"1600\" \/>\n\t<meta property=\"og:image:height\" content=\"1600\" \/>\n\t<meta property=\"og:image:type\" content=\"image\/jpeg\" \/>\n<meta name=\"twitter:card\" content=\"summary_large_image\" \/>\n<meta name=\"twitter:label1\" content=\"Dur\u00e9e de lecture estim\u00e9e\" \/>\n\t<meta name=\"twitter:data1\" content=\"2 minutes\" \/>\n<script type=\"application\/ld+json\" class=\"yoast-schema-graph\">{\"@context\":\"https:\\\/\\\/schema.org\",\"@graph\":[{\"@type\":\"WebPage\",\"@id\":\"https:\\\/\\\/www.ramedigitalstore.com\\\/prodotto\\\/xbox-game-pass-ultimate-16-months-global\\\/\",\"url\":\"https:\\\/\\\/www.ramedigitalstore.com\\\/prodotto\\\/xbox-game-pass-ultimate-16-months-global\\\/\",\"name\":\"Xbox Game Pass Ultimate - 3 Months - CD-KEY - Global - Rame Digital\",\"isPartOf\":{\"@id\":\"https:\\\/\\\/www.ramedigitalstore.com\\\/#website\"},\"primaryImageOfPage\":{\"@id\":\"https:\\\/\\\/www.ramedigitalstore.com\\\/prodotto\\\/xbox-game-pass-ultimate-16-months-global\\\/#primaryimage\"},\"image\":{\"@id\":\"https:\\\/\\\/www.ramedigitalstore.com\\\/prodotto\\\/xbox-game-pass-ultimate-16-months-global\\\/#primaryimage\"},\"thumbnailUrl\":\"https:\\\/\\\/www.ramedigitalstore.com\\\/wp-content\\\/uploads\\\/2021\\\/05\\\/Alternative-key-16-mesi.jpg\",\"datePublished\":\"2021-05-15T00:02:40+00:00\",\"dateModified\":\"2021-12-11T00:44:31+00:00\",\"description\":\"Xbox Game Pass Ultimate the best gaming service at almost Free. It has never been so reliable! Almost free. Only on Rame Digital.\",\"breadcrumb\":{\"@id\":\"https:\\\/\\\/www.ramedigitalstore.com\\\/prodotto\\\/xbox-game-pass-ultimate-16-months-global\\\/#breadcrumb\"},\"inLanguage\":\"fr-FR\",\"potentialAction\":[{\"@type\":\"ReadAction\",\"target\":[\"https:\\\/\\\/www.ramedigitalstore.com\\\/prodotto\\\/xbox-game-pass-ultimate-16-months-global\\\/\"]}]},{\"@type\":\"ImageObject\",\"inLanguage\":\"fr-FR\",\"@id\":\"https:\\\/\\\/www.ramedigitalstore.com\\\/prodotto\\\/xbox-game-pass-ultimate-16-months-global\\\/#primaryimage\",\"url\":\"https:\\\/\\\/www.ramedigitalstore.com\\\/wp-content\\\/uploads\\\/2021\\\/05\\\/Alternative-key-16-mesi.jpg\",\"contentUrl\":\"https:\\\/\\\/www.ramedigitalstore.com\\\/wp-content\\\/uploads\\\/2021\\\/05\\\/Alternative-key-16-mesi.jpg\",\"width\":1600,\"height\":1600,\"caption\":\"Xbox Game Pass Ultimate - Alternative Key - Rame Digital\"},{\"@type\":\"BreadcrumbList\",\"@id\":\"https:\\\/\\\/www.ramedigitalstore.com\\\/prodotto\\\/xbox-game-pass-ultimate-16-months-global\\\/#breadcrumb\",\"itemListElement\":[{\"@type\":\"ListItem\",\"position\":1,\"name\":\"Home\",\"item\":\"https:\\\/\\\/www.ramedigitalstore.com\\\/\"},{\"@type\":\"ListItem\",\"position\":2,\"name\":\"Shop\",\"item\":\"https:\\\/\\\/www.ramedigitalstore.com\\\/shop\\\/\"},{\"@type\":\"ListItem\",\"position\":3,\"name\":\"Xbox Game Pass Ultimate 16 Months &#8211; GLOBAL\"}]},{\"@type\":\"WebSite\",\"@id\":\"https:\\\/\\\/www.ramedigitalstore.com\\\/#website\",\"url\":\"https:\\\/\\\/www.ramedigitalstore.com\\\/\",\"name\":\"Rame Digital\",\"description\":\"Digital store par excellence\",\"publisher\":{\"@id\":\"https:\\\/\\\/www.ramedigitalstore.com\\\/#organization\"},\"potentialAction\":[{\"@type\":\"SearchAction\",\"target\":{\"@type\":\"EntryPoint\",\"urlTemplate\":\"https:\\\/\\\/www.ramedigitalstore.com\\\/?s={search_term_string}\"},\"query-input\":{\"@type\":\"PropertyValueSpecification\",\"valueRequired\":true,\"valueName\":\"search_term_string\"}}],\"inLanguage\":\"fr-FR\"},{\"@type\":\"Organization\",\"@id\":\"https:\\\/\\\/www.ramedigitalstore.com\\\/#organization\",\"name\":\"Rame Digital\",\"url\":\"https:\\\/\\\/www.ramedigitalstore.com\\\/\",\"logo\":{\"@type\":\"ImageObject\",\"inLanguage\":\"fr-FR\",\"@id\":\"https:\\\/\\\/www.ramedigitalstore.com\\\/#\\\/schema\\\/logo\\\/image\\\/\",\"url\":\"https:\\\/\\\/www.ramedigitalstore.com\\\/wp-content\\\/uploads\\\/2021\\\/04\\\/Logo-new-quadrato-1-e1619205976915.png\",\"contentUrl\":\"https:\\\/\\\/www.ramedigitalstore.com\\\/wp-content\\\/uploads\\\/2021\\\/04\\\/Logo-new-quadrato-1-e1619205976915.png\",\"width\":256,\"height\":256,\"caption\":\"Rame Digital\"},\"image\":{\"@id\":\"https:\\\/\\\/www.ramedigitalstore.com\\\/#\\\/schema\\\/logo\\\/image\\\/\"},\"sameAs\":[\"https:\\\/\\\/www.facebook.com\\\/RameDigitalOfficial\",\"https:\\\/\\\/www.instagram.com\\\/rame_digital_official\\\/\"]}]}<\/script>\n<!-- \/ Yoast SEO Premium plugin. -->","yoast_head_json":{"title":"Xbox Game Pass Ultimate - 3 mois - CD-KEY - Global - Rame Digital","description":"Xbox Game Pass Ultimate : le meilleur service de jeu presque gratuit. Il n'a jamais \u00e9t\u00e9 aussi fiable ! Presque gratuit. Uniquement sur Rame Digital.","robots":{"index":"index","follow":"follow","max-snippet":"max-snippet:-1","max-image-preview":"max-image-preview:large","max-video-preview":"max-video-preview:-1"},"canonical":"https:\/\/www.ramedigitalstore.com\/fr\/prodotto\/xbox-game-pass-ultimate-16-months-global\/","og_locale":"fr_FR","og_type":"article","og_title":"Xbox Game Pass Ultimate 16 Months - GLOBAL","og_description":"Xbox Game Pass Ultimate the best gaming service at almost Free. It has never been so reliable! Almost free. Only on Rame Digital.","og_url":"https:\/\/www.ramedigitalstore.com\/fr\/prodotto\/xbox-game-pass-ultimate-16-months-global\/","og_site_name":"Rame Digital","article_publisher":"https:\/\/www.facebook.com\/RameDigitalOfficial","article_modified_time":"2021-12-11T00:44:31+00:00","og_image":[{"width":1600,"height":1600,"url":"https:\/\/www.ramedigitalstore.com\/wp-content\/uploads\/2021\/05\/Alternative-key-16-mesi.jpg","type":"image\/jpeg"}],"twitter_card":"summary_large_image","twitter_misc":{"Dur\u00e9e de lecture estim\u00e9e":"2 minutes"},"schema":{"@context":"https:\/\/schema.org","@graph":[{"@type":"WebPage","@id":"https:\/\/www.ramedigitalstore.com\/prodotto\/xbox-game-pass-ultimate-16-months-global\/","url":"https:\/\/www.ramedigitalstore.com\/prodotto\/xbox-game-pass-ultimate-16-months-global\/","name":"Xbox Game Pass Ultimate - 3 mois - CD-KEY - Global - Rame Digital","isPartOf":{"@id":"https:\/\/www.ramedigitalstore.com\/#website"},"primaryImageOfPage":{"@id":"https:\/\/www.ramedigitalstore.com\/prodotto\/xbox-game-pass-ultimate-16-months-global\/#primaryimage"},"image":{"@id":"https:\/\/www.ramedigitalstore.com\/prodotto\/xbox-game-pass-ultimate-16-months-global\/#primaryimage"},"thumbnailUrl":"https:\/\/www.ramedigitalstore.com\/wp-content\/uploads\/2021\/05\/Alternative-key-16-mesi.jpg","datePublished":"2021-05-15T00:02:40+00:00","dateModified":"2021-12-11T00:44:31+00:00","description":"Xbox Game Pass Ultimate : le meilleur service de jeu presque gratuit. Il n'a jamais \u00e9t\u00e9 aussi fiable ! Presque gratuit. Uniquement sur Rame Digital.","breadcrumb":{"@id":"https:\/\/www.ramedigitalstore.com\/prodotto\/xbox-game-pass-ultimate-16-months-global\/#breadcrumb"},"inLanguage":"fr-FR","potentialAction":[{"@type":"ReadAction","target":["https:\/\/www.ramedigitalstore.com\/prodotto\/xbox-game-pass-ultimate-16-months-global\/"]}]},{"@type":"ImageObject","inLanguage":"fr-FR","@id":"https:\/\/www.ramedigitalstore.com\/prodotto\/xbox-game-pass-ultimate-16-months-global\/#primaryimage","url":"https:\/\/www.ramedigitalstore.com\/wp-content\/uploads\/2021\/05\/Alternative-key-16-mesi.jpg","contentUrl":"https:\/\/www.ramedigitalstore.com\/wp-content\/uploads\/2021\/05\/Alternative-key-16-mesi.jpg","width":1600,"height":1600,"caption":"Xbox Game Pass Ultimate - Alternative Key - Rame Digital"},{"@type":"BreadcrumbList","@id":"https:\/\/www.ramedigitalstore.com\/prodotto\/xbox-game-pass-ultimate-16-months-global\/#breadcrumb","itemListElement":[{"@type":"ListItem","position":1,"name":"Home","item":"https:\/\/www.ramedigitalstore.com\/"},{"@type":"ListItem","position":2,"name":"Shop","item":"https:\/\/www.ramedigitalstore.com\/shop\/"},{"@type":"ListItem","position":3,"name":"Xbox Game Pass Ultimate 16 Months &#8211; GLOBAL"}]},{"@type":"WebSite","@id":"https:\/\/www.ramedigitalstore.com\/#website","url":"https:\/\/www.ramedigitalstore.com\/","name":"Rame Digital","description":"Magasin num\u00e9rique par excellence","publisher":{"@id":"https:\/\/www.ramedigitalstore.com\/#organization"},"potentialAction":[{"@type":"SearchAction","target":{"@type":"EntryPoint","urlTemplate":"https:\/\/www.ramedigitalstore.com\/?s={search_term_string}"},"query-input":{"@type":"PropertyValueSpecification","valueRequired":true,"valueName":"search_term_string"}}],"inLanguage":"fr-FR"},{"@type":"Organization","@id":"https:\/\/www.ramedigitalstore.com\/#organization","name":"Rame Digital","url":"https:\/\/www.ramedigitalstore.com\/","logo":{"@type":"ImageObject","inLanguage":"fr-FR","@id":"https:\/\/www.ramedigitalstore.com\/#\/schema\/logo\/image\/","url":"https:\/\/www.ramedigitalstore.com\/wp-content\/uploads\/2021\/04\/Logo-new-quadrato-1-e1619205976915.png","contentUrl":"https:\/\/www.ramedigitalstore.com\/wp-content\/uploads\/2021\/04\/Logo-new-quadrato-1-e1619205976915.png","width":256,"height":256,"caption":"Rame Digital"},"image":{"@id":"https:\/\/www.ramedigitalstore.com\/#\/schema\/logo\/image\/"},"sameAs":["https:\/\/www.facebook.com\/RameDigitalOfficial","https:\/\/www.instagram.com\/rame_digital_official\/"]}]}},"jetpack_sharing_enabled":true,"_links":{"self":[{"href":"https:\/\/www.ramedigitalstore.com\/fr\/wp-json\/wp\/v2\/product\/1638","targetHints":{"allow":["GET"]}}],"collection":[{"href":"https:\/\/www.ramedigitalstore.com\/fr\/wp-json\/wp\/v2\/product"}],"about":[{"href":"https:\/\/www.ramedigitalstore.com\/fr\/wp-json\/wp\/v2\/types\/product"}],"version-history":[{"count":0,"href":"https:\/\/www.ramedigitalstore.com\/fr\/wp-json\/wp\/v2\/product\/1638\/revisions"}],"wp:featuredmedia":[{"embeddable":true,"href":"https:\/\/www.ramedigitalstore.com\/fr\/wp-json\/wp\/v2\/media\/2140"}],"wp:attachment":[{"href":"https:\/\/www.ramedigitalstore.com\/fr\/wp-json\/wp\/v2\/media?parent=1638"}],"wp:term":[{"taxonomy":"product_brand","embeddable":true,"href":"https:\/\/www.ramedigitalstore.com\/fr\/wp-json\/wp\/v2\/product_brand?post=1638"},{"taxonomy":"product_cat","embeddable":true,"href":"https:\/\/www.ramedigitalstore.com\/fr\/wp-json\/wp\/v2\/product_cat?post=1638"},{"taxonomy":"product_tag","embeddable":true,"href":"https:\/\/www.ramedigitalstore.com\/fr\/wp-json\/wp\/v2\/product_tag?post=1638"}],"curies":[{"name":"wp","href":"https:\/\/api.w.org\/{rel}","templated":true}]}}