{"id":2713,"date":"2022-03-19T21:05:31","date_gmt":"2022-03-19T21:05:31","guid":{"rendered":"https:\/\/www.ramedigitalstore.com\/?post_type=product&#038;p=2713"},"modified":"2023-10-29T20:24:59","modified_gmt":"2023-10-29T20:24:59","slug":"avast-ultimate-10-devices-2-years-avast-key-global","status":"publish","type":"product","link":"https:\/\/www.ramedigitalstore.com\/fr\/prodotto\/avast-ultimate-10-devices-2-years-avast-key-global\/","title":{"rendered":"Avast Ultimate 10 Appareils 2 Ans Avast - Cl\u00e9 GLOBAL"},"content":{"rendered":"<h3 style=\"text-align: center;\"><strong><span style=\"color: #8f00ff;\"><span style=\"vertical-align: inherit;\">Commencez \u00e0 prot\u00e9ger tous vos appareils d\u00e8s maintenant avec Avast Ultimate !<\/span><\/span><\/strong><\/h3>\n<p style=\"text-align: center;\">Avast Ultimate 2022 est une collection unique d'outils pour nettoyer, optimiser et prot\u00e9ger tous vos PC, appareils Android et Mac.<\/p>\n<p style=\"text-align: center;\">Avast Premium Security r\u00e9pond \u00e0 tous les besoins de votre PC. Un puissant moteur antivirus qui d\u00e9tecte et bloque les logiciels malveillants les plus r\u00e9cents, une protection de la navigation emp\u00eachant l'acc\u00e8s aux sites dangereux, tandis qu'un pare-feu bloque les attaques du r\u00e9seau. Vous recevez \u00e9galement Avast Cleanup 2020, qui est une bo\u00eete \u00e0 outils compl\u00e8te pour la maintenance du syst\u00e8me. Elle comprend des modules permettant de donner un coup de fouet \u00e0 votre syst\u00e8me, de supprimer les fichiers ind\u00e9sirables, de contr\u00f4ler vos programmes de d\u00e9marrage, de nettoyer et de r\u00e9parer le Registre, d'\u00e9tendre la dur\u00e9e de vie de la batterie, de mettre \u00e0 jour les logiciels install\u00e9s et bien d'autres choses encore, et \u00e0 peu pr\u00e8s tout peut \u00eatre laiss\u00e9 pour g\u00e9rer votre PC tout seul.<\/p>\n<p style=\"text-align: center;\">Le lancement de 2020 s'est accompagn\u00e9 de l'inclusion d'Avast SecureLine VPN, qui vous offrira un tunnel s\u00e9curis\u00e9 vers Internet, en changeant votre emplacement, en cachant votre adresse IP et en ajoutant une couche suppl\u00e9mentaire de protection. Il ne s'agit pas non plus d'une version r\u00e9duite d'Avast SecureLine VPN, vous n'\u00eates donc pas limit\u00e9 par le trafic ou la limitation des appareils.<\/p>\n<p>Avec cette \u00e9dition 2022, vous disposez d\u00e9sormais d'AntiTrack qui bloque les trackers lorsque vous surfez sur le web, arr\u00eate votre empreinte personnelle en ligne et rend votre exp\u00e9rience de navigation plus priv\u00e9e.<\/p>\n<p style=\"text-align: center;\">Pour les utilisateurs d'Android et d'iOS, Avast Security Ultimate est tout aussi puissant. Outre l'antivirus de base et la protection de la navigation, une s\u00e9rie de fonctions antivol vous permet de localiser, de verrouiller ou d'effacer votre appareil \u00e0 distance, d'utiliser l'appareil photo pour prendre une photo du voleur ou de verrouiller automatiquement l'appareil si la carte SIM est remplac\u00e9e. Avast Security maintiendra votre appareil Android en parfait \u00e9tat de marche, tandis qu'Avast SecureLine VPN est \u00e9galement inclus afin que vous puissiez installer un VPN sur votre appareil mobile.<\/p>\n<p style=\"text-align: center;\">Pour les utilisateurs de Mac, Avast Premium Security et Avast Cleanup Premium sont des outils de bureau performants dot\u00e9s d'une protection antivirus en temps r\u00e9el, d'outils de nettoyage du disque dur, d'un d\u00e9tecteur de fichiers en double, etc. Avast SecureLine VPN donnera \u00e0 votre Mac un VPN que vous pourrez utiliser pour cr\u00e9er un tunnel s\u00e9curis\u00e9 vers Internet.<\/p>\n<p style=\"text-align: center;\">Vous n'\u00eates pas limit\u00e9 \u00e0 l'utilisation d'un seul de ces produits, ou d'un par appareil : La licence Ultimate d'Avast couvre 10 appareils, ce qui vous permet de s\u00e9curiser tous vos mat\u00e9riels PC, Mac et Android.<\/p>\n<p style=\"text-align: center;\">Comprend un abonnement de 2 ans, pour 10 personnes.<b>\u00a0<\/b>dispositifs<b>\u00a0<\/b>que vous poss\u00e9dez.<\/p>\n<p>&nbsp;<\/p>\n<h3 style=\"text-align: center;\"><strong><span style=\"vertical-align: inherit;\">Acheter Avast Ultimate : Bon march\u00e9 et s\u00e9curis\u00e9 avec Rame Digital <\/span><\/strong><\/h3>\n<p style=\"text-align: center;\"><span style=\"vertical-align: inherit;\">Si vous avez d\u00e9cid\u00e9 d'acheter Avast Ultimate, vous pouvez acqu\u00e9rir l'int\u00e9gralit\u00e9 de l'abonnement sur Rame Digital \u00e0 des conditions avantageuses. Les acheteurs b\u00e9n\u00e9ficient de la qualit\u00e9 du service test\u00e9 et profitent d'un processus d'achat extr\u00eamement simple et peu compliqu\u00e9. L'abonnement souhait\u00e9 n'est pas envoy\u00e9 au client en encombrant comme un CD\/DVD, par cons\u00e9quent mais uniquement sous la forme d'un code num\u00e9rique cl\u00e9 par courrier. Par cons\u00e9quent, le client re\u00e7oit sa marchandise imm\u00e9diatement apr\u00e8s l'achat et la r\u00e9ception de l'argent. Pour en savoir plus, lisez les conditions g\u00e9n\u00e9rales et la politique de confidentialit\u00e9 ou la FAQ.<\/span><\/p>\n<p style=\"text-align: center;\"><span style=\"vertical-align: inherit;\">Avec Rame Digital, en revanche, l'assistance est toujours gratuite.<\/span><\/p>\n<h3 class=\"text-center\" style=\"text-align: center;\"><span style=\"vertical-align: inherit;\">Quel que soit le p\u00e9riph\u00e9rique que vous utilisez, vous \u00eates en s\u00e9curit\u00e9 avec Avast Ultimate.<\/span><\/h3>\n<ul class=\"list list-withIcons\" style=\"text-align: center;\">\n<li>Windows, Mac, iOS et Android<\/li>\n<\/ul>\n<h2 class=\"text-center\" style=\"text-align: center;\"><\/h2>\n<h3 class=\"text-center\" style=\"text-align: center;\"><strong><span style=\"vertical-align: inherit;\">Livraison rapide, maximum 6 heures par e-mail.<\/span><\/strong><\/h3>\n<p style=\"text-align: center;\"><strong>Un compte sera fourni qui aura la m\u00eame fonction que la cl\u00e9. La proc\u00e9dure d'activation sera fournie par e-mail.<\/strong><\/p>\n<p>&nbsp;<\/p>\n<h2 style=\"text-align: center;\">Le produit peut \u00eatre t\u00e9l\u00e9charg\u00e9\u00a0<a href=\"https:\/\/help.avast.com\/en\/install\/?utm_medium=link&amp;utm_source=reseller\" target=\"_blank\" rel=\"nofollow noopener\"><span data-mce-type=\"bookmark\" style=\"display: inline-block; width: 0px; overflow: hidden; line-height: 0;\" class=\"mce_SELRES_start\"><\/span>ici<span data-mce-type=\"bookmark\" style=\"display: inline-block; width: 0px; overflow: hidden; line-height: 0;\" class=\"mce_SELRES_end\"><\/span><\/a><\/h2>\n<p style=\"text-align: center;\">\nAVERTISSEMENT : La cl\u00e9 de licence fournie fonctionne sous Windows. Pour Mac, iOS et Android, vous devez utiliser le code d'activation dans votre compte Avast \u00e0 l'adresse suivante\u00a0<a href=\"https:\/\/id.avast.com\/#login\" target=\"_blank\" rel=\"nofollow noopener\">https:\/\/id.avast.com<\/a> qui est cr\u00e9\u00e9 une fois que la cl\u00e9 de licence est activ\u00e9e dans Windows. Si vous ne disposez pas d'un ordinateur Windows, veuillez contacter le vendeur en utilisant Rame Digital Conversations qui pourra enregistrer cette cl\u00e9 de licence pour vous et vous fournir le code d'activation n\u00e9cessaire pour l'activation sur Mac, iOS et Android.<\/p>\n<p>&nbsp;<\/p>\n<p style=\"text-align: center;\"><span style=\"vertical-align: inherit;\">Suivez-nous sur <\/span><a href=\"https:\/\/www.facebook.com\/RameDigitalOfficial\/\"><span style=\"vertical-align: inherit;\">Facebook<\/span><\/a><\/p>","protected":false},"excerpt":{"rendered":"<h5 style=\"text-align: center;\"><span style=\"color: #ff0000;\"><em><span style=\"vertical-align: inherit;\">Ne manquez pas cette offre ! Elle ne sera pas \u00e9ternelle !<\/span><\/em><\/span><\/h5>\n<div class=\"hd-listinghead\" style=\"font-size: 19pt; font-family: Arial; text-align: center;\"><strong><span style=\"color: #8f00ff;\"><span style=\"vertical-align: inherit;\">Prot\u00e9gez vos appareils d\u00e8s aujourd'hui !<\/span><\/span><\/strong><\/div>\n<div><\/div>\n<\/p>\n<p style=\"text-align: center;\"><strong>\u2713 CD-KEY<\/strong><br \/>\n\u2713<span style=\"vertical-align: inherit;\">Avast AntiTrack<\/span><br \/>\n\u2713 Avast SecureLine VPN<br \/>\n<span style=\"vertical-align: inherit;\"> \u2713 Avast Premium Security<\/span><br \/>\n<span style=\"vertical-align: inherit;\">\u2713<\/span> <span style=\"vertical-align: inherit;\"> Avast Cleanup Premium <\/span><br \/>\n<span style=\"vertical-align: inherit;\"><strong>\u2713 Livraison par e-mail dans un d\u00e9lai maximum de 6 heures<\/strong><\/span><\/p>\n<p>&nbsp;<\/p>\n<p><img decoding=\"async\" class=\"aligncenter wp-image-2400\" src=\"https:\/\/www.ramedigitalstore.com\/wp-content\/uploads\/2022\/03\/trustpilot-stars-1024x140.png\" alt=\"\" width=\"600\" height=\"82\" srcset=\"https:\/\/www.ramedigitalstore.com\/wp-content\/uploads\/2022\/03\/trustpilot-stars-1024x140.png 1024w, https:\/\/www.ramedigitalstore.com\/wp-content\/uploads\/2022\/03\/trustpilot-stars-500x68.png 500w, https:\/\/www.ramedigitalstore.com\/wp-content\/uploads\/2022\/03\/trustpilot-stars-700x96.png 700w, https:\/\/www.ramedigitalstore.com\/wp-content\/uploads\/2022\/03\/trustpilot-stars-300x41.png 300w, https:\/\/www.ramedigitalstore.com\/wp-content\/uploads\/2022\/03\/trustpilot-stars-768x105.png 768w, https:\/\/www.ramedigitalstore.com\/wp-content\/uploads\/2022\/03\/trustpilot-stars-1536x210.png 1536w, https:\/\/www.ramedigitalstore.com\/wp-content\/uploads\/2022\/03\/trustpilot-stars-260x35.png 260w, https:\/\/www.ramedigitalstore.com\/wp-content\/uploads\/2022\/03\/trustpilot-stars-50x7.png 50w, https:\/\/www.ramedigitalstore.com\/wp-content\/uploads\/2022\/03\/trustpilot-stars-150x20.png 150w, https:\/\/www.ramedigitalstore.com\/wp-content\/uploads\/2022\/03\/trustpilot-stars-1320x180.png 1320w, https:\/\/www.ramedigitalstore.com\/wp-content\/uploads\/2022\/03\/trustpilot-stars-800x109.png 800w, https:\/\/www.ramedigitalstore.com\/wp-content\/uploads\/2022\/03\/trustpilot-stars.png 2000w\" sizes=\"(max-width: 600px) 100vw, 600px\" \/><\/p>\n<p><img fetchpriority=\"high\" decoding=\"async\" class=\"wp-image-2401 size-full aligncenter\" src=\"https:\/\/www.ramedigitalstore.com\/wp-content\/uploads\/2022\/03\/payment2.jpg\" alt=\"\" width=\"1020\" height=\"267\" srcset=\"https:\/\/www.ramedigitalstore.com\/wp-content\/uploads\/2022\/03\/payment2.jpg 1020w, https:\/\/www.ramedigitalstore.com\/wp-content\/uploads\/2022\/03\/payment2-500x131.jpg 500w, https:\/\/www.ramedigitalstore.com\/wp-content\/uploads\/2022\/03\/payment2-700x183.jpg 700w, https:\/\/www.ramedigitalstore.com\/wp-content\/uploads\/2022\/03\/payment2-300x79.jpg 300w, https:\/\/www.ramedigitalstore.com\/wp-content\/uploads\/2022\/03\/payment2-768x201.jpg 768w, https:\/\/www.ramedigitalstore.com\/wp-content\/uploads\/2022\/03\/payment2-260x68.jpg 260w, https:\/\/www.ramedigitalstore.com\/wp-content\/uploads\/2022\/03\/payment2-50x13.jpg 50w, https:\/\/www.ramedigitalstore.com\/wp-content\/uploads\/2022\/03\/payment2-150x39.jpg 150w, https:\/\/www.ramedigitalstore.com\/wp-content\/uploads\/2022\/03\/payment2-800x209.jpg 800w\" sizes=\"(max-width: 1020px) 100vw, 1020px\" \/><\/p>","protected":false},"featured_media":2714,"template":"","meta":[],"product_brand":[],"product_cat":[2,28],"product_tag":[22],"class_list":{"0":"post-2713","1":"product","2":"type-product","3":"status-publish","4":"has-post-thumbnail","6":"product_cat-antivirus","7":"product_cat-avast","8":"product_tag-xbox-game-pass-ultimate","10":"first","11":"outofstock","12":"sale","13":"virtual","14":"sold-individually","15":"purchasable","16":"product-type-simple"},"yoast_head":"<!-- This site is optimized with the Yoast SEO Premium plugin v21.9 (Yoast SEO v27.4) - https:\/\/yoast.com\/product\/yoast-seo-premium-wordpress\/ -->\n<title>Avast Ultimate 10 Devices 2 Years Avast - Key GLOBAL - Rame Digital<\/title>\n<meta name=\"robots\" content=\"index, follow, max-snippet:-1, max-image-preview:large, max-video-preview:-1\" \/>\n<link rel=\"canonical\" href=\"https:\/\/www.ramedigitalstore.com\/fr\/prodotto\/avast-ultimate-10-devices-2-years-avast-key-global\/\" \/>\n<meta property=\"og:locale\" content=\"fr_FR\" \/>\n<meta property=\"og:type\" content=\"article\" \/>\n<meta property=\"og:title\" content=\"Avast Ultimate 10 Devices 2 Years Avast - Key GLOBAL\" \/>\n<meta property=\"og:description\" content=\"Don&#039;t miss this offer! It won&#039;t be around forever! Protect your devices today!  \u2713 CD-KEY \u2713Avast AntiTrack \u2713 Avast SecureLine VPN  \u2713 Avast Premium Security \u2713 Avast Cleanup Premium  \u2713 Delivery by email in up to 6 hours &nbsp;\" \/>\n<meta property=\"og:url\" content=\"https:\/\/www.ramedigitalstore.com\/fr\/prodotto\/avast-ultimate-10-devices-2-years-avast-key-global\/\" \/>\n<meta property=\"og:site_name\" content=\"Rame Digital\" \/>\n<meta property=\"article:publisher\" content=\"https:\/\/www.facebook.com\/RameDigitalOfficial\" \/>\n<meta property=\"article:modified_time\" content=\"2023-10-29T20:24:59+00:00\" \/>\n<meta property=\"og:image\" content=\"https:\/\/www.ramedigitalstore.com\/wp-content\/uploads\/2022\/03\/Avast-Ultimate-10-Device-2-Years.jpg\" \/>\n\t<meta property=\"og:image:width\" content=\"720\" \/>\n\t<meta property=\"og:image:height\" content=\"720\" \/>\n\t<meta property=\"og:image:type\" content=\"image\/jpeg\" \/>\n<meta name=\"twitter:card\" content=\"summary_large_image\" \/>\n<meta name=\"twitter:label1\" content=\"Dur\u00e9e de lecture estim\u00e9e\" \/>\n\t<meta name=\"twitter:data1\" content=\"3 minutes\" \/>\n<script type=\"application\/ld+json\" class=\"yoast-schema-graph\">{\"@context\":\"https:\\\/\\\/schema.org\",\"@graph\":[{\"@type\":\"WebPage\",\"@id\":\"https:\\\/\\\/www.ramedigitalstore.com\\\/prodotto\\\/avast-ultimate-10-devices-2-years-avast-key-global\\\/\",\"url\":\"https:\\\/\\\/www.ramedigitalstore.com\\\/prodotto\\\/avast-ultimate-10-devices-2-years-avast-key-global\\\/\",\"name\":\"Avast Ultimate 10 Devices 2 Years Avast - Key GLOBAL - Rame Digital\",\"isPartOf\":{\"@id\":\"https:\\\/\\\/www.ramedigitalstore.com\\\/#website\"},\"primaryImageOfPage\":{\"@id\":\"https:\\\/\\\/www.ramedigitalstore.com\\\/prodotto\\\/avast-ultimate-10-devices-2-years-avast-key-global\\\/#primaryimage\"},\"image\":{\"@id\":\"https:\\\/\\\/www.ramedigitalstore.com\\\/prodotto\\\/avast-ultimate-10-devices-2-years-avast-key-global\\\/#primaryimage\"},\"thumbnailUrl\":\"https:\\\/\\\/www.ramedigitalstore.com\\\/wp-content\\\/uploads\\\/2022\\\/03\\\/Avast-Ultimate-10-Device-2-Years.jpg\",\"datePublished\":\"2022-03-19T21:05:31+00:00\",\"dateModified\":\"2023-10-29T20:24:59+00:00\",\"breadcrumb\":{\"@id\":\"https:\\\/\\\/www.ramedigitalstore.com\\\/prodotto\\\/avast-ultimate-10-devices-2-years-avast-key-global\\\/#breadcrumb\"},\"inLanguage\":\"fr-FR\",\"potentialAction\":[{\"@type\":\"ReadAction\",\"target\":[\"https:\\\/\\\/www.ramedigitalstore.com\\\/prodotto\\\/avast-ultimate-10-devices-2-years-avast-key-global\\\/\"]}]},{\"@type\":\"ImageObject\",\"inLanguage\":\"fr-FR\",\"@id\":\"https:\\\/\\\/www.ramedigitalstore.com\\\/prodotto\\\/avast-ultimate-10-devices-2-years-avast-key-global\\\/#primaryimage\",\"url\":\"https:\\\/\\\/www.ramedigitalstore.com\\\/wp-content\\\/uploads\\\/2022\\\/03\\\/Avast-Ultimate-10-Device-2-Years.jpg\",\"contentUrl\":\"https:\\\/\\\/www.ramedigitalstore.com\\\/wp-content\\\/uploads\\\/2022\\\/03\\\/Avast-Ultimate-10-Device-2-Years.jpg\",\"width\":720,\"height\":720},{\"@type\":\"BreadcrumbList\",\"@id\":\"https:\\\/\\\/www.ramedigitalstore.com\\\/prodotto\\\/avast-ultimate-10-devices-2-years-avast-key-global\\\/#breadcrumb\",\"itemListElement\":[{\"@type\":\"ListItem\",\"position\":1,\"name\":\"Home\",\"item\":\"https:\\\/\\\/www.ramedigitalstore.com\\\/\"},{\"@type\":\"ListItem\",\"position\":2,\"name\":\"Shop\",\"item\":\"https:\\\/\\\/www.ramedigitalstore.com\\\/shop\\\/\"},{\"@type\":\"ListItem\",\"position\":3,\"name\":\"Avast Ultimate 10 Devices 2 Years Avast &#8211; Key GLOBAL\"}]},{\"@type\":\"WebSite\",\"@id\":\"https:\\\/\\\/www.ramedigitalstore.com\\\/#website\",\"url\":\"https:\\\/\\\/www.ramedigitalstore.com\\\/\",\"name\":\"Rame Digital\",\"description\":\"Digital store par excellence\",\"publisher\":{\"@id\":\"https:\\\/\\\/www.ramedigitalstore.com\\\/#organization\"},\"potentialAction\":[{\"@type\":\"SearchAction\",\"target\":{\"@type\":\"EntryPoint\",\"urlTemplate\":\"https:\\\/\\\/www.ramedigitalstore.com\\\/?s={search_term_string}\"},\"query-input\":{\"@type\":\"PropertyValueSpecification\",\"valueRequired\":true,\"valueName\":\"search_term_string\"}}],\"inLanguage\":\"fr-FR\"},{\"@type\":\"Organization\",\"@id\":\"https:\\\/\\\/www.ramedigitalstore.com\\\/#organization\",\"name\":\"Rame Digital\",\"url\":\"https:\\\/\\\/www.ramedigitalstore.com\\\/\",\"logo\":{\"@type\":\"ImageObject\",\"inLanguage\":\"fr-FR\",\"@id\":\"https:\\\/\\\/www.ramedigitalstore.com\\\/#\\\/schema\\\/logo\\\/image\\\/\",\"url\":\"https:\\\/\\\/www.ramedigitalstore.com\\\/wp-content\\\/uploads\\\/2021\\\/04\\\/Logo-new-quadrato-1-e1619205976915.png\",\"contentUrl\":\"https:\\\/\\\/www.ramedigitalstore.com\\\/wp-content\\\/uploads\\\/2021\\\/04\\\/Logo-new-quadrato-1-e1619205976915.png\",\"width\":256,\"height\":256,\"caption\":\"Rame Digital\"},\"image\":{\"@id\":\"https:\\\/\\\/www.ramedigitalstore.com\\\/#\\\/schema\\\/logo\\\/image\\\/\"},\"sameAs\":[\"https:\\\/\\\/www.facebook.com\\\/RameDigitalOfficial\",\"https:\\\/\\\/www.instagram.com\\\/rame_digital_official\\\/\"]}]}<\/script>\n<!-- \/ Yoast SEO Premium plugin. -->","yoast_head_json":{"title":"Avast Ultimate 10 Appareils 2 Ans Avast - Cl\u00e9 GLOBAL - Rame Digital","robots":{"index":"index","follow":"follow","max-snippet":"max-snippet:-1","max-image-preview":"max-image-preview:large","max-video-preview":"max-video-preview:-1"},"canonical":"https:\/\/www.ramedigitalstore.com\/fr\/prodotto\/avast-ultimate-10-devices-2-years-avast-key-global\/","og_locale":"fr_FR","og_type":"article","og_title":"Avast Ultimate 10 Devices 2 Years Avast - Key GLOBAL","og_description":"Don't miss this offer! It won't be around forever! Protect your devices today!  \u2713 CD-KEY \u2713Avast AntiTrack \u2713 Avast SecureLine VPN  \u2713 Avast Premium Security \u2713 Avast Cleanup Premium  \u2713 Delivery by email in up to 6 hours &nbsp;","og_url":"https:\/\/www.ramedigitalstore.com\/fr\/prodotto\/avast-ultimate-10-devices-2-years-avast-key-global\/","og_site_name":"Rame Digital","article_publisher":"https:\/\/www.facebook.com\/RameDigitalOfficial","article_modified_time":"2023-10-29T20:24:59+00:00","og_image":[{"width":720,"height":720,"url":"https:\/\/www.ramedigitalstore.com\/wp-content\/uploads\/2022\/03\/Avast-Ultimate-10-Device-2-Years.jpg","type":"image\/jpeg"}],"twitter_card":"summary_large_image","twitter_misc":{"Dur\u00e9e de lecture estim\u00e9e":"3 minutes"},"schema":{"@context":"https:\/\/schema.org","@graph":[{"@type":"WebPage","@id":"https:\/\/www.ramedigitalstore.com\/prodotto\/avast-ultimate-10-devices-2-years-avast-key-global\/","url":"https:\/\/www.ramedigitalstore.com\/prodotto\/avast-ultimate-10-devices-2-years-avast-key-global\/","name":"Avast Ultimate 10 Appareils 2 Ans Avast - Cl\u00e9 GLOBAL - Rame Digital","isPartOf":{"@id":"https:\/\/www.ramedigitalstore.com\/#website"},"primaryImageOfPage":{"@id":"https:\/\/www.ramedigitalstore.com\/prodotto\/avast-ultimate-10-devices-2-years-avast-key-global\/#primaryimage"},"image":{"@id":"https:\/\/www.ramedigitalstore.com\/prodotto\/avast-ultimate-10-devices-2-years-avast-key-global\/#primaryimage"},"thumbnailUrl":"https:\/\/www.ramedigitalstore.com\/wp-content\/uploads\/2022\/03\/Avast-Ultimate-10-Device-2-Years.jpg","datePublished":"2022-03-19T21:05:31+00:00","dateModified":"2023-10-29T20:24:59+00:00","breadcrumb":{"@id":"https:\/\/www.ramedigitalstore.com\/prodotto\/avast-ultimate-10-devices-2-years-avast-key-global\/#breadcrumb"},"inLanguage":"fr-FR","potentialAction":[{"@type":"ReadAction","target":["https:\/\/www.ramedigitalstore.com\/prodotto\/avast-ultimate-10-devices-2-years-avast-key-global\/"]}]},{"@type":"ImageObject","inLanguage":"fr-FR","@id":"https:\/\/www.ramedigitalstore.com\/prodotto\/avast-ultimate-10-devices-2-years-avast-key-global\/#primaryimage","url":"https:\/\/www.ramedigitalstore.com\/wp-content\/uploads\/2022\/03\/Avast-Ultimate-10-Device-2-Years.jpg","contentUrl":"https:\/\/www.ramedigitalstore.com\/wp-content\/uploads\/2022\/03\/Avast-Ultimate-10-Device-2-Years.jpg","width":720,"height":720},{"@type":"BreadcrumbList","@id":"https:\/\/www.ramedigitalstore.com\/prodotto\/avast-ultimate-10-devices-2-years-avast-key-global\/#breadcrumb","itemListElement":[{"@type":"ListItem","position":1,"name":"Home","item":"https:\/\/www.ramedigitalstore.com\/"},{"@type":"ListItem","position":2,"name":"Shop","item":"https:\/\/www.ramedigitalstore.com\/shop\/"},{"@type":"ListItem","position":3,"name":"Avast Ultimate 10 Devices 2 Years Avast &#8211; Key GLOBAL"}]},{"@type":"WebSite","@id":"https:\/\/www.ramedigitalstore.com\/#website","url":"https:\/\/www.ramedigitalstore.com\/","name":"Rame Digital","description":"Magasin num\u00e9rique par excellence","publisher":{"@id":"https:\/\/www.ramedigitalstore.com\/#organization"},"potentialAction":[{"@type":"SearchAction","target":{"@type":"EntryPoint","urlTemplate":"https:\/\/www.ramedigitalstore.com\/?s={search_term_string}"},"query-input":{"@type":"PropertyValueSpecification","valueRequired":true,"valueName":"search_term_string"}}],"inLanguage":"fr-FR"},{"@type":"Organization","@id":"https:\/\/www.ramedigitalstore.com\/#organization","name":"Rame Digital","url":"https:\/\/www.ramedigitalstore.com\/","logo":{"@type":"ImageObject","inLanguage":"fr-FR","@id":"https:\/\/www.ramedigitalstore.com\/#\/schema\/logo\/image\/","url":"https:\/\/www.ramedigitalstore.com\/wp-content\/uploads\/2021\/04\/Logo-new-quadrato-1-e1619205976915.png","contentUrl":"https:\/\/www.ramedigitalstore.com\/wp-content\/uploads\/2021\/04\/Logo-new-quadrato-1-e1619205976915.png","width":256,"height":256,"caption":"Rame Digital"},"image":{"@id":"https:\/\/www.ramedigitalstore.com\/#\/schema\/logo\/image\/"},"sameAs":["https:\/\/www.facebook.com\/RameDigitalOfficial","https:\/\/www.instagram.com\/rame_digital_official\/"]}]}},"jetpack_sharing_enabled":true,"_links":{"self":[{"href":"https:\/\/www.ramedigitalstore.com\/fr\/wp-json\/wp\/v2\/product\/2713","targetHints":{"allow":["GET"]}}],"collection":[{"href":"https:\/\/www.ramedigitalstore.com\/fr\/wp-json\/wp\/v2\/product"}],"about":[{"href":"https:\/\/www.ramedigitalstore.com\/fr\/wp-json\/wp\/v2\/types\/product"}],"version-history":[{"count":1,"href":"https:\/\/www.ramedigitalstore.com\/fr\/wp-json\/wp\/v2\/product\/2713\/revisions"}],"predecessor-version":[{"id":5025,"href":"https:\/\/www.ramedigitalstore.com\/fr\/wp-json\/wp\/v2\/product\/2713\/revisions\/5025"}],"wp:featuredmedia":[{"embeddable":true,"href":"https:\/\/www.ramedigitalstore.com\/fr\/wp-json\/wp\/v2\/media\/2714"}],"wp:attachment":[{"href":"https:\/\/www.ramedigitalstore.com\/fr\/wp-json\/wp\/v2\/media?parent=2713"}],"wp:term":[{"taxonomy":"product_brand","embeddable":true,"href":"https:\/\/www.ramedigitalstore.com\/fr\/wp-json\/wp\/v2\/product_brand?post=2713"},{"taxonomy":"product_cat","embeddable":true,"href":"https:\/\/www.ramedigitalstore.com\/fr\/wp-json\/wp\/v2\/product_cat?post=2713"},{"taxonomy":"product_tag","embeddable":true,"href":"https:\/\/www.ramedigitalstore.com\/fr\/wp-json\/wp\/v2\/product_tag?post=2713"}],"curies":[{"name":"wp","href":"https:\/\/api.w.org\/{rel}","templated":true}]}}