{"id":5199,"date":"2023-12-26T03:11:18","date_gmt":"2023-12-26T03:11:18","guid":{"rendered":"https:\/\/www.ramedigitalstore.com\/?post_type=product&#038;p=5199"},"modified":"2023-12-27T21:46:24","modified_gmt":"2023-12-27T21:46:24","slug":"spotify-3-months","status":"publish","type":"product","link":"https:\/\/www.ramedigitalstore.com\/fr\/prodotto\/spotify-3-mois\/","title":{"rendered":"Spotify 3 mois"},"content":{"rendered":"<h1>Obtenez Spotify Individual pendant 3 mois \u00e0 un prix tr\u00e8s avantageux !<\/h1>\n<p>Vous aimez \u00e9couter de la musique sans publicit\u00e9, hors connexion et \u00e0 la demande ? Vous voulez profiter des fonctionnalit\u00e9s de Spotify Premium sans payer le prix fort ? Alors vous devriez consulter notre offre !<\/p>\n<h2>\u00c9conomiser de l'argent et \u00e9viter les tracas<\/h2>\n<p>Avec notre service, vous pouvez obtenir l'abonnement Spotify Individual pour 12 mois \u00e0 une fraction du prix. Vous ne paierez qu'une seule fois et oublierez les frais mensuels. Vous n'aurez pas \u00e0 cr\u00e9er un nouveau compte ou \u00e0 changer de m\u00e9thode de paiement \u00e0 chaque fois que vous voudrez renouveler votre abonnement.<\/p>\n<h2>Profitez de tous les avantages de Spotify Premium<\/h2>\n<p>En choisissant notre service, vous aurez acc\u00e8s \u00e0 tous les avantages de Spotify Premium, tels que :<\/p>\n<ul>\n<li>Plus de 80 millions de chansons \u00e0 \u00e9couter ou \u00e0 t\u00e9l\u00e9charger<\/li>\n<li>Podcasts et livres audio \u00e0 \u00e9couter<\/li>\n<li>Audio de haute qualit\u00e9<\/li>\n<li>Sauts et relectures illimit\u00e9s<\/li>\n<li>Pas de publicit\u00e9 ni d'interruption<\/li>\n<\/ul>\n<h2>Personnalisez votre profil<\/h2>\n<p>Apr\u00e8s avoir pass\u00e9 votre commande, nous vous contacterons par WhatsApp dans les deux heures pour achever la proc\u00e9dure et vous livrer le service achet\u00e9. Vous pourrez d\u00e9cider si vous pr\u00e9f\u00e9rez un nouveau profil cr\u00e9\u00e9 sp\u00e9cialement pour vous, ou si vous voulez en cr\u00e9er un vous-m\u00eame ou partager temporairement votre profil avec nous afin que nous puissions activer votre abonnement. Vous recevrez votre commande dans les 6 heures suivant votre r\u00e9ponse. Vous verrez que votre profil personnel aura \u00e0 nouveau des privil\u00e8ges premium (Individuel).<\/p>\n<p>Pour plus d'informations, veuillez nous contacter \u00e0 l'adresse suivante : info@ramedigitalstore.com<\/p>","protected":false},"excerpt":{"rendered":"<h5 style=\"text-align: center;\"><span style=\"color: #ff0000;\"><em><span style=\"vertical-align: inherit;\">Ne manquez pas cette offre ! Elle ne sera pas \u00e9ternelle !<\/span><\/em><\/span><\/h5>\n<div class=\"hd-listinghead\" style=\"font-size: 19pt; font-family: Arial; text-align: center;\"><strong><span style=\"color: #8f00ff;\"><span style=\"vertical-align: inherit;\">Renouvelez votre abonnement aujourd'hui !<\/span><\/span><\/strong><\/div>\n<div><\/div>\n<p>&nbsp;<\/p>\n<p style=\"text-align: center;\"><strong>\u2713 S\u00e9curit\u00e9 maximale<span style=\"vertical-align: inherit;\"> !<\/span><\/strong><br \/>\n<strong>\u2713 <\/strong> Assistance Whatsapp<br \/>\n<span style=\"vertical-align: inherit;\"> <strong>\u2713 <\/strong>Livraison en 6 heures maximum<\/span><br \/>\n<span style=\"vertical-align: inherit;\"><strong>\u2713 <\/strong><\/span>Livraison par e-mail dans un d\u00e9lai maximum de 6 heures<br \/>\n<span style=\"vertical-align: inherit;\"><strong>\u2713 <\/strong><\/span>Vous pouvez \u00e9galement l'activer sur votre propre compte<br \/>\n<span style=\"vertical-align: inherit;\"><strong>\u2713 Ne peut \u00eatre activ\u00e9 que si l'abonnement a expir\u00e9 ou n'a jamais \u00e9t\u00e9 activ\u00e9.<\/strong><\/span><\/p>\n<p>&nbsp;<\/p>\n<p><img decoding=\"async\" class=\"aligncenter wp-image-2400\" src=\"https:\/\/www.ramedigitalstore.com\/wp-content\/uploads\/2022\/03\/trustpilot-stars-1024x140.png\" alt=\"\" width=\"600\" height=\"82\" srcset=\"https:\/\/www.ramedigitalstore.com\/wp-content\/uploads\/2022\/03\/trustpilot-stars-1024x140.png 1024w, https:\/\/www.ramedigitalstore.com\/wp-content\/uploads\/2022\/03\/trustpilot-stars-500x68.png 500w, https:\/\/www.ramedigitalstore.com\/wp-content\/uploads\/2022\/03\/trustpilot-stars-700x96.png 700w, https:\/\/www.ramedigitalstore.com\/wp-content\/uploads\/2022\/03\/trustpilot-stars-300x41.png 300w, https:\/\/www.ramedigitalstore.com\/wp-content\/uploads\/2022\/03\/trustpilot-stars-768x105.png 768w, https:\/\/www.ramedigitalstore.com\/wp-content\/uploads\/2022\/03\/trustpilot-stars-1536x210.png 1536w, https:\/\/www.ramedigitalstore.com\/wp-content\/uploads\/2022\/03\/trustpilot-stars-260x35.png 260w, https:\/\/www.ramedigitalstore.com\/wp-content\/uploads\/2022\/03\/trustpilot-stars-50x7.png 50w, https:\/\/www.ramedigitalstore.com\/wp-content\/uploads\/2022\/03\/trustpilot-stars-150x20.png 150w, https:\/\/www.ramedigitalstore.com\/wp-content\/uploads\/2022\/03\/trustpilot-stars-1320x180.png 1320w, https:\/\/www.ramedigitalstore.com\/wp-content\/uploads\/2022\/03\/trustpilot-stars-800x109.png 800w, https:\/\/www.ramedigitalstore.com\/wp-content\/uploads\/2022\/03\/trustpilot-stars.png 2000w\" sizes=\"(max-width: 600px) 100vw, 600px\" \/><\/p>\n<p><img fetchpriority=\"high\" decoding=\"async\" class=\"wp-image-2401 size-full aligncenter\" src=\"https:\/\/www.ramedigitalstore.com\/wp-content\/uploads\/2022\/03\/payment2.jpg\" alt=\"\" width=\"1020\" height=\"267\" srcset=\"https:\/\/www.ramedigitalstore.com\/wp-content\/uploads\/2022\/03\/payment2.jpg 1020w, https:\/\/www.ramedigitalstore.com\/wp-content\/uploads\/2022\/03\/payment2-500x131.jpg 500w, https:\/\/www.ramedigitalstore.com\/wp-content\/uploads\/2022\/03\/payment2-700x183.jpg 700w, https:\/\/www.ramedigitalstore.com\/wp-content\/uploads\/2022\/03\/payment2-300x79.jpg 300w, https:\/\/www.ramedigitalstore.com\/wp-content\/uploads\/2022\/03\/payment2-768x201.jpg 768w, https:\/\/www.ramedigitalstore.com\/wp-content\/uploads\/2022\/03\/payment2-260x68.jpg 260w, https:\/\/www.ramedigitalstore.com\/wp-content\/uploads\/2022\/03\/payment2-50x13.jpg 50w, https:\/\/www.ramedigitalstore.com\/wp-content\/uploads\/2022\/03\/payment2-150x39.jpg 150w, https:\/\/www.ramedigitalstore.com\/wp-content\/uploads\/2022\/03\/payment2-800x209.jpg 800w\" sizes=\"(max-width: 1020px) 100vw, 1020px\" \/><\/p>","protected":false},"featured_media":5211,"template":"","meta":[],"product_brand":[],"product_cat":[320],"product_tag":[],"class_list":{"0":"post-5199","1":"product","2":"type-product","3":"status-publish","4":"has-post-thumbnail","6":"product_cat-spotify","8":"first","9":"instock","10":"sale","11":"virtual","12":"purchasable","13":"product-type-simple"},"yoast_head":"<!-- This site is optimized with the Yoast SEO Premium plugin v21.9 (Yoast SEO v27.5) - https:\/\/yoast.com\/product\/yoast-seo-premium-wordpress\/ -->\n<title>Spotify 3 Months - Rame Digital<\/title>\n<meta name=\"description\" content=\"Listen to spotify with 100% volume with 24% discount only at Rame Digital.\" \/>\n<meta name=\"robots\" content=\"index, follow, max-snippet:-1, max-image-preview:large, max-video-preview:-1\" \/>\n<link rel=\"canonical\" href=\"https:\/\/www.ramedigitalstore.com\/fr\/prodotto\/spotify-3-mois\/\" \/>\n<meta property=\"og:locale\" content=\"fr_FR\" \/>\n<meta property=\"og:type\" content=\"article\" \/>\n<meta property=\"og:title\" content=\"Spotify 3 Months\" \/>\n<meta property=\"og:description\" content=\"Listen to spotify with 100% volume with 24% discount only at Rame Digital.\" \/>\n<meta property=\"og:url\" content=\"https:\/\/www.ramedigitalstore.com\/fr\/prodotto\/spotify-3-mois\/\" \/>\n<meta property=\"og:site_name\" content=\"Rame Digital\" \/>\n<meta property=\"article:publisher\" content=\"https:\/\/www.facebook.com\/RameDigitalOfficial\" \/>\n<meta property=\"article:modified_time\" content=\"2023-12-27T21:46:24+00:00\" \/>\n<meta property=\"og:image\" content=\"https:\/\/www.ramedigitalstore.com\/wp-content\/uploads\/2023\/12\/Spotify-Giff-Card-3-mesi.jpg\" \/>\n\t<meta property=\"og:image:width\" content=\"720\" \/>\n\t<meta property=\"og:image:height\" content=\"720\" \/>\n\t<meta property=\"og:image:type\" content=\"image\/jpeg\" \/>\n<meta name=\"twitter:card\" content=\"summary_large_image\" \/>\n<meta name=\"twitter:label1\" content=\"Dur\u00e9e de lecture estim\u00e9e\" \/>\n\t<meta name=\"twitter:data1\" content=\"2 minutes\" \/>\n<script type=\"application\/ld+json\" class=\"yoast-schema-graph\">{\"@context\":\"https:\\\/\\\/schema.org\",\"@graph\":[{\"@type\":\"WebPage\",\"@id\":\"https:\\\/\\\/www.ramedigitalstore.com\\\/prodotto\\\/spotify-3-months\\\/\",\"url\":\"https:\\\/\\\/www.ramedigitalstore.com\\\/prodotto\\\/spotify-3-months\\\/\",\"name\":\"Spotify 3 Months - Rame Digital\",\"isPartOf\":{\"@id\":\"https:\\\/\\\/www.ramedigitalstore.com\\\/#website\"},\"primaryImageOfPage\":{\"@id\":\"https:\\\/\\\/www.ramedigitalstore.com\\\/prodotto\\\/spotify-3-months\\\/#primaryimage\"},\"image\":{\"@id\":\"https:\\\/\\\/www.ramedigitalstore.com\\\/prodotto\\\/spotify-3-months\\\/#primaryimage\"},\"thumbnailUrl\":\"https:\\\/\\\/www.ramedigitalstore.com\\\/wp-content\\\/uploads\\\/2023\\\/12\\\/Spotify-Giff-Card-3-mesi.jpg\",\"datePublished\":\"2023-12-26T03:11:18+00:00\",\"dateModified\":\"2023-12-27T21:46:24+00:00\",\"description\":\"Listen to spotify with 100% volume with 24% discount only at Rame Digital.\",\"breadcrumb\":{\"@id\":\"https:\\\/\\\/www.ramedigitalstore.com\\\/prodotto\\\/spotify-3-months\\\/#breadcrumb\"},\"inLanguage\":\"fr-FR\",\"potentialAction\":[{\"@type\":\"ReadAction\",\"target\":[\"https:\\\/\\\/www.ramedigitalstore.com\\\/prodotto\\\/spotify-3-months\\\/\"]}]},{\"@type\":\"ImageObject\",\"inLanguage\":\"fr-FR\",\"@id\":\"https:\\\/\\\/www.ramedigitalstore.com\\\/prodotto\\\/spotify-3-months\\\/#primaryimage\",\"url\":\"https:\\\/\\\/www.ramedigitalstore.com\\\/wp-content\\\/uploads\\\/2023\\\/12\\\/Spotify-Giff-Card-3-mesi.jpg\",\"contentUrl\":\"https:\\\/\\\/www.ramedigitalstore.com\\\/wp-content\\\/uploads\\\/2023\\\/12\\\/Spotify-Giff-Card-3-mesi.jpg\",\"width\":720,\"height\":720},{\"@type\":\"BreadcrumbList\",\"@id\":\"https:\\\/\\\/www.ramedigitalstore.com\\\/prodotto\\\/spotify-3-months\\\/#breadcrumb\",\"itemListElement\":[{\"@type\":\"ListItem\",\"position\":1,\"name\":\"Home\",\"item\":\"https:\\\/\\\/www.ramedigitalstore.com\\\/\"},{\"@type\":\"ListItem\",\"position\":2,\"name\":\"Shop\",\"item\":\"https:\\\/\\\/www.ramedigitalstore.com\\\/shop\\\/\"},{\"@type\":\"ListItem\",\"position\":3,\"name\":\"Spotify 3 Months\"}]},{\"@type\":\"WebSite\",\"@id\":\"https:\\\/\\\/www.ramedigitalstore.com\\\/#website\",\"url\":\"https:\\\/\\\/www.ramedigitalstore.com\\\/\",\"name\":\"Rame Digital\",\"description\":\"Digital store par excellence\",\"publisher\":{\"@id\":\"https:\\\/\\\/www.ramedigitalstore.com\\\/#organization\"},\"potentialAction\":[{\"@type\":\"SearchAction\",\"target\":{\"@type\":\"EntryPoint\",\"urlTemplate\":\"https:\\\/\\\/www.ramedigitalstore.com\\\/?s={search_term_string}\"},\"query-input\":{\"@type\":\"PropertyValueSpecification\",\"valueRequired\":true,\"valueName\":\"search_term_string\"}}],\"inLanguage\":\"fr-FR\"},{\"@type\":\"Organization\",\"@id\":\"https:\\\/\\\/www.ramedigitalstore.com\\\/#organization\",\"name\":\"Rame Digital\",\"url\":\"https:\\\/\\\/www.ramedigitalstore.com\\\/\",\"logo\":{\"@type\":\"ImageObject\",\"inLanguage\":\"fr-FR\",\"@id\":\"https:\\\/\\\/www.ramedigitalstore.com\\\/#\\\/schema\\\/logo\\\/image\\\/\",\"url\":\"https:\\\/\\\/www.ramedigitalstore.com\\\/wp-content\\\/uploads\\\/2021\\\/04\\\/Logo-new-quadrato-1-e1619205976915.png\",\"contentUrl\":\"https:\\\/\\\/www.ramedigitalstore.com\\\/wp-content\\\/uploads\\\/2021\\\/04\\\/Logo-new-quadrato-1-e1619205976915.png\",\"width\":256,\"height\":256,\"caption\":\"Rame Digital\"},\"image\":{\"@id\":\"https:\\\/\\\/www.ramedigitalstore.com\\\/#\\\/schema\\\/logo\\\/image\\\/\"},\"sameAs\":[\"https:\\\/\\\/www.facebook.com\\\/RameDigitalOfficial\",\"https:\\\/\\\/www.instagram.com\\\/rame_digital_official\\\/\"]}]}<\/script>\n<!-- \/ Yoast SEO Premium plugin. -->","yoast_head_json":{"title":"Spotify 3 mois - Rame Digital","description":"Ecoutez spotify avec un volume de 100% avec une r\u00e9duction de 24% uniquement chez Rame Digital.","robots":{"index":"index","follow":"follow","max-snippet":"max-snippet:-1","max-image-preview":"max-image-preview:large","max-video-preview":"max-video-preview:-1"},"canonical":"https:\/\/www.ramedigitalstore.com\/fr\/prodotto\/spotify-3-mois\/","og_locale":"fr_FR","og_type":"article","og_title":"Spotify 3 Months","og_description":"Listen to spotify with 100% volume with 24% discount only at Rame Digital.","og_url":"https:\/\/www.ramedigitalstore.com\/fr\/prodotto\/spotify-3-mois\/","og_site_name":"Rame Digital","article_publisher":"https:\/\/www.facebook.com\/RameDigitalOfficial","article_modified_time":"2023-12-27T21:46:24+00:00","og_image":[{"width":720,"height":720,"url":"https:\/\/www.ramedigitalstore.com\/wp-content\/uploads\/2023\/12\/Spotify-Giff-Card-3-mesi.jpg","type":"image\/jpeg"}],"twitter_card":"summary_large_image","twitter_misc":{"Dur\u00e9e de lecture estim\u00e9e":"2 minutes"},"schema":{"@context":"https:\/\/schema.org","@graph":[{"@type":"WebPage","@id":"https:\/\/www.ramedigitalstore.com\/prodotto\/spotify-3-months\/","url":"https:\/\/www.ramedigitalstore.com\/prodotto\/spotify-3-months\/","name":"Spotify 3 mois - Rame Digital","isPartOf":{"@id":"https:\/\/www.ramedigitalstore.com\/#website"},"primaryImageOfPage":{"@id":"https:\/\/www.ramedigitalstore.com\/prodotto\/spotify-3-months\/#primaryimage"},"image":{"@id":"https:\/\/www.ramedigitalstore.com\/prodotto\/spotify-3-months\/#primaryimage"},"thumbnailUrl":"https:\/\/www.ramedigitalstore.com\/wp-content\/uploads\/2023\/12\/Spotify-Giff-Card-3-mesi.jpg","datePublished":"2023-12-26T03:11:18+00:00","dateModified":"2023-12-27T21:46:24+00:00","description":"Ecoutez spotify avec un volume de 100% avec une r\u00e9duction de 24% uniquement chez Rame Digital.","breadcrumb":{"@id":"https:\/\/www.ramedigitalstore.com\/prodotto\/spotify-3-months\/#breadcrumb"},"inLanguage":"fr-FR","potentialAction":[{"@type":"ReadAction","target":["https:\/\/www.ramedigitalstore.com\/prodotto\/spotify-3-months\/"]}]},{"@type":"ImageObject","inLanguage":"fr-FR","@id":"https:\/\/www.ramedigitalstore.com\/prodotto\/spotify-3-months\/#primaryimage","url":"https:\/\/www.ramedigitalstore.com\/wp-content\/uploads\/2023\/12\/Spotify-Giff-Card-3-mesi.jpg","contentUrl":"https:\/\/www.ramedigitalstore.com\/wp-content\/uploads\/2023\/12\/Spotify-Giff-Card-3-mesi.jpg","width":720,"height":720},{"@type":"BreadcrumbList","@id":"https:\/\/www.ramedigitalstore.com\/prodotto\/spotify-3-months\/#breadcrumb","itemListElement":[{"@type":"ListItem","position":1,"name":"Home","item":"https:\/\/www.ramedigitalstore.com\/"},{"@type":"ListItem","position":2,"name":"Shop","item":"https:\/\/www.ramedigitalstore.com\/shop\/"},{"@type":"ListItem","position":3,"name":"Spotify 3 Months"}]},{"@type":"WebSite","@id":"https:\/\/www.ramedigitalstore.com\/#website","url":"https:\/\/www.ramedigitalstore.com\/","name":"Rame Digital","description":"Magasin num\u00e9rique par excellence","publisher":{"@id":"https:\/\/www.ramedigitalstore.com\/#organization"},"potentialAction":[{"@type":"SearchAction","target":{"@type":"EntryPoint","urlTemplate":"https:\/\/www.ramedigitalstore.com\/?s={search_term_string}"},"query-input":{"@type":"PropertyValueSpecification","valueRequired":true,"valueName":"search_term_string"}}],"inLanguage":"fr-FR"},{"@type":"Organization","@id":"https:\/\/www.ramedigitalstore.com\/#organization","name":"Rame Digital","url":"https:\/\/www.ramedigitalstore.com\/","logo":{"@type":"ImageObject","inLanguage":"fr-FR","@id":"https:\/\/www.ramedigitalstore.com\/#\/schema\/logo\/image\/","url":"https:\/\/www.ramedigitalstore.com\/wp-content\/uploads\/2021\/04\/Logo-new-quadrato-1-e1619205976915.png","contentUrl":"https:\/\/www.ramedigitalstore.com\/wp-content\/uploads\/2021\/04\/Logo-new-quadrato-1-e1619205976915.png","width":256,"height":256,"caption":"Rame Digital"},"image":{"@id":"https:\/\/www.ramedigitalstore.com\/#\/schema\/logo\/image\/"},"sameAs":["https:\/\/www.facebook.com\/RameDigitalOfficial","https:\/\/www.instagram.com\/rame_digital_official\/"]}]}},"jetpack_sharing_enabled":true,"_links":{"self":[{"href":"https:\/\/www.ramedigitalstore.com\/fr\/wp-json\/wp\/v2\/product\/5199","targetHints":{"allow":["GET"]}}],"collection":[{"href":"https:\/\/www.ramedigitalstore.com\/fr\/wp-json\/wp\/v2\/product"}],"about":[{"href":"https:\/\/www.ramedigitalstore.com\/fr\/wp-json\/wp\/v2\/types\/product"}],"version-history":[{"count":1,"href":"https:\/\/www.ramedigitalstore.com\/fr\/wp-json\/wp\/v2\/product\/5199\/revisions"}],"predecessor-version":[{"id":5200,"href":"https:\/\/www.ramedigitalstore.com\/fr\/wp-json\/wp\/v2\/product\/5199\/revisions\/5200"}],"wp:featuredmedia":[{"embeddable":true,"href":"https:\/\/www.ramedigitalstore.com\/fr\/wp-json\/wp\/v2\/media\/5211"}],"wp:attachment":[{"href":"https:\/\/www.ramedigitalstore.com\/fr\/wp-json\/wp\/v2\/media?parent=5199"}],"wp:term":[{"taxonomy":"product_brand","embeddable":true,"href":"https:\/\/www.ramedigitalstore.com\/fr\/wp-json\/wp\/v2\/product_brand?post=5199"},{"taxonomy":"product_cat","embeddable":true,"href":"https:\/\/www.ramedigitalstore.com\/fr\/wp-json\/wp\/v2\/product_cat?post=5199"},{"taxonomy":"product_tag","embeddable":true,"href":"https:\/\/www.ramedigitalstore.com\/fr\/wp-json\/wp\/v2\/product_tag?post=5199"}],"curies":[{"name":"wp","href":"https:\/\/api.w.org\/{rel}","templated":true}]}}