{"id":6867,"date":"2024-02-13T10:12:19","date_gmt":"2024-02-13T10:12:19","guid":{"rendered":"https:\/\/www.ramedigitalstore.com\/?post_type=product&#038;p=6867"},"modified":"2025-11-30T16:06:33","modified_gmt":"2025-11-30T16:06:33","slug":"xbox-game-pass-ultimate-17-months-global","status":"publish","type":"product","link":"https:\/\/www.ramedigitalstore.com\/fr\/prodotto\/xbox-game-pass-ultimate-15-mois-2-mois-global\/","title":{"rendered":"Xbox Game Pass Ultimate 15 mois - GLOBAL"},"content":{"rendered":"<h3 style=\"text-align:center\"><span style=\"color:#8f00ff\"><span style=\"vertical-align:inherit\"><strong>Renouvelez votre abonnement sans modifier votre profil !<\/strong><\/span><\/span><\/h3>\n<h3 class=\"c-heading-1 f-lean\" style=\"text-align:center\">Vous recevrez 15 mois de Game Pass Ultimate.<\/h3>\n<h4 class=\"c-heading-1 f-lean\" style=\"text-align:center\">Pour renouveler l'abonnement sur votre profil personnel, il suffit d'ajouter des informations d'identification sur votre console ou votre PC.<\/h4>\n<h3 style=\"text-align:center\"><span style=\"color:#ff0000\"><strong>Vous ne recevrez pas de compte partag\u00e9.<\/strong><\/span><\/h3>\n<p style=\"text-align:center\"><strong>Vous recevrez des informations d'identification cr\u00e9\u00e9es uniquement pour vous. Nous d\u00e9finirons votre num\u00e9ro comme m\u00e9thode de contact\/r\u00e9cup\u00e9ration afin que vous soyez le seul \u00e0 pouvoir les modifier \u00e0 tout moment pour garantir une s\u00e9curit\u00e9 maximale.<\/strong><\/p>\n<p style=\"text-align:center\"><strong>Une fois ajout\u00e9 sur votre console, vous remarquerez que votre profil personnel retrouvera les autorisations Xbox Game Pass Ultimate pour pouvoir jouer en ligne et t\u00e9l\u00e9charger des jeux \u00e0 partir des diff\u00e9rents catalogues Game Pass, Live Gold et EA Play.<\/strong><\/p>\n<p style=\"text-align:center\"><strong>Il fonctionne sur 2 consoles en m\u00eame temps, vous pouvez facilement changer puis partager l'abonnement avec un ami \/ la famille.<\/strong><\/p>\n<p style=\"text-align:center\"><strong>Pour plus de d\u00e9tails, veuillez nous contacter \u00e0 <\/strong><a href=\"https:\/\/api.whatsapp.com\/send?phone=393888680074&amp;text=Hi!%20Can%20i%20have%20information%20about%20Game%20Pass%20Ultimate%20Alternative%20Key?\"><strong>+39 388 868 0074.<\/strong><\/a><\/p>\n<p style=\"text-align:center\"><strong>Les informations d'identification seront 100% les v\u00f4tres une fois livr\u00e9es, nous n'y aurons plus acc\u00e8s et vous pourrez faire ce que vous voulez.<\/strong><\/p>\n<p style=\"text-align:center\">Si vous recherchez strictement une cl\u00e9 et non une m\u00e9thode alternative de sauvegarde, visitez le site<\/p>\n<h3 style=\"text-align:center\"><a href=\"https:\/\/www.ramedigitalstore.com\/fr\/it\/prodotto\/xbox-game-pass-ultimate-1-year-key\/\"> <\/a><span style=\"color:#8f00ff\"><span style=\"vertical-align:inherit\"><a href=\"https:\/\/www.ramedigitalstore.com\/fr\/it\/prodotto\/xbox-game-pass-ultimate-1-year-key\/\"><strong>Cl\u00e9 Xbox Game Pass Ultimate 12 mois<\/strong><\/a><\/span><\/span><\/h3>\n<h3 style=\"text-align:center\"><span style=\"vertical-align:inherit\"><strong>Acheter Xbox Game Pass Ultimate : Bon march\u00e9 et s\u00e9curis\u00e9 avec Rame Digital <\/strong><\/span><\/h3>\n<p style=\"text-align:center\"><span style=\"vertical-align:inherit\">If you have decided to purchase Game Pass Ultimate, you can purchase the entire subscription on Rame Digital at advantageous conditions. Buyers benefit from the quality of service tested and enjoy an extremely simple and uncomplicated purchasing process. The desired subscription is not sent to the customer in bulky as a CD \/ DVD, consequently but only as an Account by mail. Therefore, the customer receives his goods immediately after the purchase and receipt of the money. To learn more, read:  terms and conditions and privacy\/policy  or  FAQ<\/span><\/p>\n<p style=\"text-align:center\"><span style=\"vertical-align:inherit\">Avec Rame Digital, en revanche, l'assistance est toujours gratuite.<\/span><\/p>\n<h3 class=\"text-center\" style=\"text-align:center\"><span style=\"vertical-align:inherit\">Quel que soit l'appareil que vous utilisez, avec Xbox Game Pass Ultimate.<\/span><\/h3>\n<ul class=\"list list-withIcons\" style=\"text-align:center\">\n<li><img decoding=\"async\" src=\"https:\/\/static3.avast.com\/20001227\/web\/i\/v2\/components\/win.svg\" alt=\"\">Windows 10 (NE PAS CHANGER DE PROFIL, EA Play ne fonctionnera pas sur votre profil).\n<p>Fonctionne sur toutes les Xbox (NE PAS CHANGER DE PROFIL)<\/li>\n<\/ul>\n<h2 class=\"text-center\"><\/h2>\n<h3 class=\"text-center\" style=\"text-align:center\"><span style=\"vertical-align:inherit\"><strong>Livraison rapide, maximum 6 heures par e-mail.<\/strong><\/span><\/h3>\n<p style=\"text-align:center\"><strong>Un compte sera fourni qui aura la m\u00eame fonction que la cl\u00e9. La proc\u00e9dure d'activation sera fournie par e-mail.<\/strong><\/p>\n<p style=\"text-align:center\"><span style=\"vertical-align:inherit\">Suivez-nous sur <\/span><span style=\"vertical-align:inherit\"><a href=\"https:\/\/www.facebook.com\/RameDigitalOfficial\/\">Facebook<\/a><\/span><\/p>","protected":false},"excerpt":{"rendered":"<h5 style=\"text-align: center;\"><span style=\"color: #ff0000;\"><em><span style=\"vertical-align: inherit;\">Ne manquez pas cette offre ! Elle ne sera pas \u00e9ternelle !<\/span><\/em><\/span><\/h5>\n<div class=\"hd-listinghead\" style=\"font-size: 19pt; font-family: Arial; text-align: center;\"><strong><span style=\"color: #8f00ff;\"><span style=\"vertical-align: inherit;\">Renouvelez votre abonnement aujourd'hui !<\/span><\/span><\/strong><\/div>\n<div><\/div>\n<p style=\"text-align: center;\"><strong>\u2713 Jouez toujours avec votre profil<span style=\"vertical-align: inherit;\">\u00a0!<\/span><\/strong><br \/>\n<strong>\u2713 <\/strong>Partageable<br \/>\n<strong>\u2713 <\/strong>S\u00e9curit\u00e9 maximale<br \/>\n<span style=\"vertical-align: inherit;\"> <strong>\u2713 <\/strong>Pas de comptes partag\u00e9s<\/span><br \/>\n<span style=\"vertical-align: inherit;\"><strong>\u2713 <\/strong><\/span>Livraison par e-mail dans un d\u00e9lai maximum de 6 heures<br \/>\n<span style=\"vertical-align: inherit;\"><strong>\u2713 Ne peut \u00eatre activ\u00e9 qu'avec un abonnement Utimate expirant\/expir\u00e9.<\/strong><\/span><\/p>\n<p>&nbsp;<\/p>\n<p><img decoding=\"async\" class=\"aligncenter wp-image-2400\" src=\"https:\/\/www.ramedigitalstore.com\/wp-content\/uploads\/2022\/03\/trustpilot-stars-1024x140.png\" alt=\"\" width=\"600\" height=\"82\" srcset=\"https:\/\/www.ramedigitalstore.com\/wp-content\/uploads\/2022\/03\/trustpilot-stars-1024x140.png 1024w, https:\/\/www.ramedigitalstore.com\/wp-content\/uploads\/2022\/03\/trustpilot-stars-500x68.png 500w, https:\/\/www.ramedigitalstore.com\/wp-content\/uploads\/2022\/03\/trustpilot-stars-700x96.png 700w, https:\/\/www.ramedigitalstore.com\/wp-content\/uploads\/2022\/03\/trustpilot-stars-300x41.png 300w, https:\/\/www.ramedigitalstore.com\/wp-content\/uploads\/2022\/03\/trustpilot-stars-768x105.png 768w, https:\/\/www.ramedigitalstore.com\/wp-content\/uploads\/2022\/03\/trustpilot-stars-1536x210.png 1536w, https:\/\/www.ramedigitalstore.com\/wp-content\/uploads\/2022\/03\/trustpilot-stars-260x35.png 260w, https:\/\/www.ramedigitalstore.com\/wp-content\/uploads\/2022\/03\/trustpilot-stars-50x7.png 50w, https:\/\/www.ramedigitalstore.com\/wp-content\/uploads\/2022\/03\/trustpilot-stars-150x20.png 150w, https:\/\/www.ramedigitalstore.com\/wp-content\/uploads\/2022\/03\/trustpilot-stars-1320x180.png 1320w, https:\/\/www.ramedigitalstore.com\/wp-content\/uploads\/2022\/03\/trustpilot-stars-800x109.png 800w, https:\/\/www.ramedigitalstore.com\/wp-content\/uploads\/2022\/03\/trustpilot-stars.png 2000w\" sizes=\"(max-width: 600px) 100vw, 600px\" \/><\/p>\n<p><img fetchpriority=\"high\" decoding=\"async\" class=\"wp-image-2401 size-full aligncenter\" src=\"https:\/\/www.ramedigitalstore.com\/wp-content\/uploads\/2022\/03\/payment2.jpg\" alt=\"\" width=\"1020\" height=\"267\" srcset=\"https:\/\/www.ramedigitalstore.com\/wp-content\/uploads\/2022\/03\/payment2.jpg 1020w, https:\/\/www.ramedigitalstore.com\/wp-content\/uploads\/2022\/03\/payment2-500x131.jpg 500w, https:\/\/www.ramedigitalstore.com\/wp-content\/uploads\/2022\/03\/payment2-700x183.jpg 700w, https:\/\/www.ramedigitalstore.com\/wp-content\/uploads\/2022\/03\/payment2-300x79.jpg 300w, https:\/\/www.ramedigitalstore.com\/wp-content\/uploads\/2022\/03\/payment2-768x201.jpg 768w, https:\/\/www.ramedigitalstore.com\/wp-content\/uploads\/2022\/03\/payment2-260x68.jpg 260w, https:\/\/www.ramedigitalstore.com\/wp-content\/uploads\/2022\/03\/payment2-50x13.jpg 50w, https:\/\/www.ramedigitalstore.com\/wp-content\/uploads\/2022\/03\/payment2-150x39.jpg 150w, https:\/\/www.ramedigitalstore.com\/wp-content\/uploads\/2022\/03\/payment2-800x209.jpg 800w\" sizes=\"(max-width: 1020px) 100vw, 1020px\" \/><\/p>","protected":false},"featured_media":6869,"template":"","meta":[],"product_brand":[],"product_cat":[107],"product_tag":[],"class_list":{"0":"post-6867","1":"product","2":"type-product","3":"status-publish","4":"has-post-thumbnail","6":"product_cat-xbox-game-pass-ultimate","8":"first","9":"outofstock","10":"sale","11":"virtual","12":"sold-individually","13":"purchasable","14":"product-type-simple"},"yoast_head":"<!-- This site is optimized with the Yoast SEO Premium plugin v21.9 (Yoast SEO v27.5) - https:\/\/yoast.com\/product\/yoast-seo-premium-wordpress\/ -->\n<title>Xbox Game Pass Ultimate 15 Months - GLOBAL - Promo<\/title>\n<meta name=\"robots\" content=\"index, follow, max-snippet:-1, max-image-preview:large, max-video-preview:-1\" \/>\n<link rel=\"canonical\" href=\"https:\/\/www.ramedigitalstore.com\/fr\/prodotto\/xbox-game-pass-ultimate-15-mois-2-mois-global\/\" \/>\n<meta property=\"og:locale\" content=\"fr_FR\" \/>\n<meta property=\"og:type\" content=\"article\" \/>\n<meta property=\"og:title\" content=\"Xbox Game Pass Ultimate 15 Months - GLOBAL\" \/>\n<meta property=\"og:description\" content=\"Don&#039;t miss this offer! It won&#039;t be around forever! Renew your subscription today!  \u2713 Always play with your profile\u00a0! \u2713 Shareable \u2713 Maximum security  \u2713 No shared accounts \u2713 Delivery by email in up to 6hours \u2713 Can only be activated with expiring\/expired Utimate subscription. &nbsp;\" \/>\n<meta property=\"og:url\" content=\"https:\/\/www.ramedigitalstore.com\/fr\/prodotto\/xbox-game-pass-ultimate-15-mois-2-mois-global\/\" \/>\n<meta property=\"og:site_name\" content=\"Rame Digital\" \/>\n<meta property=\"article:publisher\" content=\"https:\/\/www.facebook.com\/RameDigitalOfficial\" \/>\n<meta property=\"article:modified_time\" content=\"2025-11-30T16:06:33+00:00\" \/>\n<meta property=\"og:image\" content=\"https:\/\/www.ramedigitalstore.com\/wp-content\/uploads\/2024\/02\/17-mesi-1.png\" \/>\n\t<meta property=\"og:image:width\" content=\"1600\" \/>\n\t<meta property=\"og:image:height\" content=\"1600\" \/>\n\t<meta property=\"og:image:type\" content=\"image\/png\" \/>\n<meta name=\"twitter:card\" content=\"summary_large_image\" \/>\n<meta name=\"twitter:label1\" content=\"Dur\u00e9e de lecture estim\u00e9e\" \/>\n\t<meta name=\"twitter:data1\" content=\"2 minutes\" \/>\n<script type=\"application\/ld+json\" class=\"yoast-schema-graph\">{\"@context\":\"https:\\\/\\\/schema.org\",\"@graph\":[{\"@type\":\"WebPage\",\"@id\":\"https:\\\/\\\/www.ramedigitalstore.com\\\/prodotto\\\/xbox-game-pass-ultimate-17-months-global\\\/\",\"url\":\"https:\\\/\\\/www.ramedigitalstore.com\\\/prodotto\\\/xbox-game-pass-ultimate-17-months-global\\\/\",\"name\":\"Xbox Game Pass Ultimate 15 Months - GLOBAL - Promo\",\"isPartOf\":{\"@id\":\"https:\\\/\\\/www.ramedigitalstore.com\\\/#website\"},\"primaryImageOfPage\":{\"@id\":\"https:\\\/\\\/www.ramedigitalstore.com\\\/prodotto\\\/xbox-game-pass-ultimate-17-months-global\\\/#primaryimage\"},\"image\":{\"@id\":\"https:\\\/\\\/www.ramedigitalstore.com\\\/prodotto\\\/xbox-game-pass-ultimate-17-months-global\\\/#primaryimage\"},\"thumbnailUrl\":\"https:\\\/\\\/www.ramedigitalstore.com\\\/wp-content\\\/uploads\\\/2024\\\/02\\\/17-mesi-1.png\",\"datePublished\":\"2024-02-13T10:12:19+00:00\",\"dateModified\":\"2025-11-30T16:06:33+00:00\",\"breadcrumb\":{\"@id\":\"https:\\\/\\\/www.ramedigitalstore.com\\\/prodotto\\\/xbox-game-pass-ultimate-17-months-global\\\/#breadcrumb\"},\"inLanguage\":\"fr-FR\",\"potentialAction\":[{\"@type\":\"ReadAction\",\"target\":[\"https:\\\/\\\/www.ramedigitalstore.com\\\/prodotto\\\/xbox-game-pass-ultimate-17-months-global\\\/\"]}]},{\"@type\":\"ImageObject\",\"inLanguage\":\"fr-FR\",\"@id\":\"https:\\\/\\\/www.ramedigitalstore.com\\\/prodotto\\\/xbox-game-pass-ultimate-17-months-global\\\/#primaryimage\",\"url\":\"https:\\\/\\\/www.ramedigitalstore.com\\\/wp-content\\\/uploads\\\/2024\\\/02\\\/17-mesi-1.png\",\"contentUrl\":\"https:\\\/\\\/www.ramedigitalstore.com\\\/wp-content\\\/uploads\\\/2024\\\/02\\\/17-mesi-1.png\",\"width\":1600,\"height\":1600},{\"@type\":\"BreadcrumbList\",\"@id\":\"https:\\\/\\\/www.ramedigitalstore.com\\\/prodotto\\\/xbox-game-pass-ultimate-17-months-global\\\/#breadcrumb\",\"itemListElement\":[{\"@type\":\"ListItem\",\"position\":1,\"name\":\"Home\",\"item\":\"https:\\\/\\\/www.ramedigitalstore.com\\\/\"},{\"@type\":\"ListItem\",\"position\":2,\"name\":\"Shop\",\"item\":\"https:\\\/\\\/www.ramedigitalstore.com\\\/shop\\\/\"},{\"@type\":\"ListItem\",\"position\":3,\"name\":\"Xbox Game Pass Ultimate 15 Months &#8211; GLOBAL\"}]},{\"@type\":\"WebSite\",\"@id\":\"https:\\\/\\\/www.ramedigitalstore.com\\\/#website\",\"url\":\"https:\\\/\\\/www.ramedigitalstore.com\\\/\",\"name\":\"Rame Digital\",\"description\":\"Digital store par excellence\",\"publisher\":{\"@id\":\"https:\\\/\\\/www.ramedigitalstore.com\\\/#organization\"},\"potentialAction\":[{\"@type\":\"SearchAction\",\"target\":{\"@type\":\"EntryPoint\",\"urlTemplate\":\"https:\\\/\\\/www.ramedigitalstore.com\\\/?s={search_term_string}\"},\"query-input\":{\"@type\":\"PropertyValueSpecification\",\"valueRequired\":true,\"valueName\":\"search_term_string\"}}],\"inLanguage\":\"fr-FR\"},{\"@type\":\"Organization\",\"@id\":\"https:\\\/\\\/www.ramedigitalstore.com\\\/#organization\",\"name\":\"Rame Digital\",\"url\":\"https:\\\/\\\/www.ramedigitalstore.com\\\/\",\"logo\":{\"@type\":\"ImageObject\",\"inLanguage\":\"fr-FR\",\"@id\":\"https:\\\/\\\/www.ramedigitalstore.com\\\/#\\\/schema\\\/logo\\\/image\\\/\",\"url\":\"https:\\\/\\\/www.ramedigitalstore.com\\\/wp-content\\\/uploads\\\/2021\\\/04\\\/Logo-new-quadrato-1-e1619205976915.png\",\"contentUrl\":\"https:\\\/\\\/www.ramedigitalstore.com\\\/wp-content\\\/uploads\\\/2021\\\/04\\\/Logo-new-quadrato-1-e1619205976915.png\",\"width\":256,\"height\":256,\"caption\":\"Rame Digital\"},\"image\":{\"@id\":\"https:\\\/\\\/www.ramedigitalstore.com\\\/#\\\/schema\\\/logo\\\/image\\\/\"},\"sameAs\":[\"https:\\\/\\\/www.facebook.com\\\/RameDigitalOfficial\",\"https:\\\/\\\/www.instagram.com\\\/rame_digital_official\\\/\"]}]}<\/script>\n<!-- \/ Yoast SEO Premium plugin. -->","yoast_head_json":{"title":"Xbox Game Pass Ultimate 15 mois - GLOBAL - Promo","robots":{"index":"index","follow":"follow","max-snippet":"max-snippet:-1","max-image-preview":"max-image-preview:large","max-video-preview":"max-video-preview:-1"},"canonical":"https:\/\/www.ramedigitalstore.com\/fr\/prodotto\/xbox-game-pass-ultimate-15-mois-2-mois-global\/","og_locale":"fr_FR","og_type":"article","og_title":"Xbox Game Pass Ultimate 15 Months - GLOBAL","og_description":"Don't miss this offer! It won't be around forever! Renew your subscription today!  \u2713 Always play with your profile\u00a0! \u2713 Shareable \u2713 Maximum security  \u2713 No shared accounts \u2713 Delivery by email in up to 6hours \u2713 Can only be activated with expiring\/expired Utimate subscription. &nbsp;","og_url":"https:\/\/www.ramedigitalstore.com\/fr\/prodotto\/xbox-game-pass-ultimate-15-mois-2-mois-global\/","og_site_name":"Rame Digital","article_publisher":"https:\/\/www.facebook.com\/RameDigitalOfficial","article_modified_time":"2025-11-30T16:06:33+00:00","og_image":[{"width":1600,"height":1600,"url":"https:\/\/www.ramedigitalstore.com\/wp-content\/uploads\/2024\/02\/17-mesi-1.png","type":"image\/png"}],"twitter_card":"summary_large_image","twitter_misc":{"Dur\u00e9e de lecture estim\u00e9e":"2 minutes"},"schema":{"@context":"https:\/\/schema.org","@graph":[{"@type":"WebPage","@id":"https:\/\/www.ramedigitalstore.com\/prodotto\/xbox-game-pass-ultimate-17-months-global\/","url":"https:\/\/www.ramedigitalstore.com\/prodotto\/xbox-game-pass-ultimate-17-months-global\/","name":"Xbox Game Pass Ultimate 15 mois - GLOBAL - Promo","isPartOf":{"@id":"https:\/\/www.ramedigitalstore.com\/#website"},"primaryImageOfPage":{"@id":"https:\/\/www.ramedigitalstore.com\/prodotto\/xbox-game-pass-ultimate-17-months-global\/#primaryimage"},"image":{"@id":"https:\/\/www.ramedigitalstore.com\/prodotto\/xbox-game-pass-ultimate-17-months-global\/#primaryimage"},"thumbnailUrl":"https:\/\/www.ramedigitalstore.com\/wp-content\/uploads\/2024\/02\/17-mesi-1.png","datePublished":"2024-02-13T10:12:19+00:00","dateModified":"2025-11-30T16:06:33+00:00","breadcrumb":{"@id":"https:\/\/www.ramedigitalstore.com\/prodotto\/xbox-game-pass-ultimate-17-months-global\/#breadcrumb"},"inLanguage":"fr-FR","potentialAction":[{"@type":"ReadAction","target":["https:\/\/www.ramedigitalstore.com\/prodotto\/xbox-game-pass-ultimate-17-months-global\/"]}]},{"@type":"ImageObject","inLanguage":"fr-FR","@id":"https:\/\/www.ramedigitalstore.com\/prodotto\/xbox-game-pass-ultimate-17-months-global\/#primaryimage","url":"https:\/\/www.ramedigitalstore.com\/wp-content\/uploads\/2024\/02\/17-mesi-1.png","contentUrl":"https:\/\/www.ramedigitalstore.com\/wp-content\/uploads\/2024\/02\/17-mesi-1.png","width":1600,"height":1600},{"@type":"BreadcrumbList","@id":"https:\/\/www.ramedigitalstore.com\/prodotto\/xbox-game-pass-ultimate-17-months-global\/#breadcrumb","itemListElement":[{"@type":"ListItem","position":1,"name":"Home","item":"https:\/\/www.ramedigitalstore.com\/"},{"@type":"ListItem","position":2,"name":"Shop","item":"https:\/\/www.ramedigitalstore.com\/shop\/"},{"@type":"ListItem","position":3,"name":"Xbox Game Pass Ultimate 15 Months &#8211; GLOBAL"}]},{"@type":"WebSite","@id":"https:\/\/www.ramedigitalstore.com\/#website","url":"https:\/\/www.ramedigitalstore.com\/","name":"Rame Digital","description":"Magasin num\u00e9rique par excellence","publisher":{"@id":"https:\/\/www.ramedigitalstore.com\/#organization"},"potentialAction":[{"@type":"SearchAction","target":{"@type":"EntryPoint","urlTemplate":"https:\/\/www.ramedigitalstore.com\/?s={search_term_string}"},"query-input":{"@type":"PropertyValueSpecification","valueRequired":true,"valueName":"search_term_string"}}],"inLanguage":"fr-FR"},{"@type":"Organization","@id":"https:\/\/www.ramedigitalstore.com\/#organization","name":"Rame Digital","url":"https:\/\/www.ramedigitalstore.com\/","logo":{"@type":"ImageObject","inLanguage":"fr-FR","@id":"https:\/\/www.ramedigitalstore.com\/#\/schema\/logo\/image\/","url":"https:\/\/www.ramedigitalstore.com\/wp-content\/uploads\/2021\/04\/Logo-new-quadrato-1-e1619205976915.png","contentUrl":"https:\/\/www.ramedigitalstore.com\/wp-content\/uploads\/2021\/04\/Logo-new-quadrato-1-e1619205976915.png","width":256,"height":256,"caption":"Rame Digital"},"image":{"@id":"https:\/\/www.ramedigitalstore.com\/#\/schema\/logo\/image\/"},"sameAs":["https:\/\/www.facebook.com\/RameDigitalOfficial","https:\/\/www.instagram.com\/rame_digital_official\/"]}]}},"jetpack_sharing_enabled":true,"_links":{"self":[{"href":"https:\/\/www.ramedigitalstore.com\/fr\/wp-json\/wp\/v2\/product\/6867","targetHints":{"allow":["GET"]}}],"collection":[{"href":"https:\/\/www.ramedigitalstore.com\/fr\/wp-json\/wp\/v2\/product"}],"about":[{"href":"https:\/\/www.ramedigitalstore.com\/fr\/wp-json\/wp\/v2\/types\/product"}],"version-history":[{"count":2,"href":"https:\/\/www.ramedigitalstore.com\/fr\/wp-json\/wp\/v2\/product\/6867\/revisions"}],"predecessor-version":[{"id":7101,"href":"https:\/\/www.ramedigitalstore.com\/fr\/wp-json\/wp\/v2\/product\/6867\/revisions\/7101"}],"wp:featuredmedia":[{"embeddable":true,"href":"https:\/\/www.ramedigitalstore.com\/fr\/wp-json\/wp\/v2\/media\/6869"}],"wp:attachment":[{"href":"https:\/\/www.ramedigitalstore.com\/fr\/wp-json\/wp\/v2\/media?parent=6867"}],"wp:term":[{"taxonomy":"product_brand","embeddable":true,"href":"https:\/\/www.ramedigitalstore.com\/fr\/wp-json\/wp\/v2\/product_brand?post=6867"},{"taxonomy":"product_cat","embeddable":true,"href":"https:\/\/www.ramedigitalstore.com\/fr\/wp-json\/wp\/v2\/product_cat?post=6867"},{"taxonomy":"product_tag","embeddable":true,"href":"https:\/\/www.ramedigitalstore.com\/fr\/wp-json\/wp\/v2\/product_tag?post=6867"}],"curies":[{"name":"wp","href":"https:\/\/api.w.org\/{rel}","templated":true}]}}