{"id":12,"date":"2022-03-14T15:45:48","date_gmt":"2022-03-14T15:45:48","guid":{"rendered":"https:\/\/themes.muffingroup.com\/betheme-store_el\/?page_id=12"},"modified":"2022-03-14T16:05:17","modified_gmt":"2022-03-14T16:05:17","slug":"refund_returns","status":"publish","type":"page","link":"https:\/\/www.ramedigitalstore.com\/hu\/refund_returns-2\/","title":{"rendered":"Visszat\u00e9r\u00edt\u00e9si \u00e9s visszat\u00e9r\u00edt\u00e9si politika"},"content":{"rendered":"<div data-elementor-type=\"wp-page\" data-elementor-id=\"12\" class=\"elementor elementor-12\" data-elementor-post-type=\"page\">\n\t\t\t\t\t\t<section data-particle_enable=\"false\" data-particle-mobile-disabled=\"false\" class=\"elementor-section elementor-top-section elementor-element elementor-element-36291e2 elementor-section-boxed elementor-section-height-default elementor-section-height-default\" data-id=\"36291e2\" data-element_type=\"section\" data-e-type=\"section\">\n\t\t\t\t\t\t<div class=\"elementor-container elementor-column-gap-default\">\n\t\t\t\t\t<div class=\"elementor-column elementor-col-100 elementor-top-column elementor-element elementor-element-cae8120\" data-id=\"cae8120\" data-element_type=\"column\" data-e-type=\"column\">\n\t\t\t<div class=\"elementor-widget-wrap elementor-element-populated\">\n\t\t\t\t\t\t<div class=\"elementor-element elementor-element-97e76a5 elementor-widget elementor-widget-spacer\" data-id=\"97e76a5\" data-element_type=\"widget\" data-e-type=\"widget\" data-widget_type=\"spacer.default\">\n\t\t\t\t<div class=\"elementor-widget-container\">\n\t\t\t\t\t\t\t<div class=\"elementor-spacer\">\n\t\t\t<div class=\"elementor-spacer-inner\"><\/div>\n\t\t<\/div>\n\t\t\t\t\t\t<\/div>\n\t\t\t\t<\/div>\n\t\t\t\t<div class=\"elementor-element elementor-element-1910ddf elementor-widget elementor-widget-heading\" data-id=\"1910ddf\" data-element_type=\"widget\" data-e-type=\"widget\" data-widget_type=\"heading.default\">\n\t\t\t\t<div class=\"elementor-widget-container\">\n\t\t\t\t\t<h2 class=\"elementor-heading-title elementor-size-default\">Visszat\u00e9r\u00edt\u00e9si \u00e9s visszat\u00e9r\u00edt\u00e9si politika<\/h2>\t\t\t\t<\/div>\n\t\t\t\t<\/div>\n\t\t\t\t<div class=\"elementor-element elementor-element-7350b11 elementor-widget elementor-widget-spacer\" data-id=\"7350b11\" data-element_type=\"widget\" data-e-type=\"widget\" data-widget_type=\"spacer.default\">\n\t\t\t\t<div class=\"elementor-widget-container\">\n\t\t\t\t\t\t\t<div class=\"elementor-spacer\">\n\t\t\t<div class=\"elementor-spacer-inner\"><\/div>\n\t\t<\/div>\n\t\t\t\t\t\t<\/div>\n\t\t\t\t<\/div>\n\t\t\t\t\t<\/div>\n\t\t<\/div>\n\t\t\t\t\t<\/div>\n\t\t<\/section>\n\t\t\t\t<section data-particle_enable=\"false\" data-particle-mobile-disabled=\"false\" class=\"elementor-section elementor-top-section elementor-element elementor-element-106fb218 elementor-section-boxed elementor-section-height-default elementor-section-height-default\" data-id=\"106fb218\" data-element_type=\"section\" data-e-type=\"section\">\n\t\t\t\t\t\t<div class=\"elementor-container elementor-column-gap-default\">\n\t\t\t\t\t<div class=\"elementor-column elementor-col-100 elementor-top-column elementor-element elementor-element-546a8818\" data-id=\"546a8818\" data-element_type=\"column\" data-e-type=\"column\">\n\t\t\t<div class=\"elementor-widget-wrap elementor-element-populated\">\n\t\t\t\t\t\t<div class=\"elementor-element elementor-element-466425ec elementor-widget elementor-widget-text-editor\" data-id=\"466425ec\" data-element_type=\"widget\" data-e-type=\"widget\" data-widget_type=\"text-editor.default\">\n\t\t\t\t<div class=\"elementor-widget-container\">\n\t\t\t\t\t\t\t\t\t<p><\/p>\n<p><\/p>\n<h3>\u00c1ttekint\u00e9s<\/h3>\n<p><\/p>\n<p>Visszat\u00e9r\u00edt\u00e9si \u00e9s visszat\u00e9r\u00edt\u00e9si szab\u00e1lyzatunk 30 napig tart. Ha a v\u00e1s\u00e1rl\u00e1s \u00f3ta eltelt 30 nap, nem tudjuk teljes visszat\u00e9r\u00edt\u00e9st vagy cser\u00e9t aj\u00e1nlani.<\/p>\n<p><\/p>\n<p>A visszak\u00fcld\u00e9shez a term\u00e9knek haszn\u00e1laton k\u00edv\u00fclinek \u00e9s ugyanolyan \u00e1llapotban kell lennie, mint ahogyan azt megkapta. A term\u00e9knek az eredeti csomagol\u00e1sban kell lennie.<\/p>\n<p><\/p>\n<p>Sz\u00e1mos \u00e1rut\u00edpus mentes\u00fcl a visszak\u00fcld\u00e9s al\u00f3l. Az olyan romland\u00f3 \u00e1ruk, mint az \u00e9lelmiszerek, vir\u00e1gok, \u00fajs\u00e1gok vagy magazinok nem k\u00fcldhet\u0151k vissza. Nem fogadunk el olyan term\u00e9keket sem, amelyek intim vagy eg\u00e9szs\u00e9g\u00fcgyi term\u00e9kek, vesz\u00e9lyes anyagok vagy gy\u00fal\u00e9kony folyad\u00e9kok vagy g\u00e1zok.<\/p>\n<p><\/p>\n<p>Tov\u00e1bbi nem visszav\u00e1lthat\u00f3 t\u00e9telek:<\/p>\n<p><\/p>\n<ul class=\"wp-block-list\">\n<li>Aj\u00e1nd\u00e9kk\u00e1rty\u00e1k<\/li>\n<li>Let\u00f6lthet\u0151 szoftverterm\u00e9kek<\/li>\n<li>N\u00e9h\u00e1ny eg\u00e9szs\u00e9g\u00fcgyi \u00e9s test\u00e1pol\u00e1si cikk<\/li>\n<li>Kulcs vagy sz\u00e1mla form\u00e1j\u00e1ban l\u00e9v\u0151 term\u00e9kek&nbsp;<br><\/li>\n<\/ul>\n<p><\/p>\n<p>A visszak\u00fcld\u00e9s befejez\u00e9s\u00e9hez sz\u00fcks\u00e9g\u00fcnk van a v\u00e1s\u00e1rl\u00e1st igazol\u00f3 nyugt\u00e1ra vagy bizonylatra.<\/p>\n<p><\/p>\n<p>K\u00e9rj\u00fck, ne k\u00fcldje vissza a v\u00e1s\u00e1rl\u00e1st a gy\u00e1rt\u00f3nak.<\/p>\n<p><\/p>\n<p>Vannak bizonyos helyzetek, amikor csak r\u00e9szleges visszat\u00e9r\u00edt\u00e9sre ker\u00fcl sor:<\/p>\n<p><\/p>\n<ul class=\"wp-block-list\">\n<li>Nyilv\u00e1nval\u00f3 haszn\u00e1lati nyomokkal rendelkez\u0151 k\u00f6nyv<\/li>\n<li>CD, DVD, VHS-szalag, szoftver, videoj\u00e1t\u00e9k, kazetta vagy bakelitlemez, amelyet felbontottak.<\/li>\n<li>B\u00e1rmely olyan term\u00e9k, amely nem az eredeti \u00e1llapot\u00e1ban van, s\u00e9r\u00fclt vagy hi\u00e1nyzik bel\u0151le olyan okb\u00f3l, amely nem a mi hib\u00e1nkb\u00f3l ered.<\/li>\n<li>B\u00e1rmely olyan term\u00e9k, amelyet a sz\u00e1ll\u00edt\u00e1st\u00f3l sz\u00e1m\u00edtott 30 napn\u00e1l hosszabb id\u0151n bel\u00fcl visszak\u00fcldenek.<\/li>\n<\/ul>\n<p><\/p>\n<h2>Visszat\u00e9r\u00edt\u00e9sek<\/h2>\n<p><\/p>\n<p>Miut\u00e1n a visszak\u00fcld\u00f6tt term\u00e9ket megkaptuk \u00e9s megvizsg\u00e1ltuk, k\u00fcld\u00fcnk \u00d6nnek egy e-mailt, amelyben \u00e9rtes\u00edtj\u00fck, hogy megkaptuk a visszak\u00fcld\u00f6tt term\u00e9ket. A visszat\u00e9r\u00edt\u00e9s j\u00f3v\u00e1hagy\u00e1s\u00e1r\u00f3l vagy elutas\u00edt\u00e1s\u00e1r\u00f3l is \u00e9rtes\u00edtj\u00fck \u00d6nt.<\/p>\n<p><\/p>\n<p>Ha j\u00f3v\u00e1hagyj\u00e1k, akkor a visszat\u00e9r\u00edt\u00e9st feldolgozzuk, \u00e9s egy bizonyos sz\u00e1m\u00fa napon bel\u00fcl automatikusan j\u00f3v\u00e1\u00edrjuk az \u00d6n hitelk\u00e1rty\u00e1j\u00e1n vagy eredeti fizet\u00e9si m\u00f3dj\u00e1n.<\/p>\n<p><\/p>\n<p><b>K\u00e9sedelmes vagy hi\u00e1nyz\u00f3 visszat\u00e9r\u00edt\u00e9sek<\/b><\/p>\n<p><\/p>\n<p>Ha m\u00e9g nem kapott visszat\u00e9r\u00edt\u00e9st, el\u0151sz\u00f6r ellen\u0151rizze \u00fajra a banksz\u00e1ml\u00e1j\u00e1t.<\/p>\n<p><\/p>\n<p>Ezut\u00e1n l\u00e9pjen kapcsolatba a hitelk\u00e1rtya-t\u00e1rsas\u00e1ggal, mert eltarthat egy ideig, am\u00edg a visszat\u00e9r\u00edt\u00e9st hivatalosan is elk\u00fcldik.<\/p>\n<p><\/p>\n<p>Ezut\u00e1n l\u00e9pjen kapcsolatba a bankj\u00e1val. A visszat\u00e9r\u00edt\u00e9s k\u00f6nyvel\u00e9se gyakran n\u00e9mi feldolgoz\u00e1si id\u0151t vesz ig\u00e9nybe.<\/p>\n<p><\/p>\n<p>Ha mindezt megtette, \u00e9s m\u00e9g mindig nem kapta meg a visszat\u00e9r\u00edt\u00e9st, k\u00e9rj\u00fck, l\u00e9pjen kapcsolatba vel\u00fcnk a info@ramedigitalstore.com e-mail c\u00edmen.<\/p>\n<p><\/p>\n<p><b>Elad\u00f3 t\u00e9telek<\/b><\/p>\n<p><\/p>\n<p>Csak a norm\u00e1l \u00e1r\u00fa t\u00e9telek t\u00e9r\u00edthet\u0151k vissza. Az akci\u00f3s t\u00e9telek nem t\u00e9r\u00edthet\u0151k vissza.<\/p>\n<p><\/p>\n<h2>Cser\u00e9k<\/h2>\n<p><\/p>\n<p>Csak akkor cser\u00e9lj\u00fck ki a term\u00e9keket, ha azok hib\u00e1sak vagy s\u00e9r\u00fcltek. Ha ugyanarra a term\u00e9kre szeretn\u00e9 kicser\u00e9lni, k\u00fcldj\u00f6n nek\u00fcnk egy e-mailt a info@ramedigitalstore.com c\u00edmre, \u00e9s k\u00fcldje el a term\u00e9ket a k\u00f6vetkez\u0151 c\u00edmre: Via roma, Faloppio, 22020 Olaszorsz\u00e1g.<\/p>\n<p><\/p>\n<h2>Aj\u00e1nd\u00e9kok<\/h2>\n<p><\/p>\n<p>Ha a term\u00e9ket aj\u00e1nd\u00e9kk\u00e9nt jel\u00f6lt\u00e9k meg, amikor megv\u00e1s\u00e1rolta \u00e9s k\u00f6zvetlen\u00fcl \u00d6nnek k\u00fcldt\u00e9k, akkor a visszak\u00fcld\u00f6tt term\u00e9k \u00e9rt\u00e9k\u00e9nek megfelel\u0151 \u00f6sszeg\u0171 aj\u00e1nd\u00e9kj\u00f3v\u00e1\u00edr\u00e1st kap. Amint a visszak\u00fcld\u00f6tt term\u00e9k be\u00e9rkezik, az aj\u00e1nd\u00e9kutalv\u00e1nyt post\u00e1zzuk \u00d6nnek.<\/p>\n<p><\/p>\n<p>Ha a term\u00e9ket v\u00e1s\u00e1rl\u00e1skor nem jel\u00f6lt\u00e9k meg aj\u00e1nd\u00e9kk\u00e9nt, vagy az aj\u00e1nd\u00e9koz\u00f3 saj\u00e1t mag\u00e1nak k\u00fcldte a rendel\u00e9st, hogy k\u00e9s\u0151bb \u00e1tadja \u00d6nnek, akkor visszat\u00e9r\u00edt\u00e9st k\u00fcld\u00fcnk az aj\u00e1nd\u00e9koz\u00f3nak, \u00e9s \u0151 \u00e9rtes\u00fcl az \u00d6n visszat\u00e9r\u00edt\u00e9s\u00e9r\u0151l.<\/p>\n<p><\/p>\n<h2>Sz\u00e1ll\u00edt\u00e1si visszat\u00e9r\u00edt\u00e9sek<\/h2>\n<p><\/p>\n<p>A term\u00e9k visszak\u00fcld\u00e9s\u00e9hez a term\u00e9ket a k\u00f6vetkez\u0151 c\u00edmre kell elk\u00fcldenie: info@ramedigitalstore.com.<\/p>\n<p><\/p>\n<p>A term\u00e9k visszak\u00fcld\u00e9s\u00e9nek sz\u00e1ll\u00edt\u00e1si k\u00f6lts\u00e9geit \u00d6n maga viseli. A sz\u00e1ll\u00edt\u00e1si k\u00f6lts\u00e9gek nem visszat\u00e9r\u00edthet\u0151k. Ha visszat\u00e9r\u00edt\u00e9st kap, a visszak\u00fcld\u00e9s k\u00f6lts\u00e9ge levon\u00e1sra ker\u00fcl a visszat\u00e9r\u00edt\u00e9sb\u0151l.<\/p>\n<p><\/p>\n<p>Att\u00f3l f\u00fcgg\u0151en, hogy hol \u00e9l, a kicser\u00e9lt term\u00e9k eljut\u00e1sa elt\u00e9r\u0151 id\u0151t vehet ig\u00e9nybe.<\/p>\n<p><\/p>\n<p>Ha dr\u00e1g\u00e1bb term\u00e9keket k\u00fcld vissza, fontolja meg, hogy nyomon k\u00f6vethet\u0151 sz\u00e1ll\u00edt\u00e1si szolg\u00e1ltat\u00e1st vesz ig\u00e9nybe, vagy sz\u00e1ll\u00edt\u00e1si biztos\u00edt\u00e1st k\u00f6t. Nem garant\u00e1ljuk, hogy megkapjuk a visszak\u00fcld\u00f6tt term\u00e9ket.<\/p>\n<p><\/p>\n<h2>Seg\u00edts\u00e9gre van sz\u00fcks\u00e9ge?<\/h2>\n<p><\/p>\n<p>A visszat\u00e9r\u00edt\u00e9ssel \u00e9s a visszak\u00fcld\u00e9ssel kapcsolatos k\u00e9rd\u00e9sekben forduljon hozz\u00e1nk a info@ramedigitalstore.com e-mail c\u00edmen.<\/p>\n<p><\/p>\t\t\t\t\t\t\t\t<\/div>\n\t\t\t\t<\/div>\n\t\t\t\t\t<\/div>\n\t\t<\/div>\n\t\t\t\t\t<\/div>\n\t\t<\/section>\n\t\t\t\t<\/div>","protected":false},"excerpt":{"rendered":"<p>Returns &#038; Refund Policy Overview Our refund and returns policy lasts 30 days. If 30 days have passed since your purchase, we can\u2019t offer you a full refund or exchange. To be eligible for a return, your item must be unused and in the same condition that you received it. It must also be in [&hellip;]<\/p>\n","protected":false},"author":1,"featured_media":0,"parent":0,"menu_order":0,"comment_status":"closed","ping_status":"closed","template":"","meta":{"footnotes":""},"class_list":["post-12","page","type-page","status-publish","hentry"],"yoast_head":"<!-- This site is optimized with the Yoast SEO Premium plugin v21.9 (Yoast SEO v27.5) - https:\/\/yoast.com\/product\/yoast-seo-premium-wordpress\/ -->\n<title>Refund and Returns Policy - Rame Digital<\/title>\n<meta name=\"robots\" content=\"index, follow, max-snippet:-1, max-image-preview:large, max-video-preview:-1\" \/>\n<link rel=\"canonical\" href=\"https:\/\/www.ramedigitalstore.com\/hu\/rimborso_restituzioni\/\" \/>\n<meta property=\"og:locale\" content=\"hu_HU\" \/>\n<meta property=\"og:type\" content=\"article\" \/>\n<meta property=\"og:title\" content=\"Refund and Returns Policy\" \/>\n<meta property=\"og:description\" content=\"Returns &#038; Refund Policy Overview Our refund and returns policy lasts 30 days. If 30 days have passed since your purchase, we can\u2019t offer you a full refund or exchange. To be eligible for a return, your item must be unused and in the same condition that you received it. It must also be in [&hellip;]\" \/>\n<meta property=\"og:url\" content=\"https:\/\/www.ramedigitalstore.com\/hu\/rimborso_restituzioni\/\" \/>\n<meta property=\"og:site_name\" content=\"Rame Digital\" \/>\n<meta property=\"article:publisher\" content=\"https:\/\/www.facebook.com\/RameDigitalOfficial\" \/>\n<meta property=\"article:modified_time\" content=\"2022-03-14T16:05:17+00:00\" \/>\n<meta name=\"twitter:card\" content=\"summary_large_image\" \/>\n<meta name=\"twitter:label1\" content=\"Becs\u00fclt olvas\u00e1si id\u0151\" \/>\n\t<meta name=\"twitter:data1\" content=\"3 perc\" \/>\n<script type=\"application\/ld+json\" class=\"yoast-schema-graph\">{\"@context\":\"https:\\\/\\\/schema.org\",\"@graph\":[{\"@type\":\"WebPage\",\"@id\":\"https:\\\/\\\/www.ramedigitalstore.com\\\/ita\\\/rimborso_restituzioni\\\/\",\"url\":\"https:\\\/\\\/www.ramedigitalstore.com\\\/ita\\\/rimborso_restituzioni\\\/\",\"name\":\"Refund and Returns Policy - Rame Digital\",\"isPartOf\":{\"@id\":\"https:\\\/\\\/www.ramedigitalstore.com\\\/#website\"},\"datePublished\":\"2022-03-14T15:45:48+00:00\",\"dateModified\":\"2022-03-14T16:05:17+00:00\",\"breadcrumb\":{\"@id\":\"https:\\\/\\\/www.ramedigitalstore.com\\\/ita\\\/rimborso_restituzioni\\\/#breadcrumb\"},\"inLanguage\":\"hu\",\"potentialAction\":[{\"@type\":\"ReadAction\",\"target\":[\"https:\\\/\\\/www.ramedigitalstore.com\\\/ita\\\/rimborso_restituzioni\\\/\"]}]},{\"@type\":\"BreadcrumbList\",\"@id\":\"https:\\\/\\\/www.ramedigitalstore.com\\\/ita\\\/rimborso_restituzioni\\\/#breadcrumb\",\"itemListElement\":[{\"@type\":\"ListItem\",\"position\":1,\"name\":\"Home\",\"item\":\"https:\\\/\\\/www.ramedigitalstore.com\\\/\"},{\"@type\":\"ListItem\",\"position\":2,\"name\":\"Refund and Returns Policy\"}]},{\"@type\":\"WebSite\",\"@id\":\"https:\\\/\\\/www.ramedigitalstore.com\\\/#website\",\"url\":\"https:\\\/\\\/www.ramedigitalstore.com\\\/\",\"name\":\"Rame Digital\",\"description\":\"Digital store par excellence\",\"publisher\":{\"@id\":\"https:\\\/\\\/www.ramedigitalstore.com\\\/#organization\"},\"potentialAction\":[{\"@type\":\"SearchAction\",\"target\":{\"@type\":\"EntryPoint\",\"urlTemplate\":\"https:\\\/\\\/www.ramedigitalstore.com\\\/?s={search_term_string}\"},\"query-input\":{\"@type\":\"PropertyValueSpecification\",\"valueRequired\":true,\"valueName\":\"search_term_string\"}}],\"inLanguage\":\"hu\"},{\"@type\":\"Organization\",\"@id\":\"https:\\\/\\\/www.ramedigitalstore.com\\\/#organization\",\"name\":\"Rame Digital\",\"url\":\"https:\\\/\\\/www.ramedigitalstore.com\\\/\",\"logo\":{\"@type\":\"ImageObject\",\"inLanguage\":\"hu\",\"@id\":\"https:\\\/\\\/www.ramedigitalstore.com\\\/#\\\/schema\\\/logo\\\/image\\\/\",\"url\":\"https:\\\/\\\/www.ramedigitalstore.com\\\/wp-content\\\/uploads\\\/2021\\\/04\\\/Logo-new-quadrato-1-e1619205976915.png\",\"contentUrl\":\"https:\\\/\\\/www.ramedigitalstore.com\\\/wp-content\\\/uploads\\\/2021\\\/04\\\/Logo-new-quadrato-1-e1619205976915.png\",\"width\":256,\"height\":256,\"caption\":\"Rame Digital\"},\"image\":{\"@id\":\"https:\\\/\\\/www.ramedigitalstore.com\\\/#\\\/schema\\\/logo\\\/image\\\/\"},\"sameAs\":[\"https:\\\/\\\/www.facebook.com\\\/RameDigitalOfficial\",\"https:\\\/\\\/www.instagram.com\\\/rame_digital_official\\\/\"]}]}<\/script>\n<!-- \/ Yoast SEO Premium plugin. -->","yoast_head_json":{"title":"Visszat\u00e9r\u00edt\u00e9si \u00e9s visszat\u00e9r\u00edt\u00e9si szab\u00e1lyzat - Rame Digital","robots":{"index":"index","follow":"follow","max-snippet":"max-snippet:-1","max-image-preview":"max-image-preview:large","max-video-preview":"max-video-preview:-1"},"canonical":"https:\/\/www.ramedigitalstore.com\/hu\/rimborso_restituzioni\/","og_locale":"hu_HU","og_type":"article","og_title":"Refund and Returns Policy","og_description":"Returns &#038; Refund Policy Overview Our refund and returns policy lasts 30 days. If 30 days have passed since your purchase, we can\u2019t offer you a full refund or exchange. To be eligible for a return, your item must be unused and in the same condition that you received it. It must also be in [&hellip;]","og_url":"https:\/\/www.ramedigitalstore.com\/hu\/rimborso_restituzioni\/","og_site_name":"Rame Digital","article_publisher":"https:\/\/www.facebook.com\/RameDigitalOfficial","article_modified_time":"2022-03-14T16:05:17+00:00","twitter_card":"summary_large_image","twitter_misc":{"Becs\u00fclt olvas\u00e1si id\u0151":"3 perc"},"schema":{"@context":"https:\/\/schema.org","@graph":[{"@type":"WebPage","@id":"https:\/\/www.ramedigitalstore.com\/ita\/rimborso_restituzioni\/","url":"https:\/\/www.ramedigitalstore.com\/ita\/rimborso_restituzioni\/","name":"Visszat\u00e9r\u00edt\u00e9si \u00e9s visszat\u00e9r\u00edt\u00e9si szab\u00e1lyzat - Rame Digital","isPartOf":{"@id":"https:\/\/www.ramedigitalstore.com\/#website"},"datePublished":"2022-03-14T15:45:48+00:00","dateModified":"2022-03-14T16:05:17+00:00","breadcrumb":{"@id":"https:\/\/www.ramedigitalstore.com\/ita\/rimborso_restituzioni\/#breadcrumb"},"inLanguage":"hu","potentialAction":[{"@type":"ReadAction","target":["https:\/\/www.ramedigitalstore.com\/ita\/rimborso_restituzioni\/"]}]},{"@type":"BreadcrumbList","@id":"https:\/\/www.ramedigitalstore.com\/ita\/rimborso_restituzioni\/#breadcrumb","itemListElement":[{"@type":"ListItem","position":1,"name":"Home","item":"https:\/\/www.ramedigitalstore.com\/"},{"@type":"ListItem","position":2,"name":"Refund and Returns Policy"}]},{"@type":"WebSite","@id":"https:\/\/www.ramedigitalstore.com\/#website","url":"https:\/\/www.ramedigitalstore.com\/","name":"Rame Digital","description":"Digit\u00e1lis \u00e1ruh\u00e1z par excellence","publisher":{"@id":"https:\/\/www.ramedigitalstore.com\/#organization"},"potentialAction":[{"@type":"SearchAction","target":{"@type":"EntryPoint","urlTemplate":"https:\/\/www.ramedigitalstore.com\/?s={search_term_string}"},"query-input":{"@type":"PropertyValueSpecification","valueRequired":true,"valueName":"search_term_string"}}],"inLanguage":"hu"},{"@type":"Organization","@id":"https:\/\/www.ramedigitalstore.com\/#organization","name":"Rame Digital","url":"https:\/\/www.ramedigitalstore.com\/","logo":{"@type":"ImageObject","inLanguage":"hu","@id":"https:\/\/www.ramedigitalstore.com\/#\/schema\/logo\/image\/","url":"https:\/\/www.ramedigitalstore.com\/wp-content\/uploads\/2021\/04\/Logo-new-quadrato-1-e1619205976915.png","contentUrl":"https:\/\/www.ramedigitalstore.com\/wp-content\/uploads\/2021\/04\/Logo-new-quadrato-1-e1619205976915.png","width":256,"height":256,"caption":"Rame Digital"},"image":{"@id":"https:\/\/www.ramedigitalstore.com\/#\/schema\/logo\/image\/"},"sameAs":["https:\/\/www.facebook.com\/RameDigitalOfficial","https:\/\/www.instagram.com\/rame_digital_official\/"]}]}},"jetpack_sharing_enabled":true,"_links":{"self":[{"href":"https:\/\/www.ramedigitalstore.com\/hu\/wp-json\/wp\/v2\/pages\/12","targetHints":{"allow":["GET"]}}],"collection":[{"href":"https:\/\/www.ramedigitalstore.com\/hu\/wp-json\/wp\/v2\/pages"}],"about":[{"href":"https:\/\/www.ramedigitalstore.com\/hu\/wp-json\/wp\/v2\/types\/page"}],"author":[{"embeddable":true,"href":"https:\/\/www.ramedigitalstore.com\/hu\/wp-json\/wp\/v2\/users\/1"}],"replies":[{"embeddable":true,"href":"https:\/\/www.ramedigitalstore.com\/hu\/wp-json\/wp\/v2\/comments?post=12"}],"version-history":[{"count":0,"href":"https:\/\/www.ramedigitalstore.com\/hu\/wp-json\/wp\/v2\/pages\/12\/revisions"}],"wp:attachment":[{"href":"https:\/\/www.ramedigitalstore.com\/hu\/wp-json\/wp\/v2\/media?parent=12"}],"curies":[{"name":"wp","href":"https:\/\/api.w.org\/{rel}","templated":true}]}}