{"id":2855,"date":"2022-03-24T14:45:51","date_gmt":"2022-03-24T14:45:51","guid":{"rendered":"https:\/\/www.ramedigitalstore.com\/disclaimer\/"},"modified":"2022-05-14T12:32:16","modified_gmt":"2022-05-14T12:32:16","slug":"disclaimer","status":"publish","type":"page","link":"https:\/\/www.ramedigitalstore.com\/hu\/nyilatkozat\/","title":{"rendered":"Felel\u0151ss\u00e9gi nyilatkozat"},"content":{"rendered":"<div data-elementor-type=\"wp-page\" data-elementor-id=\"2855\" class=\"elementor elementor-2855\" data-elementor-post-type=\"page\">\n\t\t\t\t\t\t<section data-particle_enable=\"false\" data-particle-mobile-disabled=\"false\" class=\"elementor-section elementor-top-section elementor-element elementor-element-8534492 elementor-section-boxed elementor-section-height-default elementor-section-height-default\" data-id=\"8534492\" data-element_type=\"section\" data-e-type=\"section\">\n\t\t\t\t\t\t<div class=\"elementor-container elementor-column-gap-default\">\n\t\t\t\t\t<div class=\"elementor-column elementor-col-100 elementor-top-column elementor-element elementor-element-32d8ca9\" data-id=\"32d8ca9\" data-element_type=\"column\" data-e-type=\"column\">\n\t\t\t<div class=\"elementor-widget-wrap elementor-element-populated\">\n\t\t\t\t\t\t<div class=\"elementor-element elementor-element-83bffeb elementor-widget elementor-widget-text-editor\" data-id=\"83bffeb\" data-element_type=\"widget\" data-e-type=\"widget\" data-widget_type=\"text-editor.default\">\n\t\t\t\t<div class=\"elementor-widget-container\">\n\t\t\t\t\t\t\t\t\t<p style=\"font-style: normal; font-variant-ligatures: normal; font-variant-caps: normal; font-weight: 400; font-size: 14px; font-family: Poppins, -apple-system, BlinkMacSystemFont, 'Segoe UI', Roboto, Oxygen-Sans, Ubuntu, Cantarell, 'Helvetica Neue', sans-serif;\">A Rame Digital elk\u00f6telezett a weboldal naprak\u00e9szen \u00e9s pontosan tart\u00e1sa mellett. Ha m\u00e9gis hib\u00e1s vagy elavult inform\u00e1ci\u00f3val tal\u00e1lkozna, \u00f6r\u00f6mmel venn\u00e9nk, ha ezt jelezn\u00e9 nek\u00fcnk. K\u00e9rj\u00fck, jelezze, hogy a weboldalon hol olvasta az inform\u00e1ci\u00f3t. Ezt k\u00f6vet\u0151en a lehet\u0151 leghamarabb ut\u00e1nan\u00e9z\u00fcnk. K\u00e9rj\u00fck, v\u00e1lasz\u00e1t e-mailben k\u00fcldje el a k\u00f6vetkez\u0151 c\u00edmre:\u00a0<span class=\"cmplz-obfuscate\">moc.erotslatigidemar@ofni<\/span>.<\/p><p style=\"font-style: normal; font-variant-ligatures: normal; font-variant-caps: normal; font-weight: 400; font-size: 14px; font-family: Poppins, -apple-system, BlinkMacSystemFont, 'Segoe UI', Roboto, Oxygen-Sans, Ubuntu, Cantarell, 'Helvetica Neue', sans-serif;\">Nem v\u00e1llalunk felel\u0151ss\u00e9get a pontatlans\u00e1gokb\u00f3l vagy hi\u00e1nyoss\u00e1gokb\u00f3l ered\u0151 vesztes\u00e9gek\u00e9rt, sem az olyan vesztes\u00e9gek\u00e9rt, amelyek az inform\u00e1ci\u00f3 interneten kereszt\u00fcl t\u00f6rt\u00e9n\u0151 terjeszt\u00e9se \u00e1ltal okozott vagy azzal egy\u00fctt j\u00e1r\u00f3 probl\u00e9m\u00e1kb\u00f3l, p\u00e9ld\u00e1ul megszak\u00edt\u00e1sokb\u00f3l vagy fennakad\u00e1sokb\u00f3l erednek. A webes \u0171rlapok haszn\u00e1lata sor\u00e1n igyeksz\u00fcnk a sz\u00fcks\u00e9ges mez\u0151k sz\u00e1m\u00e1t a lehet\u0151 legkisebbre korl\u00e1tozni. A Rame Digital nem v\u00e1llal felel\u0151ss\u00e9get a Rame Digital \u00e1ltal vagy a Rame Digital nev\u00e9ben e weboldalon kereszt\u00fcl szolg\u00e1ltatott adatok, tan\u00e1csok vagy \u00f6tletek felhaszn\u00e1l\u00e1sa k\u00f6vetkezt\u00e9ben elszenvedett vesztes\u00e9gek\u00e9rt.<\/p><p style=\"font-style: normal; font-variant-ligatures: normal; font-variant-caps: normal; font-weight: 400; font-size: 14px; font-family: Poppins, -apple-system, BlinkMacSystemFont, 'Segoe UI', Roboto, Oxygen-Sans, Ubuntu, Cantarell, 'Helvetica Neue', sans-serif;\">Az e-mailben vagy webes \u0171rlapon k\u00fcld\u00f6tt v\u00e1laszokat \u00e9s adatv\u00e9delmi k\u00e9rd\u00e9seket ugyan\u00fagy kezelj\u00fck, mint a leveleket. Ez azt jelenti, hogy legk\u00e9s\u0151bb 1 h\u00f3napon bel\u00fcl sz\u00e1m\u00edthat a v\u00e1laszunkra. \u00d6sszetett k\u00e9r\u00e9sek eset\u00e9n 1 h\u00f3napon bel\u00fcl t\u00e1j\u00e9koztatjuk \u00d6nt, ha legfeljebb 3 h\u00f3napra van sz\u00fcks\u00e9g\u00fcnk.<\/p><p style=\"font-style: normal; font-variant-ligatures: normal; font-variant-caps: normal; font-weight: 400; font-size: 14px; font-family: Poppins, -apple-system, BlinkMacSystemFont, 'Segoe UI', Roboto, Oxygen-Sans, Ubuntu, Cantarell, 'Helvetica Neue', sans-serif;\">A v\u00e1lasz\u00e1val vagy inform\u00e1ci\u00f3k\u00e9r\u00e9s\u00e9vel \u00f6sszef\u00fcgg\u00e9sben megadott szem\u00e9lyes adatait kiz\u00e1r\u00f3lag az adatv\u00e9delmi nyilatkozatunkban foglaltaknak megfelel\u0151en haszn\u00e1ljuk fel.<\/p><p style=\"font-style: normal; font-variant-ligatures: normal; font-variant-caps: normal; font-weight: 400; font-size: 14px; font-family: Poppins, -apple-system, BlinkMacSystemFont, 'Segoe UI', Roboto, Oxygen-Sans, Ubuntu, Cantarell, 'Helvetica Neue', sans-serif;\">A Rame Digital minden \u00e9sszer\u0171 er\u0151fesz\u00edt\u00e9st megtesz annak \u00e9rdek\u00e9ben, hogy megv\u00e9dje rendszereit a jogellenes haszn\u00e1lat minden form\u00e1j\u00e1t\u00f3l. A Rame Digital e c\u00e9lb\u00f3l megfelel\u0151 technikai \u00e9s szervez\u00e9si int\u00e9zked\u00e9seket hajt v\u00e9gre, figyelembe v\u00e9ve t\u00f6bbek k\u00f6z\u00f6tt a technika \u00e1ll\u00e1s\u00e1t. Nem v\u00e1llal felel\u0151ss\u00e9get azonban semmilyen k\u00f6zvetlen \u00e9s\/vagy k\u00f6zvetett k\u00e1r\u00e9rt, amelyet a weboldal felhaszn\u00e1l\u00f3ja a rendszereinek harmadik f\u00e9l \u00e1ltali jogellenes haszn\u00e1lata miatt szenved el.<\/p><p style=\"font-style: normal; font-variant-ligatures: normal; font-variant-caps: normal; font-weight: 400; font-size: 14px; font-family: Poppins, -apple-system, BlinkMacSystemFont, 'Segoe UI', Roboto, Oxygen-Sans, Ubuntu, Cantarell, 'Helvetica Neue', sans-serif;\">A Rame Digital nem v\u00e1llal felel\u0151ss\u00e9get azon weboldalak tartalm\u00e1\u00e9rt, amelyekre vagy amelyekr\u0151l hiperlink vagy m\u00e1s hivatkoz\u00e1s tal\u00e1lhat\u00f3. A harmadik felek \u00e1ltal k\u00edn\u00e1lt term\u00e9kekre vagy szolg\u00e1ltat\u00e1sokra az adott harmadik felek vonatkoz\u00f3 felt\u00e9telei vonatkoznak.<\/p><p style=\"font-style: normal; font-variant-ligatures: normal; font-variant-caps: normal; font-weight: 400; font-size: 14px; font-family: Poppins, -apple-system, BlinkMacSystemFont, 'Segoe UI', Roboto, Oxygen-Sans, Ubuntu, Cantarell, 'Helvetica Neue', sans-serif;\">A weboldal tartalm\u00e1nak minden szellemi tulajdonjoga a Rame Digital tulajdon\u00e1t k\u00e9pezi.<\/p><p style=\"font-style: normal; font-variant-ligatures: normal; font-variant-caps: normal; font-weight: 400; font-size: 14px; font-family: Poppins, -apple-system, BlinkMacSystemFont, 'Segoe UI', Roboto, Oxygen-Sans, Ubuntu, Cantarell, 'Helvetica Neue', sans-serif;\">Ezen anyagok m\u00e1sol\u00e1sa, terjeszt\u00e9se \u00e9s b\u00e1rmilyen m\u00e1s m\u00f3don t\u00f6rt\u00e9n\u0151 felhaszn\u00e1l\u00e1sa a Rame Digital \u00edr\u00e1sbeli enged\u00e9lye n\u00e9lk\u00fcl tilos, kiv\u00e9ve \u00e9s csak annyiban, amennyiben k\u00f6telez\u0151 jogi rendelkez\u00e9sek (p\u00e9ld\u00e1ul id\u00e9z\u00e9si jog) m\u00e1sk\u00e9nt rendelkeznek, kiv\u00e9ve, ha a konkr\u00e9t tartalom m\u00e1sk\u00e9nt rendelkezik.<\/p><p style=\"font-style: normal; font-variant-ligatures: normal; font-variant-caps: normal; font-weight: 400; font-size: 14px; font-family: Poppins, -apple-system, BlinkMacSystemFont, 'Segoe UI', Roboto, Oxygen-Sans, Ubuntu, Cantarell, 'Helvetica Neue', sans-serif;\">Ha b\u00e1rmilyen k\u00e9rd\u00e9se vagy probl\u00e9m\u00e1ja van a weboldal el\u00e9rhet\u0151s\u00e9g\u00e9vel kapcsolatban, k\u00e9rj\u00fck, forduljon hozz\u00e1nk bizalommal.<\/p>\t\t\t\t\t\t\t\t<\/div>\n\t\t\t\t<\/div>\n\t\t\t\t\t<\/div>\n\t\t<\/div>\n\t\t\t\t\t<\/div>\n\t\t<\/section>\n\t\t\t\t<\/div>","protected":false},"excerpt":{"rendered":"<p>Rame Digital is committed to keeping this website up to date and accurate. Should you nevertheless encounter anything that is incorrect or out of date, we would appreciate it if you could let us know. Please indicate where on the website you read the information. We will then look at this as soon as possible. [&hellip;]<\/p>\n","protected":false},"author":1,"featured_media":0,"parent":0,"menu_order":0,"comment_status":"closed","ping_status":"closed","template":"","meta":{"footnotes":""},"class_list":["post-2855","page","type-page","status-publish","hentry"],"yoast_head":"<!-- This site is optimized with the Yoast SEO Premium plugin v21.9 (Yoast SEO v27.5) - https:\/\/yoast.com\/product\/yoast-seo-premium-wordpress\/ -->\n<title>Disclaimer - Rame Digital<\/title>\n<meta name=\"robots\" content=\"index, follow, max-snippet:-1, max-image-preview:large, max-video-preview:-1\" \/>\n<link rel=\"canonical\" href=\"https:\/\/www.ramedigitalstore.com\/hu\/nyilatkozat\/\" \/>\n<meta property=\"og:locale\" content=\"hu_HU\" \/>\n<meta property=\"og:type\" content=\"article\" \/>\n<meta property=\"og:title\" content=\"Disclaimer\" \/>\n<meta property=\"og:description\" content=\"Rame Digital is committed to keeping this website up to date and accurate. Should you nevertheless encounter anything that is incorrect or out of date, we would appreciate it if you could let us know. Please indicate where on the website you read the information. We will then look at this as soon as possible. [&hellip;]\" \/>\n<meta property=\"og:url\" content=\"https:\/\/www.ramedigitalstore.com\/hu\/nyilatkozat\/\" \/>\n<meta property=\"og:site_name\" content=\"Rame Digital\" \/>\n<meta property=\"article:publisher\" content=\"https:\/\/www.facebook.com\/RameDigitalOfficial\" \/>\n<meta property=\"article:modified_time\" content=\"2022-05-14T12:32:16+00:00\" \/>\n<meta name=\"twitter:card\" content=\"summary_large_image\" \/>\n<meta name=\"twitter:label1\" content=\"Becs\u00fclt olvas\u00e1si id\u0151\" \/>\n\t<meta name=\"twitter:data1\" content=\"2 perc\" \/>\n<script type=\"application\/ld+json\" class=\"yoast-schema-graph\">{\"@context\":\"https:\\\/\\\/schema.org\",\"@graph\":[{\"@type\":\"WebPage\",\"@id\":\"https:\\\/\\\/www.ramedigitalstore.com\\\/disclaimer\\\/\",\"url\":\"https:\\\/\\\/www.ramedigitalstore.com\\\/disclaimer\\\/\",\"name\":\"Disclaimer - Rame Digital\",\"isPartOf\":{\"@id\":\"https:\\\/\\\/www.ramedigitalstore.com\\\/#website\"},\"datePublished\":\"2022-03-24T14:45:51+00:00\",\"dateModified\":\"2022-05-14T12:32:16+00:00\",\"breadcrumb\":{\"@id\":\"https:\\\/\\\/www.ramedigitalstore.com\\\/disclaimer\\\/#breadcrumb\"},\"inLanguage\":\"hu\",\"potentialAction\":[{\"@type\":\"ReadAction\",\"target\":[\"https:\\\/\\\/www.ramedigitalstore.com\\\/disclaimer\\\/\"]}]},{\"@type\":\"BreadcrumbList\",\"@id\":\"https:\\\/\\\/www.ramedigitalstore.com\\\/disclaimer\\\/#breadcrumb\",\"itemListElement\":[{\"@type\":\"ListItem\",\"position\":1,\"name\":\"Home\",\"item\":\"https:\\\/\\\/www.ramedigitalstore.com\\\/\"},{\"@type\":\"ListItem\",\"position\":2,\"name\":\"Disclaimer\"}]},{\"@type\":\"WebSite\",\"@id\":\"https:\\\/\\\/www.ramedigitalstore.com\\\/#website\",\"url\":\"https:\\\/\\\/www.ramedigitalstore.com\\\/\",\"name\":\"Rame Digital\",\"description\":\"Digital store par excellence\",\"publisher\":{\"@id\":\"https:\\\/\\\/www.ramedigitalstore.com\\\/#organization\"},\"potentialAction\":[{\"@type\":\"SearchAction\",\"target\":{\"@type\":\"EntryPoint\",\"urlTemplate\":\"https:\\\/\\\/www.ramedigitalstore.com\\\/?s={search_term_string}\"},\"query-input\":{\"@type\":\"PropertyValueSpecification\",\"valueRequired\":true,\"valueName\":\"search_term_string\"}}],\"inLanguage\":\"hu\"},{\"@type\":\"Organization\",\"@id\":\"https:\\\/\\\/www.ramedigitalstore.com\\\/#organization\",\"name\":\"Rame Digital\",\"url\":\"https:\\\/\\\/www.ramedigitalstore.com\\\/\",\"logo\":{\"@type\":\"ImageObject\",\"inLanguage\":\"hu\",\"@id\":\"https:\\\/\\\/www.ramedigitalstore.com\\\/#\\\/schema\\\/logo\\\/image\\\/\",\"url\":\"https:\\\/\\\/www.ramedigitalstore.com\\\/wp-content\\\/uploads\\\/2021\\\/04\\\/Logo-new-quadrato-1-e1619205976915.png\",\"contentUrl\":\"https:\\\/\\\/www.ramedigitalstore.com\\\/wp-content\\\/uploads\\\/2021\\\/04\\\/Logo-new-quadrato-1-e1619205976915.png\",\"width\":256,\"height\":256,\"caption\":\"Rame Digital\"},\"image\":{\"@id\":\"https:\\\/\\\/www.ramedigitalstore.com\\\/#\\\/schema\\\/logo\\\/image\\\/\"},\"sameAs\":[\"https:\\\/\\\/www.facebook.com\\\/RameDigitalOfficial\",\"https:\\\/\\\/www.instagram.com\\\/rame_digital_official\\\/\"]}]}<\/script>\n<!-- \/ Yoast SEO Premium plugin. -->","yoast_head_json":{"title":"Jogi nyilatkozat - Rame Digital","robots":{"index":"index","follow":"follow","max-snippet":"max-snippet:-1","max-image-preview":"max-image-preview:large","max-video-preview":"max-video-preview:-1"},"canonical":"https:\/\/www.ramedigitalstore.com\/hu\/nyilatkozat\/","og_locale":"hu_HU","og_type":"article","og_title":"Disclaimer","og_description":"Rame Digital is committed to keeping this website up to date and accurate. Should you nevertheless encounter anything that is incorrect or out of date, we would appreciate it if you could let us know. Please indicate where on the website you read the information. We will then look at this as soon as possible. [&hellip;]","og_url":"https:\/\/www.ramedigitalstore.com\/hu\/nyilatkozat\/","og_site_name":"Rame Digital","article_publisher":"https:\/\/www.facebook.com\/RameDigitalOfficial","article_modified_time":"2022-05-14T12:32:16+00:00","twitter_card":"summary_large_image","twitter_misc":{"Becs\u00fclt olvas\u00e1si id\u0151":"2 perc"},"schema":{"@context":"https:\/\/schema.org","@graph":[{"@type":"WebPage","@id":"https:\/\/www.ramedigitalstore.com\/disclaimer\/","url":"https:\/\/www.ramedigitalstore.com\/disclaimer\/","name":"Jogi nyilatkozat - Rame Digital","isPartOf":{"@id":"https:\/\/www.ramedigitalstore.com\/#website"},"datePublished":"2022-03-24T14:45:51+00:00","dateModified":"2022-05-14T12:32:16+00:00","breadcrumb":{"@id":"https:\/\/www.ramedigitalstore.com\/disclaimer\/#breadcrumb"},"inLanguage":"hu","potentialAction":[{"@type":"ReadAction","target":["https:\/\/www.ramedigitalstore.com\/disclaimer\/"]}]},{"@type":"BreadcrumbList","@id":"https:\/\/www.ramedigitalstore.com\/disclaimer\/#breadcrumb","itemListElement":[{"@type":"ListItem","position":1,"name":"Home","item":"https:\/\/www.ramedigitalstore.com\/"},{"@type":"ListItem","position":2,"name":"Disclaimer"}]},{"@type":"WebSite","@id":"https:\/\/www.ramedigitalstore.com\/#website","url":"https:\/\/www.ramedigitalstore.com\/","name":"Rame Digital","description":"Digit\u00e1lis \u00e1ruh\u00e1z par excellence","publisher":{"@id":"https:\/\/www.ramedigitalstore.com\/#organization"},"potentialAction":[{"@type":"SearchAction","target":{"@type":"EntryPoint","urlTemplate":"https:\/\/www.ramedigitalstore.com\/?s={search_term_string}"},"query-input":{"@type":"PropertyValueSpecification","valueRequired":true,"valueName":"search_term_string"}}],"inLanguage":"hu"},{"@type":"Organization","@id":"https:\/\/www.ramedigitalstore.com\/#organization","name":"Rame Digital","url":"https:\/\/www.ramedigitalstore.com\/","logo":{"@type":"ImageObject","inLanguage":"hu","@id":"https:\/\/www.ramedigitalstore.com\/#\/schema\/logo\/image\/","url":"https:\/\/www.ramedigitalstore.com\/wp-content\/uploads\/2021\/04\/Logo-new-quadrato-1-e1619205976915.png","contentUrl":"https:\/\/www.ramedigitalstore.com\/wp-content\/uploads\/2021\/04\/Logo-new-quadrato-1-e1619205976915.png","width":256,"height":256,"caption":"Rame Digital"},"image":{"@id":"https:\/\/www.ramedigitalstore.com\/#\/schema\/logo\/image\/"},"sameAs":["https:\/\/www.facebook.com\/RameDigitalOfficial","https:\/\/www.instagram.com\/rame_digital_official\/"]}]}},"jetpack_sharing_enabled":true,"_links":{"self":[{"href":"https:\/\/www.ramedigitalstore.com\/hu\/wp-json\/wp\/v2\/pages\/2855","targetHints":{"allow":["GET"]}}],"collection":[{"href":"https:\/\/www.ramedigitalstore.com\/hu\/wp-json\/wp\/v2\/pages"}],"about":[{"href":"https:\/\/www.ramedigitalstore.com\/hu\/wp-json\/wp\/v2\/types\/page"}],"author":[{"embeddable":true,"href":"https:\/\/www.ramedigitalstore.com\/hu\/wp-json\/wp\/v2\/users\/1"}],"replies":[{"embeddable":true,"href":"https:\/\/www.ramedigitalstore.com\/hu\/wp-json\/wp\/v2\/comments?post=2855"}],"version-history":[{"count":0,"href":"https:\/\/www.ramedigitalstore.com\/hu\/wp-json\/wp\/v2\/pages\/2855\/revisions"}],"wp:attachment":[{"href":"https:\/\/www.ramedigitalstore.com\/hu\/wp-json\/wp\/v2\/media?parent=2855"}],"curies":[{"name":"wp","href":"https:\/\/api.w.org\/{rel}","templated":true}]}}