{"id":1253,"date":"2021-04-21T12:28:57","date_gmt":"2021-04-21T12:28:57","guid":{"rendered":"https:\/\/www.ramedigitalstore.com\/?post_type=product&#038;p=1253"},"modified":"2024-09-13T11:29:11","modified_gmt":"2024-09-13T11:29:11","slug":"xbox-game-pass-ultimate-3-months-key","status":"publish","type":"product","link":"https:\/\/www.ramedigitalstore.com\/hu\/prodotto\/xbox-game-pass-ultimate-3-honapos-kulcs\/","title":{"rendered":"Xbox Game Pass Ultimate 3 h\u00f3nap - KEY"},"content":{"rendered":"<h3 style=\"text-align: center;\"><strong><span style=\"color: #8f00ff;\">Hosszabb\u00edtsa meg el\u0151fizet\u00e9s\u00e9t m\u00e9g ma!<\/span><\/strong><\/h3>\n<h2 class=\"c-heading-1 f-lean\" style=\"text-align: center;\"><strong>Xbox Game Pass Ultimate 3 h\u00f3napos kulcs<\/strong><\/h2>\n<h3 style=\"text-align: center;\">=<\/h3>\n<h2 style=\"text-align: center;\"><strong>Live Gold + Game Pass + EA Play<\/strong><\/h2>\n<p>&nbsp;<\/p>\n<p style=\"text-align: center;\">\u00a0Tartalmazza az Xbox Live Gold \u00f6sszes el\u0151ny\u00e9t, t\u00f6bb mint 100 kiv\u00e1l\u00f3 min\u0151s\u00e9g\u0171 j\u00e1t\u00e9kot ingyenesen konzolra, PC-re \u00e9s Android mobileszk\u00f6z\u00f6kre a felh\u0151b\u0151l (Beta), valamint egy EA Play-tags\u00e1got, mindezt egyetlen alacsony havi \u00e1ron.<\/p>\n<h3 class=\"m-banner zpt jumpgcontainer\" style=\"text-align: center;\" data-grid=\"col-12\" data-bi-id=\"c1m2r6a3\" data-bi-name=\"c1m2r6a3\">WITH Xbox Game Pass Ultimate<\/h3>\n<div class=\"banner-background\" data-bi-id=\"c2m2r6a3\" data-bi-name=\"c2m2r6a3\">\n<div class=\"m-banner zpt\" data-grid=\"col-12\" data-bi-id=\"c1c2m2r6a3\" data-bi-name=\"c1c2m2r6a3\">\n<p class=\"c-paragraph-2 x-hidden-focus\" style=\"text-align: center;\">Az els\u0151k k\u00f6z\u00f6tt j\u00e1tszhatsz az Xbox Game Studios \u00e9s az ID@Xbox leg\u00fajabb c\u00edmeivel, amelyek az Xbox Game Pass-tagok sz\u00e1m\u00e1ra a glob\u00e1lis megjelen\u00e9s napj\u00e1n el\u00e9rhet\u0151ek.<\/p>\n<\/div>\n<\/div>\n<h3 class=\"c-heading-1 f-lean\" style=\"text-align: center;\">Xbox Game Pass Ultimate \u00e9s EA Play<\/h3>\n<p style=\"text-align: center;\">\u00c9lvezze az EA legjobb c\u00edmeit \u00e9s a j\u00e1t\u00e9kon bel\u00fcli el\u0151ny\u00f6ket az EA Play seg\u00edts\u00e9g\u00e9vel. A tagok m\u00e1r konzolon is j\u00e1tszhatnak. 2021-ben \u00e9rkezik az Xbox Game Pass PC-re \u00e9s a tagok k\u00fcl\u00f6n k\u00f6lts\u00e9g n\u00e9lk\u00fcl kapj\u00e1k meg az EA Play-t Windows 10-re.<\/p>\n<h3 class=\"c-heading-2 f-lean\" style=\"text-align: center;\">J\u00e1tsszon a saj\u00e1t eszk\u00f6zein<\/h3>\n<p class=\"c-paragraph-2 x-hidden-focus\" style=\"text-align: center;\">T\u00f6lts le \u00e9s j\u00e1tssz j\u00e1t\u00e9kokat k\u00f6zvetlen\u00fcl Xbox konzolodra vagy Windows 10 PC-dre, vagy j\u00e1tssz j\u00e1t\u00e9kokat androidos mobiltelefonodon vagy t\u00e1blag\u00e9peden a felh\u0151b\u0151l (b\u00e9ta) a Game Pass mobilalkalmaz\u00e1ssal.<\/p>\n<p>&nbsp;<\/p>\n<h3 style=\"text-align: center;\">Xbox Game Pass Ultimate megv\u00e1s\u00e1rl\u00e1sa - olcs\u00f3n \u00e9s biztons\u00e1gosan a Rame Digital seg\u00edts\u00e9g\u00e9vel<\/h3>\n<p style=\"text-align: center;\">Ha a Game Pass Ultimate megv\u00e1s\u00e1rl\u00e1sa mellett d\u00f6nt\u00f6tt, a teljes el\u0151fizet\u00e9st a k\u00f6vetkez\u0151 weboldalon v\u00e1s\u00e1rolhatja meg <a href=\"https:\/\/www.ramecorporation.com\/\">Rame Digital<\/a> kedvez\u0151 felt\u00e9telekkel. A v\u00e1s\u00e1rl\u00f3k itt a vizsg\u00e1lt szolg\u00e1ltat\u00e1s min\u0151s\u00e9g\u00e9b\u0151l profit\u00e1lnak, \u00e9s rendk\u00edv\u00fcl egyszer\u0171 \u00e9s egyszer\u0171 v\u00e1s\u00e1rl\u00e1si folyamatot \u00e9lveznek. A k\u00edv\u00e1nt el\u0151fizet\u00e9st nem neh\u00e9zkes m\u00f3don, CD \/ DVD-k\u00e9nt, k\u00f6vetkez\u00e9sk\u00e9ppen nem post\u00e1zz\u00e1k a v\u00e1s\u00e1rl\u00f3nak, hanem csak KEY-k\u00e9nt post\u00e1n. \u00cdgy az \u00fcgyf\u00e9l a v\u00e1s\u00e1rl\u00e1s \u00e9s a p\u00e9nz \u00e1tv\u00e9tele ut\u00e1n azonnal megkapja az \u00e1rut. Ha t\u00f6bbet szeretne megtudni, k\u00e9rj\u00fck, olvassa el: <a href=\"https:\/\/www.ramecorporation.com\/terms-and-condictions\/\">felt\u00e9telek \u00e9s kik\u00f6t\u00e9sek<\/a> \u00e9s <a href=\"https:\/\/www.ramecorporation.com\/privacy-policy\/\">adatv\u00e9delem <\/a>vagy <a href=\"https:\/\/www.ramecorporation.com\/faqs\/\">GYIK <\/a><\/p>\n<p style=\"text-align: center;\">A Rame Digitaln\u00e1l azonban a seg\u00edts\u00e9g mindig ingyenes.<\/p>\n<h3 class=\"text-center\" style=\"text-align: center;\">B\u00e1rmilyen eszk\u00f6zt is haszn\u00e1lsz, az Xbox Game Pass Ultimate seg\u00edts\u00e9g\u00e9vel.<\/h3>\n<ul class=\"list list-withIcons\" style=\"text-align: center;\">\n<li><img decoding=\"async\" src=\"https:\/\/static3.avast.com\/20001227\/web\/i\/v2\/components\/win.svg\" alt=\"\" \/>Windows 10<\/li>\n<li>ingyenes minden Xbox<\/li>\n<\/ul>\n<h2 class=\"text-center\" style=\"text-align: center;\"><\/h2>\n<h3 class=\"text-center\" style=\"text-align: center;\"><strong>Gyors sz\u00e1ll\u00edt\u00e1s, maximum 6H e-mailben.<\/strong><\/h3>\n<h4 style=\"text-align: center;\">Nem j\u00e1r visszat\u00e9r\u00edt\u00e9s annak, aki nem olvassa el a le\u00edr\u00e1st.<\/h4>\n<p style=\"text-align: center;\"><strong>Egyn\u00e9l t\u00f6bb kulcsot biztos\u00edtunk. Az aktiv\u00e1l\u00e1si elj\u00e1r\u00e1sr\u00f3l e-mailben t\u00e1j\u00e9koztatjuk.<\/strong><\/p>\n<p style=\"text-align: center;\">Csatlakozz a <a href=\"https:\/\/www.facebook.com\/RameDigitalOfficial\/\">Facebook<\/a><\/p>","protected":false},"excerpt":{"rendered":"<h5 style=\"text-align: center;\"><span style=\"color: #ff0000;\"><em>Ne hagyja ki ezt az aj\u00e1nlatot! Nem marad \u00f6r\u00f6kk\u00e9!<\/em><\/span><\/h5>\n<div class=\"hd-listinghead\" style=\"font-size: 19pt; font-family: Arial; text-align: center;\">\n<div class=\"hd-listinghead\" style=\"font-size: 19pt; font-family: Arial; text-align: center;\">\n<h3 style=\"text-align: center;\"><strong><span style=\"color: #8f00ff;\">Aktiv\u00e1lja a  c\u00edmet.<\/span><\/strong><strong><span style=\"color: #8f00ff;\"> el\u0151fizet\u00e9sed m\u00e9g ma!<\/span><\/strong><\/h3>\n<\/div>\n<div class=\"hd-listinghead\" style=\"font-size: 15pt; font-family: Arial; text-align: center;\">\n<p style=\"text-align: center;\"><strong>\u2713<\/strong>\u00a0<strong>KEY<\/strong>!<br \/>\n<strong>\u2713<\/strong>\u00a0Gyors \u00e9s biztons\u00e1gos.<br \/>\n<strong>\u2713<\/strong>\u00a07\/7 \u00fcgyf\u00e9lszolg\u00e1lat.<br \/>\n<strong>\u2713<\/strong>\u00a0Sz\u00e1ll\u00edt\u00e1s 6 \u00f3r\u00e1n bel\u00fcl e-mailben<br \/>\n<strong>\u2713<\/strong> AKTIV\u00c1L\u00d3DHAT: OLASZORSZ\u00c1GBAN \u00c9S VIL\u00c1GSZERTE<\/p>\n<\/div>\n<p><img fetchpriority=\"high\" decoding=\"async\" class=\"alignnone wp-image-2400 size-large\" src=\"https:\/\/www.ramedigitalstore.com\/wp-content\/uploads\/2022\/03\/trustpilot-stars-1024x140.png\" alt=\"\" width=\"800\" height=\"109\" srcset=\"https:\/\/www.ramedigitalstore.com\/wp-content\/uploads\/2022\/03\/trustpilot-stars-1024x140.png 1024w, https:\/\/www.ramedigitalstore.com\/wp-content\/uploads\/2022\/03\/trustpilot-stars-500x68.png 500w, https:\/\/www.ramedigitalstore.com\/wp-content\/uploads\/2022\/03\/trustpilot-stars-700x96.png 700w, https:\/\/www.ramedigitalstore.com\/wp-content\/uploads\/2022\/03\/trustpilot-stars-300x41.png 300w, https:\/\/www.ramedigitalstore.com\/wp-content\/uploads\/2022\/03\/trustpilot-stars-768x105.png 768w, https:\/\/www.ramedigitalstore.com\/wp-content\/uploads\/2022\/03\/trustpilot-stars-1536x210.png 1536w, https:\/\/www.ramedigitalstore.com\/wp-content\/uploads\/2022\/03\/trustpilot-stars-260x35.png 260w, https:\/\/www.ramedigitalstore.com\/wp-content\/uploads\/2022\/03\/trustpilot-stars-50x7.png 50w, https:\/\/www.ramedigitalstore.com\/wp-content\/uploads\/2022\/03\/trustpilot-stars-150x20.png 150w, https:\/\/www.ramedigitalstore.com\/wp-content\/uploads\/2022\/03\/trustpilot-stars-1320x180.png 1320w, https:\/\/www.ramedigitalstore.com\/wp-content\/uploads\/2022\/03\/trustpilot-stars-800x109.png 800w, https:\/\/www.ramedigitalstore.com\/wp-content\/uploads\/2022\/03\/trustpilot-stars.png 2000w\" sizes=\"(max-width: 800px) 100vw, 800px\" \/><\/p>\n<p><img decoding=\"async\" class=\"alignnone wp-image-2804 size-full\" src=\"https:\/\/www.ramedigitalstore.com\/wp-content\/uploads\/2021\/10\/Payment-accepted.png\" alt=\"\" width=\"1584\" height=\"92\" srcset=\"https:\/\/www.ramedigitalstore.com\/wp-content\/uploads\/2021\/10\/Payment-accepted.png 1584w, https:\/\/www.ramedigitalstore.com\/wp-content\/uploads\/2021\/10\/Payment-accepted-500x29.png 500w, https:\/\/www.ramedigitalstore.com\/wp-content\/uploads\/2021\/10\/Payment-accepted-700x41.png 700w, https:\/\/www.ramedigitalstore.com\/wp-content\/uploads\/2021\/10\/Payment-accepted-300x17.png 300w, https:\/\/www.ramedigitalstore.com\/wp-content\/uploads\/2021\/10\/Payment-accepted-1024x59.png 1024w, https:\/\/www.ramedigitalstore.com\/wp-content\/uploads\/2021\/10\/Payment-accepted-768x45.png 768w, https:\/\/www.ramedigitalstore.com\/wp-content\/uploads\/2021\/10\/Payment-accepted-1536x89.png 1536w, https:\/\/www.ramedigitalstore.com\/wp-content\/uploads\/2021\/10\/Payment-accepted-18x1.png 18w, https:\/\/www.ramedigitalstore.com\/wp-content\/uploads\/2021\/10\/Payment-accepted-260x15.png 260w, https:\/\/www.ramedigitalstore.com\/wp-content\/uploads\/2021\/10\/Payment-accepted-50x3.png 50w, https:\/\/www.ramedigitalstore.com\/wp-content\/uploads\/2021\/10\/Payment-accepted-150x9.png 150w, https:\/\/www.ramedigitalstore.com\/wp-content\/uploads\/2021\/10\/Payment-accepted-1320x77.png 1320w, https:\/\/www.ramedigitalstore.com\/wp-content\/uploads\/2021\/10\/Payment-accepted-800x46.png 800w\" sizes=\"(max-width: 1584px) 100vw, 1584px\" \/><\/p>\n<\/div>\n<p>&nbsp;<\/p>\n<h3 class=\"c-heading-1 f-lean\" style=\"text-align: center;\"><strong class=\"x-hidden-focus\"><a href=\"https:\/\/www.ramedigitalstore.com\/hu\/prodotto\/xbox-game-pass-ultimate-1-eves-kulcs\/\"><span style=\"color: #8f00ff;\"><span style=\"vertical-align: inherit;\">1 h\u00f3nap<\/span><\/span><\/a>\u00a0<\/strong>\/ <strong class=\"x-hidden-focus\"><a href=\"https:\/\/www.ramedigitalstore.com\/hu\/prodotto\/xbox-game-pass-ultimate-6-honapos-kulcs\/\"><span style=\"color: #8f00ff;\"><span style=\"vertical-align: inherit;\"><span style=\"vertical-align: inherit;\">6 h\u00f3nap<\/span><\/span><\/span><\/a>\u00a0<\/strong><span style=\"vertical-align: inherit;\"><span style=\"vertical-align: inherit;\"> \/<\/span><\/span>\u00a0<a href=\"https:\/\/www.ramedigitalstore.com\/hu\/prodotto\/xbox-game-pass-ultimate-1-eves-kulcs\/\"><strong><span style=\"color: #8f00ff;\"><span style=\"vertical-align: inherit;\"><span style=\"vertical-align: inherit;\">12 h\u00f3nap<\/span><\/span><\/span><\/strong><\/a><\/h3>","protected":false},"featured_media":1286,"template":"","meta":[],"product_brand":[],"product_cat":[111,18,19],"product_tag":[20,5,21,22],"class_list":{"0":"post-1253","1":"product","2":"type-product","3":"status-publish","4":"has-post-thumbnail","6":"product_cat-classic-key","7":"product_cat-game","8":"product_cat-xbox-pc","9":"product_tag-account","10":"product_tag-key-global","11":"product_tag-xbox","12":"product_tag-xbox-game-pass-ultimate","14":"first","15":"outofstock","16":"sale","17":"virtual","18":"sold-individually","19":"purchasable","20":"product-type-simple"},"yoast_head":"<!-- This site is optimized with the Yoast SEO Premium plugin v21.9 (Yoast SEO v27.5) - https:\/\/yoast.com\/product\/yoast-seo-premium-wordpress\/ -->\n<title>Xbox Game Pass Ultimate - 3 Months - CD-KEY - Global - Rame Digital<\/title>\n<meta name=\"description\" content=\"Xbox Game Pass Ultimate the best gaming service at almost Free. It has never been so reliable! Almost free. Only on Rame Digital.\" \/>\n<meta name=\"robots\" content=\"index, follow, max-snippet:-1, max-image-preview:large, max-video-preview:-1\" \/>\n<link rel=\"canonical\" href=\"https:\/\/www.ramedigitalstore.com\/hu\/prodotto\/xbox-game-pass-ultimate-3-honapos-kulcs\/\" \/>\n<meta property=\"og:locale\" content=\"hu_HU\" \/>\n<meta property=\"og:type\" content=\"article\" \/>\n<meta property=\"og:title\" content=\"Xbox Game Pass Ultimate 3 Months - KEY\" \/>\n<meta property=\"og:description\" content=\"Xbox Game Pass Ultimate the best gaming service at almost Free. It has never been so reliable! Almost free. Only on Rame Digital.\" \/>\n<meta property=\"og:url\" content=\"https:\/\/www.ramedigitalstore.com\/hu\/prodotto\/xbox-game-pass-ultimate-3-honapos-kulcs\/\" \/>\n<meta property=\"og:site_name\" content=\"Rame Digital\" \/>\n<meta property=\"article:publisher\" content=\"https:\/\/www.facebook.com\/RameDigitalOfficial\" \/>\n<meta property=\"article:modified_time\" content=\"2024-09-13T11:29:11+00:00\" \/>\n<meta property=\"og:image\" content=\"https:\/\/www.ramedigitalstore.com\/wp-content\/uploads\/2021\/04\/3-mesi-quadrato-top-new-off-new-1-1.jpg\" \/>\n\t<meta property=\"og:image:width\" content=\"1600\" \/>\n\t<meta property=\"og:image:height\" content=\"1600\" \/>\n\t<meta property=\"og:image:type\" content=\"image\/jpeg\" \/>\n<meta name=\"twitter:card\" content=\"summary_large_image\" \/>\n<meta name=\"twitter:label1\" content=\"Becs\u00fclt olvas\u00e1si id\u0151\" \/>\n\t<meta name=\"twitter:data1\" content=\"2 perc\" \/>\n<script type=\"application\/ld+json\" class=\"yoast-schema-graph\">{\"@context\":\"https:\\\/\\\/schema.org\",\"@graph\":[{\"@type\":\"WebPage\",\"@id\":\"https:\\\/\\\/www.ramedigitalstore.com\\\/prodotto\\\/xbox-game-pass-ultimate-3-months-key\\\/\",\"url\":\"https:\\\/\\\/www.ramedigitalstore.com\\\/prodotto\\\/xbox-game-pass-ultimate-3-months-key\\\/\",\"name\":\"Xbox Game Pass Ultimate - 3 Months - CD-KEY - Global - Rame Digital\",\"isPartOf\":{\"@id\":\"https:\\\/\\\/www.ramedigitalstore.com\\\/#website\"},\"primaryImageOfPage\":{\"@id\":\"https:\\\/\\\/www.ramedigitalstore.com\\\/prodotto\\\/xbox-game-pass-ultimate-3-months-key\\\/#primaryimage\"},\"image\":{\"@id\":\"https:\\\/\\\/www.ramedigitalstore.com\\\/prodotto\\\/xbox-game-pass-ultimate-3-months-key\\\/#primaryimage\"},\"thumbnailUrl\":\"https:\\\/\\\/www.ramedigitalstore.com\\\/wp-content\\\/uploads\\\/2021\\\/04\\\/3-mesi-quadrato-top-new-off-new-1-1.jpg\",\"datePublished\":\"2021-04-21T12:28:57+00:00\",\"dateModified\":\"2024-09-13T11:29:11+00:00\",\"description\":\"Xbox Game Pass Ultimate the best gaming service at almost Free. It has never been so reliable! Almost free. Only on Rame Digital.\",\"breadcrumb\":{\"@id\":\"https:\\\/\\\/www.ramedigitalstore.com\\\/prodotto\\\/xbox-game-pass-ultimate-3-months-key\\\/#breadcrumb\"},\"inLanguage\":\"hu\",\"potentialAction\":[{\"@type\":\"ReadAction\",\"target\":[\"https:\\\/\\\/www.ramedigitalstore.com\\\/prodotto\\\/xbox-game-pass-ultimate-3-months-key\\\/\"]}]},{\"@type\":\"ImageObject\",\"inLanguage\":\"hu\",\"@id\":\"https:\\\/\\\/www.ramedigitalstore.com\\\/prodotto\\\/xbox-game-pass-ultimate-3-months-key\\\/#primaryimage\",\"url\":\"https:\\\/\\\/www.ramedigitalstore.com\\\/wp-content\\\/uploads\\\/2021\\\/04\\\/3-mesi-quadrato-top-new-off-new-1-1.jpg\",\"contentUrl\":\"https:\\\/\\\/www.ramedigitalstore.com\\\/wp-content\\\/uploads\\\/2021\\\/04\\\/3-mesi-quadrato-top-new-off-new-1-1.jpg\",\"width\":1600,\"height\":1600},{\"@type\":\"BreadcrumbList\",\"@id\":\"https:\\\/\\\/www.ramedigitalstore.com\\\/prodotto\\\/xbox-game-pass-ultimate-3-months-key\\\/#breadcrumb\",\"itemListElement\":[{\"@type\":\"ListItem\",\"position\":1,\"name\":\"Home\",\"item\":\"https:\\\/\\\/www.ramedigitalstore.com\\\/\"},{\"@type\":\"ListItem\",\"position\":2,\"name\":\"Shop\",\"item\":\"https:\\\/\\\/www.ramedigitalstore.com\\\/shop\\\/\"},{\"@type\":\"ListItem\",\"position\":3,\"name\":\"Xbox Game Pass Ultimate 3 Months &#8211; KEY\"}]},{\"@type\":\"WebSite\",\"@id\":\"https:\\\/\\\/www.ramedigitalstore.com\\\/#website\",\"url\":\"https:\\\/\\\/www.ramedigitalstore.com\\\/\",\"name\":\"Rame Digital\",\"description\":\"Digital store par excellence\",\"publisher\":{\"@id\":\"https:\\\/\\\/www.ramedigitalstore.com\\\/#organization\"},\"potentialAction\":[{\"@type\":\"SearchAction\",\"target\":{\"@type\":\"EntryPoint\",\"urlTemplate\":\"https:\\\/\\\/www.ramedigitalstore.com\\\/?s={search_term_string}\"},\"query-input\":{\"@type\":\"PropertyValueSpecification\",\"valueRequired\":true,\"valueName\":\"search_term_string\"}}],\"inLanguage\":\"hu\"},{\"@type\":\"Organization\",\"@id\":\"https:\\\/\\\/www.ramedigitalstore.com\\\/#organization\",\"name\":\"Rame Digital\",\"url\":\"https:\\\/\\\/www.ramedigitalstore.com\\\/\",\"logo\":{\"@type\":\"ImageObject\",\"inLanguage\":\"hu\",\"@id\":\"https:\\\/\\\/www.ramedigitalstore.com\\\/#\\\/schema\\\/logo\\\/image\\\/\",\"url\":\"https:\\\/\\\/www.ramedigitalstore.com\\\/wp-content\\\/uploads\\\/2021\\\/04\\\/Logo-new-quadrato-1-e1619205976915.png\",\"contentUrl\":\"https:\\\/\\\/www.ramedigitalstore.com\\\/wp-content\\\/uploads\\\/2021\\\/04\\\/Logo-new-quadrato-1-e1619205976915.png\",\"width\":256,\"height\":256,\"caption\":\"Rame Digital\"},\"image\":{\"@id\":\"https:\\\/\\\/www.ramedigitalstore.com\\\/#\\\/schema\\\/logo\\\/image\\\/\"},\"sameAs\":[\"https:\\\/\\\/www.facebook.com\\\/RameDigitalOfficial\",\"https:\\\/\\\/www.instagram.com\\\/rame_digital_official\\\/\"]}]}<\/script>\n<!-- \/ Yoast SEO Premium plugin. -->","yoast_head_json":{"title":"Xbox Game Pass Ultimate - 3 h\u00f3nap - CD-KEY - Glob\u00e1lis - Rame Digital","description":"Xbox Game Pass Ultimate a legjobb j\u00e1t\u00e9k szolg\u00e1ltat\u00e1s szinte ingyen. Soha nem volt m\u00e9g ilyen megb\u00edzhat\u00f3! Majdnem ingyenes. Csak a Rame Digitalon.","robots":{"index":"index","follow":"follow","max-snippet":"max-snippet:-1","max-image-preview":"max-image-preview:large","max-video-preview":"max-video-preview:-1"},"canonical":"https:\/\/www.ramedigitalstore.com\/hu\/prodotto\/xbox-game-pass-ultimate-3-honapos-kulcs\/","og_locale":"hu_HU","og_type":"article","og_title":"Xbox Game Pass Ultimate 3 Months - KEY","og_description":"Xbox Game Pass Ultimate the best gaming service at almost Free. It has never been so reliable! Almost free. Only on Rame Digital.","og_url":"https:\/\/www.ramedigitalstore.com\/hu\/prodotto\/xbox-game-pass-ultimate-3-honapos-kulcs\/","og_site_name":"Rame Digital","article_publisher":"https:\/\/www.facebook.com\/RameDigitalOfficial","article_modified_time":"2024-09-13T11:29:11+00:00","og_image":[{"width":1600,"height":1600,"url":"https:\/\/www.ramedigitalstore.com\/wp-content\/uploads\/2021\/04\/3-mesi-quadrato-top-new-off-new-1-1.jpg","type":"image\/jpeg"}],"twitter_card":"summary_large_image","twitter_misc":{"Becs\u00fclt olvas\u00e1si id\u0151":"2 perc"},"schema":{"@context":"https:\/\/schema.org","@graph":[{"@type":"WebPage","@id":"https:\/\/www.ramedigitalstore.com\/prodotto\/xbox-game-pass-ultimate-3-months-key\/","url":"https:\/\/www.ramedigitalstore.com\/prodotto\/xbox-game-pass-ultimate-3-months-key\/","name":"Xbox Game Pass Ultimate - 3 h\u00f3nap - CD-KEY - Glob\u00e1lis - Rame Digital","isPartOf":{"@id":"https:\/\/www.ramedigitalstore.com\/#website"},"primaryImageOfPage":{"@id":"https:\/\/www.ramedigitalstore.com\/prodotto\/xbox-game-pass-ultimate-3-months-key\/#primaryimage"},"image":{"@id":"https:\/\/www.ramedigitalstore.com\/prodotto\/xbox-game-pass-ultimate-3-months-key\/#primaryimage"},"thumbnailUrl":"https:\/\/www.ramedigitalstore.com\/wp-content\/uploads\/2021\/04\/3-mesi-quadrato-top-new-off-new-1-1.jpg","datePublished":"2021-04-21T12:28:57+00:00","dateModified":"2024-09-13T11:29:11+00:00","description":"Xbox Game Pass Ultimate a legjobb j\u00e1t\u00e9k szolg\u00e1ltat\u00e1s szinte ingyen. Soha nem volt m\u00e9g ilyen megb\u00edzhat\u00f3! Majdnem ingyenes. Csak a Rame Digitalon.","breadcrumb":{"@id":"https:\/\/www.ramedigitalstore.com\/prodotto\/xbox-game-pass-ultimate-3-months-key\/#breadcrumb"},"inLanguage":"hu","potentialAction":[{"@type":"ReadAction","target":["https:\/\/www.ramedigitalstore.com\/prodotto\/xbox-game-pass-ultimate-3-months-key\/"]}]},{"@type":"ImageObject","inLanguage":"hu","@id":"https:\/\/www.ramedigitalstore.com\/prodotto\/xbox-game-pass-ultimate-3-months-key\/#primaryimage","url":"https:\/\/www.ramedigitalstore.com\/wp-content\/uploads\/2021\/04\/3-mesi-quadrato-top-new-off-new-1-1.jpg","contentUrl":"https:\/\/www.ramedigitalstore.com\/wp-content\/uploads\/2021\/04\/3-mesi-quadrato-top-new-off-new-1-1.jpg","width":1600,"height":1600},{"@type":"BreadcrumbList","@id":"https:\/\/www.ramedigitalstore.com\/prodotto\/xbox-game-pass-ultimate-3-months-key\/#breadcrumb","itemListElement":[{"@type":"ListItem","position":1,"name":"Home","item":"https:\/\/www.ramedigitalstore.com\/"},{"@type":"ListItem","position":2,"name":"Shop","item":"https:\/\/www.ramedigitalstore.com\/shop\/"},{"@type":"ListItem","position":3,"name":"Xbox Game Pass Ultimate 3 Months &#8211; KEY"}]},{"@type":"WebSite","@id":"https:\/\/www.ramedigitalstore.com\/#website","url":"https:\/\/www.ramedigitalstore.com\/","name":"Rame Digital","description":"Digit\u00e1lis \u00e1ruh\u00e1z par excellence","publisher":{"@id":"https:\/\/www.ramedigitalstore.com\/#organization"},"potentialAction":[{"@type":"SearchAction","target":{"@type":"EntryPoint","urlTemplate":"https:\/\/www.ramedigitalstore.com\/?s={search_term_string}"},"query-input":{"@type":"PropertyValueSpecification","valueRequired":true,"valueName":"search_term_string"}}],"inLanguage":"hu"},{"@type":"Organization","@id":"https:\/\/www.ramedigitalstore.com\/#organization","name":"Rame Digital","url":"https:\/\/www.ramedigitalstore.com\/","logo":{"@type":"ImageObject","inLanguage":"hu","@id":"https:\/\/www.ramedigitalstore.com\/#\/schema\/logo\/image\/","url":"https:\/\/www.ramedigitalstore.com\/wp-content\/uploads\/2021\/04\/Logo-new-quadrato-1-e1619205976915.png","contentUrl":"https:\/\/www.ramedigitalstore.com\/wp-content\/uploads\/2021\/04\/Logo-new-quadrato-1-e1619205976915.png","width":256,"height":256,"caption":"Rame Digital"},"image":{"@id":"https:\/\/www.ramedigitalstore.com\/#\/schema\/logo\/image\/"},"sameAs":["https:\/\/www.facebook.com\/RameDigitalOfficial","https:\/\/www.instagram.com\/rame_digital_official\/"]}]}},"jetpack_sharing_enabled":true,"_links":{"self":[{"href":"https:\/\/www.ramedigitalstore.com\/hu\/wp-json\/wp\/v2\/product\/1253","targetHints":{"allow":["GET"]}}],"collection":[{"href":"https:\/\/www.ramedigitalstore.com\/hu\/wp-json\/wp\/v2\/product"}],"about":[{"href":"https:\/\/www.ramedigitalstore.com\/hu\/wp-json\/wp\/v2\/types\/product"}],"version-history":[{"count":2,"href":"https:\/\/www.ramedigitalstore.com\/hu\/wp-json\/wp\/v2\/product\/1253\/revisions"}],"predecessor-version":[{"id":6856,"href":"https:\/\/www.ramedigitalstore.com\/hu\/wp-json\/wp\/v2\/product\/1253\/revisions\/6856"}],"wp:featuredmedia":[{"embeddable":true,"href":"https:\/\/www.ramedigitalstore.com\/hu\/wp-json\/wp\/v2\/media\/1286"}],"wp:attachment":[{"href":"https:\/\/www.ramedigitalstore.com\/hu\/wp-json\/wp\/v2\/media?parent=1253"}],"wp:term":[{"taxonomy":"product_brand","embeddable":true,"href":"https:\/\/www.ramedigitalstore.com\/hu\/wp-json\/wp\/v2\/product_brand?post=1253"},{"taxonomy":"product_cat","embeddable":true,"href":"https:\/\/www.ramedigitalstore.com\/hu\/wp-json\/wp\/v2\/product_cat?post=1253"},{"taxonomy":"product_tag","embeddable":true,"href":"https:\/\/www.ramedigitalstore.com\/hu\/wp-json\/wp\/v2\/product_tag?post=1253"}],"curies":[{"name":"wp","href":"https:\/\/api.w.org\/{rel}","templated":true}]}}