{"id":1279,"date":"2021-04-21T12:28:59","date_gmt":"2021-04-21T12:28:59","guid":{"rendered":"https:\/\/www.ramedigitalstore.com\/?post_type=product&#038;p=1279"},"modified":"2021-04-21T12:31:39","modified_gmt":"2021-04-21T12:31:39","slug":"just-dance-2021-xbox-series-x-s-xbox-live-key-europe","status":"publish","type":"product","link":"https:\/\/www.ramedigitalstore.com\/hu\/prodotto\/just-dance-2021-xbox-series-x-s-xbox-live-key-europa\/","title":{"rendered":"Just Dance 2021 (Xbox Series X\/S) - Xbox Live kulcs - Eur\u00f3pa"},"content":{"rendered":"<p><strong>Just Dance\u00ae 2021<\/strong> a t\u00f6k\u00e9letes t\u00e1ncj\u00e1t\u00e9k, 40 d\u00f6g\u00f6s \u00faj zenesz\u00e1mmal olyan sl\u00e1gerekb\u0151l, mint a \"Rain On Me\" Lady Gaga &amp; Ariana Grande-t\u00f3l, a \"Kick It\" NCT 127-t\u0151l \u00e9s az \"Ice Cream\" BLACKPINK x Selena Gomez-t\u0151l. Ind\u00edtsd el a t\u00e1ncos bulit, amit a bar\u00e1taid \u00e9s a csal\u00e1dod is \u00e9lvezni fog! T\u00e1ncolj t\u00f6bb mint 600 dalra a Just Dance\u00ae Unlimited el\u0151fizet\u00e9ses streaming szolg\u00e1ltat\u00e1ssal. Egy h\u00f3nap INGYENES a j\u00e1t\u00e9khoz mell\u00e9kelve!<\/p>\n<ul>\n<li>J\u00e1tssz a bar\u00e1taiddal, \u00e9s ossz\u00e1tok meg a sz\u00f3rakoz\u00e1st a kooperat\u00edv m\u00f3ddal!<\/li>\n<li>T\u00e1ncolj \u00fagy, ahogyan szeretn\u00e9l, saj\u00e1t, szem\u00e9lyre szabott lej\u00e1tsz\u00e1si list\u00e1k l\u00e9trehoz\u00e1s\u00e1val.<\/li>\n<li>\u00c9lvezd a nyolc \u00faj, gyerekbar\u00e1t dalt \u00e9s koreogr\u00e1fi\u00e1t a csal\u00e1di sz\u00f3rakoz\u00e1s \u00e9lm\u00e9ny\u00e9\u00e9rt.<\/li>\n<li>Haszn\u00e1ld az okostelefonodat a Just Dance Controller alkalmaz\u00e1ssal a mozdulatok k\u00f6vet\u00e9s\u00e9hez - nincs sz\u00fcks\u00e9g tov\u00e1bbi kieg\u00e9sz\u00edt\u0151kre! Ak\u00e1r hat j\u00e1t\u00e9kos is csatlakozhat!<\/li>\n<\/ul>\n<p>Ez a csomag tartalmazza az Xbox One \u00e9s az Xbox Series X v\u00e1ltozatot k\u00fcl\u00f6n-k\u00fcl\u00f6n, amikor 2020. november 24-\u00e9n el\u00e9rhet\u0151v\u00e9 v\u00e1lik.<\/p>\n<p>&nbsp;<\/p>","protected":false},"excerpt":{"rendered":"<h5 style=\"text-align: center;\"><span style=\"color: #ff0000;\"><em>Ne hagyja ki ezt az aj\u00e1nlatot! Nem marad \u00f6r\u00f6kk\u00e9!<\/em><\/span><\/h5>\n<h3 class=\"c-heading-1 f-lean\" style=\"text-align: center;\"><strong class=\"x-hidden-focus\">Csak t\u00e1ncolj 2021<\/strong><\/h3>\n<p style=\"text-align: center;\"><img decoding=\"async\" class=\"alignnone size-full wp-image-1126\" src=\"https:\/\/www.ramecorporation.com\/wp-content\/uploads\/2021\/03\/21982.png\" alt=\"\" width=\"16\" height=\"16\" \/> Nincsenek rejtett k\u00f6lts\u00e9gek!<br \/>\n<img decoding=\"async\" class=\"alignnone size-full wp-image-1126\" src=\"https:\/\/www.ramecorporation.com\/wp-content\/uploads\/2021\/03\/21982.png\" alt=\"\" width=\"16\" height=\"16\" \/> 100% Term\u00e9kgarancia!<br \/>\n<img decoding=\"async\" class=\"alignnone size-full wp-image-1126\" src=\"https:\/\/www.ramecorporation.com\/wp-content\/uploads\/2021\/03\/21982.png\" alt=\"\" width=\"16\" height=\"16\" \/> 24\/7 \u00c9l\u0151 \u00fcgyf\u00e9lszolg\u00e1lat!<br \/>\n<img decoding=\"async\" class=\"alignnone size-full wp-image-1126\" src=\"https:\/\/www.ramecorporation.com\/wp-content\/uploads\/2021\/03\/21982.png\" alt=\"\" width=\"16\" height=\"16\" \/> AKTIV\u00c1L\u00d3DHAT: OLASZORSZ\u00c1GBAN \u00c9S VIL\u00c1GSZERTE<\/p>\n<p><img decoding=\"async\" class=\"size-full wp-image-1026 aligncenter\" src=\"https:\/\/www.ramecorporation.com\/wp-content\/uploads\/2021\/03\/paypal-stripe-300x120-1-e1616168752371.png\" alt=\"\" width=\"300\" height=\"108\" \/><\/p>\n<p>&nbsp;<\/p>","protected":false},"featured_media":1317,"template":"","meta":[],"product_brand":[],"product_cat":[18],"product_tag":[],"class_list":{"0":"post-1279","1":"product","2":"type-product","3":"status-publish","4":"has-post-thumbnail","6":"product_cat-game","8":"first","9":"instock","10":"sale","11":"virtual","12":"purchasable","13":"product-type-simple"},"yoast_head":"<!-- This site is optimized with the Yoast SEO Premium plugin v21.9 (Yoast SEO v27.4) - https:\/\/yoast.com\/product\/yoast-seo-premium-wordpress\/ -->\n<title>Just Dance 2021 (Xbox Series X\/S) - Xbox Live Key - EUROPE - Rame Digital<\/title>\n<meta name=\"robots\" content=\"index, follow, max-snippet:-1, max-image-preview:large, max-video-preview:-1\" \/>\n<link rel=\"canonical\" href=\"https:\/\/www.ramedigitalstore.com\/hu\/prodotto\/just-dance-2021-xbox-series-x-s-xbox-live-key-europa\/\" \/>\n<meta property=\"og:locale\" content=\"hu_HU\" \/>\n<meta property=\"og:type\" content=\"article\" \/>\n<meta property=\"og:title\" content=\"Just Dance 2021 (Xbox Series X\/S) - Xbox Live Key - EUROPE\" \/>\n<meta property=\"og:description\" content=\"Don&#039;t miss this offer! Will not remain forever! Just dance 2021  No hidden costs!  100% Product guarantee!  24\/7 Customer Live Support!  CAN ACTIVATE IN: ITALY AND WORLDWIDE   &nbsp;\" \/>\n<meta property=\"og:url\" content=\"https:\/\/www.ramedigitalstore.com\/hu\/prodotto\/just-dance-2021-xbox-series-x-s-xbox-live-key-europa\/\" \/>\n<meta property=\"og:site_name\" content=\"Rame Digital\" \/>\n<meta property=\"article:publisher\" content=\"https:\/\/www.facebook.com\/RameDigitalOfficial\" \/>\n<meta property=\"article:modified_time\" content=\"2021-04-21T12:31:39+00:00\" \/>\n<meta property=\"og:image\" content=\"https:\/\/www.ramedigitalstore.com\/wp-content\/uploads\/2021\/04\/justdance2021-1.jpg\" \/>\n\t<meta property=\"og:image:width\" content=\"1155\" \/>\n\t<meta property=\"og:image:height\" content=\"770\" \/>\n\t<meta property=\"og:image:type\" content=\"image\/jpeg\" \/>\n<meta name=\"twitter:card\" content=\"summary_large_image\" \/>\n<meta name=\"twitter:label1\" content=\"Becs\u00fclt olvas\u00e1si id\u0151\" \/>\n\t<meta name=\"twitter:data1\" content=\"1 perc\" \/>\n<script type=\"application\/ld+json\" class=\"yoast-schema-graph\">{\"@context\":\"https:\\\/\\\/schema.org\",\"@graph\":[{\"@type\":\"WebPage\",\"@id\":\"https:\\\/\\\/www.ramedigitalstore.com\\\/prodotto\\\/just-dance-2021-xbox-series-x-s-xbox-live-key-europe\\\/\",\"url\":\"https:\\\/\\\/www.ramedigitalstore.com\\\/prodotto\\\/just-dance-2021-xbox-series-x-s-xbox-live-key-europe\\\/\",\"name\":\"Just Dance 2021 (Xbox Series X\\\/S) - Xbox Live Key - EUROPE - Rame Digital\",\"isPartOf\":{\"@id\":\"https:\\\/\\\/www.ramedigitalstore.com\\\/#website\"},\"primaryImageOfPage\":{\"@id\":\"https:\\\/\\\/www.ramedigitalstore.com\\\/prodotto\\\/just-dance-2021-xbox-series-x-s-xbox-live-key-europe\\\/#primaryimage\"},\"image\":{\"@id\":\"https:\\\/\\\/www.ramedigitalstore.com\\\/prodotto\\\/just-dance-2021-xbox-series-x-s-xbox-live-key-europe\\\/#primaryimage\"},\"thumbnailUrl\":\"https:\\\/\\\/www.ramedigitalstore.com\\\/wp-content\\\/uploads\\\/2021\\\/04\\\/justdance2021-1.jpg\",\"datePublished\":\"2021-04-21T12:28:59+00:00\",\"dateModified\":\"2021-04-21T12:31:39+00:00\",\"breadcrumb\":{\"@id\":\"https:\\\/\\\/www.ramedigitalstore.com\\\/prodotto\\\/just-dance-2021-xbox-series-x-s-xbox-live-key-europe\\\/#breadcrumb\"},\"inLanguage\":\"hu\",\"potentialAction\":[{\"@type\":\"ReadAction\",\"target\":[\"https:\\\/\\\/www.ramedigitalstore.com\\\/prodotto\\\/just-dance-2021-xbox-series-x-s-xbox-live-key-europe\\\/\"]}]},{\"@type\":\"ImageObject\",\"inLanguage\":\"hu\",\"@id\":\"https:\\\/\\\/www.ramedigitalstore.com\\\/prodotto\\\/just-dance-2021-xbox-series-x-s-xbox-live-key-europe\\\/#primaryimage\",\"url\":\"https:\\\/\\\/www.ramedigitalstore.com\\\/wp-content\\\/uploads\\\/2021\\\/04\\\/justdance2021-1.jpg\",\"contentUrl\":\"https:\\\/\\\/www.ramedigitalstore.com\\\/wp-content\\\/uploads\\\/2021\\\/04\\\/justdance2021-1.jpg\",\"width\":1155,\"height\":770},{\"@type\":\"BreadcrumbList\",\"@id\":\"https:\\\/\\\/www.ramedigitalstore.com\\\/prodotto\\\/just-dance-2021-xbox-series-x-s-xbox-live-key-europe\\\/#breadcrumb\",\"itemListElement\":[{\"@type\":\"ListItem\",\"position\":1,\"name\":\"Home\",\"item\":\"https:\\\/\\\/www.ramedigitalstore.com\\\/\"},{\"@type\":\"ListItem\",\"position\":2,\"name\":\"Shop\",\"item\":\"https:\\\/\\\/www.ramedigitalstore.com\\\/shop\\\/\"},{\"@type\":\"ListItem\",\"position\":3,\"name\":\"Just Dance 2021 (Xbox Series X\\\/S) &#8211; Xbox Live Key &#8211; EUROPE\"}]},{\"@type\":\"WebSite\",\"@id\":\"https:\\\/\\\/www.ramedigitalstore.com\\\/#website\",\"url\":\"https:\\\/\\\/www.ramedigitalstore.com\\\/\",\"name\":\"Rame Digital\",\"description\":\"Digital store par excellence\",\"publisher\":{\"@id\":\"https:\\\/\\\/www.ramedigitalstore.com\\\/#organization\"},\"potentialAction\":[{\"@type\":\"SearchAction\",\"target\":{\"@type\":\"EntryPoint\",\"urlTemplate\":\"https:\\\/\\\/www.ramedigitalstore.com\\\/?s={search_term_string}\"},\"query-input\":{\"@type\":\"PropertyValueSpecification\",\"valueRequired\":true,\"valueName\":\"search_term_string\"}}],\"inLanguage\":\"hu\"},{\"@type\":\"Organization\",\"@id\":\"https:\\\/\\\/www.ramedigitalstore.com\\\/#organization\",\"name\":\"Rame Digital\",\"url\":\"https:\\\/\\\/www.ramedigitalstore.com\\\/\",\"logo\":{\"@type\":\"ImageObject\",\"inLanguage\":\"hu\",\"@id\":\"https:\\\/\\\/www.ramedigitalstore.com\\\/#\\\/schema\\\/logo\\\/image\\\/\",\"url\":\"https:\\\/\\\/www.ramedigitalstore.com\\\/wp-content\\\/uploads\\\/2021\\\/04\\\/Logo-new-quadrato-1-e1619205976915.png\",\"contentUrl\":\"https:\\\/\\\/www.ramedigitalstore.com\\\/wp-content\\\/uploads\\\/2021\\\/04\\\/Logo-new-quadrato-1-e1619205976915.png\",\"width\":256,\"height\":256,\"caption\":\"Rame Digital\"},\"image\":{\"@id\":\"https:\\\/\\\/www.ramedigitalstore.com\\\/#\\\/schema\\\/logo\\\/image\\\/\"},\"sameAs\":[\"https:\\\/\\\/www.facebook.com\\\/RameDigitalOfficial\",\"https:\\\/\\\/www.instagram.com\\\/rame_digital_official\\\/\"]}]}<\/script>\n<!-- \/ Yoast SEO Premium plugin. -->","yoast_head_json":{"title":"Just Dance 2021 (Xbox Series X\/S) - Xbox Live kulcs - Eur\u00f3pa - Rame Digital","robots":{"index":"index","follow":"follow","max-snippet":"max-snippet:-1","max-image-preview":"max-image-preview:large","max-video-preview":"max-video-preview:-1"},"canonical":"https:\/\/www.ramedigitalstore.com\/hu\/prodotto\/just-dance-2021-xbox-series-x-s-xbox-live-key-europa\/","og_locale":"hu_HU","og_type":"article","og_title":"Just Dance 2021 (Xbox Series X\/S) - Xbox Live Key - EUROPE","og_description":"Don't miss this offer! Will not remain forever! Just dance 2021  No hidden costs!  100% Product guarantee!  24\/7 Customer Live Support!  CAN ACTIVATE IN: ITALY AND WORLDWIDE   &nbsp;","og_url":"https:\/\/www.ramedigitalstore.com\/hu\/prodotto\/just-dance-2021-xbox-series-x-s-xbox-live-key-europa\/","og_site_name":"Rame Digital","article_publisher":"https:\/\/www.facebook.com\/RameDigitalOfficial","article_modified_time":"2021-04-21T12:31:39+00:00","og_image":[{"width":1155,"height":770,"url":"https:\/\/www.ramedigitalstore.com\/wp-content\/uploads\/2021\/04\/justdance2021-1.jpg","type":"image\/jpeg"}],"twitter_card":"summary_large_image","twitter_misc":{"Becs\u00fclt olvas\u00e1si id\u0151":"1 perc"},"schema":{"@context":"https:\/\/schema.org","@graph":[{"@type":"WebPage","@id":"https:\/\/www.ramedigitalstore.com\/prodotto\/just-dance-2021-xbox-series-x-s-xbox-live-key-europe\/","url":"https:\/\/www.ramedigitalstore.com\/prodotto\/just-dance-2021-xbox-series-x-s-xbox-live-key-europe\/","name":"Just Dance 2021 (Xbox Series X\/S) - Xbox Live kulcs - Eur\u00f3pa - Rame Digital","isPartOf":{"@id":"https:\/\/www.ramedigitalstore.com\/#website"},"primaryImageOfPage":{"@id":"https:\/\/www.ramedigitalstore.com\/prodotto\/just-dance-2021-xbox-series-x-s-xbox-live-key-europe\/#primaryimage"},"image":{"@id":"https:\/\/www.ramedigitalstore.com\/prodotto\/just-dance-2021-xbox-series-x-s-xbox-live-key-europe\/#primaryimage"},"thumbnailUrl":"https:\/\/www.ramedigitalstore.com\/wp-content\/uploads\/2021\/04\/justdance2021-1.jpg","datePublished":"2021-04-21T12:28:59+00:00","dateModified":"2021-04-21T12:31:39+00:00","breadcrumb":{"@id":"https:\/\/www.ramedigitalstore.com\/prodotto\/just-dance-2021-xbox-series-x-s-xbox-live-key-europe\/#breadcrumb"},"inLanguage":"hu","potentialAction":[{"@type":"ReadAction","target":["https:\/\/www.ramedigitalstore.com\/prodotto\/just-dance-2021-xbox-series-x-s-xbox-live-key-europe\/"]}]},{"@type":"ImageObject","inLanguage":"hu","@id":"https:\/\/www.ramedigitalstore.com\/prodotto\/just-dance-2021-xbox-series-x-s-xbox-live-key-europe\/#primaryimage","url":"https:\/\/www.ramedigitalstore.com\/wp-content\/uploads\/2021\/04\/justdance2021-1.jpg","contentUrl":"https:\/\/www.ramedigitalstore.com\/wp-content\/uploads\/2021\/04\/justdance2021-1.jpg","width":1155,"height":770},{"@type":"BreadcrumbList","@id":"https:\/\/www.ramedigitalstore.com\/prodotto\/just-dance-2021-xbox-series-x-s-xbox-live-key-europe\/#breadcrumb","itemListElement":[{"@type":"ListItem","position":1,"name":"Home","item":"https:\/\/www.ramedigitalstore.com\/"},{"@type":"ListItem","position":2,"name":"Shop","item":"https:\/\/www.ramedigitalstore.com\/shop\/"},{"@type":"ListItem","position":3,"name":"Just Dance 2021 (Xbox Series X\/S) &#8211; Xbox Live Key &#8211; EUROPE"}]},{"@type":"WebSite","@id":"https:\/\/www.ramedigitalstore.com\/#website","url":"https:\/\/www.ramedigitalstore.com\/","name":"Rame Digital","description":"Digit\u00e1lis \u00e1ruh\u00e1z par excellence","publisher":{"@id":"https:\/\/www.ramedigitalstore.com\/#organization"},"potentialAction":[{"@type":"SearchAction","target":{"@type":"EntryPoint","urlTemplate":"https:\/\/www.ramedigitalstore.com\/?s={search_term_string}"},"query-input":{"@type":"PropertyValueSpecification","valueRequired":true,"valueName":"search_term_string"}}],"inLanguage":"hu"},{"@type":"Organization","@id":"https:\/\/www.ramedigitalstore.com\/#organization","name":"Rame Digital","url":"https:\/\/www.ramedigitalstore.com\/","logo":{"@type":"ImageObject","inLanguage":"hu","@id":"https:\/\/www.ramedigitalstore.com\/#\/schema\/logo\/image\/","url":"https:\/\/www.ramedigitalstore.com\/wp-content\/uploads\/2021\/04\/Logo-new-quadrato-1-e1619205976915.png","contentUrl":"https:\/\/www.ramedigitalstore.com\/wp-content\/uploads\/2021\/04\/Logo-new-quadrato-1-e1619205976915.png","width":256,"height":256,"caption":"Rame Digital"},"image":{"@id":"https:\/\/www.ramedigitalstore.com\/#\/schema\/logo\/image\/"},"sameAs":["https:\/\/www.facebook.com\/RameDigitalOfficial","https:\/\/www.instagram.com\/rame_digital_official\/"]}]}},"jetpack_sharing_enabled":true,"_links":{"self":[{"href":"https:\/\/www.ramedigitalstore.com\/hu\/wp-json\/wp\/v2\/product\/1279","targetHints":{"allow":["GET"]}}],"collection":[{"href":"https:\/\/www.ramedigitalstore.com\/hu\/wp-json\/wp\/v2\/product"}],"about":[{"href":"https:\/\/www.ramedigitalstore.com\/hu\/wp-json\/wp\/v2\/types\/product"}],"version-history":[{"count":0,"href":"https:\/\/www.ramedigitalstore.com\/hu\/wp-json\/wp\/v2\/product\/1279\/revisions"}],"wp:featuredmedia":[{"embeddable":true,"href":"https:\/\/www.ramedigitalstore.com\/hu\/wp-json\/wp\/v2\/media\/1317"}],"wp:attachment":[{"href":"https:\/\/www.ramedigitalstore.com\/hu\/wp-json\/wp\/v2\/media?parent=1279"}],"wp:term":[{"taxonomy":"product_brand","embeddable":true,"href":"https:\/\/www.ramedigitalstore.com\/hu\/wp-json\/wp\/v2\/product_brand?post=1279"},{"taxonomy":"product_cat","embeddable":true,"href":"https:\/\/www.ramedigitalstore.com\/hu\/wp-json\/wp\/v2\/product_cat?post=1279"},{"taxonomy":"product_tag","embeddable":true,"href":"https:\/\/www.ramedigitalstore.com\/hu\/wp-json\/wp\/v2\/product_tag?post=1279"}],"curies":[{"name":"wp","href":"https:\/\/api.w.org\/{rel}","templated":true}]}}