{"id":1759,"date":"2021-08-25T21:21:16","date_gmt":"2021-08-25T21:21:16","guid":{"rendered":"https:\/\/www.ramedigitalstore.com\/?post_type=product&#038;p=1759"},"modified":"2025-10-01T21:44:11","modified_gmt":"2025-10-01T21:44:11","slug":"xbox-game-pass-ultimate-4-months-global","status":"publish","type":"product","link":"https:\/\/www.ramedigitalstore.com\/hu\/prodotto\/xbox-game-pass-ultimate-4-months-global\/","title":{"rendered":"Xbox Game Pass Ultimate 4 h\u00f3nap - GLOB\u00c1LIS"},"content":{"rendered":"<h3 style=\"text-align: center;\"><strong><span style=\"color: #8f00ff;\"><span style=\"vertical-align: inherit;\">Meg\u00faj\u00edthatja el\u0151fizet\u00e9s\u00e9t profilv\u00e1lt\u00e1s n\u00e9lk\u00fcl!<\/span><\/span><\/strong><\/h3>\n<h3 class=\"c-heading-1 f-lean\" style=\"text-align: center;\">4 h\u00f3napos Game Pass Ultimate j\u00e1t\u00e9kot kapsz.<\/h3>\n<h4 class=\"c-heading-1 f-lean\" style=\"text-align: center;\">A szem\u00e9lyes profilodon l\u00e9v\u0151 el\u0151fizet\u00e9s meg\u00faj\u00edt\u00e1s\u00e1hoz egyszer\u0171en add hozz\u00e1 a hiteles\u00edt\u0151 adatokat a konzolodon vagy a sz\u00e1m\u00edt\u00f3g\u00e9peden.<\/h4>\n<h3 style=\"text-align: center;\"><strong><span style=\"color: #ff0000;\">Nem kap megosztott fi\u00f3kot.<\/span><\/strong><\/h3>\n<p style=\"text-align: center;\"><strong>Kiz\u00e1r\u00f3lag az \u00d6n sz\u00e1m\u00e1ra l\u00e9trehozott hiteles\u00edt\u0151 adatokat fog kapni. Az \u00d6n sz\u00e1m\u00e1t kapcsolattart\u00e1si\/vissza\u00e1ll\u00edt\u00e1si m\u00f3dk\u00e9nt \u00e1ll\u00edtjuk be, hogy a maxim\u00e1lis biztons\u00e1g \u00e9rdek\u00e9ben csak \u00d6n tudja b\u00e1rmikor megv\u00e1ltoztatni azokat.<\/strong><\/p>\n<p style=\"text-align: center;\"><strong>Miut\u00e1n hozz\u00e1adta a konzolj\u00e1hoz, \u00e9szreveheti, hogy a szem\u00e9lyes profilja ism\u00e9t Xbox Game Pass Ultimate jogosults\u00e1gokkal fog rendelkezni, majd online j\u00e1tszhat \u00e9s let\u00f6lthet j\u00e1t\u00e9kokat a k\u00fcl\u00f6nb\u00f6z\u0151 Game Pass, Live Gold \u00e9s EA Play katal\u00f3gusokb\u00f3l.<\/strong><\/p>\n<p style=\"text-align: center;\"><strong>Egyszerre 2 konzolon m\u0171k\u00f6dik, k\u00f6nnyen v\u00e1lthat, majd megoszthatja az el\u0151fizet\u00e9st egy bar\u00e1tj\u00e1val\/csal\u00e1dj\u00e1val.<\/strong><\/p>\n<p style=\"text-align: center;\"><strong>Tov\u00e1bbi r\u00e9szletek\u00e9rt k\u00e9rj\u00fck, l\u00e9pjen kapcsolatba vel\u00fcnk a k\u00f6vetkez\u0151 c\u00edmen <\/strong><a href=\"https:\/\/api.whatsapp.com\/send?phone=393888680074&amp;text=Hi!%20Can%20i%20have%20information%20about%20Game%20Pass%20Ultimate%20Alternative%20Key?\"><strong>+39 388 868 0074.<\/strong><\/a><\/p>\n<p style=\"text-align: center;\"><strong>A hiteles\u00edt\u0151 adatok 100% lesz a ti\u00e9d, amint \u00e1tadjuk, mi m\u00e1r nem f\u00e9r\u00fcnk hozz\u00e1, \u00e9s azt csin\u00e1lsz, amit akarsz.<\/strong><\/p>\n<p style=\"text-align: center;\">Ha szigor\u00faan kulcsot keres, \u00e9s nem alternat\u00edv m\u00f3dszert a ment\u00e9sre, l\u00e1togasson el a<\/p>\n<h3 style=\"text-align: center;\"><a href=\"https:\/\/www.ramedigitalstore.com\/hu\/prodotto\/xbox-game-pass-ultimate-3-honapos-kulcs\/\"> <strong><span style=\"color: #8f00ff;\"><span style=\"vertical-align: inherit;\">Xbox Game Pass Ultimate 3 h\u00f3napos kulcs<\/span><\/span><\/strong><\/a><\/h3>\n<p>&nbsp;<\/p>\n<h3 style=\"text-align: center;\"><strong><span style=\"vertical-align: inherit;\">Xbox Game Pass Ultimate megv\u00e1s\u00e1rl\u00e1sa: Rame Digital: Olcs\u00f3n \u00e9s biztons\u00e1gosan <\/span><\/strong><\/h3>\n<p style=\"text-align: center;\"><span style=\"vertical-align: inherit;\">Ha a Game Pass Ultimate megv\u00e1s\u00e1rl\u00e1sa mellett d\u00f6nt\u00f6tt\u00e9l, akkor a teljes el\u0151fizet\u00e9st a Rame Digitalon v\u00e1s\u00e1rolhatod meg kedvez\u0151 felt\u00e9telekkel. A v\u00e1s\u00e1rl\u00f3k \u00e9lvezhetik a tesztelt szolg\u00e1ltat\u00e1s min\u0151s\u00e9g\u00e9nek el\u0151nyeit, \u00e9s rendk\u00edv\u00fcl egyszer\u0171 \u00e9s egyszer\u0171 v\u00e1s\u00e1rl\u00e1si folyamatot \u00e9lvezhetnek. A k\u00edv\u00e1nt el\u0151fizet\u00e9s nem k\u00fcldik a v\u00e1s\u00e1rl\u00f3nak terjedelmes, mint egy CD \/ DVD, k\u00f6vetkez\u00e9sk\u00e9ppen, hanem csak egy fi\u00f3kot postai \u00faton. Ez\u00e9rt a v\u00e1s\u00e1rl\u00f3 a v\u00e1s\u00e1rl\u00e1s \u00e9s a p\u00e9nz be\u00e9rkez\u00e9se ut\u00e1n azonnal megkapja az \u00e1rut. Ha t\u00f6bbet szeretne megtudni, olvassa el: \u00c1ltal\u00e1nos Szerz\u0151d\u00e9si Felt\u00e9telek \u00e9s Adatv\u00e9delem\/ Adatv\u00e9delmi szab\u00e1lyzat vagy GYIK<\/span><\/p>\n<p style=\"text-align: center;\"><span style=\"vertical-align: inherit;\">A Rame Digitaln\u00e1l viszont a seg\u00edts\u00e9g mindig ingyenes.<\/span><\/p>\n<h3 class=\"text-center\" style=\"text-align: center;\"><span style=\"vertical-align: inherit;\">B\u00e1rmilyen eszk\u00f6zt is haszn\u00e1lsz, az Xbox Game Pass Ultimate seg\u00edts\u00e9g\u00e9vel.<\/span><\/h3>\n<ul class=\"list list-withIcons\" style=\"text-align: center;\">\n<li><img decoding=\"async\" src=\"https:\/\/static3.avast.com\/20001227\/web\/i\/v2\/components\/win.svg\" alt=\"\" \/>Windows 10 (NE V\u00c1LTOZZON PROFILT)<br \/>\nMinden Xboxon m\u0171k\u00f6dik (NE V\u00c1LTOZZON PROFILT)<\/li>\n<\/ul>\n<h2 class=\"text-center\" style=\"text-align: center;\"><\/h2>\n<h3 class=\"text-center\" style=\"text-align: center;\"><strong><span style=\"vertical-align: inherit;\">Gyors sz\u00e1ll\u00edt\u00e1s, maximum 6 \u00f3ra e-mailben.<\/span><\/strong><\/h3>\n<p style=\"text-align: center;\"><strong>Egy olyan fi\u00f3kot biztos\u00edtunk, amelynek funkci\u00f3ja megegyezik a kulcs\u00e9val. Az aktiv\u00e1l\u00e1si elj\u00e1r\u00e1sr\u00f3l e-mailben t\u00e1j\u00e9koztatjuk.<\/strong><\/p>\n<p style=\"text-align: center;\"><span style=\"vertical-align: inherit;\">K\u00f6vessen minket <\/span><a href=\"https:\/\/www.facebook.com\/RameDigitalOfficial\/\"><span style=\"vertical-align: inherit;\">Facebook<\/span><\/a><\/p>","protected":false},"excerpt":{"rendered":"<div class=\"hd-listinghead\" style=\"font-size: 15pt; font-family: Arial; text-align: center;\">\n<p>&nbsp;<\/p>\n<\/div>\n<h5 style=\"text-align: center;\"><span style=\"color: #ff0000;\"><em><span style=\"vertical-align: inherit;\">Non perdere questa offerta! Non rimarr\u00e0 per sempre!<\/span><\/em><\/span><\/h5>\n<div class=\"hd-listinghead\" style=\"font-size: 19pt; font-family: Arial; text-align: center;\"><strong><span style=\"color: #8f00ff;\"><span style=\"vertical-align: inherit;\">Prolunga il tuo abbonamento oggi!<\/span><\/span><\/strong><\/div>\n<p style=\"text-align: center;\"><img decoding=\"async\" class=\"alignnone size-full wp-image-1126\" src=\"https:\/\/www.ramecorporation.com\/wp-content\/uploads\/2021\/03\/21982.png\" alt=\"\" width=\"16\" height=\"25\" \/> <strong><span style=\"vertical-align: inherit;\">NON DEVI CAMBIARE ACCOUNT !<\/span><\/strong><br \/>\n<img decoding=\"async\" class=\"alignnone size-full wp-image-1126\" src=\"https:\/\/www.ramecorporation.com\/wp-content\/uploads\/2021\/03\/21982.png\" alt=\"\" width=\"16\" height=\"16\" \/> Useremo il tuo numero come metodo di recupero.<br \/>\n<img decoding=\"async\" class=\"alignnone size-full wp-image-1126\" src=\"https:\/\/www.ramecorporation.com\/wp-content\/uploads\/2021\/03\/21982.png\" alt=\"\" width=\"16\" height=\"16\" \/>Utilizzabile con abb. ultimate in scadenza\/scaduto.<br \/>\n<span style=\"vertical-align: inherit;\">\u00a0<img decoding=\"async\" class=\"alignnone size-full wp-image-1126\" src=\"https:\/\/www.ramecorporation.com\/wp-content\/uploads\/2021\/03\/21982.png\" alt=\"\" width=\"16\" height=\"16\" \/>\u00a0 Consegna tramite email max. 3 \u00f3ra alatt.<\/span><br \/>\n<img decoding=\"async\" class=\"alignnone size-full wp-image-1126\" src=\"https:\/\/www.ramecorporation.com\/wp-content\/uploads\/2021\/03\/21982.png\" alt=\"\" width=\"16\" height=\"16\" \/> <span style=\"vertical-align: inherit;\">Garantita assistenza 7\/7.<\/span><\/p>\n<p><img fetchpriority=\"high\" decoding=\"async\" class=\"alignnone wp-image-1771 size-full\" src=\"https:\/\/www.ramedigitalstore.com\/it\/wp-content\/uploads\/2021\/05\/payment.png\" alt=\"\" width=\"783\" height=\"172\" \/><\/p>","protected":false},"featured_media":2131,"template":"","meta":[],"product_brand":[],"product_cat":[18,19],"product_tag":[20,5,21,22],"class_list":{"0":"post-1759","1":"product","2":"type-product","3":"status-publish","4":"has-post-thumbnail","6":"product_cat-game","7":"product_cat-xbox-pc","8":"product_tag-account","9":"product_tag-key-global","10":"product_tag-xbox","11":"product_tag-xbox-game-pass-ultimate","13":"first","14":"outofstock","15":"sale","16":"virtual","17":"purchasable","18":"product-type-simple"},"yoast_head":"<!-- This site is optimized with the Yoast SEO Premium plugin v21.9 (Yoast SEO v27.3) - https:\/\/yoast.com\/product\/yoast-seo-premium-wordpress\/ -->\n<title>Xbox Game Pass Ultimate - 3 Months - CD-KEY - Global - Rame Digital<\/title>\n<meta name=\"description\" content=\"Xbox Game Pass Ultimate the best gaming service at almost Free. It has never been so reliable! Almost free. Only on Rame Digital.\" \/>\n<meta name=\"robots\" content=\"index, follow, max-snippet:-1, max-image-preview:large, max-video-preview:-1\" \/>\n<link rel=\"canonical\" href=\"https:\/\/www.ramedigitalstore.com\/hu\/prodotto\/xbox-game-pass-ultimate-4-months-global\/\" \/>\n<meta property=\"og:locale\" content=\"hu_HU\" \/>\n<meta property=\"og:type\" content=\"article\" \/>\n<meta property=\"og:title\" content=\"Xbox Game Pass Ultimate 4 Months - GLOBAL\" \/>\n<meta property=\"og:description\" content=\"Xbox Game Pass Ultimate the best gaming service at almost Free. It has never been so reliable! Almost free. Only on Rame Digital.\" \/>\n<meta property=\"og:url\" content=\"https:\/\/www.ramedigitalstore.com\/hu\/prodotto\/xbox-game-pass-ultimate-4-months-global\/\" \/>\n<meta property=\"og:site_name\" content=\"Rame Digital\" \/>\n<meta property=\"article:publisher\" content=\"https:\/\/www.facebook.com\/RameDigitalOfficial\" \/>\n<meta property=\"article:modified_time\" content=\"2025-10-01T21:44:11+00:00\" \/>\n<meta property=\"og:image\" content=\"https:\/\/www.ramedigitalstore.com\/wp-content\/uploads\/2021\/08\/Alternative-key-4-mesi.jpg\" \/>\n\t<meta property=\"og:image:width\" content=\"1600\" \/>\n\t<meta property=\"og:image:height\" content=\"1600\" \/>\n\t<meta property=\"og:image:type\" content=\"image\/jpeg\" \/>\n<meta name=\"twitter:card\" content=\"summary_large_image\" \/>\n<meta name=\"twitter:label1\" content=\"Becs\u00fclt olvas\u00e1si id\u0151\" \/>\n\t<meta name=\"twitter:data1\" content=\"2 perc\" \/>\n<script type=\"application\/ld+json\" class=\"yoast-schema-graph\">{\"@context\":\"https:\\\/\\\/schema.org\",\"@graph\":[{\"@type\":\"WebPage\",\"@id\":\"https:\\\/\\\/www.ramedigitalstore.com\\\/prodotto\\\/xbox-game-pass-ultimate-4-months-global\\\/\",\"url\":\"https:\\\/\\\/www.ramedigitalstore.com\\\/prodotto\\\/xbox-game-pass-ultimate-4-months-global\\\/\",\"name\":\"Xbox Game Pass Ultimate - 3 Months - CD-KEY - Global - Rame Digital\",\"isPartOf\":{\"@id\":\"https:\\\/\\\/www.ramedigitalstore.com\\\/#website\"},\"primaryImageOfPage\":{\"@id\":\"https:\\\/\\\/www.ramedigitalstore.com\\\/prodotto\\\/xbox-game-pass-ultimate-4-months-global\\\/#primaryimage\"},\"image\":{\"@id\":\"https:\\\/\\\/www.ramedigitalstore.com\\\/prodotto\\\/xbox-game-pass-ultimate-4-months-global\\\/#primaryimage\"},\"thumbnailUrl\":\"https:\\\/\\\/www.ramedigitalstore.com\\\/wp-content\\\/uploads\\\/2021\\\/08\\\/Alternative-key-4-mesi.jpg\",\"datePublished\":\"2021-08-25T21:21:16+00:00\",\"dateModified\":\"2025-10-01T21:44:11+00:00\",\"description\":\"Xbox Game Pass Ultimate the best gaming service at almost Free. It has never been so reliable! Almost free. Only on Rame Digital.\",\"breadcrumb\":{\"@id\":\"https:\\\/\\\/www.ramedigitalstore.com\\\/prodotto\\\/xbox-game-pass-ultimate-4-months-global\\\/#breadcrumb\"},\"inLanguage\":\"hu\",\"potentialAction\":[{\"@type\":\"ReadAction\",\"target\":[\"https:\\\/\\\/www.ramedigitalstore.com\\\/prodotto\\\/xbox-game-pass-ultimate-4-months-global\\\/\"]}]},{\"@type\":\"ImageObject\",\"inLanguage\":\"hu\",\"@id\":\"https:\\\/\\\/www.ramedigitalstore.com\\\/prodotto\\\/xbox-game-pass-ultimate-4-months-global\\\/#primaryimage\",\"url\":\"https:\\\/\\\/www.ramedigitalstore.com\\\/wp-content\\\/uploads\\\/2021\\\/08\\\/Alternative-key-4-mesi.jpg\",\"contentUrl\":\"https:\\\/\\\/www.ramedigitalstore.com\\\/wp-content\\\/uploads\\\/2021\\\/08\\\/Alternative-key-4-mesi.jpg\",\"width\":1600,\"height\":1600,\"caption\":\"Xbox Game Pass Ultimate - Alternative Key - Rame Digital\"},{\"@type\":\"BreadcrumbList\",\"@id\":\"https:\\\/\\\/www.ramedigitalstore.com\\\/prodotto\\\/xbox-game-pass-ultimate-4-months-global\\\/#breadcrumb\",\"itemListElement\":[{\"@type\":\"ListItem\",\"position\":1,\"name\":\"Home\",\"item\":\"https:\\\/\\\/www.ramedigitalstore.com\\\/\"},{\"@type\":\"ListItem\",\"position\":2,\"name\":\"Shop\",\"item\":\"https:\\\/\\\/www.ramedigitalstore.com\\\/shop\\\/\"},{\"@type\":\"ListItem\",\"position\":3,\"name\":\"Xbox Game Pass Ultimate 4 Months &#8211; GLOBAL\"}]},{\"@type\":\"WebSite\",\"@id\":\"https:\\\/\\\/www.ramedigitalstore.com\\\/#website\",\"url\":\"https:\\\/\\\/www.ramedigitalstore.com\\\/\",\"name\":\"Rame Digital\",\"description\":\"Digital store par excellence\",\"publisher\":{\"@id\":\"https:\\\/\\\/www.ramedigitalstore.com\\\/#organization\"},\"potentialAction\":[{\"@type\":\"SearchAction\",\"target\":{\"@type\":\"EntryPoint\",\"urlTemplate\":\"https:\\\/\\\/www.ramedigitalstore.com\\\/?s={search_term_string}\"},\"query-input\":{\"@type\":\"PropertyValueSpecification\",\"valueRequired\":true,\"valueName\":\"search_term_string\"}}],\"inLanguage\":\"hu\"},{\"@type\":\"Organization\",\"@id\":\"https:\\\/\\\/www.ramedigitalstore.com\\\/#organization\",\"name\":\"Rame Digital\",\"url\":\"https:\\\/\\\/www.ramedigitalstore.com\\\/\",\"logo\":{\"@type\":\"ImageObject\",\"inLanguage\":\"hu\",\"@id\":\"https:\\\/\\\/www.ramedigitalstore.com\\\/#\\\/schema\\\/logo\\\/image\\\/\",\"url\":\"https:\\\/\\\/www.ramedigitalstore.com\\\/wp-content\\\/uploads\\\/2021\\\/04\\\/Logo-new-quadrato-1-e1619205976915.png\",\"contentUrl\":\"https:\\\/\\\/www.ramedigitalstore.com\\\/wp-content\\\/uploads\\\/2021\\\/04\\\/Logo-new-quadrato-1-e1619205976915.png\",\"width\":256,\"height\":256,\"caption\":\"Rame Digital\"},\"image\":{\"@id\":\"https:\\\/\\\/www.ramedigitalstore.com\\\/#\\\/schema\\\/logo\\\/image\\\/\"},\"sameAs\":[\"https:\\\/\\\/www.facebook.com\\\/RameDigitalOfficial\",\"https:\\\/\\\/www.instagram.com\\\/rame_digital_official\\\/\"]}]}<\/script>\n<!-- \/ Yoast SEO Premium plugin. -->","yoast_head_json":{"title":"Xbox Game Pass Ultimate - 3 h\u00f3nap - CD-KEY - Glob\u00e1lis - Rame Digital","description":"Xbox Game Pass Ultimate a legjobb j\u00e1t\u00e9k szolg\u00e1ltat\u00e1s szinte ingyen. Soha nem volt m\u00e9g ilyen megb\u00edzhat\u00f3! Majdnem ingyenes. Csak a Rame Digitalon.","robots":{"index":"index","follow":"follow","max-snippet":"max-snippet:-1","max-image-preview":"max-image-preview:large","max-video-preview":"max-video-preview:-1"},"canonical":"https:\/\/www.ramedigitalstore.com\/hu\/prodotto\/xbox-game-pass-ultimate-4-months-global\/","og_locale":"hu_HU","og_type":"article","og_title":"Xbox Game Pass Ultimate 4 Months - GLOBAL","og_description":"Xbox Game Pass Ultimate the best gaming service at almost Free. It has never been so reliable! Almost free. Only on Rame Digital.","og_url":"https:\/\/www.ramedigitalstore.com\/hu\/prodotto\/xbox-game-pass-ultimate-4-months-global\/","og_site_name":"Rame Digital","article_publisher":"https:\/\/www.facebook.com\/RameDigitalOfficial","article_modified_time":"2025-10-01T21:44:11+00:00","og_image":[{"width":1600,"height":1600,"url":"https:\/\/www.ramedigitalstore.com\/wp-content\/uploads\/2021\/08\/Alternative-key-4-mesi.jpg","type":"image\/jpeg"}],"twitter_card":"summary_large_image","twitter_misc":{"Becs\u00fclt olvas\u00e1si id\u0151":"2 perc"},"schema":{"@context":"https:\/\/schema.org","@graph":[{"@type":"WebPage","@id":"https:\/\/www.ramedigitalstore.com\/prodotto\/xbox-game-pass-ultimate-4-months-global\/","url":"https:\/\/www.ramedigitalstore.com\/prodotto\/xbox-game-pass-ultimate-4-months-global\/","name":"Xbox Game Pass Ultimate - 3 h\u00f3nap - CD-KEY - Glob\u00e1lis - Rame Digital","isPartOf":{"@id":"https:\/\/www.ramedigitalstore.com\/#website"},"primaryImageOfPage":{"@id":"https:\/\/www.ramedigitalstore.com\/prodotto\/xbox-game-pass-ultimate-4-months-global\/#primaryimage"},"image":{"@id":"https:\/\/www.ramedigitalstore.com\/prodotto\/xbox-game-pass-ultimate-4-months-global\/#primaryimage"},"thumbnailUrl":"https:\/\/www.ramedigitalstore.com\/wp-content\/uploads\/2021\/08\/Alternative-key-4-mesi.jpg","datePublished":"2021-08-25T21:21:16+00:00","dateModified":"2025-10-01T21:44:11+00:00","description":"Xbox Game Pass Ultimate a legjobb j\u00e1t\u00e9k szolg\u00e1ltat\u00e1s szinte ingyen. Soha nem volt m\u00e9g ilyen megb\u00edzhat\u00f3! Majdnem ingyenes. Csak a Rame Digitalon.","breadcrumb":{"@id":"https:\/\/www.ramedigitalstore.com\/prodotto\/xbox-game-pass-ultimate-4-months-global\/#breadcrumb"},"inLanguage":"hu","potentialAction":[{"@type":"ReadAction","target":["https:\/\/www.ramedigitalstore.com\/prodotto\/xbox-game-pass-ultimate-4-months-global\/"]}]},{"@type":"ImageObject","inLanguage":"hu","@id":"https:\/\/www.ramedigitalstore.com\/prodotto\/xbox-game-pass-ultimate-4-months-global\/#primaryimage","url":"https:\/\/www.ramedigitalstore.com\/wp-content\/uploads\/2021\/08\/Alternative-key-4-mesi.jpg","contentUrl":"https:\/\/www.ramedigitalstore.com\/wp-content\/uploads\/2021\/08\/Alternative-key-4-mesi.jpg","width":1600,"height":1600,"caption":"Xbox Game Pass Ultimate - Alternative Key - Rame Digital"},{"@type":"BreadcrumbList","@id":"https:\/\/www.ramedigitalstore.com\/prodotto\/xbox-game-pass-ultimate-4-months-global\/#breadcrumb","itemListElement":[{"@type":"ListItem","position":1,"name":"Home","item":"https:\/\/www.ramedigitalstore.com\/"},{"@type":"ListItem","position":2,"name":"Shop","item":"https:\/\/www.ramedigitalstore.com\/shop\/"},{"@type":"ListItem","position":3,"name":"Xbox Game Pass Ultimate 4 Months &#8211; GLOBAL"}]},{"@type":"WebSite","@id":"https:\/\/www.ramedigitalstore.com\/#website","url":"https:\/\/www.ramedigitalstore.com\/","name":"Rame Digital","description":"Digit\u00e1lis \u00e1ruh\u00e1z par excellence","publisher":{"@id":"https:\/\/www.ramedigitalstore.com\/#organization"},"potentialAction":[{"@type":"SearchAction","target":{"@type":"EntryPoint","urlTemplate":"https:\/\/www.ramedigitalstore.com\/?s={search_term_string}"},"query-input":{"@type":"PropertyValueSpecification","valueRequired":true,"valueName":"search_term_string"}}],"inLanguage":"hu"},{"@type":"Organization","@id":"https:\/\/www.ramedigitalstore.com\/#organization","name":"Rame Digital","url":"https:\/\/www.ramedigitalstore.com\/","logo":{"@type":"ImageObject","inLanguage":"hu","@id":"https:\/\/www.ramedigitalstore.com\/#\/schema\/logo\/image\/","url":"https:\/\/www.ramedigitalstore.com\/wp-content\/uploads\/2021\/04\/Logo-new-quadrato-1-e1619205976915.png","contentUrl":"https:\/\/www.ramedigitalstore.com\/wp-content\/uploads\/2021\/04\/Logo-new-quadrato-1-e1619205976915.png","width":256,"height":256,"caption":"Rame Digital"},"image":{"@id":"https:\/\/www.ramedigitalstore.com\/#\/schema\/logo\/image\/"},"sameAs":["https:\/\/www.facebook.com\/RameDigitalOfficial","https:\/\/www.instagram.com\/rame_digital_official\/"]}]}},"jetpack_sharing_enabled":true,"_links":{"self":[{"href":"https:\/\/www.ramedigitalstore.com\/hu\/wp-json\/wp\/v2\/product\/1759","targetHints":{"allow":["GET"]}}],"collection":[{"href":"https:\/\/www.ramedigitalstore.com\/hu\/wp-json\/wp\/v2\/product"}],"about":[{"href":"https:\/\/www.ramedigitalstore.com\/hu\/wp-json\/wp\/v2\/types\/product"}],"version-history":[{"count":0,"href":"https:\/\/www.ramedigitalstore.com\/hu\/wp-json\/wp\/v2\/product\/1759\/revisions"}],"wp:featuredmedia":[{"embeddable":true,"href":"https:\/\/www.ramedigitalstore.com\/hu\/wp-json\/wp\/v2\/media\/2131"}],"wp:attachment":[{"href":"https:\/\/www.ramedigitalstore.com\/hu\/wp-json\/wp\/v2\/media?parent=1759"}],"wp:term":[{"taxonomy":"product_brand","embeddable":true,"href":"https:\/\/www.ramedigitalstore.com\/hu\/wp-json\/wp\/v2\/product_brand?post=1759"},{"taxonomy":"product_cat","embeddable":true,"href":"https:\/\/www.ramedigitalstore.com\/hu\/wp-json\/wp\/v2\/product_cat?post=1759"},{"taxonomy":"product_tag","embeddable":true,"href":"https:\/\/www.ramedigitalstore.com\/hu\/wp-json\/wp\/v2\/product_tag?post=1759"}],"curies":[{"name":"wp","href":"https:\/\/api.w.org\/{rel}","templated":true}]}}