{"id":2412,"date":"2022-03-02T22:44:00","date_gmt":"2022-03-02T22:44:00","guid":{"rendered":"https:\/\/www.ramedigitalstore.com\/?post_type=product&#038;p=2412"},"modified":"2025-10-01T21:41:10","modified_gmt":"2025-10-01T21:41:10","slug":"xbox-game-pass-ultimate-3-months-global","status":"publish","type":"product","link":"https:\/\/www.ramedigitalstore.com\/hu\/prodotto\/xbox-game-pass-ultimate-3-months-global\/","title":{"rendered":"Xbox Game Pass Ultimate 3 h\u00f3nap - GLOB\u00c1LIS"},"content":{"rendered":"<h3 style=\"text-align: center;\"><strong><span style=\"color: #8f00ff;\"><span style=\"vertical-align: inherit;\">Meg\u00faj\u00edthatja el\u0151fizet\u00e9s\u00e9t profilv\u00e1lt\u00e1s n\u00e9lk\u00fcl!<\/span><\/span><\/strong><\/h3>\n<h3 class=\"c-heading-1 f-lean\" style=\"text-align: center;\">3 h\u00f3napos Game Pass Ultimate j\u00e1t\u00e9kot kapsz.<\/h3>\n<h4 class=\"c-heading-1 f-lean\" style=\"text-align: center;\">A szem\u00e9lyes profilodon l\u00e9v\u0151 el\u0151fizet\u00e9s meg\u00faj\u00edt\u00e1s\u00e1hoz egyszer\u0171en add hozz\u00e1 a hiteles\u00edt\u0151 adatokat a konzolodon vagy a sz\u00e1m\u00edt\u00f3g\u00e9peden.<\/h4>\n<h3 style=\"text-align: center;\"><strong><span style=\"color: #ff0000;\">Nem kap megosztott fi\u00f3kot.<\/span><\/strong><\/h3>\n<p style=\"text-align: center;\"><strong>Kiz\u00e1r\u00f3lag az \u00d6n sz\u00e1m\u00e1ra l\u00e9trehozott hiteles\u00edt\u0151 adatokat fog kapni. Az \u00d6n sz\u00e1m\u00e1t kapcsolattart\u00e1si\/vissza\u00e1ll\u00edt\u00e1si m\u00f3dk\u00e9nt \u00e1ll\u00edtjuk be, hogy a maxim\u00e1lis biztons\u00e1g \u00e9rdek\u00e9ben csak \u00d6n tudja b\u00e1rmikor megv\u00e1ltoztatni azokat.<\/strong><\/p>\n<p style=\"text-align: center;\"><strong>Miut\u00e1n hozz\u00e1adta a konzolj\u00e1hoz, \u00e9szreveheti, hogy a szem\u00e9lyes profilja ism\u00e9t Xbox Game Pass Ultimate jogosults\u00e1gokkal fog rendelkezni, majd online j\u00e1tszhat \u00e9s let\u00f6lthet j\u00e1t\u00e9kokat a k\u00fcl\u00f6nb\u00f6z\u0151 Game Pass, Live Gold \u00e9s EA Play katal\u00f3gusokb\u00f3l.<\/strong><\/p>\n<p style=\"text-align: center;\"><strong>Egyszerre 2 konzolon m\u0171k\u00f6dik, k\u00f6nnyen v\u00e1lthat, majd megoszthatja az el\u0151fizet\u00e9st egy bar\u00e1tj\u00e1val\/csal\u00e1dj\u00e1val.<\/strong><\/p>\n<p style=\"text-align: center;\"><strong>Tov\u00e1bbi r\u00e9szletek\u00e9rt k\u00e9rj\u00fck, l\u00e9pjen kapcsolatba vel\u00fcnk a k\u00f6vetkez\u0151 c\u00edmen <\/strong><a href=\"https:\/\/api.whatsapp.com\/send?phone=393888680074&amp;text=Hi!%20Can%20i%20have%20information%20about%20Game%20Pass%20Ultimate%20Alternative%20Key?\"><strong>+39 388 868 0074.<\/strong><\/a><\/p>\n<p style=\"text-align: center;\"><strong>A hiteles\u00edt\u0151 adatok 100% lesz a ti\u00e9d, amint \u00e1tadjuk, mi m\u00e1r nem f\u00e9r\u00fcnk hozz\u00e1, \u00e9s azt csin\u00e1lsz, amit akarsz.<\/strong><\/p>\n<p>&nbsp;<\/p>\n<p style=\"text-align: center;\"><strong>Megosztott el\u0151fizet\u00e9s 2 xboxon:<\/strong><\/p>\n<p style=\"text-align: center;\"><strong>A 2 konzolok egyik\u00e9n be kell \u00e1ll\u00edtania a gyors hozz\u00e1f\u00e9r\u00e9sk\u00e9nt kapott hiteles\u00edt\u0151 adatokat, \u00e9s minden alkalommal, amikor bekapcsolja az Xboxot, k\u00e9zzel be kell jelentkeznie a szem\u00e9lyes profilj\u00e1ba, amellyel j\u00e1tszani szeretne (a m\u0171velet elv\u00e9gz\u00e9s\u00e9hez sz\u00fcks\u00e9ges id\u0151 k\u00f6r\u00fclbel\u00fcl 3 m\u00e1sodperc minden alkalommal, amikor bekapcsolja).<\/strong><\/p>\n<p>&nbsp;<\/p>\n<p style=\"text-align: center;\">Ha szigor\u00faan kulcsot keres, \u00e9s nem alternat\u00edv m\u00f3dszert a ment\u00e9sre, l\u00e1togasson el a<\/p>\n<h3 style=\"text-align: center;\"><a href=\"https:\/\/www.ramedigitalstore.com\/hu\/it\/prodotto\/xbox-game-pass-ultimate-1-year-key\/\"> <strong><span style=\"color: #8f00ff;\"><span style=\"vertical-align: inherit;\">Xbox Game Pass Ultimate 12 h\u00f3napos kulcs<\/span><\/span><\/strong><\/a><\/h3>\n<p>&nbsp;<\/p>\n<h3 style=\"text-align: center;\"><strong><span style=\"vertical-align: inherit;\">Xbox Game Pass Ultimate megv\u00e1s\u00e1rl\u00e1sa: Rame Digital: Olcs\u00f3n \u00e9s biztons\u00e1gosan <\/span><\/strong><\/h3>\n<p style=\"text-align: center;\"><span style=\"vertical-align: inherit;\">Ha a Game Pass Ultimate megv\u00e1s\u00e1rl\u00e1sa mellett d\u00f6nt\u00f6tt\u00e9l, akkor a teljes el\u0151fizet\u00e9st a Rame Digitalon v\u00e1s\u00e1rolhatod meg kedvez\u0151 felt\u00e9telekkel. A v\u00e1s\u00e1rl\u00f3k \u00e9lvezhetik a tesztelt szolg\u00e1ltat\u00e1s min\u0151s\u00e9g\u00e9nek el\u0151nyeit, \u00e9s rendk\u00edv\u00fcl egyszer\u0171 \u00e9s egyszer\u0171 v\u00e1s\u00e1rl\u00e1si folyamatot \u00e9lvezhetnek. A k\u00edv\u00e1nt el\u0151fizet\u00e9s nem k\u00fcldik a v\u00e1s\u00e1rl\u00f3nak terjedelmes, mint egy CD \/ DVD, k\u00f6vetkez\u00e9sk\u00e9ppen, hanem csak egy fi\u00f3kot postai \u00faton. Ez\u00e9rt a v\u00e1s\u00e1rl\u00f3 a v\u00e1s\u00e1rl\u00e1s \u00e9s a p\u00e9nz be\u00e9rkez\u00e9se ut\u00e1n azonnal megkapja az \u00e1rut. Ha t\u00f6bbet szeretne megtudni, olvassa el: \u00c1ltal\u00e1nos Szerz\u0151d\u00e9si Felt\u00e9telek \u00e9s Adatv\u00e9delem\/ Adatv\u00e9delmi szab\u00e1lyzat vagy GYIK<\/span><\/p>\n<p style=\"text-align: center;\"><span style=\"vertical-align: inherit;\">A Rame Digitaln\u00e1l viszont a seg\u00edts\u00e9g mindig ingyenes.<\/span><\/p>\n<h3 class=\"text-center\" style=\"text-align: center;\"><span style=\"vertical-align: inherit;\">B\u00e1rmilyen eszk\u00f6zt is haszn\u00e1lsz, az Xbox Game Pass Ultimate seg\u00edts\u00e9g\u00e9vel.<\/span><\/h3>\n<ul class=\"list list-withIcons\" style=\"text-align: center;\">\n<li><img decoding=\"async\" src=\"https:\/\/static3.avast.com\/20001227\/web\/i\/v2\/components\/win.svg\" alt=\"\" \/>Windows 10 (NE V\u00c1LTOZZON PROFILT, az EA Play nem fog m\u0171k\u00f6dni a profilodon).<br \/>\nMinden Xboxon m\u0171k\u00f6dik (NE V\u00c1LTOZZON PROFILT)<\/li>\n<\/ul>\n<h2 class=\"text-center\" style=\"text-align: center;\"><\/h2>\n<h3 class=\"text-center\" style=\"text-align: center;\"><strong><span style=\"vertical-align: inherit;\">Gyors sz\u00e1ll\u00edt\u00e1s, maximum 6 \u00f3ra e-mailben.<\/span><\/strong><\/h3>\n<p style=\"text-align: center;\"><strong>Egy olyan fi\u00f3kot biztos\u00edtunk, amelynek funkci\u00f3ja megegyezik a kulcs\u00e9val. Az aktiv\u00e1l\u00e1si elj\u00e1r\u00e1sr\u00f3l e-mailben t\u00e1j\u00e9koztatjuk.<\/strong><\/p>\n<p style=\"text-align: center;\"><span style=\"vertical-align: inherit;\">K\u00f6vessen minket <\/span><a href=\"https:\/\/www.facebook.com\/RameDigitalOfficial\/\"><span style=\"vertical-align: inherit;\">Facebook<\/span><\/a><\/p>","protected":false},"excerpt":{"rendered":"<h5 style=\"text-align: center;\"><span style=\"color: #ff0000;\"><em><span style=\"vertical-align: inherit;\">Ne hagyja ki ezt az aj\u00e1nlatot! Nem lesz \u00f6r\u00f6kk\u00e9!<\/span><\/em><\/span><\/h5>\n<div class=\"hd-listinghead\" style=\"font-size: 19pt; font-family: Arial; text-align: center;\"><strong><span style=\"color: #8f00ff;\"><span style=\"vertical-align: inherit;\">\u00daj\u00edtsa meg el\u0151fizet\u00e9s\u00e9t m\u00e9g ma!<\/span><\/span><\/strong><\/div>\n<div><\/div>\n<p style=\"text-align: center;\"><strong>\u2713 Mindig j\u00e1tssz a profiloddal<span style=\"vertical-align: inherit;\">\u00a0!<\/span><\/strong><br \/>\n<strong>\u2713 <\/strong>Megoszthat\u00f3<br \/>\n<strong>\u2713 <\/strong>Maxim\u00e1lis biztons\u00e1g<br \/>\n<span style=\"vertical-align: inherit;\"> <strong>\u2713 <\/strong>Nincsenek megosztott sz\u00e1ml\u00e1k<\/span><br \/>\n<span style=\"vertical-align: inherit;\"><strong>\u2713 <\/strong><\/span>Sz\u00e1ll\u00edt\u00e1s e-mailben legfeljebb 6 \u00f3r\u00e1n bel\u00fcl<br \/>\n<span style=\"vertical-align: inherit;\"><strong>\u2713 Csak lej\u00e1r\u00f3\/lej\u00e1rt Utimate el\u0151fizet\u00e9ssel aktiv\u00e1lhat\u00f3.<\/strong><\/span><\/p>\n<p>&nbsp;<\/p>\n<p><img decoding=\"async\" class=\"aligncenter wp-image-2400\" src=\"https:\/\/www.ramedigitalstore.com\/wp-content\/uploads\/2022\/03\/trustpilot-stars-1024x140.png\" alt=\"\" width=\"600\" height=\"82\" srcset=\"https:\/\/www.ramedigitalstore.com\/wp-content\/uploads\/2022\/03\/trustpilot-stars-1024x140.png 1024w, https:\/\/www.ramedigitalstore.com\/wp-content\/uploads\/2022\/03\/trustpilot-stars-500x68.png 500w, https:\/\/www.ramedigitalstore.com\/wp-content\/uploads\/2022\/03\/trustpilot-stars-700x96.png 700w, https:\/\/www.ramedigitalstore.com\/wp-content\/uploads\/2022\/03\/trustpilot-stars-300x41.png 300w, https:\/\/www.ramedigitalstore.com\/wp-content\/uploads\/2022\/03\/trustpilot-stars-768x105.png 768w, https:\/\/www.ramedigitalstore.com\/wp-content\/uploads\/2022\/03\/trustpilot-stars-1536x210.png 1536w, https:\/\/www.ramedigitalstore.com\/wp-content\/uploads\/2022\/03\/trustpilot-stars-260x35.png 260w, https:\/\/www.ramedigitalstore.com\/wp-content\/uploads\/2022\/03\/trustpilot-stars-50x7.png 50w, https:\/\/www.ramedigitalstore.com\/wp-content\/uploads\/2022\/03\/trustpilot-stars-150x20.png 150w, https:\/\/www.ramedigitalstore.com\/wp-content\/uploads\/2022\/03\/trustpilot-stars-1320x180.png 1320w, https:\/\/www.ramedigitalstore.com\/wp-content\/uploads\/2022\/03\/trustpilot-stars-800x109.png 800w, https:\/\/www.ramedigitalstore.com\/wp-content\/uploads\/2022\/03\/trustpilot-stars.png 2000w\" sizes=\"(max-width: 600px) 100vw, 600px\" \/><\/p>\n<p><img fetchpriority=\"high\" decoding=\"async\" class=\"wp-image-2401 size-full aligncenter\" src=\"https:\/\/www.ramedigitalstore.com\/wp-content\/uploads\/2022\/03\/payment2.jpg\" alt=\"\" width=\"1020\" height=\"267\" srcset=\"https:\/\/www.ramedigitalstore.com\/wp-content\/uploads\/2022\/03\/payment2.jpg 1020w, https:\/\/www.ramedigitalstore.com\/wp-content\/uploads\/2022\/03\/payment2-500x131.jpg 500w, https:\/\/www.ramedigitalstore.com\/wp-content\/uploads\/2022\/03\/payment2-700x183.jpg 700w, https:\/\/www.ramedigitalstore.com\/wp-content\/uploads\/2022\/03\/payment2-300x79.jpg 300w, https:\/\/www.ramedigitalstore.com\/wp-content\/uploads\/2022\/03\/payment2-768x201.jpg 768w, https:\/\/www.ramedigitalstore.com\/wp-content\/uploads\/2022\/03\/payment2-260x68.jpg 260w, https:\/\/www.ramedigitalstore.com\/wp-content\/uploads\/2022\/03\/payment2-50x13.jpg 50w, https:\/\/www.ramedigitalstore.com\/wp-content\/uploads\/2022\/03\/payment2-150x39.jpg 150w, https:\/\/www.ramedigitalstore.com\/wp-content\/uploads\/2022\/03\/payment2-800x209.jpg 800w\" sizes=\"(max-width: 1020px) 100vw, 1020px\" \/><\/p>","protected":false},"featured_media":2413,"template":"","meta":[],"product_brand":[],"product_cat":[107],"product_tag":[],"class_list":{"0":"post-2412","1":"product","2":"type-product","3":"status-publish","4":"has-post-thumbnail","6":"product_cat-xbox-game-pass-ultimate","8":"first","9":"outofstock","10":"sale","11":"virtual","12":"sold-individually","13":"purchasable","14":"product-type-simple"},"yoast_head":"<!-- This site is optimized with the Yoast SEO Premium plugin v21.9 (Yoast SEO v27.5) - https:\/\/yoast.com\/product\/yoast-seo-premium-wordpress\/ -->\n<title>Xbox Game Pass Ultimate 3 Months - GLOBAL - Rame Digital<\/title>\n<meta name=\"robots\" content=\"index, follow, max-snippet:-1, max-image-preview:large, max-video-preview:-1\" \/>\n<link rel=\"canonical\" href=\"https:\/\/www.ramedigitalstore.com\/hu\/prodotto\/xbox-game-pass-ultimate-3-months-global\/\" \/>\n<meta property=\"og:locale\" content=\"hu_HU\" \/>\n<meta property=\"og:type\" content=\"article\" \/>\n<meta property=\"og:title\" content=\"Xbox Game Pass Ultimate 3 Months - GLOBAL\" \/>\n<meta property=\"og:description\" content=\"Don&#039;t miss this offer! It won&#039;t be around forever! Renew your subscription today!  \u2713 Always play with your profile\u00a0! \u2713 Shareable \u2713 Maximum security  \u2713 No shared accounts \u2713 Delivery by email in up to 6hours \u2713 Can only be activated with expiring\/expired Utimate subscription. &nbsp;\" \/>\n<meta property=\"og:url\" content=\"https:\/\/www.ramedigitalstore.com\/hu\/prodotto\/xbox-game-pass-ultimate-3-months-global\/\" \/>\n<meta property=\"og:site_name\" content=\"Rame Digital\" \/>\n<meta property=\"article:publisher\" content=\"https:\/\/www.facebook.com\/RameDigitalOfficial\" \/>\n<meta property=\"article:modified_time\" content=\"2025-10-01T21:41:10+00:00\" \/>\n<meta property=\"og:image\" content=\"https:\/\/www.ramedigitalstore.com\/wp-content\/uploads\/2022\/03\/3-mesi.jpg\" \/>\n\t<meta property=\"og:image:width\" content=\"1600\" \/>\n\t<meta property=\"og:image:height\" content=\"1600\" \/>\n\t<meta property=\"og:image:type\" content=\"image\/jpeg\" \/>\n<meta name=\"twitter:card\" content=\"summary_large_image\" \/>\n<meta name=\"twitter:label1\" content=\"Becs\u00fclt olvas\u00e1si id\u0151\" \/>\n\t<meta name=\"twitter:data1\" content=\"3 perc\" \/>\n<script type=\"application\/ld+json\" class=\"yoast-schema-graph\">{\"@context\":\"https:\\\/\\\/schema.org\",\"@graph\":[{\"@type\":\"WebPage\",\"@id\":\"https:\\\/\\\/www.ramedigitalstore.com\\\/prodotto\\\/xbox-game-pass-ultimate-3-months-global\\\/\",\"url\":\"https:\\\/\\\/www.ramedigitalstore.com\\\/prodotto\\\/xbox-game-pass-ultimate-3-months-global\\\/\",\"name\":\"Xbox Game Pass Ultimate 3 Months - GLOBAL - Rame Digital\",\"isPartOf\":{\"@id\":\"https:\\\/\\\/www.ramedigitalstore.com\\\/#website\"},\"primaryImageOfPage\":{\"@id\":\"https:\\\/\\\/www.ramedigitalstore.com\\\/prodotto\\\/xbox-game-pass-ultimate-3-months-global\\\/#primaryimage\"},\"image\":{\"@id\":\"https:\\\/\\\/www.ramedigitalstore.com\\\/prodotto\\\/xbox-game-pass-ultimate-3-months-global\\\/#primaryimage\"},\"thumbnailUrl\":\"https:\\\/\\\/www.ramedigitalstore.com\\\/wp-content\\\/uploads\\\/2022\\\/03\\\/3-mesi.jpg\",\"datePublished\":\"2022-03-02T22:44:00+00:00\",\"dateModified\":\"2025-10-01T21:41:10+00:00\",\"breadcrumb\":{\"@id\":\"https:\\\/\\\/www.ramedigitalstore.com\\\/prodotto\\\/xbox-game-pass-ultimate-3-months-global\\\/#breadcrumb\"},\"inLanguage\":\"hu\",\"potentialAction\":[{\"@type\":\"ReadAction\",\"target\":[\"https:\\\/\\\/www.ramedigitalstore.com\\\/prodotto\\\/xbox-game-pass-ultimate-3-months-global\\\/\"]}]},{\"@type\":\"ImageObject\",\"inLanguage\":\"hu\",\"@id\":\"https:\\\/\\\/www.ramedigitalstore.com\\\/prodotto\\\/xbox-game-pass-ultimate-3-months-global\\\/#primaryimage\",\"url\":\"https:\\\/\\\/www.ramedigitalstore.com\\\/wp-content\\\/uploads\\\/2022\\\/03\\\/3-mesi.jpg\",\"contentUrl\":\"https:\\\/\\\/www.ramedigitalstore.com\\\/wp-content\\\/uploads\\\/2022\\\/03\\\/3-mesi.jpg\",\"width\":1600,\"height\":1600,\"caption\":\"Xbox Game Pass Ultimate - Alternative Key - Rame Digital\"},{\"@type\":\"BreadcrumbList\",\"@id\":\"https:\\\/\\\/www.ramedigitalstore.com\\\/prodotto\\\/xbox-game-pass-ultimate-3-months-global\\\/#breadcrumb\",\"itemListElement\":[{\"@type\":\"ListItem\",\"position\":1,\"name\":\"Home\",\"item\":\"https:\\\/\\\/www.ramedigitalstore.com\\\/\"},{\"@type\":\"ListItem\",\"position\":2,\"name\":\"Shop\",\"item\":\"https:\\\/\\\/www.ramedigitalstore.com\\\/shop\\\/\"},{\"@type\":\"ListItem\",\"position\":3,\"name\":\"Xbox Game Pass Ultimate 3 Months &#8211; GLOBAL\"}]},{\"@type\":\"WebSite\",\"@id\":\"https:\\\/\\\/www.ramedigitalstore.com\\\/#website\",\"url\":\"https:\\\/\\\/www.ramedigitalstore.com\\\/\",\"name\":\"Rame Digital\",\"description\":\"Digital store par excellence\",\"publisher\":{\"@id\":\"https:\\\/\\\/www.ramedigitalstore.com\\\/#organization\"},\"potentialAction\":[{\"@type\":\"SearchAction\",\"target\":{\"@type\":\"EntryPoint\",\"urlTemplate\":\"https:\\\/\\\/www.ramedigitalstore.com\\\/?s={search_term_string}\"},\"query-input\":{\"@type\":\"PropertyValueSpecification\",\"valueRequired\":true,\"valueName\":\"search_term_string\"}}],\"inLanguage\":\"hu\"},{\"@type\":\"Organization\",\"@id\":\"https:\\\/\\\/www.ramedigitalstore.com\\\/#organization\",\"name\":\"Rame Digital\",\"url\":\"https:\\\/\\\/www.ramedigitalstore.com\\\/\",\"logo\":{\"@type\":\"ImageObject\",\"inLanguage\":\"hu\",\"@id\":\"https:\\\/\\\/www.ramedigitalstore.com\\\/#\\\/schema\\\/logo\\\/image\\\/\",\"url\":\"https:\\\/\\\/www.ramedigitalstore.com\\\/wp-content\\\/uploads\\\/2021\\\/04\\\/Logo-new-quadrato-1-e1619205976915.png\",\"contentUrl\":\"https:\\\/\\\/www.ramedigitalstore.com\\\/wp-content\\\/uploads\\\/2021\\\/04\\\/Logo-new-quadrato-1-e1619205976915.png\",\"width\":256,\"height\":256,\"caption\":\"Rame Digital\"},\"image\":{\"@id\":\"https:\\\/\\\/www.ramedigitalstore.com\\\/#\\\/schema\\\/logo\\\/image\\\/\"},\"sameAs\":[\"https:\\\/\\\/www.facebook.com\\\/RameDigitalOfficial\",\"https:\\\/\\\/www.instagram.com\\\/rame_digital_official\\\/\"]}]}<\/script>\n<!-- \/ Yoast SEO Premium plugin. -->","yoast_head_json":{"title":"Xbox Game Pass Ultimate 3 h\u00f3nap - GLOB\u00c1LIS - Rame Digital","robots":{"index":"index","follow":"follow","max-snippet":"max-snippet:-1","max-image-preview":"max-image-preview:large","max-video-preview":"max-video-preview:-1"},"canonical":"https:\/\/www.ramedigitalstore.com\/hu\/prodotto\/xbox-game-pass-ultimate-3-months-global\/","og_locale":"hu_HU","og_type":"article","og_title":"Xbox Game Pass Ultimate 3 Months - GLOBAL","og_description":"Don't miss this offer! It won't be around forever! Renew your subscription today!  \u2713 Always play with your profile\u00a0! \u2713 Shareable \u2713 Maximum security  \u2713 No shared accounts \u2713 Delivery by email in up to 6hours \u2713 Can only be activated with expiring\/expired Utimate subscription. &nbsp;","og_url":"https:\/\/www.ramedigitalstore.com\/hu\/prodotto\/xbox-game-pass-ultimate-3-months-global\/","og_site_name":"Rame Digital","article_publisher":"https:\/\/www.facebook.com\/RameDigitalOfficial","article_modified_time":"2025-10-01T21:41:10+00:00","og_image":[{"width":1600,"height":1600,"url":"https:\/\/www.ramedigitalstore.com\/wp-content\/uploads\/2022\/03\/3-mesi.jpg","type":"image\/jpeg"}],"twitter_card":"summary_large_image","twitter_misc":{"Becs\u00fclt olvas\u00e1si id\u0151":"3 perc"},"schema":{"@context":"https:\/\/schema.org","@graph":[{"@type":"WebPage","@id":"https:\/\/www.ramedigitalstore.com\/prodotto\/xbox-game-pass-ultimate-3-months-global\/","url":"https:\/\/www.ramedigitalstore.com\/prodotto\/xbox-game-pass-ultimate-3-months-global\/","name":"Xbox Game Pass Ultimate 3 h\u00f3nap - GLOB\u00c1LIS - Rame Digital","isPartOf":{"@id":"https:\/\/www.ramedigitalstore.com\/#website"},"primaryImageOfPage":{"@id":"https:\/\/www.ramedigitalstore.com\/prodotto\/xbox-game-pass-ultimate-3-months-global\/#primaryimage"},"image":{"@id":"https:\/\/www.ramedigitalstore.com\/prodotto\/xbox-game-pass-ultimate-3-months-global\/#primaryimage"},"thumbnailUrl":"https:\/\/www.ramedigitalstore.com\/wp-content\/uploads\/2022\/03\/3-mesi.jpg","datePublished":"2022-03-02T22:44:00+00:00","dateModified":"2025-10-01T21:41:10+00:00","breadcrumb":{"@id":"https:\/\/www.ramedigitalstore.com\/prodotto\/xbox-game-pass-ultimate-3-months-global\/#breadcrumb"},"inLanguage":"hu","potentialAction":[{"@type":"ReadAction","target":["https:\/\/www.ramedigitalstore.com\/prodotto\/xbox-game-pass-ultimate-3-months-global\/"]}]},{"@type":"ImageObject","inLanguage":"hu","@id":"https:\/\/www.ramedigitalstore.com\/prodotto\/xbox-game-pass-ultimate-3-months-global\/#primaryimage","url":"https:\/\/www.ramedigitalstore.com\/wp-content\/uploads\/2022\/03\/3-mesi.jpg","contentUrl":"https:\/\/www.ramedigitalstore.com\/wp-content\/uploads\/2022\/03\/3-mesi.jpg","width":1600,"height":1600,"caption":"Xbox Game Pass Ultimate - Alternative Key - Rame Digital"},{"@type":"BreadcrumbList","@id":"https:\/\/www.ramedigitalstore.com\/prodotto\/xbox-game-pass-ultimate-3-months-global\/#breadcrumb","itemListElement":[{"@type":"ListItem","position":1,"name":"Home","item":"https:\/\/www.ramedigitalstore.com\/"},{"@type":"ListItem","position":2,"name":"Shop","item":"https:\/\/www.ramedigitalstore.com\/shop\/"},{"@type":"ListItem","position":3,"name":"Xbox Game Pass Ultimate 3 Months &#8211; GLOBAL"}]},{"@type":"WebSite","@id":"https:\/\/www.ramedigitalstore.com\/#website","url":"https:\/\/www.ramedigitalstore.com\/","name":"Rame Digital","description":"Digit\u00e1lis \u00e1ruh\u00e1z par excellence","publisher":{"@id":"https:\/\/www.ramedigitalstore.com\/#organization"},"potentialAction":[{"@type":"SearchAction","target":{"@type":"EntryPoint","urlTemplate":"https:\/\/www.ramedigitalstore.com\/?s={search_term_string}"},"query-input":{"@type":"PropertyValueSpecification","valueRequired":true,"valueName":"search_term_string"}}],"inLanguage":"hu"},{"@type":"Organization","@id":"https:\/\/www.ramedigitalstore.com\/#organization","name":"Rame Digital","url":"https:\/\/www.ramedigitalstore.com\/","logo":{"@type":"ImageObject","inLanguage":"hu","@id":"https:\/\/www.ramedigitalstore.com\/#\/schema\/logo\/image\/","url":"https:\/\/www.ramedigitalstore.com\/wp-content\/uploads\/2021\/04\/Logo-new-quadrato-1-e1619205976915.png","contentUrl":"https:\/\/www.ramedigitalstore.com\/wp-content\/uploads\/2021\/04\/Logo-new-quadrato-1-e1619205976915.png","width":256,"height":256,"caption":"Rame Digital"},"image":{"@id":"https:\/\/www.ramedigitalstore.com\/#\/schema\/logo\/image\/"},"sameAs":["https:\/\/www.facebook.com\/RameDigitalOfficial","https:\/\/www.instagram.com\/rame_digital_official\/"]}]}},"jetpack_sharing_enabled":true,"_links":{"self":[{"href":"https:\/\/www.ramedigitalstore.com\/hu\/wp-json\/wp\/v2\/product\/2412","targetHints":{"allow":["GET"]}}],"collection":[{"href":"https:\/\/www.ramedigitalstore.com\/hu\/wp-json\/wp\/v2\/product"}],"about":[{"href":"https:\/\/www.ramedigitalstore.com\/hu\/wp-json\/wp\/v2\/types\/product"}],"version-history":[{"count":3,"href":"https:\/\/www.ramedigitalstore.com\/hu\/wp-json\/wp\/v2\/product\/2412\/revisions"}],"predecessor-version":[{"id":4628,"href":"https:\/\/www.ramedigitalstore.com\/hu\/wp-json\/wp\/v2\/product\/2412\/revisions\/4628"}],"wp:featuredmedia":[{"embeddable":true,"href":"https:\/\/www.ramedigitalstore.com\/hu\/wp-json\/wp\/v2\/media\/2413"}],"wp:attachment":[{"href":"https:\/\/www.ramedigitalstore.com\/hu\/wp-json\/wp\/v2\/media?parent=2412"}],"wp:term":[{"taxonomy":"product_brand","embeddable":true,"href":"https:\/\/www.ramedigitalstore.com\/hu\/wp-json\/wp\/v2\/product_brand?post=2412"},{"taxonomy":"product_cat","embeddable":true,"href":"https:\/\/www.ramedigitalstore.com\/hu\/wp-json\/wp\/v2\/product_cat?post=2412"},{"taxonomy":"product_tag","embeddable":true,"href":"https:\/\/www.ramedigitalstore.com\/hu\/wp-json\/wp\/v2\/product_tag?post=2412"}],"curies":[{"name":"wp","href":"https:\/\/api.w.org\/{rel}","templated":true}]}}