{"id":2713,"date":"2022-03-19T21:05:31","date_gmt":"2022-03-19T21:05:31","guid":{"rendered":"https:\/\/www.ramedigitalstore.com\/?post_type=product&#038;p=2713"},"modified":"2023-10-29T20:24:59","modified_gmt":"2023-10-29T20:24:59","slug":"avast-ultimate-10-devices-2-years-avast-key-global","status":"publish","type":"product","link":"https:\/\/www.ramedigitalstore.com\/hu\/prodotto\/avast-ultimate-10-eszkozok-2ev-avast-key-global\/","title":{"rendered":"Avast Ultimate 10 eszk\u00f6z 2 \u00e9v Avast - Kulcs GLOB\u00c1LIS"},"content":{"rendered":"<h3 style=\"text-align: center;\"><strong><span style=\"color: #8f00ff;\"><span style=\"vertical-align: inherit;\">Kezdje el az \u00f6sszes eszk\u00f6z\u00e9nek v\u00e9delm\u00e9t most az Avast Ultimate seg\u00edts\u00e9g\u00e9vel!<\/span><\/span><\/strong><\/h3>\n<p style=\"text-align: center;\">Az Avast Ultimate 2022 egy egyablakos eszk\u00f6zgy\u0171jtem\u00e9ny a sz\u00e1m\u00edt\u00f3g\u00e9pek, androidos eszk\u00f6z\u00f6k \u00e9s Macek tiszt\u00edt\u00e1s\u00e1hoz, optimaliz\u00e1l\u00e1s\u00e1hoz \u00e9s v\u00e9delm\u00e9hez.<\/p>\n<p style=\"text-align: center;\">Az Avast Premium Security minden sz\u00e1m\u00edt\u00f3g\u00e9pes ig\u00e9ny\u00e9t kiel\u00e9g\u00edti. A nagy teljes\u00edtm\u00e9ny\u0171 v\u00edrusirt\u00f3 motor felismeri \u00e9s blokkolja m\u00e9g a leg\u00fajabb rosszindulat\u00fa programokat is, a b\u00f6ng\u00e9sz\u00e9s elleni v\u00e9delem megakad\u00e1lyozza a vesz\u00e9lyes oldalakhoz val\u00f3 hozz\u00e1f\u00e9r\u00e9st, m\u00edg a t\u0171zfal blokkolja a h\u00e1l\u00f3zati t\u00e1mad\u00e1sokat. Emellett megkapja az Avast Cleanup 2020-at is, amely egy teljes rendszerkarbantart\u00f3 eszk\u00f6zk\u00e9szlet. Ez olyan modulokat tartalmaz, amelyekkel felturb\u00f3zhatja rendszer\u00e9t, elt\u00e1vol\u00edthatja a felesleges f\u00e1jlokat, ellen\u0151rizheti az indul\u00f3 programokat, tiszt\u00edthatja \u00e9s jav\u00edthatja a nyilv\u00e1ntart\u00e1st, meghosszabb\u00edthatja az akkumul\u00e1tor \u00e9lettartam\u00e1t, friss\u00edtheti a telep\u00edtett szoftvereket \u00e9s m\u00e9g sok minden m\u00e1st, \u00e9s szinte mindent mag\u00e1ra hagyhat, hogy egyed\u00fcl kezelje a sz\u00e1m\u00edt\u00f3g\u00e9p\u00e9t.<\/p>\n<p style=\"text-align: center;\">A 2020-as indul\u00e1ssal egy\u00fctt az Avast SecureLine VPN is beker\u00fclt, amely biztons\u00e1gos alagutat k\u00edn\u00e1l az internethez, megv\u00e1ltoztatja a tart\u00f3zkod\u00e1si hely\u00e9t, elrejti az IP-c\u00edm\u00e9t, \u00e9s tov\u00e1bbi v\u00e9delmi r\u00e9teget ad hozz\u00e1. Ez sem az Avast SecureLine VPN cs\u00f6kkentett v\u00e1ltozata, \u00edgy nem korl\u00e1tozza a forgalom vagy az eszk\u00f6zkorl\u00e1toz\u00e1s.<\/p>\n<p>Ezzel a 2022-es kiad\u00e1ssal mostant\u00f3l AntiTrack-et is kap, amely blokkolja a nyomk\u00f6vet\u0151ket, mik\u00f6zben sz\u00f6rf\u00f6zik az interneten, meg\u00e1ll\u00edtja a szem\u00e9lyes online ujjlenyomat\u00e1t, \u00e9s a b\u00f6ng\u00e9sz\u00e9s \u00e9lm\u00e9ny\u00e9t priv\u00e1tabb\u00e1 teszi.<\/p>\n<p style=\"text-align: center;\">Az Android \u00e9s iOS felhaszn\u00e1l\u00f3k sz\u00e1m\u00e1ra az Avast Security Ultimate hasonl\u00f3an nagy teljes\u00edtm\u00e9ny\u0171. Az alapvet\u0151 v\u00edrusirt\u00f3 \u00e9s b\u00f6ng\u00e9sz\u00e9s elleni v\u00e9delem mellett egy halom lop\u00e1sg\u00e1tl\u00f3 funkci\u00f3 lehet\u0151v\u00e9 teszi, hogy t\u00e1volr\u00f3l megkeresse, z\u00e1rolja vagy t\u00f6r\u00f6lje a k\u00e9sz\u00fcl\u00e9ket, a kamer\u00e1val lef\u00e9nyk\u00e9pezze a tolvajt, vagy automatikusan z\u00e1rolja a k\u00e9sz\u00fcl\u00e9ket, ha kicser\u00e9lik a SIM-k\u00e1rty\u00e1t. Az Avast Security gondoskodik arr\u00f3l, hogy Androidos k\u00e9sz\u00fcl\u00e9ke a lehet\u0151 legjobb \u00e1llapotban legyen, m\u00edg az Avast SecureLine VPN-t is tartalmazza, \u00edgy VPN-t telep\u00edthet mobilk\u00e9sz\u00fcl\u00e9k\u00e9re.<\/p>\n<p style=\"text-align: center;\">A Mac felhaszn\u00e1l\u00f3k sz\u00e1m\u00e1ra az Avast Premium Security \u00e9s az Avast Cleanup Premium alkalmas asztali eszk\u00f6z\u00f6k val\u00f3s idej\u0171 v\u00edrusv\u00e9delemmel, merevlemez-tiszt\u00edt\u00f3 eszk\u00f6z\u00f6kkel, duplik\u00e1lt f\u00e1jlok keres\u0151j\u00e9vel \u00e9s m\u00e9g sok m\u00e1ssal. Az Avast SecureLine VPN egy VPN-t ad a Mac sz\u00e1m\u00edt\u00f3g\u00e9p\u00e9nek, amellyel biztons\u00e1gos alagutat hozhat l\u00e9tre az internethez.<\/p>\n<p style=\"text-align: center;\">Nem korl\u00e1toz\u00f3dik arra, hogy csak egyet haszn\u00e1ljon ezek k\u00f6z\u00fcl, vagy eszk\u00f6z\u00f6nk\u00e9nt egyet: Az Avast Ultimate licenc 10 eszk\u00f6zre terjed ki, \u00edgy az \u00f6sszes PC, Mac \u00e9s Android hardver\u00e9t biztos\u00edthatja.<\/p>\n<p style=\"text-align: center;\">Tartalmaz egy 2 \u00e9ves el\u0151fizet\u00e9st, 10 \u00e9vre.<b>\u00a0<\/b>eszk\u00f6z\u00f6k<b>\u00a0<\/b>a ti\u00e9d.<\/p>\n<p>&nbsp;<\/p>\n<h3 style=\"text-align: center;\"><strong><span style=\"vertical-align: inherit;\">Avast Ultimate megv\u00e1s\u00e1rl\u00e1sa: Rame Digital: Olcs\u00f3 \u00e9s biztons\u00e1gos a Rame Digital <\/span><\/strong><\/h3>\n<p style=\"text-align: center;\"><span style=\"vertical-align: inherit;\">Ha \u00fagy d\u00f6nt\u00f6tt, hogy megv\u00e1s\u00e1rolja az Avast Ultimate-et, akkor a teljes el\u0151fizet\u00e9st a Rame Digitalon v\u00e1s\u00e1rolhatja meg kedvez\u0151 felt\u00e9telekkel. A v\u00e1s\u00e1rl\u00f3k \u00e9lvezhetik a tesztelt szolg\u00e1ltat\u00e1s min\u0151s\u00e9g\u00e9nek el\u0151nyeit, \u00e9s rendk\u00edv\u00fcl egyszer\u0171 \u00e9s egyszer\u0171 v\u00e1s\u00e1rl\u00e1si folyamatot \u00e9lvezhetnek. A k\u00edv\u00e1nt el\u0151fizet\u00e9st nem k\u00fcldik el a v\u00e1s\u00e1rl\u00f3nak terjedelmes CD \/ DVD-k\u00e9nt, k\u00f6vetkez\u00e9sk\u00e9ppen, hanem csak egy Kulcsos digit\u00e1lis k\u00f3dk\u00e9nt postai \u00faton. Ez\u00e9rt a v\u00e1s\u00e1rl\u00f3 a v\u00e1s\u00e1rl\u00e1s \u00e9s a p\u00e9nz \u00e1tv\u00e9tele ut\u00e1n azonnal megkapja az \u00e1rut. Ha t\u00f6bbet szeretne megtudni, olvassa el: \u00c1ltal\u00e1nos Szerz\u0151d\u00e9si Felt\u00e9telek \u00e9s Adatv\u00e9delmi Szab\u00e1lyzat vagy GYIK.<\/span><\/p>\n<p style=\"text-align: center;\"><span style=\"vertical-align: inherit;\">A Rame Digitaln\u00e1l viszont a seg\u00edts\u00e9g mindig ingyenes.<\/span><\/p>\n<h3 class=\"text-center\" style=\"text-align: center;\"><span style=\"vertical-align: inherit;\">B\u00e1rmilyen eszk\u00f6zt is haszn\u00e1l, az Avast Ultimate seg\u00edts\u00e9g\u00e9vel biztons\u00e1gban van.<\/span><\/h3>\n<ul class=\"list list-withIcons\" style=\"text-align: center;\">\n<li>Windows, Mac , iOS \u00e9s Android<\/li>\n<\/ul>\n<h2 class=\"text-center\" style=\"text-align: center;\"><\/h2>\n<h3 class=\"text-center\" style=\"text-align: center;\"><strong><span style=\"vertical-align: inherit;\">Gyors sz\u00e1ll\u00edt\u00e1s, maximum 6 \u00f3ra e-mailben.<\/span><\/strong><\/h3>\n<p style=\"text-align: center;\"><strong>Egy olyan fi\u00f3kot biztos\u00edtunk, amelynek funkci\u00f3ja megegyezik a kulcs\u00e9val. Az aktiv\u00e1l\u00e1si elj\u00e1r\u00e1sr\u00f3l e-mailben t\u00e1j\u00e9koztatjuk.<\/strong><\/p>\n<p>&nbsp;<\/p>\n<h2 style=\"text-align: center;\">A term\u00e9k let\u00f6lthet\u0151\u00a0<a href=\"https:\/\/help.avast.com\/en\/install\/?utm_medium=link&amp;utm_source=reseller\" target=\"_blank\" rel=\"nofollow noopener\"><span data-mce-type=\"bookmark\" style=\"display: inline-block; width: 0px; overflow: hidden; line-height: 0;\" class=\"mce_SELRES_start\"><\/span>itt<span data-mce-type=\"bookmark\" style=\"display: inline-block; width: 0px; overflow: hidden; line-height: 0;\" class=\"mce_SELRES_end\"><\/span><\/a><\/h2>\n<p style=\"text-align: center;\">\nFIGYELMEZTET\u00c9S: A megadott licenckulcs Windows alatt is m\u0171k\u00f6dik. Mac, iOS \u00e9s Android eset\u00e9n helyette az Avast fi\u00f3kj\u00e1ban tal\u00e1lhat\u00f3 aktiv\u00e1l\u00f3 k\u00f3dot kell haszn\u00e1lnia az al\u00e1bbi c\u00edmen.\u00a0<a href=\"https:\/\/id.avast.com\/#login\" target=\"_blank\" rel=\"nofollow noopener\">https:\/\/id.avast.com<\/a> amely a licenckulcs Windowsban t\u00f6rt\u00e9n\u0151 aktiv\u00e1l\u00e1sa ut\u00e1n j\u00f6n l\u00e9tre. Ha nincs Windows sz\u00e1m\u00edt\u00f3g\u00e9pe, k\u00e9rj\u00fck, l\u00e9pjen kapcsolatba az elad\u00f3val a Rame Digital Conversations seg\u00edts\u00e9g\u00e9vel, aki regisztr\u00e1lni tudja \u00d6nnek ezt a licenckulcsot, \u00e9s megadja a Mac, iOS \u00e9s Android aktiv\u00e1l\u00e1shoz sz\u00fcks\u00e9ges aktiv\u00e1l\u00e1si k\u00f3dot.<\/p>\n<p>&nbsp;<\/p>\n<p style=\"text-align: center;\"><span style=\"vertical-align: inherit;\">K\u00f6vessen minket <\/span><a href=\"https:\/\/www.facebook.com\/RameDigitalOfficial\/\"><span style=\"vertical-align: inherit;\">Facebook<\/span><\/a><\/p>","protected":false},"excerpt":{"rendered":"<h5 style=\"text-align: center;\"><span style=\"color: #ff0000;\"><em><span style=\"vertical-align: inherit;\">Ne hagyja ki ezt az aj\u00e1nlatot! Nem lesz \u00f6r\u00f6kk\u00e9!<\/span><\/em><\/span><\/h5>\n<div class=\"hd-listinghead\" style=\"font-size: 19pt; font-family: Arial; text-align: center;\"><strong><span style=\"color: #8f00ff;\"><span style=\"vertical-align: inherit;\">V\u00e9dje eszk\u00f6zeit m\u00e9g ma!<\/span><\/span><\/strong><\/div>\n<div><\/div>\n<\/p>\n<p style=\"text-align: center;\"><strong>\u2713 CD-KEY<\/strong><br \/>\n\u2713<span style=\"vertical-align: inherit;\">Avast AntiTrack<\/span><br \/>\n\u2713 Avast SecureLine VPN<br \/>\n<span style=\"vertical-align: inherit;\"> \u2713 Avast Premium Security<\/span><br \/>\n<span style=\"vertical-align: inherit;\">\u2713<\/span> <span style=\"vertical-align: inherit;\"> Avast Cleanup Premium <\/span><br \/>\n<span style=\"vertical-align: inherit;\"><strong>\u2713 Sz\u00e1ll\u00edt\u00e1s e-mailben legfeljebb 6 \u00f3r\u00e1n bel\u00fcl<\/strong><\/span><\/p>\n<p>&nbsp;<\/p>\n<p><img decoding=\"async\" class=\"aligncenter wp-image-2400\" src=\"https:\/\/www.ramedigitalstore.com\/wp-content\/uploads\/2022\/03\/trustpilot-stars-1024x140.png\" alt=\"\" width=\"600\" height=\"82\" srcset=\"https:\/\/www.ramedigitalstore.com\/wp-content\/uploads\/2022\/03\/trustpilot-stars-1024x140.png 1024w, https:\/\/www.ramedigitalstore.com\/wp-content\/uploads\/2022\/03\/trustpilot-stars-500x68.png 500w, https:\/\/www.ramedigitalstore.com\/wp-content\/uploads\/2022\/03\/trustpilot-stars-700x96.png 700w, https:\/\/www.ramedigitalstore.com\/wp-content\/uploads\/2022\/03\/trustpilot-stars-300x41.png 300w, https:\/\/www.ramedigitalstore.com\/wp-content\/uploads\/2022\/03\/trustpilot-stars-768x105.png 768w, https:\/\/www.ramedigitalstore.com\/wp-content\/uploads\/2022\/03\/trustpilot-stars-1536x210.png 1536w, https:\/\/www.ramedigitalstore.com\/wp-content\/uploads\/2022\/03\/trustpilot-stars-260x35.png 260w, https:\/\/www.ramedigitalstore.com\/wp-content\/uploads\/2022\/03\/trustpilot-stars-50x7.png 50w, https:\/\/www.ramedigitalstore.com\/wp-content\/uploads\/2022\/03\/trustpilot-stars-150x20.png 150w, https:\/\/www.ramedigitalstore.com\/wp-content\/uploads\/2022\/03\/trustpilot-stars-1320x180.png 1320w, https:\/\/www.ramedigitalstore.com\/wp-content\/uploads\/2022\/03\/trustpilot-stars-800x109.png 800w, https:\/\/www.ramedigitalstore.com\/wp-content\/uploads\/2022\/03\/trustpilot-stars.png 2000w\" sizes=\"(max-width: 600px) 100vw, 600px\" \/><\/p>\n<p><img fetchpriority=\"high\" decoding=\"async\" class=\"wp-image-2401 size-full aligncenter\" src=\"https:\/\/www.ramedigitalstore.com\/wp-content\/uploads\/2022\/03\/payment2.jpg\" alt=\"\" width=\"1020\" height=\"267\" srcset=\"https:\/\/www.ramedigitalstore.com\/wp-content\/uploads\/2022\/03\/payment2.jpg 1020w, https:\/\/www.ramedigitalstore.com\/wp-content\/uploads\/2022\/03\/payment2-500x131.jpg 500w, https:\/\/www.ramedigitalstore.com\/wp-content\/uploads\/2022\/03\/payment2-700x183.jpg 700w, https:\/\/www.ramedigitalstore.com\/wp-content\/uploads\/2022\/03\/payment2-300x79.jpg 300w, https:\/\/www.ramedigitalstore.com\/wp-content\/uploads\/2022\/03\/payment2-768x201.jpg 768w, https:\/\/www.ramedigitalstore.com\/wp-content\/uploads\/2022\/03\/payment2-260x68.jpg 260w, https:\/\/www.ramedigitalstore.com\/wp-content\/uploads\/2022\/03\/payment2-50x13.jpg 50w, https:\/\/www.ramedigitalstore.com\/wp-content\/uploads\/2022\/03\/payment2-150x39.jpg 150w, https:\/\/www.ramedigitalstore.com\/wp-content\/uploads\/2022\/03\/payment2-800x209.jpg 800w\" sizes=\"(max-width: 1020px) 100vw, 1020px\" \/><\/p>","protected":false},"featured_media":2714,"template":"","meta":[],"product_brand":[],"product_cat":[2,28],"product_tag":[22],"class_list":{"0":"post-2713","1":"product","2":"type-product","3":"status-publish","4":"has-post-thumbnail","6":"product_cat-antivirus","7":"product_cat-avast","8":"product_tag-xbox-game-pass-ultimate","10":"first","11":"outofstock","12":"sale","13":"virtual","14":"sold-individually","15":"purchasable","16":"product-type-simple"},"yoast_head":"<!-- This site is optimized with the Yoast SEO Premium plugin v21.9 (Yoast SEO v27.5) - https:\/\/yoast.com\/product\/yoast-seo-premium-wordpress\/ -->\n<title>Avast Ultimate 10 Devices 2 Years Avast - Key GLOBAL - Rame Digital<\/title>\n<meta name=\"robots\" content=\"index, follow, max-snippet:-1, max-image-preview:large, max-video-preview:-1\" \/>\n<link rel=\"canonical\" href=\"https:\/\/www.ramedigitalstore.com\/hu\/prodotto\/avast-ultimate-10-eszkozok-2ev-avast-key-global\/\" \/>\n<meta property=\"og:locale\" content=\"hu_HU\" \/>\n<meta property=\"og:type\" content=\"article\" \/>\n<meta property=\"og:title\" content=\"Avast Ultimate 10 Devices 2 Years Avast - Key GLOBAL\" \/>\n<meta property=\"og:description\" content=\"Don&#039;t miss this offer! It won&#039;t be around forever! Protect your devices today!  \u2713 CD-KEY \u2713Avast AntiTrack \u2713 Avast SecureLine VPN  \u2713 Avast Premium Security \u2713 Avast Cleanup Premium  \u2713 Delivery by email in up to 6 hours &nbsp;\" \/>\n<meta property=\"og:url\" content=\"https:\/\/www.ramedigitalstore.com\/hu\/prodotto\/avast-ultimate-10-eszkozok-2ev-avast-key-global\/\" \/>\n<meta property=\"og:site_name\" content=\"Rame Digital\" \/>\n<meta property=\"article:publisher\" content=\"https:\/\/www.facebook.com\/RameDigitalOfficial\" \/>\n<meta property=\"article:modified_time\" content=\"2023-10-29T20:24:59+00:00\" \/>\n<meta property=\"og:image\" content=\"https:\/\/www.ramedigitalstore.com\/wp-content\/uploads\/2022\/03\/Avast-Ultimate-10-Device-2-Years.jpg\" \/>\n\t<meta property=\"og:image:width\" content=\"720\" \/>\n\t<meta property=\"og:image:height\" content=\"720\" \/>\n\t<meta property=\"og:image:type\" content=\"image\/jpeg\" \/>\n<meta name=\"twitter:card\" content=\"summary_large_image\" \/>\n<meta name=\"twitter:label1\" content=\"Becs\u00fclt olvas\u00e1si id\u0151\" \/>\n\t<meta name=\"twitter:data1\" content=\"3 perc\" \/>\n<script type=\"application\/ld+json\" class=\"yoast-schema-graph\">{\"@context\":\"https:\\\/\\\/schema.org\",\"@graph\":[{\"@type\":\"WebPage\",\"@id\":\"https:\\\/\\\/www.ramedigitalstore.com\\\/prodotto\\\/avast-ultimate-10-devices-2-years-avast-key-global\\\/\",\"url\":\"https:\\\/\\\/www.ramedigitalstore.com\\\/prodotto\\\/avast-ultimate-10-devices-2-years-avast-key-global\\\/\",\"name\":\"Avast Ultimate 10 Devices 2 Years Avast - Key GLOBAL - Rame Digital\",\"isPartOf\":{\"@id\":\"https:\\\/\\\/www.ramedigitalstore.com\\\/#website\"},\"primaryImageOfPage\":{\"@id\":\"https:\\\/\\\/www.ramedigitalstore.com\\\/prodotto\\\/avast-ultimate-10-devices-2-years-avast-key-global\\\/#primaryimage\"},\"image\":{\"@id\":\"https:\\\/\\\/www.ramedigitalstore.com\\\/prodotto\\\/avast-ultimate-10-devices-2-years-avast-key-global\\\/#primaryimage\"},\"thumbnailUrl\":\"https:\\\/\\\/www.ramedigitalstore.com\\\/wp-content\\\/uploads\\\/2022\\\/03\\\/Avast-Ultimate-10-Device-2-Years.jpg\",\"datePublished\":\"2022-03-19T21:05:31+00:00\",\"dateModified\":\"2023-10-29T20:24:59+00:00\",\"breadcrumb\":{\"@id\":\"https:\\\/\\\/www.ramedigitalstore.com\\\/prodotto\\\/avast-ultimate-10-devices-2-years-avast-key-global\\\/#breadcrumb\"},\"inLanguage\":\"hu\",\"potentialAction\":[{\"@type\":\"ReadAction\",\"target\":[\"https:\\\/\\\/www.ramedigitalstore.com\\\/prodotto\\\/avast-ultimate-10-devices-2-years-avast-key-global\\\/\"]}]},{\"@type\":\"ImageObject\",\"inLanguage\":\"hu\",\"@id\":\"https:\\\/\\\/www.ramedigitalstore.com\\\/prodotto\\\/avast-ultimate-10-devices-2-years-avast-key-global\\\/#primaryimage\",\"url\":\"https:\\\/\\\/www.ramedigitalstore.com\\\/wp-content\\\/uploads\\\/2022\\\/03\\\/Avast-Ultimate-10-Device-2-Years.jpg\",\"contentUrl\":\"https:\\\/\\\/www.ramedigitalstore.com\\\/wp-content\\\/uploads\\\/2022\\\/03\\\/Avast-Ultimate-10-Device-2-Years.jpg\",\"width\":720,\"height\":720},{\"@type\":\"BreadcrumbList\",\"@id\":\"https:\\\/\\\/www.ramedigitalstore.com\\\/prodotto\\\/avast-ultimate-10-devices-2-years-avast-key-global\\\/#breadcrumb\",\"itemListElement\":[{\"@type\":\"ListItem\",\"position\":1,\"name\":\"Home\",\"item\":\"https:\\\/\\\/www.ramedigitalstore.com\\\/\"},{\"@type\":\"ListItem\",\"position\":2,\"name\":\"Shop\",\"item\":\"https:\\\/\\\/www.ramedigitalstore.com\\\/shop\\\/\"},{\"@type\":\"ListItem\",\"position\":3,\"name\":\"Avast Ultimate 10 Devices 2 Years Avast &#8211; Key GLOBAL\"}]},{\"@type\":\"WebSite\",\"@id\":\"https:\\\/\\\/www.ramedigitalstore.com\\\/#website\",\"url\":\"https:\\\/\\\/www.ramedigitalstore.com\\\/\",\"name\":\"Rame Digital\",\"description\":\"Digital store par excellence\",\"publisher\":{\"@id\":\"https:\\\/\\\/www.ramedigitalstore.com\\\/#organization\"},\"potentialAction\":[{\"@type\":\"SearchAction\",\"target\":{\"@type\":\"EntryPoint\",\"urlTemplate\":\"https:\\\/\\\/www.ramedigitalstore.com\\\/?s={search_term_string}\"},\"query-input\":{\"@type\":\"PropertyValueSpecification\",\"valueRequired\":true,\"valueName\":\"search_term_string\"}}],\"inLanguage\":\"hu\"},{\"@type\":\"Organization\",\"@id\":\"https:\\\/\\\/www.ramedigitalstore.com\\\/#organization\",\"name\":\"Rame Digital\",\"url\":\"https:\\\/\\\/www.ramedigitalstore.com\\\/\",\"logo\":{\"@type\":\"ImageObject\",\"inLanguage\":\"hu\",\"@id\":\"https:\\\/\\\/www.ramedigitalstore.com\\\/#\\\/schema\\\/logo\\\/image\\\/\",\"url\":\"https:\\\/\\\/www.ramedigitalstore.com\\\/wp-content\\\/uploads\\\/2021\\\/04\\\/Logo-new-quadrato-1-e1619205976915.png\",\"contentUrl\":\"https:\\\/\\\/www.ramedigitalstore.com\\\/wp-content\\\/uploads\\\/2021\\\/04\\\/Logo-new-quadrato-1-e1619205976915.png\",\"width\":256,\"height\":256,\"caption\":\"Rame Digital\"},\"image\":{\"@id\":\"https:\\\/\\\/www.ramedigitalstore.com\\\/#\\\/schema\\\/logo\\\/image\\\/\"},\"sameAs\":[\"https:\\\/\\\/www.facebook.com\\\/RameDigitalOfficial\",\"https:\\\/\\\/www.instagram.com\\\/rame_digital_official\\\/\"]}]}<\/script>\n<!-- \/ Yoast SEO Premium plugin. -->","yoast_head_json":{"title":"Avast Ultimate 10 k\u00e9sz\u00fcl\u00e9k 2 \u00e9v Avast - Kulcs GLOB\u00c1LIS - Rame Digital","robots":{"index":"index","follow":"follow","max-snippet":"max-snippet:-1","max-image-preview":"max-image-preview:large","max-video-preview":"max-video-preview:-1"},"canonical":"https:\/\/www.ramedigitalstore.com\/hu\/prodotto\/avast-ultimate-10-eszkozok-2ev-avast-key-global\/","og_locale":"hu_HU","og_type":"article","og_title":"Avast Ultimate 10 Devices 2 Years Avast - Key GLOBAL","og_description":"Don't miss this offer! It won't be around forever! Protect your devices today!  \u2713 CD-KEY \u2713Avast AntiTrack \u2713 Avast SecureLine VPN  \u2713 Avast Premium Security \u2713 Avast Cleanup Premium  \u2713 Delivery by email in up to 6 hours &nbsp;","og_url":"https:\/\/www.ramedigitalstore.com\/hu\/prodotto\/avast-ultimate-10-eszkozok-2ev-avast-key-global\/","og_site_name":"Rame Digital","article_publisher":"https:\/\/www.facebook.com\/RameDigitalOfficial","article_modified_time":"2023-10-29T20:24:59+00:00","og_image":[{"width":720,"height":720,"url":"https:\/\/www.ramedigitalstore.com\/wp-content\/uploads\/2022\/03\/Avast-Ultimate-10-Device-2-Years.jpg","type":"image\/jpeg"}],"twitter_card":"summary_large_image","twitter_misc":{"Becs\u00fclt olvas\u00e1si id\u0151":"3 perc"},"schema":{"@context":"https:\/\/schema.org","@graph":[{"@type":"WebPage","@id":"https:\/\/www.ramedigitalstore.com\/prodotto\/avast-ultimate-10-devices-2-years-avast-key-global\/","url":"https:\/\/www.ramedigitalstore.com\/prodotto\/avast-ultimate-10-devices-2-years-avast-key-global\/","name":"Avast Ultimate 10 k\u00e9sz\u00fcl\u00e9k 2 \u00e9v Avast - Kulcs GLOB\u00c1LIS - Rame Digital","isPartOf":{"@id":"https:\/\/www.ramedigitalstore.com\/#website"},"primaryImageOfPage":{"@id":"https:\/\/www.ramedigitalstore.com\/prodotto\/avast-ultimate-10-devices-2-years-avast-key-global\/#primaryimage"},"image":{"@id":"https:\/\/www.ramedigitalstore.com\/prodotto\/avast-ultimate-10-devices-2-years-avast-key-global\/#primaryimage"},"thumbnailUrl":"https:\/\/www.ramedigitalstore.com\/wp-content\/uploads\/2022\/03\/Avast-Ultimate-10-Device-2-Years.jpg","datePublished":"2022-03-19T21:05:31+00:00","dateModified":"2023-10-29T20:24:59+00:00","breadcrumb":{"@id":"https:\/\/www.ramedigitalstore.com\/prodotto\/avast-ultimate-10-devices-2-years-avast-key-global\/#breadcrumb"},"inLanguage":"hu","potentialAction":[{"@type":"ReadAction","target":["https:\/\/www.ramedigitalstore.com\/prodotto\/avast-ultimate-10-devices-2-years-avast-key-global\/"]}]},{"@type":"ImageObject","inLanguage":"hu","@id":"https:\/\/www.ramedigitalstore.com\/prodotto\/avast-ultimate-10-devices-2-years-avast-key-global\/#primaryimage","url":"https:\/\/www.ramedigitalstore.com\/wp-content\/uploads\/2022\/03\/Avast-Ultimate-10-Device-2-Years.jpg","contentUrl":"https:\/\/www.ramedigitalstore.com\/wp-content\/uploads\/2022\/03\/Avast-Ultimate-10-Device-2-Years.jpg","width":720,"height":720},{"@type":"BreadcrumbList","@id":"https:\/\/www.ramedigitalstore.com\/prodotto\/avast-ultimate-10-devices-2-years-avast-key-global\/#breadcrumb","itemListElement":[{"@type":"ListItem","position":1,"name":"Home","item":"https:\/\/www.ramedigitalstore.com\/"},{"@type":"ListItem","position":2,"name":"Shop","item":"https:\/\/www.ramedigitalstore.com\/shop\/"},{"@type":"ListItem","position":3,"name":"Avast Ultimate 10 Devices 2 Years Avast &#8211; Key GLOBAL"}]},{"@type":"WebSite","@id":"https:\/\/www.ramedigitalstore.com\/#website","url":"https:\/\/www.ramedigitalstore.com\/","name":"Rame Digital","description":"Digit\u00e1lis \u00e1ruh\u00e1z par excellence","publisher":{"@id":"https:\/\/www.ramedigitalstore.com\/#organization"},"potentialAction":[{"@type":"SearchAction","target":{"@type":"EntryPoint","urlTemplate":"https:\/\/www.ramedigitalstore.com\/?s={search_term_string}"},"query-input":{"@type":"PropertyValueSpecification","valueRequired":true,"valueName":"search_term_string"}}],"inLanguage":"hu"},{"@type":"Organization","@id":"https:\/\/www.ramedigitalstore.com\/#organization","name":"Rame Digital","url":"https:\/\/www.ramedigitalstore.com\/","logo":{"@type":"ImageObject","inLanguage":"hu","@id":"https:\/\/www.ramedigitalstore.com\/#\/schema\/logo\/image\/","url":"https:\/\/www.ramedigitalstore.com\/wp-content\/uploads\/2021\/04\/Logo-new-quadrato-1-e1619205976915.png","contentUrl":"https:\/\/www.ramedigitalstore.com\/wp-content\/uploads\/2021\/04\/Logo-new-quadrato-1-e1619205976915.png","width":256,"height":256,"caption":"Rame Digital"},"image":{"@id":"https:\/\/www.ramedigitalstore.com\/#\/schema\/logo\/image\/"},"sameAs":["https:\/\/www.facebook.com\/RameDigitalOfficial","https:\/\/www.instagram.com\/rame_digital_official\/"]}]}},"jetpack_sharing_enabled":true,"_links":{"self":[{"href":"https:\/\/www.ramedigitalstore.com\/hu\/wp-json\/wp\/v2\/product\/2713","targetHints":{"allow":["GET"]}}],"collection":[{"href":"https:\/\/www.ramedigitalstore.com\/hu\/wp-json\/wp\/v2\/product"}],"about":[{"href":"https:\/\/www.ramedigitalstore.com\/hu\/wp-json\/wp\/v2\/types\/product"}],"version-history":[{"count":1,"href":"https:\/\/www.ramedigitalstore.com\/hu\/wp-json\/wp\/v2\/product\/2713\/revisions"}],"predecessor-version":[{"id":5025,"href":"https:\/\/www.ramedigitalstore.com\/hu\/wp-json\/wp\/v2\/product\/2713\/revisions\/5025"}],"wp:featuredmedia":[{"embeddable":true,"href":"https:\/\/www.ramedigitalstore.com\/hu\/wp-json\/wp\/v2\/media\/2714"}],"wp:attachment":[{"href":"https:\/\/www.ramedigitalstore.com\/hu\/wp-json\/wp\/v2\/media?parent=2713"}],"wp:term":[{"taxonomy":"product_brand","embeddable":true,"href":"https:\/\/www.ramedigitalstore.com\/hu\/wp-json\/wp\/v2\/product_brand?post=2713"},{"taxonomy":"product_cat","embeddable":true,"href":"https:\/\/www.ramedigitalstore.com\/hu\/wp-json\/wp\/v2\/product_cat?post=2713"},{"taxonomy":"product_tag","embeddable":true,"href":"https:\/\/www.ramedigitalstore.com\/hu\/wp-json\/wp\/v2\/product_tag?post=2713"}],"curies":[{"name":"wp","href":"https:\/\/api.w.org\/{rel}","templated":true}]}}