{"id":3068,"date":"2022-04-14T23:48:45","date_gmt":"2022-04-14T23:48:45","guid":{"rendered":"https:\/\/www.ramedigitalstore.com\/?post_type=product&#038;p=3068"},"modified":"2024-04-04T20:49:19","modified_gmt":"2024-04-04T20:49:19","slug":"elden-ring-60-miglion-runes-1-free-weapon-xbox","status":"publish","type":"product","link":"https:\/\/www.ramedigitalstore.com\/hu\/prodotto\/elden-ring-60-miglion-runes-1-free-weapon-xbox\/","title":{"rendered":"Elden gy\u0171r\u0171 60 Miglion r\u00fana + 1 ingyenes fegyver - Xbox"},"content":{"rendered":"<h2 style=\"text-align: center;\">Szerezz 60 milli\u00f3 r\u00fan\u00e1t \u00e9s egy \u00e1ltalad v\u00e1lasztott fegyvert.<\/h2>\n<h3 style=\"text-align: center;\">Plusz egy ingyenes titkos fegyver.<br \/>\nA r\u00fan\u00e1k \u00e1tad\u00e1sa 10 percen bel\u00fcl megt\u00f6rt\u00e9nik, a csere lebonyol\u00edt\u00e1sa \u00e9rdek\u00e9ben WhatsAppon kereszt\u00fcl felvessz\u00fck veled a kapcsolatot.<\/h3>\n<p style=\"text-align: center;\">Ha a r\u00fan\u00e1k sz\u00e1ma el\u00e9ri a k\u00e9szleted hat\u00e1r\u00e1t, a t\u00f6bbi r\u00fana k\u00f6zvetlen\u00fcl a szort\u00edroz\u00f3 l\u00e1d\u00e1ba ker\u00fcl.<\/p>\n<p>&nbsp;<\/p>\n<h3 style=\"text-align: center;\">A Rame Digitalon val\u00f3 v\u00e1s\u00e1rl\u00e1s olcs\u00f3 \u00e9s biztons\u00e1gos<\/h3>\n<p style=\"text-align: center;\">V\u00e1s\u00e1rl\u00e1ssal a <a href=\"https:\/\/www.ramedigitalstore.com\/hu\/\">Rame Digital<\/a> , a v\u00e1s\u00e1rl\u00f3k \u00e9lvezhetik a tesztelt szolg\u00e1ltat\u00e1s min\u0151s\u00e9g\u00e9nek el\u0151nyeit, \u00e9s \u00e9lvezhetik a rendk\u00edv\u00fcl egyszer\u0171 \u00e9s egyszer\u0171 v\u00e1s\u00e1rl\u00e1si folyamatot. A k\u00edv\u00e1nt term\u00e9ket nem sz\u00e1ll\u00edtj\u00e1k az \u00fcgyf\u00e9lnek terjedelmes m\u00f3don, mint CD \/ DVD, k\u00f6vetkez\u00e9sk\u00e9ppen, hanem csak egy sz\u00e1mla postai \u00faton. Ez\u00e9rt az \u00fcgyf\u00e9l a v\u00e1s\u00e1rl\u00e1s \u00e9s a p\u00e9nz be\u00e9rkez\u00e9se ut\u00e1n azonnal megkapja az \u00e1rut. Ha t\u00f6bbet szeretne megtudni, olvassa el: <a href=\"https:\/\/www.ramecorporation.com\/terms-and-condictions\/\">felt\u00e9telek \u00e9s kik\u00f6t\u00e9sek<\/a> \u00e9s <a href=\"https:\/\/www.ramecorporation.com\/privacy-policy\/\">adatv\u00e9delem<\/a> vagy <a href=\"https:\/\/www.ramecorporation.com\/faqs\/\">GYIK<\/a><\/p>\n<p style=\"text-align: center;\">A Copper Digital eset\u00e9ben viszont a t\u00e1mogat\u00e1s mindig ingyenes.<\/p>","protected":false},"excerpt":{"rendered":"<h5 style=\"text-align: center;\"><span style=\"color: #ff0000;\"><em><span style=\"vertical-align: inherit;\">Ne hagyja ki ezt az aj\u00e1nlatot! Nem lesz \u00f6r\u00f6kk\u00e9!<\/span><\/em><\/span><\/h5>\n<div class=\"hd-listinghead\" style=\"font-size: 19pt; font-family: Arial; text-align: center;\"><strong><span style=\"color: #8f00ff;\"><span style=\"vertical-align: inherit;\">Szerezd meg a r\u00fan\u00e1kat m\u00e9g ma!<\/span><\/span><\/strong><\/div>\n<p><\/p>\n<p style=\"text-align: center;\"><strong>\u2713 R\u00fan\u00e1kat kaphatsz a profilodra<span style=\"vertical-align: inherit;\">\u00a0!<\/span><\/strong><br \/>\n<strong>\u2713<\/strong>WhatsApp t\u00e1mogat\u00e1s<br \/>\n<strong>\u2713 <\/strong>Maxim\u00e1lis biztons\u00e1g<br \/>\n<span style=\"vertical-align: inherit;\"> <strong>\u2713 <\/strong>Nincs kock\u00e1zati tilalom<\/span><br \/>\n<span style=\"vertical-align: inherit;\"><strong>\u2713 <\/strong><\/span>Sz\u00e1ll\u00edt\u00e1s ak\u00e1r 3 \u00f3ra alatt<br \/>\n<span style=\"vertical-align: inherit;\"><strong>\u2713 Az \u00e1ltalad v\u00e1lasztott fegyver plusz titkos fegyver ingyen.<\/strong><\/span><\/p>\n<p>&nbsp;<\/p>\n<p><img decoding=\"async\" class=\"aligncenter wp-image-2400\" src=\"https:\/\/www.ramedigitalstore.com\/wp-content\/uploads\/2022\/03\/trustpilot-stars-1024x140.png\" alt=\"\" width=\"600\" height=\"82\" srcset=\"https:\/\/www.ramedigitalstore.com\/wp-content\/uploads\/2022\/03\/trustpilot-stars-1024x140.png 1024w, https:\/\/www.ramedigitalstore.com\/wp-content\/uploads\/2022\/03\/trustpilot-stars-500x68.png 500w, https:\/\/www.ramedigitalstore.com\/wp-content\/uploads\/2022\/03\/trustpilot-stars-700x96.png 700w, https:\/\/www.ramedigitalstore.com\/wp-content\/uploads\/2022\/03\/trustpilot-stars-300x41.png 300w, https:\/\/www.ramedigitalstore.com\/wp-content\/uploads\/2022\/03\/trustpilot-stars-768x105.png 768w, https:\/\/www.ramedigitalstore.com\/wp-content\/uploads\/2022\/03\/trustpilot-stars-1536x210.png 1536w, https:\/\/www.ramedigitalstore.com\/wp-content\/uploads\/2022\/03\/trustpilot-stars-260x35.png 260w, https:\/\/www.ramedigitalstore.com\/wp-content\/uploads\/2022\/03\/trustpilot-stars-50x7.png 50w, https:\/\/www.ramedigitalstore.com\/wp-content\/uploads\/2022\/03\/trustpilot-stars-150x20.png 150w, https:\/\/www.ramedigitalstore.com\/wp-content\/uploads\/2022\/03\/trustpilot-stars-1320x180.png 1320w, https:\/\/www.ramedigitalstore.com\/wp-content\/uploads\/2022\/03\/trustpilot-stars-800x109.png 800w, https:\/\/www.ramedigitalstore.com\/wp-content\/uploads\/2022\/03\/trustpilot-stars.png 2000w\" sizes=\"(max-width: 600px) 100vw, 600px\" \/><\/p>\n<p><img fetchpriority=\"high\" decoding=\"async\" class=\"wp-image-2401 size-full aligncenter\" src=\"https:\/\/www.ramedigitalstore.com\/wp-content\/uploads\/2022\/03\/payment2.jpg\" alt=\"\" width=\"1020\" height=\"267\" srcset=\"https:\/\/www.ramedigitalstore.com\/wp-content\/uploads\/2022\/03\/payment2.jpg 1020w, https:\/\/www.ramedigitalstore.com\/wp-content\/uploads\/2022\/03\/payment2-500x131.jpg 500w, https:\/\/www.ramedigitalstore.com\/wp-content\/uploads\/2022\/03\/payment2-700x183.jpg 700w, https:\/\/www.ramedigitalstore.com\/wp-content\/uploads\/2022\/03\/payment2-300x79.jpg 300w, https:\/\/www.ramedigitalstore.com\/wp-content\/uploads\/2022\/03\/payment2-768x201.jpg 768w, https:\/\/www.ramedigitalstore.com\/wp-content\/uploads\/2022\/03\/payment2-260x68.jpg 260w, https:\/\/www.ramedigitalstore.com\/wp-content\/uploads\/2022\/03\/payment2-50x13.jpg 50w, https:\/\/www.ramedigitalstore.com\/wp-content\/uploads\/2022\/03\/payment2-150x39.jpg 150w, https:\/\/www.ramedigitalstore.com\/wp-content\/uploads\/2022\/03\/payment2-800x209.jpg 800w\" sizes=\"(max-width: 1020px) 100vw, 1020px\" \/><\/p>","protected":false},"featured_media":3070,"template":"","meta":[],"product_brand":[],"product_cat":[63],"product_tag":[],"class_list":{"0":"post-3068","1":"product","2":"type-product","3":"status-publish","4":"has-post-thumbnail","6":"product_cat-gaming","8":"first","9":"outofstock","10":"sale","11":"virtual","12":"purchasable","13":"product-type-simple"},"yoast_head":"<!-- This site is optimized with the Yoast SEO Premium plugin v21.9 (Yoast SEO v27.5) - https:\/\/yoast.com\/product\/yoast-seo-premium-wordpress\/ -->\n<title>Elden Ring 60 Miglion Runes + 1 Free Weapon - Xbox - Rame Digital<\/title>\n<meta name=\"robots\" content=\"index, follow, max-snippet:-1, max-image-preview:large, max-video-preview:-1\" \/>\n<link rel=\"canonical\" href=\"https:\/\/www.ramedigitalstore.com\/hu\/prodotto\/elden-ring-60-miglion-runes-1-free-weapon-xbox\/\" \/>\n<meta property=\"og:locale\" content=\"hu_HU\" \/>\n<meta property=\"og:type\" content=\"article\" \/>\n<meta property=\"og:title\" content=\"Elden Ring 60 Miglion Runes + 1 Free Weapon - Xbox\" \/>\n<meta property=\"og:description\" content=\"Don&#039;t miss this offer! It won&#039;t be around forever! Get your runes today! \u2713 Get runes on your profile\u00a0! \u2713WhatsApp support \u2713 Maximum security  \u2713 No risk ban \u2713 Delivery in up to 3hours \u2713 Weapon of your choice plus secret weapon for free. &nbsp;\" \/>\n<meta property=\"og:url\" content=\"https:\/\/www.ramedigitalstore.com\/hu\/prodotto\/elden-ring-60-miglion-runes-1-free-weapon-xbox\/\" \/>\n<meta property=\"og:site_name\" content=\"Rame Digital\" \/>\n<meta property=\"article:publisher\" content=\"https:\/\/www.facebook.com\/RameDigitalOfficial\" \/>\n<meta property=\"article:modified_time\" content=\"2024-04-04T20:49:19+00:00\" \/>\n<meta property=\"og:image\" content=\"https:\/\/www.ramedigitalstore.com\/wp-content\/uploads\/2022\/04\/feecce7d-eldenringuy-1.jpg\" \/>\n\t<meta property=\"og:image:width\" content=\"1080\" \/>\n\t<meta property=\"og:image:height\" content=\"1080\" \/>\n\t<meta property=\"og:image:type\" content=\"image\/jpeg\" \/>\n<meta name=\"twitter:card\" content=\"summary_large_image\" \/>\n<meta name=\"twitter:label1\" content=\"Becs\u00fclt olvas\u00e1si id\u0151\" \/>\n\t<meta name=\"twitter:data1\" content=\"1 perc\" \/>\n<script type=\"application\/ld+json\" class=\"yoast-schema-graph\">{\"@context\":\"https:\\\/\\\/schema.org\",\"@graph\":[{\"@type\":\"WebPage\",\"@id\":\"https:\\\/\\\/www.ramedigitalstore.com\\\/prodotto\\\/elden-ring-60-miglion-runes-1-free-weapon-xbox\\\/\",\"url\":\"https:\\\/\\\/www.ramedigitalstore.com\\\/prodotto\\\/elden-ring-60-miglion-runes-1-free-weapon-xbox\\\/\",\"name\":\"Elden Ring 60 Miglion Runes + 1 Free Weapon - Xbox - Rame Digital\",\"isPartOf\":{\"@id\":\"https:\\\/\\\/www.ramedigitalstore.com\\\/#website\"},\"primaryImageOfPage\":{\"@id\":\"https:\\\/\\\/www.ramedigitalstore.com\\\/prodotto\\\/elden-ring-60-miglion-runes-1-free-weapon-xbox\\\/#primaryimage\"},\"image\":{\"@id\":\"https:\\\/\\\/www.ramedigitalstore.com\\\/prodotto\\\/elden-ring-60-miglion-runes-1-free-weapon-xbox\\\/#primaryimage\"},\"thumbnailUrl\":\"https:\\\/\\\/www.ramedigitalstore.com\\\/wp-content\\\/uploads\\\/2022\\\/04\\\/feecce7d-eldenringuy-1.jpg\",\"datePublished\":\"2022-04-14T23:48:45+00:00\",\"dateModified\":\"2024-04-04T20:49:19+00:00\",\"breadcrumb\":{\"@id\":\"https:\\\/\\\/www.ramedigitalstore.com\\\/prodotto\\\/elden-ring-60-miglion-runes-1-free-weapon-xbox\\\/#breadcrumb\"},\"inLanguage\":\"hu\",\"potentialAction\":[{\"@type\":\"ReadAction\",\"target\":[\"https:\\\/\\\/www.ramedigitalstore.com\\\/prodotto\\\/elden-ring-60-miglion-runes-1-free-weapon-xbox\\\/\"]}]},{\"@type\":\"ImageObject\",\"inLanguage\":\"hu\",\"@id\":\"https:\\\/\\\/www.ramedigitalstore.com\\\/prodotto\\\/elden-ring-60-miglion-runes-1-free-weapon-xbox\\\/#primaryimage\",\"url\":\"https:\\\/\\\/www.ramedigitalstore.com\\\/wp-content\\\/uploads\\\/2022\\\/04\\\/feecce7d-eldenringuy-1.jpg\",\"contentUrl\":\"https:\\\/\\\/www.ramedigitalstore.com\\\/wp-content\\\/uploads\\\/2022\\\/04\\\/feecce7d-eldenringuy-1.jpg\",\"width\":1080,\"height\":1080},{\"@type\":\"BreadcrumbList\",\"@id\":\"https:\\\/\\\/www.ramedigitalstore.com\\\/prodotto\\\/elden-ring-60-miglion-runes-1-free-weapon-xbox\\\/#breadcrumb\",\"itemListElement\":[{\"@type\":\"ListItem\",\"position\":1,\"name\":\"Home\",\"item\":\"https:\\\/\\\/www.ramedigitalstore.com\\\/\"},{\"@type\":\"ListItem\",\"position\":2,\"name\":\"Shop\",\"item\":\"https:\\\/\\\/www.ramedigitalstore.com\\\/shop\\\/\"},{\"@type\":\"ListItem\",\"position\":3,\"name\":\"Elden Ring 60 Miglion Runes + 1 Free Weapon &#8211; Xbox\"}]},{\"@type\":\"WebSite\",\"@id\":\"https:\\\/\\\/www.ramedigitalstore.com\\\/#website\",\"url\":\"https:\\\/\\\/www.ramedigitalstore.com\\\/\",\"name\":\"Rame Digital\",\"description\":\"Digital store par excellence\",\"publisher\":{\"@id\":\"https:\\\/\\\/www.ramedigitalstore.com\\\/#organization\"},\"potentialAction\":[{\"@type\":\"SearchAction\",\"target\":{\"@type\":\"EntryPoint\",\"urlTemplate\":\"https:\\\/\\\/www.ramedigitalstore.com\\\/?s={search_term_string}\"},\"query-input\":{\"@type\":\"PropertyValueSpecification\",\"valueRequired\":true,\"valueName\":\"search_term_string\"}}],\"inLanguage\":\"hu\"},{\"@type\":\"Organization\",\"@id\":\"https:\\\/\\\/www.ramedigitalstore.com\\\/#organization\",\"name\":\"Rame Digital\",\"url\":\"https:\\\/\\\/www.ramedigitalstore.com\\\/\",\"logo\":{\"@type\":\"ImageObject\",\"inLanguage\":\"hu\",\"@id\":\"https:\\\/\\\/www.ramedigitalstore.com\\\/#\\\/schema\\\/logo\\\/image\\\/\",\"url\":\"https:\\\/\\\/www.ramedigitalstore.com\\\/wp-content\\\/uploads\\\/2021\\\/04\\\/Logo-new-quadrato-1-e1619205976915.png\",\"contentUrl\":\"https:\\\/\\\/www.ramedigitalstore.com\\\/wp-content\\\/uploads\\\/2021\\\/04\\\/Logo-new-quadrato-1-e1619205976915.png\",\"width\":256,\"height\":256,\"caption\":\"Rame Digital\"},\"image\":{\"@id\":\"https:\\\/\\\/www.ramedigitalstore.com\\\/#\\\/schema\\\/logo\\\/image\\\/\"},\"sameAs\":[\"https:\\\/\\\/www.facebook.com\\\/RameDigitalOfficial\",\"https:\\\/\\\/www.instagram.com\\\/rame_digital_official\\\/\"]}]}<\/script>\n<!-- \/ Yoast SEO Premium plugin. -->","yoast_head_json":{"title":"Elden Ring 60 Miglion r\u00fana + 1 ingyenes fegyver - Xbox - Rame Digital","robots":{"index":"index","follow":"follow","max-snippet":"max-snippet:-1","max-image-preview":"max-image-preview:large","max-video-preview":"max-video-preview:-1"},"canonical":"https:\/\/www.ramedigitalstore.com\/hu\/prodotto\/elden-ring-60-miglion-runes-1-free-weapon-xbox\/","og_locale":"hu_HU","og_type":"article","og_title":"Elden Ring 60 Miglion Runes + 1 Free Weapon - Xbox","og_description":"Don't miss this offer! It won't be around forever! Get your runes today! \u2713 Get runes on your profile\u00a0! \u2713WhatsApp support \u2713 Maximum security  \u2713 No risk ban \u2713 Delivery in up to 3hours \u2713 Weapon of your choice plus secret weapon for free. &nbsp;","og_url":"https:\/\/www.ramedigitalstore.com\/hu\/prodotto\/elden-ring-60-miglion-runes-1-free-weapon-xbox\/","og_site_name":"Rame Digital","article_publisher":"https:\/\/www.facebook.com\/RameDigitalOfficial","article_modified_time":"2024-04-04T20:49:19+00:00","og_image":[{"width":1080,"height":1080,"url":"https:\/\/www.ramedigitalstore.com\/wp-content\/uploads\/2022\/04\/feecce7d-eldenringuy-1.jpg","type":"image\/jpeg"}],"twitter_card":"summary_large_image","twitter_misc":{"Becs\u00fclt olvas\u00e1si id\u0151":"1 perc"},"schema":{"@context":"https:\/\/schema.org","@graph":[{"@type":"WebPage","@id":"https:\/\/www.ramedigitalstore.com\/prodotto\/elden-ring-60-miglion-runes-1-free-weapon-xbox\/","url":"https:\/\/www.ramedigitalstore.com\/prodotto\/elden-ring-60-miglion-runes-1-free-weapon-xbox\/","name":"Elden Ring 60 Miglion r\u00fana + 1 ingyenes fegyver - Xbox - Rame Digital","isPartOf":{"@id":"https:\/\/www.ramedigitalstore.com\/#website"},"primaryImageOfPage":{"@id":"https:\/\/www.ramedigitalstore.com\/prodotto\/elden-ring-60-miglion-runes-1-free-weapon-xbox\/#primaryimage"},"image":{"@id":"https:\/\/www.ramedigitalstore.com\/prodotto\/elden-ring-60-miglion-runes-1-free-weapon-xbox\/#primaryimage"},"thumbnailUrl":"https:\/\/www.ramedigitalstore.com\/wp-content\/uploads\/2022\/04\/feecce7d-eldenringuy-1.jpg","datePublished":"2022-04-14T23:48:45+00:00","dateModified":"2024-04-04T20:49:19+00:00","breadcrumb":{"@id":"https:\/\/www.ramedigitalstore.com\/prodotto\/elden-ring-60-miglion-runes-1-free-weapon-xbox\/#breadcrumb"},"inLanguage":"hu","potentialAction":[{"@type":"ReadAction","target":["https:\/\/www.ramedigitalstore.com\/prodotto\/elden-ring-60-miglion-runes-1-free-weapon-xbox\/"]}]},{"@type":"ImageObject","inLanguage":"hu","@id":"https:\/\/www.ramedigitalstore.com\/prodotto\/elden-ring-60-miglion-runes-1-free-weapon-xbox\/#primaryimage","url":"https:\/\/www.ramedigitalstore.com\/wp-content\/uploads\/2022\/04\/feecce7d-eldenringuy-1.jpg","contentUrl":"https:\/\/www.ramedigitalstore.com\/wp-content\/uploads\/2022\/04\/feecce7d-eldenringuy-1.jpg","width":1080,"height":1080},{"@type":"BreadcrumbList","@id":"https:\/\/www.ramedigitalstore.com\/prodotto\/elden-ring-60-miglion-runes-1-free-weapon-xbox\/#breadcrumb","itemListElement":[{"@type":"ListItem","position":1,"name":"Home","item":"https:\/\/www.ramedigitalstore.com\/"},{"@type":"ListItem","position":2,"name":"Shop","item":"https:\/\/www.ramedigitalstore.com\/shop\/"},{"@type":"ListItem","position":3,"name":"Elden Ring 60 Miglion Runes + 1 Free Weapon &#8211; Xbox"}]},{"@type":"WebSite","@id":"https:\/\/www.ramedigitalstore.com\/#website","url":"https:\/\/www.ramedigitalstore.com\/","name":"Rame Digital","description":"Digit\u00e1lis \u00e1ruh\u00e1z par excellence","publisher":{"@id":"https:\/\/www.ramedigitalstore.com\/#organization"},"potentialAction":[{"@type":"SearchAction","target":{"@type":"EntryPoint","urlTemplate":"https:\/\/www.ramedigitalstore.com\/?s={search_term_string}"},"query-input":{"@type":"PropertyValueSpecification","valueRequired":true,"valueName":"search_term_string"}}],"inLanguage":"hu"},{"@type":"Organization","@id":"https:\/\/www.ramedigitalstore.com\/#organization","name":"Rame Digital","url":"https:\/\/www.ramedigitalstore.com\/","logo":{"@type":"ImageObject","inLanguage":"hu","@id":"https:\/\/www.ramedigitalstore.com\/#\/schema\/logo\/image\/","url":"https:\/\/www.ramedigitalstore.com\/wp-content\/uploads\/2021\/04\/Logo-new-quadrato-1-e1619205976915.png","contentUrl":"https:\/\/www.ramedigitalstore.com\/wp-content\/uploads\/2021\/04\/Logo-new-quadrato-1-e1619205976915.png","width":256,"height":256,"caption":"Rame Digital"},"image":{"@id":"https:\/\/www.ramedigitalstore.com\/#\/schema\/logo\/image\/"},"sameAs":["https:\/\/www.facebook.com\/RameDigitalOfficial","https:\/\/www.instagram.com\/rame_digital_official\/"]}]}},"jetpack_sharing_enabled":true,"_links":{"self":[{"href":"https:\/\/www.ramedigitalstore.com\/hu\/wp-json\/wp\/v2\/product\/3068","targetHints":{"allow":["GET"]}}],"collection":[{"href":"https:\/\/www.ramedigitalstore.com\/hu\/wp-json\/wp\/v2\/product"}],"about":[{"href":"https:\/\/www.ramedigitalstore.com\/hu\/wp-json\/wp\/v2\/types\/product"}],"version-history":[{"count":0,"href":"https:\/\/www.ramedigitalstore.com\/hu\/wp-json\/wp\/v2\/product\/3068\/revisions"}],"wp:featuredmedia":[{"embeddable":true,"href":"https:\/\/www.ramedigitalstore.com\/hu\/wp-json\/wp\/v2\/media\/3070"}],"wp:attachment":[{"href":"https:\/\/www.ramedigitalstore.com\/hu\/wp-json\/wp\/v2\/media?parent=3068"}],"wp:term":[{"taxonomy":"product_brand","embeddable":true,"href":"https:\/\/www.ramedigitalstore.com\/hu\/wp-json\/wp\/v2\/product_brand?post=3068"},{"taxonomy":"product_cat","embeddable":true,"href":"https:\/\/www.ramedigitalstore.com\/hu\/wp-json\/wp\/v2\/product_cat?post=3068"},{"taxonomy":"product_tag","embeddable":true,"href":"https:\/\/www.ramedigitalstore.com\/hu\/wp-json\/wp\/v2\/product_tag?post=3068"}],"curies":[{"name":"wp","href":"https:\/\/api.w.org\/{rel}","templated":true}]}}