{"id":3489,"date":"2022-05-17T13:51:25","date_gmt":"2022-05-17T13:51:25","guid":{"rendered":"https:\/\/www.ramedigitalstore.com\/?post_type=product&#038;p=3489"},"modified":"2023-10-29T20:24:40","modified_gmt":"2023-10-29T20:24:40","slug":"microsoft-office-professional-plus-2021-pc-microsoft-key-global","status":"publish","type":"product","link":"https:\/\/www.ramedigitalstore.com\/hu\/prodotto\/microsoft-office-professional-plus-2021-pc-microsoft-key-global\/","title":{"rendered":"Microsoft Office Professional Plus 2021 (PC) - Microsoft kulcs - GLOB\u00c1LIS"},"content":{"rendered":"<h1 style=\"text-align: center;\"><span style=\"color: #8f00ff;\"><span style=\"vertical-align: inherit;\">Microsoft Office Professional Plus 2021<\/span><\/span><\/h1>\n<p style=\"text-align: center;\">\u00a0A Microsoft klasszikus irodai alkalmaz\u00e1sokb\u00f3l \u00e1ll\u00f3, kifejezetten PC-felhaszn\u00e1l\u00f3k sz\u00e1m\u00e1ra tervezett k\u00e9szlet. Megb\u00edzhat\u00f3 term\u00e9k \u00fczleti \u00fcgyfelek, szabad\u00fasz\u00f3k, csal\u00e1dok \u00e9s otthoni felhaszn\u00e1l\u00f3k sz\u00e1m\u00e1ra. Fedezze fel tartalm\u00e1t, \u00e9s hozzon l\u00e9tre k\u00e9nyelmes \u00e9s produkt\u00edv munkahelyet mag\u00e1nak \u00e9s szeretteinek.<\/p>\n<h3 style=\"text-align: center;\">Mit nyerhetek?<\/h3>\n<p style=\"text-align: center;\">A Microsoft Office csomaggal a legfontosabb irodai alkalmaz\u00e1sok mindegyike k\u00e9zn\u00e9l van. B\u00e1rmilyen feladatra is v\u00e1llalkozik - ezek a bev\u00e1lt programok minden eddigin\u00e9l k\u00f6nnyebb\u00e9 \u00e9s hat\u00e9konyabb\u00e1 teszik a munk\u00e1j\u00e1t. Szerkesszen dokumentumokat, hozzon l\u00e9tre leny\u0171g\u00f6z\u0151 t\u00e1bl\u00e1zatokat \u00e9s tervezzen projekteket. A Microsoft Office 21 lehet\u0151v\u00e9 teszi, hogy szabadj\u00e1ra engedje kreativit\u00e1s\u00e1t, \u00e9s b\u00e1rmilyen \u00f6tletet val\u00f3ra v\u00e1ltson.<\/p>\n<p style=\"text-align: center;\">Ezeknek a klasszikus irodai alkalmaz\u00e1soknak a m\u0171k\u00f6d\u00e9se intuit\u00edv, a kezel\u0151fel\u00fclet pedig \u00e1ttekinthet\u0151. Ez\u00e9rt kiv\u00e1l\u00f3 eszk\u00f6z minden koroszt\u00e1ly\u00fa felhaszn\u00e1l\u00f3 sz\u00e1m\u00e1ra.\u00a0<strong>Microsoft Office Professional Plus 2021<\/strong>\u00a0csak a Windows 10 \u00e9s a Windows 11 oper\u00e1ci\u00f3s rendszerrel kompatibilis. Ezek a Microsoft legjobban bev\u00e1lt, legfejlettebb \u00e9s legn\u00e9pszer\u0171bb oper\u00e1ci\u00f3s rendszerei - sz\u00e1mos \u00faj funkci\u00f3val felszerelve. Mindent az \u00d6n k\u00e9nyelmes haszn\u00e1lat\u00e1\u00e9rt.<\/p>\n<p style=\"text-align: center;\"><img decoding=\"async\" src=\"https:\/\/img.g2a.com\/uiadminimages\/770x433\/1x1x1\/d0b303b1fb96\/a83b23ef7ed2494a93566d5a\" alt=\"Microsoft Office Professional Plus 2021\" \/><\/p>\n<h3 style=\"text-align: center;\">Office Plus 21 - megb\u00edzhat\u00f3 partner<\/h3>\n<p style=\"text-align: center;\">Ez a csomag a Microsoft z\u00e1szl\u00f3shaj\u00f3 szoftvercsomagja - az \u00d6n termel\u00e9kenys\u00e9g\u00e9t szolg\u00e1lja. Hozzon l\u00e9tre \u00e9s szerkesszen dokumentumokat az Office Wordben, hogy felszabad\u00edtsa kreativit\u00e1s\u00e1t. Kezelje t\u00e1bl\u00e1zatait az Office Excelben, \u00e9s hamarosan r\u00e1j\u00f6n, hogy a legnehezebb sz\u00e1m\u00edt\u00e1sok \u00e9s a tervez\u00e9s az \u00d6n term\u00e9szetes tehets\u00e9ge. Leny\u0171g\u00f6z\u0151 prezent\u00e1ci\u00f3 k\u00e9sz\u00edt\u00e9s\u00e9t tervezi?<\/p>\n<p style=\"text-align: center;\">Ebben az esetben p\u00f3tolhatatlan bar\u00e1tja a Microsoft PowerPoint - t\u00f6k\u00e9letes di\u00e1k k\u00e9sz\u00edt\u00e9s\u00e9re \u00e9s szerkeszt\u00e9s\u00e9re b\u00e1rmilyen alkalomra, anim\u00e1ci\u00f3k, bet\u0171t\u00edpusok \u00e9s objektumok sz\u00e9les v\u00e1laszt\u00e9k\u00e1val. Ha pedig olyan programot keres, amely t\u00e1mogatja az adatforr\u00e1sok kezel\u00e9s\u00e9t, pr\u00f3b\u00e1lja ki az Office Access-t. Az Office 2021 a Microsoft Publisher programmal is k\u00f6nnyed\u00e9n kiadhat tartalmakat. \u00c9s ha szeretn\u00e9 tartani a kapcsolatot? A v\u00e1lasz az Office Outlook. Seg\u00edts\u00e9g\u00e9vel kezelheti e-mailjeit, \u00e9s t\u00e1j\u00e9koztatja \u00d6nt az aznapra tervezett feladatokr\u00f3l.<\/p>\n<h3 style=\"text-align: center;\">V\u00e1s\u00e1roljon egyszer, \u00e9s \u00e9lvezze a termel\u00e9kenys\u00e9get!<\/h3>\n<p style=\"text-align: center;\"><strong>Microsoft Office Professional Plus 2021<\/strong>\u00a0egy PC licenck\u00f3d. Ez azt jelenti, hogy a kiv\u00e1lasztott eszk\u00f6zre telep\u00edtve hozz\u00e1f\u00e9rhet a Microsoft legjobb alkalmaz\u00e1saihoz - k\u00e9zn\u00e9l vannak. R\u00e1ad\u00e1sul egyszeri v\u00e1s\u00e1rl\u00e1sr\u00f3l van sz\u00f3! Nincs tov\u00e1bbi fizet\u00e9s vagy felesleges el\u0151fizet\u00e9s. V\u00e1s\u00e1rolja meg a Microsoft Office 2021-et, \u00e9s \u00e9lvezze a Microsoft professzion\u00e1lis, csak \u00d6nnek k\u00e9sz\u00fclt tartalm\u00e1t.<\/p>\n<h3 style=\"text-align: center;\"><strong><span style=\"vertical-align: inherit;\">V\u00e1s\u00e1rl\u00e1s Office Professional Plus 2021 : Olcs\u00f3 \u00e9s biztons\u00e1gos a Rame Digital seg\u00edts\u00e9g\u00e9vel <\/span><\/strong><\/h3>\n<p style=\"text-align: center;\"><span style=\"vertical-align: inherit;\">Ha \u00fagy d\u00f6nt\u00f6tt, hogy megv\u00e1s\u00e1rolja az Avast Ultimate-et, akkor a teljes el\u0151fizet\u00e9st a Rame Digitalon v\u00e1s\u00e1rolhatja meg kedvez\u0151 felt\u00e9telekkel. A v\u00e1s\u00e1rl\u00f3k \u00e9lvezhetik a tesztelt szolg\u00e1ltat\u00e1s min\u0151s\u00e9g\u00e9nek el\u0151nyeit, \u00e9s rendk\u00edv\u00fcl egyszer\u0171 \u00e9s egyszer\u0171 v\u00e1s\u00e1rl\u00e1si folyamatot \u00e9lvezhetnek. A k\u00edv\u00e1nt el\u0151fizet\u00e9st nem k\u00fcldik el a v\u00e1s\u00e1rl\u00f3nak terjedelmes CD \/ DVD-k\u00e9nt, k\u00f6vetkez\u00e9sk\u00e9ppen, hanem csak egy Kulcsos digit\u00e1lis k\u00f3dk\u00e9nt postai \u00faton. Ez\u00e9rt a v\u00e1s\u00e1rl\u00f3 a v\u00e1s\u00e1rl\u00e1s \u00e9s a p\u00e9nz \u00e1tv\u00e9tele ut\u00e1n azonnal megkapja az \u00e1rut. Ha t\u00f6bbet szeretne megtudni, olvassa el: \u00c1ltal\u00e1nos Szerz\u0151d\u00e9si Felt\u00e9telek \u00e9s Adatv\u00e9delmi Szab\u00e1lyzat vagy GYIK.<\/span><\/p>\n<p style=\"text-align: center;\"><span style=\"vertical-align: inherit;\">A Rame Digitaln\u00e1l viszont a seg\u00edts\u00e9g mindig ingyenes.<\/span><\/p>\n<p>&nbsp;<\/p>\n<div id=\"collapsible-panel-system-requirements\" class=\"indexes__StyledDetails-sc-1ko3ckw-91 jiEnz\" aria-labelledby=\"collapsible-button-system-requirements\">\n<div>\n<h2 style=\"text-align: center;\"><strong>Rendszerk\u00f6vetelm\u00e9nyek<\/strong><\/h2>\n<\/div>\n<div class=\"indexes__StyledContainer-sc-1ko3ckw-124 bHngeS\" style=\"text-align: center;\">\n<p><span class=\"indexes__Info-sc-1ko3ckw-126 eLMLuK\">Az al\u00e1bbiakban a Microsoft Office Professional Plus 2021 (PC) - Microsoft Key - GLOBAL minim\u00e1lis \u00e9s aj\u00e1nlott rendszerspecifik\u00e1ci\u00f3i tal\u00e1lhat\u00f3k. Az esetleges programoz\u00e1si v\u00e1ltoz\u00e1sok miatt a Microsoft Office Professional Plus 2021 (PC) - Microsoft Key - GLOBAL minim\u00e1lis rendszerk\u00f6vetelm\u00e9nyei id\u0151vel v\u00e1ltozhatnak.<\/span><\/p>\n<div class=\"indexes__TabsContainer-sc-1ko3ckw-123 eVYyUu\">\n<h3 style=\"text-align: center;\"><strong>Windows<\/strong><\/h3>\n<div class=\"indexes__TabContent1-sc-1ko3ckw-119 bZqcvL\" data-name=\"windows\">\n<div class=\"indexes__TabContent-sc-1ko3ckw-125 imgiIV\">\n<div class=\"indexes__AttributesTableContainer-sc-1ko3ckw-127 cnJfCD\">\n<div class=\"indexes__Attribute-sc-1ko3ckw-129 indexes__AttributeHeader-sc-1ko3ckw-130 fbtSAz gxcKsg\" style=\"text-align: center;\">\n<div class=\"indexes__AttributeWrapper-sc-1ko3ckw-128 cWFXgJ\">Minim\u00e1lis k\u00f6vetelm\u00e9nyek<\/div>\n<\/div>\n<div class=\"indexes__Attribute-sc-1ko3ckw-129 czeBwy\" style=\"text-align: center;\">\n<div class=\"indexes__AttributeWrapper-sc-1ko3ckw-128 cWFXgJ\">\n<p class=\"indexes__Name-sc-1ko3ckw-131 cMNZSl\"><strong>PROCESSOR<\/strong>: 1,6 GHz, k\u00e9tmagos processzor<\/p>\n<\/div>\n<\/div>\n<div class=\"indexes__Attribute-sc-1ko3ckw-129 buUNLV\" style=\"text-align: center;\">\n<div class=\"indexes__AttributeWrapper-sc-1ko3ckw-128 cWFXgJ\">\n<p class=\"indexes__Name-sc-1ko3ckw-131 cMNZSl\"><strong>GRAFIK\u00c1K<\/strong>: DirectX 10 grafikus k\u00e1rtya a grafikus hardveres gyors\u00edt\u00e1shoz<\/p>\n<\/div>\n<\/div>\n<div class=\"indexes__Attribute-sc-1ko3ckw-129 kibggQ\" style=\"text-align: center;\">\n<div class=\"indexes__AttributeWrapper-sc-1ko3ckw-128 cWFXgJ\">\n<p class=\"indexes__Name-sc-1ko3ckw-131 cMNZSl\"><strong>MEMORY<\/strong>: 4 GB (64bit), 2 GB (32bit) RAM<\/p>\n<\/div>\n<\/div>\n<div class=\"indexes__Attribute-sc-1ko3ckw-129 jPkzxP\" style=\"text-align: center;\">\n<div class=\"indexes__AttributeWrapper-sc-1ko3ckw-128 cWFXgJ\">\n<p class=\"indexes__Name-sc-1ko3ckw-131 cMNZSl\"><strong>T\u00c1RCSAT\u00c9R<\/strong>: 4 GB szabad lemezter\u00fclet<\/p>\n<\/div>\n<\/div>\n<div class=\"indexes__Attribute-sc-1ko3ckw-129 hmVitO\">\n<div class=\"indexes__AttributeWrapper-sc-1ko3ckw-128 cWFXgJ\">\n<p class=\"indexes__Name-sc-1ko3ckw-131 cMNZSl\" style=\"text-align: center;\"><strong>RENDSZER<\/strong>: Windows 11 vagy Windows 10<\/p>\n<p>&nbsp;<\/p>\n<\/div>\n<\/div>\n<\/div>\n<\/div>\n<\/div>\n<\/div>\n<\/div>\n<\/div>\n<h3 class=\"text-center\" style=\"text-align: center;\"><strong><span style=\"vertical-align: inherit;\">Gyors sz\u00e1ll\u00edt\u00e1s, maximum 6 \u00f3ra e-mailben.<\/span><\/strong><\/h3>\n<p style=\"text-align: center;\"><strong>Egy olyan fi\u00f3kot biztos\u00edtunk, amelynek funkci\u00f3ja megegyezik a kulcs\u00e9val. Az aktiv\u00e1l\u00e1si elj\u00e1r\u00e1sr\u00f3l e-mailben t\u00e1j\u00e9koztatjuk.<\/strong><\/p>\n<p>&nbsp;<\/p>\n<h2 style=\"text-align: center;\">A term\u00e9k let\u00f6lthet\u0151 <a href=\"https:\/\/www.office.com\/setup\" target=\"_blank\" rel=\"nofollow noopener\">itt<\/a><\/h2>\n<p style=\"text-align: center;\">FIGYELMEZTET\u00c9S: A megadott licenckulcs Windows alatt is m\u0171k\u00f6dik.<\/p>\n<p>&nbsp;<\/p>\n<p style=\"text-align: center;\"><span style=\"vertical-align: inherit;\">K\u00f6vessen minket <\/span><a href=\"https:\/\/www.facebook.com\/RameDigitalOfficial\/\"><span style=\"vertical-align: inherit;\">Facebook<\/span><\/a><\/p>","protected":false},"excerpt":{"rendered":"<h5 style=\"text-align: center;\"><span style=\"color: #ff0000;\"><em><span style=\"vertical-align: inherit;\">Ne hagyja ki ezt az aj\u00e1nlatot! Nem lesz \u00f6r\u00f6kk\u00e9!<\/span><\/em><\/span><\/h5>\n<div class=\"hd-listinghead\" style=\"font-size: 13pt; font-family: Arial; text-align: center;\">\n<h2 style=\"text-align: center;\"><span style=\"color: #8f00ff;\"><span style=\"vertical-align: inherit;\">Microsoft Office Professional Plus 2021!<\/span><\/span><\/h2>\n<\/div>\n<p style=\"text-align: center;\"><strong>\u2713 CD-KEY<\/strong><br \/>\n\u2713<strong>8 App. <\/strong>: Access, Excel, OneNote, Outlook, PowerPoint, Publisher, Word \u00e9s Skype for Business<br \/>\n<span style=\"vertical-align: inherit;\">\u2713<\/span> Dedik\u00e1lt t\u00e1mogat\u00e1s<br \/>\n<span style=\"vertical-align: inherit;\"><strong>\u2713 Sz\u00e1ll\u00edt\u00e1s e-mailben legfeljebb 6 \u00f3r\u00e1n bel\u00fcl<\/strong><\/span><\/p>\n<p><img decoding=\"async\" class=\"aligncenter wp-image-2400\" src=\"https:\/\/www.ramedigitalstore.com\/wp-content\/uploads\/2022\/03\/trustpilot-stars-1024x140.png\" alt=\"\" width=\"600\" height=\"82\" srcset=\"https:\/\/www.ramedigitalstore.com\/wp-content\/uploads\/2022\/03\/trustpilot-stars-1024x140.png 1024w, https:\/\/www.ramedigitalstore.com\/wp-content\/uploads\/2022\/03\/trustpilot-stars-500x68.png 500w, https:\/\/www.ramedigitalstore.com\/wp-content\/uploads\/2022\/03\/trustpilot-stars-700x96.png 700w, https:\/\/www.ramedigitalstore.com\/wp-content\/uploads\/2022\/03\/trustpilot-stars-300x41.png 300w, https:\/\/www.ramedigitalstore.com\/wp-content\/uploads\/2022\/03\/trustpilot-stars-768x105.png 768w, https:\/\/www.ramedigitalstore.com\/wp-content\/uploads\/2022\/03\/trustpilot-stars-1536x210.png 1536w, https:\/\/www.ramedigitalstore.com\/wp-content\/uploads\/2022\/03\/trustpilot-stars-260x35.png 260w, https:\/\/www.ramedigitalstore.com\/wp-content\/uploads\/2022\/03\/trustpilot-stars-50x7.png 50w, https:\/\/www.ramedigitalstore.com\/wp-content\/uploads\/2022\/03\/trustpilot-stars-150x20.png 150w, https:\/\/www.ramedigitalstore.com\/wp-content\/uploads\/2022\/03\/trustpilot-stars-1320x180.png 1320w, https:\/\/www.ramedigitalstore.com\/wp-content\/uploads\/2022\/03\/trustpilot-stars-800x109.png 800w, https:\/\/www.ramedigitalstore.com\/wp-content\/uploads\/2022\/03\/trustpilot-stars.png 2000w\" sizes=\"(max-width: 600px) 100vw, 600px\" \/><\/p>\n<p><img fetchpriority=\"high\" decoding=\"async\" class=\"wp-image-2401 size-full aligncenter\" src=\"https:\/\/www.ramedigitalstore.com\/wp-content\/uploads\/2022\/03\/payment2.jpg\" alt=\"\" width=\"1020\" height=\"267\" srcset=\"https:\/\/www.ramedigitalstore.com\/wp-content\/uploads\/2022\/03\/payment2.jpg 1020w, https:\/\/www.ramedigitalstore.com\/wp-content\/uploads\/2022\/03\/payment2-500x131.jpg 500w, https:\/\/www.ramedigitalstore.com\/wp-content\/uploads\/2022\/03\/payment2-700x183.jpg 700w, https:\/\/www.ramedigitalstore.com\/wp-content\/uploads\/2022\/03\/payment2-300x79.jpg 300w, https:\/\/www.ramedigitalstore.com\/wp-content\/uploads\/2022\/03\/payment2-768x201.jpg 768w, https:\/\/www.ramedigitalstore.com\/wp-content\/uploads\/2022\/03\/payment2-260x68.jpg 260w, https:\/\/www.ramedigitalstore.com\/wp-content\/uploads\/2022\/03\/payment2-50x13.jpg 50w, https:\/\/www.ramedigitalstore.com\/wp-content\/uploads\/2022\/03\/payment2-150x39.jpg 150w, https:\/\/www.ramedigitalstore.com\/wp-content\/uploads\/2022\/03\/payment2-800x209.jpg 800w\" sizes=\"(max-width: 1020px) 100vw, 1020px\" \/><\/p>","protected":false},"featured_media":3491,"template":"","meta":[],"product_brand":[],"product_cat":[2,28],"product_tag":[22],"class_list":{"0":"post-3489","1":"product","2":"type-product","3":"status-publish","4":"has-post-thumbnail","6":"product_cat-antivirus","7":"product_cat-avast","8":"product_tag-xbox-game-pass-ultimate","10":"first","11":"outofstock","12":"sale","13":"virtual","14":"sold-individually","15":"purchasable","16":"product-type-simple"},"yoast_head":"<!-- This site is optimized with the Yoast SEO Premium plugin v21.9 (Yoast SEO v27.4) - https:\/\/yoast.com\/product\/yoast-seo-premium-wordpress\/ -->\n<title>Microsoft Office Professional Plus 2021 (PC) - Microsoft Key - GLOBAL - Rame Digital<\/title>\n<meta name=\"robots\" content=\"index, follow, max-snippet:-1, max-image-preview:large, max-video-preview:-1\" \/>\n<link rel=\"canonical\" href=\"https:\/\/www.ramedigitalstore.com\/hu\/prodotto\/microsoft-office-professional-plus-2021-pc-microsoft-key-global\/\" \/>\n<meta property=\"og:locale\" content=\"hu_HU\" \/>\n<meta property=\"og:type\" content=\"article\" \/>\n<meta property=\"og:title\" content=\"Microsoft Office Professional Plus 2021 (PC) - Microsoft Key - GLOBAL\" \/>\n<meta property=\"og:description\" content=\"Don&#039;t miss this offer! It won&#039;t be around forever!  Microsoft Office Professional Plus 2021!  \u2713 CD-KEY \u27138 App. : Access, Excel, OneNote, Outlook, PowerPoint, Publisher, Word e Skype for Business \u2713 Dedicated support \u2713 Delivery by email in up to 6 hours\" \/>\n<meta property=\"og:url\" content=\"https:\/\/www.ramedigitalstore.com\/hu\/prodotto\/microsoft-office-professional-plus-2021-pc-microsoft-key-global\/\" \/>\n<meta property=\"og:site_name\" content=\"Rame Digital\" \/>\n<meta property=\"article:publisher\" content=\"https:\/\/www.facebook.com\/RameDigitalOfficial\" \/>\n<meta property=\"article:modified_time\" content=\"2023-10-29T20:24:40+00:00\" \/>\n<meta property=\"og:image\" content=\"https:\/\/www.ramedigitalstore.com\/wp-content\/uploads\/2022\/05\/Software_Box_Mockup_officie-bianco.jpg\" \/>\n\t<meta property=\"og:image:width\" content=\"1750\" \/>\n\t<meta property=\"og:image:height\" content=\"1750\" \/>\n\t<meta property=\"og:image:type\" content=\"image\/jpeg\" \/>\n<meta name=\"twitter:card\" content=\"summary_large_image\" \/>\n<meta name=\"twitter:label1\" content=\"Becs\u00fclt olvas\u00e1si id\u0151\" \/>\n\t<meta name=\"twitter:data1\" content=\"3 perc\" \/>\n<script type=\"application\/ld+json\" class=\"yoast-schema-graph\">{\"@context\":\"https:\\\/\\\/schema.org\",\"@graph\":[{\"@type\":\"WebPage\",\"@id\":\"https:\\\/\\\/www.ramedigitalstore.com\\\/prodotto\\\/microsoft-office-professional-plus-2021-pc-microsoft-key-global\\\/\",\"url\":\"https:\\\/\\\/www.ramedigitalstore.com\\\/prodotto\\\/microsoft-office-professional-plus-2021-pc-microsoft-key-global\\\/\",\"name\":\"Microsoft Office Professional Plus 2021 (PC) - Microsoft Key - GLOBAL - Rame Digital\",\"isPartOf\":{\"@id\":\"https:\\\/\\\/www.ramedigitalstore.com\\\/#website\"},\"primaryImageOfPage\":{\"@id\":\"https:\\\/\\\/www.ramedigitalstore.com\\\/prodotto\\\/microsoft-office-professional-plus-2021-pc-microsoft-key-global\\\/#primaryimage\"},\"image\":{\"@id\":\"https:\\\/\\\/www.ramedigitalstore.com\\\/prodotto\\\/microsoft-office-professional-plus-2021-pc-microsoft-key-global\\\/#primaryimage\"},\"thumbnailUrl\":\"https:\\\/\\\/www.ramedigitalstore.com\\\/wp-content\\\/uploads\\\/2022\\\/05\\\/Software_Box_Mockup_officie-bianco.jpg\",\"datePublished\":\"2022-05-17T13:51:25+00:00\",\"dateModified\":\"2023-10-29T20:24:40+00:00\",\"breadcrumb\":{\"@id\":\"https:\\\/\\\/www.ramedigitalstore.com\\\/prodotto\\\/microsoft-office-professional-plus-2021-pc-microsoft-key-global\\\/#breadcrumb\"},\"inLanguage\":\"hu\",\"potentialAction\":[{\"@type\":\"ReadAction\",\"target\":[\"https:\\\/\\\/www.ramedigitalstore.com\\\/prodotto\\\/microsoft-office-professional-plus-2021-pc-microsoft-key-global\\\/\"]}]},{\"@type\":\"ImageObject\",\"inLanguage\":\"hu\",\"@id\":\"https:\\\/\\\/www.ramedigitalstore.com\\\/prodotto\\\/microsoft-office-professional-plus-2021-pc-microsoft-key-global\\\/#primaryimage\",\"url\":\"https:\\\/\\\/www.ramedigitalstore.com\\\/wp-content\\\/uploads\\\/2022\\\/05\\\/Software_Box_Mockup_officie-bianco.jpg\",\"contentUrl\":\"https:\\\/\\\/www.ramedigitalstore.com\\\/wp-content\\\/uploads\\\/2022\\\/05\\\/Software_Box_Mockup_officie-bianco.jpg\",\"width\":1750,\"height\":1750},{\"@type\":\"BreadcrumbList\",\"@id\":\"https:\\\/\\\/www.ramedigitalstore.com\\\/prodotto\\\/microsoft-office-professional-plus-2021-pc-microsoft-key-global\\\/#breadcrumb\",\"itemListElement\":[{\"@type\":\"ListItem\",\"position\":1,\"name\":\"Home\",\"item\":\"https:\\\/\\\/www.ramedigitalstore.com\\\/\"},{\"@type\":\"ListItem\",\"position\":2,\"name\":\"Shop\",\"item\":\"https:\\\/\\\/www.ramedigitalstore.com\\\/shop\\\/\"},{\"@type\":\"ListItem\",\"position\":3,\"name\":\"Microsoft Office Professional Plus 2021 (PC) &#8211; Microsoft Key &#8211; GLOBAL\"}]},{\"@type\":\"WebSite\",\"@id\":\"https:\\\/\\\/www.ramedigitalstore.com\\\/#website\",\"url\":\"https:\\\/\\\/www.ramedigitalstore.com\\\/\",\"name\":\"Rame Digital\",\"description\":\"Digital store par excellence\",\"publisher\":{\"@id\":\"https:\\\/\\\/www.ramedigitalstore.com\\\/#organization\"},\"potentialAction\":[{\"@type\":\"SearchAction\",\"target\":{\"@type\":\"EntryPoint\",\"urlTemplate\":\"https:\\\/\\\/www.ramedigitalstore.com\\\/?s={search_term_string}\"},\"query-input\":{\"@type\":\"PropertyValueSpecification\",\"valueRequired\":true,\"valueName\":\"search_term_string\"}}],\"inLanguage\":\"hu\"},{\"@type\":\"Organization\",\"@id\":\"https:\\\/\\\/www.ramedigitalstore.com\\\/#organization\",\"name\":\"Rame Digital\",\"url\":\"https:\\\/\\\/www.ramedigitalstore.com\\\/\",\"logo\":{\"@type\":\"ImageObject\",\"inLanguage\":\"hu\",\"@id\":\"https:\\\/\\\/www.ramedigitalstore.com\\\/#\\\/schema\\\/logo\\\/image\\\/\",\"url\":\"https:\\\/\\\/www.ramedigitalstore.com\\\/wp-content\\\/uploads\\\/2021\\\/04\\\/Logo-new-quadrato-1-e1619205976915.png\",\"contentUrl\":\"https:\\\/\\\/www.ramedigitalstore.com\\\/wp-content\\\/uploads\\\/2021\\\/04\\\/Logo-new-quadrato-1-e1619205976915.png\",\"width\":256,\"height\":256,\"caption\":\"Rame Digital\"},\"image\":{\"@id\":\"https:\\\/\\\/www.ramedigitalstore.com\\\/#\\\/schema\\\/logo\\\/image\\\/\"},\"sameAs\":[\"https:\\\/\\\/www.facebook.com\\\/RameDigitalOfficial\",\"https:\\\/\\\/www.instagram.com\\\/rame_digital_official\\\/\"]}]}<\/script>\n<!-- \/ Yoast SEO Premium plugin. -->","yoast_head_json":{"title":"Microsoft Office Professional Plus 2021 (PC) - Microsoft Key - GLOB\u00c1LIS - Rame Digital","robots":{"index":"index","follow":"follow","max-snippet":"max-snippet:-1","max-image-preview":"max-image-preview:large","max-video-preview":"max-video-preview:-1"},"canonical":"https:\/\/www.ramedigitalstore.com\/hu\/prodotto\/microsoft-office-professional-plus-2021-pc-microsoft-key-global\/","og_locale":"hu_HU","og_type":"article","og_title":"Microsoft Office Professional Plus 2021 (PC) - Microsoft Key - GLOBAL","og_description":"Don't miss this offer! It won't be around forever!  Microsoft Office Professional Plus 2021!  \u2713 CD-KEY \u27138 App. : Access, Excel, OneNote, Outlook, PowerPoint, Publisher, Word e Skype for Business \u2713 Dedicated support \u2713 Delivery by email in up to 6 hours","og_url":"https:\/\/www.ramedigitalstore.com\/hu\/prodotto\/microsoft-office-professional-plus-2021-pc-microsoft-key-global\/","og_site_name":"Rame Digital","article_publisher":"https:\/\/www.facebook.com\/RameDigitalOfficial","article_modified_time":"2023-10-29T20:24:40+00:00","og_image":[{"width":1750,"height":1750,"url":"https:\/\/www.ramedigitalstore.com\/wp-content\/uploads\/2022\/05\/Software_Box_Mockup_officie-bianco.jpg","type":"image\/jpeg"}],"twitter_card":"summary_large_image","twitter_misc":{"Becs\u00fclt olvas\u00e1si id\u0151":"3 perc"},"schema":{"@context":"https:\/\/schema.org","@graph":[{"@type":"WebPage","@id":"https:\/\/www.ramedigitalstore.com\/prodotto\/microsoft-office-professional-plus-2021-pc-microsoft-key-global\/","url":"https:\/\/www.ramedigitalstore.com\/prodotto\/microsoft-office-professional-plus-2021-pc-microsoft-key-global\/","name":"Microsoft Office Professional Plus 2021 (PC) - Microsoft Key - GLOB\u00c1LIS - Rame Digital","isPartOf":{"@id":"https:\/\/www.ramedigitalstore.com\/#website"},"primaryImageOfPage":{"@id":"https:\/\/www.ramedigitalstore.com\/prodotto\/microsoft-office-professional-plus-2021-pc-microsoft-key-global\/#primaryimage"},"image":{"@id":"https:\/\/www.ramedigitalstore.com\/prodotto\/microsoft-office-professional-plus-2021-pc-microsoft-key-global\/#primaryimage"},"thumbnailUrl":"https:\/\/www.ramedigitalstore.com\/wp-content\/uploads\/2022\/05\/Software_Box_Mockup_officie-bianco.jpg","datePublished":"2022-05-17T13:51:25+00:00","dateModified":"2023-10-29T20:24:40+00:00","breadcrumb":{"@id":"https:\/\/www.ramedigitalstore.com\/prodotto\/microsoft-office-professional-plus-2021-pc-microsoft-key-global\/#breadcrumb"},"inLanguage":"hu","potentialAction":[{"@type":"ReadAction","target":["https:\/\/www.ramedigitalstore.com\/prodotto\/microsoft-office-professional-plus-2021-pc-microsoft-key-global\/"]}]},{"@type":"ImageObject","inLanguage":"hu","@id":"https:\/\/www.ramedigitalstore.com\/prodotto\/microsoft-office-professional-plus-2021-pc-microsoft-key-global\/#primaryimage","url":"https:\/\/www.ramedigitalstore.com\/wp-content\/uploads\/2022\/05\/Software_Box_Mockup_officie-bianco.jpg","contentUrl":"https:\/\/www.ramedigitalstore.com\/wp-content\/uploads\/2022\/05\/Software_Box_Mockup_officie-bianco.jpg","width":1750,"height":1750},{"@type":"BreadcrumbList","@id":"https:\/\/www.ramedigitalstore.com\/prodotto\/microsoft-office-professional-plus-2021-pc-microsoft-key-global\/#breadcrumb","itemListElement":[{"@type":"ListItem","position":1,"name":"Home","item":"https:\/\/www.ramedigitalstore.com\/"},{"@type":"ListItem","position":2,"name":"Shop","item":"https:\/\/www.ramedigitalstore.com\/shop\/"},{"@type":"ListItem","position":3,"name":"Microsoft Office Professional Plus 2021 (PC) &#8211; Microsoft Key &#8211; GLOBAL"}]},{"@type":"WebSite","@id":"https:\/\/www.ramedigitalstore.com\/#website","url":"https:\/\/www.ramedigitalstore.com\/","name":"Rame Digital","description":"Digit\u00e1lis \u00e1ruh\u00e1z par excellence","publisher":{"@id":"https:\/\/www.ramedigitalstore.com\/#organization"},"potentialAction":[{"@type":"SearchAction","target":{"@type":"EntryPoint","urlTemplate":"https:\/\/www.ramedigitalstore.com\/?s={search_term_string}"},"query-input":{"@type":"PropertyValueSpecification","valueRequired":true,"valueName":"search_term_string"}}],"inLanguage":"hu"},{"@type":"Organization","@id":"https:\/\/www.ramedigitalstore.com\/#organization","name":"Rame Digital","url":"https:\/\/www.ramedigitalstore.com\/","logo":{"@type":"ImageObject","inLanguage":"hu","@id":"https:\/\/www.ramedigitalstore.com\/#\/schema\/logo\/image\/","url":"https:\/\/www.ramedigitalstore.com\/wp-content\/uploads\/2021\/04\/Logo-new-quadrato-1-e1619205976915.png","contentUrl":"https:\/\/www.ramedigitalstore.com\/wp-content\/uploads\/2021\/04\/Logo-new-quadrato-1-e1619205976915.png","width":256,"height":256,"caption":"Rame Digital"},"image":{"@id":"https:\/\/www.ramedigitalstore.com\/#\/schema\/logo\/image\/"},"sameAs":["https:\/\/www.facebook.com\/RameDigitalOfficial","https:\/\/www.instagram.com\/rame_digital_official\/"]}]}},"jetpack_sharing_enabled":true,"_links":{"self":[{"href":"https:\/\/www.ramedigitalstore.com\/hu\/wp-json\/wp\/v2\/product\/3489","targetHints":{"allow":["GET"]}}],"collection":[{"href":"https:\/\/www.ramedigitalstore.com\/hu\/wp-json\/wp\/v2\/product"}],"about":[{"href":"https:\/\/www.ramedigitalstore.com\/hu\/wp-json\/wp\/v2\/types\/product"}],"version-history":[{"count":1,"href":"https:\/\/www.ramedigitalstore.com\/hu\/wp-json\/wp\/v2\/product\/3489\/revisions"}],"predecessor-version":[{"id":5024,"href":"https:\/\/www.ramedigitalstore.com\/hu\/wp-json\/wp\/v2\/product\/3489\/revisions\/5024"}],"wp:featuredmedia":[{"embeddable":true,"href":"https:\/\/www.ramedigitalstore.com\/hu\/wp-json\/wp\/v2\/media\/3491"}],"wp:attachment":[{"href":"https:\/\/www.ramedigitalstore.com\/hu\/wp-json\/wp\/v2\/media?parent=3489"}],"wp:term":[{"taxonomy":"product_brand","embeddable":true,"href":"https:\/\/www.ramedigitalstore.com\/hu\/wp-json\/wp\/v2\/product_brand?post=3489"},{"taxonomy":"product_cat","embeddable":true,"href":"https:\/\/www.ramedigitalstore.com\/hu\/wp-json\/wp\/v2\/product_cat?post=3489"},{"taxonomy":"product_tag","embeddable":true,"href":"https:\/\/www.ramedigitalstore.com\/hu\/wp-json\/wp\/v2\/product_tag?post=3489"}],"curies":[{"name":"wp","href":"https:\/\/api.w.org\/{rel}","templated":true}]}}