{"id":5199,"date":"2023-12-26T03:11:18","date_gmt":"2023-12-26T03:11:18","guid":{"rendered":"https:\/\/www.ramedigitalstore.com\/?post_type=product&#038;p=5199"},"modified":"2023-12-27T21:46:24","modified_gmt":"2023-12-27T21:46:24","slug":"spotify-3-months","status":"publish","type":"product","link":"https:\/\/www.ramedigitalstore.com\/hu\/prodotto\/spotify-3-honap\/","title":{"rendered":"Spotify 3 h\u00f3nap"},"content":{"rendered":"<h1>Szerezd meg a Spotify Individual-t 3 h\u00f3napra kedvez\u0151 \u00e1ron!<\/h1>\n<p>Szeretsz rekl\u00e1mok n\u00e9lk\u00fcl, offline \u00e9s ig\u00e9ny szerint zen\u00e9t hallgatni? Szeretn\u00e9 \u00e9lvezni a Spotify Premium funkci\u00f3it an\u00e9lk\u00fcl, hogy kifizetn\u00e9 a teljes \u00e1rat? Akkor \u00e9rdemes megn\u00e9zned aj\u00e1nlatunkat!<\/p>\n<h2>P\u00e9nzt \u00e9s gondot takar\u00edt meg<\/h2>\n<p>Szolg\u00e1ltat\u00e1sunkkal a Spotify egy\u00e9ni el\u0151fizet\u00e9s\u00e9t 12 h\u00f3napra a k\u00f6lts\u00e9gek t\u00f6red\u00e9k\u00e9\u00e9rt kaphatja meg. Csak egyszer fizet, \u00e9s elfelejti a havi d\u00edjakat. Emellett elker\u00fclheti az \u00faj fi\u00f3k l\u00e9trehoz\u00e1s\u00e1val vagy a fizet\u00e9si m\u00f3d megv\u00e1ltoztat\u00e1s\u00e1val j\u00e1r\u00f3 vesz\u0151ds\u00e9get is, valah\u00e1nyszor meg akarja \u00faj\u00edtani el\u0151fizet\u00e9s\u00e9t.<\/p>\n<h2>\u00c9lvezze a Spotify Premium \u00f6sszes el\u0151ny\u00e9t<\/h2>\n<p>Ha szolg\u00e1ltat\u00e1sunkat v\u00e1lasztja, hozz\u00e1f\u00e9rhet a Spotify Premium \u00f6sszes el\u0151ny\u00e9hez, p\u00e9ld\u00e1ul:<\/p>\n<ul>\n<li>T\u00f6bb mint 80 milli\u00f3 streamelhet\u0151 vagy let\u00f6lthet\u0151 dal<\/li>\n<li>Podcastok \u00e9s hangosk\u00f6nyvek<\/li>\n<li>Kiv\u00e1l\u00f3 min\u0151s\u00e9g\u0171 hang<\/li>\n<li>Korl\u00e1tlan kihagy\u00e1sok \u00e9s ism\u00e9tl\u00e9sek<\/li>\n<li>Hirdet\u00e9sek \u00e9s megszak\u00edt\u00e1sok n\u00e9lk\u00fcl<\/li>\n<\/ul>\n<h2>Profilj\u00e1nak testreszab\u00e1sa<\/h2>\n<p>A megrendel\u00e9s lead\u00e1sa ut\u00e1n 2 \u00f3r\u00e1n bel\u00fcl felvessz\u00fck \u00d6nnel a kapcsolatot WhatsAppon kereszt\u00fcl, hogy befejezz\u00fck az elj\u00e1r\u00e1st \u00e9s eljuttassuk \u00d6nnek a megv\u00e1s\u00e1rolt szolg\u00e1ltat\u00e1st. El tudja majd d\u00f6nteni, hogy egy \u00faj, kifejezetten az \u00d6n sz\u00e1m\u00e1ra l\u00e9trehozott profilt szeretne-e, vagy saj\u00e1t maga szeretne l\u00e9trehozni egyet, vagy ideiglenesen megosztja vel\u00fcnk a profilj\u00e1t, hogy mi aktiv\u00e1lhassuk az el\u0151fizet\u00e9s\u00e9t. Megrendel\u00e9s\u00e9t a nek\u00fcnk k\u00fcld\u00f6tt v\u00e1laszad\u00e1st\u00f3l sz\u00e1m\u00edtott 6 \u00f3r\u00e1n bel\u00fcl megkapja. L\u00e1tni fogja, hogy szem\u00e9lyes profilja ism\u00e9t pr\u00e9mium (egy\u00e9ni) jogosults\u00e1gokkal rendelkezik.<\/p>\n<p>Tov\u00e1bbi inform\u00e1ci\u00f3\u00e9rt k\u00e9rj\u00fck, l\u00e9pjen kapcsolatba vel\u00fcnk a info@ramedigitalstore.com c\u00edmen.<\/p>","protected":false},"excerpt":{"rendered":"<h5 style=\"text-align: center;\"><span style=\"color: #ff0000;\"><em><span style=\"vertical-align: inherit;\">Ne hagyja ki ezt az aj\u00e1nlatot! Nem lesz \u00f6r\u00f6kk\u00e9!<\/span><\/em><\/span><\/h5>\n<div class=\"hd-listinghead\" style=\"font-size: 19pt; font-family: Arial; text-align: center;\"><strong><span style=\"color: #8f00ff;\"><span style=\"vertical-align: inherit;\">\u00daj\u00edtsa meg el\u0151fizet\u00e9s\u00e9t m\u00e9g ma!<\/span><\/span><\/strong><\/div>\n<div><\/div>\n<p>&nbsp;<\/p>\n<p style=\"text-align: center;\"><strong>\u2713 Maxim\u00e1lis biztons\u00e1g<span style=\"vertical-align: inherit;\"> !<\/span><\/strong><br \/>\n<strong>\u2713 <\/strong> Whatsapp seg\u00edts\u00e9gny\u00fajt\u00e1s<br \/>\n<span style=\"vertical-align: inherit;\"> <strong>\u2713 <\/strong>Sz\u00e1ll\u00edt\u00e1s ak\u00e1r 6 \u00f3r\u00e1n bel\u00fcl<\/span><br \/>\n<span style=\"vertical-align: inherit;\"><strong>\u2713 <\/strong><\/span>Sz\u00e1ll\u00edt\u00e1s e-mailben legfeljebb 6 \u00f3r\u00e1n bel\u00fcl<br \/>\n<span style=\"vertical-align: inherit;\"><strong>\u2713 <\/strong><\/span>\u00d6n is aktiv\u00e1lhatja a saj\u00e1t fi\u00f3kj\u00e1n\u00e1l<br \/>\n<span style=\"vertical-align: inherit;\"><strong>\u2713 Csak lej\u00e1rt vagy soha nem aktiv\u00e1lt el\u0151fizet\u00e9ssel aktiv\u00e1lhat\u00f3.<\/strong><\/span><\/p>\n<p>&nbsp;<\/p>\n<p><img decoding=\"async\" class=\"aligncenter wp-image-2400\" src=\"https:\/\/www.ramedigitalstore.com\/wp-content\/uploads\/2022\/03\/trustpilot-stars-1024x140.png\" alt=\"\" width=\"600\" height=\"82\" srcset=\"https:\/\/www.ramedigitalstore.com\/wp-content\/uploads\/2022\/03\/trustpilot-stars-1024x140.png 1024w, https:\/\/www.ramedigitalstore.com\/wp-content\/uploads\/2022\/03\/trustpilot-stars-500x68.png 500w, https:\/\/www.ramedigitalstore.com\/wp-content\/uploads\/2022\/03\/trustpilot-stars-700x96.png 700w, https:\/\/www.ramedigitalstore.com\/wp-content\/uploads\/2022\/03\/trustpilot-stars-300x41.png 300w, https:\/\/www.ramedigitalstore.com\/wp-content\/uploads\/2022\/03\/trustpilot-stars-768x105.png 768w, https:\/\/www.ramedigitalstore.com\/wp-content\/uploads\/2022\/03\/trustpilot-stars-1536x210.png 1536w, https:\/\/www.ramedigitalstore.com\/wp-content\/uploads\/2022\/03\/trustpilot-stars-260x35.png 260w, https:\/\/www.ramedigitalstore.com\/wp-content\/uploads\/2022\/03\/trustpilot-stars-50x7.png 50w, https:\/\/www.ramedigitalstore.com\/wp-content\/uploads\/2022\/03\/trustpilot-stars-150x20.png 150w, https:\/\/www.ramedigitalstore.com\/wp-content\/uploads\/2022\/03\/trustpilot-stars-1320x180.png 1320w, https:\/\/www.ramedigitalstore.com\/wp-content\/uploads\/2022\/03\/trustpilot-stars-800x109.png 800w, https:\/\/www.ramedigitalstore.com\/wp-content\/uploads\/2022\/03\/trustpilot-stars.png 2000w\" sizes=\"(max-width: 600px) 100vw, 600px\" \/><\/p>\n<p><img fetchpriority=\"high\" decoding=\"async\" class=\"wp-image-2401 size-full aligncenter\" src=\"https:\/\/www.ramedigitalstore.com\/wp-content\/uploads\/2022\/03\/payment2.jpg\" alt=\"\" width=\"1020\" height=\"267\" srcset=\"https:\/\/www.ramedigitalstore.com\/wp-content\/uploads\/2022\/03\/payment2.jpg 1020w, https:\/\/www.ramedigitalstore.com\/wp-content\/uploads\/2022\/03\/payment2-500x131.jpg 500w, https:\/\/www.ramedigitalstore.com\/wp-content\/uploads\/2022\/03\/payment2-700x183.jpg 700w, https:\/\/www.ramedigitalstore.com\/wp-content\/uploads\/2022\/03\/payment2-300x79.jpg 300w, https:\/\/www.ramedigitalstore.com\/wp-content\/uploads\/2022\/03\/payment2-768x201.jpg 768w, https:\/\/www.ramedigitalstore.com\/wp-content\/uploads\/2022\/03\/payment2-260x68.jpg 260w, https:\/\/www.ramedigitalstore.com\/wp-content\/uploads\/2022\/03\/payment2-50x13.jpg 50w, https:\/\/www.ramedigitalstore.com\/wp-content\/uploads\/2022\/03\/payment2-150x39.jpg 150w, https:\/\/www.ramedigitalstore.com\/wp-content\/uploads\/2022\/03\/payment2-800x209.jpg 800w\" sizes=\"(max-width: 1020px) 100vw, 1020px\" \/><\/p>","protected":false},"featured_media":5211,"template":"","meta":[],"product_brand":[],"product_cat":[320],"product_tag":[],"class_list":{"0":"post-5199","1":"product","2":"type-product","3":"status-publish","4":"has-post-thumbnail","6":"product_cat-spotify","8":"first","9":"instock","10":"sale","11":"virtual","12":"purchasable","13":"product-type-simple"},"yoast_head":"<!-- This site is optimized with the Yoast SEO Premium plugin v21.9 (Yoast SEO v27.3) - https:\/\/yoast.com\/product\/yoast-seo-premium-wordpress\/ -->\n<title>Spotify 3 Months - Rame Digital<\/title>\n<meta name=\"description\" content=\"Listen to spotify with 100% volume with 24% discount only at Rame Digital.\" \/>\n<meta name=\"robots\" content=\"index, follow, max-snippet:-1, max-image-preview:large, max-video-preview:-1\" \/>\n<link rel=\"canonical\" href=\"https:\/\/www.ramedigitalstore.com\/hu\/prodotto\/spotify-3-honap\/\" \/>\n<meta property=\"og:locale\" content=\"hu_HU\" \/>\n<meta property=\"og:type\" content=\"article\" \/>\n<meta property=\"og:title\" content=\"Spotify 3 Months\" \/>\n<meta property=\"og:description\" content=\"Listen to spotify with 100% volume with 24% discount only at Rame Digital.\" \/>\n<meta property=\"og:url\" content=\"https:\/\/www.ramedigitalstore.com\/hu\/prodotto\/spotify-3-honap\/\" \/>\n<meta property=\"og:site_name\" content=\"Rame Digital\" \/>\n<meta property=\"article:publisher\" content=\"https:\/\/www.facebook.com\/RameDigitalOfficial\" \/>\n<meta property=\"article:modified_time\" content=\"2023-12-27T21:46:24+00:00\" \/>\n<meta property=\"og:image\" content=\"https:\/\/www.ramedigitalstore.com\/wp-content\/uploads\/2023\/12\/Spotify-Giff-Card-3-mesi.jpg\" \/>\n\t<meta property=\"og:image:width\" content=\"720\" \/>\n\t<meta property=\"og:image:height\" content=\"720\" \/>\n\t<meta property=\"og:image:type\" content=\"image\/jpeg\" \/>\n<meta name=\"twitter:card\" content=\"summary_large_image\" \/>\n<meta name=\"twitter:label1\" content=\"Becs\u00fclt olvas\u00e1si id\u0151\" \/>\n\t<meta name=\"twitter:data1\" content=\"2 perc\" \/>\n<script type=\"application\/ld+json\" class=\"yoast-schema-graph\">{\"@context\":\"https:\\\/\\\/schema.org\",\"@graph\":[{\"@type\":\"WebPage\",\"@id\":\"https:\\\/\\\/www.ramedigitalstore.com\\\/prodotto\\\/spotify-3-months\\\/\",\"url\":\"https:\\\/\\\/www.ramedigitalstore.com\\\/prodotto\\\/spotify-3-months\\\/\",\"name\":\"Spotify 3 Months - Rame Digital\",\"isPartOf\":{\"@id\":\"https:\\\/\\\/www.ramedigitalstore.com\\\/#website\"},\"primaryImageOfPage\":{\"@id\":\"https:\\\/\\\/www.ramedigitalstore.com\\\/prodotto\\\/spotify-3-months\\\/#primaryimage\"},\"image\":{\"@id\":\"https:\\\/\\\/www.ramedigitalstore.com\\\/prodotto\\\/spotify-3-months\\\/#primaryimage\"},\"thumbnailUrl\":\"https:\\\/\\\/www.ramedigitalstore.com\\\/wp-content\\\/uploads\\\/2023\\\/12\\\/Spotify-Giff-Card-3-mesi.jpg\",\"datePublished\":\"2023-12-26T03:11:18+00:00\",\"dateModified\":\"2023-12-27T21:46:24+00:00\",\"description\":\"Listen to spotify with 100% volume with 24% discount only at Rame Digital.\",\"breadcrumb\":{\"@id\":\"https:\\\/\\\/www.ramedigitalstore.com\\\/prodotto\\\/spotify-3-months\\\/#breadcrumb\"},\"inLanguage\":\"hu\",\"potentialAction\":[{\"@type\":\"ReadAction\",\"target\":[\"https:\\\/\\\/www.ramedigitalstore.com\\\/prodotto\\\/spotify-3-months\\\/\"]}]},{\"@type\":\"ImageObject\",\"inLanguage\":\"hu\",\"@id\":\"https:\\\/\\\/www.ramedigitalstore.com\\\/prodotto\\\/spotify-3-months\\\/#primaryimage\",\"url\":\"https:\\\/\\\/www.ramedigitalstore.com\\\/wp-content\\\/uploads\\\/2023\\\/12\\\/Spotify-Giff-Card-3-mesi.jpg\",\"contentUrl\":\"https:\\\/\\\/www.ramedigitalstore.com\\\/wp-content\\\/uploads\\\/2023\\\/12\\\/Spotify-Giff-Card-3-mesi.jpg\",\"width\":720,\"height\":720},{\"@type\":\"BreadcrumbList\",\"@id\":\"https:\\\/\\\/www.ramedigitalstore.com\\\/prodotto\\\/spotify-3-months\\\/#breadcrumb\",\"itemListElement\":[{\"@type\":\"ListItem\",\"position\":1,\"name\":\"Home\",\"item\":\"https:\\\/\\\/www.ramedigitalstore.com\\\/\"},{\"@type\":\"ListItem\",\"position\":2,\"name\":\"Shop\",\"item\":\"https:\\\/\\\/www.ramedigitalstore.com\\\/shop\\\/\"},{\"@type\":\"ListItem\",\"position\":3,\"name\":\"Spotify 3 Months\"}]},{\"@type\":\"WebSite\",\"@id\":\"https:\\\/\\\/www.ramedigitalstore.com\\\/#website\",\"url\":\"https:\\\/\\\/www.ramedigitalstore.com\\\/\",\"name\":\"Rame Digital\",\"description\":\"Digital store par excellence\",\"publisher\":{\"@id\":\"https:\\\/\\\/www.ramedigitalstore.com\\\/#organization\"},\"potentialAction\":[{\"@type\":\"SearchAction\",\"target\":{\"@type\":\"EntryPoint\",\"urlTemplate\":\"https:\\\/\\\/www.ramedigitalstore.com\\\/?s={search_term_string}\"},\"query-input\":{\"@type\":\"PropertyValueSpecification\",\"valueRequired\":true,\"valueName\":\"search_term_string\"}}],\"inLanguage\":\"hu\"},{\"@type\":\"Organization\",\"@id\":\"https:\\\/\\\/www.ramedigitalstore.com\\\/#organization\",\"name\":\"Rame Digital\",\"url\":\"https:\\\/\\\/www.ramedigitalstore.com\\\/\",\"logo\":{\"@type\":\"ImageObject\",\"inLanguage\":\"hu\",\"@id\":\"https:\\\/\\\/www.ramedigitalstore.com\\\/#\\\/schema\\\/logo\\\/image\\\/\",\"url\":\"https:\\\/\\\/www.ramedigitalstore.com\\\/wp-content\\\/uploads\\\/2021\\\/04\\\/Logo-new-quadrato-1-e1619205976915.png\",\"contentUrl\":\"https:\\\/\\\/www.ramedigitalstore.com\\\/wp-content\\\/uploads\\\/2021\\\/04\\\/Logo-new-quadrato-1-e1619205976915.png\",\"width\":256,\"height\":256,\"caption\":\"Rame Digital\"},\"image\":{\"@id\":\"https:\\\/\\\/www.ramedigitalstore.com\\\/#\\\/schema\\\/logo\\\/image\\\/\"},\"sameAs\":[\"https:\\\/\\\/www.facebook.com\\\/RameDigitalOfficial\",\"https:\\\/\\\/www.instagram.com\\\/rame_digital_official\\\/\"]}]}<\/script>\n<!-- \/ Yoast SEO Premium plugin. -->","yoast_head_json":{"title":"Spotify 3 h\u00f3nap - Rame Digital","description":"Hallgassa a spotify-t 100% hanger\u0151vel 24% kedvezm\u00e9nnyel csak a Rame Digitaln\u00e1l.","robots":{"index":"index","follow":"follow","max-snippet":"max-snippet:-1","max-image-preview":"max-image-preview:large","max-video-preview":"max-video-preview:-1"},"canonical":"https:\/\/www.ramedigitalstore.com\/hu\/prodotto\/spotify-3-honap\/","og_locale":"hu_HU","og_type":"article","og_title":"Spotify 3 Months","og_description":"Listen to spotify with 100% volume with 24% discount only at Rame Digital.","og_url":"https:\/\/www.ramedigitalstore.com\/hu\/prodotto\/spotify-3-honap\/","og_site_name":"Rame Digital","article_publisher":"https:\/\/www.facebook.com\/RameDigitalOfficial","article_modified_time":"2023-12-27T21:46:24+00:00","og_image":[{"width":720,"height":720,"url":"https:\/\/www.ramedigitalstore.com\/wp-content\/uploads\/2023\/12\/Spotify-Giff-Card-3-mesi.jpg","type":"image\/jpeg"}],"twitter_card":"summary_large_image","twitter_misc":{"Becs\u00fclt olvas\u00e1si id\u0151":"2 perc"},"schema":{"@context":"https:\/\/schema.org","@graph":[{"@type":"WebPage","@id":"https:\/\/www.ramedigitalstore.com\/prodotto\/spotify-3-months\/","url":"https:\/\/www.ramedigitalstore.com\/prodotto\/spotify-3-months\/","name":"Spotify 3 h\u00f3nap - Rame Digital","isPartOf":{"@id":"https:\/\/www.ramedigitalstore.com\/#website"},"primaryImageOfPage":{"@id":"https:\/\/www.ramedigitalstore.com\/prodotto\/spotify-3-months\/#primaryimage"},"image":{"@id":"https:\/\/www.ramedigitalstore.com\/prodotto\/spotify-3-months\/#primaryimage"},"thumbnailUrl":"https:\/\/www.ramedigitalstore.com\/wp-content\/uploads\/2023\/12\/Spotify-Giff-Card-3-mesi.jpg","datePublished":"2023-12-26T03:11:18+00:00","dateModified":"2023-12-27T21:46:24+00:00","description":"Hallgassa a spotify-t 100% hanger\u0151vel 24% kedvezm\u00e9nnyel csak a Rame Digitaln\u00e1l.","breadcrumb":{"@id":"https:\/\/www.ramedigitalstore.com\/prodotto\/spotify-3-months\/#breadcrumb"},"inLanguage":"hu","potentialAction":[{"@type":"ReadAction","target":["https:\/\/www.ramedigitalstore.com\/prodotto\/spotify-3-months\/"]}]},{"@type":"ImageObject","inLanguage":"hu","@id":"https:\/\/www.ramedigitalstore.com\/prodotto\/spotify-3-months\/#primaryimage","url":"https:\/\/www.ramedigitalstore.com\/wp-content\/uploads\/2023\/12\/Spotify-Giff-Card-3-mesi.jpg","contentUrl":"https:\/\/www.ramedigitalstore.com\/wp-content\/uploads\/2023\/12\/Spotify-Giff-Card-3-mesi.jpg","width":720,"height":720},{"@type":"BreadcrumbList","@id":"https:\/\/www.ramedigitalstore.com\/prodotto\/spotify-3-months\/#breadcrumb","itemListElement":[{"@type":"ListItem","position":1,"name":"Home","item":"https:\/\/www.ramedigitalstore.com\/"},{"@type":"ListItem","position":2,"name":"Shop","item":"https:\/\/www.ramedigitalstore.com\/shop\/"},{"@type":"ListItem","position":3,"name":"Spotify 3 Months"}]},{"@type":"WebSite","@id":"https:\/\/www.ramedigitalstore.com\/#website","url":"https:\/\/www.ramedigitalstore.com\/","name":"Rame Digital","description":"Digit\u00e1lis \u00e1ruh\u00e1z par excellence","publisher":{"@id":"https:\/\/www.ramedigitalstore.com\/#organization"},"potentialAction":[{"@type":"SearchAction","target":{"@type":"EntryPoint","urlTemplate":"https:\/\/www.ramedigitalstore.com\/?s={search_term_string}"},"query-input":{"@type":"PropertyValueSpecification","valueRequired":true,"valueName":"search_term_string"}}],"inLanguage":"hu"},{"@type":"Organization","@id":"https:\/\/www.ramedigitalstore.com\/#organization","name":"Rame Digital","url":"https:\/\/www.ramedigitalstore.com\/","logo":{"@type":"ImageObject","inLanguage":"hu","@id":"https:\/\/www.ramedigitalstore.com\/#\/schema\/logo\/image\/","url":"https:\/\/www.ramedigitalstore.com\/wp-content\/uploads\/2021\/04\/Logo-new-quadrato-1-e1619205976915.png","contentUrl":"https:\/\/www.ramedigitalstore.com\/wp-content\/uploads\/2021\/04\/Logo-new-quadrato-1-e1619205976915.png","width":256,"height":256,"caption":"Rame Digital"},"image":{"@id":"https:\/\/www.ramedigitalstore.com\/#\/schema\/logo\/image\/"},"sameAs":["https:\/\/www.facebook.com\/RameDigitalOfficial","https:\/\/www.instagram.com\/rame_digital_official\/"]}]}},"jetpack_sharing_enabled":true,"_links":{"self":[{"href":"https:\/\/www.ramedigitalstore.com\/hu\/wp-json\/wp\/v2\/product\/5199","targetHints":{"allow":["GET"]}}],"collection":[{"href":"https:\/\/www.ramedigitalstore.com\/hu\/wp-json\/wp\/v2\/product"}],"about":[{"href":"https:\/\/www.ramedigitalstore.com\/hu\/wp-json\/wp\/v2\/types\/product"}],"version-history":[{"count":1,"href":"https:\/\/www.ramedigitalstore.com\/hu\/wp-json\/wp\/v2\/product\/5199\/revisions"}],"predecessor-version":[{"id":5200,"href":"https:\/\/www.ramedigitalstore.com\/hu\/wp-json\/wp\/v2\/product\/5199\/revisions\/5200"}],"wp:featuredmedia":[{"embeddable":true,"href":"https:\/\/www.ramedigitalstore.com\/hu\/wp-json\/wp\/v2\/media\/5211"}],"wp:attachment":[{"href":"https:\/\/www.ramedigitalstore.com\/hu\/wp-json\/wp\/v2\/media?parent=5199"}],"wp:term":[{"taxonomy":"product_brand","embeddable":true,"href":"https:\/\/www.ramedigitalstore.com\/hu\/wp-json\/wp\/v2\/product_brand?post=5199"},{"taxonomy":"product_cat","embeddable":true,"href":"https:\/\/www.ramedigitalstore.com\/hu\/wp-json\/wp\/v2\/product_cat?post=5199"},{"taxonomy":"product_tag","embeddable":true,"href":"https:\/\/www.ramedigitalstore.com\/hu\/wp-json\/wp\/v2\/product_tag?post=5199"}],"curies":[{"name":"wp","href":"https:\/\/api.w.org\/{rel}","templated":true}]}}