{"id":6867,"date":"2024-02-13T10:12:19","date_gmt":"2024-02-13T10:12:19","guid":{"rendered":"https:\/\/www.ramedigitalstore.com\/?post_type=product&#038;p=6867"},"modified":"2025-11-30T16:06:33","modified_gmt":"2025-11-30T16:06:33","slug":"xbox-game-pass-ultimate-17-months-global","status":"publish","type":"product","link":"https:\/\/www.ramedigitalstore.com\/hu\/prodotto\/xbox-game-passz-ultimate-15-honap-2-honap-global\/","title":{"rendered":"Xbox Game Pass Ultimate 15 h\u00f3nap - GLOB\u00c1LIS"},"content":{"rendered":"<h3 style=\"text-align:center\"><span style=\"color:#8f00ff\"><span style=\"vertical-align:inherit\"><strong>Meg\u00faj\u00edthatja el\u0151fizet\u00e9s\u00e9t profilv\u00e1lt\u00e1s n\u00e9lk\u00fcl!<\/strong><\/span><\/span><\/h3>\n<h3 class=\"c-heading-1 f-lean\" style=\"text-align:center\">15 h\u00f3napos Game Pass Ultimate j\u00e1t\u00e9kot kapsz.<\/h3>\n<h4 class=\"c-heading-1 f-lean\" style=\"text-align:center\">A szem\u00e9lyes profilodon l\u00e9v\u0151 el\u0151fizet\u00e9s meg\u00faj\u00edt\u00e1s\u00e1hoz egyszer\u0171en add hozz\u00e1 a hiteles\u00edt\u0151 adatokat a konzolodon vagy a sz\u00e1m\u00edt\u00f3g\u00e9peden.<\/h4>\n<h3 style=\"text-align:center\"><span style=\"color:#ff0000\"><strong>Nem kap megosztott fi\u00f3kot.<\/strong><\/span><\/h3>\n<p style=\"text-align:center\"><strong>Kiz\u00e1r\u00f3lag az \u00d6n sz\u00e1m\u00e1ra l\u00e9trehozott hiteles\u00edt\u0151 adatokat fog kapni. Az \u00d6n sz\u00e1m\u00e1t kapcsolattart\u00e1si\/vissza\u00e1ll\u00edt\u00e1si m\u00f3dk\u00e9nt \u00e1ll\u00edtjuk be, hogy a maxim\u00e1lis biztons\u00e1g \u00e9rdek\u00e9ben csak \u00d6n tudja b\u00e1rmikor megv\u00e1ltoztatni azokat.<\/strong><\/p>\n<p style=\"text-align:center\"><strong>Miut\u00e1n hozz\u00e1adta a konzolj\u00e1hoz, \u00e9szreveheti, hogy a szem\u00e9lyes profilja ism\u00e9t Xbox Game Pass Ultimate jogosults\u00e1gokkal fog rendelkezni, majd online j\u00e1tszhat \u00e9s let\u00f6lthet j\u00e1t\u00e9kokat a k\u00fcl\u00f6nb\u00f6z\u0151 Game Pass, Live Gold \u00e9s EA Play katal\u00f3gusokb\u00f3l.<\/strong><\/p>\n<p style=\"text-align:center\"><strong>Egyszerre 2 konzolon m\u0171k\u00f6dik, k\u00f6nnyen v\u00e1lthat, majd megoszthatja az el\u0151fizet\u00e9st egy bar\u00e1tj\u00e1val\/csal\u00e1dj\u00e1val.<\/strong><\/p>\n<p style=\"text-align:center\"><strong>Tov\u00e1bbi r\u00e9szletek\u00e9rt k\u00e9rj\u00fck, l\u00e9pjen kapcsolatba vel\u00fcnk a k\u00f6vetkez\u0151 c\u00edmen <\/strong><a href=\"https:\/\/api.whatsapp.com\/send?phone=393888680074&amp;text=Hi!%20Can%20i%20have%20information%20about%20Game%20Pass%20Ultimate%20Alternative%20Key?\"><strong>+39 388 868 0074.<\/strong><\/a><\/p>\n<p style=\"text-align:center\"><strong>A hiteles\u00edt\u0151 adatok 100% lesz a ti\u00e9d, amint \u00e1tadjuk, mi m\u00e1r nem f\u00e9r\u00fcnk hozz\u00e1, \u00e9s azt csin\u00e1lsz, amit akarsz.<\/strong><\/p>\n<p style=\"text-align:center\">Ha szigor\u00faan kulcsot keres, \u00e9s nem alternat\u00edv m\u00f3dszert a ment\u00e9sre, l\u00e1togasson el a<\/p>\n<h3 style=\"text-align:center\"><a href=\"https:\/\/www.ramedigitalstore.com\/hu\/it\/prodotto\/xbox-game-pass-ultimate-1-year-key\/\"> <\/a><span style=\"color:#8f00ff\"><span style=\"vertical-align:inherit\"><a href=\"https:\/\/www.ramedigitalstore.com\/hu\/it\/prodotto\/xbox-game-pass-ultimate-1-year-key\/\"><strong>Xbox Game Pass Ultimate 12 h\u00f3napos kulcs<\/strong><\/a><\/span><\/span><\/h3>\n<h3 style=\"text-align:center\"><span style=\"vertical-align:inherit\"><strong>Xbox Game Pass Ultimate megv\u00e1s\u00e1rl\u00e1sa: Rame Digital: Olcs\u00f3n \u00e9s biztons\u00e1gosan <\/strong><\/span><\/h3>\n<p style=\"text-align:center\"><span style=\"vertical-align:inherit\">If you have decided to purchase Game Pass Ultimate, you can purchase the entire subscription on Rame Digital at advantageous conditions. Buyers benefit from the quality of service tested and enjoy an extremely simple and uncomplicated purchasing process. The desired subscription is not sent to the customer in bulky as a CD \/ DVD, consequently but only as an Account by mail. Therefore, the customer receives his goods immediately after the purchase and receipt of the money. To learn more, read:  terms and conditions and privacy\/policy  or  FAQ<\/span><\/p>\n<p style=\"text-align:center\"><span style=\"vertical-align:inherit\">A Rame Digitaln\u00e1l viszont a seg\u00edts\u00e9g mindig ingyenes.<\/span><\/p>\n<h3 class=\"text-center\" style=\"text-align:center\"><span style=\"vertical-align:inherit\">B\u00e1rmilyen eszk\u00f6zt is haszn\u00e1lsz, az Xbox Game Pass Ultimate seg\u00edts\u00e9g\u00e9vel.<\/span><\/h3>\n<ul class=\"list list-withIcons\" style=\"text-align:center\">\n<li><img decoding=\"async\" src=\"https:\/\/static3.avast.com\/20001227\/web\/i\/v2\/components\/win.svg\" alt=\"\">Windows 10 (NE V\u00c1LTOZZON PROFILT, az EA Play nem fog m\u0171k\u00f6dni a profilodon).\n<p>Minden Xboxon m\u0171k\u00f6dik (NE V\u00c1LTOZZON PROFILT)<\/li>\n<\/ul>\n<h2 class=\"text-center\"><\/h2>\n<h3 class=\"text-center\" style=\"text-align:center\"><span style=\"vertical-align:inherit\"><strong>Gyors sz\u00e1ll\u00edt\u00e1s, maximum 6 \u00f3ra e-mailben.<\/strong><\/span><\/h3>\n<p style=\"text-align:center\"><strong>Egy olyan fi\u00f3kot biztos\u00edtunk, amelynek funkci\u00f3ja megegyezik a kulcs\u00e9val. Az aktiv\u00e1l\u00e1si elj\u00e1r\u00e1sr\u00f3l e-mailben t\u00e1j\u00e9koztatjuk.<\/strong><\/p>\n<p style=\"text-align:center\"><span style=\"vertical-align:inherit\">K\u00f6vessen minket <\/span><span style=\"vertical-align:inherit\"><a href=\"https:\/\/www.facebook.com\/RameDigitalOfficial\/\">Facebook<\/a><\/span><\/p>","protected":false},"excerpt":{"rendered":"<h5 style=\"text-align: center;\"><span style=\"color: #ff0000;\"><em><span style=\"vertical-align: inherit;\">Ne hagyja ki ezt az aj\u00e1nlatot! Nem lesz \u00f6r\u00f6kk\u00e9!<\/span><\/em><\/span><\/h5>\n<div class=\"hd-listinghead\" style=\"font-size: 19pt; font-family: Arial; text-align: center;\"><strong><span style=\"color: #8f00ff;\"><span style=\"vertical-align: inherit;\">\u00daj\u00edtsa meg el\u0151fizet\u00e9s\u00e9t m\u00e9g ma!<\/span><\/span><\/strong><\/div>\n<div><\/div>\n<p style=\"text-align: center;\"><strong>\u2713 Mindig j\u00e1tssz a profiloddal<span style=\"vertical-align: inherit;\">\u00a0!<\/span><\/strong><br \/>\n<strong>\u2713 <\/strong>Megoszthat\u00f3<br \/>\n<strong>\u2713 <\/strong>Maxim\u00e1lis biztons\u00e1g<br \/>\n<span style=\"vertical-align: inherit;\"> <strong>\u2713 <\/strong>Nincsenek megosztott sz\u00e1ml\u00e1k<\/span><br \/>\n<span style=\"vertical-align: inherit;\"><strong>\u2713 <\/strong><\/span>Sz\u00e1ll\u00edt\u00e1s e-mailben legfeljebb 6 \u00f3r\u00e1n bel\u00fcl<br \/>\n<span style=\"vertical-align: inherit;\"><strong>\u2713 Csak lej\u00e1r\u00f3\/lej\u00e1rt Utimate el\u0151fizet\u00e9ssel aktiv\u00e1lhat\u00f3.<\/strong><\/span><\/p>\n<p>&nbsp;<\/p>\n<p><img decoding=\"async\" class=\"aligncenter wp-image-2400\" src=\"https:\/\/www.ramedigitalstore.com\/wp-content\/uploads\/2022\/03\/trustpilot-stars-1024x140.png\" alt=\"\" width=\"600\" height=\"82\" srcset=\"https:\/\/www.ramedigitalstore.com\/wp-content\/uploads\/2022\/03\/trustpilot-stars-1024x140.png 1024w, https:\/\/www.ramedigitalstore.com\/wp-content\/uploads\/2022\/03\/trustpilot-stars-500x68.png 500w, https:\/\/www.ramedigitalstore.com\/wp-content\/uploads\/2022\/03\/trustpilot-stars-700x96.png 700w, https:\/\/www.ramedigitalstore.com\/wp-content\/uploads\/2022\/03\/trustpilot-stars-300x41.png 300w, https:\/\/www.ramedigitalstore.com\/wp-content\/uploads\/2022\/03\/trustpilot-stars-768x105.png 768w, https:\/\/www.ramedigitalstore.com\/wp-content\/uploads\/2022\/03\/trustpilot-stars-1536x210.png 1536w, https:\/\/www.ramedigitalstore.com\/wp-content\/uploads\/2022\/03\/trustpilot-stars-260x35.png 260w, https:\/\/www.ramedigitalstore.com\/wp-content\/uploads\/2022\/03\/trustpilot-stars-50x7.png 50w, https:\/\/www.ramedigitalstore.com\/wp-content\/uploads\/2022\/03\/trustpilot-stars-150x20.png 150w, https:\/\/www.ramedigitalstore.com\/wp-content\/uploads\/2022\/03\/trustpilot-stars-1320x180.png 1320w, https:\/\/www.ramedigitalstore.com\/wp-content\/uploads\/2022\/03\/trustpilot-stars-800x109.png 800w, https:\/\/www.ramedigitalstore.com\/wp-content\/uploads\/2022\/03\/trustpilot-stars.png 2000w\" sizes=\"(max-width: 600px) 100vw, 600px\" \/><\/p>\n<p><img fetchpriority=\"high\" decoding=\"async\" class=\"wp-image-2401 size-full aligncenter\" src=\"https:\/\/www.ramedigitalstore.com\/wp-content\/uploads\/2022\/03\/payment2.jpg\" alt=\"\" width=\"1020\" height=\"267\" srcset=\"https:\/\/www.ramedigitalstore.com\/wp-content\/uploads\/2022\/03\/payment2.jpg 1020w, https:\/\/www.ramedigitalstore.com\/wp-content\/uploads\/2022\/03\/payment2-500x131.jpg 500w, https:\/\/www.ramedigitalstore.com\/wp-content\/uploads\/2022\/03\/payment2-700x183.jpg 700w, https:\/\/www.ramedigitalstore.com\/wp-content\/uploads\/2022\/03\/payment2-300x79.jpg 300w, https:\/\/www.ramedigitalstore.com\/wp-content\/uploads\/2022\/03\/payment2-768x201.jpg 768w, https:\/\/www.ramedigitalstore.com\/wp-content\/uploads\/2022\/03\/payment2-260x68.jpg 260w, https:\/\/www.ramedigitalstore.com\/wp-content\/uploads\/2022\/03\/payment2-50x13.jpg 50w, https:\/\/www.ramedigitalstore.com\/wp-content\/uploads\/2022\/03\/payment2-150x39.jpg 150w, https:\/\/www.ramedigitalstore.com\/wp-content\/uploads\/2022\/03\/payment2-800x209.jpg 800w\" sizes=\"(max-width: 1020px) 100vw, 1020px\" \/><\/p>","protected":false},"featured_media":6869,"template":"","meta":[],"product_brand":[],"product_cat":[107],"product_tag":[],"class_list":{"0":"post-6867","1":"product","2":"type-product","3":"status-publish","4":"has-post-thumbnail","6":"product_cat-xbox-game-pass-ultimate","8":"first","9":"outofstock","10":"sale","11":"virtual","12":"sold-individually","13":"purchasable","14":"product-type-simple"},"yoast_head":"<!-- This site is optimized with the Yoast SEO Premium plugin v21.9 (Yoast SEO v27.5) - https:\/\/yoast.com\/product\/yoast-seo-premium-wordpress\/ -->\n<title>Xbox Game Pass Ultimate 15 Months - GLOBAL - Promo<\/title>\n<meta name=\"robots\" content=\"index, follow, max-snippet:-1, max-image-preview:large, max-video-preview:-1\" \/>\n<link rel=\"canonical\" href=\"https:\/\/www.ramedigitalstore.com\/hu\/prodotto\/xbox-game-passz-ultimate-15-honap-2-honap-global\/\" \/>\n<meta property=\"og:locale\" content=\"hu_HU\" \/>\n<meta property=\"og:type\" content=\"article\" \/>\n<meta property=\"og:title\" content=\"Xbox Game Pass Ultimate 15 Months - GLOBAL\" \/>\n<meta property=\"og:description\" content=\"Don&#039;t miss this offer! It won&#039;t be around forever! Renew your subscription today!  \u2713 Always play with your profile\u00a0! \u2713 Shareable \u2713 Maximum security  \u2713 No shared accounts \u2713 Delivery by email in up to 6hours \u2713 Can only be activated with expiring\/expired Utimate subscription. &nbsp;\" \/>\n<meta property=\"og:url\" content=\"https:\/\/www.ramedigitalstore.com\/hu\/prodotto\/xbox-game-passz-ultimate-15-honap-2-honap-global\/\" \/>\n<meta property=\"og:site_name\" content=\"Rame Digital\" \/>\n<meta property=\"article:publisher\" content=\"https:\/\/www.facebook.com\/RameDigitalOfficial\" \/>\n<meta property=\"article:modified_time\" content=\"2025-11-30T16:06:33+00:00\" \/>\n<meta property=\"og:image\" content=\"https:\/\/www.ramedigitalstore.com\/wp-content\/uploads\/2024\/02\/17-mesi-1.png\" \/>\n\t<meta property=\"og:image:width\" content=\"1600\" \/>\n\t<meta property=\"og:image:height\" content=\"1600\" \/>\n\t<meta property=\"og:image:type\" content=\"image\/png\" \/>\n<meta name=\"twitter:card\" content=\"summary_large_image\" \/>\n<meta name=\"twitter:label1\" content=\"Becs\u00fclt olvas\u00e1si id\u0151\" \/>\n\t<meta name=\"twitter:data1\" content=\"2 perc\" \/>\n<script type=\"application\/ld+json\" class=\"yoast-schema-graph\">{\"@context\":\"https:\\\/\\\/schema.org\",\"@graph\":[{\"@type\":\"WebPage\",\"@id\":\"https:\\\/\\\/www.ramedigitalstore.com\\\/prodotto\\\/xbox-game-pass-ultimate-17-months-global\\\/\",\"url\":\"https:\\\/\\\/www.ramedigitalstore.com\\\/prodotto\\\/xbox-game-pass-ultimate-17-months-global\\\/\",\"name\":\"Xbox Game Pass Ultimate 15 Months - GLOBAL - Promo\",\"isPartOf\":{\"@id\":\"https:\\\/\\\/www.ramedigitalstore.com\\\/#website\"},\"primaryImageOfPage\":{\"@id\":\"https:\\\/\\\/www.ramedigitalstore.com\\\/prodotto\\\/xbox-game-pass-ultimate-17-months-global\\\/#primaryimage\"},\"image\":{\"@id\":\"https:\\\/\\\/www.ramedigitalstore.com\\\/prodotto\\\/xbox-game-pass-ultimate-17-months-global\\\/#primaryimage\"},\"thumbnailUrl\":\"https:\\\/\\\/www.ramedigitalstore.com\\\/wp-content\\\/uploads\\\/2024\\\/02\\\/17-mesi-1.png\",\"datePublished\":\"2024-02-13T10:12:19+00:00\",\"dateModified\":\"2025-11-30T16:06:33+00:00\",\"breadcrumb\":{\"@id\":\"https:\\\/\\\/www.ramedigitalstore.com\\\/prodotto\\\/xbox-game-pass-ultimate-17-months-global\\\/#breadcrumb\"},\"inLanguage\":\"hu\",\"potentialAction\":[{\"@type\":\"ReadAction\",\"target\":[\"https:\\\/\\\/www.ramedigitalstore.com\\\/prodotto\\\/xbox-game-pass-ultimate-17-months-global\\\/\"]}]},{\"@type\":\"ImageObject\",\"inLanguage\":\"hu\",\"@id\":\"https:\\\/\\\/www.ramedigitalstore.com\\\/prodotto\\\/xbox-game-pass-ultimate-17-months-global\\\/#primaryimage\",\"url\":\"https:\\\/\\\/www.ramedigitalstore.com\\\/wp-content\\\/uploads\\\/2024\\\/02\\\/17-mesi-1.png\",\"contentUrl\":\"https:\\\/\\\/www.ramedigitalstore.com\\\/wp-content\\\/uploads\\\/2024\\\/02\\\/17-mesi-1.png\",\"width\":1600,\"height\":1600},{\"@type\":\"BreadcrumbList\",\"@id\":\"https:\\\/\\\/www.ramedigitalstore.com\\\/prodotto\\\/xbox-game-pass-ultimate-17-months-global\\\/#breadcrumb\",\"itemListElement\":[{\"@type\":\"ListItem\",\"position\":1,\"name\":\"Home\",\"item\":\"https:\\\/\\\/www.ramedigitalstore.com\\\/\"},{\"@type\":\"ListItem\",\"position\":2,\"name\":\"Shop\",\"item\":\"https:\\\/\\\/www.ramedigitalstore.com\\\/shop\\\/\"},{\"@type\":\"ListItem\",\"position\":3,\"name\":\"Xbox Game Pass Ultimate 15 Months &#8211; GLOBAL\"}]},{\"@type\":\"WebSite\",\"@id\":\"https:\\\/\\\/www.ramedigitalstore.com\\\/#website\",\"url\":\"https:\\\/\\\/www.ramedigitalstore.com\\\/\",\"name\":\"Rame Digital\",\"description\":\"Digital store par excellence\",\"publisher\":{\"@id\":\"https:\\\/\\\/www.ramedigitalstore.com\\\/#organization\"},\"potentialAction\":[{\"@type\":\"SearchAction\",\"target\":{\"@type\":\"EntryPoint\",\"urlTemplate\":\"https:\\\/\\\/www.ramedigitalstore.com\\\/?s={search_term_string}\"},\"query-input\":{\"@type\":\"PropertyValueSpecification\",\"valueRequired\":true,\"valueName\":\"search_term_string\"}}],\"inLanguage\":\"hu\"},{\"@type\":\"Organization\",\"@id\":\"https:\\\/\\\/www.ramedigitalstore.com\\\/#organization\",\"name\":\"Rame Digital\",\"url\":\"https:\\\/\\\/www.ramedigitalstore.com\\\/\",\"logo\":{\"@type\":\"ImageObject\",\"inLanguage\":\"hu\",\"@id\":\"https:\\\/\\\/www.ramedigitalstore.com\\\/#\\\/schema\\\/logo\\\/image\\\/\",\"url\":\"https:\\\/\\\/www.ramedigitalstore.com\\\/wp-content\\\/uploads\\\/2021\\\/04\\\/Logo-new-quadrato-1-e1619205976915.png\",\"contentUrl\":\"https:\\\/\\\/www.ramedigitalstore.com\\\/wp-content\\\/uploads\\\/2021\\\/04\\\/Logo-new-quadrato-1-e1619205976915.png\",\"width\":256,\"height\":256,\"caption\":\"Rame Digital\"},\"image\":{\"@id\":\"https:\\\/\\\/www.ramedigitalstore.com\\\/#\\\/schema\\\/logo\\\/image\\\/\"},\"sameAs\":[\"https:\\\/\\\/www.facebook.com\\\/RameDigitalOfficial\",\"https:\\\/\\\/www.instagram.com\\\/rame_digital_official\\\/\"]}]}<\/script>\n<!-- \/ Yoast SEO Premium plugin. -->","yoast_head_json":{"title":"Xbox Game Pass Ultimate 15 h\u00f3nap - GLOB\u00c1LIS - Promo","robots":{"index":"index","follow":"follow","max-snippet":"max-snippet:-1","max-image-preview":"max-image-preview:large","max-video-preview":"max-video-preview:-1"},"canonical":"https:\/\/www.ramedigitalstore.com\/hu\/prodotto\/xbox-game-passz-ultimate-15-honap-2-honap-global\/","og_locale":"hu_HU","og_type":"article","og_title":"Xbox Game Pass Ultimate 15 Months - GLOBAL","og_description":"Don't miss this offer! It won't be around forever! Renew your subscription today!  \u2713 Always play with your profile\u00a0! \u2713 Shareable \u2713 Maximum security  \u2713 No shared accounts \u2713 Delivery by email in up to 6hours \u2713 Can only be activated with expiring\/expired Utimate subscription. &nbsp;","og_url":"https:\/\/www.ramedigitalstore.com\/hu\/prodotto\/xbox-game-passz-ultimate-15-honap-2-honap-global\/","og_site_name":"Rame Digital","article_publisher":"https:\/\/www.facebook.com\/RameDigitalOfficial","article_modified_time":"2025-11-30T16:06:33+00:00","og_image":[{"width":1600,"height":1600,"url":"https:\/\/www.ramedigitalstore.com\/wp-content\/uploads\/2024\/02\/17-mesi-1.png","type":"image\/png"}],"twitter_card":"summary_large_image","twitter_misc":{"Becs\u00fclt olvas\u00e1si id\u0151":"2 perc"},"schema":{"@context":"https:\/\/schema.org","@graph":[{"@type":"WebPage","@id":"https:\/\/www.ramedigitalstore.com\/prodotto\/xbox-game-pass-ultimate-17-months-global\/","url":"https:\/\/www.ramedigitalstore.com\/prodotto\/xbox-game-pass-ultimate-17-months-global\/","name":"Xbox Game Pass Ultimate 15 h\u00f3nap - GLOB\u00c1LIS - Promo","isPartOf":{"@id":"https:\/\/www.ramedigitalstore.com\/#website"},"primaryImageOfPage":{"@id":"https:\/\/www.ramedigitalstore.com\/prodotto\/xbox-game-pass-ultimate-17-months-global\/#primaryimage"},"image":{"@id":"https:\/\/www.ramedigitalstore.com\/prodotto\/xbox-game-pass-ultimate-17-months-global\/#primaryimage"},"thumbnailUrl":"https:\/\/www.ramedigitalstore.com\/wp-content\/uploads\/2024\/02\/17-mesi-1.png","datePublished":"2024-02-13T10:12:19+00:00","dateModified":"2025-11-30T16:06:33+00:00","breadcrumb":{"@id":"https:\/\/www.ramedigitalstore.com\/prodotto\/xbox-game-pass-ultimate-17-months-global\/#breadcrumb"},"inLanguage":"hu","potentialAction":[{"@type":"ReadAction","target":["https:\/\/www.ramedigitalstore.com\/prodotto\/xbox-game-pass-ultimate-17-months-global\/"]}]},{"@type":"ImageObject","inLanguage":"hu","@id":"https:\/\/www.ramedigitalstore.com\/prodotto\/xbox-game-pass-ultimate-17-months-global\/#primaryimage","url":"https:\/\/www.ramedigitalstore.com\/wp-content\/uploads\/2024\/02\/17-mesi-1.png","contentUrl":"https:\/\/www.ramedigitalstore.com\/wp-content\/uploads\/2024\/02\/17-mesi-1.png","width":1600,"height":1600},{"@type":"BreadcrumbList","@id":"https:\/\/www.ramedigitalstore.com\/prodotto\/xbox-game-pass-ultimate-17-months-global\/#breadcrumb","itemListElement":[{"@type":"ListItem","position":1,"name":"Home","item":"https:\/\/www.ramedigitalstore.com\/"},{"@type":"ListItem","position":2,"name":"Shop","item":"https:\/\/www.ramedigitalstore.com\/shop\/"},{"@type":"ListItem","position":3,"name":"Xbox Game Pass Ultimate 15 Months &#8211; GLOBAL"}]},{"@type":"WebSite","@id":"https:\/\/www.ramedigitalstore.com\/#website","url":"https:\/\/www.ramedigitalstore.com\/","name":"Rame Digital","description":"Digit\u00e1lis \u00e1ruh\u00e1z par excellence","publisher":{"@id":"https:\/\/www.ramedigitalstore.com\/#organization"},"potentialAction":[{"@type":"SearchAction","target":{"@type":"EntryPoint","urlTemplate":"https:\/\/www.ramedigitalstore.com\/?s={search_term_string}"},"query-input":{"@type":"PropertyValueSpecification","valueRequired":true,"valueName":"search_term_string"}}],"inLanguage":"hu"},{"@type":"Organization","@id":"https:\/\/www.ramedigitalstore.com\/#organization","name":"Rame Digital","url":"https:\/\/www.ramedigitalstore.com\/","logo":{"@type":"ImageObject","inLanguage":"hu","@id":"https:\/\/www.ramedigitalstore.com\/#\/schema\/logo\/image\/","url":"https:\/\/www.ramedigitalstore.com\/wp-content\/uploads\/2021\/04\/Logo-new-quadrato-1-e1619205976915.png","contentUrl":"https:\/\/www.ramedigitalstore.com\/wp-content\/uploads\/2021\/04\/Logo-new-quadrato-1-e1619205976915.png","width":256,"height":256,"caption":"Rame Digital"},"image":{"@id":"https:\/\/www.ramedigitalstore.com\/#\/schema\/logo\/image\/"},"sameAs":["https:\/\/www.facebook.com\/RameDigitalOfficial","https:\/\/www.instagram.com\/rame_digital_official\/"]}]}},"jetpack_sharing_enabled":true,"_links":{"self":[{"href":"https:\/\/www.ramedigitalstore.com\/hu\/wp-json\/wp\/v2\/product\/6867","targetHints":{"allow":["GET"]}}],"collection":[{"href":"https:\/\/www.ramedigitalstore.com\/hu\/wp-json\/wp\/v2\/product"}],"about":[{"href":"https:\/\/www.ramedigitalstore.com\/hu\/wp-json\/wp\/v2\/types\/product"}],"version-history":[{"count":2,"href":"https:\/\/www.ramedigitalstore.com\/hu\/wp-json\/wp\/v2\/product\/6867\/revisions"}],"predecessor-version":[{"id":7101,"href":"https:\/\/www.ramedigitalstore.com\/hu\/wp-json\/wp\/v2\/product\/6867\/revisions\/7101"}],"wp:featuredmedia":[{"embeddable":true,"href":"https:\/\/www.ramedigitalstore.com\/hu\/wp-json\/wp\/v2\/media\/6869"}],"wp:attachment":[{"href":"https:\/\/www.ramedigitalstore.com\/hu\/wp-json\/wp\/v2\/media?parent=6867"}],"wp:term":[{"taxonomy":"product_brand","embeddable":true,"href":"https:\/\/www.ramedigitalstore.com\/hu\/wp-json\/wp\/v2\/product_brand?post=6867"},{"taxonomy":"product_cat","embeddable":true,"href":"https:\/\/www.ramedigitalstore.com\/hu\/wp-json\/wp\/v2\/product_cat?post=6867"},{"taxonomy":"product_tag","embeddable":true,"href":"https:\/\/www.ramedigitalstore.com\/hu\/wp-json\/wp\/v2\/product_tag?post=6867"}],"curies":[{"name":"wp","href":"https:\/\/api.w.org\/{rel}","templated":true}]}}