{"id":12,"date":"2022-03-14T15:45:48","date_gmt":"2022-03-14T15:45:48","guid":{"rendered":"https:\/\/themes.muffingroup.com\/betheme-store_el\/?page_id=12"},"modified":"2022-03-14T16:05:17","modified_gmt":"2022-03-14T16:05:17","slug":"refund_returns","status":"publish","type":"page","link":"https:\/\/www.ramedigitalstore.com\/ita\/rimborso_restituzioni\/","title":{"rendered":"Politica di rimborsi e restituzioni"},"content":{"rendered":"<div data-elementor-type=\"wp-page\" data-elementor-id=\"12\" class=\"elementor elementor-12\" data-elementor-post-type=\"page\">\n\t\t\t\t\t\t<section data-particle_enable=\"false\" data-particle-mobile-disabled=\"false\" class=\"elementor-section elementor-top-section elementor-element elementor-element-36291e2 elementor-section-boxed elementor-section-height-default elementor-section-height-default\" data-id=\"36291e2\" data-element_type=\"section\" data-e-type=\"section\">\n\t\t\t\t\t\t<div class=\"elementor-container elementor-column-gap-default\">\n\t\t\t\t\t<div class=\"elementor-column elementor-col-100 elementor-top-column elementor-element elementor-element-cae8120\" data-id=\"cae8120\" data-element_type=\"column\" data-e-type=\"column\">\n\t\t\t<div class=\"elementor-widget-wrap elementor-element-populated\">\n\t\t\t\t\t\t<div class=\"elementor-element elementor-element-97e76a5 elementor-widget elementor-widget-spacer\" data-id=\"97e76a5\" data-element_type=\"widget\" data-e-type=\"widget\" data-widget_type=\"spacer.default\">\n\t\t\t\t<div class=\"elementor-widget-container\">\n\t\t\t\t\t\t\t<div class=\"elementor-spacer\">\n\t\t\t<div class=\"elementor-spacer-inner\"><\/div>\n\t\t<\/div>\n\t\t\t\t\t\t<\/div>\n\t\t\t\t<\/div>\n\t\t\t\t<div class=\"elementor-element elementor-element-1910ddf elementor-widget elementor-widget-heading\" data-id=\"1910ddf\" data-element_type=\"widget\" data-e-type=\"widget\" data-widget_type=\"heading.default\">\n\t\t\t\t<div class=\"elementor-widget-container\">\n\t\t\t\t\t<h2 class=\"elementor-heading-title elementor-size-default\">Politica di restituzione e rimborso<\/h2>\t\t\t\t<\/div>\n\t\t\t\t<\/div>\n\t\t\t\t<div class=\"elementor-element elementor-element-7350b11 elementor-widget elementor-widget-spacer\" data-id=\"7350b11\" data-element_type=\"widget\" data-e-type=\"widget\" data-widget_type=\"spacer.default\">\n\t\t\t\t<div class=\"elementor-widget-container\">\n\t\t\t\t\t\t\t<div class=\"elementor-spacer\">\n\t\t\t<div class=\"elementor-spacer-inner\"><\/div>\n\t\t<\/div>\n\t\t\t\t\t\t<\/div>\n\t\t\t\t<\/div>\n\t\t\t\t\t<\/div>\n\t\t<\/div>\n\t\t\t\t\t<\/div>\n\t\t<\/section>\n\t\t\t\t<section data-particle_enable=\"false\" data-particle-mobile-disabled=\"false\" class=\"elementor-section elementor-top-section elementor-element elementor-element-106fb218 elementor-section-boxed elementor-section-height-default elementor-section-height-default\" data-id=\"106fb218\" data-element_type=\"section\" data-e-type=\"section\">\n\t\t\t\t\t\t<div class=\"elementor-container elementor-column-gap-default\">\n\t\t\t\t\t<div class=\"elementor-column elementor-col-100 elementor-top-column elementor-element elementor-element-546a8818\" data-id=\"546a8818\" data-element_type=\"column\" data-e-type=\"column\">\n\t\t\t<div class=\"elementor-widget-wrap elementor-element-populated\">\n\t\t\t\t\t\t<div class=\"elementor-element elementor-element-466425ec elementor-widget elementor-widget-text-editor\" data-id=\"466425ec\" data-element_type=\"widget\" data-e-type=\"widget\" data-widget_type=\"text-editor.default\">\n\t\t\t\t<div class=\"elementor-widget-container\">\n\t\t\t\t\t\t\t\t\t<p><\/p>\n<p><\/p>\n<h3>Panoramica<\/h3>\n<p><\/p>\n<p>La nostra politica di rimborsi e restituzioni dura 30 giorni. Se sono passati 30 giorni dal tuo acquisto, non possiamo offrirti un rimborso completo o uno scambio.<\/p>\n<p><\/p>\n<p>Per avere diritto a una restituzione, il tuo articolo deve essere inutilizzato e nelle stesse condizioni in cui l'hai ricevuto. Deve anche essere nella confezione originale.<\/p>\n<p><\/p>\n<p>Diversi tipi di merci sono esenti da restituzione. Le merci deperibili come cibo, fiori, giornali o riviste non possono essere restituite. Inoltre non accettiamo prodotti che sono beni intimi o sanitari, materiali pericolosi o liquidi o gas infiammabili.<\/p>\n<p><\/p>\n<p>Ulteriori articoli non restituibili:<\/p>\n<p><\/p>\n<ul class=\"wp-block-list\">\n<li>Carte regalo<\/li>\n<li>Prodotti software scaricabili<\/li>\n<li>Alcuni articoli per la salute e la cura personale<\/li>\n<li>Prodotti sotto forma di chiavi o conti&nbsp;<br><\/li>\n<\/ul>\n<p><\/p>\n<p>Per completare la restituzione, abbiamo bisogno di una ricevuta o di una prova d'acquisto.<\/p>\n<p><\/p>\n<p>Si prega di non rimandare il vostro acquisto al produttore.<\/p>\n<p><\/p>\n<p>Ci sono alcune situazioni in cui vengono concessi solo rimborsi parziali:<\/p>\n<p><\/p>\n<ul class=\"wp-block-list\">\n<li>Libro con evidenti segni d'uso<\/li>\n<li>CD, DVD, nastro VHS, software, videogiochi, cassette o dischi in vinile che sono stati aperti.<\/li>\n<li>Qualsiasi articolo non nella sua condizione originale, danneggiato o mancante di parti per ragioni non dovute al nostro errore.<\/li>\n<li>Qualsiasi articolo che viene restituito pi\u00f9 di 30 giorni dopo la consegna<\/li>\n<\/ul>\n<p><\/p>\n<h2>Rimborsi<\/h2>\n<p><\/p>\n<p>Una volta che il tuo reso \u00e8 ricevuto e ispezionato, ti invieremo un'e-mail per notificarti che abbiamo ricevuto il tuo articolo restituito. Ti comunicheremo anche l'approvazione o il rifiuto del tuo rimborso.<\/p>\n<p><\/p>\n<p>Se sei approvato, allora il tuo rimborso sar\u00e0 elaborato e un credito sar\u00e0 automaticamente applicato alla tua carta di credito o al metodo di pagamento originale, entro un certo numero di giorni.<\/p>\n<p><\/p>\n<p><b>Rimborsi tardivi o mancanti<\/b><\/p>\n<p><\/p>\n<p>Se non hai ancora ricevuto un rimborso, prima controlla di nuovo il tuo conto bancario.<\/p>\n<p><\/p>\n<p>Poi contatta la compagnia della tua carta di credito, potrebbe volerci del tempo prima che il tuo rimborso venga ufficialmente inviato.<\/p>\n<p><\/p>\n<p>Poi contatta la tua banca. Spesso c'\u00e8 un po' di tempo di elaborazione prima che il rimborso venga inviato.<\/p>\n<p><\/p>\n<p>Se hai fatto tutto questo e non hai ancora ricevuto il tuo rimborso, contattaci a info@ramedigitalstore.com.<\/p>\n<p><\/p>\n<p><b>Articoli in vendita<\/b><\/p>\n<p><\/p>\n<p>Solo gli articoli a prezzo normale possono essere rimborsati. Gli articoli in saldo non possono essere rimborsati.<\/p>\n<p><\/p>\n<h2>Scambi<\/h2>\n<p><\/p>\n<p>Sostituiamo gli articoli solo se sono difettosi o danneggiati. Se hai bisogno di cambiarlo con lo stesso articolo, mandaci una mail a info@ramedigitalstore.com e spedisci il tuo articolo a: Via Roma, Faloppio, 22020 Italia.<\/p>\n<p><\/p>\n<h2>Regali<\/h2>\n<p><\/p>\n<p>Se l'articolo \u00e8 stato contrassegnato come regalo al momento dell'acquisto e spedito direttamente a te, riceverai un credito regalo per il valore del tuo reso. Una volta ricevuto l'articolo restituito, ti verr\u00e0 spedito un buono regalo.<\/p>\n<p><\/p>\n<p>Se l'articolo non \u00e8 stato contrassegnato come regalo al momento dell'acquisto, o chi ha fatto il regalo si \u00e8 fatto spedire l'ordine per darlo a te in seguito, invieremo un rimborso a chi ha fatto il regalo e lui verr\u00e0 a conoscenza del tuo reso.<\/p>\n<p><\/p>\n<h2>Restituzioni di spedizione<\/h2>\n<p><\/p>\n<p>Per restituire il vostro prodotto, dovete spedirlo a: info@ramedigitalstore.com.<\/p>\n<p><\/p>\n<p>Sarai responsabile del pagamento delle tue spese di spedizione per la restituzione dell'articolo. Le spese di spedizione non sono rimborsabili. Se ricevi un rimborso, il costo della spedizione di ritorno sar\u00e0 dedotto dal tuo rimborso.<\/p>\n<p><\/p>\n<p>A seconda di dove vivete, il tempo necessario perch\u00e9 il vostro prodotto scambiato vi raggiunga pu\u00f2 variare.<\/p>\n<p><\/p>\n<p>Se stai restituendo articoli pi\u00f9 costosi, puoi considerare l'utilizzo di un servizio di spedizione tracciabile o l'acquisto di un'assicurazione sulla spedizione. Non garantiamo che riceveremo il tuo articolo restituito.<\/p>\n<p><\/p>\n<h2>Hai bisogno di aiuto?<\/h2>\n<p><\/p>\n<p>Contattateci all'indirizzo info@ramedigitalstore.com per domande relative a rimborsi e restituzioni.<\/p>\n<p><\/p>\t\t\t\t\t\t\t\t<\/div>\n\t\t\t\t<\/div>\n\t\t\t\t\t<\/div>\n\t\t<\/div>\n\t\t\t\t\t<\/div>\n\t\t<\/section>\n\t\t\t\t<\/div>","protected":false},"excerpt":{"rendered":"<p>Returns &#038; Refund Policy Overview Our refund and returns policy lasts 30 days. If 30 days have passed since your purchase, we can\u2019t offer you a full refund or exchange. To be eligible for a return, your item must be unused and in the same condition that you received it. It must also be in [&hellip;]<\/p>\n","protected":false},"author":1,"featured_media":0,"parent":0,"menu_order":0,"comment_status":"closed","ping_status":"closed","template":"","meta":{"footnotes":""},"class_list":["post-12","page","type-page","status-publish","hentry"],"yoast_head":"<!-- This site is optimized with the Yoast SEO Premium plugin v21.9 (Yoast SEO v27.4) - https:\/\/yoast.com\/product\/yoast-seo-premium-wordpress\/ -->\n<title>Refund and Returns Policy - Rame Digital<\/title>\n<meta name=\"robots\" content=\"index, follow, max-snippet:-1, max-image-preview:large, max-video-preview:-1\" \/>\n<link rel=\"canonical\" href=\"https:\/\/www.ramedigitalstore.com\/ita\/rimborso_restituzioni\/\" \/>\n<meta property=\"og:locale\" content=\"it_IT\" \/>\n<meta property=\"og:type\" content=\"article\" \/>\n<meta property=\"og:title\" content=\"Refund and Returns Policy\" \/>\n<meta property=\"og:description\" content=\"Returns &#038; Refund Policy Overview Our refund and returns policy lasts 30 days. If 30 days have passed since your purchase, we can\u2019t offer you a full refund or exchange. To be eligible for a return, your item must be unused and in the same condition that you received it. It must also be in [&hellip;]\" \/>\n<meta property=\"og:url\" content=\"https:\/\/www.ramedigitalstore.com\/ita\/rimborso_restituzioni\/\" \/>\n<meta property=\"og:site_name\" content=\"Rame Digital\" \/>\n<meta property=\"article:publisher\" content=\"https:\/\/www.facebook.com\/RameDigitalOfficial\" \/>\n<meta property=\"article:modified_time\" content=\"2022-03-14T16:05:17+00:00\" \/>\n<meta name=\"twitter:card\" content=\"summary_large_image\" \/>\n<meta name=\"twitter:label1\" content=\"Tempo di lettura stimato\" \/>\n\t<meta name=\"twitter:data1\" content=\"3 minuti\" \/>\n<script type=\"application\/ld+json\" class=\"yoast-schema-graph\">{\"@context\":\"https:\\\/\\\/schema.org\",\"@graph\":[{\"@type\":\"WebPage\",\"@id\":\"https:\\\/\\\/www.ramedigitalstore.com\\\/ita\\\/rimborso_restituzioni\\\/\",\"url\":\"https:\\\/\\\/www.ramedigitalstore.com\\\/ita\\\/rimborso_restituzioni\\\/\",\"name\":\"Refund and Returns Policy - Rame Digital\",\"isPartOf\":{\"@id\":\"https:\\\/\\\/www.ramedigitalstore.com\\\/#website\"},\"datePublished\":\"2022-03-14T15:45:48+00:00\",\"dateModified\":\"2022-03-14T16:05:17+00:00\",\"breadcrumb\":{\"@id\":\"https:\\\/\\\/www.ramedigitalstore.com\\\/ita\\\/rimborso_restituzioni\\\/#breadcrumb\"},\"inLanguage\":\"it-IT\",\"potentialAction\":[{\"@type\":\"ReadAction\",\"target\":[\"https:\\\/\\\/www.ramedigitalstore.com\\\/ita\\\/rimborso_restituzioni\\\/\"]}]},{\"@type\":\"BreadcrumbList\",\"@id\":\"https:\\\/\\\/www.ramedigitalstore.com\\\/ita\\\/rimborso_restituzioni\\\/#breadcrumb\",\"itemListElement\":[{\"@type\":\"ListItem\",\"position\":1,\"name\":\"Home\",\"item\":\"https:\\\/\\\/www.ramedigitalstore.com\\\/\"},{\"@type\":\"ListItem\",\"position\":2,\"name\":\"Refund and Returns Policy\"}]},{\"@type\":\"WebSite\",\"@id\":\"https:\\\/\\\/www.ramedigitalstore.com\\\/#website\",\"url\":\"https:\\\/\\\/www.ramedigitalstore.com\\\/\",\"name\":\"Rame Digital\",\"description\":\"Digital store par excellence\",\"publisher\":{\"@id\":\"https:\\\/\\\/www.ramedigitalstore.com\\\/#organization\"},\"potentialAction\":[{\"@type\":\"SearchAction\",\"target\":{\"@type\":\"EntryPoint\",\"urlTemplate\":\"https:\\\/\\\/www.ramedigitalstore.com\\\/?s={search_term_string}\"},\"query-input\":{\"@type\":\"PropertyValueSpecification\",\"valueRequired\":true,\"valueName\":\"search_term_string\"}}],\"inLanguage\":\"it-IT\"},{\"@type\":\"Organization\",\"@id\":\"https:\\\/\\\/www.ramedigitalstore.com\\\/#organization\",\"name\":\"Rame Digital\",\"url\":\"https:\\\/\\\/www.ramedigitalstore.com\\\/\",\"logo\":{\"@type\":\"ImageObject\",\"inLanguage\":\"it-IT\",\"@id\":\"https:\\\/\\\/www.ramedigitalstore.com\\\/#\\\/schema\\\/logo\\\/image\\\/\",\"url\":\"https:\\\/\\\/www.ramedigitalstore.com\\\/wp-content\\\/uploads\\\/2021\\\/04\\\/Logo-new-quadrato-1-e1619205976915.png\",\"contentUrl\":\"https:\\\/\\\/www.ramedigitalstore.com\\\/wp-content\\\/uploads\\\/2021\\\/04\\\/Logo-new-quadrato-1-e1619205976915.png\",\"width\":256,\"height\":256,\"caption\":\"Rame Digital\"},\"image\":{\"@id\":\"https:\\\/\\\/www.ramedigitalstore.com\\\/#\\\/schema\\\/logo\\\/image\\\/\"},\"sameAs\":[\"https:\\\/\\\/www.facebook.com\\\/RameDigitalOfficial\",\"https:\\\/\\\/www.instagram.com\\\/rame_digital_official\\\/\"]}]}<\/script>\n<!-- \/ Yoast SEO Premium plugin. -->","yoast_head_json":{"title":"Politica di rimborsi e restituzioni - Rame Digital","robots":{"index":"index","follow":"follow","max-snippet":"max-snippet:-1","max-image-preview":"max-image-preview:large","max-video-preview":"max-video-preview:-1"},"canonical":"https:\/\/www.ramedigitalstore.com\/ita\/rimborso_restituzioni\/","og_locale":"it_IT","og_type":"article","og_title":"Refund and Returns Policy","og_description":"Returns &#038; Refund Policy Overview Our refund and returns policy lasts 30 days. If 30 days have passed since your purchase, we can\u2019t offer you a full refund or exchange. To be eligible for a return, your item must be unused and in the same condition that you received it. It must also be in [&hellip;]","og_url":"https:\/\/www.ramedigitalstore.com\/ita\/rimborso_restituzioni\/","og_site_name":"Rame Digital","article_publisher":"https:\/\/www.facebook.com\/RameDigitalOfficial","article_modified_time":"2022-03-14T16:05:17+00:00","twitter_card":"summary_large_image","twitter_misc":{"Tempo di lettura stimato":"3 minuti"},"schema":{"@context":"https:\/\/schema.org","@graph":[{"@type":"WebPage","@id":"https:\/\/www.ramedigitalstore.com\/ita\/rimborso_restituzioni\/","url":"https:\/\/www.ramedigitalstore.com\/ita\/rimborso_restituzioni\/","name":"Politica di rimborsi e restituzioni - Rame Digital","isPartOf":{"@id":"https:\/\/www.ramedigitalstore.com\/#website"},"datePublished":"2022-03-14T15:45:48+00:00","dateModified":"2022-03-14T16:05:17+00:00","breadcrumb":{"@id":"https:\/\/www.ramedigitalstore.com\/ita\/rimborso_restituzioni\/#breadcrumb"},"inLanguage":"it-IT","potentialAction":[{"@type":"ReadAction","target":["https:\/\/www.ramedigitalstore.com\/ita\/rimborso_restituzioni\/"]}]},{"@type":"BreadcrumbList","@id":"https:\/\/www.ramedigitalstore.com\/ita\/rimborso_restituzioni\/#breadcrumb","itemListElement":[{"@type":"ListItem","position":1,"name":"Home","item":"https:\/\/www.ramedigitalstore.com\/"},{"@type":"ListItem","position":2,"name":"Refund and Returns Policy"}]},{"@type":"WebSite","@id":"https:\/\/www.ramedigitalstore.com\/#website","url":"https:\/\/www.ramedigitalstore.com\/","name":"Rame Digital","description":"Negozio digitale per eccellenza","publisher":{"@id":"https:\/\/www.ramedigitalstore.com\/#organization"},"potentialAction":[{"@type":"SearchAction","target":{"@type":"EntryPoint","urlTemplate":"https:\/\/www.ramedigitalstore.com\/?s={search_term_string}"},"query-input":{"@type":"PropertyValueSpecification","valueRequired":true,"valueName":"search_term_string"}}],"inLanguage":"it-IT"},{"@type":"Organization","@id":"https:\/\/www.ramedigitalstore.com\/#organization","name":"Rame Digital","url":"https:\/\/www.ramedigitalstore.com\/","logo":{"@type":"ImageObject","inLanguage":"it-IT","@id":"https:\/\/www.ramedigitalstore.com\/#\/schema\/logo\/image\/","url":"https:\/\/www.ramedigitalstore.com\/wp-content\/uploads\/2021\/04\/Logo-new-quadrato-1-e1619205976915.png","contentUrl":"https:\/\/www.ramedigitalstore.com\/wp-content\/uploads\/2021\/04\/Logo-new-quadrato-1-e1619205976915.png","width":256,"height":256,"caption":"Rame Digital"},"image":{"@id":"https:\/\/www.ramedigitalstore.com\/#\/schema\/logo\/image\/"},"sameAs":["https:\/\/www.facebook.com\/RameDigitalOfficial","https:\/\/www.instagram.com\/rame_digital_official\/"]}]}},"jetpack_sharing_enabled":true,"_links":{"self":[{"href":"https:\/\/www.ramedigitalstore.com\/ita\/wp-json\/wp\/v2\/pages\/12","targetHints":{"allow":["GET"]}}],"collection":[{"href":"https:\/\/www.ramedigitalstore.com\/ita\/wp-json\/wp\/v2\/pages"}],"about":[{"href":"https:\/\/www.ramedigitalstore.com\/ita\/wp-json\/wp\/v2\/types\/page"}],"author":[{"embeddable":true,"href":"https:\/\/www.ramedigitalstore.com\/ita\/wp-json\/wp\/v2\/users\/1"}],"replies":[{"embeddable":true,"href":"https:\/\/www.ramedigitalstore.com\/ita\/wp-json\/wp\/v2\/comments?post=12"}],"version-history":[{"count":0,"href":"https:\/\/www.ramedigitalstore.com\/ita\/wp-json\/wp\/v2\/pages\/12\/revisions"}],"wp:attachment":[{"href":"https:\/\/www.ramedigitalstore.com\/ita\/wp-json\/wp\/v2\/media?parent=12"}],"curies":[{"name":"wp","href":"https:\/\/api.w.org\/{rel}","templated":true}]}}