{"id":377,"date":"2021-09-10T18:31:24","date_gmt":"2021-09-10T18:31:24","guid":{"rendered":"https:\/\/themes.muffingroup.com\/betheme-store_el\/?page_id=377"},"modified":"2021-09-10T18:31:24","modified_gmt":"2021-09-10T18:31:24","slug":"terms-of-use","status":"publish","type":"page","link":"https:\/\/www.ramedigitalstore.com\/ita\/termini-duso\/","title":{"rendered":"Condizioni d'uso"},"content":{"rendered":"<div data-elementor-type=\"wp-page\" data-elementor-id=\"377\" class=\"elementor elementor-377\" data-elementor-post-type=\"page\">\n\t\t\t\t\t\t<section data-particle_enable=\"false\" data-particle-mobile-disabled=\"false\" class=\"elementor-section elementor-top-section elementor-element elementor-element-2dd5c49 elementor-section-stretched elementor-section-boxed elementor-section-height-default elementor-section-height-default\" data-id=\"2dd5c49\" data-element_type=\"section\" data-e-type=\"section\" data-settings=\"{&quot;stretch_section&quot;:&quot;section-stretched&quot;}\">\n\t\t\t\t\t\t<div class=\"elementor-container elementor-column-gap-wider\">\n\t\t\t\t\t<div class=\"elementor-column elementor-col-100 elementor-top-column elementor-element elementor-element-a91f7c3\" data-id=\"a91f7c3\" data-element_type=\"column\" data-e-type=\"column\">\n\t\t\t<div class=\"elementor-widget-wrap elementor-element-populated\">\n\t\t\t\t\t\t<section data-particle_enable=\"false\" data-particle-mobile-disabled=\"false\" class=\"elementor-section elementor-inner-section elementor-element elementor-element-0266407 elementor-section-boxed elementor-section-height-default elementor-section-height-default\" data-id=\"0266407\" data-element_type=\"section\" data-e-type=\"section\">\n\t\t\t\t\t\t<div class=\"elementor-container elementor-column-gap-default\">\n\t\t\t\t\t<div class=\"elementor-column elementor-col-33 elementor-inner-column elementor-element elementor-element-55e1faa\" data-id=\"55e1faa\" data-element_type=\"column\" data-e-type=\"column\">\n\t\t\t<div class=\"elementor-widget-wrap elementor-element-populated\">\n\t\t\t\t\t\t<div class=\"elementor-element elementor-element-192fa24 elementor-widget elementor-widget-text-editor\" data-id=\"192fa24\" data-element_type=\"widget\" data-e-type=\"widget\" data-widget_type=\"text-editor.default\">\n\t\t\t\t<div class=\"elementor-widget-container\">\n\t\t\t\t\t\t\t\t\t<h4>Contenuto<\/h4>\n<ul>\n \t<li><a class=\"scroll\" href=\"#terms1\">Termini e condizioni<\/a><\/li>\n \t<li><a class=\"scroll\" href=\"#terms2\">Cookie<\/a><\/li>\n \t<li><a class=\"scroll\" href=\"#terms3\">Licenza<\/a><\/li>\n \t<li><a class=\"scroll\" href=\"#terms4\">Collegamento ipertestuale al nostro contenuto<\/a><\/li>\n \t<li><a class=\"scroll\" href=\"#terms5\">iFrames<\/a><\/li>\n \t<li><a class=\"scroll\" href=\"#terms6\">Responsabilit\u00e0 del contenuto<\/a><\/li>\n \t<li><a class=\"scroll\" href=\"#terms7\">La tua privacy<\/a><\/li>\n \t<li><a class=\"scroll\" href=\"#terms8\">Riserva di diritti<\/a><\/li>\n \t<li><a class=\"scroll\" href=\"#terms9\">Disclaimer<\/a><\/li>\n<\/ul>\t\t\t\t\t\t\t\t<\/div>\n\t\t\t\t<\/div>\n\t\t\t\t\t<\/div>\n\t\t<\/div>\n\t\t\t\t<div class=\"elementor-column elementor-col-66 elementor-inner-column elementor-element elementor-element-159f88e\" data-id=\"159f88e\" data-element_type=\"column\" data-e-type=\"column\">\n\t\t\t<div class=\"elementor-widget-wrap elementor-element-populated\">\n\t\t\t\t\t\t<div class=\"elementor-element elementor-element-04b6d72 elementor-widget elementor-widget-text-editor\" data-id=\"04b6d72\" data-element_type=\"widget\" data-e-type=\"widget\" id=\"terms1\" data-widget_type=\"text-editor.default\">\n\t\t\t\t<div class=\"elementor-widget-container\">\n\t\t\t\t\t\t\t\t\t<h4>Termini e condizioni<\/h4>\n<h6>Benvenuti a Bethemestore!<\/h6>\nQuesti termini e condizioni delineano le regole e i regolamenti per l'uso di <b>Bethemestore<\/b>sito web, che si trova all'indirizzo Australia.\n\nAccedendo a questo sito web si presume che si accettino questi termini e condizioni. Non continuare a utilizzare BeShop se non si accetta di prendere tutti i termini e le condizioni indicate in questa pagina.\n\nLa seguente terminologia si applica a questi termini e condizioni, dichiarazione sulla privacy e avviso di esclusione della responsabilit\u00e0 e tutti gli accordi: \"Cliente\", \"Tu\" e \"Tuo\" si riferisce a te, la persona che accede a questo sito web e conforme ai termini e alle condizioni della Societ\u00e0. \"La Societ\u00e0\", \"Noi\", \"Noi\", \"Nostro\" e \"Noi\", si riferisce alla nostra Societ\u00e0. \"Parte\", \"Parti\", o \"Noi\", si riferisce sia al Cliente che a noi stessi. Tutti i termini si riferiscono all'offerta, all'accettazione e alla considerazione del pagamento necessario per intraprendere il processo della nostra assistenza al Cliente nel modo pi\u00f9 appropriato al fine esplicito di soddisfare le esigenze del Cliente in relazione alla fornitura dei servizi dichiarati dalla Societ\u00e0, in conformit\u00e0 e soggetto alla legge prevalente dei Paesi Bassi. Qualsiasi uso della terminologia di cui sopra o altre parole al singolare, plurale, la capitalizzazione e \/ o lui \/ lei o loro, sono presi come intercambiabili e quindi come riferiti allo stesso.\t\t\t\t\t\t\t\t<\/div>\n\t\t\t\t<\/div>\n\t\t\t\t<div class=\"elementor-element elementor-element-a9cc29e elementor-widget elementor-widget-text-editor\" data-id=\"a9cc29e\" data-element_type=\"widget\" data-e-type=\"widget\" id=\"terms2\" data-widget_type=\"text-editor.default\">\n\t\t\t\t<div class=\"elementor-widget-container\">\n\t\t\t\t\t\t\t\t\t<h4>Cookie<\/h4>\nImpieghiamo l'uso di cookies. Accedendo <b>Bethemestore<\/b>, hai accettato di utilizzare i cookie in accordo con il <b>Bethemestore<\/b>della politica sulla privacy.\n\nLa maggior parte dei siti web interattivi utilizza i cookie per permetterci di recuperare i dettagli dell'utente per ogni visita. I cookie sono utilizzati dal nostro sito web per consentire la funzionalit\u00e0 di alcune aree per rendere pi\u00f9 facile per le persone che visitano il nostro sito web. Anche alcuni dei nostri partner affiliati\/pubblicitari possono utilizzare i cookie.\t\t\t\t\t\t\t\t<\/div>\n\t\t\t\t<\/div>\n\t\t\t\t<div class=\"elementor-element elementor-element-95db78e elementor-widget elementor-widget-text-editor\" data-id=\"95db78e\" data-element_type=\"widget\" data-e-type=\"widget\" id=\"terms3\" data-widget_type=\"text-editor.default\">\n\t\t\t\t<div class=\"elementor-widget-container\">\n\t\t\t\t\t\t\t\t\t<h4>Licenza<\/h4>\n<p>Se non diversamente specificato, Bethemestore e\/o i suoi licenziatari possiedono i diritti di propriet\u00e0 intellettuale per tutto il materiale su BethemeStore. Tutti i diritti di propriet\u00e0 intellettuale sono riservati. \u00c8 possibile accedere a questo da Bethemestore per uso personale soggetto alle restrizioni stabilite in questi termini e condizioni.<\/p>\n<b>Non si deve:<\/b>\n<ul>\n\t<li>Ripubblicare materiale da BethemeStore<\/li>\n\t<li>Vendere, affittare o sub-licenziare materiale da BethemeStore<\/li>\n\t<li>Riprodurre, duplicare o copiare materiale da BethemeStore<\/li>\n\t<li>Ridistribuire il contenuto di BethemeStore<\/li>\n<\/ul>\n<p>Il presente accordo decorre dalla data del presente documento. I nostri Termini e Condizioni sono stati creati con l'aiuto del Generatore di Termini e Condizioni.<\/p>\n<p>Parti di questo sito web offrono l'opportunit\u00e0 agli utenti di pubblicare e scambiare opinioni e informazioni in alcune aree del sito. Bethemestore non filtra, modifica, pubblica o rivede i Commenti prima della loro presenza sul sito. I commenti non riflettono i punti di vista e le opinioni di BethemeStore, dei suoi agenti e\/o affiliati. I commenti riflettono i punti di vista e le opinioni della persona che li pubblica. Nella misura consentita dalle leggi vigenti, Bethemestore non \u00e8 responsabile per i Commenti o per qualsiasi responsabilit\u00e0, danno o spesa causata e\/o subita come risultato di qualsiasi uso e\/o pubblicazione e\/o apparizione dei Commenti su questo sito.<\/p>\n<p>Bethemestore si riserva il diritto di monitorare tutti i commenti e di rimuovere qualsiasi commento che possa essere considerato inappropriato, offensivo o che causi una violazione dei presenti Termini e Condizioni.<\/p>\n<b>Lei garantisce e dichiara che:<\/b>\n<ul>\n\t<li>Lei \u00e8 autorizzato a pubblicare i Commenti sul nostro sito web e ha tutte le licenze e i consensi necessari per farlo;<\/li>\n\t<li>I Commenti non invadono alcun diritto di propriet\u00e0 intellettuale, compresi, senza limitazione, i diritti d'autore, i brevetti o i marchi di terze parti;<\/li>\n\t<li>I Commenti non contengono materiale diffamatorio, calunnioso, offensivo, indecente o altrimenti illegale che sia un'invasione della privacy;<\/li>\n\t<li>I Commenti non saranno utilizzati per sollecitare o promuovere affari o costumi o presentare attivit\u00e0 commerciali o attivit\u00e0 illegali;<\/li>\n<\/ul>\n<p>L'utente concede a Bethemestore una licenza non esclusiva per utilizzare, riprodurre, modificare e autorizzare altri a utilizzare, riprodurre e modificare qualsiasi commento dell'utente in qualsiasi forma, formato o media.<\/p>\t\t\t\t\t\t\t\t<\/div>\n\t\t\t\t<\/div>\n\t\t\t\t<div class=\"elementor-element elementor-element-673ad03 elementor-widget elementor-widget-text-editor\" data-id=\"673ad03\" data-element_type=\"widget\" data-e-type=\"widget\" id=\"terms4\" data-widget_type=\"text-editor.default\">\n\t\t\t\t<div class=\"elementor-widget-container\">\n\t\t\t\t\t\t\t\t\t<h4>Collegamento ipertestuale al nostro contenuto<\/h4>\n<p>Le seguenti organizzazioni possono collegarsi al nostro sito web senza previa approvazione scritta:\n<\/p>\n    <ul>\n\t<li>Agenzie governative;<\/li>\n\t<li>Motori di ricerca;<\/li>\n\t<li>Organizzazioni di notizie;<\/li>\n\t<li>I distributori di elenchi online possono collegarsi al nostro sito web nello stesso modo in cui si collegano ai siti web di altre aziende elencate;<\/li>\n\t<li>Le imprese accreditate in tutto il sistema, eccetto le organizzazioni senza scopo di lucro, i centri commerciali di beneficenza e i gruppi di raccolta fondi di beneficenza che non possono creare collegamenti ipertestuali al nostro sito web.<\/li>\n<\/ul>\n<p>Queste organizzazioni possono collegarsi alla nostra home page, a pubblicazioni o ad altre informazioni del sito web a condizione che il collegamento: (a) non sia in alcun modo ingannevole; (b) non implichi falsamente la sponsorizzazione, l'avallo o l'approvazione della parte che effettua il link e dei suoi prodotti e\/o servizi; e (c) si adatti al contesto del sito della parte che effettua il link.<\/p>\n<p>Possiamo considerare e approvare altre richieste di link dai seguenti tipi di organizzazioni:<\/p>\n<ul>\n\t<li>fonti d'informazione per consumatori e\/o imprese comunemente conosciute;<\/li>\n\t<li>siti di comunit\u00e0 dot.com;<\/li>\n\t<li>associazioni o altri gruppi che rappresentano enti di beneficenza;<\/li>\n\t<li>distributori di elenchi online;<\/li>\n\t<li>portali internet;<\/li>\n\t<li>societ\u00e0 di contabilit\u00e0, legge e consulenza;<\/li>\n\t<li>istituzioni educative e associazioni di categoria.<\/li>\n<\/ul>\n<p>Approveremo le richieste di link da queste organizzazioni se decidiamo che: (a) il link non ci farebbe apparire sfavorevolmente a noi stessi o alle nostre aziende accreditate; (b) l'organizzazione non ha precedenti negativi con noi; (c) il beneficio per noi dalla visibilit\u00e0 del collegamento ipertestuale compensa l'assenza di Bethemestore; e (d) il link \u00e8 nel contesto di informazioni generali sulle risorse.<\/p>\n<p>Queste organizzazioni possono collegarsi alla nostra home page a condizione che il collegamento: (a) non sia in alcun modo ingannevole; (b) non implichi falsamente la sponsorizzazione, l'avallo o l'approvazione della parte che effettua il link e dei suoi prodotti o servizi; e (c) si adatti al contesto del sito della parte che effettua il link.<\/p>\n<p>Se siete una delle organizzazioni elencate nel paragrafo 2 di cui sopra e siete interessati a collegarvi al nostro sito web, dovete informarci inviando una e-mail a Bethemestore . Si prega di includere il vostro nome, il nome della vostra organizzazione, le informazioni di contatto cos\u00ec come l'URL del vostro sito, una lista di qualsiasi URL da cui intendete collegarvi al nostro sito, e una lista degli URL del nostro sito a cui vorreste collegarvi. Attendere 2-3 settimane per una risposta.<\/p>\n<p>Le organizzazioni approvate possono creare collegamenti ipertestuali al nostro sito web come segue:<\/p>\n<ul>\n\t<li> Con l'uso della nostra ragione sociale; o<\/li>\n\t<li>Tramite l'uso del localizzatore di risorse uniformi a cui \u00e8 collegato; o<\/li>\n\t<li> Tramite l'uso di qualsiasi altra descrizione del nostro sito web a cui si \u00e8 collegati che abbia senso nel contesto e nel formato del contenuto del sito della parte che si collega.<\/li>\n<\/ul>\n<p>Nessun uso del logo di Bethemestore o di altre opere d'arte sar\u00e0 permesso per il collegamento senza un accordo di licenza del marchio.<\/p>\t\t\t\t\t\t\t\t<\/div>\n\t\t\t\t<\/div>\n\t\t\t\t<div class=\"elementor-element elementor-element-ad3d099 elementor-widget elementor-widget-text-editor\" data-id=\"ad3d099\" data-element_type=\"widget\" data-e-type=\"widget\" id=\"terms5\" data-widget_type=\"text-editor.default\">\n\t\t\t\t<div class=\"elementor-widget-container\">\n\t\t\t\t\t\t\t\t\t<h4>iFrames<\/h4>\nSenza previa approvazione e autorizzazione scritta, l'utente non pu\u00f2 creare cornici intorno alle nostre pagine web che alterino in qualsiasi modo la presentazione visiva o l'aspetto del nostro sito web.\t\t\t\t\t\t\t\t<\/div>\n\t\t\t\t<\/div>\n\t\t\t\t<div class=\"elementor-element elementor-element-bd2b8ad elementor-widget elementor-widget-text-editor\" data-id=\"bd2b8ad\" data-element_type=\"widget\" data-e-type=\"widget\" id=\"terms6\" data-widget_type=\"text-editor.default\">\n\t\t\t\t<div class=\"elementor-widget-container\">\n\t\t\t\t\t\t\t\t\t<h4>Responsabilit\u00e0 del contenuto<\/h4>\nNon saremo ritenuti responsabili per qualsiasi contenuto che appare sul suo sito web. Lei accetta di proteggerci e difenderci da tutti i reclami che stanno sorgendo sul Suo sito web. Nessun link dovrebbe apparire su alcun sito web che possa essere interpretato come diffamatorio, osceno o criminale, o che infranga, violi in altro modo, o sostenga la violazione o altra violazione di qualsiasi diritto di terzi.\t\t\t\t\t\t\t\t<\/div>\n\t\t\t\t<\/div>\n\t\t\t\t<div class=\"elementor-element elementor-element-82bb338 elementor-widget elementor-widget-text-editor\" data-id=\"82bb338\" data-element_type=\"widget\" data-e-type=\"widget\" id=\"terms7\" data-widget_type=\"text-editor.default\">\n\t\t\t\t<div class=\"elementor-widget-container\">\n\t\t\t\t\t\t\t\t\t<h4>La tua privacy<\/h4>\n<a href=\"https:\/\/www.ramedigitalstore.com\/ita\/privacy-policy\/\">Si prega di leggere l'informativa sulla privacy<\/a>\t\t\t\t\t\t\t\t<\/div>\n\t\t\t\t<\/div>\n\t\t\t\t<div class=\"elementor-element elementor-element-460197e elementor-widget elementor-widget-text-editor\" data-id=\"460197e\" data-element_type=\"widget\" data-e-type=\"widget\" id=\"terms8\" data-widget_type=\"text-editor.default\">\n\t\t\t\t<div class=\"elementor-widget-container\">\n\t\t\t\t\t\t\t\t\t<h4>Riserva di diritti<\/h4>\nCi riserviamo il diritto di richiedere la rimozione di tutti i link o di qualsiasi link particolare al nostro sito web. L'utente si impegna a rimuovere immediatamente tutti i link al nostro sito web su richiesta. Ci riserviamo anche il diritto di modificare questi termini e condizioni e la sua politica di collegamento in qualsiasi momento. Collegandosi continuamente al nostro sito web, l'utente accetta di essere vincolato e di seguire questi termini e condizioni di collegamento.\nRimozione di link dal nostro sito web\n\nSe trovate qualche link sul nostro sito web che \u00e8 offensivo per qualsiasi motivo, siete liberi di contattarci e informarci in qualsiasi momento. Prenderemo in considerazione le richieste di rimozione dei link, ma non siamo obbligati a farlo o a rispondere direttamente a voi.\n\nNon assicuriamo che le informazioni su questo sito web siano corrette, non garantiamo la loro completezza o accuratezza; n\u00e9 promettiamo di assicurare che il sito web rimanga disponibile o che il materiale sul sito web sia tenuto aggiornato.\t\t\t\t\t\t\t\t<\/div>\n\t\t\t\t<\/div>\n\t\t\t\t<div class=\"elementor-element elementor-element-bda9337 elementor-widget elementor-widget-text-editor\" data-id=\"bda9337\" data-element_type=\"widget\" data-e-type=\"widget\" id=\"terms9\" data-widget_type=\"text-editor.default\">\n\t\t\t\t<div class=\"elementor-widget-container\">\n\t\t\t\t\t\t\t\t\t<h4>Disclaimer<\/h4>\nNella misura massima consentita dalla legge applicabile, escludiamo tutte le dichiarazioni, garanzie e condizioni relative al nostro sito web e l'uso di questo sito web. Niente in questo disclaimer:\n<ul>\n \t<li>limitare o escludere la nostra o la vostra responsabilit\u00e0 per morte o lesioni personali;<\/li>\n \t<li>limitare o escludere la nostra o la vostra responsabilit\u00e0 per frode o dichiarazione fraudolenta;<\/li>\n \t<li>limitare qualsiasi nostra o vostra responsabilit\u00e0 in qualsiasi modo che non sia consentito dalla legge applicabile; o<\/li>\n \t<li>escludere qualsiasi nostra o vostra responsabilit\u00e0 che non pu\u00f2 essere esclusa in base alla legge applicabile.<\/li>\n<\/ul>\nLe limitazioni e i divieti di responsabilit\u00e0 stabiliti in questa sezione e altrove nella presente clausola di esclusione della responsabilit\u00e0: (a) sono soggetti al paragrafo precedente; e (b) regolano tutte le responsabilit\u00e0 derivanti dalla clausola di esclusione della responsabilit\u00e0, comprese le responsabilit\u00e0 derivanti dal contratto, in torto e per violazione del dovere legale.\n\n<p>Finch\u00e9 il sito web e le informazioni e i servizi sul sito web sono forniti gratuitamente, non saremo responsabili per qualsiasi perdita o danno di qualsiasi natura.<\/p>\t\t\t\t\t\t\t\t<\/div>\n\t\t\t\t<\/div>\n\t\t\t\t\t<\/div>\n\t\t<\/div>\n\t\t\t\t\t<\/div>\n\t\t<\/section>\n\t\t\t\t\t<\/div>\n\t\t<\/div>\n\t\t\t\t\t<\/div>\n\t\t<\/section>\n\t\t\t\t<\/div>","protected":false},"excerpt":{"rendered":"<p>Content Terms and Conditions Cookies License Hyperlinking to our Content iFrames Content Liability Your Privacy Reservation of Rights Disclaimer Terms and Conditions Welcome to Bethemestore! These terms and conditions outline the rules and regulations for the use of Bethemestore&#8216;s Website, located at Australia. By accessing this website we assume you accept these terms and conditions. [&hellip;]<\/p>\n","protected":false},"author":1,"featured_media":0,"parent":0,"menu_order":0,"comment_status":"closed","ping_status":"closed","template":"","meta":{"footnotes":""},"class_list":["post-377","page","type-page","status-publish","hentry"],"yoast_head":"<!-- This site is optimized with the Yoast SEO Premium plugin v21.9 (Yoast SEO v27.5) - https:\/\/yoast.com\/product\/yoast-seo-premium-wordpress\/ -->\n<title>Terms of use - Rame Digital<\/title>\n<meta name=\"robots\" content=\"index, follow, max-snippet:-1, max-image-preview:large, max-video-preview:-1\" \/>\n<link rel=\"canonical\" href=\"https:\/\/www.ramedigitalstore.com\/ita\/conditions-dutilisation\/\" \/>\n<meta property=\"og:locale\" content=\"it_IT\" \/>\n<meta property=\"og:type\" content=\"article\" \/>\n<meta property=\"og:title\" content=\"Terms of use\" \/>\n<meta property=\"og:description\" content=\"Content Terms and Conditions Cookies License Hyperlinking to our Content iFrames Content Liability Your Privacy Reservation of Rights Disclaimer Terms and Conditions Welcome to Bethemestore! These terms and conditions outline the rules and regulations for the use of Bethemestore&#8216;s Website, located at Australia. By accessing this website we assume you accept these terms and conditions. [&hellip;]\" \/>\n<meta property=\"og:url\" content=\"https:\/\/www.ramedigitalstore.com\/ita\/conditions-dutilisation\/\" \/>\n<meta property=\"og:site_name\" content=\"Rame Digital\" \/>\n<meta property=\"article:publisher\" content=\"https:\/\/www.facebook.com\/RameDigitalOfficial\" \/>\n<meta name=\"twitter:card\" content=\"summary_large_image\" \/>\n<meta name=\"twitter:label1\" content=\"Tempo di lettura stimato\" \/>\n\t<meta name=\"twitter:data1\" content=\"8 minuti\" \/>\n<script type=\"application\/ld+json\" class=\"yoast-schema-graph\">{\"@context\":\"https:\\\/\\\/schema.org\",\"@graph\":[{\"@type\":\"WebPage\",\"@id\":\"https:\\\/\\\/www.ramedigitalstore.com\\\/fr\\\/conditions-dutilisation\\\/\",\"url\":\"https:\\\/\\\/www.ramedigitalstore.com\\\/fr\\\/conditions-dutilisation\\\/\",\"name\":\"Terms of use - Rame Digital\",\"isPartOf\":{\"@id\":\"https:\\\/\\\/www.ramedigitalstore.com\\\/#website\"},\"datePublished\":\"2021-09-10T18:31:24+00:00\",\"breadcrumb\":{\"@id\":\"https:\\\/\\\/www.ramedigitalstore.com\\\/fr\\\/conditions-dutilisation\\\/#breadcrumb\"},\"inLanguage\":\"it-IT\",\"potentialAction\":[{\"@type\":\"ReadAction\",\"target\":[\"https:\\\/\\\/www.ramedigitalstore.com\\\/fr\\\/conditions-dutilisation\\\/\"]}]},{\"@type\":\"BreadcrumbList\",\"@id\":\"https:\\\/\\\/www.ramedigitalstore.com\\\/fr\\\/conditions-dutilisation\\\/#breadcrumb\",\"itemListElement\":[{\"@type\":\"ListItem\",\"position\":1,\"name\":\"Home\",\"item\":\"https:\\\/\\\/www.ramedigitalstore.com\\\/\"},{\"@type\":\"ListItem\",\"position\":2,\"name\":\"Terms of use\"}]},{\"@type\":\"WebSite\",\"@id\":\"https:\\\/\\\/www.ramedigitalstore.com\\\/#website\",\"url\":\"https:\\\/\\\/www.ramedigitalstore.com\\\/\",\"name\":\"Rame Digital\",\"description\":\"Digital store par excellence\",\"publisher\":{\"@id\":\"https:\\\/\\\/www.ramedigitalstore.com\\\/#organization\"},\"potentialAction\":[{\"@type\":\"SearchAction\",\"target\":{\"@type\":\"EntryPoint\",\"urlTemplate\":\"https:\\\/\\\/www.ramedigitalstore.com\\\/?s={search_term_string}\"},\"query-input\":{\"@type\":\"PropertyValueSpecification\",\"valueRequired\":true,\"valueName\":\"search_term_string\"}}],\"inLanguage\":\"it-IT\"},{\"@type\":\"Organization\",\"@id\":\"https:\\\/\\\/www.ramedigitalstore.com\\\/#organization\",\"name\":\"Rame Digital\",\"url\":\"https:\\\/\\\/www.ramedigitalstore.com\\\/\",\"logo\":{\"@type\":\"ImageObject\",\"inLanguage\":\"it-IT\",\"@id\":\"https:\\\/\\\/www.ramedigitalstore.com\\\/#\\\/schema\\\/logo\\\/image\\\/\",\"url\":\"https:\\\/\\\/www.ramedigitalstore.com\\\/wp-content\\\/uploads\\\/2021\\\/04\\\/Logo-new-quadrato-1-e1619205976915.png\",\"contentUrl\":\"https:\\\/\\\/www.ramedigitalstore.com\\\/wp-content\\\/uploads\\\/2021\\\/04\\\/Logo-new-quadrato-1-e1619205976915.png\",\"width\":256,\"height\":256,\"caption\":\"Rame Digital\"},\"image\":{\"@id\":\"https:\\\/\\\/www.ramedigitalstore.com\\\/#\\\/schema\\\/logo\\\/image\\\/\"},\"sameAs\":[\"https:\\\/\\\/www.facebook.com\\\/RameDigitalOfficial\",\"https:\\\/\\\/www.instagram.com\\\/rame_digital_official\\\/\"]}]}<\/script>\n<!-- \/ Yoast SEO Premium plugin. -->","yoast_head_json":{"title":"Condizioni d'uso - Rame Digital","robots":{"index":"index","follow":"follow","max-snippet":"max-snippet:-1","max-image-preview":"max-image-preview:large","max-video-preview":"max-video-preview:-1"},"canonical":"https:\/\/www.ramedigitalstore.com\/ita\/conditions-dutilisation\/","og_locale":"it_IT","og_type":"article","og_title":"Terms of use","og_description":"Content Terms and Conditions Cookies License Hyperlinking to our Content iFrames Content Liability Your Privacy Reservation of Rights Disclaimer Terms and Conditions Welcome to Bethemestore! These terms and conditions outline the rules and regulations for the use of Bethemestore&#8216;s Website, located at Australia. By accessing this website we assume you accept these terms and conditions. [&hellip;]","og_url":"https:\/\/www.ramedigitalstore.com\/ita\/conditions-dutilisation\/","og_site_name":"Rame Digital","article_publisher":"https:\/\/www.facebook.com\/RameDigitalOfficial","twitter_card":"summary_large_image","twitter_misc":{"Tempo di lettura stimato":"8 minuti"},"schema":{"@context":"https:\/\/schema.org","@graph":[{"@type":"WebPage","@id":"https:\/\/www.ramedigitalstore.com\/fr\/conditions-dutilisation\/","url":"https:\/\/www.ramedigitalstore.com\/fr\/conditions-dutilisation\/","name":"Condizioni d'uso - Rame Digital","isPartOf":{"@id":"https:\/\/www.ramedigitalstore.com\/#website"},"datePublished":"2021-09-10T18:31:24+00:00","breadcrumb":{"@id":"https:\/\/www.ramedigitalstore.com\/fr\/conditions-dutilisation\/#breadcrumb"},"inLanguage":"it-IT","potentialAction":[{"@type":"ReadAction","target":["https:\/\/www.ramedigitalstore.com\/fr\/conditions-dutilisation\/"]}]},{"@type":"BreadcrumbList","@id":"https:\/\/www.ramedigitalstore.com\/fr\/conditions-dutilisation\/#breadcrumb","itemListElement":[{"@type":"ListItem","position":1,"name":"Home","item":"https:\/\/www.ramedigitalstore.com\/"},{"@type":"ListItem","position":2,"name":"Terms of use"}]},{"@type":"WebSite","@id":"https:\/\/www.ramedigitalstore.com\/#website","url":"https:\/\/www.ramedigitalstore.com\/","name":"Rame Digital","description":"Negozio digitale per eccellenza","publisher":{"@id":"https:\/\/www.ramedigitalstore.com\/#organization"},"potentialAction":[{"@type":"SearchAction","target":{"@type":"EntryPoint","urlTemplate":"https:\/\/www.ramedigitalstore.com\/?s={search_term_string}"},"query-input":{"@type":"PropertyValueSpecification","valueRequired":true,"valueName":"search_term_string"}}],"inLanguage":"it-IT"},{"@type":"Organization","@id":"https:\/\/www.ramedigitalstore.com\/#organization","name":"Rame Digital","url":"https:\/\/www.ramedigitalstore.com\/","logo":{"@type":"ImageObject","inLanguage":"it-IT","@id":"https:\/\/www.ramedigitalstore.com\/#\/schema\/logo\/image\/","url":"https:\/\/www.ramedigitalstore.com\/wp-content\/uploads\/2021\/04\/Logo-new-quadrato-1-e1619205976915.png","contentUrl":"https:\/\/www.ramedigitalstore.com\/wp-content\/uploads\/2021\/04\/Logo-new-quadrato-1-e1619205976915.png","width":256,"height":256,"caption":"Rame Digital"},"image":{"@id":"https:\/\/www.ramedigitalstore.com\/#\/schema\/logo\/image\/"},"sameAs":["https:\/\/www.facebook.com\/RameDigitalOfficial","https:\/\/www.instagram.com\/rame_digital_official\/"]}]}},"jetpack_sharing_enabled":true,"_links":{"self":[{"href":"https:\/\/www.ramedigitalstore.com\/ita\/wp-json\/wp\/v2\/pages\/377","targetHints":{"allow":["GET"]}}],"collection":[{"href":"https:\/\/www.ramedigitalstore.com\/ita\/wp-json\/wp\/v2\/pages"}],"about":[{"href":"https:\/\/www.ramedigitalstore.com\/ita\/wp-json\/wp\/v2\/types\/page"}],"author":[{"embeddable":true,"href":"https:\/\/www.ramedigitalstore.com\/ita\/wp-json\/wp\/v2\/users\/1"}],"replies":[{"embeddable":true,"href":"https:\/\/www.ramedigitalstore.com\/ita\/wp-json\/wp\/v2\/comments?post=377"}],"version-history":[{"count":0,"href":"https:\/\/www.ramedigitalstore.com\/ita\/wp-json\/wp\/v2\/pages\/377\/revisions"}],"wp:attachment":[{"href":"https:\/\/www.ramedigitalstore.com\/ita\/wp-json\/wp\/v2\/media?parent=377"}],"curies":[{"name":"wp","href":"https:\/\/api.w.org\/{rel}","templated":true}]}}