{"id":1253,"date":"2021-04-21T12:28:57","date_gmt":"2021-04-21T12:28:57","guid":{"rendered":"https:\/\/www.ramedigitalstore.com\/?post_type=product&#038;p=1253"},"modified":"2024-09-13T11:29:11","modified_gmt":"2024-09-13T11:29:11","slug":"xbox-game-pass-ultimate-3-months-key","status":"publish","type":"product","link":"https:\/\/www.ramedigitalstore.com\/ita\/prodotto\/xbox-game-pass-ultimate-3-mesi-key\/","title":{"rendered":"Xbox Game Pass Ultimate 3 mesi - CHIAVE"},"content":{"rendered":"<h3 style=\"text-align: center;\"><strong><span style=\"color: #8f00ff;\">Estendi il tuo abbonamento oggi stesso!<\/span><\/strong><\/h3>\n<h2 class=\"c-heading-1 f-lean\" style=\"text-align: center;\"><strong>Xbox Game Pass Ultimate 3 mesi KEY<\/strong><\/h2>\n<h3 style=\"text-align: center;\">=<\/h3>\n<h2 style=\"text-align: center;\"><strong>Live Gold + Game Pass + EA Play<\/strong><\/h2>\n<p>&nbsp;<\/p>\n<p style=\"text-align: center;\">\u00a0Include tutti i vantaggi di Xbox Live Gold, oltre 100 giochi di alta qualit\u00e0 gratuiti per console, PC e dispositivi mobili Android dal cloud (Beta), e un'iscrizione a EA Play, tutto per un prezzo mensile ridotto.<\/p>\n<h3 class=\"m-banner zpt jumpgcontainer\" style=\"text-align: center;\" data-grid=\"col-12\" data-bi-id=\"c1m2r6a3\" data-bi-name=\"c1m2r6a3\">CON Xbox Game Pass Ultimate<\/h3>\n<div class=\"banner-background\" data-bi-id=\"c2m2r6a3\" data-bi-name=\"c2m2r6a3\">\n<div class=\"m-banner zpt\" data-grid=\"col-12\" data-bi-id=\"c1c2m2r6a3\" data-bi-name=\"c1c2m2r6a3\">\n<p class=\"c-paragraph-2 x-hidden-focus\" style=\"text-align: center;\">Sii tra i primi a giocare gli ultimi titoli di Xbox Game Studios e ID@Xbox, disponibili per i membri di Xbox Game Pass lo stesso giorno della loro uscita globale.<\/p>\n<\/div>\n<\/div>\n<h3 class=\"c-heading-1 f-lean\" style=\"text-align: center;\">Xbox Game Pass Ultimate e EA Play<\/h3>\n<p style=\"text-align: center;\">Goditi i migliori titoli EA e i vantaggi del gioco con EA Play. I membri possono giocare su console ora. In arrivo nel 2021, Xbox Game Pass per PC e i membri riceveranno EA Play su Windows 10 senza costi aggiuntivi.<\/p>\n<h3 class=\"c-heading-2 f-lean\" style=\"text-align: center;\">Gioca sui dispositivi che possiedi<\/h3>\n<p class=\"c-paragraph-2 x-hidden-focus\" style=\"text-align: center;\">Scarica e gioca ai giochi direttamente sulla tua console Xbox o PC Windows 10, o gioca ai giochi sul tuo cellulare Android o tablet dal cloud (Beta) con l'app Game Pass mobile per\u00f2 .<\/p>\n<p>&nbsp;<\/p>\n<h3 style=\"text-align: center;\">Compra Xbox Game Pass Ultimate - economico e sicuro con Rame Digital<\/h3>\n<p style=\"text-align: center;\">Se avete deciso di comprare Game Pass Ultimate, potete acquistare l'abbonamento completo su <a href=\"https:\/\/www.ramecorporation.com\/\">Rame Digital<\/a> a condizioni favorevoli. Gli acquirenti beneficiano qui della qualit\u00e0 del servizio testato e godono di un processo di acquisto estremamente semplice e senza complicazioni. L'abbonamento desiderato non viene spedito al cliente in modo ingombrante come un CD \/ DVD, di conseguenza, ma solo come una CHIAVE per posta. Cos\u00ec, il cliente riceve la sua merce immediatamente dopo l'acquisto e il ricevimento del denaro. Per saperne di pi\u00f9, si prega di leggere: <a href=\"https:\/\/www.ramecorporation.com\/terms-and-condictions\/\">termini e condizioni<\/a> e <a href=\"https:\/\/www.ramecorporation.com\/privacy-policy\/\">privacy <\/a>o <a href=\"https:\/\/www.ramecorporation.com\/faqs\/\">FAQs <\/a><\/p>\n<p style=\"text-align: center;\">Con Rame Digital, tuttavia l'assistenza \u00e8 sempre gratuita.<\/p>\n<h3 class=\"text-center\" style=\"text-align: center;\">Qualunque sia il dispositivo che usi, con Xbox game pass ultimate.<\/h3>\n<ul class=\"list list-withIcons\" style=\"text-align: center;\">\n<li><img decoding=\"async\" src=\"https:\/\/static3.avast.com\/20001227\/web\/i\/v2\/components\/win.svg\" alt=\"\" \/>Windows 10<\/li>\n<li>libero tutti i Xbox<\/li>\n<\/ul>\n<h2 class=\"text-center\" style=\"text-align: center;\"><\/h2>\n<h3 class=\"text-center\" style=\"text-align: center;\"><strong>Consegna veloce, massimo 6H per e-mail.<\/strong><\/h3>\n<h4 style=\"text-align: center;\">Non si effettuano rimborsi a chi non legge la descrizione.<\/h4>\n<p style=\"text-align: center;\"><strong>Verr\u00e0 fornita pi\u00f9 di una chiave. La procedura di attivazione sar\u00e0 fornita via e-mail.<\/strong><\/p>\n<p style=\"text-align: center;\">Unisciti a <a href=\"https:\/\/www.facebook.com\/RameDigitalOfficial\/\">Facebook<\/a><\/p>","protected":false},"excerpt":{"rendered":"<h5 style=\"text-align: center;\"><span style=\"color: #ff0000;\"><em>Non perdere questa offerta! Non rimarr\u00e0 per sempre!<\/em><\/span><\/h5>\n<div class=\"hd-listinghead\" style=\"font-size: 19pt; font-family: Arial; text-align: center;\">\n<div class=\"hd-listinghead\" style=\"font-size: 19pt; font-family: Arial; text-align: center;\">\n<h3 style=\"text-align: center;\"><strong><span style=\"color: #8f00ff;\">Attivare<\/span><\/strong><strong><span style=\"color: #8f00ff;\"> il tuo abbonamento oggi!<\/span><\/strong><\/h3>\n<\/div>\n<div class=\"hd-listinghead\" style=\"font-size: 15pt; font-family: Arial; text-align: center;\">\n<p style=\"text-align: center;\"><strong>\u2713<\/strong>\u00a0<strong>CHIAVE<\/strong>!<br \/>\n<strong>\u2713<\/strong>\u00a0Veloce e sicuro.<br \/>\n<strong>\u2713<\/strong>\u00a0Assistenza clienti 7\/7.<br \/>\n<strong>\u2713<\/strong>\u00a0Consegna entro 6 ore su e-mail<br \/>\n<strong>\u2713<\/strong> PU\u00d2 ATTIVARE IN: ITALIA E IN TUTTO IL MONDO<\/p>\n<\/div>\n<p><img fetchpriority=\"high\" decoding=\"async\" class=\"alignnone wp-image-2400 size-large\" src=\"https:\/\/www.ramedigitalstore.com\/wp-content\/uploads\/2022\/03\/trustpilot-stars-1024x140.png\" alt=\"\" width=\"800\" height=\"109\" srcset=\"https:\/\/www.ramedigitalstore.com\/wp-content\/uploads\/2022\/03\/trustpilot-stars-1024x140.png 1024w, https:\/\/www.ramedigitalstore.com\/wp-content\/uploads\/2022\/03\/trustpilot-stars-500x68.png 500w, https:\/\/www.ramedigitalstore.com\/wp-content\/uploads\/2022\/03\/trustpilot-stars-700x96.png 700w, https:\/\/www.ramedigitalstore.com\/wp-content\/uploads\/2022\/03\/trustpilot-stars-300x41.png 300w, https:\/\/www.ramedigitalstore.com\/wp-content\/uploads\/2022\/03\/trustpilot-stars-768x105.png 768w, https:\/\/www.ramedigitalstore.com\/wp-content\/uploads\/2022\/03\/trustpilot-stars-1536x210.png 1536w, https:\/\/www.ramedigitalstore.com\/wp-content\/uploads\/2022\/03\/trustpilot-stars-260x35.png 260w, https:\/\/www.ramedigitalstore.com\/wp-content\/uploads\/2022\/03\/trustpilot-stars-50x7.png 50w, https:\/\/www.ramedigitalstore.com\/wp-content\/uploads\/2022\/03\/trustpilot-stars-150x20.png 150w, https:\/\/www.ramedigitalstore.com\/wp-content\/uploads\/2022\/03\/trustpilot-stars-1320x180.png 1320w, https:\/\/www.ramedigitalstore.com\/wp-content\/uploads\/2022\/03\/trustpilot-stars-800x109.png 800w, https:\/\/www.ramedigitalstore.com\/wp-content\/uploads\/2022\/03\/trustpilot-stars.png 2000w\" sizes=\"(max-width: 800px) 100vw, 800px\" \/><\/p>\n<p><img decoding=\"async\" class=\"alignnone wp-image-2804 size-full\" src=\"https:\/\/www.ramedigitalstore.com\/wp-content\/uploads\/2021\/10\/Payment-accepted.png\" alt=\"\" width=\"1584\" height=\"92\" srcset=\"https:\/\/www.ramedigitalstore.com\/wp-content\/uploads\/2021\/10\/Payment-accepted.png 1584w, https:\/\/www.ramedigitalstore.com\/wp-content\/uploads\/2021\/10\/Payment-accepted-500x29.png 500w, https:\/\/www.ramedigitalstore.com\/wp-content\/uploads\/2021\/10\/Payment-accepted-700x41.png 700w, https:\/\/www.ramedigitalstore.com\/wp-content\/uploads\/2021\/10\/Payment-accepted-300x17.png 300w, https:\/\/www.ramedigitalstore.com\/wp-content\/uploads\/2021\/10\/Payment-accepted-1024x59.png 1024w, https:\/\/www.ramedigitalstore.com\/wp-content\/uploads\/2021\/10\/Payment-accepted-768x45.png 768w, https:\/\/www.ramedigitalstore.com\/wp-content\/uploads\/2021\/10\/Payment-accepted-1536x89.png 1536w, https:\/\/www.ramedigitalstore.com\/wp-content\/uploads\/2021\/10\/Payment-accepted-18x1.png 18w, https:\/\/www.ramedigitalstore.com\/wp-content\/uploads\/2021\/10\/Payment-accepted-260x15.png 260w, https:\/\/www.ramedigitalstore.com\/wp-content\/uploads\/2021\/10\/Payment-accepted-50x3.png 50w, https:\/\/www.ramedigitalstore.com\/wp-content\/uploads\/2021\/10\/Payment-accepted-150x9.png 150w, https:\/\/www.ramedigitalstore.com\/wp-content\/uploads\/2021\/10\/Payment-accepted-1320x77.png 1320w, https:\/\/www.ramedigitalstore.com\/wp-content\/uploads\/2021\/10\/Payment-accepted-800x46.png 800w\" sizes=\"(max-width: 1584px) 100vw, 1584px\" \/><\/p>\n<\/div>\n<p>&nbsp;<\/p>\n<h3 class=\"c-heading-1 f-lean\" style=\"text-align: center;\"><strong class=\"x-hidden-focus\"><a href=\"https:\/\/www.ramedigitalstore.com\/ita\/prodotto\/xbox-game-pass-ultimate-1-year-key\/\"><span style=\"color: #8f00ff;\"><span style=\"vertical-align: inherit;\">1 mese<\/span><\/span><\/a>\u00a0<\/strong>\/ <strong class=\"x-hidden-focus\"><a href=\"https:\/\/www.ramedigitalstore.com\/ita\/prodotto\/xbox-game-pass-ultimate-6-mesi-key\/\"><span style=\"color: #8f00ff;\"><span style=\"vertical-align: inherit;\"><span style=\"vertical-align: inherit;\">6 mesi<\/span><\/span><\/span><\/a>\u00a0<\/strong><span style=\"vertical-align: inherit;\"><span style=\"vertical-align: inherit;\"> \/<\/span><\/span>\u00a0<a href=\"https:\/\/www.ramedigitalstore.com\/ita\/prodotto\/xbox-game-pass-ultimate-1-year-key\/\"><strong><span style=\"color: #8f00ff;\"><span style=\"vertical-align: inherit;\"><span style=\"vertical-align: inherit;\">12 mesi<\/span><\/span><\/span><\/strong><\/a><\/h3>","protected":false},"featured_media":1286,"template":"","meta":[],"product_brand":[],"product_cat":[111,18,19],"product_tag":[20,5,21,22],"class_list":{"0":"post-1253","1":"product","2":"type-product","3":"status-publish","4":"has-post-thumbnail","6":"product_cat-classic-key","7":"product_cat-game","8":"product_cat-xbox-pc","9":"product_tag-account","10":"product_tag-key-global","11":"product_tag-xbox","12":"product_tag-xbox-game-pass-ultimate","14":"first","15":"outofstock","16":"sale","17":"virtual","18":"sold-individually","19":"purchasable","20":"product-type-simple"},"yoast_head":"<!-- This site is optimized with the Yoast SEO Premium plugin v21.9 (Yoast SEO v27.5) - https:\/\/yoast.com\/product\/yoast-seo-premium-wordpress\/ -->\n<title>Xbox Game Pass Ultimate - 3 Months - CD-KEY - Global - Rame Digital<\/title>\n<meta name=\"description\" content=\"Xbox Game Pass Ultimate the best gaming service at almost Free. It has never been so reliable! Almost free. Only on Rame Digital.\" \/>\n<meta name=\"robots\" content=\"index, follow, max-snippet:-1, max-image-preview:large, max-video-preview:-1\" \/>\n<link rel=\"canonical\" href=\"https:\/\/www.ramedigitalstore.com\/ita\/prodotto\/xbox-game-pass-ultimate-3-mesi-key\/\" \/>\n<meta property=\"og:locale\" content=\"it_IT\" \/>\n<meta property=\"og:type\" content=\"article\" \/>\n<meta property=\"og:title\" content=\"Xbox Game Pass Ultimate 3 Months - KEY\" \/>\n<meta property=\"og:description\" content=\"Xbox Game Pass Ultimate the best gaming service at almost Free. It has never been so reliable! Almost free. Only on Rame Digital.\" \/>\n<meta property=\"og:url\" content=\"https:\/\/www.ramedigitalstore.com\/ita\/prodotto\/xbox-game-pass-ultimate-3-mesi-key\/\" \/>\n<meta property=\"og:site_name\" content=\"Rame Digital\" \/>\n<meta property=\"article:publisher\" content=\"https:\/\/www.facebook.com\/RameDigitalOfficial\" \/>\n<meta property=\"article:modified_time\" content=\"2024-09-13T11:29:11+00:00\" \/>\n<meta property=\"og:image\" content=\"https:\/\/www.ramedigitalstore.com\/wp-content\/uploads\/2021\/04\/3-mesi-quadrato-top-new-off-new-1-1.jpg\" \/>\n\t<meta property=\"og:image:width\" content=\"1600\" \/>\n\t<meta property=\"og:image:height\" content=\"1600\" \/>\n\t<meta property=\"og:image:type\" content=\"image\/jpeg\" \/>\n<meta name=\"twitter:card\" content=\"summary_large_image\" \/>\n<meta name=\"twitter:label1\" content=\"Tempo di lettura stimato\" \/>\n\t<meta name=\"twitter:data1\" content=\"2 minuti\" \/>\n<script type=\"application\/ld+json\" class=\"yoast-schema-graph\">{\"@context\":\"https:\\\/\\\/schema.org\",\"@graph\":[{\"@type\":\"WebPage\",\"@id\":\"https:\\\/\\\/www.ramedigitalstore.com\\\/prodotto\\\/xbox-game-pass-ultimate-3-months-key\\\/\",\"url\":\"https:\\\/\\\/www.ramedigitalstore.com\\\/prodotto\\\/xbox-game-pass-ultimate-3-months-key\\\/\",\"name\":\"Xbox Game Pass Ultimate - 3 Months - CD-KEY - Global - Rame Digital\",\"isPartOf\":{\"@id\":\"https:\\\/\\\/www.ramedigitalstore.com\\\/#website\"},\"primaryImageOfPage\":{\"@id\":\"https:\\\/\\\/www.ramedigitalstore.com\\\/prodotto\\\/xbox-game-pass-ultimate-3-months-key\\\/#primaryimage\"},\"image\":{\"@id\":\"https:\\\/\\\/www.ramedigitalstore.com\\\/prodotto\\\/xbox-game-pass-ultimate-3-months-key\\\/#primaryimage\"},\"thumbnailUrl\":\"https:\\\/\\\/www.ramedigitalstore.com\\\/wp-content\\\/uploads\\\/2021\\\/04\\\/3-mesi-quadrato-top-new-off-new-1-1.jpg\",\"datePublished\":\"2021-04-21T12:28:57+00:00\",\"dateModified\":\"2024-09-13T11:29:11+00:00\",\"description\":\"Xbox Game Pass Ultimate the best gaming service at almost Free. It has never been so reliable! Almost free. Only on Rame Digital.\",\"breadcrumb\":{\"@id\":\"https:\\\/\\\/www.ramedigitalstore.com\\\/prodotto\\\/xbox-game-pass-ultimate-3-months-key\\\/#breadcrumb\"},\"inLanguage\":\"it-IT\",\"potentialAction\":[{\"@type\":\"ReadAction\",\"target\":[\"https:\\\/\\\/www.ramedigitalstore.com\\\/prodotto\\\/xbox-game-pass-ultimate-3-months-key\\\/\"]}]},{\"@type\":\"ImageObject\",\"inLanguage\":\"it-IT\",\"@id\":\"https:\\\/\\\/www.ramedigitalstore.com\\\/prodotto\\\/xbox-game-pass-ultimate-3-months-key\\\/#primaryimage\",\"url\":\"https:\\\/\\\/www.ramedigitalstore.com\\\/wp-content\\\/uploads\\\/2021\\\/04\\\/3-mesi-quadrato-top-new-off-new-1-1.jpg\",\"contentUrl\":\"https:\\\/\\\/www.ramedigitalstore.com\\\/wp-content\\\/uploads\\\/2021\\\/04\\\/3-mesi-quadrato-top-new-off-new-1-1.jpg\",\"width\":1600,\"height\":1600},{\"@type\":\"BreadcrumbList\",\"@id\":\"https:\\\/\\\/www.ramedigitalstore.com\\\/prodotto\\\/xbox-game-pass-ultimate-3-months-key\\\/#breadcrumb\",\"itemListElement\":[{\"@type\":\"ListItem\",\"position\":1,\"name\":\"Home\",\"item\":\"https:\\\/\\\/www.ramedigitalstore.com\\\/\"},{\"@type\":\"ListItem\",\"position\":2,\"name\":\"Shop\",\"item\":\"https:\\\/\\\/www.ramedigitalstore.com\\\/shop\\\/\"},{\"@type\":\"ListItem\",\"position\":3,\"name\":\"Xbox Game Pass Ultimate 3 Months &#8211; KEY\"}]},{\"@type\":\"WebSite\",\"@id\":\"https:\\\/\\\/www.ramedigitalstore.com\\\/#website\",\"url\":\"https:\\\/\\\/www.ramedigitalstore.com\\\/\",\"name\":\"Rame Digital\",\"description\":\"Digital store par excellence\",\"publisher\":{\"@id\":\"https:\\\/\\\/www.ramedigitalstore.com\\\/#organization\"},\"potentialAction\":[{\"@type\":\"SearchAction\",\"target\":{\"@type\":\"EntryPoint\",\"urlTemplate\":\"https:\\\/\\\/www.ramedigitalstore.com\\\/?s={search_term_string}\"},\"query-input\":{\"@type\":\"PropertyValueSpecification\",\"valueRequired\":true,\"valueName\":\"search_term_string\"}}],\"inLanguage\":\"it-IT\"},{\"@type\":\"Organization\",\"@id\":\"https:\\\/\\\/www.ramedigitalstore.com\\\/#organization\",\"name\":\"Rame Digital\",\"url\":\"https:\\\/\\\/www.ramedigitalstore.com\\\/\",\"logo\":{\"@type\":\"ImageObject\",\"inLanguage\":\"it-IT\",\"@id\":\"https:\\\/\\\/www.ramedigitalstore.com\\\/#\\\/schema\\\/logo\\\/image\\\/\",\"url\":\"https:\\\/\\\/www.ramedigitalstore.com\\\/wp-content\\\/uploads\\\/2021\\\/04\\\/Logo-new-quadrato-1-e1619205976915.png\",\"contentUrl\":\"https:\\\/\\\/www.ramedigitalstore.com\\\/wp-content\\\/uploads\\\/2021\\\/04\\\/Logo-new-quadrato-1-e1619205976915.png\",\"width\":256,\"height\":256,\"caption\":\"Rame Digital\"},\"image\":{\"@id\":\"https:\\\/\\\/www.ramedigitalstore.com\\\/#\\\/schema\\\/logo\\\/image\\\/\"},\"sameAs\":[\"https:\\\/\\\/www.facebook.com\\\/RameDigitalOfficial\",\"https:\\\/\\\/www.instagram.com\\\/rame_digital_official\\\/\"]}]}<\/script>\n<!-- \/ Yoast SEO Premium plugin. -->","yoast_head_json":{"title":"Xbox Game Pass Ultimate - 3 mesi - CD-KEY - Globale - Rame Digital","description":"Xbox Game Pass Ultimate il miglior servizio di gioco quasi gratuito. Non \u00e8 mai stato cos\u00ec affidabile! Quasi gratis. Solo su Rame Digital.","robots":{"index":"index","follow":"follow","max-snippet":"max-snippet:-1","max-image-preview":"max-image-preview:large","max-video-preview":"max-video-preview:-1"},"canonical":"https:\/\/www.ramedigitalstore.com\/ita\/prodotto\/xbox-game-pass-ultimate-3-mesi-key\/","og_locale":"it_IT","og_type":"article","og_title":"Xbox Game Pass Ultimate 3 Months - KEY","og_description":"Xbox Game Pass Ultimate the best gaming service at almost Free. It has never been so reliable! Almost free. Only on Rame Digital.","og_url":"https:\/\/www.ramedigitalstore.com\/ita\/prodotto\/xbox-game-pass-ultimate-3-mesi-key\/","og_site_name":"Rame Digital","article_publisher":"https:\/\/www.facebook.com\/RameDigitalOfficial","article_modified_time":"2024-09-13T11:29:11+00:00","og_image":[{"width":1600,"height":1600,"url":"https:\/\/www.ramedigitalstore.com\/wp-content\/uploads\/2021\/04\/3-mesi-quadrato-top-new-off-new-1-1.jpg","type":"image\/jpeg"}],"twitter_card":"summary_large_image","twitter_misc":{"Tempo di lettura stimato":"2 minuti"},"schema":{"@context":"https:\/\/schema.org","@graph":[{"@type":"WebPage","@id":"https:\/\/www.ramedigitalstore.com\/prodotto\/xbox-game-pass-ultimate-3-months-key\/","url":"https:\/\/www.ramedigitalstore.com\/prodotto\/xbox-game-pass-ultimate-3-months-key\/","name":"Xbox Game Pass Ultimate - 3 mesi - CD-KEY - Globale - Rame Digital","isPartOf":{"@id":"https:\/\/www.ramedigitalstore.com\/#website"},"primaryImageOfPage":{"@id":"https:\/\/www.ramedigitalstore.com\/prodotto\/xbox-game-pass-ultimate-3-months-key\/#primaryimage"},"image":{"@id":"https:\/\/www.ramedigitalstore.com\/prodotto\/xbox-game-pass-ultimate-3-months-key\/#primaryimage"},"thumbnailUrl":"https:\/\/www.ramedigitalstore.com\/wp-content\/uploads\/2021\/04\/3-mesi-quadrato-top-new-off-new-1-1.jpg","datePublished":"2021-04-21T12:28:57+00:00","dateModified":"2024-09-13T11:29:11+00:00","description":"Xbox Game Pass Ultimate il miglior servizio di gioco quasi gratuito. Non \u00e8 mai stato cos\u00ec affidabile! Quasi gratis. Solo su Rame Digital.","breadcrumb":{"@id":"https:\/\/www.ramedigitalstore.com\/prodotto\/xbox-game-pass-ultimate-3-months-key\/#breadcrumb"},"inLanguage":"it-IT","potentialAction":[{"@type":"ReadAction","target":["https:\/\/www.ramedigitalstore.com\/prodotto\/xbox-game-pass-ultimate-3-months-key\/"]}]},{"@type":"ImageObject","inLanguage":"it-IT","@id":"https:\/\/www.ramedigitalstore.com\/prodotto\/xbox-game-pass-ultimate-3-months-key\/#primaryimage","url":"https:\/\/www.ramedigitalstore.com\/wp-content\/uploads\/2021\/04\/3-mesi-quadrato-top-new-off-new-1-1.jpg","contentUrl":"https:\/\/www.ramedigitalstore.com\/wp-content\/uploads\/2021\/04\/3-mesi-quadrato-top-new-off-new-1-1.jpg","width":1600,"height":1600},{"@type":"BreadcrumbList","@id":"https:\/\/www.ramedigitalstore.com\/prodotto\/xbox-game-pass-ultimate-3-months-key\/#breadcrumb","itemListElement":[{"@type":"ListItem","position":1,"name":"Home","item":"https:\/\/www.ramedigitalstore.com\/"},{"@type":"ListItem","position":2,"name":"Shop","item":"https:\/\/www.ramedigitalstore.com\/shop\/"},{"@type":"ListItem","position":3,"name":"Xbox Game Pass Ultimate 3 Months &#8211; KEY"}]},{"@type":"WebSite","@id":"https:\/\/www.ramedigitalstore.com\/#website","url":"https:\/\/www.ramedigitalstore.com\/","name":"Rame Digital","description":"Negozio digitale per eccellenza","publisher":{"@id":"https:\/\/www.ramedigitalstore.com\/#organization"},"potentialAction":[{"@type":"SearchAction","target":{"@type":"EntryPoint","urlTemplate":"https:\/\/www.ramedigitalstore.com\/?s={search_term_string}"},"query-input":{"@type":"PropertyValueSpecification","valueRequired":true,"valueName":"search_term_string"}}],"inLanguage":"it-IT"},{"@type":"Organization","@id":"https:\/\/www.ramedigitalstore.com\/#organization","name":"Rame Digital","url":"https:\/\/www.ramedigitalstore.com\/","logo":{"@type":"ImageObject","inLanguage":"it-IT","@id":"https:\/\/www.ramedigitalstore.com\/#\/schema\/logo\/image\/","url":"https:\/\/www.ramedigitalstore.com\/wp-content\/uploads\/2021\/04\/Logo-new-quadrato-1-e1619205976915.png","contentUrl":"https:\/\/www.ramedigitalstore.com\/wp-content\/uploads\/2021\/04\/Logo-new-quadrato-1-e1619205976915.png","width":256,"height":256,"caption":"Rame Digital"},"image":{"@id":"https:\/\/www.ramedigitalstore.com\/#\/schema\/logo\/image\/"},"sameAs":["https:\/\/www.facebook.com\/RameDigitalOfficial","https:\/\/www.instagram.com\/rame_digital_official\/"]}]}},"jetpack_sharing_enabled":true,"_links":{"self":[{"href":"https:\/\/www.ramedigitalstore.com\/ita\/wp-json\/wp\/v2\/product\/1253","targetHints":{"allow":["GET"]}}],"collection":[{"href":"https:\/\/www.ramedigitalstore.com\/ita\/wp-json\/wp\/v2\/product"}],"about":[{"href":"https:\/\/www.ramedigitalstore.com\/ita\/wp-json\/wp\/v2\/types\/product"}],"version-history":[{"count":2,"href":"https:\/\/www.ramedigitalstore.com\/ita\/wp-json\/wp\/v2\/product\/1253\/revisions"}],"predecessor-version":[{"id":6856,"href":"https:\/\/www.ramedigitalstore.com\/ita\/wp-json\/wp\/v2\/product\/1253\/revisions\/6856"}],"wp:featuredmedia":[{"embeddable":true,"href":"https:\/\/www.ramedigitalstore.com\/ita\/wp-json\/wp\/v2\/media\/1286"}],"wp:attachment":[{"href":"https:\/\/www.ramedigitalstore.com\/ita\/wp-json\/wp\/v2\/media?parent=1253"}],"wp:term":[{"taxonomy":"product_brand","embeddable":true,"href":"https:\/\/www.ramedigitalstore.com\/ita\/wp-json\/wp\/v2\/product_brand?post=1253"},{"taxonomy":"product_cat","embeddable":true,"href":"https:\/\/www.ramedigitalstore.com\/ita\/wp-json\/wp\/v2\/product_cat?post=1253"},{"taxonomy":"product_tag","embeddable":true,"href":"https:\/\/www.ramedigitalstore.com\/ita\/wp-json\/wp\/v2\/product_tag?post=1253"}],"curies":[{"name":"wp","href":"https:\/\/api.w.org\/{rel}","templated":true}]}}