{"id":1759,"date":"2021-08-25T21:21:16","date_gmt":"2021-08-25T21:21:16","guid":{"rendered":"https:\/\/www.ramedigitalstore.com\/?post_type=product&#038;p=1759"},"modified":"2025-10-01T21:44:11","modified_gmt":"2025-10-01T21:44:11","slug":"xbox-game-pass-ultimate-4-months-global","status":"publish","type":"product","link":"https:\/\/www.ramedigitalstore.com\/ita\/prodotto\/xbox-game-pass-ultimate-4-mesi-globale\/","title":{"rendered":"Xbox Game Pass Ultimate 4 mesi - GLOBALE"},"content":{"rendered":"<h3 style=\"text-align: center;\"><strong><span style=\"color: #8f00ff;\"><span style=\"vertical-align: inherit;\">Rinnova il tuo abbonamento senza cambiare il tuo profilo!<\/span><\/span><\/strong><\/h3>\n<h3 class=\"c-heading-1 f-lean\" style=\"text-align: center;\">Riceverai 4 mesi di Game Pass Ultimate.<\/h3>\n<h4 class=\"c-heading-1 f-lean\" style=\"text-align: center;\">Per rinnovare l'abbonamento sul tuo profilo personale, basta aggiungere le credenziali sulla tua console o PC.<\/h4>\n<h3 style=\"text-align: center;\"><strong><span style=\"color: #ff0000;\">Non riceverai un account condiviso.<\/span><\/strong><\/h3>\n<p style=\"text-align: center;\"><strong>Riceverai delle credenziali create esclusivamente per te. Imposteremo il suo numero come metodo di contatto\/recupero in modo che solo lei possa cambiarle in qualsiasi momento per garantire la massima sicurezza.<\/strong><\/p>\n<p style=\"text-align: center;\"><strong>Una volta aggiunto sulla vostra console noterete che il vostro profilo personale torner\u00e0 ad avere i permessi di Xbox Game Pass Ultimate di nuovo, quindi giocare online e scaricare giochi dai vari cataloghi Game Pass, Live Gold e EA Play.<\/strong><\/p>\n<p style=\"text-align: center;\"><strong>Funziona su 2 console allo stesso tempo, si pu\u00f2 facilmente passare e condividere l'abbonamento con un amico \/ famigliare.<\/strong><\/p>\n<p style=\"text-align: center;\"><strong>Per maggiori dettagli, contattateci a <\/strong><a href=\"https:\/\/api.whatsapp.com\/send?phone=393888680074&amp;text=Hi!%20Can%20i%20have%20information%20about%20Game%20Pass%20Ultimate%20Alternative%20Key?\"><strong>+39 388 868 0074.<\/strong><\/a><\/p>\n<p style=\"text-align: center;\"><strong>Le credenziali saranno 100% tue, una volta consegnate non abbiamo pi\u00f9 accesso ad esse e puoi fare quello che vuoi.<\/strong><\/p>\n<p style=\"text-align: center;\">Se siete strettamente alla ricerca di una chiave e non di un metodo alternativo per risparmiare visitate<\/p>\n<h3 style=\"text-align: center;\"><a href=\"https:\/\/www.ramedigitalstore.com\/ita\/prodotto\/xbox-game-pass-ultimate-3-mesi-key\/\"> <strong><span style=\"color: #8f00ff;\"><span style=\"vertical-align: inherit;\">Xbox Game Pass Ultimate 3 mesi chiave<\/span><\/span><\/strong><\/a><\/h3>\n<p>&nbsp;<\/p>\n<h3 style=\"text-align: center;\"><strong><span style=\"vertical-align: inherit;\">Acquista Xbox Game Pass Ultimate: Economico e sicuro con Rame Digital <\/span><\/strong><\/h3>\n<p style=\"text-align: center;\"><span style=\"vertical-align: inherit;\">Se hai deciso di acquistare Game Pass Ultimate, puoi acquistare l'intero abbonamento su Rame Digital a condizioni vantaggiose. Gli acquirenti beneficiano della qualit\u00e0 del servizio testato e godono di un processo di acquisto estremamente semplice e senza complicazioni. L'abbonamento desiderato non viene inviato al cliente in modo ingombrante come CD\/DVD, di conseguenza ma solo come Account per posta. Pertanto, il cliente riceve la sua merce immediatamente dopo l'acquisto e la ricezione del denaro. Per saperne di pi\u00f9, leggi: termini e condizioni e privacy\/policy o FAQ<\/span><\/p>\n<p style=\"text-align: center;\"><span style=\"vertical-align: inherit;\">Con Rame Digital, invece, l'assistenza \u00e8 sempre gratuita.<\/span><\/p>\n<h3 class=\"text-center\" style=\"text-align: center;\"><span style=\"vertical-align: inherit;\">Qualunque sia il dispositivo che usi, con Xbox Game Pass Ultimate.<\/span><\/h3>\n<ul class=\"list list-withIcons\" style=\"text-align: center;\">\n<li><img decoding=\"async\" src=\"https:\/\/static3.avast.com\/20001227\/web\/i\/v2\/components\/win.svg\" alt=\"\" \/>Windows 10 (NON CAMBIARE PROFILO)<br \/>\nFunziona su tutte le Xbox (NON CAMBIARE PROFILO)<\/li>\n<\/ul>\n<h2 class=\"text-center\" style=\"text-align: center;\"><\/h2>\n<h3 class=\"text-center\" style=\"text-align: center;\"><strong><span style=\"vertical-align: inherit;\">Consegna veloce in massimo 6 ore via e-mail.<\/span><\/strong><\/h3>\n<p style=\"text-align: center;\"><strong>Verr\u00e0 fornito un account che avr\u00e0 la stessa funzione della chiave. La procedura di attivazione sar\u00e0 fornita via e-mail.<\/strong><\/p>\n<p style=\"text-align: center;\"><span style=\"vertical-align: inherit;\">Seguiteci su <\/span><a href=\"https:\/\/www.facebook.com\/RameDigitalOfficial\/\"><span style=\"vertical-align: inherit;\">Facebook<\/span><\/a><\/p>","protected":false},"excerpt":{"rendered":"<div class=\"hd-listinghead\" style=\"font-size: 15pt; font-family: Arial; text-align: center;\">\n<p>&nbsp;<\/p>\n<\/div>\n<h5 style=\"text-align: center;\"><span style=\"color: #ff0000;\"><em><span style=\"vertical-align: inherit;\">Non perdere questa offerta! Non rimarr\u00e0 per sempre!<\/span><\/em><\/span><\/h5>\n<div class=\"hd-listinghead\" style=\"font-size: 19pt; font-family: Arial; text-align: center;\"><strong><span style=\"color: #8f00ff;\"><span style=\"vertical-align: inherit;\">Prolunga il tuo abbonamento oggi!<\/span><\/span><\/strong><\/div>\n<p style=\"text-align: center;\"><img decoding=\"async\" class=\"alignnone size-full wp-image-1126\" src=\"https:\/\/www.ramecorporation.com\/wp-content\/uploads\/2021\/03\/21982.png\" alt=\"\" width=\"16\" height=\"25\" \/> <strong><span style=\"vertical-align: inherit;\">NON DEVI CAMBIARE ACCOUNT!<\/span><\/strong><br \/>\n<img decoding=\"async\" class=\"alignnone size-full wp-image-1126\" src=\"https:\/\/www.ramecorporation.com\/wp-content\/uploads\/2021\/03\/21982.png\" alt=\"\" width=\"16\" height=\"16\" \/> Useremo il tuo numero come metodo di recupero.<br \/>\n<img decoding=\"async\" class=\"alignnone size-full wp-image-1126\" src=\"https:\/\/www.ramecorporation.com\/wp-content\/uploads\/2021\/03\/21982.png\" alt=\"\" width=\"16\" height=\"16\" \/>Utilizzabile con abb. ultimate in scadenza\/scaduto.<br \/>\n<span style=\"vertical-align: inherit;\">\u00a0<img decoding=\"async\" class=\"alignnone size-full wp-image-1126\" src=\"https:\/\/www.ramecorporation.com\/wp-content\/uploads\/2021\/03\/21982.png\" alt=\"\" width=\"16\" height=\"16\" \/>\u00a0 Consegna tramite email in max 3 ore.<\/span><br \/>\n<img decoding=\"async\" class=\"alignnone size-full wp-image-1126\" src=\"https:\/\/www.ramecorporation.com\/wp-content\/uploads\/2021\/03\/21982.png\" alt=\"\" width=\"16\" height=\"16\" \/> <span style=\"vertical-align: inherit;\">Garantita assistenza 7\/7.<\/span><\/p>\n<p><img fetchpriority=\"high\" decoding=\"async\" class=\"alignnone wp-image-1771 size-full\" src=\"https:\/\/www.ramedigitalstore.com\/it\/wp-content\/uploads\/2021\/05\/payment.png\" alt=\"\" width=\"783\" height=\"172\" \/><\/p>","protected":false},"featured_media":2131,"template":"","meta":[],"product_brand":[],"product_cat":[18,19],"product_tag":[20,5,21,22],"class_list":{"0":"post-1759","1":"product","2":"type-product","3":"status-publish","4":"has-post-thumbnail","6":"product_cat-game","7":"product_cat-xbox-pc","8":"product_tag-account","9":"product_tag-key-global","10":"product_tag-xbox","11":"product_tag-xbox-game-pass-ultimate","13":"first","14":"outofstock","15":"sale","16":"virtual","17":"purchasable","18":"product-type-simple"},"yoast_head":"<!-- This site is optimized with the Yoast SEO Premium plugin v21.9 (Yoast SEO v27.3) - https:\/\/yoast.com\/product\/yoast-seo-premium-wordpress\/ -->\n<title>Xbox Game Pass Ultimate - 3 Months - CD-KEY - Global - Rame Digital<\/title>\n<meta name=\"description\" content=\"Xbox Game Pass Ultimate the best gaming service at almost Free. It has never been so reliable! Almost free. Only on Rame Digital.\" \/>\n<meta name=\"robots\" content=\"index, follow, max-snippet:-1, max-image-preview:large, max-video-preview:-1\" \/>\n<link rel=\"canonical\" href=\"https:\/\/www.ramedigitalstore.com\/ita\/prodotto\/xbox-game-pass-ultimate-4-mesi-globale\/\" \/>\n<meta property=\"og:locale\" content=\"it_IT\" \/>\n<meta property=\"og:type\" content=\"article\" \/>\n<meta property=\"og:title\" content=\"Xbox Game Pass Ultimate 4 Months - GLOBAL\" \/>\n<meta property=\"og:description\" content=\"Xbox Game Pass Ultimate the best gaming service at almost Free. It has never been so reliable! Almost free. Only on Rame Digital.\" \/>\n<meta property=\"og:url\" content=\"https:\/\/www.ramedigitalstore.com\/ita\/prodotto\/xbox-game-pass-ultimate-4-mesi-globale\/\" \/>\n<meta property=\"og:site_name\" content=\"Rame Digital\" \/>\n<meta property=\"article:publisher\" content=\"https:\/\/www.facebook.com\/RameDigitalOfficial\" \/>\n<meta property=\"article:modified_time\" content=\"2025-10-01T21:44:11+00:00\" \/>\n<meta property=\"og:image\" content=\"https:\/\/www.ramedigitalstore.com\/wp-content\/uploads\/2021\/08\/Alternative-key-4-mesi.jpg\" \/>\n\t<meta property=\"og:image:width\" content=\"1600\" \/>\n\t<meta property=\"og:image:height\" content=\"1600\" \/>\n\t<meta property=\"og:image:type\" content=\"image\/jpeg\" \/>\n<meta name=\"twitter:card\" content=\"summary_large_image\" \/>\n<meta name=\"twitter:label1\" content=\"Tempo di lettura stimato\" \/>\n\t<meta name=\"twitter:data1\" content=\"2 minuti\" \/>\n<script type=\"application\/ld+json\" class=\"yoast-schema-graph\">{\"@context\":\"https:\\\/\\\/schema.org\",\"@graph\":[{\"@type\":\"WebPage\",\"@id\":\"https:\\\/\\\/www.ramedigitalstore.com\\\/prodotto\\\/xbox-game-pass-ultimate-4-months-global\\\/\",\"url\":\"https:\\\/\\\/www.ramedigitalstore.com\\\/prodotto\\\/xbox-game-pass-ultimate-4-months-global\\\/\",\"name\":\"Xbox Game Pass Ultimate - 3 Months - CD-KEY - Global - Rame Digital\",\"isPartOf\":{\"@id\":\"https:\\\/\\\/www.ramedigitalstore.com\\\/#website\"},\"primaryImageOfPage\":{\"@id\":\"https:\\\/\\\/www.ramedigitalstore.com\\\/prodotto\\\/xbox-game-pass-ultimate-4-months-global\\\/#primaryimage\"},\"image\":{\"@id\":\"https:\\\/\\\/www.ramedigitalstore.com\\\/prodotto\\\/xbox-game-pass-ultimate-4-months-global\\\/#primaryimage\"},\"thumbnailUrl\":\"https:\\\/\\\/www.ramedigitalstore.com\\\/wp-content\\\/uploads\\\/2021\\\/08\\\/Alternative-key-4-mesi.jpg\",\"datePublished\":\"2021-08-25T21:21:16+00:00\",\"dateModified\":\"2025-10-01T21:44:11+00:00\",\"description\":\"Xbox Game Pass Ultimate the best gaming service at almost Free. It has never been so reliable! Almost free. Only on Rame Digital.\",\"breadcrumb\":{\"@id\":\"https:\\\/\\\/www.ramedigitalstore.com\\\/prodotto\\\/xbox-game-pass-ultimate-4-months-global\\\/#breadcrumb\"},\"inLanguage\":\"it-IT\",\"potentialAction\":[{\"@type\":\"ReadAction\",\"target\":[\"https:\\\/\\\/www.ramedigitalstore.com\\\/prodotto\\\/xbox-game-pass-ultimate-4-months-global\\\/\"]}]},{\"@type\":\"ImageObject\",\"inLanguage\":\"it-IT\",\"@id\":\"https:\\\/\\\/www.ramedigitalstore.com\\\/prodotto\\\/xbox-game-pass-ultimate-4-months-global\\\/#primaryimage\",\"url\":\"https:\\\/\\\/www.ramedigitalstore.com\\\/wp-content\\\/uploads\\\/2021\\\/08\\\/Alternative-key-4-mesi.jpg\",\"contentUrl\":\"https:\\\/\\\/www.ramedigitalstore.com\\\/wp-content\\\/uploads\\\/2021\\\/08\\\/Alternative-key-4-mesi.jpg\",\"width\":1600,\"height\":1600,\"caption\":\"Xbox Game Pass Ultimate - Alternative Key - Rame Digital\"},{\"@type\":\"BreadcrumbList\",\"@id\":\"https:\\\/\\\/www.ramedigitalstore.com\\\/prodotto\\\/xbox-game-pass-ultimate-4-months-global\\\/#breadcrumb\",\"itemListElement\":[{\"@type\":\"ListItem\",\"position\":1,\"name\":\"Home\",\"item\":\"https:\\\/\\\/www.ramedigitalstore.com\\\/\"},{\"@type\":\"ListItem\",\"position\":2,\"name\":\"Shop\",\"item\":\"https:\\\/\\\/www.ramedigitalstore.com\\\/shop\\\/\"},{\"@type\":\"ListItem\",\"position\":3,\"name\":\"Xbox Game Pass Ultimate 4 Months &#8211; GLOBAL\"}]},{\"@type\":\"WebSite\",\"@id\":\"https:\\\/\\\/www.ramedigitalstore.com\\\/#website\",\"url\":\"https:\\\/\\\/www.ramedigitalstore.com\\\/\",\"name\":\"Rame Digital\",\"description\":\"Digital store par excellence\",\"publisher\":{\"@id\":\"https:\\\/\\\/www.ramedigitalstore.com\\\/#organization\"},\"potentialAction\":[{\"@type\":\"SearchAction\",\"target\":{\"@type\":\"EntryPoint\",\"urlTemplate\":\"https:\\\/\\\/www.ramedigitalstore.com\\\/?s={search_term_string}\"},\"query-input\":{\"@type\":\"PropertyValueSpecification\",\"valueRequired\":true,\"valueName\":\"search_term_string\"}}],\"inLanguage\":\"it-IT\"},{\"@type\":\"Organization\",\"@id\":\"https:\\\/\\\/www.ramedigitalstore.com\\\/#organization\",\"name\":\"Rame Digital\",\"url\":\"https:\\\/\\\/www.ramedigitalstore.com\\\/\",\"logo\":{\"@type\":\"ImageObject\",\"inLanguage\":\"it-IT\",\"@id\":\"https:\\\/\\\/www.ramedigitalstore.com\\\/#\\\/schema\\\/logo\\\/image\\\/\",\"url\":\"https:\\\/\\\/www.ramedigitalstore.com\\\/wp-content\\\/uploads\\\/2021\\\/04\\\/Logo-new-quadrato-1-e1619205976915.png\",\"contentUrl\":\"https:\\\/\\\/www.ramedigitalstore.com\\\/wp-content\\\/uploads\\\/2021\\\/04\\\/Logo-new-quadrato-1-e1619205976915.png\",\"width\":256,\"height\":256,\"caption\":\"Rame Digital\"},\"image\":{\"@id\":\"https:\\\/\\\/www.ramedigitalstore.com\\\/#\\\/schema\\\/logo\\\/image\\\/\"},\"sameAs\":[\"https:\\\/\\\/www.facebook.com\\\/RameDigitalOfficial\",\"https:\\\/\\\/www.instagram.com\\\/rame_digital_official\\\/\"]}]}<\/script>\n<!-- \/ Yoast SEO Premium plugin. -->","yoast_head_json":{"title":"Xbox Game Pass Ultimate - 3 mesi - CD-KEY - Globale - Rame Digital","description":"Xbox Game Pass Ultimate il miglior servizio di gioco quasi gratuito. Non \u00e8 mai stato cos\u00ec affidabile! Quasi gratis. Solo su Rame Digital.","robots":{"index":"index","follow":"follow","max-snippet":"max-snippet:-1","max-image-preview":"max-image-preview:large","max-video-preview":"max-video-preview:-1"},"canonical":"https:\/\/www.ramedigitalstore.com\/ita\/prodotto\/xbox-game-pass-ultimate-4-mesi-globale\/","og_locale":"it_IT","og_type":"article","og_title":"Xbox Game Pass Ultimate 4 Months - GLOBAL","og_description":"Xbox Game Pass Ultimate the best gaming service at almost Free. It has never been so reliable! Almost free. Only on Rame Digital.","og_url":"https:\/\/www.ramedigitalstore.com\/ita\/prodotto\/xbox-game-pass-ultimate-4-mesi-globale\/","og_site_name":"Rame Digital","article_publisher":"https:\/\/www.facebook.com\/RameDigitalOfficial","article_modified_time":"2025-10-01T21:44:11+00:00","og_image":[{"width":1600,"height":1600,"url":"https:\/\/www.ramedigitalstore.com\/wp-content\/uploads\/2021\/08\/Alternative-key-4-mesi.jpg","type":"image\/jpeg"}],"twitter_card":"summary_large_image","twitter_misc":{"Tempo di lettura stimato":"2 minuti"},"schema":{"@context":"https:\/\/schema.org","@graph":[{"@type":"WebPage","@id":"https:\/\/www.ramedigitalstore.com\/prodotto\/xbox-game-pass-ultimate-4-months-global\/","url":"https:\/\/www.ramedigitalstore.com\/prodotto\/xbox-game-pass-ultimate-4-months-global\/","name":"Xbox Game Pass Ultimate - 3 mesi - CD-KEY - Globale - Rame Digital","isPartOf":{"@id":"https:\/\/www.ramedigitalstore.com\/#website"},"primaryImageOfPage":{"@id":"https:\/\/www.ramedigitalstore.com\/prodotto\/xbox-game-pass-ultimate-4-months-global\/#primaryimage"},"image":{"@id":"https:\/\/www.ramedigitalstore.com\/prodotto\/xbox-game-pass-ultimate-4-months-global\/#primaryimage"},"thumbnailUrl":"https:\/\/www.ramedigitalstore.com\/wp-content\/uploads\/2021\/08\/Alternative-key-4-mesi.jpg","datePublished":"2021-08-25T21:21:16+00:00","dateModified":"2025-10-01T21:44:11+00:00","description":"Xbox Game Pass Ultimate il miglior servizio di gioco quasi gratuito. Non \u00e8 mai stato cos\u00ec affidabile! Quasi gratis. Solo su Rame Digital.","breadcrumb":{"@id":"https:\/\/www.ramedigitalstore.com\/prodotto\/xbox-game-pass-ultimate-4-months-global\/#breadcrumb"},"inLanguage":"it-IT","potentialAction":[{"@type":"ReadAction","target":["https:\/\/www.ramedigitalstore.com\/prodotto\/xbox-game-pass-ultimate-4-months-global\/"]}]},{"@type":"ImageObject","inLanguage":"it-IT","@id":"https:\/\/www.ramedigitalstore.com\/prodotto\/xbox-game-pass-ultimate-4-months-global\/#primaryimage","url":"https:\/\/www.ramedigitalstore.com\/wp-content\/uploads\/2021\/08\/Alternative-key-4-mesi.jpg","contentUrl":"https:\/\/www.ramedigitalstore.com\/wp-content\/uploads\/2021\/08\/Alternative-key-4-mesi.jpg","width":1600,"height":1600,"caption":"Xbox Game Pass Ultimate - Alternative Key - Rame Digital"},{"@type":"BreadcrumbList","@id":"https:\/\/www.ramedigitalstore.com\/prodotto\/xbox-game-pass-ultimate-4-months-global\/#breadcrumb","itemListElement":[{"@type":"ListItem","position":1,"name":"Home","item":"https:\/\/www.ramedigitalstore.com\/"},{"@type":"ListItem","position":2,"name":"Shop","item":"https:\/\/www.ramedigitalstore.com\/shop\/"},{"@type":"ListItem","position":3,"name":"Xbox Game Pass Ultimate 4 Months &#8211; GLOBAL"}]},{"@type":"WebSite","@id":"https:\/\/www.ramedigitalstore.com\/#website","url":"https:\/\/www.ramedigitalstore.com\/","name":"Rame Digital","description":"Negozio digitale per eccellenza","publisher":{"@id":"https:\/\/www.ramedigitalstore.com\/#organization"},"potentialAction":[{"@type":"SearchAction","target":{"@type":"EntryPoint","urlTemplate":"https:\/\/www.ramedigitalstore.com\/?s={search_term_string}"},"query-input":{"@type":"PropertyValueSpecification","valueRequired":true,"valueName":"search_term_string"}}],"inLanguage":"it-IT"},{"@type":"Organization","@id":"https:\/\/www.ramedigitalstore.com\/#organization","name":"Rame Digital","url":"https:\/\/www.ramedigitalstore.com\/","logo":{"@type":"ImageObject","inLanguage":"it-IT","@id":"https:\/\/www.ramedigitalstore.com\/#\/schema\/logo\/image\/","url":"https:\/\/www.ramedigitalstore.com\/wp-content\/uploads\/2021\/04\/Logo-new-quadrato-1-e1619205976915.png","contentUrl":"https:\/\/www.ramedigitalstore.com\/wp-content\/uploads\/2021\/04\/Logo-new-quadrato-1-e1619205976915.png","width":256,"height":256,"caption":"Rame Digital"},"image":{"@id":"https:\/\/www.ramedigitalstore.com\/#\/schema\/logo\/image\/"},"sameAs":["https:\/\/www.facebook.com\/RameDigitalOfficial","https:\/\/www.instagram.com\/rame_digital_official\/"]}]}},"jetpack_sharing_enabled":true,"_links":{"self":[{"href":"https:\/\/www.ramedigitalstore.com\/ita\/wp-json\/wp\/v2\/product\/1759","targetHints":{"allow":["GET"]}}],"collection":[{"href":"https:\/\/www.ramedigitalstore.com\/ita\/wp-json\/wp\/v2\/product"}],"about":[{"href":"https:\/\/www.ramedigitalstore.com\/ita\/wp-json\/wp\/v2\/types\/product"}],"version-history":[{"count":0,"href":"https:\/\/www.ramedigitalstore.com\/ita\/wp-json\/wp\/v2\/product\/1759\/revisions"}],"wp:featuredmedia":[{"embeddable":true,"href":"https:\/\/www.ramedigitalstore.com\/ita\/wp-json\/wp\/v2\/media\/2131"}],"wp:attachment":[{"href":"https:\/\/www.ramedigitalstore.com\/ita\/wp-json\/wp\/v2\/media?parent=1759"}],"wp:term":[{"taxonomy":"product_brand","embeddable":true,"href":"https:\/\/www.ramedigitalstore.com\/ita\/wp-json\/wp\/v2\/product_brand?post=1759"},{"taxonomy":"product_cat","embeddable":true,"href":"https:\/\/www.ramedigitalstore.com\/ita\/wp-json\/wp\/v2\/product_cat?post=1759"},{"taxonomy":"product_tag","embeddable":true,"href":"https:\/\/www.ramedigitalstore.com\/ita\/wp-json\/wp\/v2\/product_tag?post=1759"}],"curies":[{"name":"wp","href":"https:\/\/api.w.org\/{rel}","templated":true}]}}