{"id":2713,"date":"2022-03-19T21:05:31","date_gmt":"2022-03-19T21:05:31","guid":{"rendered":"https:\/\/www.ramedigitalstore.com\/?post_type=product&#038;p=2713"},"modified":"2023-10-29T20:24:59","modified_gmt":"2023-10-29T20:24:59","slug":"avast-ultimate-10-devices-2-years-avast-key-global","status":"publish","type":"product","link":"https:\/\/www.ramedigitalstore.com\/ita\/prodotto\/avast-ultimate-10-devices-2-years-avast-key-global\/","title":{"rendered":"Avast Ultimate 10 Dispositivi 2 Anni Avast - Key GLOBAL"},"content":{"rendered":"<h3 style=\"text-align: center;\"><strong><span style=\"color: #8f00ff;\"><span style=\"vertical-align: inherit;\">Inizia a proteggere tutti i tuoi dispositivi ora con Avast Ultimate!<\/span><\/span><\/strong><\/h3>\n<p style=\"text-align: center;\">Avast Ultimate 2022 \u00e8 una collezione unica di strumenti per pulire, ottimizzare e proteggere tutti i vostri PC, dispositivi Android e Mac.<\/p>\n<p style=\"text-align: center;\">Avast Premium Security soddisfa tutte le esigenze del vostro PC. Un potente motore antivirus che rileva e blocca anche i pi\u00f9 recenti malware, la protezione della navigazione impedisce l'accesso a siti pericolosi, mentre un firewall blocca gli attacchi di rete. Riceverai anche Avast Cleanup 2020, che \u00e8 un toolkit completo per la manutenzione del sistema. Questo include moduli per dare una spinta al tuo sistema, rimuovere i file spazzatura, controllare i programmi di avvio, pulire e riparare il Registro di sistema, estendere la durata della batteria, aggiornare il software installato e altro, e quasi tutto pu\u00f2 essere lasciato a gestire il tuo PC tutto da solo.<\/p>\n<p style=\"text-align: center;\">Con il lancio del 2020 \u00e8 stata inclusa la VPN Avast SecureLine, che ti offrir\u00e0 un tunnel sicuro verso internet, cambiando la tua posizione, nascondendo il tuo indirizzo IP e aggiungendo un ulteriore livello di protezione. Questa non \u00e8 nemmeno una versione ridotta di Avast SecureLine VPN, quindi non sei limitato dal traffico o dalla limitazione del dispositivo.<\/p>\n<p>Con questa edizione 2022, ora avrete AntiTrack che bloccher\u00e0 i tracker mentre navigate sul web, fermer\u00e0 la vostra impronta personale online e render\u00e0 la vostra esperienza di navigazione un'esperienza pi\u00f9 privata.<\/p>\n<p style=\"text-align: center;\">Per gli utenti Android e iOS, Avast Security Ultimate \u00e8 altrettanto potente. Oltre all'antivirus di base e alla protezione della navigazione, una serie di funzioni antifurto ti permettono di localizzare, bloccare o cancellare il tuo dispositivo da remoto, usare la fotocamera per fotografare il ladro o far bloccare automaticamente il dispositivo se la SIM viene sostituita. Avast Security manterr\u00e0 il tuo dispositivo Android in ottime condizioni, mentre Avast SecureLine VPN \u00e8 anche incluso in modo da poter installare una VPN sul tuo dispositivo mobile.<\/p>\n<p style=\"text-align: center;\">Per gli utenti Mac, Avast Premium Security e Avast Cleanup Premium sono strumenti desktop capaci con protezione antivirus in tempo reale, strumenti di pulizia del disco rigido, un cercatore di file duplicati e altro. Avast SecureLine VPN dar\u00e0 al tuo Mac una VPN che potrai usare per creare un tunnel sicuro verso internet.<\/p>\n<p style=\"text-align: center;\">Non sei limitato ad usare solo uno di questi, o uno per dispositivo: La licenza Ultimate di Avast copre 10 dispositivi, quindi puoi proteggere tutti i tuoi PC, Mac e hardware Android.<\/p>\n<p style=\"text-align: center;\">Include un abbonamento di 2 anni, per 10<b>\u00a0<\/b>dispositivi<b>\u00a0<\/b>che possiedi.<\/p>\n<p>&nbsp;<\/p>\n<h3 style=\"text-align: center;\"><strong><span style=\"vertical-align: inherit;\">Compra Avast Ultimate: Economico e sicuro con Rame Digital <\/span><\/strong><\/h3>\n<p style=\"text-align: center;\"><span style=\"vertical-align: inherit;\">Se avete deciso di acquistare Avast Ultimate, potete acquistare l'intero abbonamento su Rame Digital a condizioni vantaggiose. Gli acquirenti beneficiano della qualit\u00e0 del servizio testato e godono di un processo di acquisto estremamente semplice e senza complicazioni. L'abbonamento desiderato non viene inviato al cliente in modo ingombrante come CD\/DVD, di conseguenza ma solo come Key Digital Code per posta. Pertanto, il cliente riceve la sua merce immediatamente dopo l'acquisto e la ricezione del denaro. Per saperne di pi\u00f9, leggi: termini e condizioni e privacy\/policy o FAQ<\/span><\/p>\n<p style=\"text-align: center;\"><span style=\"vertical-align: inherit;\">Con Rame Digital, invece, l'assistenza \u00e8 sempre gratuita.<\/span><\/p>\n<h3 class=\"text-center\" style=\"text-align: center;\"><span style=\"vertical-align: inherit;\">Qualsiasi dispositivo tu usi, sei al sicuro con Avast Ultimate.<\/span><\/h3>\n<ul class=\"list list-withIcons\" style=\"text-align: center;\">\n<li>Windows, Mac, iOS e Android<\/li>\n<\/ul>\n<h2 class=\"text-center\" style=\"text-align: center;\"><\/h2>\n<h3 class=\"text-center\" style=\"text-align: center;\"><strong><span style=\"vertical-align: inherit;\">Consegna veloce in massimo 6 ore via e-mail.<\/span><\/strong><\/h3>\n<p style=\"text-align: center;\"><strong>Verr\u00e0 fornito un account che avr\u00e0 la stessa funzione della chiave. La procedura di attivazione sar\u00e0 fornita via e-mail.<\/strong><\/p>\n<p>&nbsp;<\/p>\n<h2 style=\"text-align: center;\">Il prodotto pu\u00f2 essere scaricato\u00a0<a href=\"https:\/\/help.avast.com\/en\/install\/?utm_medium=link&amp;utm_source=reseller\" target=\"_blank\" rel=\"nofollow noopener\"><span data-mce-type=\"bookmark\" style=\"display: inline-block; width: 0px; overflow: hidden; line-height: 0;\" class=\"mce_SELRES_start\"><\/span>qui<span data-mce-type=\"bookmark\" style=\"display: inline-block; width: 0px; overflow: hidden; line-height: 0;\" class=\"mce_SELRES_end\"><\/span><\/a><\/h2>\n<p style=\"text-align: center;\">\nATTENZIONE: La chiave di licenza fornita funziona su Windows. Per Mac, iOS e Android \u00e8 necessario utilizzare invece il codice di attivazione nel tuo account Avast su\u00a0<a href=\"https:\/\/id.avast.com\/#login\" target=\"_blank\" rel=\"nofollow noopener\">https:\/\/id.avast.com<\/a> che viene creato una volta che la chiave di licenza viene attivata in Windows. Se non hai un computer Windows, contatta il venditore tramite Rame Digital Conversations che sar\u00e0 in grado di registrare questa chiave di licenza per te e fornirti il codice di attivazione necessario per l'attivazione di Mac, iOS e Android.<\/p>\n<p>&nbsp;<\/p>\n<p style=\"text-align: center;\"><span style=\"vertical-align: inherit;\">Seguiteci su <\/span><a href=\"https:\/\/www.facebook.com\/RameDigitalOfficial\/\"><span style=\"vertical-align: inherit;\">Facebook<\/span><\/a><\/p>","protected":false},"excerpt":{"rendered":"<h5 style=\"text-align: center;\"><span style=\"color: #ff0000;\"><em><span style=\"vertical-align: inherit;\">Non perdere questa offerta! Non ci sar\u00e0 per sempre!<\/span><\/em><\/span><\/h5>\n<div class=\"hd-listinghead\" style=\"font-size: 19pt; font-family: Arial; text-align: center;\"><strong><span style=\"color: #8f00ff;\"><span style=\"vertical-align: inherit;\">Proteggi i tuoi dispositivi oggi stesso!<\/span><\/span><\/strong><\/div>\n<div><\/div>\n<\/p>\n<p style=\"text-align: center;\"><strong>\u2713 CD-KEY<\/strong><br \/>\n\u2713<span style=\"vertical-align: inherit;\">Avast AntiTrack<\/span><br \/>\n\u2713 Avast SecureLine VPN<br \/>\n<span style=\"vertical-align: inherit;\"> \u2713 Avast Premium Security<\/span><br \/>\n<span style=\"vertical-align: inherit;\">\u2713<\/span> <span style=\"vertical-align: inherit;\"> Avast Cleanup Premium <\/span><br \/>\n<span style=\"vertical-align: inherit;\"><strong>\u2713 Consegna via e-mail fino a 6 ore<\/strong><\/span><\/p>\n<p>&nbsp;<\/p>\n<p><img decoding=\"async\" class=\"aligncenter wp-image-2400\" src=\"https:\/\/www.ramedigitalstore.com\/wp-content\/uploads\/2022\/03\/trustpilot-stars-1024x140.png\" alt=\"\" width=\"600\" height=\"82\" srcset=\"https:\/\/www.ramedigitalstore.com\/wp-content\/uploads\/2022\/03\/trustpilot-stars-1024x140.png 1024w, https:\/\/www.ramedigitalstore.com\/wp-content\/uploads\/2022\/03\/trustpilot-stars-500x68.png 500w, https:\/\/www.ramedigitalstore.com\/wp-content\/uploads\/2022\/03\/trustpilot-stars-700x96.png 700w, https:\/\/www.ramedigitalstore.com\/wp-content\/uploads\/2022\/03\/trustpilot-stars-300x41.png 300w, https:\/\/www.ramedigitalstore.com\/wp-content\/uploads\/2022\/03\/trustpilot-stars-768x105.png 768w, https:\/\/www.ramedigitalstore.com\/wp-content\/uploads\/2022\/03\/trustpilot-stars-1536x210.png 1536w, https:\/\/www.ramedigitalstore.com\/wp-content\/uploads\/2022\/03\/trustpilot-stars-260x35.png 260w, https:\/\/www.ramedigitalstore.com\/wp-content\/uploads\/2022\/03\/trustpilot-stars-50x7.png 50w, https:\/\/www.ramedigitalstore.com\/wp-content\/uploads\/2022\/03\/trustpilot-stars-150x20.png 150w, https:\/\/www.ramedigitalstore.com\/wp-content\/uploads\/2022\/03\/trustpilot-stars-1320x180.png 1320w, https:\/\/www.ramedigitalstore.com\/wp-content\/uploads\/2022\/03\/trustpilot-stars-800x109.png 800w, https:\/\/www.ramedigitalstore.com\/wp-content\/uploads\/2022\/03\/trustpilot-stars.png 2000w\" sizes=\"(max-width: 600px) 100vw, 600px\" \/><\/p>\n<p><img fetchpriority=\"high\" decoding=\"async\" class=\"wp-image-2401 size-full aligncenter\" src=\"https:\/\/www.ramedigitalstore.com\/wp-content\/uploads\/2022\/03\/payment2.jpg\" alt=\"\" width=\"1020\" height=\"267\" srcset=\"https:\/\/www.ramedigitalstore.com\/wp-content\/uploads\/2022\/03\/payment2.jpg 1020w, https:\/\/www.ramedigitalstore.com\/wp-content\/uploads\/2022\/03\/payment2-500x131.jpg 500w, https:\/\/www.ramedigitalstore.com\/wp-content\/uploads\/2022\/03\/payment2-700x183.jpg 700w, https:\/\/www.ramedigitalstore.com\/wp-content\/uploads\/2022\/03\/payment2-300x79.jpg 300w, https:\/\/www.ramedigitalstore.com\/wp-content\/uploads\/2022\/03\/payment2-768x201.jpg 768w, https:\/\/www.ramedigitalstore.com\/wp-content\/uploads\/2022\/03\/payment2-260x68.jpg 260w, https:\/\/www.ramedigitalstore.com\/wp-content\/uploads\/2022\/03\/payment2-50x13.jpg 50w, https:\/\/www.ramedigitalstore.com\/wp-content\/uploads\/2022\/03\/payment2-150x39.jpg 150w, https:\/\/www.ramedigitalstore.com\/wp-content\/uploads\/2022\/03\/payment2-800x209.jpg 800w\" sizes=\"(max-width: 1020px) 100vw, 1020px\" \/><\/p>","protected":false},"featured_media":2714,"template":"","meta":[],"product_brand":[],"product_cat":[2,28],"product_tag":[22],"class_list":{"0":"post-2713","1":"product","2":"type-product","3":"status-publish","4":"has-post-thumbnail","6":"product_cat-antivirus","7":"product_cat-avast","8":"product_tag-xbox-game-pass-ultimate","10":"first","11":"outofstock","12":"sale","13":"virtual","14":"sold-individually","15":"purchasable","16":"product-type-simple"},"yoast_head":"<!-- This site is optimized with the Yoast SEO Premium plugin v21.9 (Yoast SEO v27.5) - https:\/\/yoast.com\/product\/yoast-seo-premium-wordpress\/ -->\n<title>Avast Ultimate 10 Devices 2 Years Avast - Key GLOBAL - Rame Digital<\/title>\n<meta name=\"robots\" content=\"index, follow, max-snippet:-1, max-image-preview:large, max-video-preview:-1\" \/>\n<link rel=\"canonical\" href=\"https:\/\/www.ramedigitalstore.com\/ita\/prodotto\/avast-ultimate-10-devices-2-years-avast-key-global\/\" \/>\n<meta property=\"og:locale\" content=\"it_IT\" \/>\n<meta property=\"og:type\" content=\"article\" \/>\n<meta property=\"og:title\" content=\"Avast Ultimate 10 Devices 2 Years Avast - Key GLOBAL\" \/>\n<meta property=\"og:description\" content=\"Don&#039;t miss this offer! It won&#039;t be around forever! Protect your devices today!  \u2713 CD-KEY \u2713Avast AntiTrack \u2713 Avast SecureLine VPN  \u2713 Avast Premium Security \u2713 Avast Cleanup Premium  \u2713 Delivery by email in up to 6 hours &nbsp;\" \/>\n<meta property=\"og:url\" content=\"https:\/\/www.ramedigitalstore.com\/ita\/prodotto\/avast-ultimate-10-devices-2-years-avast-key-global\/\" \/>\n<meta property=\"og:site_name\" content=\"Rame Digital\" \/>\n<meta property=\"article:publisher\" content=\"https:\/\/www.facebook.com\/RameDigitalOfficial\" \/>\n<meta property=\"article:modified_time\" content=\"2023-10-29T20:24:59+00:00\" \/>\n<meta property=\"og:image\" content=\"https:\/\/www.ramedigitalstore.com\/wp-content\/uploads\/2022\/03\/Avast-Ultimate-10-Device-2-Years.jpg\" \/>\n\t<meta property=\"og:image:width\" content=\"720\" \/>\n\t<meta property=\"og:image:height\" content=\"720\" \/>\n\t<meta property=\"og:image:type\" content=\"image\/jpeg\" \/>\n<meta name=\"twitter:card\" content=\"summary_large_image\" \/>\n<meta name=\"twitter:label1\" content=\"Tempo di lettura stimato\" \/>\n\t<meta name=\"twitter:data1\" content=\"3 minuti\" \/>\n<script type=\"application\/ld+json\" class=\"yoast-schema-graph\">{\"@context\":\"https:\\\/\\\/schema.org\",\"@graph\":[{\"@type\":\"WebPage\",\"@id\":\"https:\\\/\\\/www.ramedigitalstore.com\\\/prodotto\\\/avast-ultimate-10-devices-2-years-avast-key-global\\\/\",\"url\":\"https:\\\/\\\/www.ramedigitalstore.com\\\/prodotto\\\/avast-ultimate-10-devices-2-years-avast-key-global\\\/\",\"name\":\"Avast Ultimate 10 Devices 2 Years Avast - Key GLOBAL - Rame Digital\",\"isPartOf\":{\"@id\":\"https:\\\/\\\/www.ramedigitalstore.com\\\/#website\"},\"primaryImageOfPage\":{\"@id\":\"https:\\\/\\\/www.ramedigitalstore.com\\\/prodotto\\\/avast-ultimate-10-devices-2-years-avast-key-global\\\/#primaryimage\"},\"image\":{\"@id\":\"https:\\\/\\\/www.ramedigitalstore.com\\\/prodotto\\\/avast-ultimate-10-devices-2-years-avast-key-global\\\/#primaryimage\"},\"thumbnailUrl\":\"https:\\\/\\\/www.ramedigitalstore.com\\\/wp-content\\\/uploads\\\/2022\\\/03\\\/Avast-Ultimate-10-Device-2-Years.jpg\",\"datePublished\":\"2022-03-19T21:05:31+00:00\",\"dateModified\":\"2023-10-29T20:24:59+00:00\",\"breadcrumb\":{\"@id\":\"https:\\\/\\\/www.ramedigitalstore.com\\\/prodotto\\\/avast-ultimate-10-devices-2-years-avast-key-global\\\/#breadcrumb\"},\"inLanguage\":\"it-IT\",\"potentialAction\":[{\"@type\":\"ReadAction\",\"target\":[\"https:\\\/\\\/www.ramedigitalstore.com\\\/prodotto\\\/avast-ultimate-10-devices-2-years-avast-key-global\\\/\"]}]},{\"@type\":\"ImageObject\",\"inLanguage\":\"it-IT\",\"@id\":\"https:\\\/\\\/www.ramedigitalstore.com\\\/prodotto\\\/avast-ultimate-10-devices-2-years-avast-key-global\\\/#primaryimage\",\"url\":\"https:\\\/\\\/www.ramedigitalstore.com\\\/wp-content\\\/uploads\\\/2022\\\/03\\\/Avast-Ultimate-10-Device-2-Years.jpg\",\"contentUrl\":\"https:\\\/\\\/www.ramedigitalstore.com\\\/wp-content\\\/uploads\\\/2022\\\/03\\\/Avast-Ultimate-10-Device-2-Years.jpg\",\"width\":720,\"height\":720},{\"@type\":\"BreadcrumbList\",\"@id\":\"https:\\\/\\\/www.ramedigitalstore.com\\\/prodotto\\\/avast-ultimate-10-devices-2-years-avast-key-global\\\/#breadcrumb\",\"itemListElement\":[{\"@type\":\"ListItem\",\"position\":1,\"name\":\"Home\",\"item\":\"https:\\\/\\\/www.ramedigitalstore.com\\\/\"},{\"@type\":\"ListItem\",\"position\":2,\"name\":\"Shop\",\"item\":\"https:\\\/\\\/www.ramedigitalstore.com\\\/shop\\\/\"},{\"@type\":\"ListItem\",\"position\":3,\"name\":\"Avast Ultimate 10 Devices 2 Years Avast &#8211; Key GLOBAL\"}]},{\"@type\":\"WebSite\",\"@id\":\"https:\\\/\\\/www.ramedigitalstore.com\\\/#website\",\"url\":\"https:\\\/\\\/www.ramedigitalstore.com\\\/\",\"name\":\"Rame Digital\",\"description\":\"Digital store par excellence\",\"publisher\":{\"@id\":\"https:\\\/\\\/www.ramedigitalstore.com\\\/#organization\"},\"potentialAction\":[{\"@type\":\"SearchAction\",\"target\":{\"@type\":\"EntryPoint\",\"urlTemplate\":\"https:\\\/\\\/www.ramedigitalstore.com\\\/?s={search_term_string}\"},\"query-input\":{\"@type\":\"PropertyValueSpecification\",\"valueRequired\":true,\"valueName\":\"search_term_string\"}}],\"inLanguage\":\"it-IT\"},{\"@type\":\"Organization\",\"@id\":\"https:\\\/\\\/www.ramedigitalstore.com\\\/#organization\",\"name\":\"Rame Digital\",\"url\":\"https:\\\/\\\/www.ramedigitalstore.com\\\/\",\"logo\":{\"@type\":\"ImageObject\",\"inLanguage\":\"it-IT\",\"@id\":\"https:\\\/\\\/www.ramedigitalstore.com\\\/#\\\/schema\\\/logo\\\/image\\\/\",\"url\":\"https:\\\/\\\/www.ramedigitalstore.com\\\/wp-content\\\/uploads\\\/2021\\\/04\\\/Logo-new-quadrato-1-e1619205976915.png\",\"contentUrl\":\"https:\\\/\\\/www.ramedigitalstore.com\\\/wp-content\\\/uploads\\\/2021\\\/04\\\/Logo-new-quadrato-1-e1619205976915.png\",\"width\":256,\"height\":256,\"caption\":\"Rame Digital\"},\"image\":{\"@id\":\"https:\\\/\\\/www.ramedigitalstore.com\\\/#\\\/schema\\\/logo\\\/image\\\/\"},\"sameAs\":[\"https:\\\/\\\/www.facebook.com\\\/RameDigitalOfficial\",\"https:\\\/\\\/www.instagram.com\\\/rame_digital_official\\\/\"]}]}<\/script>\n<!-- \/ Yoast SEO Premium plugin. -->","yoast_head_json":{"title":"Avast Ultimate 10 Dispositivi 2 Anni Avast - Key GLOBAL - Rame Digital","robots":{"index":"index","follow":"follow","max-snippet":"max-snippet:-1","max-image-preview":"max-image-preview:large","max-video-preview":"max-video-preview:-1"},"canonical":"https:\/\/www.ramedigitalstore.com\/ita\/prodotto\/avast-ultimate-10-devices-2-years-avast-key-global\/","og_locale":"it_IT","og_type":"article","og_title":"Avast Ultimate 10 Devices 2 Years Avast - Key GLOBAL","og_description":"Don't miss this offer! It won't be around forever! Protect your devices today!  \u2713 CD-KEY \u2713Avast AntiTrack \u2713 Avast SecureLine VPN  \u2713 Avast Premium Security \u2713 Avast Cleanup Premium  \u2713 Delivery by email in up to 6 hours &nbsp;","og_url":"https:\/\/www.ramedigitalstore.com\/ita\/prodotto\/avast-ultimate-10-devices-2-years-avast-key-global\/","og_site_name":"Rame Digital","article_publisher":"https:\/\/www.facebook.com\/RameDigitalOfficial","article_modified_time":"2023-10-29T20:24:59+00:00","og_image":[{"width":720,"height":720,"url":"https:\/\/www.ramedigitalstore.com\/wp-content\/uploads\/2022\/03\/Avast-Ultimate-10-Device-2-Years.jpg","type":"image\/jpeg"}],"twitter_card":"summary_large_image","twitter_misc":{"Tempo di lettura stimato":"3 minuti"},"schema":{"@context":"https:\/\/schema.org","@graph":[{"@type":"WebPage","@id":"https:\/\/www.ramedigitalstore.com\/prodotto\/avast-ultimate-10-devices-2-years-avast-key-global\/","url":"https:\/\/www.ramedigitalstore.com\/prodotto\/avast-ultimate-10-devices-2-years-avast-key-global\/","name":"Avast Ultimate 10 Dispositivi 2 Anni Avast - Key GLOBAL - Rame Digital","isPartOf":{"@id":"https:\/\/www.ramedigitalstore.com\/#website"},"primaryImageOfPage":{"@id":"https:\/\/www.ramedigitalstore.com\/prodotto\/avast-ultimate-10-devices-2-years-avast-key-global\/#primaryimage"},"image":{"@id":"https:\/\/www.ramedigitalstore.com\/prodotto\/avast-ultimate-10-devices-2-years-avast-key-global\/#primaryimage"},"thumbnailUrl":"https:\/\/www.ramedigitalstore.com\/wp-content\/uploads\/2022\/03\/Avast-Ultimate-10-Device-2-Years.jpg","datePublished":"2022-03-19T21:05:31+00:00","dateModified":"2023-10-29T20:24:59+00:00","breadcrumb":{"@id":"https:\/\/www.ramedigitalstore.com\/prodotto\/avast-ultimate-10-devices-2-years-avast-key-global\/#breadcrumb"},"inLanguage":"it-IT","potentialAction":[{"@type":"ReadAction","target":["https:\/\/www.ramedigitalstore.com\/prodotto\/avast-ultimate-10-devices-2-years-avast-key-global\/"]}]},{"@type":"ImageObject","inLanguage":"it-IT","@id":"https:\/\/www.ramedigitalstore.com\/prodotto\/avast-ultimate-10-devices-2-years-avast-key-global\/#primaryimage","url":"https:\/\/www.ramedigitalstore.com\/wp-content\/uploads\/2022\/03\/Avast-Ultimate-10-Device-2-Years.jpg","contentUrl":"https:\/\/www.ramedigitalstore.com\/wp-content\/uploads\/2022\/03\/Avast-Ultimate-10-Device-2-Years.jpg","width":720,"height":720},{"@type":"BreadcrumbList","@id":"https:\/\/www.ramedigitalstore.com\/prodotto\/avast-ultimate-10-devices-2-years-avast-key-global\/#breadcrumb","itemListElement":[{"@type":"ListItem","position":1,"name":"Home","item":"https:\/\/www.ramedigitalstore.com\/"},{"@type":"ListItem","position":2,"name":"Shop","item":"https:\/\/www.ramedigitalstore.com\/shop\/"},{"@type":"ListItem","position":3,"name":"Avast Ultimate 10 Devices 2 Years Avast &#8211; Key GLOBAL"}]},{"@type":"WebSite","@id":"https:\/\/www.ramedigitalstore.com\/#website","url":"https:\/\/www.ramedigitalstore.com\/","name":"Rame Digital","description":"Negozio digitale per eccellenza","publisher":{"@id":"https:\/\/www.ramedigitalstore.com\/#organization"},"potentialAction":[{"@type":"SearchAction","target":{"@type":"EntryPoint","urlTemplate":"https:\/\/www.ramedigitalstore.com\/?s={search_term_string}"},"query-input":{"@type":"PropertyValueSpecification","valueRequired":true,"valueName":"search_term_string"}}],"inLanguage":"it-IT"},{"@type":"Organization","@id":"https:\/\/www.ramedigitalstore.com\/#organization","name":"Rame Digital","url":"https:\/\/www.ramedigitalstore.com\/","logo":{"@type":"ImageObject","inLanguage":"it-IT","@id":"https:\/\/www.ramedigitalstore.com\/#\/schema\/logo\/image\/","url":"https:\/\/www.ramedigitalstore.com\/wp-content\/uploads\/2021\/04\/Logo-new-quadrato-1-e1619205976915.png","contentUrl":"https:\/\/www.ramedigitalstore.com\/wp-content\/uploads\/2021\/04\/Logo-new-quadrato-1-e1619205976915.png","width":256,"height":256,"caption":"Rame Digital"},"image":{"@id":"https:\/\/www.ramedigitalstore.com\/#\/schema\/logo\/image\/"},"sameAs":["https:\/\/www.facebook.com\/RameDigitalOfficial","https:\/\/www.instagram.com\/rame_digital_official\/"]}]}},"jetpack_sharing_enabled":true,"_links":{"self":[{"href":"https:\/\/www.ramedigitalstore.com\/ita\/wp-json\/wp\/v2\/product\/2713","targetHints":{"allow":["GET"]}}],"collection":[{"href":"https:\/\/www.ramedigitalstore.com\/ita\/wp-json\/wp\/v2\/product"}],"about":[{"href":"https:\/\/www.ramedigitalstore.com\/ita\/wp-json\/wp\/v2\/types\/product"}],"version-history":[{"count":1,"href":"https:\/\/www.ramedigitalstore.com\/ita\/wp-json\/wp\/v2\/product\/2713\/revisions"}],"predecessor-version":[{"id":5025,"href":"https:\/\/www.ramedigitalstore.com\/ita\/wp-json\/wp\/v2\/product\/2713\/revisions\/5025"}],"wp:featuredmedia":[{"embeddable":true,"href":"https:\/\/www.ramedigitalstore.com\/ita\/wp-json\/wp\/v2\/media\/2714"}],"wp:attachment":[{"href":"https:\/\/www.ramedigitalstore.com\/ita\/wp-json\/wp\/v2\/media?parent=2713"}],"wp:term":[{"taxonomy":"product_brand","embeddable":true,"href":"https:\/\/www.ramedigitalstore.com\/ita\/wp-json\/wp\/v2\/product_brand?post=2713"},{"taxonomy":"product_cat","embeddable":true,"href":"https:\/\/www.ramedigitalstore.com\/ita\/wp-json\/wp\/v2\/product_cat?post=2713"},{"taxonomy":"product_tag","embeddable":true,"href":"https:\/\/www.ramedigitalstore.com\/ita\/wp-json\/wp\/v2\/product_tag?post=2713"}],"curies":[{"name":"wp","href":"https:\/\/api.w.org\/{rel}","templated":true}]}}