{"id":2855,"date":"2022-03-24T14:45:51","date_gmt":"2022-03-24T14:45:51","guid":{"rendered":"https:\/\/www.ramedigitalstore.com\/disclaimer\/"},"modified":"2022-05-14T12:32:16","modified_gmt":"2022-05-14T12:32:16","slug":"disclaimer","status":"publish","type":"page","link":"https:\/\/www.ramedigitalstore.com\/pt\/isencao-de-responsabilidade\/","title":{"rendered":"Isen\u00e7\u00e3o de responsabilidade"},"content":{"rendered":"<div data-elementor-type=\"wp-page\" data-elementor-id=\"2855\" class=\"elementor elementor-2855\" data-elementor-post-type=\"page\">\n\t\t\t\t\t\t<section data-particle_enable=\"false\" data-particle-mobile-disabled=\"false\" class=\"elementor-section elementor-top-section elementor-element elementor-element-8534492 elementor-section-boxed elementor-section-height-default elementor-section-height-default\" data-id=\"8534492\" data-element_type=\"section\" data-e-type=\"section\">\n\t\t\t\t\t\t<div class=\"elementor-container elementor-column-gap-default\">\n\t\t\t\t\t<div class=\"elementor-column elementor-col-100 elementor-top-column elementor-element elementor-element-32d8ca9\" data-id=\"32d8ca9\" data-element_type=\"column\" data-e-type=\"column\">\n\t\t\t<div class=\"elementor-widget-wrap elementor-element-populated\">\n\t\t\t\t\t\t<div class=\"elementor-element elementor-element-83bffeb elementor-widget elementor-widget-text-editor\" data-id=\"83bffeb\" data-element_type=\"widget\" data-e-type=\"widget\" data-widget_type=\"text-editor.default\">\n\t\t\t\t<div class=\"elementor-widget-container\">\n\t\t\t\t\t\t\t\t\t<p style=\"font-style: normal; font-variant-ligatures: normal; font-variant-caps: normal; font-weight: 400; font-size: 14px; font-family: Poppins, -apple-system, BlinkMacSystemFont, 'Segoe UI', Roboto, Oxygen-Sans, Ubuntu, Cantarell, 'Helvetica Neue', sans-serif;\">A Rame Digital est\u00e1 comprometida em manter este site atualizado e preciso. No entanto, caso voc\u00ea encontre algo incorreto ou desatualizado, agradec\u00edamos que nos avisasse. Favor indicar em que parte do site voc\u00ea leu as informa\u00e7\u00f5es. Analisaremos isto o mais r\u00e1pido poss\u00edvel. Por favor, envie sua resposta por e-mail para:\u00a0<span class=\"cmplz-obfuscate\">moc.erotslatigidemar@ofni<\/span>.<\/p><p style=\"font-style: normal; font-variant-ligatures: normal; font-variant-caps: normal; font-weight: 400; font-size: 14px; font-family: Poppins, -apple-system, BlinkMacSystemFont, 'Segoe UI', Roboto, Oxygen-Sans, Ubuntu, Cantarell, 'Helvetica Neue', sans-serif;\">N\u00e3o somos respons\u00e1veis por perdas resultantes de imprecis\u00f5es ou incompletas, nem por perdas resultantes de problemas causados ou inerentes \u00e0 dissemina\u00e7\u00e3o de informa\u00e7\u00f5es atrav\u00e9s da Internet, tais como interrup\u00e7\u00f5es ou interrup\u00e7\u00f5es. Ao utilizar formul\u00e1rios da web, nos esfor\u00e7amos para limitar ao m\u00ednimo o n\u00famero de campos requeridos. Por qualquer perda sofrida como resultado do uso de dados, conselhos ou id\u00e9ias fornecidas pela ou em nome da Rame Digital atrav\u00e9s deste website, a Rame Digital n\u00e3o aceita nenhuma responsabilidade.<\/p><p style=\"font-style: normal; font-variant-ligatures: normal; font-variant-caps: normal; font-weight: 400; font-size: 14px; font-family: Poppins, -apple-system, BlinkMacSystemFont, 'Segoe UI', Roboto, Oxygen-Sans, Ubuntu, Cantarell, 'Helvetica Neue', sans-serif;\">As respostas e consultas de privacidade enviadas por e-mail ou usando um formul\u00e1rio web ser\u00e3o tratadas da mesma forma que as cartas. Isto significa que voc\u00ea pode esperar uma resposta nossa no prazo m\u00e1ximo de 1 m\u00eas. No caso de solicita\u00e7\u00f5es complexas, n\u00f3s o informaremos dentro de 1 m\u00eas se precisarmos de um per\u00edodo m\u00e1ximo de 3 meses.<\/p><p style=\"font-style: normal; font-variant-ligatures: normal; font-variant-caps: normal; font-weight: 400; font-size: 14px; font-family: Poppins, -apple-system, BlinkMacSystemFont, 'Segoe UI', Roboto, Oxygen-Sans, Ubuntu, Cantarell, 'Helvetica Neue', sans-serif;\">Quaisquer dados pessoais que voc\u00ea nos fornecer no contexto de sua resposta ou solicita\u00e7\u00e3o de informa\u00e7\u00f5es s\u00f3 ser\u00e3o utilizados de acordo com nossa declara\u00e7\u00e3o de privacidade.<\/p><p style=\"font-style: normal; font-variant-ligatures: normal; font-variant-caps: normal; font-weight: 400; font-size: 14px; font-family: Poppins, -apple-system, BlinkMacSystemFont, 'Segoe UI', Roboto, Oxygen-Sans, Ubuntu, Cantarell, 'Helvetica Neue', sans-serif;\">A Rame Digital far\u00e1 todos os esfor\u00e7os razo\u00e1veis para proteger seus sistemas contra qualquer forma de uso ilegal. A Rame Digital implementar\u00e1 medidas t\u00e9cnicas e organizacionais adequadas para este fim, levando em conta, entre outras coisas, o estado da t\u00e9cnica. Entretanto, n\u00e3o ser\u00e1 respons\u00e1vel por qualquer perda, direta e\/ou indireta, sofrida por um usu\u00e1rio do site, que surja como resultado do uso ilegal de seus sistemas por um terceiro.<\/p><p style=\"font-style: normal; font-variant-ligatures: normal; font-variant-caps: normal; font-weight: 400; font-size: 14px; font-family: Poppins, -apple-system, BlinkMacSystemFont, 'Segoe UI', Roboto, Oxygen-Sans, Ubuntu, Cantarell, 'Helvetica Neue', sans-serif;\">A Rame Digital n\u00e3o se responsabiliza pelo conte\u00fado dos sites para os quais ou a partir dos quais \u00e9 feito um hyperlink ou outra refer\u00eancia. Os produtos ou servi\u00e7os oferecidos por terceiros estar\u00e3o sujeitos aos termos e condi\u00e7\u00f5es aplic\u00e1veis desses terceiros.<\/p><p style=\"font-style: normal; font-variant-ligatures: normal; font-variant-caps: normal; font-weight: 400; font-size: 14px; font-family: Poppins, -apple-system, BlinkMacSystemFont, 'Segoe UI', Roboto, Oxygen-Sans, Ubuntu, Cantarell, 'Helvetica Neue', sans-serif;\">Todos os direitos de propriedade intelectual sobre o conte\u00fado deste site s\u00e3o investidos na Rame Digital.<\/p><p style=\"font-style: normal; font-variant-ligatures: normal; font-variant-caps: normal; font-weight: 400; font-size: 14px; font-family: Poppins, -apple-system, BlinkMacSystemFont, 'Segoe UI', Roboto, Oxygen-Sans, Ubuntu, Cantarell, 'Helvetica Neue', sans-serif;\">A c\u00f3pia, divulga\u00e7\u00e3o e qualquer outro uso desses materiais n\u00e3o \u00e9 permitido sem a permiss\u00e3o por escrito da Rame Digital, exceto e somente na medida em que de outra forma estipulado em regulamentos de lei obrigat\u00f3ria (como o direito de citar), a menos que o conte\u00fado espec\u00edfico dite o contr\u00e1rio.<\/p><p style=\"font-style: normal; font-variant-ligatures: normal; font-variant-caps: normal; font-weight: 400; font-size: 14px; font-family: Poppins, -apple-system, BlinkMacSystemFont, 'Segoe UI', Roboto, Oxygen-Sans, Ubuntu, Cantarell, 'Helvetica Neue', sans-serif;\">Se voc\u00ea tiver qualquer d\u00favida ou problema com a acessibilidade do site, n\u00e3o hesite em entrar em contato conosco.<\/p>\t\t\t\t\t\t\t\t<\/div>\n\t\t\t\t<\/div>\n\t\t\t\t\t<\/div>\n\t\t<\/div>\n\t\t\t\t\t<\/div>\n\t\t<\/section>\n\t\t\t\t<\/div>","protected":false},"excerpt":{"rendered":"<p>Rame Digital is committed to keeping this website up to date and accurate. Should you nevertheless encounter anything that is incorrect or out of date, we would appreciate it if you could let us know. Please indicate where on the website you read the information. We will then look at this as soon as possible. [&hellip;]<\/p>\n","protected":false},"author":1,"featured_media":0,"parent":0,"menu_order":0,"comment_status":"closed","ping_status":"closed","template":"","meta":{"footnotes":""},"class_list":["post-2855","page","type-page","status-publish","hentry"],"yoast_head":"<!-- This site is optimized with the Yoast SEO Premium plugin v21.9 (Yoast SEO v27.5) - https:\/\/yoast.com\/product\/yoast-seo-premium-wordpress\/ -->\n<title>Disclaimer - Rame Digital<\/title>\n<meta name=\"robots\" content=\"index, follow, max-snippet:-1, max-image-preview:large, max-video-preview:-1\" \/>\n<link rel=\"canonical\" href=\"https:\/\/www.ramedigitalstore.com\/pt\/isencao-de-responsabilidade\/\" \/>\n<meta property=\"og:locale\" content=\"pt_BR\" \/>\n<meta property=\"og:type\" content=\"article\" \/>\n<meta property=\"og:title\" content=\"Disclaimer\" \/>\n<meta property=\"og:description\" content=\"Rame Digital is committed to keeping this website up to date and accurate. Should you nevertheless encounter anything that is incorrect or out of date, we would appreciate it if you could let us know. Please indicate where on the website you read the information. We will then look at this as soon as possible. [&hellip;]\" \/>\n<meta property=\"og:url\" content=\"https:\/\/www.ramedigitalstore.com\/pt\/isencao-de-responsabilidade\/\" \/>\n<meta property=\"og:site_name\" content=\"Rame Digital\" \/>\n<meta property=\"article:publisher\" content=\"https:\/\/www.facebook.com\/RameDigitalOfficial\" \/>\n<meta property=\"article:modified_time\" content=\"2022-05-14T12:32:16+00:00\" \/>\n<meta name=\"twitter:card\" content=\"summary_large_image\" \/>\n<meta name=\"twitter:label1\" content=\"Est. tempo de leitura\" \/>\n\t<meta name=\"twitter:data1\" content=\"2 minutos\" \/>\n<script type=\"application\/ld+json\" class=\"yoast-schema-graph\">{\"@context\":\"https:\\\/\\\/schema.org\",\"@graph\":[{\"@type\":\"WebPage\",\"@id\":\"https:\\\/\\\/www.ramedigitalstore.com\\\/disclaimer\\\/\",\"url\":\"https:\\\/\\\/www.ramedigitalstore.com\\\/disclaimer\\\/\",\"name\":\"Disclaimer - Rame Digital\",\"isPartOf\":{\"@id\":\"https:\\\/\\\/www.ramedigitalstore.com\\\/#website\"},\"datePublished\":\"2022-03-24T14:45:51+00:00\",\"dateModified\":\"2022-05-14T12:32:16+00:00\",\"breadcrumb\":{\"@id\":\"https:\\\/\\\/www.ramedigitalstore.com\\\/disclaimer\\\/#breadcrumb\"},\"inLanguage\":\"pt-BR\",\"potentialAction\":[{\"@type\":\"ReadAction\",\"target\":[\"https:\\\/\\\/www.ramedigitalstore.com\\\/disclaimer\\\/\"]}]},{\"@type\":\"BreadcrumbList\",\"@id\":\"https:\\\/\\\/www.ramedigitalstore.com\\\/disclaimer\\\/#breadcrumb\",\"itemListElement\":[{\"@type\":\"ListItem\",\"position\":1,\"name\":\"Home\",\"item\":\"https:\\\/\\\/www.ramedigitalstore.com\\\/\"},{\"@type\":\"ListItem\",\"position\":2,\"name\":\"Disclaimer\"}]},{\"@type\":\"WebSite\",\"@id\":\"https:\\\/\\\/www.ramedigitalstore.com\\\/#website\",\"url\":\"https:\\\/\\\/www.ramedigitalstore.com\\\/\",\"name\":\"Rame Digital\",\"description\":\"Digital store par excellence\",\"publisher\":{\"@id\":\"https:\\\/\\\/www.ramedigitalstore.com\\\/#organization\"},\"potentialAction\":[{\"@type\":\"SearchAction\",\"target\":{\"@type\":\"EntryPoint\",\"urlTemplate\":\"https:\\\/\\\/www.ramedigitalstore.com\\\/?s={search_term_string}\"},\"query-input\":{\"@type\":\"PropertyValueSpecification\",\"valueRequired\":true,\"valueName\":\"search_term_string\"}}],\"inLanguage\":\"pt-BR\"},{\"@type\":\"Organization\",\"@id\":\"https:\\\/\\\/www.ramedigitalstore.com\\\/#organization\",\"name\":\"Rame Digital\",\"url\":\"https:\\\/\\\/www.ramedigitalstore.com\\\/\",\"logo\":{\"@type\":\"ImageObject\",\"inLanguage\":\"pt-BR\",\"@id\":\"https:\\\/\\\/www.ramedigitalstore.com\\\/#\\\/schema\\\/logo\\\/image\\\/\",\"url\":\"https:\\\/\\\/www.ramedigitalstore.com\\\/wp-content\\\/uploads\\\/2021\\\/04\\\/Logo-new-quadrato-1-e1619205976915.png\",\"contentUrl\":\"https:\\\/\\\/www.ramedigitalstore.com\\\/wp-content\\\/uploads\\\/2021\\\/04\\\/Logo-new-quadrato-1-e1619205976915.png\",\"width\":256,\"height\":256,\"caption\":\"Rame Digital\"},\"image\":{\"@id\":\"https:\\\/\\\/www.ramedigitalstore.com\\\/#\\\/schema\\\/logo\\\/image\\\/\"},\"sameAs\":[\"https:\\\/\\\/www.facebook.com\\\/RameDigitalOfficial\",\"https:\\\/\\\/www.instagram.com\\\/rame_digital_official\\\/\"]}]}<\/script>\n<!-- \/ Yoast SEO Premium plugin. -->","yoast_head_json":{"title":"Isen\u00e7\u00e3o de responsabilidade - Rame Digital","robots":{"index":"index","follow":"follow","max-snippet":"max-snippet:-1","max-image-preview":"max-image-preview:large","max-video-preview":"max-video-preview:-1"},"canonical":"https:\/\/www.ramedigitalstore.com\/pt\/isencao-de-responsabilidade\/","og_locale":"pt_BR","og_type":"article","og_title":"Disclaimer","og_description":"Rame Digital is committed to keeping this website up to date and accurate. Should you nevertheless encounter anything that is incorrect or out of date, we would appreciate it if you could let us know. Please indicate where on the website you read the information. We will then look at this as soon as possible. [&hellip;]","og_url":"https:\/\/www.ramedigitalstore.com\/pt\/isencao-de-responsabilidade\/","og_site_name":"Rame Digital","article_publisher":"https:\/\/www.facebook.com\/RameDigitalOfficial","article_modified_time":"2022-05-14T12:32:16+00:00","twitter_card":"summary_large_image","twitter_misc":{"Est. tempo de leitura":"2 minutos"},"schema":{"@context":"https:\/\/schema.org","@graph":[{"@type":"WebPage","@id":"https:\/\/www.ramedigitalstore.com\/disclaimer\/","url":"https:\/\/www.ramedigitalstore.com\/disclaimer\/","name":"Isen\u00e7\u00e3o de responsabilidade - Rame Digital","isPartOf":{"@id":"https:\/\/www.ramedigitalstore.com\/#website"},"datePublished":"2022-03-24T14:45:51+00:00","dateModified":"2022-05-14T12:32:16+00:00","breadcrumb":{"@id":"https:\/\/www.ramedigitalstore.com\/disclaimer\/#breadcrumb"},"inLanguage":"pt-BR","potentialAction":[{"@type":"ReadAction","target":["https:\/\/www.ramedigitalstore.com\/disclaimer\/"]}]},{"@type":"BreadcrumbList","@id":"https:\/\/www.ramedigitalstore.com\/disclaimer\/#breadcrumb","itemListElement":[{"@type":"ListItem","position":1,"name":"Home","item":"https:\/\/www.ramedigitalstore.com\/"},{"@type":"ListItem","position":2,"name":"Disclaimer"}]},{"@type":"WebSite","@id":"https:\/\/www.ramedigitalstore.com\/#website","url":"https:\/\/www.ramedigitalstore.com\/","name":"Rame Digital","description":"Loja digital por excel\u00eancia","publisher":{"@id":"https:\/\/www.ramedigitalstore.com\/#organization"},"potentialAction":[{"@type":"SearchAction","target":{"@type":"EntryPoint","urlTemplate":"https:\/\/www.ramedigitalstore.com\/?s={search_term_string}"},"query-input":{"@type":"PropertyValueSpecification","valueRequired":true,"valueName":"search_term_string"}}],"inLanguage":"pt-BR"},{"@type":"Organization","@id":"https:\/\/www.ramedigitalstore.com\/#organization","name":"Rame Digital","url":"https:\/\/www.ramedigitalstore.com\/","logo":{"@type":"ImageObject","inLanguage":"pt-BR","@id":"https:\/\/www.ramedigitalstore.com\/#\/schema\/logo\/image\/","url":"https:\/\/www.ramedigitalstore.com\/wp-content\/uploads\/2021\/04\/Logo-new-quadrato-1-e1619205976915.png","contentUrl":"https:\/\/www.ramedigitalstore.com\/wp-content\/uploads\/2021\/04\/Logo-new-quadrato-1-e1619205976915.png","width":256,"height":256,"caption":"Rame Digital"},"image":{"@id":"https:\/\/www.ramedigitalstore.com\/#\/schema\/logo\/image\/"},"sameAs":["https:\/\/www.facebook.com\/RameDigitalOfficial","https:\/\/www.instagram.com\/rame_digital_official\/"]}]}},"jetpack_sharing_enabled":true,"_links":{"self":[{"href":"https:\/\/www.ramedigitalstore.com\/pt\/wp-json\/wp\/v2\/pages\/2855","targetHints":{"allow":["GET"]}}],"collection":[{"href":"https:\/\/www.ramedigitalstore.com\/pt\/wp-json\/wp\/v2\/pages"}],"about":[{"href":"https:\/\/www.ramedigitalstore.com\/pt\/wp-json\/wp\/v2\/types\/page"}],"author":[{"embeddable":true,"href":"https:\/\/www.ramedigitalstore.com\/pt\/wp-json\/wp\/v2\/users\/1"}],"replies":[{"embeddable":true,"href":"https:\/\/www.ramedigitalstore.com\/pt\/wp-json\/wp\/v2\/comments?post=2855"}],"version-history":[{"count":0,"href":"https:\/\/www.ramedigitalstore.com\/pt\/wp-json\/wp\/v2\/pages\/2855\/revisions"}],"wp:attachment":[{"href":"https:\/\/www.ramedigitalstore.com\/pt\/wp-json\/wp\/v2\/media?parent=2855"}],"curies":[{"name":"wp","href":"https:\/\/api.w.org\/{rel}","templated":true}]}}