{"id":1258,"date":"2021-04-21T12:28:57","date_gmt":"2021-04-21T12:28:57","guid":{"rendered":"https:\/\/www.ramedigitalstore.com\/?post_type=product&#038;p=1258"},"modified":"2025-01-06T18:02:46","modified_gmt":"2025-01-06T18:02:46","slug":"xbox-game-pass-ultimate-1-year-key","status":"publish","type":"product","link":"https:\/\/www.ramedigitalstore.com\/pt\/prodotto\/xbox-game-pass-ultimate-1-year-key\/","title":{"rendered":"Xbox Game Pass Ultimate 1 Ano - KEY"},"content":{"rendered":"<h3 style=\"text-align: center;\"><strong><span style=\"color: #8f00ff;\">Ative sua assinatura hoje mesmo!<\/span><\/strong><\/h3>\n<h2 class=\"c-heading-1 f-lean\" style=\"text-align: center;\"><strong>Xbox Game Pass Ultimate 12 Meses KEY<\/strong><\/h2>\n<h3 style=\"text-align: center;\">=<\/h3>\n<h2 style=\"text-align: center;\"><strong>Ouro Vivo + Passe de Jogo + EA Play<\/strong><\/h2>\n<p>&nbsp;<\/p>\n<p style=\"text-align: center;\">\u00a0Inclui todos os benef\u00edcios do Xbox Live Gold, mais de 100 jogos de alta qualidade gratuitos para console, PC e dispositivos m\u00f3veis Android da nuvem (Beta), e uma assinatura EA Play, tudo por um pre\u00e7o mensal baixo.<\/p>\n<h3 class=\"m-banner zpt jumpgcontainer\" style=\"text-align: center;\" data-grid=\"col-12\" data-bi-id=\"c1m2r6a3\" data-bi-name=\"c1m2r6a3\">COM o Xbox Game Pass Ultimate<\/h3>\n<div class=\"banner-background\" data-bi-id=\"c2m2r6a3\" data-bi-name=\"c2m2r6a3\">\n<div class=\"m-banner zpt\" data-grid=\"col-12\" data-bi-id=\"c1c2m2r6a3\" data-bi-name=\"c1c2m2r6a3\">\n<p class=\"c-paragraph-2 x-hidden-focus\" style=\"text-align: center;\">Estar entre os primeiros a jogar os \u00faltimos t\u00edtulos do Xbox Game Studios e ID@Xbox, dispon\u00edveis para os membros do Xbox Game Pass no mesmo dia de seu lan\u00e7amento global.<\/p>\n<\/div>\n<\/div>\n<h3 class=\"c-heading-1 f-lean\" style=\"text-align: center;\">Xbox Game Pass Ultimate e EA Play<\/h3>\n<p style=\"text-align: center;\">Aproveite os principais t\u00edtulos da EA e os benef\u00edcios dentro do jogo com o EA Play. Os membros j\u00e1 podem jogar no console. Em 2021, Xbox Game Pass para PC e os membros receber\u00e3o o EA Play no Windows 10 sem custo extra.<\/p>\n<h3 class=\"c-heading-2 f-lean\" style=\"text-align: center;\">Brinque com os dispositivos que voc\u00ea possui<\/h3>\n<p class=\"c-paragraph-2 x-hidden-focus\" style=\"text-align: center;\">Baixe e jogue jogos diretamente em seu console Xbox ou PC Windows 10, ou jogue jogos em seu celular Android ou tablet a partir da nuvem (Beta) com o aplicativo Game Pass mobile, entretanto .<\/p>\n<p>&nbsp;<\/p>\n<h3 style=\"text-align: center;\">Comprar Xbox Game Pass Ultimate - barato e seguro com Rame Digital<\/h3>\n<p style=\"text-align: center;\">Se voc\u00ea decidiu comprar o Game Pass Ultimate, voc\u00ea pode comprar a assinatura completa no <a href=\"https:\/\/www.ramecorporation.com\/\">Rame Digital<\/a> em condi\u00e7\u00f5es favor\u00e1veis. Os compradores se beneficiam aqui da qualidade do servi\u00e7o testado e desfrutam de um processo de compra extremamente simples e descomplicado. A assinatura desejada n\u00e3o \u00e9 enviada ao cliente de forma inc\u00f4moda como um CD \/ DVD, conseq\u00fcentemente, mas apenas como uma KEY pelo correio. Assim, o cliente recebe sua mercadoria imediatamente ap\u00f3s a compra e recebimento do dinheiro. Para saber mais, por favor leia: <a href=\"https:\/\/www.ramecorporation.com\/terms-and-condictions\/\">termos e condi\u00e7\u00f5es<\/a> e <a href=\"https:\/\/www.ramecorporation.com\/privacy-policy\/\">privacidade <\/a>ou <a href=\"https:\/\/www.ramecorporation.com\/faqs\/\">FAQs <\/a><\/p>\n<p style=\"text-align: center;\">Com a Rame Digital, entretanto, a assist\u00eancia \u00e9 sempre gratuita.<\/p>\n<h3 class=\"text-center\" style=\"text-align: center;\">Qualquer que seja o dispositivo que voc\u00ea utilize, com o Xbox Game Pass ultimate.<\/h3>\n<ul class=\"list list-withIcons\" style=\"text-align: center;\">\n<li><img decoding=\"async\" src=\"https:\/\/static3.avast.com\/20001227\/web\/i\/v2\/components\/win.svg\" alt=\"\" \/>Janelas 10<\/li>\n<li>gr\u00e1tis todos os Xbox<\/li>\n<\/ul>\n<h2 class=\"text-center\" style=\"text-align: center;\"><\/h2>\n<h3 class=\"text-center\" style=\"text-align: center;\"><strong>Entrega r\u00e1pida, m\u00e1ximo de 6H por e-mail.<\/strong><\/h3>\n<h4 style=\"text-align: center;\">Nenhum reembolso \u00e9 feito a ningu\u00e9m que n\u00e3o leia a descri\u00e7\u00e3o.<\/h4>\n<p style=\"text-align: center;\"><strong>ATEN\u00c7\u00c3O!<\/strong> Para ativar uma assinatura de sua conta, voc\u00ea n\u00e3o deve ter assinaturas ativas do Xbox Game Pass Ultimate neste momento.<\/p>\n<p style=\"text-align: center;\" data-spm-anchor-id=\"a2a0e.pdp.product_detail.i2.1a496495WHtRk8\">Se voc\u00ea tem uma assinatura ativa do Xbox Game Pass Ultimate, desative sua assinatura Xbox Game Pass Ultimate ou espere at\u00e9 que ela expire e depois compre o c\u00f3digo.<\/p>\n<p style=\"text-align: center;\"><strong>Mais de uma chave ser\u00e1 fornecida. O procedimento de ativa\u00e7\u00e3o ser\u00e1 fornecido por e-mail.<\/strong><\/p>\n<p style=\"text-align: center;\">Junte-se a <a href=\"https:\/\/www.facebook.com\/RameDigitalOfficial\/\">Facebook<\/a><\/p>","protected":false},"excerpt":{"rendered":"<h5 style=\"text-align: center;\"><span style=\"color: #ff0000;\"><em>N\u00e3o perca esta oferta! N\u00e3o vai ficar para sempre!<\/em><\/span><\/h5>\n<div class=\"hd-listinghead\" style=\"font-size: 19pt; font-family: Arial; text-align: center;\">\n<div class=\"hd-listinghead\" style=\"font-size: 19pt; font-family: Arial; text-align: center;\">\n<h3 style=\"text-align: center;\"><strong><span style=\"color: #8f00ff;\">Ativar<\/span><\/strong><strong><span style=\"color: #8f00ff;\"> sua assinatura hoje!<\/span><\/strong><\/h3>\n<\/div>\n<div class=\"hd-listinghead\" style=\"font-size: 15pt; font-family: Arial; text-align: center;\">\n<p style=\"text-align: center;\"><strong>\u2713<\/strong>\u00a0<strong>KEY<\/strong>!<br \/>\n<strong>\u2713<\/strong>\u00a0R\u00e1pido e seguro.<br \/>\n<strong>\u2713<\/strong>\u00a07\/7 Suporte ao cliente.<br \/>\n<strong>\u2713<\/strong>\u00a0Entrega em at\u00e9 6 horas por e-mail<br \/>\n<strong>\u2713<\/strong> PODE ATIVAR EM: IT\u00c1LIA E NO MUNDO<\/p>\n<\/div>\n<p><img fetchpriority=\"high\" decoding=\"async\" class=\"alignnone wp-image-2400 size-large\" src=\"https:\/\/www.ramedigitalstore.com\/wp-content\/uploads\/2022\/03\/trustpilot-stars-1024x140.png\" alt=\"\" width=\"800\" height=\"109\" srcset=\"https:\/\/www.ramedigitalstore.com\/wp-content\/uploads\/2022\/03\/trustpilot-stars-1024x140.png 1024w, https:\/\/www.ramedigitalstore.com\/wp-content\/uploads\/2022\/03\/trustpilot-stars-500x68.png 500w, https:\/\/www.ramedigitalstore.com\/wp-content\/uploads\/2022\/03\/trustpilot-stars-700x96.png 700w, https:\/\/www.ramedigitalstore.com\/wp-content\/uploads\/2022\/03\/trustpilot-stars-300x41.png 300w, https:\/\/www.ramedigitalstore.com\/wp-content\/uploads\/2022\/03\/trustpilot-stars-768x105.png 768w, https:\/\/www.ramedigitalstore.com\/wp-content\/uploads\/2022\/03\/trustpilot-stars-1536x210.png 1536w, https:\/\/www.ramedigitalstore.com\/wp-content\/uploads\/2022\/03\/trustpilot-stars-260x35.png 260w, https:\/\/www.ramedigitalstore.com\/wp-content\/uploads\/2022\/03\/trustpilot-stars-50x7.png 50w, https:\/\/www.ramedigitalstore.com\/wp-content\/uploads\/2022\/03\/trustpilot-stars-150x20.png 150w, https:\/\/www.ramedigitalstore.com\/wp-content\/uploads\/2022\/03\/trustpilot-stars-1320x180.png 1320w, https:\/\/www.ramedigitalstore.com\/wp-content\/uploads\/2022\/03\/trustpilot-stars-800x109.png 800w, https:\/\/www.ramedigitalstore.com\/wp-content\/uploads\/2022\/03\/trustpilot-stars.png 2000w\" sizes=\"(max-width: 800px) 100vw, 800px\" \/><\/p>\n<p><img decoding=\"async\" class=\"alignnone wp-image-2804 size-full\" src=\"https:\/\/www.ramedigitalstore.com\/wp-content\/uploads\/2021\/10\/Payment-accepted.png\" alt=\"\" width=\"1584\" height=\"92\" srcset=\"https:\/\/www.ramedigitalstore.com\/wp-content\/uploads\/2021\/10\/Payment-accepted.png 1584w, https:\/\/www.ramedigitalstore.com\/wp-content\/uploads\/2021\/10\/Payment-accepted-500x29.png 500w, https:\/\/www.ramedigitalstore.com\/wp-content\/uploads\/2021\/10\/Payment-accepted-700x41.png 700w, https:\/\/www.ramedigitalstore.com\/wp-content\/uploads\/2021\/10\/Payment-accepted-300x17.png 300w, https:\/\/www.ramedigitalstore.com\/wp-content\/uploads\/2021\/10\/Payment-accepted-1024x59.png 1024w, https:\/\/www.ramedigitalstore.com\/wp-content\/uploads\/2021\/10\/Payment-accepted-768x45.png 768w, https:\/\/www.ramedigitalstore.com\/wp-content\/uploads\/2021\/10\/Payment-accepted-1536x89.png 1536w, https:\/\/www.ramedigitalstore.com\/wp-content\/uploads\/2021\/10\/Payment-accepted-18x1.png 18w, https:\/\/www.ramedigitalstore.com\/wp-content\/uploads\/2021\/10\/Payment-accepted-260x15.png 260w, https:\/\/www.ramedigitalstore.com\/wp-content\/uploads\/2021\/10\/Payment-accepted-50x3.png 50w, https:\/\/www.ramedigitalstore.com\/wp-content\/uploads\/2021\/10\/Payment-accepted-150x9.png 150w, https:\/\/www.ramedigitalstore.com\/wp-content\/uploads\/2021\/10\/Payment-accepted-1320x77.png 1320w, https:\/\/www.ramedigitalstore.com\/wp-content\/uploads\/2021\/10\/Payment-accepted-800x46.png 800w\" sizes=\"(max-width: 1584px) 100vw, 1584px\" \/><\/p>\n<\/div>\n<h3 class=\"c-heading-1 f-lean\" style=\"text-align: center;\"><strong class=\"x-hidden-focus\"><a href=\"https:\/\/www.ramedigitalstore.com\/pt\/prodotto\/xbox-game-pass-ultimate-1-month-key-copy\/\"><span style=\"color: #8f00ff;\">1 M\u00eas<\/span><\/a>\u00a0<\/strong>\/ <strong class=\"x-hidden-focus\"><a href=\"https:\/\/www.ramedigitalstore.com\/pt\/prodotto\/xbox-game-pass-ultimate-3-meses-key\/\"><span style=\"color: #8f00ff;\">3 Meses<\/span><\/a>\u00a0<\/strong>\/ <a href=\"https:\/\/www.ramedigitalstore.com\/pt\/prodotto\/xbox-game-pass-ultimate-6-meses-key\/\"><strong><span style=\"color: #8f00ff;\">6 Meses<\/span><\/strong><\/a><\/h3>","protected":false},"featured_media":1295,"template":"","meta":[],"product_brand":[],"product_cat":[111,18,19],"product_tag":[5,31,32,21],"class_list":{"0":"post-1258","1":"product","2":"type-product","3":"status-publish","4":"has-post-thumbnail","6":"product_cat-classic-key","7":"product_cat-game","8":"product_cat-xbox-pc","9":"product_tag-key-global","10":"product_tag-xbod-game-pass-ultimate","11":"product_tag-xbod-game-pass-ultimate-1-years","12":"product_tag-xbox","14":"first","15":"outofstock","16":"sale","17":"virtual","18":"purchasable","19":"product-type-simple"},"yoast_head":"<!-- This site is optimized with the Yoast SEO Premium plugin v21.9 (Yoast SEO v27.5) - https:\/\/yoast.com\/product\/yoast-seo-premium-wordpress\/ -->\n<title>Xbox Game Pass Ultimate - 1 Year - Key- Global - Rame Digital<\/title>\n<meta name=\"description\" content=\"Xbox Game Pass Ultimate 3\/6\/12 Months Almost free. the best gaming service at the best price. It has never been so reliable!\" \/>\n<meta name=\"robots\" content=\"index, follow, max-snippet:-1, max-image-preview:large, max-video-preview:-1\" \/>\n<link rel=\"canonical\" href=\"https:\/\/www.ramedigitalstore.com\/pt\/prodotto\/xbox-game-pass-ultimate-1-year-key\/\" \/>\n<meta property=\"og:locale\" content=\"pt_BR\" \/>\n<meta property=\"og:type\" content=\"article\" \/>\n<meta property=\"og:title\" content=\"Xbox Game Pass Ultimate 1 Year - KEY\" \/>\n<meta property=\"og:description\" content=\"Xbox Game Pass Ultimate 3\/6\/12 Months Almost free. the best gaming service at the best price. It has never been so reliable!\" \/>\n<meta property=\"og:url\" content=\"https:\/\/www.ramedigitalstore.com\/pt\/prodotto\/xbox-game-pass-ultimate-1-year-key\/\" \/>\n<meta property=\"og:site_name\" content=\"Rame Digital\" \/>\n<meta property=\"article:publisher\" content=\"https:\/\/www.facebook.com\/RameDigitalOfficial\" \/>\n<meta property=\"article:modified_time\" content=\"2025-01-06T18:02:46+00:00\" \/>\n<meta property=\"og:image\" content=\"https:\/\/www.ramedigitalstore.com\/wp-content\/uploads\/2021\/04\/1-anno-quadrato-top-new-off-new-1-1.jpg\" \/>\n\t<meta property=\"og:image:width\" content=\"1600\" \/>\n\t<meta property=\"og:image:height\" content=\"1600\" \/>\n\t<meta property=\"og:image:type\" content=\"image\/jpeg\" \/>\n<meta name=\"twitter:card\" content=\"summary_large_image\" \/>\n<meta name=\"twitter:label1\" content=\"Est. tempo de leitura\" \/>\n\t<meta name=\"twitter:data1\" content=\"2 minutos\" \/>\n<script type=\"application\/ld+json\" class=\"yoast-schema-graph\">{\"@context\":\"https:\\\/\\\/schema.org\",\"@graph\":[{\"@type\":\"WebPage\",\"@id\":\"https:\\\/\\\/www.ramedigitalstore.com\\\/hu\\\/prodotto\\\/xbox-game-pass-ultimate-1-year-key\\\/\",\"url\":\"https:\\\/\\\/www.ramedigitalstore.com\\\/hu\\\/prodotto\\\/xbox-game-pass-ultimate-1-year-key\\\/\",\"name\":\"Xbox Game Pass Ultimate - 1 Year - Key- Global - Rame Digital\",\"isPartOf\":{\"@id\":\"https:\\\/\\\/www.ramedigitalstore.com\\\/#website\"},\"primaryImageOfPage\":{\"@id\":\"https:\\\/\\\/www.ramedigitalstore.com\\\/hu\\\/prodotto\\\/xbox-game-pass-ultimate-1-year-key\\\/#primaryimage\"},\"image\":{\"@id\":\"https:\\\/\\\/www.ramedigitalstore.com\\\/hu\\\/prodotto\\\/xbox-game-pass-ultimate-1-year-key\\\/#primaryimage\"},\"thumbnailUrl\":\"https:\\\/\\\/www.ramedigitalstore.com\\\/wp-content\\\/uploads\\\/2021\\\/04\\\/1-anno-quadrato-top-new-off-new-1-1.jpg\",\"datePublished\":\"2021-04-21T12:28:57+00:00\",\"dateModified\":\"2025-01-06T18:02:46+00:00\",\"description\":\"Xbox Game Pass Ultimate 3\\\/6\\\/12 Months Almost free. the best gaming service at the best price. It has never been so reliable!\",\"breadcrumb\":{\"@id\":\"https:\\\/\\\/www.ramedigitalstore.com\\\/hu\\\/prodotto\\\/xbox-game-pass-ultimate-1-year-key\\\/#breadcrumb\"},\"inLanguage\":\"pt-BR\",\"potentialAction\":[{\"@type\":\"ReadAction\",\"target\":[\"https:\\\/\\\/www.ramedigitalstore.com\\\/hu\\\/prodotto\\\/xbox-game-pass-ultimate-1-year-key\\\/\"]}]},{\"@type\":\"ImageObject\",\"inLanguage\":\"pt-BR\",\"@id\":\"https:\\\/\\\/www.ramedigitalstore.com\\\/hu\\\/prodotto\\\/xbox-game-pass-ultimate-1-year-key\\\/#primaryimage\",\"url\":\"https:\\\/\\\/www.ramedigitalstore.com\\\/wp-content\\\/uploads\\\/2021\\\/04\\\/1-anno-quadrato-top-new-off-new-1-1.jpg\",\"contentUrl\":\"https:\\\/\\\/www.ramedigitalstore.com\\\/wp-content\\\/uploads\\\/2021\\\/04\\\/1-anno-quadrato-top-new-off-new-1-1.jpg\",\"width\":1600,\"height\":1600},{\"@type\":\"BreadcrumbList\",\"@id\":\"https:\\\/\\\/www.ramedigitalstore.com\\\/hu\\\/prodotto\\\/xbox-game-pass-ultimate-1-year-key\\\/#breadcrumb\",\"itemListElement\":[{\"@type\":\"ListItem\",\"position\":1,\"name\":\"Home\",\"item\":\"https:\\\/\\\/www.ramedigitalstore.com\\\/\"},{\"@type\":\"ListItem\",\"position\":2,\"name\":\"Shop\",\"item\":\"https:\\\/\\\/www.ramedigitalstore.com\\\/shop\\\/\"},{\"@type\":\"ListItem\",\"position\":3,\"name\":\"Xbox Game Pass Ultimate 1 Year &#8211; KEY\"}]},{\"@type\":\"WebSite\",\"@id\":\"https:\\\/\\\/www.ramedigitalstore.com\\\/#website\",\"url\":\"https:\\\/\\\/www.ramedigitalstore.com\\\/\",\"name\":\"Rame Digital\",\"description\":\"Digital store par excellence\",\"publisher\":{\"@id\":\"https:\\\/\\\/www.ramedigitalstore.com\\\/#organization\"},\"potentialAction\":[{\"@type\":\"SearchAction\",\"target\":{\"@type\":\"EntryPoint\",\"urlTemplate\":\"https:\\\/\\\/www.ramedigitalstore.com\\\/?s={search_term_string}\"},\"query-input\":{\"@type\":\"PropertyValueSpecification\",\"valueRequired\":true,\"valueName\":\"search_term_string\"}}],\"inLanguage\":\"pt-BR\"},{\"@type\":\"Organization\",\"@id\":\"https:\\\/\\\/www.ramedigitalstore.com\\\/#organization\",\"name\":\"Rame Digital\",\"url\":\"https:\\\/\\\/www.ramedigitalstore.com\\\/\",\"logo\":{\"@type\":\"ImageObject\",\"inLanguage\":\"pt-BR\",\"@id\":\"https:\\\/\\\/www.ramedigitalstore.com\\\/#\\\/schema\\\/logo\\\/image\\\/\",\"url\":\"https:\\\/\\\/www.ramedigitalstore.com\\\/wp-content\\\/uploads\\\/2021\\\/04\\\/Logo-new-quadrato-1-e1619205976915.png\",\"contentUrl\":\"https:\\\/\\\/www.ramedigitalstore.com\\\/wp-content\\\/uploads\\\/2021\\\/04\\\/Logo-new-quadrato-1-e1619205976915.png\",\"width\":256,\"height\":256,\"caption\":\"Rame Digital\"},\"image\":{\"@id\":\"https:\\\/\\\/www.ramedigitalstore.com\\\/#\\\/schema\\\/logo\\\/image\\\/\"},\"sameAs\":[\"https:\\\/\\\/www.facebook.com\\\/RameDigitalOfficial\",\"https:\\\/\\\/www.instagram.com\\\/rame_digital_official\\\/\"]}]}<\/script>\n<!-- \/ Yoast SEO Premium plugin. -->","yoast_head_json":{"title":"Xbox Game Pass Ultimate - 1 Ano - Key- Global - Rame Digital","description":"Xbox Game Pass Ultimate 3\/6\/12 Meses Quase gr\u00e1tis. o melhor servi\u00e7o de jogos ao melhor pre\u00e7o. Nunca foi t\u00e3o confi\u00e1vel!","robots":{"index":"index","follow":"follow","max-snippet":"max-snippet:-1","max-image-preview":"max-image-preview:large","max-video-preview":"max-video-preview:-1"},"canonical":"https:\/\/www.ramedigitalstore.com\/pt\/prodotto\/xbox-game-pass-ultimate-1-year-key\/","og_locale":"pt_BR","og_type":"article","og_title":"Xbox Game Pass Ultimate 1 Year - KEY","og_description":"Xbox Game Pass Ultimate 3\/6\/12 Months Almost free. the best gaming service at the best price. It has never been so reliable!","og_url":"https:\/\/www.ramedigitalstore.com\/pt\/prodotto\/xbox-game-pass-ultimate-1-year-key\/","og_site_name":"Rame Digital","article_publisher":"https:\/\/www.facebook.com\/RameDigitalOfficial","article_modified_time":"2025-01-06T18:02:46+00:00","og_image":[{"width":1600,"height":1600,"url":"https:\/\/www.ramedigitalstore.com\/wp-content\/uploads\/2021\/04\/1-anno-quadrato-top-new-off-new-1-1.jpg","type":"image\/jpeg"}],"twitter_card":"summary_large_image","twitter_misc":{"Est. tempo de leitura":"2 minutos"},"schema":{"@context":"https:\/\/schema.org","@graph":[{"@type":"WebPage","@id":"https:\/\/www.ramedigitalstore.com\/hu\/prodotto\/xbox-game-pass-ultimate-1-year-key\/","url":"https:\/\/www.ramedigitalstore.com\/hu\/prodotto\/xbox-game-pass-ultimate-1-year-key\/","name":"Xbox Game Pass Ultimate - 1 Ano - Key- Global - Rame Digital","isPartOf":{"@id":"https:\/\/www.ramedigitalstore.com\/#website"},"primaryImageOfPage":{"@id":"https:\/\/www.ramedigitalstore.com\/hu\/prodotto\/xbox-game-pass-ultimate-1-year-key\/#primaryimage"},"image":{"@id":"https:\/\/www.ramedigitalstore.com\/hu\/prodotto\/xbox-game-pass-ultimate-1-year-key\/#primaryimage"},"thumbnailUrl":"https:\/\/www.ramedigitalstore.com\/wp-content\/uploads\/2021\/04\/1-anno-quadrato-top-new-off-new-1-1.jpg","datePublished":"2021-04-21T12:28:57+00:00","dateModified":"2025-01-06T18:02:46+00:00","description":"Xbox Game Pass Ultimate 3\/6\/12 Meses Quase gr\u00e1tis. o melhor servi\u00e7o de jogos ao melhor pre\u00e7o. Nunca foi t\u00e3o confi\u00e1vel!","breadcrumb":{"@id":"https:\/\/www.ramedigitalstore.com\/hu\/prodotto\/xbox-game-pass-ultimate-1-year-key\/#breadcrumb"},"inLanguage":"pt-BR","potentialAction":[{"@type":"ReadAction","target":["https:\/\/www.ramedigitalstore.com\/hu\/prodotto\/xbox-game-pass-ultimate-1-year-key\/"]}]},{"@type":"ImageObject","inLanguage":"pt-BR","@id":"https:\/\/www.ramedigitalstore.com\/hu\/prodotto\/xbox-game-pass-ultimate-1-year-key\/#primaryimage","url":"https:\/\/www.ramedigitalstore.com\/wp-content\/uploads\/2021\/04\/1-anno-quadrato-top-new-off-new-1-1.jpg","contentUrl":"https:\/\/www.ramedigitalstore.com\/wp-content\/uploads\/2021\/04\/1-anno-quadrato-top-new-off-new-1-1.jpg","width":1600,"height":1600},{"@type":"BreadcrumbList","@id":"https:\/\/www.ramedigitalstore.com\/hu\/prodotto\/xbox-game-pass-ultimate-1-year-key\/#breadcrumb","itemListElement":[{"@type":"ListItem","position":1,"name":"Home","item":"https:\/\/www.ramedigitalstore.com\/"},{"@type":"ListItem","position":2,"name":"Shop","item":"https:\/\/www.ramedigitalstore.com\/shop\/"},{"@type":"ListItem","position":3,"name":"Xbox Game Pass Ultimate 1 Year &#8211; KEY"}]},{"@type":"WebSite","@id":"https:\/\/www.ramedigitalstore.com\/#website","url":"https:\/\/www.ramedigitalstore.com\/","name":"Rame Digital","description":"Loja digital por excel\u00eancia","publisher":{"@id":"https:\/\/www.ramedigitalstore.com\/#organization"},"potentialAction":[{"@type":"SearchAction","target":{"@type":"EntryPoint","urlTemplate":"https:\/\/www.ramedigitalstore.com\/?s={search_term_string}"},"query-input":{"@type":"PropertyValueSpecification","valueRequired":true,"valueName":"search_term_string"}}],"inLanguage":"pt-BR"},{"@type":"Organization","@id":"https:\/\/www.ramedigitalstore.com\/#organization","name":"Rame Digital","url":"https:\/\/www.ramedigitalstore.com\/","logo":{"@type":"ImageObject","inLanguage":"pt-BR","@id":"https:\/\/www.ramedigitalstore.com\/#\/schema\/logo\/image\/","url":"https:\/\/www.ramedigitalstore.com\/wp-content\/uploads\/2021\/04\/Logo-new-quadrato-1-e1619205976915.png","contentUrl":"https:\/\/www.ramedigitalstore.com\/wp-content\/uploads\/2021\/04\/Logo-new-quadrato-1-e1619205976915.png","width":256,"height":256,"caption":"Rame Digital"},"image":{"@id":"https:\/\/www.ramedigitalstore.com\/#\/schema\/logo\/image\/"},"sameAs":["https:\/\/www.facebook.com\/RameDigitalOfficial","https:\/\/www.instagram.com\/rame_digital_official\/"]}]}},"jetpack_sharing_enabled":true,"_links":{"self":[{"href":"https:\/\/www.ramedigitalstore.com\/pt\/wp-json\/wp\/v2\/product\/1258","targetHints":{"allow":["GET"]}}],"collection":[{"href":"https:\/\/www.ramedigitalstore.com\/pt\/wp-json\/wp\/v2\/product"}],"about":[{"href":"https:\/\/www.ramedigitalstore.com\/pt\/wp-json\/wp\/v2\/types\/product"}],"version-history":[{"count":1,"href":"https:\/\/www.ramedigitalstore.com\/pt\/wp-json\/wp\/v2\/product\/1258\/revisions"}],"predecessor-version":[{"id":4569,"href":"https:\/\/www.ramedigitalstore.com\/pt\/wp-json\/wp\/v2\/product\/1258\/revisions\/4569"}],"wp:featuredmedia":[{"embeddable":true,"href":"https:\/\/www.ramedigitalstore.com\/pt\/wp-json\/wp\/v2\/media\/1295"}],"wp:attachment":[{"href":"https:\/\/www.ramedigitalstore.com\/pt\/wp-json\/wp\/v2\/media?parent=1258"}],"wp:term":[{"taxonomy":"product_brand","embeddable":true,"href":"https:\/\/www.ramedigitalstore.com\/pt\/wp-json\/wp\/v2\/product_brand?post=1258"},{"taxonomy":"product_cat","embeddable":true,"href":"https:\/\/www.ramedigitalstore.com\/pt\/wp-json\/wp\/v2\/product_cat?post=1258"},{"taxonomy":"product_tag","embeddable":true,"href":"https:\/\/www.ramedigitalstore.com\/pt\/wp-json\/wp\/v2\/product_tag?post=1258"}],"curies":[{"name":"wp","href":"https:\/\/api.w.org\/{rel}","templated":true}]}}