{"id":2409,"date":"2022-03-02T22:04:31","date_gmt":"2022-03-02T22:04:31","guid":{"rendered":"https:\/\/www.ramedigitalstore.com\/?post_type=product&#038;p=2409"},"modified":"2026-04-25T15:33:10","modified_gmt":"2026-04-25T15:33:10","slug":"xbox-game-pass-ultimate-5-months","status":"publish","type":"product","link":"https:\/\/www.ramedigitalstore.com\/pt\/prodotto\/xbox-game-pass-ultimate-4-mesess-1-meses-free-global\/","title":{"rendered":"Xbox Game Pass Ultimate 5 Months &#8211; GLOBAL"},"content":{"rendered":"<h3 style=\"text-align: center\"><strong><span style=\"color: #8f00ff\"><span style=\"vertical-align: inherit\">Renove sua assinatura sem alterar seu perfil!<\/span><\/span><\/strong><\/h3>\n<h3 class=\"c-heading-1 f-lean\" style=\"text-align: center\">You will receive 5 Months Game Pass Ultimate.<\/h3>\n<h4 class=\"c-heading-1 f-lean\" style=\"text-align: center\">Para renovar a assinatura em seu perfil pessoal, basta adicionar as credenciais em seu console ou PC.<\/h4>\n<h3 style=\"text-align: center\"><strong><span style=\"color: #ff0000\">Voc\u00ea n\u00e3o receber\u00e1 uma conta compartilhada.<\/span><\/strong><\/h3>\n<p style=\"text-align: center\"><strong>Voc\u00ea receber\u00e1 as credenciais criadas exclusivamente para voc\u00ea. Definiremos seu n\u00famero como m\u00e9todo de contato\/recupera\u00e7\u00e3o para que somente voc\u00ea possa alter\u00e1-las a qualquer momento para garantir a m\u00e1xima seguran\u00e7a.<\/strong><\/p>\n<p style=\"text-align: center\"><strong>Uma vez adicionado em seu console, voc\u00ea notar\u00e1 que seu perfil pessoal retornar\u00e1 para ter novamente as permiss\u00f5es do Xbox Game Pass Ultimate, ent\u00e3o jogue online e baixe jogos dos v\u00e1rios cat\u00e1logos Game Pass, Live Gold e EA Play.<\/strong><\/p>\n<p style=\"text-align: center\"><strong>Funciona em 2 consoles ao mesmo tempo, voc\u00ea pode trocar facilmente e depois compartilhar a assinatura com um amigo \/ fam\u00edlia.<\/strong><\/p>\n<p style=\"text-align: center\"><strong>Para obter mais detalhes, entre em contato conosco em <\/strong><a href=\"https:\/\/api.whatsapp.com\/send?phone=393888680074&amp;text=Hi!%20Can%20i%20have%20information%20about%20Game%20Pass%20Ultimate%20Alternative%20Key?\"><strong>+39 388 868 0074.<\/strong><\/a><\/p>\n<p style=\"text-align: center\"><strong>As credenciais ser\u00e3o 100% suas uma vez entregues, n\u00e3o teremos mais acesso a elas e voc\u00ea poder\u00e1 fazer o que quiser.<\/strong><\/p>\n<p style=\"text-align: center\">Se voc\u00ea est\u00e1 estritamente procurando uma chave e n\u00e3o um m\u00e9todo alternativo para salvar a visita<\/p>\n<h3 style=\"text-align: center\"><a href=\"https:\/\/www.ramedigitalstore.com\/pt\/it\/prodotto\/xbox-game-pass-ultimate-1-year-key\/\"> <strong><span style=\"color: #8f00ff\"><span style=\"vertical-align: inherit\">Xbox Game Pass Ultimate 12 meses chave<\/span><\/span><\/strong><\/a><\/h3>\n<p>&nbsp;<\/p>\n<h3 style=\"text-align: center\"><strong><span style=\"vertical-align: inherit\">Comprar Xbox Game Pass Ultimate: Barato e seguro com Rame Digital <\/span><\/strong><\/h3>\n<p style=\"text-align: center\"><span style=\"vertical-align: inherit\">Se voc\u00ea decidiu comprar o Game Pass Ultimate, voc\u00ea pode comprar a assinatura inteira na Rame Digital em condi\u00e7\u00f5es vantajosas. Os compradores se beneficiam da qualidade do servi\u00e7o testado e desfrutam de um processo de compra extremamente simples e descomplicado. A assinatura desejada n\u00e3o \u00e9 enviada ao cliente em CD\/DVD volumoso, conseq\u00fcentemente, mas apenas como uma Conta pelo correio. Portanto, o cliente recebe sua mercadoria imediatamente ap\u00f3s a compra e o recebimento do dinheiro. Para saber mais, leia: termos e condi\u00e7\u00f5es e pol\u00edtica de privacidade\/pol\u00edtica ou FAQ<\/span><\/p>\n<p style=\"text-align: center\"><span style=\"vertical-align: inherit\">Com a Rame Digital, por outro lado, a assist\u00eancia \u00e9 sempre gratuita.<\/span><\/p>\n<h3 class=\"text-center\" style=\"text-align: center\"><span style=\"vertical-align: inherit\">Qualquer que seja o dispositivo utilizado, com o Xbox Game Pass Ultimate.<\/span><\/h3>\n<ul class=\"list list-withIcons\" style=\"text-align: center\">\n<li><img decoding=\"async\" src=\"https:\/\/static3.avast.com\/20001227\/web\/i\/v2\/components\/win.svg\" alt=\"\" \/>Janelas 10 (N\u00c3O MODIFICAR PERFIL)<br \/>\nFunciona em todos os Xboxes (N\u00c3O MODIFICAR PERFIL)<\/li>\n<\/ul>\n<h2 class=\"text-center\" style=\"text-align: center\"><\/h2>\n<h3 class=\"text-center\" style=\"text-align: center\"><strong><span style=\"vertical-align: inherit\">Entrega r\u00e1pida, m\u00e1ximo de 6 horas por e-mail.<\/span><\/strong><\/h3>\n<p style=\"text-align: center\"><strong>Ser\u00e1 fornecida uma conta que ter\u00e1 a mesma fun\u00e7\u00e3o que a chave. O procedimento de ativa\u00e7\u00e3o ser\u00e1 fornecido por e-mail.<\/strong><\/p>\n<p style=\"text-align: center\"><span style=\"vertical-align: inherit\">Siga-nos em <\/span><a href=\"https:\/\/www.facebook.com\/RameDigitalOfficial\/\"><span style=\"vertical-align: inherit\">Facebook<\/span><\/a><\/p>","protected":false},"excerpt":{"rendered":"<h5 style=\"text-align: center\"><span style=\"color: #ff0000\"><em><span style=\"vertical-align: inherit\">N\u00e3o perca esta oferta! N\u00e3o estar\u00e1 por perto para sempre!<\/span><\/em><\/span><\/h5>\n<div class=\"hd-listinghead\" style=\"font-size: 19pt;font-family: Arial;text-align: center\"><strong><span style=\"color: #8f00ff\"><span style=\"vertical-align: inherit\">Renove sua assinatura hoje mesmo!<\/span><\/span><\/strong><\/div>\n<div><\/div>\n<p style=\"text-align: center\"><strong>\u2713 Sempre brinque com seu perfil<span style=\"vertical-align: inherit\">\u00a0!<\/span><\/strong><br \/>\n<strong>\u2713 <\/strong>Compartilh\u00e1vel<br \/>\n<strong>\u2713 <\/strong>M\u00e1xima seguran\u00e7a<br \/>\n<span style=\"vertical-align: inherit\"> <strong>\u2713 <\/strong>Sem contas compartilhadas<\/span><br \/>\n<span style=\"vertical-align: inherit\"><strong>\u2713 <\/strong><\/span>Entrega por e-mail em at\u00e9 6 horas<br \/>\n<span style=\"vertical-align: inherit\"><strong>\u2713 S\u00f3 pode ser ativado com assinatura expirada\/expirada Estimativa.<\/strong><\/span><\/p>\n<p>&nbsp;<\/p>\n<p><img decoding=\"async\" class=\"aligncenter wp-image-2400\" src=\"https:\/\/www.ramedigitalstore.com\/wp-content\/uploads\/2022\/03\/trustpilot-stars-1024x140.png\" alt=\"\" width=\"600\" height=\"82\" srcset=\"https:\/\/www.ramedigitalstore.com\/wp-content\/uploads\/2022\/03\/trustpilot-stars-1024x140.png 1024w, https:\/\/www.ramedigitalstore.com\/wp-content\/uploads\/2022\/03\/trustpilot-stars-500x68.png 500w, https:\/\/www.ramedigitalstore.com\/wp-content\/uploads\/2022\/03\/trustpilot-stars-700x96.png 700w, https:\/\/www.ramedigitalstore.com\/wp-content\/uploads\/2022\/03\/trustpilot-stars-300x41.png 300w, https:\/\/www.ramedigitalstore.com\/wp-content\/uploads\/2022\/03\/trustpilot-stars-768x105.png 768w, https:\/\/www.ramedigitalstore.com\/wp-content\/uploads\/2022\/03\/trustpilot-stars-1536x210.png 1536w, https:\/\/www.ramedigitalstore.com\/wp-content\/uploads\/2022\/03\/trustpilot-stars-260x35.png 260w, https:\/\/www.ramedigitalstore.com\/wp-content\/uploads\/2022\/03\/trustpilot-stars-50x7.png 50w, https:\/\/www.ramedigitalstore.com\/wp-content\/uploads\/2022\/03\/trustpilot-stars-150x20.png 150w, https:\/\/www.ramedigitalstore.com\/wp-content\/uploads\/2022\/03\/trustpilot-stars-1320x180.png 1320w, https:\/\/www.ramedigitalstore.com\/wp-content\/uploads\/2022\/03\/trustpilot-stars-800x109.png 800w, https:\/\/www.ramedigitalstore.com\/wp-content\/uploads\/2022\/03\/trustpilot-stars.png 2000w\" sizes=\"(max-width: 600px) 100vw, 600px\" \/><\/p>\n<p><img fetchpriority=\"high\" decoding=\"async\" class=\"wp-image-2401 size-full aligncenter\" src=\"https:\/\/www.ramedigitalstore.com\/wp-content\/uploads\/2022\/03\/payment2.jpg\" alt=\"\" width=\"1020\" height=\"267\" srcset=\"https:\/\/www.ramedigitalstore.com\/wp-content\/uploads\/2022\/03\/payment2.jpg 1020w, https:\/\/www.ramedigitalstore.com\/wp-content\/uploads\/2022\/03\/payment2-500x131.jpg 500w, https:\/\/www.ramedigitalstore.com\/wp-content\/uploads\/2022\/03\/payment2-700x183.jpg 700w, https:\/\/www.ramedigitalstore.com\/wp-content\/uploads\/2022\/03\/payment2-300x79.jpg 300w, https:\/\/www.ramedigitalstore.com\/wp-content\/uploads\/2022\/03\/payment2-768x201.jpg 768w, https:\/\/www.ramedigitalstore.com\/wp-content\/uploads\/2022\/03\/payment2-260x68.jpg 260w, https:\/\/www.ramedigitalstore.com\/wp-content\/uploads\/2022\/03\/payment2-50x13.jpg 50w, https:\/\/www.ramedigitalstore.com\/wp-content\/uploads\/2022\/03\/payment2-150x39.jpg 150w, https:\/\/www.ramedigitalstore.com\/wp-content\/uploads\/2022\/03\/payment2-800x209.jpg 800w\" sizes=\"(max-width: 1020px) 100vw, 1020px\" \/><\/p>","protected":false},"featured_media":7105,"template":"","meta":[],"product_brand":[],"product_cat":[110,107],"product_tag":[],"class_list":{"0":"post-2409","1":"product","2":"type-product","3":"status-publish","4":"has-post-thumbnail","6":"product_cat-software-video-game","7":"product_cat-xbox-game-pass-ultimate","9":"first","10":"outofstock","11":"sale","12":"virtual","13":"sold-individually","14":"purchasable","15":"product-type-simple"},"yoast_head":"<!-- This site is optimized with the Yoast SEO Premium plugin v21.9 (Yoast SEO v27.5) - https:\/\/yoast.com\/product\/yoast-seo-premium-wordpress\/ -->\n<title>Xbox Game Pass Ultimate 5 Months - GLOBAL -<\/title>\n<meta name=\"robots\" content=\"index, follow, max-snippet:-1, max-image-preview:large, max-video-preview:-1\" \/>\n<link rel=\"canonical\" href=\"https:\/\/www.ramedigitalstore.com\/pt\/prodotto\/xbox-game-pass-ultimate-4-mesess-1-meses-free-global\/\" \/>\n<meta property=\"og:locale\" content=\"pt_BR\" \/>\n<meta property=\"og:type\" content=\"article\" \/>\n<meta property=\"og:title\" content=\"Xbox Game Pass Ultimate 5 Months - GLOBAL\" \/>\n<meta property=\"og:description\" content=\"Don&#8217;t miss this offer! It won&#8217;t be around forever! Renew your subscription today! \u2713 Always play with your profile\u00a0! \u2713 Shareable \u2713 Maximum security \u2713 No shared accounts \u2713 Delivery by email in up to 6hours \u2713 Can only be activated with expiring\/expired Utimate subscription. &nbsp;\" \/>\n<meta property=\"og:url\" content=\"https:\/\/www.ramedigitalstore.com\/pt\/prodotto\/xbox-game-pass-ultimate-4-mesess-1-meses-free-global\/\" \/>\n<meta property=\"og:site_name\" content=\"Rame Digital\" \/>\n<meta property=\"article:publisher\" content=\"https:\/\/www.facebook.com\/RameDigitalOfficial\" \/>\n<meta property=\"article:modified_time\" content=\"2026-04-25T15:33:10+00:00\" \/>\n<meta property=\"og:image\" content=\"https:\/\/www.ramedigitalstore.com\/wp-content\/uploads\/2021\/11\/Game-Pass-Ultimate.webp\" \/>\n\t<meta property=\"og:image:width\" content=\"720\" \/>\n\t<meta property=\"og:image:height\" content=\"720\" \/>\n\t<meta property=\"og:image:type\" content=\"image\/webp\" \/>\n<meta name=\"twitter:card\" content=\"summary_large_image\" \/>\n<meta name=\"twitter:label1\" content=\"Est. tempo de leitura\" \/>\n\t<meta name=\"twitter:data1\" content=\"2 minutos\" \/>\n<script type=\"application\/ld+json\" class=\"yoast-schema-graph\">{\"@context\":\"https:\\\/\\\/schema.org\",\"@graph\":[{\"@type\":\"WebPage\",\"@id\":\"https:\\\/\\\/www.ramedigitalstore.com\\\/prodotto\\\/xbox-game-pass-ultimate-5-months\\\/\",\"url\":\"https:\\\/\\\/www.ramedigitalstore.com\\\/prodotto\\\/xbox-game-pass-ultimate-5-months\\\/\",\"name\":\"Xbox Game Pass Ultimate 5 Months - GLOBAL -\",\"isPartOf\":{\"@id\":\"https:\\\/\\\/www.ramedigitalstore.com\\\/#website\"},\"primaryImageOfPage\":{\"@id\":\"https:\\\/\\\/www.ramedigitalstore.com\\\/prodotto\\\/xbox-game-pass-ultimate-5-months\\\/#primaryimage\"},\"image\":{\"@id\":\"https:\\\/\\\/www.ramedigitalstore.com\\\/prodotto\\\/xbox-game-pass-ultimate-5-months\\\/#primaryimage\"},\"thumbnailUrl\":\"https:\\\/\\\/www.ramedigitalstore.com\\\/wp-content\\\/uploads\\\/2021\\\/11\\\/Game-Pass-Ultimate.webp\",\"datePublished\":\"2022-03-02T22:04:31+00:00\",\"dateModified\":\"2026-04-25T15:33:10+00:00\",\"breadcrumb\":{\"@id\":\"https:\\\/\\\/www.ramedigitalstore.com\\\/prodotto\\\/xbox-game-pass-ultimate-5-months\\\/#breadcrumb\"},\"inLanguage\":\"pt-BR\",\"potentialAction\":[{\"@type\":\"ReadAction\",\"target\":[\"https:\\\/\\\/www.ramedigitalstore.com\\\/prodotto\\\/xbox-game-pass-ultimate-5-months\\\/\"]}]},{\"@type\":\"ImageObject\",\"inLanguage\":\"pt-BR\",\"@id\":\"https:\\\/\\\/www.ramedigitalstore.com\\\/prodotto\\\/xbox-game-pass-ultimate-5-months\\\/#primaryimage\",\"url\":\"https:\\\/\\\/www.ramedigitalstore.com\\\/wp-content\\\/uploads\\\/2021\\\/11\\\/Game-Pass-Ultimate.webp\",\"contentUrl\":\"https:\\\/\\\/www.ramedigitalstore.com\\\/wp-content\\\/uploads\\\/2021\\\/11\\\/Game-Pass-Ultimate.webp\",\"width\":720,\"height\":720},{\"@type\":\"BreadcrumbList\",\"@id\":\"https:\\\/\\\/www.ramedigitalstore.com\\\/prodotto\\\/xbox-game-pass-ultimate-5-months\\\/#breadcrumb\",\"itemListElement\":[{\"@type\":\"ListItem\",\"position\":1,\"name\":\"Home\",\"item\":\"https:\\\/\\\/www.ramedigitalstore.com\\\/\"},{\"@type\":\"ListItem\",\"position\":2,\"name\":\"Shop\",\"item\":\"https:\\\/\\\/www.ramedigitalstore.com\\\/shop\\\/\"},{\"@type\":\"ListItem\",\"position\":3,\"name\":\"Xbox Game Pass Ultimate 5 Months &#8211; GLOBAL\"}]},{\"@type\":\"WebSite\",\"@id\":\"https:\\\/\\\/www.ramedigitalstore.com\\\/#website\",\"url\":\"https:\\\/\\\/www.ramedigitalstore.com\\\/\",\"name\":\"Rame Digital\",\"description\":\"Digital store par excellence\",\"publisher\":{\"@id\":\"https:\\\/\\\/www.ramedigitalstore.com\\\/#organization\"},\"potentialAction\":[{\"@type\":\"SearchAction\",\"target\":{\"@type\":\"EntryPoint\",\"urlTemplate\":\"https:\\\/\\\/www.ramedigitalstore.com\\\/?s={search_term_string}\"},\"query-input\":{\"@type\":\"PropertyValueSpecification\",\"valueRequired\":true,\"valueName\":\"search_term_string\"}}],\"inLanguage\":\"pt-BR\"},{\"@type\":\"Organization\",\"@id\":\"https:\\\/\\\/www.ramedigitalstore.com\\\/#organization\",\"name\":\"Rame Digital\",\"url\":\"https:\\\/\\\/www.ramedigitalstore.com\\\/\",\"logo\":{\"@type\":\"ImageObject\",\"inLanguage\":\"pt-BR\",\"@id\":\"https:\\\/\\\/www.ramedigitalstore.com\\\/#\\\/schema\\\/logo\\\/image\\\/\",\"url\":\"https:\\\/\\\/www.ramedigitalstore.com\\\/wp-content\\\/uploads\\\/2021\\\/04\\\/Logo-new-quadrato-1-e1619205976915.png\",\"contentUrl\":\"https:\\\/\\\/www.ramedigitalstore.com\\\/wp-content\\\/uploads\\\/2021\\\/04\\\/Logo-new-quadrato-1-e1619205976915.png\",\"width\":256,\"height\":256,\"caption\":\"Rame Digital\"},\"image\":{\"@id\":\"https:\\\/\\\/www.ramedigitalstore.com\\\/#\\\/schema\\\/logo\\\/image\\\/\"},\"sameAs\":[\"https:\\\/\\\/www.facebook.com\\\/RameDigitalOfficial\",\"https:\\\/\\\/www.instagram.com\\\/rame_digital_official\\\/\"]}]}<\/script>\n<!-- \/ Yoast SEO Premium plugin. -->","yoast_head_json":{"title":"Xbox Game Pass Ultimate 5 Months - GLOBAL -","robots":{"index":"index","follow":"follow","max-snippet":"max-snippet:-1","max-image-preview":"max-image-preview:large","max-video-preview":"max-video-preview:-1"},"canonical":"https:\/\/www.ramedigitalstore.com\/pt\/prodotto\/xbox-game-pass-ultimate-4-mesess-1-meses-free-global\/","og_locale":"pt_BR","og_type":"article","og_title":"Xbox Game Pass Ultimate 5 Months - GLOBAL","og_description":"Don&#8217;t miss this offer! It won&#8217;t be around forever! Renew your subscription today! \u2713 Always play with your profile\u00a0! \u2713 Shareable \u2713 Maximum security \u2713 No shared accounts \u2713 Delivery by email in up to 6hours \u2713 Can only be activated with expiring\/expired Utimate subscription. &nbsp;","og_url":"https:\/\/www.ramedigitalstore.com\/pt\/prodotto\/xbox-game-pass-ultimate-4-mesess-1-meses-free-global\/","og_site_name":"Rame Digital","article_publisher":"https:\/\/www.facebook.com\/RameDigitalOfficial","article_modified_time":"2026-04-25T15:33:10+00:00","og_image":[{"width":720,"height":720,"url":"https:\/\/www.ramedigitalstore.com\/wp-content\/uploads\/2021\/11\/Game-Pass-Ultimate.webp","type":"image\/webp"}],"twitter_card":"summary_large_image","twitter_misc":{"Est. tempo de leitura":"2 minutos"},"schema":{"@context":"https:\/\/schema.org","@graph":[{"@type":"WebPage","@id":"https:\/\/www.ramedigitalstore.com\/prodotto\/xbox-game-pass-ultimate-5-months\/","url":"https:\/\/www.ramedigitalstore.com\/prodotto\/xbox-game-pass-ultimate-5-months\/","name":"Xbox Game Pass Ultimate 5 Months - GLOBAL -","isPartOf":{"@id":"https:\/\/www.ramedigitalstore.com\/#website"},"primaryImageOfPage":{"@id":"https:\/\/www.ramedigitalstore.com\/prodotto\/xbox-game-pass-ultimate-5-months\/#primaryimage"},"image":{"@id":"https:\/\/www.ramedigitalstore.com\/prodotto\/xbox-game-pass-ultimate-5-months\/#primaryimage"},"thumbnailUrl":"https:\/\/www.ramedigitalstore.com\/wp-content\/uploads\/2021\/11\/Game-Pass-Ultimate.webp","datePublished":"2022-03-02T22:04:31+00:00","dateModified":"2026-04-25T15:33:10+00:00","breadcrumb":{"@id":"https:\/\/www.ramedigitalstore.com\/prodotto\/xbox-game-pass-ultimate-5-months\/#breadcrumb"},"inLanguage":"pt-BR","potentialAction":[{"@type":"ReadAction","target":["https:\/\/www.ramedigitalstore.com\/prodotto\/xbox-game-pass-ultimate-5-months\/"]}]},{"@type":"ImageObject","inLanguage":"pt-BR","@id":"https:\/\/www.ramedigitalstore.com\/prodotto\/xbox-game-pass-ultimate-5-months\/#primaryimage","url":"https:\/\/www.ramedigitalstore.com\/wp-content\/uploads\/2021\/11\/Game-Pass-Ultimate.webp","contentUrl":"https:\/\/www.ramedigitalstore.com\/wp-content\/uploads\/2021\/11\/Game-Pass-Ultimate.webp","width":720,"height":720},{"@type":"BreadcrumbList","@id":"https:\/\/www.ramedigitalstore.com\/prodotto\/xbox-game-pass-ultimate-5-months\/#breadcrumb","itemListElement":[{"@type":"ListItem","position":1,"name":"Home","item":"https:\/\/www.ramedigitalstore.com\/"},{"@type":"ListItem","position":2,"name":"Shop","item":"https:\/\/www.ramedigitalstore.com\/shop\/"},{"@type":"ListItem","position":3,"name":"Xbox Game Pass Ultimate 5 Months &#8211; GLOBAL"}]},{"@type":"WebSite","@id":"https:\/\/www.ramedigitalstore.com\/#website","url":"https:\/\/www.ramedigitalstore.com\/","name":"Rame Digital","description":"Loja digital por excel\u00eancia","publisher":{"@id":"https:\/\/www.ramedigitalstore.com\/#organization"},"potentialAction":[{"@type":"SearchAction","target":{"@type":"EntryPoint","urlTemplate":"https:\/\/www.ramedigitalstore.com\/?s={search_term_string}"},"query-input":{"@type":"PropertyValueSpecification","valueRequired":true,"valueName":"search_term_string"}}],"inLanguage":"pt-BR"},{"@type":"Organization","@id":"https:\/\/www.ramedigitalstore.com\/#organization","name":"Rame Digital","url":"https:\/\/www.ramedigitalstore.com\/","logo":{"@type":"ImageObject","inLanguage":"pt-BR","@id":"https:\/\/www.ramedigitalstore.com\/#\/schema\/logo\/image\/","url":"https:\/\/www.ramedigitalstore.com\/wp-content\/uploads\/2021\/04\/Logo-new-quadrato-1-e1619205976915.png","contentUrl":"https:\/\/www.ramedigitalstore.com\/wp-content\/uploads\/2021\/04\/Logo-new-quadrato-1-e1619205976915.png","width":256,"height":256,"caption":"Rame Digital"},"image":{"@id":"https:\/\/www.ramedigitalstore.com\/#\/schema\/logo\/image\/"},"sameAs":["https:\/\/www.facebook.com\/RameDigitalOfficial","https:\/\/www.instagram.com\/rame_digital_official\/"]}]}},"jetpack_sharing_enabled":true,"_links":{"self":[{"href":"https:\/\/www.ramedigitalstore.com\/pt\/wp-json\/wp\/v2\/product\/2409","targetHints":{"allow":["GET"]}}],"collection":[{"href":"https:\/\/www.ramedigitalstore.com\/pt\/wp-json\/wp\/v2\/product"}],"about":[{"href":"https:\/\/www.ramedigitalstore.com\/pt\/wp-json\/wp\/v2\/types\/product"}],"version-history":[{"count":3,"href":"https:\/\/www.ramedigitalstore.com\/pt\/wp-json\/wp\/v2\/product\/2409\/revisions"}],"predecessor-version":[{"id":7122,"href":"https:\/\/www.ramedigitalstore.com\/pt\/wp-json\/wp\/v2\/product\/2409\/revisions\/7122"}],"wp:featuredmedia":[{"embeddable":true,"href":"https:\/\/www.ramedigitalstore.com\/pt\/wp-json\/wp\/v2\/media\/7105"}],"wp:attachment":[{"href":"https:\/\/www.ramedigitalstore.com\/pt\/wp-json\/wp\/v2\/media?parent=2409"}],"wp:term":[{"taxonomy":"product_brand","embeddable":true,"href":"https:\/\/www.ramedigitalstore.com\/pt\/wp-json\/wp\/v2\/product_brand?post=2409"},{"taxonomy":"product_cat","embeddable":true,"href":"https:\/\/www.ramedigitalstore.com\/pt\/wp-json\/wp\/v2\/product_cat?post=2409"},{"taxonomy":"product_tag","embeddable":true,"href":"https:\/\/www.ramedigitalstore.com\/pt\/wp-json\/wp\/v2\/product_tag?post=2409"}],"curies":[{"name":"wp","href":"https:\/\/api.w.org\/{rel}","templated":true}]}}