{"id":3489,"date":"2022-05-17T13:51:25","date_gmt":"2022-05-17T13:51:25","guid":{"rendered":"https:\/\/www.ramedigitalstore.com\/?post_type=product&#038;p=3489"},"modified":"2023-10-29T20:24:40","modified_gmt":"2023-10-29T20:24:40","slug":"microsoft-office-professional-plus-2021-pc-microsoft-key-global","status":"publish","type":"product","link":"https:\/\/www.ramedigitalstore.com\/pt\/prodotto\/microsoft-office-professional-plus-2021-pc-microsoft-key-global\/","title":{"rendered":"Microsoft Office Professional Plus 2021 (PC) - Microsoft Key - GLOBAL"},"content":{"rendered":"<h1 style=\"text-align: center;\"><span style=\"color: #8f00ff;\"><span style=\"vertical-align: inherit;\">Microsoft Office Professional Plus 2021<\/span><\/span><\/h1>\n<p style=\"text-align: center;\">\u00a0\u00c9 um conjunto de aplicativos de escrit\u00f3rio cl\u00e1ssicos projetado especialmente para usu\u00e1rios de PC da Microsoft. \u00c9 um produto confi\u00e1vel para clientes empresariais, freelancers, fam\u00edlias e usu\u00e1rios dom\u00e9sticos. Descubra seu conte\u00fado e crie um local de trabalho confort\u00e1vel e produtivo para voc\u00ea e seus entes queridos.<\/p>\n<h3 style=\"text-align: center;\">O que eu ganho com isso?<\/h3>\n<p style=\"text-align: center;\">Com a su\u00edte Microsoft Office, voc\u00ea tem todas as aplica\u00e7\u00f5es de escrit\u00f3rio mais vitais na ponta de seus dedos. N\u00e3o importa a tarefa que voc\u00ea empreenda - estes programas comprovados tornar\u00e3o seu trabalho mais f\u00e1cil e mais eficaz do que nunca. Edite documentos, crie planilhas impressionantes e projete projetos. O Microsoft Office 21 permitir\u00e1 que voc\u00ea deixe sua criatividade correr solta e torne qualquer id\u00e9ia realidade.<\/p>\n<p style=\"text-align: center;\">O funcionamento destes aplicativos de escrit\u00f3rio cl\u00e1ssicos \u00e9 intuitivo, e a interface \u00e9 clara. Portanto, \u00e9 uma excelente ferramenta para usu\u00e1rios de todas as idades.\u00a0<strong>Microsoft Office Professional Plus 2021<\/strong>\u00a0s\u00f3 \u00e9 compat\u00edvel com Windows 10 e Windows 11. Eles s\u00e3o os sistemas operacionais mais comprovados, avan\u00e7ados e populares da Microsoft - equipados com uma ampla gama de novas caracter\u00edsticas. Tudo para sua conveni\u00eancia de uso.<\/p>\n<p style=\"text-align: center;\"><img decoding=\"async\" src=\"https:\/\/img.g2a.com\/uiadminimages\/770x433\/1x1x1\/d0b303b1fb96\/a83b23ef7ed2494a93566d5a\" alt=\"Microsoft Office Professional Plus 2021\" \/><\/p>\n<h3 style=\"text-align: center;\">Office Plus 21 - um parceiro confi\u00e1vel<\/h3>\n<p style=\"text-align: center;\">Este pacote \u00e9 um conjunto de software emblem\u00e1tico da Microsoft - projetado para sua produtividade. Crie e edite documentos em Office Word para liberar sua criatividade. Gerencie suas planilhas no Office Excel, e logo descobrir\u00e1 que os c\u00e1lculos e o planejamento mais desafiadores s\u00e3o seu talento natural. Voc\u00ea est\u00e1 planejando criar uma apresenta\u00e7\u00e3o impressionante?<\/p>\n<p style=\"text-align: center;\">Neste caso, seu amigo insubstitu\u00edvel \u00e9 o Microsoft PowerPoint - perfeito para criar e editar slides para qualquer ocasi\u00e3o, com uma ampla gama de anima\u00e7\u00f5es, fontes e objetos para escolher. E se voc\u00ea estiver procurando um programa que suporte o gerenciamento de recursos de dados, experimente o Office Access. O Office 2021 tamb\u00e9m oferece o Microsoft Publisher para publica\u00e7\u00e3o de conte\u00fado sem esfor\u00e7o. E se voc\u00ea quiser se manter em contato? A resposta \u00e9 o Office Outlook. Ele o ajudar\u00e1 a gerenciar seus e-mails e o informar\u00e1 sobre quaisquer tarefas programadas para o dia.<\/p>\n<h3 style=\"text-align: center;\">Compre uma vez e aproveite sua produtividade!<\/h3>\n<p style=\"text-align: center;\"><strong>Microsoft Office Professional Plus 2021<\/strong>\u00a0\u00e9 um c\u00f3digo de licen\u00e7a de PC. Isso significa que, ao instal\u00e1-lo no dispositivo selecionado, voc\u00ea tem acesso \u00e0s melhores aplica\u00e7\u00f5es da Microsoft - na ponta de seus dedos. Al\u00e9m disso, trata-se de uma compra \u00fanica! Sem pagamentos adicionais ou subscri\u00e7\u00f5es desnecess\u00e1rias. Compre o Microsoft Office 2021 e aproveite o conte\u00fado profissional da Microsoft feito apenas para voc\u00ea.<\/p>\n<h3 style=\"text-align: center;\"><strong><span style=\"vertical-align: inherit;\">Buy Office Professional Plus 2021 : Barato e seguro com Rame Digital <\/span><\/strong><\/h3>\n<p style=\"text-align: center;\"><span style=\"vertical-align: inherit;\">Se voc\u00ea decidiu adquirir o Avast Ultimate, voc\u00ea pode adquirir a assinatura inteira na Rame Digital em condi\u00e7\u00f5es vantajosas. Os compradores se beneficiam da qualidade do servi\u00e7o testado e desfrutam de um processo de compra extremamente simples e descomplicado. A assinatura desejada n\u00e3o \u00e9 enviada ao cliente em CD\/DVD volumoso, consequentemente, mas somente como um c\u00f3digo Key Digital pelo correio. Portanto, o cliente recebe sua mercadoria imediatamente ap\u00f3s a compra e o recebimento do dinheiro. Para saber mais, leia: termos e condi\u00e7\u00f5es e pol\u00edtica de privacidade\/pol\u00edtica ou FAQ<\/span><\/p>\n<p style=\"text-align: center;\"><span style=\"vertical-align: inherit;\">Com a Rame Digital, por outro lado, a assist\u00eancia \u00e9 sempre gratuita.<\/span><\/p>\n<p>&nbsp;<\/p>\n<div id=\"collapsible-panel-system-requirements\" class=\"indexes__StyledDetails-sc-1ko3ckw-91 jiEnz\" aria-labelledby=\"collapsible-button-system-requirements\">\n<div>\n<h2 style=\"text-align: center;\"><strong>Requisitos do sistema<\/strong><\/h2>\n<\/div>\n<div class=\"indexes__StyledContainer-sc-1ko3ckw-124 bHngeS\" style=\"text-align: center;\">\n<p><span class=\"indexes__Info-sc-1ko3ckw-126 eLMLuK\">Abaixo est\u00e3o as especifica\u00e7\u00f5es de sistema m\u00ednimas e recomendadas para Microsoft Office Professional Plus 2021 (PC) - Microsoft Key - GLOBAL. Devido a potenciais mudan\u00e7as na programa\u00e7\u00e3o, os requisitos m\u00ednimos de sistema para Microsoft Office Professional Plus 2021 (PC) - Microsoft Key - GLOBAL podem mudar ao longo do tempo.<\/span><\/p>\n<div class=\"indexes__TabsContainer-sc-1ko3ckw-123 eVYyUu\">\n<h3 style=\"text-align: center;\"><strong>Windows<\/strong><\/h3>\n<div class=\"indexes__TabContent1-sc-1ko3ckw-119 bZqcvL\" data-name=\"windows\">\n<div class=\"indexes__TabContent-sc-1ko3ckw-125 imgiIV\">\n<div class=\"indexes__AttributesTableContainer-sc-1ko3ckw-127 cnJfCD\">\n<div class=\"indexes__Attribute-sc-1ko3ckw-129 indexes__AttributeHeader-sc-1ko3ckw-130 fbtSAz gxcKsg\" style=\"text-align: center;\">\n<div class=\"indexes__AttributeWrapper-sc-1ko3ckw-128 cWFXgJ\">Requisitos m\u00ednimos<\/div>\n<\/div>\n<div class=\"indexes__Attribute-sc-1ko3ckw-129 czeBwy\" style=\"text-align: center;\">\n<div class=\"indexes__AttributeWrapper-sc-1ko3ckw-128 cWFXgJ\">\n<p class=\"indexes__Name-sc-1ko3ckw-131 cMNZSl\"><strong>PROCESSOR<\/strong>: 1,6 GHz, processador dual-core<\/p>\n<\/div>\n<\/div>\n<div class=\"indexes__Attribute-sc-1ko3ckw-129 buUNLV\" style=\"text-align: center;\">\n<div class=\"indexes__AttributeWrapper-sc-1ko3ckw-128 cWFXgJ\">\n<p class=\"indexes__Name-sc-1ko3ckw-131 cMNZSl\"><strong>GR\u00c1FICOS<\/strong>: Placa gr\u00e1fica DirectX 10 para acelera\u00e7\u00e3o de hardware gr\u00e1fico<\/p>\n<\/div>\n<\/div>\n<div class=\"indexes__Attribute-sc-1ko3ckw-129 kibggQ\" style=\"text-align: center;\">\n<div class=\"indexes__AttributeWrapper-sc-1ko3ckw-128 cWFXgJ\">\n<p class=\"indexes__Name-sc-1ko3ckw-131 cMNZSl\"><strong>MEM\u00d3RIA<\/strong>: 4 GB (64bit), 2 GB (32bit) de RAM<\/p>\n<\/div>\n<\/div>\n<div class=\"indexes__Attribute-sc-1ko3ckw-129 jPkzxP\" style=\"text-align: center;\">\n<div class=\"indexes__AttributeWrapper-sc-1ko3ckw-128 cWFXgJ\">\n<p class=\"indexes__Name-sc-1ko3ckw-131 cMNZSl\"><strong>ESPA\u00c7O DO DISCO<\/strong>: 4 GB de espa\u00e7o dispon\u00edvel em disco<\/p>\n<\/div>\n<\/div>\n<div class=\"indexes__Attribute-sc-1ko3ckw-129 hmVitO\">\n<div class=\"indexes__AttributeWrapper-sc-1ko3ckw-128 cWFXgJ\">\n<p class=\"indexes__Name-sc-1ko3ckw-131 cMNZSl\" style=\"text-align: center;\"><strong>SISTEMA<\/strong>: Windows 11 ou Windows 10<\/p>\n<p>&nbsp;<\/p>\n<\/div>\n<\/div>\n<\/div>\n<\/div>\n<\/div>\n<\/div>\n<\/div>\n<\/div>\n<h3 class=\"text-center\" style=\"text-align: center;\"><strong><span style=\"vertical-align: inherit;\">Entrega r\u00e1pida, m\u00e1ximo de 6 horas por e-mail.<\/span><\/strong><\/h3>\n<p style=\"text-align: center;\"><strong>Ser\u00e1 fornecida uma conta que ter\u00e1 a mesma fun\u00e7\u00e3o que a chave. O procedimento de ativa\u00e7\u00e3o ser\u00e1 fornecido por e-mail.<\/strong><\/p>\n<p>&nbsp;<\/p>\n<h2 style=\"text-align: center;\">O produto pode ser baixado <a href=\"https:\/\/www.office.com\/setup\" target=\"_blank\" rel=\"nofollow noopener\">aqui<\/a><\/h2>\n<p style=\"text-align: center;\">AVISO: A chave de licen\u00e7a fornecida funcionar\u00e1 no Windows.<\/p>\n<p>&nbsp;<\/p>\n<p style=\"text-align: center;\"><span style=\"vertical-align: inherit;\">Siga-nos em <\/span><a href=\"https:\/\/www.facebook.com\/RameDigitalOfficial\/\"><span style=\"vertical-align: inherit;\">Facebook<\/span><\/a><\/p>","protected":false},"excerpt":{"rendered":"<h5 style=\"text-align: center;\"><span style=\"color: #ff0000;\"><em><span style=\"vertical-align: inherit;\">N\u00e3o perca esta oferta! N\u00e3o estar\u00e1 por perto para sempre!<\/span><\/em><\/span><\/h5>\n<div class=\"hd-listinghead\" style=\"font-size: 13pt; font-family: Arial; text-align: center;\">\n<h2 style=\"text-align: center;\"><span style=\"color: #8f00ff;\"><span style=\"vertical-align: inherit;\">Microsoft Office Professional Plus 2021!<\/span><\/span><\/h2>\n<\/div>\n<p style=\"text-align: center;\"><strong>\u2713 CD-KEY<\/strong><br \/>\n\u2713<strong>8 App. <\/strong>: Acesso, Excel, OneNote, Outlook, PowerPoint, Editora, Word e Skype para empresas<br \/>\n<span style=\"vertical-align: inherit;\">\u2713<\/span> Apoio dedicado<br \/>\n<span style=\"vertical-align: inherit;\"><strong>\u2713 Entrega por e-mail em at\u00e9 6 horas<\/strong><\/span><\/p>\n<p><img decoding=\"async\" class=\"aligncenter wp-image-2400\" src=\"https:\/\/www.ramedigitalstore.com\/wp-content\/uploads\/2022\/03\/trustpilot-stars-1024x140.png\" alt=\"\" width=\"600\" height=\"82\" srcset=\"https:\/\/www.ramedigitalstore.com\/wp-content\/uploads\/2022\/03\/trustpilot-stars-1024x140.png 1024w, https:\/\/www.ramedigitalstore.com\/wp-content\/uploads\/2022\/03\/trustpilot-stars-500x68.png 500w, https:\/\/www.ramedigitalstore.com\/wp-content\/uploads\/2022\/03\/trustpilot-stars-700x96.png 700w, https:\/\/www.ramedigitalstore.com\/wp-content\/uploads\/2022\/03\/trustpilot-stars-300x41.png 300w, https:\/\/www.ramedigitalstore.com\/wp-content\/uploads\/2022\/03\/trustpilot-stars-768x105.png 768w, https:\/\/www.ramedigitalstore.com\/wp-content\/uploads\/2022\/03\/trustpilot-stars-1536x210.png 1536w, https:\/\/www.ramedigitalstore.com\/wp-content\/uploads\/2022\/03\/trustpilot-stars-260x35.png 260w, https:\/\/www.ramedigitalstore.com\/wp-content\/uploads\/2022\/03\/trustpilot-stars-50x7.png 50w, https:\/\/www.ramedigitalstore.com\/wp-content\/uploads\/2022\/03\/trustpilot-stars-150x20.png 150w, https:\/\/www.ramedigitalstore.com\/wp-content\/uploads\/2022\/03\/trustpilot-stars-1320x180.png 1320w, https:\/\/www.ramedigitalstore.com\/wp-content\/uploads\/2022\/03\/trustpilot-stars-800x109.png 800w, https:\/\/www.ramedigitalstore.com\/wp-content\/uploads\/2022\/03\/trustpilot-stars.png 2000w\" sizes=\"(max-width: 600px) 100vw, 600px\" \/><\/p>\n<p><img fetchpriority=\"high\" decoding=\"async\" class=\"wp-image-2401 size-full aligncenter\" src=\"https:\/\/www.ramedigitalstore.com\/wp-content\/uploads\/2022\/03\/payment2.jpg\" alt=\"\" width=\"1020\" height=\"267\" srcset=\"https:\/\/www.ramedigitalstore.com\/wp-content\/uploads\/2022\/03\/payment2.jpg 1020w, https:\/\/www.ramedigitalstore.com\/wp-content\/uploads\/2022\/03\/payment2-500x131.jpg 500w, https:\/\/www.ramedigitalstore.com\/wp-content\/uploads\/2022\/03\/payment2-700x183.jpg 700w, https:\/\/www.ramedigitalstore.com\/wp-content\/uploads\/2022\/03\/payment2-300x79.jpg 300w, https:\/\/www.ramedigitalstore.com\/wp-content\/uploads\/2022\/03\/payment2-768x201.jpg 768w, https:\/\/www.ramedigitalstore.com\/wp-content\/uploads\/2022\/03\/payment2-260x68.jpg 260w, https:\/\/www.ramedigitalstore.com\/wp-content\/uploads\/2022\/03\/payment2-50x13.jpg 50w, https:\/\/www.ramedigitalstore.com\/wp-content\/uploads\/2022\/03\/payment2-150x39.jpg 150w, https:\/\/www.ramedigitalstore.com\/wp-content\/uploads\/2022\/03\/payment2-800x209.jpg 800w\" sizes=\"(max-width: 1020px) 100vw, 1020px\" \/><\/p>","protected":false},"featured_media":3491,"template":"","meta":[],"product_brand":[],"product_cat":[2,28],"product_tag":[22],"class_list":{"0":"post-3489","1":"product","2":"type-product","3":"status-publish","4":"has-post-thumbnail","6":"product_cat-antivirus","7":"product_cat-avast","8":"product_tag-xbox-game-pass-ultimate","10":"first","11":"outofstock","12":"sale","13":"virtual","14":"sold-individually","15":"purchasable","16":"product-type-simple"},"yoast_head":"<!-- This site is optimized with the Yoast SEO Premium plugin v21.9 (Yoast SEO v27.5) - https:\/\/yoast.com\/product\/yoast-seo-premium-wordpress\/ -->\n<title>Microsoft Office Professional Plus 2021 (PC) - Microsoft Key - GLOBAL - Rame Digital<\/title>\n<meta name=\"robots\" content=\"index, follow, max-snippet:-1, max-image-preview:large, max-video-preview:-1\" \/>\n<link rel=\"canonical\" href=\"https:\/\/www.ramedigitalstore.com\/pt\/prodotto\/microsoft-office-professional-plus-2021-pc-microsoft-key-global\/\" \/>\n<meta property=\"og:locale\" content=\"pt_BR\" \/>\n<meta property=\"og:type\" content=\"article\" \/>\n<meta property=\"og:title\" content=\"Microsoft Office Professional Plus 2021 (PC) - Microsoft Key - GLOBAL\" \/>\n<meta property=\"og:description\" content=\"Don&#039;t miss this offer! It won&#039;t be around forever!  Microsoft Office Professional Plus 2021!  \u2713 CD-KEY \u27138 App. : Access, Excel, OneNote, Outlook, PowerPoint, Publisher, Word e Skype for Business \u2713 Dedicated support \u2713 Delivery by email in up to 6 hours\" \/>\n<meta property=\"og:url\" content=\"https:\/\/www.ramedigitalstore.com\/pt\/prodotto\/microsoft-office-professional-plus-2021-pc-microsoft-key-global\/\" \/>\n<meta property=\"og:site_name\" content=\"Rame Digital\" \/>\n<meta property=\"article:publisher\" content=\"https:\/\/www.facebook.com\/RameDigitalOfficial\" \/>\n<meta property=\"article:modified_time\" content=\"2023-10-29T20:24:40+00:00\" \/>\n<meta property=\"og:image\" content=\"https:\/\/www.ramedigitalstore.com\/wp-content\/uploads\/2022\/05\/Software_Box_Mockup_officie-bianco.jpg\" \/>\n\t<meta property=\"og:image:width\" content=\"1750\" \/>\n\t<meta property=\"og:image:height\" content=\"1750\" \/>\n\t<meta property=\"og:image:type\" content=\"image\/jpeg\" \/>\n<meta name=\"twitter:card\" content=\"summary_large_image\" \/>\n<meta name=\"twitter:label1\" content=\"Est. tempo de leitura\" \/>\n\t<meta name=\"twitter:data1\" content=\"3 minutos\" \/>\n<script type=\"application\/ld+json\" class=\"yoast-schema-graph\">{\"@context\":\"https:\\\/\\\/schema.org\",\"@graph\":[{\"@type\":\"WebPage\",\"@id\":\"https:\\\/\\\/www.ramedigitalstore.com\\\/prodotto\\\/microsoft-office-professional-plus-2021-pc-microsoft-key-global\\\/\",\"url\":\"https:\\\/\\\/www.ramedigitalstore.com\\\/prodotto\\\/microsoft-office-professional-plus-2021-pc-microsoft-key-global\\\/\",\"name\":\"Microsoft Office Professional Plus 2021 (PC) - Microsoft Key - GLOBAL - Rame Digital\",\"isPartOf\":{\"@id\":\"https:\\\/\\\/www.ramedigitalstore.com\\\/#website\"},\"primaryImageOfPage\":{\"@id\":\"https:\\\/\\\/www.ramedigitalstore.com\\\/prodotto\\\/microsoft-office-professional-plus-2021-pc-microsoft-key-global\\\/#primaryimage\"},\"image\":{\"@id\":\"https:\\\/\\\/www.ramedigitalstore.com\\\/prodotto\\\/microsoft-office-professional-plus-2021-pc-microsoft-key-global\\\/#primaryimage\"},\"thumbnailUrl\":\"https:\\\/\\\/www.ramedigitalstore.com\\\/wp-content\\\/uploads\\\/2022\\\/05\\\/Software_Box_Mockup_officie-bianco.jpg\",\"datePublished\":\"2022-05-17T13:51:25+00:00\",\"dateModified\":\"2023-10-29T20:24:40+00:00\",\"breadcrumb\":{\"@id\":\"https:\\\/\\\/www.ramedigitalstore.com\\\/prodotto\\\/microsoft-office-professional-plus-2021-pc-microsoft-key-global\\\/#breadcrumb\"},\"inLanguage\":\"pt-BR\",\"potentialAction\":[{\"@type\":\"ReadAction\",\"target\":[\"https:\\\/\\\/www.ramedigitalstore.com\\\/prodotto\\\/microsoft-office-professional-plus-2021-pc-microsoft-key-global\\\/\"]}]},{\"@type\":\"ImageObject\",\"inLanguage\":\"pt-BR\",\"@id\":\"https:\\\/\\\/www.ramedigitalstore.com\\\/prodotto\\\/microsoft-office-professional-plus-2021-pc-microsoft-key-global\\\/#primaryimage\",\"url\":\"https:\\\/\\\/www.ramedigitalstore.com\\\/wp-content\\\/uploads\\\/2022\\\/05\\\/Software_Box_Mockup_officie-bianco.jpg\",\"contentUrl\":\"https:\\\/\\\/www.ramedigitalstore.com\\\/wp-content\\\/uploads\\\/2022\\\/05\\\/Software_Box_Mockup_officie-bianco.jpg\",\"width\":1750,\"height\":1750},{\"@type\":\"BreadcrumbList\",\"@id\":\"https:\\\/\\\/www.ramedigitalstore.com\\\/prodotto\\\/microsoft-office-professional-plus-2021-pc-microsoft-key-global\\\/#breadcrumb\",\"itemListElement\":[{\"@type\":\"ListItem\",\"position\":1,\"name\":\"Home\",\"item\":\"https:\\\/\\\/www.ramedigitalstore.com\\\/\"},{\"@type\":\"ListItem\",\"position\":2,\"name\":\"Shop\",\"item\":\"https:\\\/\\\/www.ramedigitalstore.com\\\/shop\\\/\"},{\"@type\":\"ListItem\",\"position\":3,\"name\":\"Microsoft Office Professional Plus 2021 (PC) &#8211; Microsoft Key &#8211; GLOBAL\"}]},{\"@type\":\"WebSite\",\"@id\":\"https:\\\/\\\/www.ramedigitalstore.com\\\/#website\",\"url\":\"https:\\\/\\\/www.ramedigitalstore.com\\\/\",\"name\":\"Rame Digital\",\"description\":\"Digital store par excellence\",\"publisher\":{\"@id\":\"https:\\\/\\\/www.ramedigitalstore.com\\\/#organization\"},\"potentialAction\":[{\"@type\":\"SearchAction\",\"target\":{\"@type\":\"EntryPoint\",\"urlTemplate\":\"https:\\\/\\\/www.ramedigitalstore.com\\\/?s={search_term_string}\"},\"query-input\":{\"@type\":\"PropertyValueSpecification\",\"valueRequired\":true,\"valueName\":\"search_term_string\"}}],\"inLanguage\":\"pt-BR\"},{\"@type\":\"Organization\",\"@id\":\"https:\\\/\\\/www.ramedigitalstore.com\\\/#organization\",\"name\":\"Rame Digital\",\"url\":\"https:\\\/\\\/www.ramedigitalstore.com\\\/\",\"logo\":{\"@type\":\"ImageObject\",\"inLanguage\":\"pt-BR\",\"@id\":\"https:\\\/\\\/www.ramedigitalstore.com\\\/#\\\/schema\\\/logo\\\/image\\\/\",\"url\":\"https:\\\/\\\/www.ramedigitalstore.com\\\/wp-content\\\/uploads\\\/2021\\\/04\\\/Logo-new-quadrato-1-e1619205976915.png\",\"contentUrl\":\"https:\\\/\\\/www.ramedigitalstore.com\\\/wp-content\\\/uploads\\\/2021\\\/04\\\/Logo-new-quadrato-1-e1619205976915.png\",\"width\":256,\"height\":256,\"caption\":\"Rame Digital\"},\"image\":{\"@id\":\"https:\\\/\\\/www.ramedigitalstore.com\\\/#\\\/schema\\\/logo\\\/image\\\/\"},\"sameAs\":[\"https:\\\/\\\/www.facebook.com\\\/RameDigitalOfficial\",\"https:\\\/\\\/www.instagram.com\\\/rame_digital_official\\\/\"]}]}<\/script>\n<!-- \/ Yoast SEO Premium plugin. -->","yoast_head_json":{"title":"Microsoft Office Professional Plus 2021 (PC) - Microsoft Key - GLOBAL - Rame Digital","robots":{"index":"index","follow":"follow","max-snippet":"max-snippet:-1","max-image-preview":"max-image-preview:large","max-video-preview":"max-video-preview:-1"},"canonical":"https:\/\/www.ramedigitalstore.com\/pt\/prodotto\/microsoft-office-professional-plus-2021-pc-microsoft-key-global\/","og_locale":"pt_BR","og_type":"article","og_title":"Microsoft Office Professional Plus 2021 (PC) - Microsoft Key - GLOBAL","og_description":"Don't miss this offer! It won't be around forever!  Microsoft Office Professional Plus 2021!  \u2713 CD-KEY \u27138 App. : Access, Excel, OneNote, Outlook, PowerPoint, Publisher, Word e Skype for Business \u2713 Dedicated support \u2713 Delivery by email in up to 6 hours","og_url":"https:\/\/www.ramedigitalstore.com\/pt\/prodotto\/microsoft-office-professional-plus-2021-pc-microsoft-key-global\/","og_site_name":"Rame Digital","article_publisher":"https:\/\/www.facebook.com\/RameDigitalOfficial","article_modified_time":"2023-10-29T20:24:40+00:00","og_image":[{"width":1750,"height":1750,"url":"https:\/\/www.ramedigitalstore.com\/wp-content\/uploads\/2022\/05\/Software_Box_Mockup_officie-bianco.jpg","type":"image\/jpeg"}],"twitter_card":"summary_large_image","twitter_misc":{"Est. tempo de leitura":"3 minutos"},"schema":{"@context":"https:\/\/schema.org","@graph":[{"@type":"WebPage","@id":"https:\/\/www.ramedigitalstore.com\/prodotto\/microsoft-office-professional-plus-2021-pc-microsoft-key-global\/","url":"https:\/\/www.ramedigitalstore.com\/prodotto\/microsoft-office-professional-plus-2021-pc-microsoft-key-global\/","name":"Microsoft Office Professional Plus 2021 (PC) - Microsoft Key - GLOBAL - Rame Digital","isPartOf":{"@id":"https:\/\/www.ramedigitalstore.com\/#website"},"primaryImageOfPage":{"@id":"https:\/\/www.ramedigitalstore.com\/prodotto\/microsoft-office-professional-plus-2021-pc-microsoft-key-global\/#primaryimage"},"image":{"@id":"https:\/\/www.ramedigitalstore.com\/prodotto\/microsoft-office-professional-plus-2021-pc-microsoft-key-global\/#primaryimage"},"thumbnailUrl":"https:\/\/www.ramedigitalstore.com\/wp-content\/uploads\/2022\/05\/Software_Box_Mockup_officie-bianco.jpg","datePublished":"2022-05-17T13:51:25+00:00","dateModified":"2023-10-29T20:24:40+00:00","breadcrumb":{"@id":"https:\/\/www.ramedigitalstore.com\/prodotto\/microsoft-office-professional-plus-2021-pc-microsoft-key-global\/#breadcrumb"},"inLanguage":"pt-BR","potentialAction":[{"@type":"ReadAction","target":["https:\/\/www.ramedigitalstore.com\/prodotto\/microsoft-office-professional-plus-2021-pc-microsoft-key-global\/"]}]},{"@type":"ImageObject","inLanguage":"pt-BR","@id":"https:\/\/www.ramedigitalstore.com\/prodotto\/microsoft-office-professional-plus-2021-pc-microsoft-key-global\/#primaryimage","url":"https:\/\/www.ramedigitalstore.com\/wp-content\/uploads\/2022\/05\/Software_Box_Mockup_officie-bianco.jpg","contentUrl":"https:\/\/www.ramedigitalstore.com\/wp-content\/uploads\/2022\/05\/Software_Box_Mockup_officie-bianco.jpg","width":1750,"height":1750},{"@type":"BreadcrumbList","@id":"https:\/\/www.ramedigitalstore.com\/prodotto\/microsoft-office-professional-plus-2021-pc-microsoft-key-global\/#breadcrumb","itemListElement":[{"@type":"ListItem","position":1,"name":"Home","item":"https:\/\/www.ramedigitalstore.com\/"},{"@type":"ListItem","position":2,"name":"Shop","item":"https:\/\/www.ramedigitalstore.com\/shop\/"},{"@type":"ListItem","position":3,"name":"Microsoft Office Professional Plus 2021 (PC) &#8211; Microsoft Key &#8211; GLOBAL"}]},{"@type":"WebSite","@id":"https:\/\/www.ramedigitalstore.com\/#website","url":"https:\/\/www.ramedigitalstore.com\/","name":"Rame Digital","description":"Loja digital por excel\u00eancia","publisher":{"@id":"https:\/\/www.ramedigitalstore.com\/#organization"},"potentialAction":[{"@type":"SearchAction","target":{"@type":"EntryPoint","urlTemplate":"https:\/\/www.ramedigitalstore.com\/?s={search_term_string}"},"query-input":{"@type":"PropertyValueSpecification","valueRequired":true,"valueName":"search_term_string"}}],"inLanguage":"pt-BR"},{"@type":"Organization","@id":"https:\/\/www.ramedigitalstore.com\/#organization","name":"Rame Digital","url":"https:\/\/www.ramedigitalstore.com\/","logo":{"@type":"ImageObject","inLanguage":"pt-BR","@id":"https:\/\/www.ramedigitalstore.com\/#\/schema\/logo\/image\/","url":"https:\/\/www.ramedigitalstore.com\/wp-content\/uploads\/2021\/04\/Logo-new-quadrato-1-e1619205976915.png","contentUrl":"https:\/\/www.ramedigitalstore.com\/wp-content\/uploads\/2021\/04\/Logo-new-quadrato-1-e1619205976915.png","width":256,"height":256,"caption":"Rame Digital"},"image":{"@id":"https:\/\/www.ramedigitalstore.com\/#\/schema\/logo\/image\/"},"sameAs":["https:\/\/www.facebook.com\/RameDigitalOfficial","https:\/\/www.instagram.com\/rame_digital_official\/"]}]}},"jetpack_sharing_enabled":true,"_links":{"self":[{"href":"https:\/\/www.ramedigitalstore.com\/pt\/wp-json\/wp\/v2\/product\/3489","targetHints":{"allow":["GET"]}}],"collection":[{"href":"https:\/\/www.ramedigitalstore.com\/pt\/wp-json\/wp\/v2\/product"}],"about":[{"href":"https:\/\/www.ramedigitalstore.com\/pt\/wp-json\/wp\/v2\/types\/product"}],"version-history":[{"count":1,"href":"https:\/\/www.ramedigitalstore.com\/pt\/wp-json\/wp\/v2\/product\/3489\/revisions"}],"predecessor-version":[{"id":5024,"href":"https:\/\/www.ramedigitalstore.com\/pt\/wp-json\/wp\/v2\/product\/3489\/revisions\/5024"}],"wp:featuredmedia":[{"embeddable":true,"href":"https:\/\/www.ramedigitalstore.com\/pt\/wp-json\/wp\/v2\/media\/3491"}],"wp:attachment":[{"href":"https:\/\/www.ramedigitalstore.com\/pt\/wp-json\/wp\/v2\/media?parent=3489"}],"wp:term":[{"taxonomy":"product_brand","embeddable":true,"href":"https:\/\/www.ramedigitalstore.com\/pt\/wp-json\/wp\/v2\/product_brand?post=3489"},{"taxonomy":"product_cat","embeddable":true,"href":"https:\/\/www.ramedigitalstore.com\/pt\/wp-json\/wp\/v2\/product_cat?post=3489"},{"taxonomy":"product_tag","embeddable":true,"href":"https:\/\/www.ramedigitalstore.com\/pt\/wp-json\/wp\/v2\/product_tag?post=3489"}],"curies":[{"name":"wp","href":"https:\/\/api.w.org\/{rel}","templated":true}]}}