{"id":5197,"date":"2023-12-26T03:06:11","date_gmt":"2023-12-26T03:06:11","guid":{"rendered":"https:\/\/www.ramedigitalstore.com\/?post_type=product&#038;p=5197"},"modified":"2024-05-15T20:53:38","modified_gmt":"2024-05-15T20:53:38","slug":"spotify-6-months","status":"publish","type":"product","link":"https:\/\/www.ramedigitalstore.com\/pt\/prodotto\/spotify-6-meses\/","title":{"rendered":"Spotify 6 meses"},"content":{"rendered":"<h1>Obtenha o Spotify Individual por 6 meses por um \u00f3timo pre\u00e7o!<\/h1>\n<p>Voc\u00ea gosta de ouvir m\u00fasica sem an\u00fancios, off-line e sob demanda? Quer aproveitar os recursos do Spotify Premium sem pagar o pre\u00e7o total? Ent\u00e3o voc\u00ea deve dar uma olhada em nossa oferta!<\/p>\n<h2>Economize dinheiro e evite problemas<\/h2>\n<p>Com o nosso servi\u00e7o, voc\u00ea pode obter a assinatura individual do Spotify por 12 meses por uma fra\u00e7\u00e3o do custo. Voc\u00ea pagar\u00e1 apenas uma vez e esquecer\u00e1 as taxas mensais. Voc\u00ea tamb\u00e9m evitar\u00e1 o inc\u00f4modo de criar uma nova conta ou alterar seu m\u00e9todo de pagamento toda vez que quiser renovar sua assinatura.<\/p>\n<h2>Aproveite todos os benef\u00edcios do Spotify Premium<\/h2>\n<p>Ao escolher nosso servi\u00e7o, voc\u00ea ter\u00e1 acesso a todos os benef\u00edcios do Spotify Premium, como:<\/p>\n<ul>\n<li>Mais de 80 milh\u00f5es de m\u00fasicas para streaming ou download<\/li>\n<li>Podcasts e audiolivros para ouvir<\/li>\n<li>\u00c1udio de alta qualidade<\/li>\n<li>Pulos e replays ilimitados<\/li>\n<li>Sem an\u00fancios ou interrup\u00e7\u00f5es<\/li>\n<\/ul>\n<h2>Personalize seu perfil<\/h2>\n<p>Depois de fazer seu pedido, entraremos em contato com voc\u00ea via WhatsApp dentro de 2 horas para concluir o procedimento e entregar o servi\u00e7o adquirido a voc\u00ea. Voc\u00ea poder\u00e1 decidir se prefere um novo perfil criado especialmente para voc\u00ea, ou se deseja criar um voc\u00ea mesmo ou compartilhar temporariamente seu perfil conosco para que possamos ativar sua assinatura. Voc\u00ea receber\u00e1 seu pedido em at\u00e9 6 horas ap\u00f3s nos responder. Voc\u00ea ver\u00e1 que seu perfil pessoal ter\u00e1 novamente privil\u00e9gios premium (Individual).<\/p>\n<p>Para obter mais informa\u00e7\u00f5es, entre em contato conosco pelo e-mail info@ramedigitalstore.com<\/p>","protected":false},"excerpt":{"rendered":"<h5 style=\"text-align: center;\"><span style=\"color: #ff0000;\"><em><span style=\"vertical-align: inherit;\">N\u00e3o perca esta oferta! N\u00e3o estar\u00e1 por perto para sempre!<\/span><\/em><\/span><\/h5>\n<div class=\"hd-listinghead\" style=\"font-size: 19pt; font-family: Arial; text-align: center;\"><strong><span style=\"color: #8f00ff;\"><span style=\"vertical-align: inherit;\">Renove sua assinatura hoje mesmo!<\/span><\/span><\/strong><\/div>\n<div><\/div>\n<p>&nbsp;<\/p>\n<p style=\"text-align: center;\"><strong>\u2713 Seguran\u00e7a m\u00e1xima<span style=\"vertical-align: inherit;\"> !<\/span><\/strong><br \/>\n<strong>\u2713 <\/strong> Assist\u00eancia via Whatsapp<br \/>\n<span style=\"vertical-align: inherit;\"> <strong>\u2713 <\/strong>Entrega em at\u00e9 6 horas<\/span><br \/>\n<span style=\"vertical-align: inherit;\"><strong>\u2713 <\/strong><\/span>Entrega por e-mail em at\u00e9 6 horas<br \/>\n<span style=\"vertical-align: inherit;\"><strong>\u2713 <\/strong><\/span>Voc\u00ea tamb\u00e9m pode ativ\u00e1-lo em sua pr\u00f3pria conta<br \/>\n<span style=\"vertical-align: inherit;\"><strong>S\u00f3 pode ser ativado com uma assinatura expirada ou nunca ativada.<\/strong><\/span><\/p>\n<p>&nbsp;<\/p>\n<p><img decoding=\"async\" class=\"aligncenter wp-image-2400\" src=\"https:\/\/www.ramedigitalstore.com\/wp-content\/uploads\/2022\/03\/trustpilot-stars-1024x140.png\" alt=\"\" width=\"600\" height=\"82\" srcset=\"https:\/\/www.ramedigitalstore.com\/wp-content\/uploads\/2022\/03\/trustpilot-stars-1024x140.png 1024w, https:\/\/www.ramedigitalstore.com\/wp-content\/uploads\/2022\/03\/trustpilot-stars-500x68.png 500w, https:\/\/www.ramedigitalstore.com\/wp-content\/uploads\/2022\/03\/trustpilot-stars-700x96.png 700w, https:\/\/www.ramedigitalstore.com\/wp-content\/uploads\/2022\/03\/trustpilot-stars-300x41.png 300w, https:\/\/www.ramedigitalstore.com\/wp-content\/uploads\/2022\/03\/trustpilot-stars-768x105.png 768w, https:\/\/www.ramedigitalstore.com\/wp-content\/uploads\/2022\/03\/trustpilot-stars-1536x210.png 1536w, https:\/\/www.ramedigitalstore.com\/wp-content\/uploads\/2022\/03\/trustpilot-stars-260x35.png 260w, https:\/\/www.ramedigitalstore.com\/wp-content\/uploads\/2022\/03\/trustpilot-stars-50x7.png 50w, https:\/\/www.ramedigitalstore.com\/wp-content\/uploads\/2022\/03\/trustpilot-stars-150x20.png 150w, https:\/\/www.ramedigitalstore.com\/wp-content\/uploads\/2022\/03\/trustpilot-stars-1320x180.png 1320w, https:\/\/www.ramedigitalstore.com\/wp-content\/uploads\/2022\/03\/trustpilot-stars-800x109.png 800w, https:\/\/www.ramedigitalstore.com\/wp-content\/uploads\/2022\/03\/trustpilot-stars.png 2000w\" sizes=\"(max-width: 600px) 100vw, 600px\" \/><\/p>\n<p><img fetchpriority=\"high\" decoding=\"async\" class=\"wp-image-2401 size-full aligncenter\" src=\"https:\/\/www.ramedigitalstore.com\/wp-content\/uploads\/2022\/03\/payment2.jpg\" alt=\"\" width=\"1020\" height=\"267\" srcset=\"https:\/\/www.ramedigitalstore.com\/wp-content\/uploads\/2022\/03\/payment2.jpg 1020w, https:\/\/www.ramedigitalstore.com\/wp-content\/uploads\/2022\/03\/payment2-500x131.jpg 500w, https:\/\/www.ramedigitalstore.com\/wp-content\/uploads\/2022\/03\/payment2-700x183.jpg 700w, https:\/\/www.ramedigitalstore.com\/wp-content\/uploads\/2022\/03\/payment2-300x79.jpg 300w, https:\/\/www.ramedigitalstore.com\/wp-content\/uploads\/2022\/03\/payment2-768x201.jpg 768w, https:\/\/www.ramedigitalstore.com\/wp-content\/uploads\/2022\/03\/payment2-260x68.jpg 260w, https:\/\/www.ramedigitalstore.com\/wp-content\/uploads\/2022\/03\/payment2-50x13.jpg 50w, https:\/\/www.ramedigitalstore.com\/wp-content\/uploads\/2022\/03\/payment2-150x39.jpg 150w, https:\/\/www.ramedigitalstore.com\/wp-content\/uploads\/2022\/03\/payment2-800x209.jpg 800w\" sizes=\"(max-width: 1020px) 100vw, 1020px\" \/><\/p>","protected":false},"featured_media":5209,"template":"","meta":[],"product_brand":[],"product_cat":[320,34],"product_tag":[],"class_list":{"0":"post-5197","1":"product","2":"type-product","3":"status-publish","4":"has-post-thumbnail","6":"product_cat-spotify","7":"product_cat-uncategorized","9":"first","10":"instock","11":"sale","12":"virtual","13":"purchasable","14":"product-type-simple"},"yoast_head":"<!-- This site is optimized with the Yoast SEO Premium plugin v21.9 (Yoast SEO v27.5) - https:\/\/yoast.com\/product\/yoast-seo-premium-wordpress\/ -->\n<title>Spotify 6 Months - Rame Digital<\/title>\n<meta name=\"description\" content=\"Listen to spotify with 100% volume with 39% discount only at Rame Digital.\" \/>\n<meta name=\"robots\" content=\"index, follow, max-snippet:-1, max-image-preview:large, max-video-preview:-1\" \/>\n<link rel=\"canonical\" href=\"https:\/\/www.ramedigitalstore.com\/pt\/prodotto\/spotify-6-meses\/\" \/>\n<meta property=\"og:locale\" content=\"pt_BR\" \/>\n<meta property=\"og:type\" content=\"article\" \/>\n<meta property=\"og:title\" content=\"Spotify 6 Months\" \/>\n<meta property=\"og:description\" content=\"Listen to spotify with 100% volume with 39% discount only at Rame Digital.\" \/>\n<meta property=\"og:url\" content=\"https:\/\/www.ramedigitalstore.com\/pt\/prodotto\/spotify-6-meses\/\" \/>\n<meta property=\"og:site_name\" content=\"Rame Digital\" \/>\n<meta property=\"article:publisher\" content=\"https:\/\/www.facebook.com\/RameDigitalOfficial\" \/>\n<meta property=\"article:modified_time\" content=\"2024-05-15T20:53:38+00:00\" \/>\n<meta property=\"og:image\" content=\"https:\/\/www.ramedigitalstore.com\/wp-content\/uploads\/2023\/12\/Spotify-Giff-Card-6-mesi.jpg\" \/>\n\t<meta property=\"og:image:width\" content=\"720\" \/>\n\t<meta property=\"og:image:height\" content=\"720\" \/>\n\t<meta property=\"og:image:type\" content=\"image\/jpeg\" \/>\n<meta name=\"twitter:card\" content=\"summary_large_image\" \/>\n<meta name=\"twitter:label1\" content=\"Est. tempo de leitura\" \/>\n\t<meta name=\"twitter:data1\" content=\"2 minutos\" \/>\n<script type=\"application\/ld+json\" class=\"yoast-schema-graph\">{\"@context\":\"https:\\\/\\\/schema.org\",\"@graph\":[{\"@type\":\"WebPage\",\"@id\":\"https:\\\/\\\/www.ramedigitalstore.com\\\/prodotto\\\/spotify-6-months\\\/\",\"url\":\"https:\\\/\\\/www.ramedigitalstore.com\\\/prodotto\\\/spotify-6-months\\\/\",\"name\":\"Spotify 6 Months - Rame Digital\",\"isPartOf\":{\"@id\":\"https:\\\/\\\/www.ramedigitalstore.com\\\/#website\"},\"primaryImageOfPage\":{\"@id\":\"https:\\\/\\\/www.ramedigitalstore.com\\\/prodotto\\\/spotify-6-months\\\/#primaryimage\"},\"image\":{\"@id\":\"https:\\\/\\\/www.ramedigitalstore.com\\\/prodotto\\\/spotify-6-months\\\/#primaryimage\"},\"thumbnailUrl\":\"https:\\\/\\\/www.ramedigitalstore.com\\\/wp-content\\\/uploads\\\/2023\\\/12\\\/Spotify-Giff-Card-6-mesi.jpg\",\"datePublished\":\"2023-12-26T03:06:11+00:00\",\"dateModified\":\"2024-05-15T20:53:38+00:00\",\"description\":\"Listen to spotify with 100% volume with 39% discount only at Rame Digital.\",\"breadcrumb\":{\"@id\":\"https:\\\/\\\/www.ramedigitalstore.com\\\/prodotto\\\/spotify-6-months\\\/#breadcrumb\"},\"inLanguage\":\"pt-BR\",\"potentialAction\":[{\"@type\":\"ReadAction\",\"target\":[\"https:\\\/\\\/www.ramedigitalstore.com\\\/prodotto\\\/spotify-6-months\\\/\"]}]},{\"@type\":\"ImageObject\",\"inLanguage\":\"pt-BR\",\"@id\":\"https:\\\/\\\/www.ramedigitalstore.com\\\/prodotto\\\/spotify-6-months\\\/#primaryimage\",\"url\":\"https:\\\/\\\/www.ramedigitalstore.com\\\/wp-content\\\/uploads\\\/2023\\\/12\\\/Spotify-Giff-Card-6-mesi.jpg\",\"contentUrl\":\"https:\\\/\\\/www.ramedigitalstore.com\\\/wp-content\\\/uploads\\\/2023\\\/12\\\/Spotify-Giff-Card-6-mesi.jpg\",\"width\":720,\"height\":720},{\"@type\":\"BreadcrumbList\",\"@id\":\"https:\\\/\\\/www.ramedigitalstore.com\\\/prodotto\\\/spotify-6-months\\\/#breadcrumb\",\"itemListElement\":[{\"@type\":\"ListItem\",\"position\":1,\"name\":\"Home\",\"item\":\"https:\\\/\\\/www.ramedigitalstore.com\\\/\"},{\"@type\":\"ListItem\",\"position\":2,\"name\":\"Shop\",\"item\":\"https:\\\/\\\/www.ramedigitalstore.com\\\/shop\\\/\"},{\"@type\":\"ListItem\",\"position\":3,\"name\":\"Spotify 6 Months\"}]},{\"@type\":\"WebSite\",\"@id\":\"https:\\\/\\\/www.ramedigitalstore.com\\\/#website\",\"url\":\"https:\\\/\\\/www.ramedigitalstore.com\\\/\",\"name\":\"Rame Digital\",\"description\":\"Digital store par excellence\",\"publisher\":{\"@id\":\"https:\\\/\\\/www.ramedigitalstore.com\\\/#organization\"},\"potentialAction\":[{\"@type\":\"SearchAction\",\"target\":{\"@type\":\"EntryPoint\",\"urlTemplate\":\"https:\\\/\\\/www.ramedigitalstore.com\\\/?s={search_term_string}\"},\"query-input\":{\"@type\":\"PropertyValueSpecification\",\"valueRequired\":true,\"valueName\":\"search_term_string\"}}],\"inLanguage\":\"pt-BR\"},{\"@type\":\"Organization\",\"@id\":\"https:\\\/\\\/www.ramedigitalstore.com\\\/#organization\",\"name\":\"Rame Digital\",\"url\":\"https:\\\/\\\/www.ramedigitalstore.com\\\/\",\"logo\":{\"@type\":\"ImageObject\",\"inLanguage\":\"pt-BR\",\"@id\":\"https:\\\/\\\/www.ramedigitalstore.com\\\/#\\\/schema\\\/logo\\\/image\\\/\",\"url\":\"https:\\\/\\\/www.ramedigitalstore.com\\\/wp-content\\\/uploads\\\/2021\\\/04\\\/Logo-new-quadrato-1-e1619205976915.png\",\"contentUrl\":\"https:\\\/\\\/www.ramedigitalstore.com\\\/wp-content\\\/uploads\\\/2021\\\/04\\\/Logo-new-quadrato-1-e1619205976915.png\",\"width\":256,\"height\":256,\"caption\":\"Rame Digital\"},\"image\":{\"@id\":\"https:\\\/\\\/www.ramedigitalstore.com\\\/#\\\/schema\\\/logo\\\/image\\\/\"},\"sameAs\":[\"https:\\\/\\\/www.facebook.com\\\/RameDigitalOfficial\",\"https:\\\/\\\/www.instagram.com\\\/rame_digital_official\\\/\"]}]}<\/script>\n<!-- \/ Yoast SEO Premium plugin. -->","yoast_head_json":{"title":"Spotify 6 Meses - Rame Digital","description":"Ou\u00e7a o spotify com 100% de volume com 39% de desconto somente na Rame Digital.","robots":{"index":"index","follow":"follow","max-snippet":"max-snippet:-1","max-image-preview":"max-image-preview:large","max-video-preview":"max-video-preview:-1"},"canonical":"https:\/\/www.ramedigitalstore.com\/pt\/prodotto\/spotify-6-meses\/","og_locale":"pt_BR","og_type":"article","og_title":"Spotify 6 Months","og_description":"Listen to spotify with 100% volume with 39% discount only at Rame Digital.","og_url":"https:\/\/www.ramedigitalstore.com\/pt\/prodotto\/spotify-6-meses\/","og_site_name":"Rame Digital","article_publisher":"https:\/\/www.facebook.com\/RameDigitalOfficial","article_modified_time":"2024-05-15T20:53:38+00:00","og_image":[{"width":720,"height":720,"url":"https:\/\/www.ramedigitalstore.com\/wp-content\/uploads\/2023\/12\/Spotify-Giff-Card-6-mesi.jpg","type":"image\/jpeg"}],"twitter_card":"summary_large_image","twitter_misc":{"Est. tempo de leitura":"2 minutos"},"schema":{"@context":"https:\/\/schema.org","@graph":[{"@type":"WebPage","@id":"https:\/\/www.ramedigitalstore.com\/prodotto\/spotify-6-months\/","url":"https:\/\/www.ramedigitalstore.com\/prodotto\/spotify-6-months\/","name":"Spotify 6 Meses - Rame Digital","isPartOf":{"@id":"https:\/\/www.ramedigitalstore.com\/#website"},"primaryImageOfPage":{"@id":"https:\/\/www.ramedigitalstore.com\/prodotto\/spotify-6-months\/#primaryimage"},"image":{"@id":"https:\/\/www.ramedigitalstore.com\/prodotto\/spotify-6-months\/#primaryimage"},"thumbnailUrl":"https:\/\/www.ramedigitalstore.com\/wp-content\/uploads\/2023\/12\/Spotify-Giff-Card-6-mesi.jpg","datePublished":"2023-12-26T03:06:11+00:00","dateModified":"2024-05-15T20:53:38+00:00","description":"Ou\u00e7a o spotify com 100% de volume com 39% de desconto somente na Rame Digital.","breadcrumb":{"@id":"https:\/\/www.ramedigitalstore.com\/prodotto\/spotify-6-months\/#breadcrumb"},"inLanguage":"pt-BR","potentialAction":[{"@type":"ReadAction","target":["https:\/\/www.ramedigitalstore.com\/prodotto\/spotify-6-months\/"]}]},{"@type":"ImageObject","inLanguage":"pt-BR","@id":"https:\/\/www.ramedigitalstore.com\/prodotto\/spotify-6-months\/#primaryimage","url":"https:\/\/www.ramedigitalstore.com\/wp-content\/uploads\/2023\/12\/Spotify-Giff-Card-6-mesi.jpg","contentUrl":"https:\/\/www.ramedigitalstore.com\/wp-content\/uploads\/2023\/12\/Spotify-Giff-Card-6-mesi.jpg","width":720,"height":720},{"@type":"BreadcrumbList","@id":"https:\/\/www.ramedigitalstore.com\/prodotto\/spotify-6-months\/#breadcrumb","itemListElement":[{"@type":"ListItem","position":1,"name":"Home","item":"https:\/\/www.ramedigitalstore.com\/"},{"@type":"ListItem","position":2,"name":"Shop","item":"https:\/\/www.ramedigitalstore.com\/shop\/"},{"@type":"ListItem","position":3,"name":"Spotify 6 Months"}]},{"@type":"WebSite","@id":"https:\/\/www.ramedigitalstore.com\/#website","url":"https:\/\/www.ramedigitalstore.com\/","name":"Rame Digital","description":"Loja digital por excel\u00eancia","publisher":{"@id":"https:\/\/www.ramedigitalstore.com\/#organization"},"potentialAction":[{"@type":"SearchAction","target":{"@type":"EntryPoint","urlTemplate":"https:\/\/www.ramedigitalstore.com\/?s={search_term_string}"},"query-input":{"@type":"PropertyValueSpecification","valueRequired":true,"valueName":"search_term_string"}}],"inLanguage":"pt-BR"},{"@type":"Organization","@id":"https:\/\/www.ramedigitalstore.com\/#organization","name":"Rame Digital","url":"https:\/\/www.ramedigitalstore.com\/","logo":{"@type":"ImageObject","inLanguage":"pt-BR","@id":"https:\/\/www.ramedigitalstore.com\/#\/schema\/logo\/image\/","url":"https:\/\/www.ramedigitalstore.com\/wp-content\/uploads\/2021\/04\/Logo-new-quadrato-1-e1619205976915.png","contentUrl":"https:\/\/www.ramedigitalstore.com\/wp-content\/uploads\/2021\/04\/Logo-new-quadrato-1-e1619205976915.png","width":256,"height":256,"caption":"Rame Digital"},"image":{"@id":"https:\/\/www.ramedigitalstore.com\/#\/schema\/logo\/image\/"},"sameAs":["https:\/\/www.facebook.com\/RameDigitalOfficial","https:\/\/www.instagram.com\/rame_digital_official\/"]}]}},"jetpack_sharing_enabled":true,"_links":{"self":[{"href":"https:\/\/www.ramedigitalstore.com\/pt\/wp-json\/wp\/v2\/product\/5197","targetHints":{"allow":["GET"]}}],"collection":[{"href":"https:\/\/www.ramedigitalstore.com\/pt\/wp-json\/wp\/v2\/product"}],"about":[{"href":"https:\/\/www.ramedigitalstore.com\/pt\/wp-json\/wp\/v2\/types\/product"}],"version-history":[{"count":1,"href":"https:\/\/www.ramedigitalstore.com\/pt\/wp-json\/wp\/v2\/product\/5197\/revisions"}],"predecessor-version":[{"id":5198,"href":"https:\/\/www.ramedigitalstore.com\/pt\/wp-json\/wp\/v2\/product\/5197\/revisions\/5198"}],"wp:featuredmedia":[{"embeddable":true,"href":"https:\/\/www.ramedigitalstore.com\/pt\/wp-json\/wp\/v2\/media\/5209"}],"wp:attachment":[{"href":"https:\/\/www.ramedigitalstore.com\/pt\/wp-json\/wp\/v2\/media?parent=5197"}],"wp:term":[{"taxonomy":"product_brand","embeddable":true,"href":"https:\/\/www.ramedigitalstore.com\/pt\/wp-json\/wp\/v2\/product_brand?post=5197"},{"taxonomy":"product_cat","embeddable":true,"href":"https:\/\/www.ramedigitalstore.com\/pt\/wp-json\/wp\/v2\/product_cat?post=5197"},{"taxonomy":"product_tag","embeddable":true,"href":"https:\/\/www.ramedigitalstore.com\/pt\/wp-json\/wp\/v2\/product_tag?post=5197"}],"curies":[{"name":"wp","href":"https:\/\/api.w.org\/{rel}","templated":true}]}}